{"id":5310,"date":"2022-02-21T18:38:01","date_gmt":"2022-02-21T18:38:01","guid":{"rendered":"https:\/\/medicinasinc.com\/nl\/?post_type=product&#038;p=5310"},"modified":"2022-07-05T02:46:43","modified_gmt":"2022-07-05T02:46:43","slug":"koop-roxicodon-30-mg","status":"publish","type":"product","link":"https:\/\/medicinasinc.com\/nl\/product\/koop-roxicodon-30-mg\/","title":{"rendered":"Roxicodon 30 mg kopen"},"content":{"rendered":"<p>Online aankoop van Roxicodon 30 mg pillen<\/p>\n<p>ROXICODONE (oxycodon HCl) tabletten zijn bedoeld voor de behandeling van matige tot ernstige pijn die een opio\u00efde analgeticum vereist en waarvoor niet-opio\u00efde alternatieven niet effectief zijn.<\/p>\n<p>Gebruiksbeperkingen<\/p>\n<p>Vanwege de gevaren van verslaving aan opio\u00efden, misbruik en verkeerd gebruik, zelfs bij goedgekeurde doses, reserveer ROXICODONE voor pati\u00ebnten die niet reageren op alternatieve behandelingskeuzes (bijv. niet-opio\u00efde analgetica of opio\u00efde combinatieproducten):<\/p>\n<p>Worden niet verdragen en zullen waarschijnlijk niet worden toegestaan<br \/> Hebben geen geschikte analgesie toegediend of zullen waarschijnlijk geen adequate analgesie toedienen<\/p>\n<p>Dit materiaal is alleen bedoeld voor beroepsbeoefenaren in de gezondheidszorg in de Verenigde Staten van Amerika.<br \/> Volledige receptinformatie voor de Verenigde Staten, inclusief een waarschuwing in een kader.<\/p>\n<p>Gids voor medicatie<\/p>\n<div class=\"product -next-previous\">\n<div class=\"product-prev\">\n<div class=\"contra-indicatie\">\n<div class=\"contraindica tion\">\n<div class=\"contra-indicatie\">\n<div class=\"contra-indicatie\">\n<div class=\"contra-indicatie\">\n<div class=\"contra-indicatie\">\n<div class=\"contra-indicatie\">\n<h2><b>BELANGRIJK VEILIGHEIDSINFORMATIE<\/b><\/h2>\n<div class=\"scroll-wrapper scrolling-table scrollbar-chrome\">\n<div class=\"scrolling-table scrollbar-chrome scroll-content\">\n<table border=\"1\">\n<tbody>\n<tr>\n<td valign=\"top\" width=\"623\">\n<ul>\n<li>WAARSCHUWING: VERSLAVING, MISBRUIK EN MISBRUIK; RISICOBEOORDELING EN MITIGATIESTRATEGIE (REMS); LEVENSBEDREIGENDE ADEMHALINGSDEPRESSIE; ONBEDOELDE INSLIKKEN; NEONATAAL OPIODE-ONTKKINGSSYNDROOM; INTERACTIE MET CYTOCHROOM P450 3A4; en RISICO&#8217;S VAN GELIJKTIJDIG GEBRUIK MET BEN Drugsmisbruik, -misbruik en -misbruik ROXICODONE stelt pati\u00ebnten en andere gebruikers bloot aan de gevaren van verslaving, misbruik en misbruik van opio\u00efden, die allemaal kunnen leiden tot de dood door een overdosis. Voordat u ROXICODONE verstrekt, moet u het risico van elke pati\u00ebnt beoordelen en alle pati\u00ebnten periodiek controleren op de ontwikkeling van bepaald gedrag en bepaalde aandoeningen.\n<p>Risicobeoordeling en risicobeperkingsstrategie voor opio\u00efde analgetica (REMS)<\/p>\n<p>De Food and Drug Administration (FDA) vereist een REMS voor opio\u00efde analgetica om te verifi\u00ebren dat de voordelen opwegen tegen de gevaren van verslaving, misbruik en misbruik . Farmaceutische bedrijven die opio\u00efde analgetica hebben goedgekeurd, zijn verplicht om REMS-conforme onderwijsprogramma&#8217;s beschikbaar te stellen aan zorgverleners. Zorgaanbieders worden sterk aangemoedigd om: \u2022 een REMS-conform opleidingsprogramma te volgen; \u2022 pati\u00ebnten en\/of zorgverleners adviseren over het veilige gebruik, de ernstige risico&#8217;s, de opslag en de verwijdering van deze producten bij elk voorschrift; \u2022 aan pati\u00ebnten en zorgverleners het belang benadrukken van het lezen van de medicatiehandleiding telkens wanneer deze door hun apotheker wordt verstrekt; en \u2022 aanvullende hulpmiddelen overwegen om de veiligheid van de pati\u00ebnt, het huishouden en de gemeenschap te verbeteren.<\/p>\n<p>Levensbedreigende ademhalingsdepressie<\/p>\n<p>ROXICODONE kan ernstige, levensbedreigende of dodelijke ademhalingsdepressie veroorzaken. Let op ademhalingsdepressie, vooral bij het starten van ROXICODONE of het verhogen van de dosis.<\/p>\n<p>Consumptie per ongeluk<\/p>\n<p>Per ongeluk inslikken van ROXICODONE, vooral door jongeren, kan leiden tot een dodelijke overdosis ROXICODONE. <\/p>\n<p>Syndroom van neonatale ontwenning van opio\u00efden<\/p>\n<p>Langdurig gebruik van ROXICODONE tijdens de zwangerschap kan leiden tot het ontwenningssyndroom bij pasgeborenen, dat fataal kan zijn als het niet snel wordt gediagnosticeerd en behandeld, en dat volgens de neonatologie moet worden behandeld -specifieke procedures. Als langdurig gebruik van opio\u00efden noodzakelijk is bij een zwangere vrouw, informeer haar dan over het gevaar van neonatale opio\u00efdontwenningssyndroom en zorg ervoor dat de juiste therapie beschikbaar is.<\/p>\n<p>Interactie met Cytochrome P450 3A4<\/p>\n<p>Gelijktijdig gebruik van ROXICODONE en alle cytochroom P450 3A4-remmers kan leiden tot een verhoging van de plasmaconcentraties van oxycodon, wat onaangename reacties kan verergeren of verlengen en kan leiden tot mogelijk dodelijke ademhalingsdepressie. Bovendien kan het stoppen van een gelijktijdig gebruikte cytochroom P450 3A4-inductor resulteren in een stijging van de plasmaspiegels van oxycodon. Pati\u00ebnten die ROXICODONE en een CYP3A4-remmer of -inductor krijgen, moeten nauwlettend worden gecontroleerd.<\/p>\n<p>Gevolgen van gelijktijdig gebruik met benzodiazepinen of andere middelen die het centraal zenuwstelsel onderdrukken<\/p>\n<p>Gelijktijdig gebruik van opio\u00efden met benzodiazepinen of andere middelen die het centraal zenuwstelsel onderdrukken , zoals alcohol, kan leiden tot extreme slaperigheid, ademhalingsdepressie, coma of overlijden.<\/p>\n<p>Gelijktijdige toediening van ROXICODONE met benzodiazepinen of andere CZS-depressiva moet worden voorbehouden aan personen die niet reageren op alternatieve therapeutische alternatieven. <br \/> Houd doseringen en duur tot een minimum beperkt.<br \/> Let op tekenen en symptomen van ademhalingsdepressie en sedatie bij pati\u00ebnten.<\/li>\n<\/ul>\n<\/td>\n<\/tr>\n<\/tbody>\n<\/table><\/div><\/div>\n<p>&nbsp;<\/p>\n<h2>CONTRA-INDICATIES<\/h2>\n<p>ROXICODONE is gecontra-indiceerd bij pati\u00ebnten met:<\/p>\n<ul>\n<li>Aanzienlijke ademhalingsdepressie<\/li>\n<li>Acute of ernstige bronchiale astma in een niet-gecontroleerde setting of bij afwezigheid van reanimatie apparatuur<\/li>\n<li>Bekende of vermoede gastro-intestinale obstructie, waaronder paralytische ileus<\/li>\n<li>Bekende overgevoeligheid voor oxycodon<\/li>\n<\/ul>\n<h2>\u00a0WAARSCHUWINGEN EN VOORZORGSMAATREGELEN<\/h2>\n<ul>\n<li> ROXICODONE bevat oxycodon, een Schedule II-gereguleerde stof. Als opio\u00efde stelt ROXICODONE gebruikers bloot aan de risico&#8217;s van verslaving, misbruik en misbruik.<\/li>\n<li>Beoordeel het risico van elke pati\u00ebnt op verslaving, misbruik of misbruik van opio\u00efden voordat ROXICODONE wordt voorgeschreven, en controleer alle pati\u00ebnten die ROXICODONE krijgen voor de ontwikkeling van dit gedrag en deze aandoeningen.<\/li>\n<li>Om ervoor te zorgen dat de voordelen van opio\u00efde analgetica opwegen tegen de risico&#8217;s van verslaving, misbruik en misbruik, heeft de Food and Drug Administration (FDA) een strategie voor risico-evaluatie en -beperking vereist ( REMS) voor deze producten. Volgens de vereisten van de REMS moeten farmaceutische bedrijven met goedgekeurde opio\u00efde analgetische producten REMS-conforme onderwijsprogramma&#8217;s beschikbaar stellen aan zorgverleners.<\/li>\n<li>Er is melding gemaakt van ernstige, levensbedreigende of fatale ademhalingsdepressie bij het gebruik van opio\u00efden, zelfs bij gebruik zoals aanbevolen. Pati\u00ebnten met chronische longziekte, oudere, cachectische of verzwakte pati\u00ebnten kunnen een verhoogd risico lopen. Controleer nauwlettend, vooral tijdens het starten en titratie.<\/li>\n<li>Opio\u00efden kunnen slaapgerelateerde ademhalingsstoornissen veroorzaken, waaronder centrale slaapapneu (CSA) en slaapgerelateerde hypoxemie. Het gebruik van opio\u00efden verhoogt het risico op CSA op een dosisafhankelijke manier.<\/li>\n<li>Onbedoelde inname van zelfs maar \u00e9\u00e9n dosis ROXICODONE, vooral door kinderen, kan leiden tot ademhalingsdepressie en overlijden als gevolg van een overdosis ROXICODONE. Instrueer pati\u00ebnten om stappen te ondernemen om ROXICODONE veilig op te slaan. Vervallen, ongewenste of ongebruikte ROXICODONE moet worden weggegooid door de ongebruikte medicatie door het toilet te spoelen als een terugnameoptie voor het geneesmiddel niet direct beschikbaar is.<\/li>\n<li>Neonataal opio\u00efdontwenningssyndroom (NOWS) kan optreden na langdurig gebruik van opio\u00efden tijdens de zwangerschap. Observeer pasgeborenen op tekenen van NU en handel dienovereenkomstig; NOWS kan levensbedreigend zijn als het niet wordt herkend en behandeld bij pasgeborenen.<\/li>\n<li>Wanneer CYP3A4-remmers worden gebruikt of CYP3A4-inductoren worden stopgezet bij met ROXICODONE behandelde pati\u00ebnten, moet u de pati\u00ebnten regelmatig nauwlettend volgen en overwegen om de dosering van ROXICODONE te verlagen totdat het geneesmiddel stabiel is. effecten worden bereikt. Bij gebruik van ROXICODONE met CYP3A4-inductoren of het staken van CYP3A4-remmers, moet u de pati\u00ebnten regelmatig nauwlettend volgen en overwegen de dosering van opio\u00efden te verhogen indien nodig om adequate analgesie te behouden of als symptomen van opio\u00efdontwenning optreden.<\/li>\n<li>Ernstige sedatie, ademhalingsdepressie, coma en overlijden kan het gevolg zijn van het gelijktijdig gebruik van ROXICODONE met benzodiazepines of andere CZS-depressiva (inclusief alcohol en illegale drugs).<\/li>\n<li>Gevallen van bijnierinsuffici\u00ebntie zijn gemeld bij gebruik van opio\u00efden, vaker na meer dan \u00e9\u00e9n maand gebruik. Als bijnierinsuffici\u00ebntie wordt gediagnosticeerd, behandel dan met fysiologische vervanging van corticostero\u00efden en spenen de pati\u00ebnt het opio\u00efde totdat de bijnierfunctie is hersteld.<\/li>\n<li><strong>ROXICODONE<\/strong>\u00a0kan bij ambulante pati\u00ebnten ernstige hypotensie veroorzaken, waaronder orthostatische hypotensie en syncope. Controleer tijdens de start en\/of titratie van ROXICODONE. Vermijd het gebruik bij pati\u00ebnten met circulatoire shock.<\/li>\n<li>Gebruik bij pati\u00ebnten met verhoogde intracraniale druk, hersentumoren, hoofdletsel of verminderd bewustzijn kan de ademhalingsdrift verminderen en de resulterende CO<sub>2<\/sub>-retentie kan de intracraniale druk verder verhogen. Het gebruik van <strong>ROXICODONE<\/strong> moet worden vermeden bij pati\u00ebnten met een verminderd bewustzijn of coma.<\/li>\n<li>ROXICODONE is gecontra-indiceerd bij pati\u00ebnten met bekende of vermoede gastro-intestinale obstructie, waaronder paralytische ileus. Het oxycodon in ROXICODONE kan spasmen van de sfincter van Oddi veroorzaken.<\/li>\n<li>Het oxycodon in ROXICODONE kan de frequentie van aanvallen verhogen bij pati\u00ebnten met epileptische aandoeningen en kan het risico verhogen van aanvallen die optreden in andere klinische settings die verband houden met aanvallen . Controleer pati\u00ebnten met een voorgeschiedenis van epileptische aandoeningen op verslechterde controle van de aanvallen.<\/li>\n<li>Stop niet abrupt met <strong>ROXICODONE<\/strong> bij een pati\u00ebnt die fysiek afhankelijk is van opio\u00efden. Als u stopt met ROXICODONE bij een lichamelijk afhankelijke pati\u00ebnt, moet u de dosering geleidelijk afbouwen. Snelle afbouw van oxycodon bij een pati\u00ebnt die fysiek afhankelijk is van opio\u00efden kan leiden tot een ontwenningssyndroom en terugkeer van pijn.<\/li>\n<li>Vermijd het gebruik van ROXICODONE met gemengde agonisten\/antagonisten of gedeeltelijke agonistische analgetica vanwege het risico op neerslag van ontwenningsverschijnselen.<\/li>\n<li>Waarschuw pati\u00ebnten om niet te rijden of gevaarlijke machines te bedienen, tenzij ze de effecten van ROXICODONE kunnen verdragen en weten hoe ze op de medicatie zullen reageren.<\/li>\n<li>Opio\u00efden kunnen een zeldzame aandoening veroorzaken. maar mogelijk levensbedreigende aandoening als gevolg van de gelijktijdige toediening van serotonerge geneesmiddelen. Waarschuw pati\u00ebnten voor de symptomen van het serotoninesyndroom en zoek onmiddellijk medische hulp als de symptomen zich ontwikkelen.<\/li>\n<li>Het gebruik van ROXICODONE wordt niet aanbevolen voor pati\u00ebnten die MAO-remmers gebruiken of binnen 14 dagen na het stoppen van een dergelijke behandeling.<\/li>\n<\/ul>\n<h2>Effecten van Roxicodon<\/h2>\n<p>Ernstige bijwerkingen geassocieerd met het gebruik van ROXICODONE zijn onder meer ademhalingsdepressie, ademhalingsstilstand, circulatiedepressie, hartstilstand, hypotensie en\/of shock. De meest voorkomende bijwerkingen zijn misselijkheid, constipatie, braken, hoofdpijn, jeuk, slapeloosheid, duizeligheid, asthenie en slaperigheid.<\/p>\n<p>Dit is geen volledige lijst van mogelijke bijwerkingen die verband houden met ROXICODONE. Zie de volledige voorschrijfinformatie voor een volledige lijst.<\/p>\n<p>&nbsp;<\/p>\n<p>&nbsp;<\/p>\n<\/p><\/div><\/div><\/div><\/div><\/div><\/div><\/div>\n<div class=\"scroll-wrapper scrolling-table scrollbar-chrome\">\n<div class=\"scrolling-table scrollbar-chrome scroll-content\">\n<table>\n<tbody>\n<tr>\n<td><strong>Beschrijving<\/strong><\/td>\n<td>Blauwe tabletten met breukstreep<\/td>\n<\/tr>\n<tr>\n<td><strong>Algemene naam<\/strong><\/td>\n<td>Oxycodonhydrochloride tabletten USP<\/td>\n<\/tr>\n<tr>\n<td><strong>Doseringssterkte<\/strong><\/td>\n<td>30 mg<\/td>\n<\/tr>\n<tr>\n<td><strong>Identificatiecode<\/strong><\/td>\n<td>Blauwe tablet met breukstreep (ge\u00efdentificeerd 54 199) [reli\u00ebf 54 199 aan \u00e9\u00e9n kant]<\/td>\n<\/tr>\n<\/tbody>\n<\/table>\n<p><strong>roxicodon-pillen, roxicodon-pillen kopen, lijst met ronde blauwe roxicodon-pillen, pillen die op roxicodon lijken, roxicodon-pillen veranderen, roxicodon-pillen 30, pillen met verjaringstermijn roxicodon, hoe een drugsdealer te zijn die roxicodon-pillen verkoopt, pillen die roxicodon bevatten, code\u00efnesiroop pillen roxicodon, hoe? veel zijn roxicodon 30 mg pillen in mexico, wat zit er in de nep k 9 roxicodon pillen?, 30 mg roxicodon blauwe pillen, roxicodon, oxycodon 5 mg, roze pil, m 30 pil, m 30 blauwe pil, k 56 pil, roxycodon, t 194 pil, percocet 30 mg, molly prijzen, kunt u nemen, roxy 30, oxicodona, u17 pil, dosering oxycodon<\/strong><\/p>\n<\/p><\/div><\/div><\/div><\/div>\n<div class=\"product-next-previous\">\n<div class=\"product-prev\"><\/div><\/div>\n","protected":false},"excerpt":{"rendered":"<p>Koop Roxicodon 30 mg tabletten in het Verenigd Koninkrijk en Europa van onze medicinasinc.com\/nl online apotheek met snelle wereldwijde verzending! De beste plek om OxyContin te krijgen is hier!<\/p>\n","protected":false},"featured_media":5321,"comment_status":"open","ping_status":"closed","template":"","meta":[],"product_brand":[],"product_cat":[1117],"product_tag":[1879,1881,1883,1885,1884,1886,1882,1887,1888,1889,1890,1648,1670,1891,1750,1893,1892,1880,1895,1896,1897,1898,1899,1900,1894,1901,1902,1903],"class_list":{"0":"post-5310","1":"product","2":"type-product","3":"status-publish","4":"has-post-thumbnail","6":"product_cat-koop-pijn-slaap-sekspillen","7":"product_tag-30mg-roxicodon-blauw-pillen","8":"product_tag-buy-roxicodone-pills","9":"product_tag-codene-siroop-pillen-roxicodon","10":"product_tag-hoe-om-een-drugsdealer-roxicodon-pillen-te-verkopen","11":"product_tag-hoeveel-zijn-roxicodon-30mg-pillen-in-mexico","12":"product_tag-k-56-pil","13":"product_tag-kun-je-nemen","14":"product_tag-list-of-round-blue-roxicodone-pills","15":"product_tag-m-30-blauwe-pil","16":"product_tag-m-30-pil","17":"product_tag-molly-prijzen","18":"product_tag-oxicodona","19":"product_tag-oxycodon-5-mg","20":"product_tag-oxycodon-dosering","21":"product_tag-percocet-30-mg","22":"product_tag-pillen-die-eruit-lijken-roxicodon","23":"product_tag-pillen-die-roxicodon-bevatten","24":"product_tag-pillen-roxicodon-met-breektijd-afgifte","25":"product_tag-roxicodon","26":"product_tag-roxicodon-pillen","27":"product_tag-roxicodon-pillen-30","28":"product_tag-roxicodon-pillen-wisselen","29":"product_tag-roxy-30","30":"product_tag-roxycodon","31":"product_tag-roze-pil","32":"product_tag-t-194-pil","33":"product_tag-u17-pil","34":"product_tag-wat-is-in-de-nep-k-9-roxicodon-pillen","36":"first","37":"instock","38":"shipping-taxable","39":"purchasable","40":"product-type-variable","41":"has-default-attributes"},"yoast_head":"<!-- This site is optimized with the Yoast SEO plugin v27.3 - https:\/\/yoast.com\/product\/yoast-seo-wordpress\/ -->\n<title>Koop Roxicodon 30 mg - Beste beste wereldwijde medicijnen<\/title>\n<meta name=\"description\" content=\"Koop Roxicodon 30 mg tabletten VK, Europa in onze online winkel medicinasinc.com\/nl met snelle wereldwijde levering! De beste OxyContin om te bestellen vind je hier!\" \/>\n<meta name=\"robots\" content=\"index, follow, max-snippet:-1, max-image-preview:large, max-video-preview:-1\" \/>\n<link rel=\"canonical\" href=\"https:\/\/medicinasinc.com\/nl\/product\/koop-roxicodon-30-mg\/\" \/>\n<meta property=\"og:locale\" content=\"nl_NL\" \/>\n<meta property=\"og:type\" content=\"article\" \/>\n<meta property=\"og:title\" content=\"Koop Roxicodon 30 mg - Beste beste wereldwijde medicijnen\" \/>\n<meta property=\"og:description\" content=\"Koop Roxicodon 30 mg tabletten VK, Europa in onze online winkel medicinasinc.com\/nl met snelle wereldwijde levering! De beste OxyContin om te bestellen vind je hier!\" \/>\n<meta property=\"og:url\" content=\"https:\/\/medicinasinc.com\/nl\/product\/koop-roxicodon-30-mg\/\" \/>\n<meta property=\"og:site_name\" content=\"Medicinas Inc\" \/>\n<meta property=\"article:modified_time\" content=\"2022-07-05T02:46:43+00:00\" \/>\n<meta property=\"og:image\" content=\"https:\/\/medicinasinc.com\/nl\/wp-content\/uploads\/sites\/17\/2022\/02\/Roxicodone-30-mg.png\" \/>\n\t<meta property=\"og:image:width\" content=\"400\" \/>\n\t<meta property=\"og:image:height\" content=\"300\" \/>\n\t<meta property=\"og:image:type\" content=\"image\/png\" \/>\n<meta name=\"twitter:card\" content=\"summary_large_image\" \/>\n<meta name=\"twitter:label1\" content=\"Geschatte leestijd\" \/>\n\t<meta name=\"twitter:data1\" content=\"7 minuten\" \/>\n<script type=\"application\/ld+json\" class=\"yoast-schema-graph\">{\"@context\":\"https:\\\/\\\/schema.org\",\"@graph\":[{\"@type\":\"WebPage\",\"@id\":\"https:\\\/\\\/medicinasinc.com\\\/nl\\\/product\\\/koop-roxicodon-30-mg\\\/\",\"url\":\"https:\\\/\\\/medicinasinc.com\\\/nl\\\/product\\\/koop-roxicodon-30-mg\\\/\",\"name\":\"Koop Roxicodon 30 mg - Beste beste wereldwijde medicijnen\",\"isPartOf\":{\"@id\":\"https:\\\/\\\/medicinasinc.com\\\/nl\\\/#website\"},\"primaryImageOfPage\":{\"@id\":\"https:\\\/\\\/medicinasinc.com\\\/nl\\\/product\\\/koop-roxicodon-30-mg\\\/#primaryimage\"},\"image\":{\"@id\":\"https:\\\/\\\/medicinasinc.com\\\/nl\\\/product\\\/koop-roxicodon-30-mg\\\/#primaryimage\"},\"thumbnailUrl\":\"https:\\\/\\\/medicinasinc.com\\\/nl\\\/wp-content\\\/uploads\\\/sites\\\/17\\\/2022\\\/02\\\/Roxicodone-30-mg.png\",\"datePublished\":\"2022-02-21T18:38:01+00:00\",\"dateModified\":\"2022-07-05T02:46:43+00:00\",\"description\":\"Koop Roxicodon 30 mg tabletten VK, Europa in onze online winkel medicinasinc.com\\\/nl met snelle wereldwijde levering! De beste OxyContin om te bestellen vind je hier!\",\"breadcrumb\":{\"@id\":\"https:\\\/\\\/medicinasinc.com\\\/nl\\\/product\\\/koop-roxicodon-30-mg\\\/#breadcrumb\"},\"inLanguage\":\"nl-NL\",\"potentialAction\":[{\"@type\":\"ReadAction\",\"target\":[\"https:\\\/\\\/medicinasinc.com\\\/nl\\\/product\\\/koop-roxicodon-30-mg\\\/\"]}]},{\"@type\":\"ImageObject\",\"inLanguage\":\"nl-NL\",\"@id\":\"https:\\\/\\\/medicinasinc.com\\\/nl\\\/product\\\/koop-roxicodon-30-mg\\\/#primaryimage\",\"url\":\"https:\\\/\\\/medicinasinc.com\\\/nl\\\/wp-content\\\/uploads\\\/sites\\\/17\\\/2022\\\/02\\\/Roxicodone-30-mg.png\",\"contentUrl\":\"https:\\\/\\\/medicinasinc.com\\\/nl\\\/wp-content\\\/uploads\\\/sites\\\/17\\\/2022\\\/02\\\/Roxicodone-30-mg.png\",\"width\":400,\"height\":300},{\"@type\":\"BreadcrumbList\",\"@id\":\"https:\\\/\\\/medicinasinc.com\\\/nl\\\/product\\\/koop-roxicodon-30-mg\\\/#breadcrumb\",\"itemListElement\":[{\"@type\":\"ListItem\",\"position\":1,\"name\":\"Winkel\",\"item\":\"https:\\\/\\\/medicinasinc.com\\\/nl\\\/winkel\\\/\"},{\"@type\":\"ListItem\",\"position\":2,\"name\":\"Roxicodon 30 mg kopen\"}]},{\"@type\":\"WebSite\",\"@id\":\"https:\\\/\\\/medicinasinc.com\\\/nl\\\/#website\",\"url\":\"https:\\\/\\\/medicinasinc.com\\\/nl\\\/\",\"name\":\"Medicinas Inc\",\"description\":\"Health Medical Clinic\",\"potentialAction\":[{\"@type\":\"SearchAction\",\"target\":{\"@type\":\"EntryPoint\",\"urlTemplate\":\"https:\\\/\\\/medicinasinc.com\\\/nl\\\/?s={search_term_string}\"},\"query-input\":{\"@type\":\"PropertyValueSpecification\",\"valueRequired\":true,\"valueName\":\"search_term_string\"}}],\"inLanguage\":\"nl-NL\"}]}<\/script>\n<!-- \/ Yoast SEO plugin. -->","yoast_head_json":{"title":"Koop Roxicodon 30 mg - Beste beste wereldwijde medicijnen","description":"Koop Roxicodon 30 mg tabletten VK, Europa in onze online winkel medicinasinc.com\/nl met snelle wereldwijde levering! De beste OxyContin om te bestellen vind je hier!","robots":{"index":"index","follow":"follow","max-snippet":"max-snippet:-1","max-image-preview":"max-image-preview:large","max-video-preview":"max-video-preview:-1"},"canonical":"https:\/\/medicinasinc.com\/nl\/product\/koop-roxicodon-30-mg\/","og_locale":"nl_NL","og_type":"article","og_title":"Koop Roxicodon 30 mg - Beste beste wereldwijde medicijnen","og_description":"Koop Roxicodon 30 mg tabletten VK, Europa in onze online winkel medicinasinc.com\/nl met snelle wereldwijde levering! De beste OxyContin om te bestellen vind je hier!","og_url":"https:\/\/medicinasinc.com\/nl\/product\/koop-roxicodon-30-mg\/","og_site_name":"Medicinas Inc","article_modified_time":"2022-07-05T02:46:43+00:00","og_image":[{"width":400,"height":300,"url":"https:\/\/medicinasinc.com\/nl\/wp-content\/uploads\/sites\/17\/2022\/02\/Roxicodone-30-mg.png","type":"image\/png"}],"twitter_card":"summary_large_image","twitter_misc":{"Geschatte leestijd":"7 minuten"},"schema":{"@context":"https:\/\/schema.org","@graph":[{"@type":"WebPage","@id":"https:\/\/medicinasinc.com\/nl\/product\/koop-roxicodon-30-mg\/","url":"https:\/\/medicinasinc.com\/nl\/product\/koop-roxicodon-30-mg\/","name":"Koop Roxicodon 30 mg - Beste beste wereldwijde medicijnen","isPartOf":{"@id":"https:\/\/medicinasinc.com\/nl\/#website"},"primaryImageOfPage":{"@id":"https:\/\/medicinasinc.com\/nl\/product\/koop-roxicodon-30-mg\/#primaryimage"},"image":{"@id":"https:\/\/medicinasinc.com\/nl\/product\/koop-roxicodon-30-mg\/#primaryimage"},"thumbnailUrl":"https:\/\/medicinasinc.com\/nl\/wp-content\/uploads\/sites\/17\/2022\/02\/Roxicodone-30-mg.png","datePublished":"2022-02-21T18:38:01+00:00","dateModified":"2022-07-05T02:46:43+00:00","description":"Koop Roxicodon 30 mg tabletten VK, Europa in onze online winkel medicinasinc.com\/nl met snelle wereldwijde levering! De beste OxyContin om te bestellen vind je hier!","breadcrumb":{"@id":"https:\/\/medicinasinc.com\/nl\/product\/koop-roxicodon-30-mg\/#breadcrumb"},"inLanguage":"nl-NL","potentialAction":[{"@type":"ReadAction","target":["https:\/\/medicinasinc.com\/nl\/product\/koop-roxicodon-30-mg\/"]}]},{"@type":"ImageObject","inLanguage":"nl-NL","@id":"https:\/\/medicinasinc.com\/nl\/product\/koop-roxicodon-30-mg\/#primaryimage","url":"https:\/\/medicinasinc.com\/nl\/wp-content\/uploads\/sites\/17\/2022\/02\/Roxicodone-30-mg.png","contentUrl":"https:\/\/medicinasinc.com\/nl\/wp-content\/uploads\/sites\/17\/2022\/02\/Roxicodone-30-mg.png","width":400,"height":300},{"@type":"BreadcrumbList","@id":"https:\/\/medicinasinc.com\/nl\/product\/koop-roxicodon-30-mg\/#breadcrumb","itemListElement":[{"@type":"ListItem","position":1,"name":"Winkel","item":"https:\/\/medicinasinc.com\/nl\/winkel\/"},{"@type":"ListItem","position":2,"name":"Roxicodon 30 mg kopen"}]},{"@type":"WebSite","@id":"https:\/\/medicinasinc.com\/nl\/#website","url":"https:\/\/medicinasinc.com\/nl\/","name":"Medicinas Inc","description":"Health Medical Clinic","potentialAction":[{"@type":"SearchAction","target":{"@type":"EntryPoint","urlTemplate":"https:\/\/medicinasinc.com\/nl\/?s={search_term_string}"},"query-input":{"@type":"PropertyValueSpecification","valueRequired":true,"valueName":"search_term_string"}}],"inLanguage":"nl-NL"}]}},"_links":{"self":[{"href":"https:\/\/medicinasinc.com\/nl\/wp-json\/wp\/v2\/product\/5310","targetHints":{"allow":["GET"]}}],"collection":[{"href":"https:\/\/medicinasinc.com\/nl\/wp-json\/wp\/v2\/product"}],"about":[{"href":"https:\/\/medicinasinc.com\/nl\/wp-json\/wp\/v2\/types\/product"}],"replies":[{"embeddable":true,"href":"https:\/\/medicinasinc.com\/nl\/wp-json\/wp\/v2\/comments?post=5310"}],"wp:featuredmedia":[{"embeddable":true,"href":"https:\/\/medicinasinc.com\/nl\/wp-json\/wp\/v2\/media\/5321"}],"wp:attachment":[{"href":"https:\/\/medicinasinc.com\/nl\/wp-json\/wp\/v2\/media?parent=5310"}],"wp:term":[{"taxonomy":"product_brand","embeddable":true,"href":"https:\/\/medicinasinc.com\/nl\/wp-json\/wp\/v2\/product_brand?post=5310"},{"taxonomy":"product_cat","embeddable":true,"href":"https:\/\/medicinasinc.com\/nl\/wp-json\/wp\/v2\/product_cat?post=5310"},{"taxonomy":"product_tag","embeddable":true,"href":"https:\/\/medicinasinc.com\/nl\/wp-json\/wp\/v2\/product_tag?post=5310"}],"curies":[{"name":"wp","href":"https:\/\/api.w.org\/{rel}","templated":true}]}}