{"id":5295,"date":"2022-02-21T18:18:17","date_gmt":"2022-02-21T18:18:17","guid":{"rendered":"https:\/\/medicinasinc.com\/nl\/?post_type=product&#038;p=5295"},"modified":"2022-07-05T02:47:15","modified_gmt":"2022-07-05T02:47:15","slug":"percocet-10mg-pillen-kopen","status":"publish","type":"product","link":"https:\/\/medicinasinc.com\/nl\/product\/percocet-10mg-pillen-kopen\/","title":{"rendered":"Percocet 10 mg pillen kopen"},"content":{"rendered":"<h1 style=\"text-align: center\">Koop Percocet 10 mg pillen online.<\/h1>\n<div class=\"Section\" style=\"text-align: center\">\n<h1>BESCHRIJVING<\/h1>\n<p class=\"First\"><span class=\"Bold\">Oxycodon Hydrochloride en Acetaminophen zijn verkrijgbaar in tabletten voor orale toediening.<\/span><\/p>\n<p>Elke tablet voor orale toediening bevat oxycodonhydrochloride en paracetamol in de volgende sterktes :<\/p>\n<p>Oxycodon Hydrochloride, USP\u00a0\u00a0\u00a0\u00a0\u00a0\u00a0\u00a0\u00a0\u00a0\u00a0\u00a0\u00a0 2,5 mg*<br \/> (*2,5 mg oxycodon\u00a0hydrochloride komt overeen met 2,2409 mg oxycodon.) <br \/> Acetaminophen, USP\u00a0\u00a0\u00a0\u00a0\u00a0\u00a0\u00a0\u00a0\u00a0\u00a0\u00a0\u00a0\u00a0\u00a0\u00a0\u00a0 \u00a0\u00a0\u00a0\u00a0\u00a0\u00a0Oxycodon Hydrochloride, USP\u00a0\u00a0\u00a0\u00a0\u00a0\u00a0\u00a0\u00a0\u00a0\u00a0\u00a0\u00a0 5 mg*<br \/> (*5 mg oxycodon\u00a0hydrochloride komt overeen met 4,4815 mg oxycodon.)<br \/> Acetaminophen, USP\u00a0\u00a0\u00a0\u00a0\u00a0\u00a0\u00a0\u00a0\u00a0\u00a0\u00a0\u00a0\u00a0\u00a0\u00a0\u00a0 \u00a0\u00a0\u00a0\u00a0\u00a0\u00a0\u00a0\u00a0\u00a0\u00a0\u00a0&gt; \u00a0p\u00a0325 mg\u00a0br \/&gt; (*7,5 mg oxycodon\u00a0hydrochloride komt overeen met 6,7228 mg oxycodon.)<br \/> Acetaminophen, USP\u00a0\u00a0\u00a0\u00a0\u00a0\u00a0\u00a0\u00a0\u00a0\u00a0\u00a0\u00a0\u00a0\u00a0\u00a0 \u00a0\u00a0\u00a0\u00a0\u00a0\u00a0\u00a0\u00a0\u00a0\u00a0\u00a0\u00a0 325 mg<\/p>\n<p>Oxycodon H ydrochloride, USP\u00a0\u00a0\u00a0\u00a0\u00a0\u00a0\u00a0\u00a0\u00a0\u00a0\u00a0\u00a0 10 mg*<br \/> (*10 mg oxycodon\u00a0hydrochloride komt overeen met 8,9637 mg oxycodon.)<br \/> Acetaminophen, USP\u00a0\u00a0\u00a0\u00a0\u00a0\u00a0\u00a0\u00a0\u00a0\u00a0\u00a0\u00a0\u00a0\u00a0\u00a0 \u00a0\u00a0\u00a0\u00a0\u00a0\u00a0&lt;C<\/p>\n<p> sterkte strong&gt;\u00a0bevatten ook de volgende inactieve ingredi\u00ebnten: collo\u00efdaal siliciumdioxide, croscarmellosenatrium, microkristallijne cellulose, povidon, voorgegelatineerd ma\u00efszetmeel en stearinezuur. Kan ook crospovidon bevatten. Bovendien bevat de sterkte van 2,5 mg\/325 mg FD&amp;C Red No. 40 Aluminium Lake en de sterkte van 5 mg\/325 mg FD&amp;C Blue No. 1 Aluminium Lake. De sterkte van 7,5 mg \/ 325 mg bevat FD &amp; C Yellow No. 6 Aluminium Lake. De sterkte van 10 mg\/325 mg bevat D&amp;C Yellow No. 10 Aluminium Lake. De sterkte van 7,5 mg\/325 mg en de sterkte van 10 mg\/325 mg kunnen ook ma\u00efszetmeel bevatten.<\/p>\n<p>Oxycodon Hydrochloride en Acetaminophen-tabletten bevatten oxycodon, 14-hydroxydihydrocodeinone, een semisynthetisch opio\u00efde analgeticum dat voorkomt als een wit tot gebroken wit fijn kristallijn poeder. De molecuulformule voor oxycodonhydrochloride is C<span class=\"Sub\">18<\/span>H<span class=\"Sub\">21<\/span>NO<span class=\"Sub\">4<\/span>\u00a0\u2219 HCl en het molecuulgewicht is 351,82. Het is afgeleid van de opiumalkalo\u00efde, theba\u00efne, en kan worden weergegeven door de volgende structuurformule:<\/p>\n<div class=\"Figuur\"><img decoding=\"async\" src=\"https:\/\/www.endo.com\/Image%20Library \/Endo\/EndoPharma\/Products\/Prescription_Information\/pert-oxy-and-apap-tab-usp-1.jpg\" alt=\"oxycodon hydrochloride chemische structuur\" \/><\/div>\n<p>Oxycodon Hydrochloride en Acetaminophen Tabletten bevatten paracetamol, 4\u2032-hydroxyacetanilide, is een niet-opiaat, niet-salicylaat analgeticum en antipyreticum dat voorkomt als een wit, geurloos, kristallijn poeder. De molecuulformule voor paracetamol is C<span class=\"Sub\">8<\/span>H<span class=\"Sub\">9<\/span>NO<span class=\"Sub\">2<\/span>\u00a0en de molecuulgewicht is 151,16. Het kan worden weergegeven door de volgende structuurformule:<\/p>\n<div class=\"Figuur\"><img decoding=\"async\" src=\"https:\/\/www.endo.com\/Image%20Library\/Endo\/EndoPharma\/Products\/Prescribe_Information\/pert -oxy-and-apap-tab-usp-2.jpg\" alt=\"Acetaminophen structuurformule\" \/>&nbsp;<\/p>\n<p class=\"MultiMediaCaption\">Acetaminophen structuurformule<\/p>\n<\/p><\/div><\/div>\n<div class=\"Section\" style=\"text-align: center\">\n<p>Elke tablet, voor orale toediening, bevat oxycodonhydrochloride en paracetamol in de volgende sterktes:<\/p>\n<p>Oxycodon Hydrochloride, USP 2,5 mg*<br \/> Acetaminophen, USP 325 mg<br \/> *2,5 mg oxycodon HCl komt overeen met 2,2409 mg oxycodon.<\/p>\n<p>Oxycodon Hydrochloride, USP\u00a05 mg*<br \/> Acetaminophen, USP 325 mg<br \/> *5 mg oxycodon HCl komt overeen met 4,4815 mg oxycodon.<\/p>\n<p>Oxycodon Hydrochloride, USP 7,5 mg*<br \/> Acetaminophen, USP 325 mg<br \/> *7,5 mg oxycodon HCl komt overeen met 6,7228 mg oxycodon.<\/p>\n<p>Oxycodon Hydrochloride, USP 10 mg*<br \/> Acetami nophen, USP 325 mg<br \/> *10 mg oxycodon HCl komt overeen met 8,9637 mg oxycodon.<\/p>\n<p>Alle sterktes van PERCOCET bevatten ook de volgende inactieve ingredi\u00ebnten: Collo\u00efdaal siliciumdioxide, croscarmellosenatrium, crospovidon, microkristallijne cellulose, povidon, gepregelatineerd ma\u00efszetmeel en stearinezuur. Bovendien bevat de sterkte van 2,5 mg\/325 mg FD&amp;C Red No. 40 Aluminium Lake, en de sterkte van 5 mg\/325 mg bevat FD&amp;C Blue No. 1 Aluminium Lake. De sterkte van 7,5 mg\/325 mg bevat FD&amp;C Yellow No. 6 Aluminium Lake. De sterkte van 10 mg\/325 mg bevat D&amp;C Yellow No. 10 Aluminium Lake. De sterkten van 7,5 mg\/325 mg en 10 mg\/325 mg kunnen ook ma\u00efszetmeel bevatten.<\/p>\n<p>Oxycodon, 14-hydroxydihydrocodeinone, is een semisynthetisch opio\u00efde analgeticum dat voorkomt als een wit, geurloos, kristallijn poeder met een zoutoplossing , bittere smaak. De molecuulformule voor oxycodonhydrochloride is C<sub>18<\/sub>H<sub>21<\/sub>NO<sub>4<\/sub>\u2022HCl en het molecuulgewicht is 351,82. Het is afgeleid van het opiumalkalo\u00efde theba\u00efne en kan worden weergegeven door de volgende structuurformule:<\/p>\n<p>&nbsp;<\/p>\n<table class=\"blackpic\" width=\"256\" cellspacing=\"0\">\n<tbody>\n<tr>\n<td><img loading=\"lazy\" decoding=\"async\" title=\"Oxycodon - illustratie structuurformule\" src=\"https:\/\/images.rxlist.com\/images\/rxlist\/oxyapap1.gif\" alt=\"Oxycodon - illustratie structuurformule\" width=\"256\" height=\"154\" \/><\/td>\n<\/tr>\n<\/tbody>\n<\/table>\n<p>&nbsp;<\/p>\n<p>Acetaminophen, 4\u2032-hydroxyacetanilide, is een\u00a0niet -opiaat, niet-salicylaat analgeticum en antipyreticum dat voorkomt als een wit, geurloos, kristallijn poeder met een licht bittere smaak. De molecuulformule voor paracetamol is C<sub>8<\/sub>H<sub>9<\/sub>NO<sub>2<\/sub>\u00a0en het molecuulgewicht is 151,17. Het kan worden weergegeven door de volgende structuurformule:<\/p>\n<p>&nbsp;<\/p>\n<table class=\"blackpic\" width=\"232\" cellspacing=\"0\">\n<tbody>\n<tr>\n<td> <img decoding=\"async\" title=\"Acetaminophen - structuurformule illustratie\" src=\"https:\/\/images.rxlist.com\/images\/rxlist\/oxyapap2.gif\" alt=\"Acetaminophen - structuurformule illustratie\" width=\"232\" height=\"106 \" \/><\/td>\n<\/tr>\n<\/tbody>\n<\/table><\/div>\n<p style=\"text-align: center\">Koop Percocet 10 mg pillen online. Andere pillen zoals oxycodon zijn ook beschikbaar. Over-the-counter slaappillen te koop tegen zeer goedkope prijzen.<\/p>\n<p style=\"text-align: center\"><strong>hoe lang blijft percocet in uw systeem, hoe lang blijft percocet in uw systeem , hoe ziet een percocet eruit, hoe voelt percocet aan, hoe lang blijft percocet in je urine, wat is een percocet, hoe ziet percocet eruit, waar wordt percocet voor gebruikt, hoe krijg je percocet voorgeschreven, hoe lang duurt percocet in de urine blijven, wat zit er in percocet, hoe lang gaat percocet mee, hoe ziet een percocet 10 eruit, hoe lang duurt percocet ontwenning, welke kleur is percocet, waarom krijg je jeuk van percocet, wat doet percocet met je, wat voelt een percocet high aan, hoe zien percocet pillen eruit, hoeveel is percocet, hoe ziet een percocet 30 eruit, voor hoeveel kan ik percocet 5 325 verkopen, voor hoeveel percocet een overdosis, wat is sterker norco of percocet, percocet jeuk hoe te stoppen, hoeveel kost percocet zonder verzekering, hoe lang gaat percocet high mee, hoe lang blijft een percocet in je systeem, wat is sterker oxycodon of percocet, wat is sterker vicodin of percocet, waar kun je percocet krijgen, hoe voel je je percocet?<\/strong><\/p>\n","protected":false},"excerpt":{"rendered":"<div class=\"woocommerce-product-details__short-description\">\n<p>Koop Percocet 10 mg pillen online. Sterke slaappillen, pijnstillers, online apotheek, , pijnstillers te koop, pijnstillers, online medicijnen kopen, pijnstillers online kopen, online pijnstillers kopen.<\/p>\n<\/p><\/div>\n","protected":false},"featured_media":5305,"comment_status":"open","ping_status":"closed","template":"","meta":[],"product_brand":[],"product_cat":[1117],"product_tag":[1721,1722,1784,1723,1725,1726,1728,1780,1793,1729,1730,1731,1790,1788,1789,1732,1733,1724,1734,1735,1727,1691,1736,1738,1739,1740,1741,1742,1743,1744,1745,1746,1747,1748,1749,1750,1751,1752,1753,1754,1755,1756,1758,1757,1774,1761,1763,1759,1760,1764,1765,1766,1775,1767,1768,1769,1770,1771,1773,1772,1776,1779,1777,1778,1762,1737,1782,1781,1783,1785,1786,1787,1792,1791],"class_list":{"0":"post-5295","1":"product","2":"type-product","3":"status-publish","4":"has-post-thumbnail","6":"product_cat-koop-pijn-slaap-sekspillen","7":"product_tag-30-mg-percocet","8":"product_tag-5mg-percocet","9":"product_tag-bijwerkingen-van-percocet","10":"product_tag-blauw-percocet","11":"product_tag-cheap-percocet-pills","12":"product_tag-effecten-van-percocet","13":"product_tag-fake-percocet-pills","14":"product_tag-fotos-van-percocet-pillen","15":"product_tag-geel-percoce","16":"product_tag-generic-percocet","17":"product_tag-hoelang-blijft-percocet-in-uw-systeem","18":"product_tag-hoe-lang-blijft-percocet-in-je-urine","19":"product_tag-hoe-voelt-percocet-voelen","20":"product_tag-hoe-zien-percocet-pillen-eruit","21":"product_tag-hoe-ziet-een-percocet-eruit","22":"product_tag-is-oxycodon-het-zelfde-als-percocet","23":"product_tag-jeuk-percocet","24":"product_tag-percocet-online-kopen","25":"product_tag-molly-percocet","26":"product_tag-molly-percocet-lied","27":"product_tag-neppercocet","28":"product_tag-oxycodon-vs-percocet","29":"product_tag-oxycontin-vs-percocet","30":"product_tag-percocet-10","31":"product_tag-percocet-10-images","32":"product_tag-percocet-10-geel","33":"product_tag-percocet-10-325","34":"product_tag-percocet-10-325-effecten","35":"product_tag-percocet-10-325-efectos-wit","36":"product_tag-percocet-10-325-espanol","37":"product_tag-percocet-10mg","38":"product_tag-percocet-15","39":"product_tag-percocet-15-mg","40":"product_tag-percocet-20-mg","41":"product_tag-percocet-30","42":"product_tag-percocet-30-mg","43":"product_tag-percocet-325","44":"product_tag-percocet-5","45":"product_tag-percocet-5-mg","46":"product_tag-percocet-5-325","47":"product_tag-percocet-5-325-precio","48":"product_tag-percocet-512","49":"product_tag-percocet-7-5-325-effecten","50":"product_tag-percocet-7-5","51":"product_tag-percocet-bijwerkingen","52":"product_tag-percocet-dosering","53":"product_tag-percocet-effecten","54":"product_tag-percocet-en-alcohol","55":"product_tag-percocet-en-xanax","56":"product_tag-percocet-gevoel","57":"product_tag-percocet-high","58":"product_tag-percocet-in-spaans","59":"product_tag-percocet-lied","60":"product_tag-percocet-molly","61":"product_tag-percocet-online","62":"product_tag-percocet-pijnpillen","63":"product_tag-percocet-pil","64":"product_tag-percocet-pillen","65":"product_tag-percocet-pillen-afbeeldingen","66":"product_tag-percocet-pillen-te-verkoop","67":"product_tag-percocet-straatwaarde","68":"product_tag-percocet-terugtrekking","69":"product_tag-percocet-vs-tramadol","70":"product_tag-percocet-vs-vicodin","71":"product_tag-percocet-drug","72":"product_tag-pijnstillers-te-koop-percocet","73":"product_tag-pillen-die-eruit-zien-percocet-5mg","74":"product_tag-pillen-die-eruit-lijken-percocet","75":"product_tag-roze-percocet","76":"product_tag-straatwaarde-van-percocet","77":"product_tag-tramadol-vs-percocet","78":"product_tag-vicodin-vs-percocet","79":"product_tag-wat-is-percocet-voor-gebruikt","80":"product_tag-wat-is-percocet","82":"first","83":"instock","84":"shipping-taxable","85":"purchasable","86":"product-type-variable","87":"has-default-attributes"},"yoast_head":"<!-- This site is optimized with the Yoast SEO plugin v27.3 - https:\/\/yoast.com\/product\/yoast-seo-wordpress\/ -->\n<title>Koop Percocet 10 mg pillen - Best Best Global Meds<\/title>\n<meta name=\"description\" content=\"Koop Percocet 10 mg pillen online. Sterke slaappillen, pijnstillers, online apotheek uk, , pijnstillers te koop, pijnstillers, online medicijnen kopen, pijnstillers online kopen, online pijnstillers kopen.\" \/>\n<meta name=\"robots\" content=\"index, follow, max-snippet:-1, max-image-preview:large, max-video-preview:-1\" \/>\n<link rel=\"canonical\" href=\"https:\/\/medicinasinc.com\/nl\/product\/percocet-10mg-pillen-kopen\/\" \/>\n<meta property=\"og:locale\" content=\"nl_NL\" \/>\n<meta property=\"og:type\" content=\"article\" \/>\n<meta property=\"og:title\" content=\"Koop Percocet 10 mg pillen - Best Best Global Meds\" \/>\n<meta property=\"og:description\" content=\"Koop Percocet 10 mg pillen online. Sterke slaappillen, pijnstillers, online apotheek uk, , pijnstillers te koop, pijnstillers, online medicijnen kopen, pijnstillers online kopen, online pijnstillers kopen.\" \/>\n<meta property=\"og:url\" content=\"https:\/\/medicinasinc.com\/nl\/product\/percocet-10mg-pillen-kopen\/\" \/>\n<meta property=\"og:site_name\" content=\"Medicinas Inc\" \/>\n<meta property=\"article:modified_time\" content=\"2022-07-05T02:47:15+00:00\" \/>\n<meta property=\"og:image\" content=\"https:\/\/medicinasinc.com\/nl\/wp-content\/uploads\/sites\/17\/2022\/02\/Buy-Percocet-10mg-pills.jpg\" \/>\n\t<meta property=\"og:image:width\" content=\"600\" \/>\n\t<meta property=\"og:image:height\" content=\"400\" \/>\n\t<meta property=\"og:image:type\" content=\"image\/jpeg\" \/>\n<meta name=\"twitter:card\" content=\"summary_large_image\" \/>\n<meta name=\"twitter:label1\" content=\"Geschatte leestijd\" \/>\n\t<meta name=\"twitter:data1\" content=\"5 minuten\" \/>\n<script type=\"application\/ld+json\" class=\"yoast-schema-graph\">{\"@context\":\"https:\\\/\\\/schema.org\",\"@graph\":[{\"@type\":\"WebPage\",\"@id\":\"https:\\\/\\\/medicinasinc.com\\\/nl\\\/product\\\/percocet-10mg-pillen-kopen\\\/\",\"url\":\"https:\\\/\\\/medicinasinc.com\\\/nl\\\/product\\\/percocet-10mg-pillen-kopen\\\/\",\"name\":\"Koop Percocet 10 mg pillen - Best Best Global Meds\",\"isPartOf\":{\"@id\":\"https:\\\/\\\/medicinasinc.com\\\/nl\\\/#website\"},\"primaryImageOfPage\":{\"@id\":\"https:\\\/\\\/medicinasinc.com\\\/nl\\\/product\\\/percocet-10mg-pillen-kopen\\\/#primaryimage\"},\"image\":{\"@id\":\"https:\\\/\\\/medicinasinc.com\\\/nl\\\/product\\\/percocet-10mg-pillen-kopen\\\/#primaryimage\"},\"thumbnailUrl\":\"https:\\\/\\\/medicinasinc.com\\\/nl\\\/wp-content\\\/uploads\\\/sites\\\/17\\\/2022\\\/02\\\/Buy-Percocet-10mg-pills.jpg\",\"datePublished\":\"2022-02-21T18:18:17+00:00\",\"dateModified\":\"2022-07-05T02:47:15+00:00\",\"description\":\"Koop Percocet 10 mg pillen online. Sterke slaappillen, pijnstillers, online apotheek uk, , pijnstillers te koop, pijnstillers, online medicijnen kopen, pijnstillers online kopen, online pijnstillers kopen.\",\"breadcrumb\":{\"@id\":\"https:\\\/\\\/medicinasinc.com\\\/nl\\\/product\\\/percocet-10mg-pillen-kopen\\\/#breadcrumb\"},\"inLanguage\":\"nl-NL\",\"potentialAction\":[{\"@type\":\"ReadAction\",\"target\":[\"https:\\\/\\\/medicinasinc.com\\\/nl\\\/product\\\/percocet-10mg-pillen-kopen\\\/\"]}]},{\"@type\":\"ImageObject\",\"inLanguage\":\"nl-NL\",\"@id\":\"https:\\\/\\\/medicinasinc.com\\\/nl\\\/product\\\/percocet-10mg-pillen-kopen\\\/#primaryimage\",\"url\":\"https:\\\/\\\/medicinasinc.com\\\/nl\\\/wp-content\\\/uploads\\\/sites\\\/17\\\/2022\\\/02\\\/Buy-Percocet-10mg-pills.jpg\",\"contentUrl\":\"https:\\\/\\\/medicinasinc.com\\\/nl\\\/wp-content\\\/uploads\\\/sites\\\/17\\\/2022\\\/02\\\/Buy-Percocet-10mg-pills.jpg\",\"width\":600,\"height\":400},{\"@type\":\"BreadcrumbList\",\"@id\":\"https:\\\/\\\/medicinasinc.com\\\/nl\\\/product\\\/percocet-10mg-pillen-kopen\\\/#breadcrumb\",\"itemListElement\":[{\"@type\":\"ListItem\",\"position\":1,\"name\":\"Winkel\",\"item\":\"https:\\\/\\\/medicinasinc.com\\\/nl\\\/winkel\\\/\"},{\"@type\":\"ListItem\",\"position\":2,\"name\":\"Percocet 10 mg pillen kopen\"}]},{\"@type\":\"WebSite\",\"@id\":\"https:\\\/\\\/medicinasinc.com\\\/nl\\\/#website\",\"url\":\"https:\\\/\\\/medicinasinc.com\\\/nl\\\/\",\"name\":\"Medicinas Inc\",\"description\":\"Health Medical Clinic\",\"potentialAction\":[{\"@type\":\"SearchAction\",\"target\":{\"@type\":\"EntryPoint\",\"urlTemplate\":\"https:\\\/\\\/medicinasinc.com\\\/nl\\\/?s={search_term_string}\"},\"query-input\":{\"@type\":\"PropertyValueSpecification\",\"valueRequired\":true,\"valueName\":\"search_term_string\"}}],\"inLanguage\":\"nl-NL\"}]}<\/script>\n<!-- \/ Yoast SEO plugin. -->","yoast_head_json":{"title":"Koop Percocet 10 mg pillen - Best Best Global Meds","description":"Koop Percocet 10 mg pillen online. Sterke slaappillen, pijnstillers, online apotheek uk, , pijnstillers te koop, pijnstillers, online medicijnen kopen, pijnstillers online kopen, online pijnstillers kopen.","robots":{"index":"index","follow":"follow","max-snippet":"max-snippet:-1","max-image-preview":"max-image-preview:large","max-video-preview":"max-video-preview:-1"},"canonical":"https:\/\/medicinasinc.com\/nl\/product\/percocet-10mg-pillen-kopen\/","og_locale":"nl_NL","og_type":"article","og_title":"Koop Percocet 10 mg pillen - Best Best Global Meds","og_description":"Koop Percocet 10 mg pillen online. Sterke slaappillen, pijnstillers, online apotheek uk, , pijnstillers te koop, pijnstillers, online medicijnen kopen, pijnstillers online kopen, online pijnstillers kopen.","og_url":"https:\/\/medicinasinc.com\/nl\/product\/percocet-10mg-pillen-kopen\/","og_site_name":"Medicinas Inc","article_modified_time":"2022-07-05T02:47:15+00:00","og_image":[{"width":600,"height":400,"url":"https:\/\/medicinasinc.com\/nl\/wp-content\/uploads\/sites\/17\/2022\/02\/Buy-Percocet-10mg-pills.jpg","type":"image\/jpeg"}],"twitter_card":"summary_large_image","twitter_misc":{"Geschatte leestijd":"5 minuten"},"schema":{"@context":"https:\/\/schema.org","@graph":[{"@type":"WebPage","@id":"https:\/\/medicinasinc.com\/nl\/product\/percocet-10mg-pillen-kopen\/","url":"https:\/\/medicinasinc.com\/nl\/product\/percocet-10mg-pillen-kopen\/","name":"Koop Percocet 10 mg pillen - Best Best Global Meds","isPartOf":{"@id":"https:\/\/medicinasinc.com\/nl\/#website"},"primaryImageOfPage":{"@id":"https:\/\/medicinasinc.com\/nl\/product\/percocet-10mg-pillen-kopen\/#primaryimage"},"image":{"@id":"https:\/\/medicinasinc.com\/nl\/product\/percocet-10mg-pillen-kopen\/#primaryimage"},"thumbnailUrl":"https:\/\/medicinasinc.com\/nl\/wp-content\/uploads\/sites\/17\/2022\/02\/Buy-Percocet-10mg-pills.jpg","datePublished":"2022-02-21T18:18:17+00:00","dateModified":"2022-07-05T02:47:15+00:00","description":"Koop Percocet 10 mg pillen online. Sterke slaappillen, pijnstillers, online apotheek uk, , pijnstillers te koop, pijnstillers, online medicijnen kopen, pijnstillers online kopen, online pijnstillers kopen.","breadcrumb":{"@id":"https:\/\/medicinasinc.com\/nl\/product\/percocet-10mg-pillen-kopen\/#breadcrumb"},"inLanguage":"nl-NL","potentialAction":[{"@type":"ReadAction","target":["https:\/\/medicinasinc.com\/nl\/product\/percocet-10mg-pillen-kopen\/"]}]},{"@type":"ImageObject","inLanguage":"nl-NL","@id":"https:\/\/medicinasinc.com\/nl\/product\/percocet-10mg-pillen-kopen\/#primaryimage","url":"https:\/\/medicinasinc.com\/nl\/wp-content\/uploads\/sites\/17\/2022\/02\/Buy-Percocet-10mg-pills.jpg","contentUrl":"https:\/\/medicinasinc.com\/nl\/wp-content\/uploads\/sites\/17\/2022\/02\/Buy-Percocet-10mg-pills.jpg","width":600,"height":400},{"@type":"BreadcrumbList","@id":"https:\/\/medicinasinc.com\/nl\/product\/percocet-10mg-pillen-kopen\/#breadcrumb","itemListElement":[{"@type":"ListItem","position":1,"name":"Winkel","item":"https:\/\/medicinasinc.com\/nl\/winkel\/"},{"@type":"ListItem","position":2,"name":"Percocet 10 mg pillen kopen"}]},{"@type":"WebSite","@id":"https:\/\/medicinasinc.com\/nl\/#website","url":"https:\/\/medicinasinc.com\/nl\/","name":"Medicinas Inc","description":"Health Medical Clinic","potentialAction":[{"@type":"SearchAction","target":{"@type":"EntryPoint","urlTemplate":"https:\/\/medicinasinc.com\/nl\/?s={search_term_string}"},"query-input":{"@type":"PropertyValueSpecification","valueRequired":true,"valueName":"search_term_string"}}],"inLanguage":"nl-NL"}]}},"_links":{"self":[{"href":"https:\/\/medicinasinc.com\/nl\/wp-json\/wp\/v2\/product\/5295","targetHints":{"allow":["GET"]}}],"collection":[{"href":"https:\/\/medicinasinc.com\/nl\/wp-json\/wp\/v2\/product"}],"about":[{"href":"https:\/\/medicinasinc.com\/nl\/wp-json\/wp\/v2\/types\/product"}],"replies":[{"embeddable":true,"href":"https:\/\/medicinasinc.com\/nl\/wp-json\/wp\/v2\/comments?post=5295"}],"wp:featuredmedia":[{"embeddable":true,"href":"https:\/\/medicinasinc.com\/nl\/wp-json\/wp\/v2\/media\/5305"}],"wp:attachment":[{"href":"https:\/\/medicinasinc.com\/nl\/wp-json\/wp\/v2\/media?parent=5295"}],"wp:term":[{"taxonomy":"product_brand","embeddable":true,"href":"https:\/\/medicinasinc.com\/nl\/wp-json\/wp\/v2\/product_brand?post=5295"},{"taxonomy":"product_cat","embeddable":true,"href":"https:\/\/medicinasinc.com\/nl\/wp-json\/wp\/v2\/product_cat?post=5295"},{"taxonomy":"product_tag","embeddable":true,"href":"https:\/\/medicinasinc.com\/nl\/wp-json\/wp\/v2\/product_tag?post=5295"}],"curies":[{"name":"wp","href":"https:\/\/api.w.org\/{rel}","templated":true}]}}