{"id":5238,"date":"2022-02-20T22:26:29","date_gmt":"2022-02-20T22:26:29","guid":{"rendered":"https:\/\/medicinasinc.com\/nl\/?post_type=product&#038;p=5238"},"modified":"2022-07-05T02:48:29","modified_gmt":"2022-07-05T02:48:29","slug":"kopen-lortab-10-325mg","status":"publish","type":"product","link":"https:\/\/medicinasinc.com\/nl\/product\/kopen-lortab-10-325mg\/","title":{"rendered":"Lortab 10\/325mg kopen"},"content":{"rendered":"<p>Lortab 10\/325 mg pillen kunnen online worden gekocht.<br \/> Lortab &#8211; wat is het?<br \/> De risico&#8217;s van Lortab<\/p>\n<p>Dit combinatiegeneesmiddel wordt gebruikt voor de behandeling van pijn vari\u00ebrend van licht tot ernstig. Het omvat een opio\u00efde analgeticum (hydrocodon) en een niet-opio\u00efde analgeticum (paracetamol). Hydrocodon verandert de manier waarop uw lichaam pijn waarneemt en erop reageert door in te werken op de hersenen. Acetaminophen kan ook helpen bij het verminderen van koorts.<\/p>\n<p>Dit product wordt niet aanbevolen voor kinderen jonger dan zes jaar vanwege een verhoogd risico op ernstige bijwerkingen (zoals oppervlakkige\/langzame ademhaling).<\/p>\n","protected":false},"excerpt":{"rendered":"<div class=\"woocommerce-product-details__short-description\">\n<p>Koop Lortab 10\/325mg-pillen die u online kunt kopen. online aankoop van pijnstillers, online aankoop van pijnstillers, online aankoop van ernstige pijnstillers<\/p>\n<p>Lortab 10\/325mg pillen te koop in het Verenigd Koninkrijk en Europa. koop pijnstillers online, koop pijnstillers online, zonder recept, oxycodon online, pijnstillers, pijnstillers, ADD\/ADHD pillen, stero\u00efden pillen, anti angst pillen, anti depressie pillen, gewichtsverlies pillen.<\/p>\n<p>Koop lortab paracetamol-tabletten 5 mg 7,5 mg 10 mg met opdruk m367 legaal van een gerenommeerde online apotheek die bezorging &#8217;s nachts aanbiedt.<\/p>\n<\/p><\/div>\n","protected":false},"featured_media":5256,"comment_status":"open","ping_status":"closed","template":"","meta":[],"product_brand":[],"product_cat":[1117],"product_tag":[1502,1513,1472,1473,1474,1475,1320,1476,1477,1479,1478,1480,1481,1482,1485,1483,1484,1488,1489,1490,1497,1498,1499,1491,1492,1493,1494,1495,1496,1470,1501,1506,1487,1504,1503,1505,1500,1486,1507,1508,1509,1471,1511,1512,1510],"class_list":{"0":"post-5238","1":"product","2":"type-product","3":"status-publish","4":"has-post-thumbnail","6":"product_cat-koop-pijn-slaap-sekspillen","7":"product_tag-lortab-ten","8":"product_tag-geel-lortab-10","9":"product_tag-generiek-lortab","10":"product_tag-hoelang-blijft-lortab-in-uw-systeem","11":"product_tag-hoelang-blijft-lortab-in-je-urine","12":"product_tag-hydrocodon-lortab","13":"product_tag-lortab","14":"product_tag-lortab-10","15":"product_tag-lortab-10-325-straatwaarde","16":"product_tag-lortab-10-fotos","17":"product_tag-lortab-10-mg","18":"product_tag-lortab-5","19":"product_tag-lortab-5-mg","20":"product_tag-lortab-5-325","21":"product_tag-lortab-7-5-mg","22":"product_tag-lortab-7-5","23":"product_tag-lortab-7-5-325","24":"product_tag-lortab-classification","25":"product_tag-lortab-dosage","26":"product_tag-lortab-elixir","27":"product_tag-lortab-pic","28":"product_tag-lortab-foto","29":"product_tag-lortab-fotos","30":"product_tag-lortab-generieke-naam","31":"product_tag-lortab-generieke-namen","32":"product_tag-lortab-ingredint","33":"product_tag-lortab-ingredinten","34":"product_tag-lortab-m367","35":"product_tag-lortab-on-line","36":"product_tag-lortab-online-kopen","37":"product_tag-lortab-strength","38":"product_tag-lortab-terugtrekken","39":"product_tag-lortab-toevoeging","40":"product_tag-lortab-vs-oxycodon","41":"product_tag-lortab-vs-norco","42":"product_tag-lortab-vs-vicodin","43":"product_tag-lortab-bijwerkingen","44":"product_tag-lortab-verslavingen","45":"product_tag-m366-lortab","46":"product_tag-norco-lortab","47":"product_tag-norco-vs-lortab","48":"product_tag-verschil-tussen-lortab-en-percocet","49":"product_tag-wat-is-een-lortab","50":"product_tag-wat-is-lortab","51":"product_tag-what-are-lortab","53":"first","54":"instock","55":"shipping-taxable","56":"purchasable","57":"product-type-variable","58":"has-default-attributes"},"yoast_head":"<!-- This site is optimized with the Yoast SEO plugin v27.3 - https:\/\/yoast.com\/product\/yoast-seo-wordpress\/ -->\n<title>Koop Lortab 10\/325mg - Beste beste wereldwijde medicijnen<\/title>\n<meta name=\"description\" content=\"Koop Lortab 10\/325mg pillen te koop VK, Europa. koop pijnstillers online, koop pijnmedicatie online, sterke lijst met pijnstillers, geen recept, oxycodon online, pijnstillers, pijnstillers, ADD\/ADHD-pillen, stero\u00efden, anti-angstpillen, antidepressiepillen, pillen voor gewichtsverlies.\" \/>\n<meta name=\"robots\" content=\"index, follow, max-snippet:-1, max-image-preview:large, max-video-preview:-1\" \/>\n<link rel=\"canonical\" href=\"https:\/\/medicinasinc.com\/nl\/product\/kopen-lortab-10-325mg\/\" \/>\n<meta property=\"og:locale\" content=\"nl_NL\" \/>\n<meta property=\"og:type\" content=\"article\" \/>\n<meta property=\"og:title\" content=\"Koop Lortab 10\/325mg - Beste beste wereldwijde medicijnen\" \/>\n<meta property=\"og:description\" content=\"Koop Lortab 10\/325mg pillen te koop VK, Europa. koop pijnstillers online, koop pijnmedicatie online, sterke lijst met pijnstillers, geen recept, oxycodon online, pijnstillers, pijnstillers, ADD\/ADHD-pillen, stero\u00efden, anti-angstpillen, antidepressiepillen, pillen voor gewichtsverlies.\" \/>\n<meta property=\"og:url\" content=\"https:\/\/medicinasinc.com\/nl\/product\/kopen-lortab-10-325mg\/\" \/>\n<meta property=\"og:site_name\" content=\"Medicinas Inc\" \/>\n<meta property=\"article:modified_time\" content=\"2022-07-05T02:48:29+00:00\" \/>\n<meta property=\"og:image\" content=\"https:\/\/medicinasinc.com\/nl\/wp-content\/uploads\/sites\/17\/2022\/02\/buy-lortab-10-325mg-pills-online.jpg\" \/>\n\t<meta property=\"og:image:width\" content=\"600\" \/>\n\t<meta property=\"og:image:height\" content=\"600\" \/>\n\t<meta property=\"og:image:type\" content=\"image\/jpeg\" \/>\n<meta name=\"twitter:card\" content=\"summary_large_image\" \/>\n<meta name=\"twitter:label1\" content=\"Geschatte leestijd\" \/>\n\t<meta name=\"twitter:data1\" content=\"1 minuut\" \/>\n<script type=\"application\/ld+json\" class=\"yoast-schema-graph\">{\"@context\":\"https:\\\/\\\/schema.org\",\"@graph\":[{\"@type\":\"WebPage\",\"@id\":\"https:\\\/\\\/medicinasinc.com\\\/nl\\\/product\\\/kopen-lortab-10-325mg\\\/\",\"url\":\"https:\\\/\\\/medicinasinc.com\\\/nl\\\/product\\\/kopen-lortab-10-325mg\\\/\",\"name\":\"Koop Lortab 10\\\/325mg - Beste beste wereldwijde medicijnen\",\"isPartOf\":{\"@id\":\"https:\\\/\\\/medicinasinc.com\\\/nl\\\/#website\"},\"primaryImageOfPage\":{\"@id\":\"https:\\\/\\\/medicinasinc.com\\\/nl\\\/product\\\/kopen-lortab-10-325mg\\\/#primaryimage\"},\"image\":{\"@id\":\"https:\\\/\\\/medicinasinc.com\\\/nl\\\/product\\\/kopen-lortab-10-325mg\\\/#primaryimage\"},\"thumbnailUrl\":\"https:\\\/\\\/medicinasinc.com\\\/nl\\\/wp-content\\\/uploads\\\/sites\\\/17\\\/2022\\\/02\\\/buy-lortab-10-325mg-pills-online.jpg\",\"datePublished\":\"2022-02-20T22:26:29+00:00\",\"dateModified\":\"2022-07-05T02:48:29+00:00\",\"description\":\"Koop Lortab 10\\\/325mg pillen te koop VK, Europa. koop pijnstillers online, koop pijnmedicatie online, sterke lijst met pijnstillers, geen recept, oxycodon online, pijnstillers, pijnstillers, ADD\\\/ADHD-pillen, stero\u00efden, anti-angstpillen, antidepressiepillen, pillen voor gewichtsverlies.\",\"breadcrumb\":{\"@id\":\"https:\\\/\\\/medicinasinc.com\\\/nl\\\/product\\\/kopen-lortab-10-325mg\\\/#breadcrumb\"},\"inLanguage\":\"nl-NL\",\"potentialAction\":[{\"@type\":\"ReadAction\",\"target\":[\"https:\\\/\\\/medicinasinc.com\\\/nl\\\/product\\\/kopen-lortab-10-325mg\\\/\"]}]},{\"@type\":\"ImageObject\",\"inLanguage\":\"nl-NL\",\"@id\":\"https:\\\/\\\/medicinasinc.com\\\/nl\\\/product\\\/kopen-lortab-10-325mg\\\/#primaryimage\",\"url\":\"https:\\\/\\\/medicinasinc.com\\\/nl\\\/wp-content\\\/uploads\\\/sites\\\/17\\\/2022\\\/02\\\/buy-lortab-10-325mg-pills-online.jpg\",\"contentUrl\":\"https:\\\/\\\/medicinasinc.com\\\/nl\\\/wp-content\\\/uploads\\\/sites\\\/17\\\/2022\\\/02\\\/buy-lortab-10-325mg-pills-online.jpg\",\"width\":600,\"height\":600},{\"@type\":\"BreadcrumbList\",\"@id\":\"https:\\\/\\\/medicinasinc.com\\\/nl\\\/product\\\/kopen-lortab-10-325mg\\\/#breadcrumb\",\"itemListElement\":[{\"@type\":\"ListItem\",\"position\":1,\"name\":\"Winkel\",\"item\":\"https:\\\/\\\/medicinasinc.com\\\/nl\\\/winkel\\\/\"},{\"@type\":\"ListItem\",\"position\":2,\"name\":\"Lortab 10\\\/325mg kopen\"}]},{\"@type\":\"WebSite\",\"@id\":\"https:\\\/\\\/medicinasinc.com\\\/nl\\\/#website\",\"url\":\"https:\\\/\\\/medicinasinc.com\\\/nl\\\/\",\"name\":\"Medicinas Inc\",\"description\":\"Health Medical Clinic\",\"potentialAction\":[{\"@type\":\"SearchAction\",\"target\":{\"@type\":\"EntryPoint\",\"urlTemplate\":\"https:\\\/\\\/medicinasinc.com\\\/nl\\\/?s={search_term_string}\"},\"query-input\":{\"@type\":\"PropertyValueSpecification\",\"valueRequired\":true,\"valueName\":\"search_term_string\"}}],\"inLanguage\":\"nl-NL\"}]}<\/script>\n<!-- \/ Yoast SEO plugin. -->","yoast_head_json":{"title":"Koop Lortab 10\/325mg - Beste beste wereldwijde medicijnen","description":"Koop Lortab 10\/325mg pillen te koop VK, Europa. koop pijnstillers online, koop pijnmedicatie online, sterke lijst met pijnstillers, geen recept, oxycodon online, pijnstillers, pijnstillers, ADD\/ADHD-pillen, stero\u00efden, anti-angstpillen, antidepressiepillen, pillen voor gewichtsverlies.","robots":{"index":"index","follow":"follow","max-snippet":"max-snippet:-1","max-image-preview":"max-image-preview:large","max-video-preview":"max-video-preview:-1"},"canonical":"https:\/\/medicinasinc.com\/nl\/product\/kopen-lortab-10-325mg\/","og_locale":"nl_NL","og_type":"article","og_title":"Koop Lortab 10\/325mg - Beste beste wereldwijde medicijnen","og_description":"Koop Lortab 10\/325mg pillen te koop VK, Europa. koop pijnstillers online, koop pijnmedicatie online, sterke lijst met pijnstillers, geen recept, oxycodon online, pijnstillers, pijnstillers, ADD\/ADHD-pillen, stero\u00efden, anti-angstpillen, antidepressiepillen, pillen voor gewichtsverlies.","og_url":"https:\/\/medicinasinc.com\/nl\/product\/kopen-lortab-10-325mg\/","og_site_name":"Medicinas Inc","article_modified_time":"2022-07-05T02:48:29+00:00","og_image":[{"width":600,"height":600,"url":"https:\/\/medicinasinc.com\/nl\/wp-content\/uploads\/sites\/17\/2022\/02\/buy-lortab-10-325mg-pills-online.jpg","type":"image\/jpeg"}],"twitter_card":"summary_large_image","twitter_misc":{"Geschatte leestijd":"1 minuut"},"schema":{"@context":"https:\/\/schema.org","@graph":[{"@type":"WebPage","@id":"https:\/\/medicinasinc.com\/nl\/product\/kopen-lortab-10-325mg\/","url":"https:\/\/medicinasinc.com\/nl\/product\/kopen-lortab-10-325mg\/","name":"Koop Lortab 10\/325mg - Beste beste wereldwijde medicijnen","isPartOf":{"@id":"https:\/\/medicinasinc.com\/nl\/#website"},"primaryImageOfPage":{"@id":"https:\/\/medicinasinc.com\/nl\/product\/kopen-lortab-10-325mg\/#primaryimage"},"image":{"@id":"https:\/\/medicinasinc.com\/nl\/product\/kopen-lortab-10-325mg\/#primaryimage"},"thumbnailUrl":"https:\/\/medicinasinc.com\/nl\/wp-content\/uploads\/sites\/17\/2022\/02\/buy-lortab-10-325mg-pills-online.jpg","datePublished":"2022-02-20T22:26:29+00:00","dateModified":"2022-07-05T02:48:29+00:00","description":"Koop Lortab 10\/325mg pillen te koop VK, Europa. koop pijnstillers online, koop pijnmedicatie online, sterke lijst met pijnstillers, geen recept, oxycodon online, pijnstillers, pijnstillers, ADD\/ADHD-pillen, stero\u00efden, anti-angstpillen, antidepressiepillen, pillen voor gewichtsverlies.","breadcrumb":{"@id":"https:\/\/medicinasinc.com\/nl\/product\/kopen-lortab-10-325mg\/#breadcrumb"},"inLanguage":"nl-NL","potentialAction":[{"@type":"ReadAction","target":["https:\/\/medicinasinc.com\/nl\/product\/kopen-lortab-10-325mg\/"]}]},{"@type":"ImageObject","inLanguage":"nl-NL","@id":"https:\/\/medicinasinc.com\/nl\/product\/kopen-lortab-10-325mg\/#primaryimage","url":"https:\/\/medicinasinc.com\/nl\/wp-content\/uploads\/sites\/17\/2022\/02\/buy-lortab-10-325mg-pills-online.jpg","contentUrl":"https:\/\/medicinasinc.com\/nl\/wp-content\/uploads\/sites\/17\/2022\/02\/buy-lortab-10-325mg-pills-online.jpg","width":600,"height":600},{"@type":"BreadcrumbList","@id":"https:\/\/medicinasinc.com\/nl\/product\/kopen-lortab-10-325mg\/#breadcrumb","itemListElement":[{"@type":"ListItem","position":1,"name":"Winkel","item":"https:\/\/medicinasinc.com\/nl\/winkel\/"},{"@type":"ListItem","position":2,"name":"Lortab 10\/325mg kopen"}]},{"@type":"WebSite","@id":"https:\/\/medicinasinc.com\/nl\/#website","url":"https:\/\/medicinasinc.com\/nl\/","name":"Medicinas Inc","description":"Health Medical Clinic","potentialAction":[{"@type":"SearchAction","target":{"@type":"EntryPoint","urlTemplate":"https:\/\/medicinasinc.com\/nl\/?s={search_term_string}"},"query-input":{"@type":"PropertyValueSpecification","valueRequired":true,"valueName":"search_term_string"}}],"inLanguage":"nl-NL"}]}},"_links":{"self":[{"href":"https:\/\/medicinasinc.com\/nl\/wp-json\/wp\/v2\/product\/5238","targetHints":{"allow":["GET"]}}],"collection":[{"href":"https:\/\/medicinasinc.com\/nl\/wp-json\/wp\/v2\/product"}],"about":[{"href":"https:\/\/medicinasinc.com\/nl\/wp-json\/wp\/v2\/types\/product"}],"replies":[{"embeddable":true,"href":"https:\/\/medicinasinc.com\/nl\/wp-json\/wp\/v2\/comments?post=5238"}],"wp:featuredmedia":[{"embeddable":true,"href":"https:\/\/medicinasinc.com\/nl\/wp-json\/wp\/v2\/media\/5256"}],"wp:attachment":[{"href":"https:\/\/medicinasinc.com\/nl\/wp-json\/wp\/v2\/media?parent=5238"}],"wp:term":[{"taxonomy":"product_brand","embeddable":true,"href":"https:\/\/medicinasinc.com\/nl\/wp-json\/wp\/v2\/product_brand?post=5238"},{"taxonomy":"product_cat","embeddable":true,"href":"https:\/\/medicinasinc.com\/nl\/wp-json\/wp\/v2\/product_cat?post=5238"},{"taxonomy":"product_tag","embeddable":true,"href":"https:\/\/medicinasinc.com\/nl\/wp-json\/wp\/v2\/product_tag?post=5238"}],"curies":[{"name":"wp","href":"https:\/\/api.w.org\/{rel}","templated":true}]}}