{"id":5183,"date":"2022-02-20T21:35:10","date_gmt":"2022-02-20T21:35:10","guid":{"rendered":"https:\/\/medicinasinc.com\/nl\/?post_type=product&#038;p=5183"},"modified":"2022-07-05T02:49:47","modified_gmt":"2022-07-05T02:49:47","slug":"hydrocodon-10-500mg","status":"publish","type":"product","link":"https:\/\/medicinasinc.com\/nl\/product\/hydrocodon-10-500mg\/","title":{"rendered":"Hydrocodon 10\/500 mg"},"content":{"rendered":"<div class=\"product-next-previous\">\n<div class=\"product-prev\">\n<p>Hydrocodon 10\/500mg-pillen zijn momenteel online verkrijgbaar.<\/p>\n<p>Hoogwaardige combinatie geneesmiddel voor matige tot ernstige pijnbestrijding, Watson 540 (Hydrocodon) 500 mg is Watson 540 (Hydrocodon). Acetaminophen en Hydrocodon worden gebruikt in de formulering van Hydrocodon te koop. Niet-opio\u00efde paracetamol en opio\u00efde hydrocodon zijn beide pijnstillers.<\/p>\n<p>In de hersenen verandert dit medicijn de manier waarop het lichaam reageert en pijn ervaart. De temperatuur van een persoon kan ook worden verlaagd door het gebruik van dit medicijn.<\/p>\n<p>Vanwege de significante nadelige effecten van oppervlakkige\/langzame ademhaling die kunnen optreden wanneer u hydrocodon online koopt, wordt het niet aanbevolen voor kinderen jonger dan 6 jaar. jaar oud.<\/p>\n<p>Lees voordat u met dit medicijn begint de pati\u00ebntenbijsluiter die door uw arts aan u is verstrekt.<\/p>\n<p>Koop hydrocodon kan oraal worden ingenomen, met of zonder maaltijden , afhankelijk van de voorkeur van de gebruiker. Raadpleeg uw arts of zorgverlener voordat u het medicijn inneemt als u misselijk bent.<\/p>\n<p>Wat zit er in elke Watson 540-tablet?<\/p>\n<p>Natriumstearaat van magnesium<br \/> Microkristallijne cellulose<br \/> CrospovidonenCroscarmellose Het is gemaakt van natriumstearaat<br \/> ZetmeelPovidon<br \/> Polyethyleentereftalaatoxide<br \/> Bevat KLEURPOEDER Nr. 10 D&amp;C Geel<\/p>\n<p>&nbsp;<\/p>\n<p>Afhankelijk van de algemene reactie van de pati\u00ebnt en de medische toestand, kan de dosering van dit geneesmiddel vari\u00ebren. Probeer nooit de dosering van de medicatie te verhogen en stop alleen met het innemen ervan als uw arts u dat opdraagt.<\/p>\n<p>Het abrupt stoppen van de medicatie kan leiden tot ontwenningsverschijnselen. Om ontwenningsverschijnselen te voorkomen, dient u de instructies van uw arts op te volgen om uw medicatiedosering geleidelijk af te bouwen.<\/p>\n<p>Online aankopen van hydrocodon kunnen soms leiden tot afhankelijkheid. Het wordt aanbevolen om de voorgeschreven dosering van het medicijn niet te overschrijden om drugsverslaving te voorkomen.<\/p>\n<p>Allergie:<\/p>\n<p>Vraag uw arts of zorgverlener of u dit medicijn kunt gebruiken omdat u allergisch bent voor de ingredi\u00ebnten paracetamol en hydrocodon. De reactie van een persoon op dit product kan nadelig worden be\u00efnvloed door de aanwezigheid van werkzame stoffen in de formulering.<\/p>\n<p>Slaperigheid:<\/p>\n<p>Slaperigheid of duizeligheid kan optreden als bijwerking van dit medicijn. Rijvaardigheid, het gebruik van machines of elke andere activiteit die volledige aandacht of alertheid vereist, moet worden vermeden. Gelieve niet deel te nemen aan een van deze activiteiten totdat u er zeker van bent dat u dit zonder problemen kunt doen.<\/p>\n<p>Zwangerschap:<\/p>\n<p>Zwangere vrouwen wordt geadviseerd dit medicijn niet te gebruiken. Gebruik dit medicijn alleen als het absoluut noodzakelijk is. Raadpleeg uw arts of apotheker om meer te weten te komen over de voor- en nadelen van het gebruik van dit medicijn tijdens de zwangerschap.<\/p>\n<p>Borstvoeding<\/p>\n<p>Het gebruik van dit medicijn tijdens het geven van borstvoeding kan een nadelig effect hebben op de gezondheid van de baby. Artsen moeten snel worden geraadpleegd als uw baby vreemde symptomen vertoont, zoals moeite met ademhalen of lethargie, evenals problemen met eten.<\/p>\n<p>Overgeven, duizeligheid, slaperigheid en constipatie kunnen optreden als gevolg van het gebruik van hydrocodon. Naarmate de medicatie wordt voortgezet, kunnen sommige van deze bijwerkingen in de loop van de tijd in ernst verminderen. Als een van deze symptomen verergert, moet u medische noodhulp zoeken om een \u200b\u200boplossing te vinden.<\/p>\n<p>U moet veel vezels consumeren en veel water drinken om constipatie te voorkomen. Neem indien nodig een laxeermiddel om de symptomen van constipatie te verlichten. U moet uw arts om advies vragen voordat u een laxeermiddel gebruikt.<\/p>\n<p>U moet langzaam opstaan \u200b\u200buit een liggende of zittende houding als u de symptomen van een licht gevoel in het hoofd en duizeligheid wilt minimaliseren.<\/p>\n<\/p><\/div><\/div>\n","protected":false},"excerpt":{"rendered":"<div class=\"woocommerce-product-details__short-description\">\n<p>Koop Hydrocodon 10\/500mg-pillen die te koop zijn in het Verenigd Koninkrijk, de EU en Europa, die u online kunt kopen via onze website. Dihydrocodeinon (hydrocodon) is een halffabrikaat opio\u00efde afgeleid van code\u00efne en theba\u00efne, twee veelvoorkomende sedativa.<\/p>\n<p>Voor matige tot ernstige pijn is het werkzame bestanddeel van Watson 540 (Hydrocodon) 500 mg hydrocodon. Acetaminophen en Hydrocodon worden gebruikt in de formulering van Hydrocodon te koop. Hydroxycodon is een opio\u00efde pijnstiller, terwijl paracetamol niet-opio\u00efde is.<\/p>\n<\/p><\/div>\n","protected":false},"featured_media":5201,"comment_status":"open","ping_status":"closed","template":"","meta":[],"product_brand":[],"product_cat":[1117],"product_tag":[1298,1299,1300,1301,1302,1303,1304,1305,1306,1307,1308,1311,1312,1297,1313,1314,1310,1309],"class_list":{"0":"post-5183","1":"product","2":"type-product","3":"status-publish","4":"has-post-thumbnail","6":"product_cat-koop-pijn-slaap-sekspillen","7":"product_tag-generic-pills-for-sale-in-usa","8":"product_tag-generieke-watson","9":"product_tag-generieke-watson-pillen-te-verkoop-in-usa","10":"product_tag-hydrocodon-te-verkoop","11":"product_tag-medicatie-zonder-recept","12":"product_tag-watson-500-mg","13":"product_tag-watson-500mg","14":"product_tag-watson-540-hydrocodon-500-mg","15":"product_tag-watson-540-hydrocodon-online","16":"product_tag-watson-540-medicine","17":"product_tag-watson-dosering","18":"product_tag-watson-hydrocodon-pijn-verlies-pillen","19":"product_tag-watson-medication","20":"product_tag-koop-watson-online","21":"product_tag-watson-pain-relief-tablet","22":"product_tag-watson-pillen-zonder-recept","23":"product_tag-watson-te-verkoop-in-usa","24":"product_tag-watson-te-verkoop-in-uk","26":"first","27":"instock","28":"shipping-taxable","29":"purchasable","30":"product-type-variable","31":"has-default-attributes"},"yoast_head":"<!-- This site is optimized with the Yoast SEO plugin v27.3 - https:\/\/yoast.com\/product\/yoast-seo-wordpress\/ -->\n<title>Koop Hydrocodon 10\/500mg - Beste beste wereldwijde medicijnen<\/title>\n<meta name=\"description\" content=\"Koop Hydrocodon 10\/500 mg pillen te koop VK, EU, Europa online. Hydrocodon of dihydrocodeinon is een halffabrikaat opio\u00efde afgeleid van twee van de veel voorkomende sedativa, code\u00efne en theba\u00efne.\" \/>\n<meta name=\"robots\" content=\"index, follow, max-snippet:-1, max-image-preview:large, max-video-preview:-1\" \/>\n<link rel=\"canonical\" href=\"https:\/\/medicinasinc.com\/nl\/product\/hydrocodon-10-500mg\/\" \/>\n<meta property=\"og:locale\" content=\"nl_NL\" \/>\n<meta property=\"og:type\" content=\"article\" \/>\n<meta property=\"og:title\" content=\"Koop Hydrocodon 10\/500mg - Beste beste wereldwijde medicijnen\" \/>\n<meta property=\"og:description\" content=\"Koop Hydrocodon 10\/500 mg pillen te koop VK, EU, Europa online. Hydrocodon of dihydrocodeinon is een halffabrikaat opio\u00efde afgeleid van twee van de veel voorkomende sedativa, code\u00efne en theba\u00efne.\" \/>\n<meta property=\"og:url\" content=\"https:\/\/medicinasinc.com\/nl\/product\/hydrocodon-10-500mg\/\" \/>\n<meta property=\"og:site_name\" content=\"Medicinas Inc\" \/>\n<meta property=\"article:modified_time\" content=\"2022-07-05T02:49:47+00:00\" \/>\n<meta property=\"og:image\" content=\"https:\/\/medicinasinc.com\/nl\/wp-content\/uploads\/sites\/17\/2022\/02\/buy-hydrocodone-10-500mg-pills-online.jpg\" \/>\n\t<meta property=\"og:image:width\" content=\"600\" \/>\n\t<meta property=\"og:image:height\" content=\"600\" \/>\n\t<meta property=\"og:image:type\" content=\"image\/jpeg\" \/>\n<meta name=\"twitter:card\" content=\"summary_large_image\" \/>\n<meta name=\"twitter:label1\" content=\"Geschatte leestijd\" \/>\n\t<meta name=\"twitter:data1\" content=\"3 minuten\" \/>\n<script type=\"application\/ld+json\" class=\"yoast-schema-graph\">{\"@context\":\"https:\\\/\\\/schema.org\",\"@graph\":[{\"@type\":\"WebPage\",\"@id\":\"https:\\\/\\\/medicinasinc.com\\\/nl\\\/product\\\/hydrocodon-10-500mg\\\/\",\"url\":\"https:\\\/\\\/medicinasinc.com\\\/nl\\\/product\\\/hydrocodon-10-500mg\\\/\",\"name\":\"Koop Hydrocodon 10\\\/500mg - Beste beste wereldwijde medicijnen\",\"isPartOf\":{\"@id\":\"https:\\\/\\\/medicinasinc.com\\\/nl\\\/#website\"},\"primaryImageOfPage\":{\"@id\":\"https:\\\/\\\/medicinasinc.com\\\/nl\\\/product\\\/hydrocodon-10-500mg\\\/#primaryimage\"},\"image\":{\"@id\":\"https:\\\/\\\/medicinasinc.com\\\/nl\\\/product\\\/hydrocodon-10-500mg\\\/#primaryimage\"},\"thumbnailUrl\":\"https:\\\/\\\/medicinasinc.com\\\/nl\\\/wp-content\\\/uploads\\\/sites\\\/17\\\/2022\\\/02\\\/buy-hydrocodone-10-500mg-pills-online.jpg\",\"datePublished\":\"2022-02-20T21:35:10+00:00\",\"dateModified\":\"2022-07-05T02:49:47+00:00\",\"description\":\"Koop Hydrocodon 10\\\/500 mg pillen te koop VK, EU, Europa online. Hydrocodon of dihydrocodeinon is een halffabrikaat opio\u00efde afgeleid van twee van de veel voorkomende sedativa, code\u00efne en theba\u00efne.\",\"breadcrumb\":{\"@id\":\"https:\\\/\\\/medicinasinc.com\\\/nl\\\/product\\\/hydrocodon-10-500mg\\\/#breadcrumb\"},\"inLanguage\":\"nl-NL\",\"potentialAction\":[{\"@type\":\"ReadAction\",\"target\":[\"https:\\\/\\\/medicinasinc.com\\\/nl\\\/product\\\/hydrocodon-10-500mg\\\/\"]}]},{\"@type\":\"ImageObject\",\"inLanguage\":\"nl-NL\",\"@id\":\"https:\\\/\\\/medicinasinc.com\\\/nl\\\/product\\\/hydrocodon-10-500mg\\\/#primaryimage\",\"url\":\"https:\\\/\\\/medicinasinc.com\\\/nl\\\/wp-content\\\/uploads\\\/sites\\\/17\\\/2022\\\/02\\\/buy-hydrocodone-10-500mg-pills-online.jpg\",\"contentUrl\":\"https:\\\/\\\/medicinasinc.com\\\/nl\\\/wp-content\\\/uploads\\\/sites\\\/17\\\/2022\\\/02\\\/buy-hydrocodone-10-500mg-pills-online.jpg\",\"width\":600,\"height\":600},{\"@type\":\"BreadcrumbList\",\"@id\":\"https:\\\/\\\/medicinasinc.com\\\/nl\\\/product\\\/hydrocodon-10-500mg\\\/#breadcrumb\",\"itemListElement\":[{\"@type\":\"ListItem\",\"position\":1,\"name\":\"Winkel\",\"item\":\"https:\\\/\\\/medicinasinc.com\\\/nl\\\/winkel\\\/\"},{\"@type\":\"ListItem\",\"position\":2,\"name\":\"Hydrocodon 10\\\/500 mg\"}]},{\"@type\":\"WebSite\",\"@id\":\"https:\\\/\\\/medicinasinc.com\\\/nl\\\/#website\",\"url\":\"https:\\\/\\\/medicinasinc.com\\\/nl\\\/\",\"name\":\"Medicinas Inc\",\"description\":\"Health Medical Clinic\",\"potentialAction\":[{\"@type\":\"SearchAction\",\"target\":{\"@type\":\"EntryPoint\",\"urlTemplate\":\"https:\\\/\\\/medicinasinc.com\\\/nl\\\/?s={search_term_string}\"},\"query-input\":{\"@type\":\"PropertyValueSpecification\",\"valueRequired\":true,\"valueName\":\"search_term_string\"}}],\"inLanguage\":\"nl-NL\"}]}<\/script>\n<!-- \/ Yoast SEO plugin. -->","yoast_head_json":{"title":"Koop Hydrocodon 10\/500mg - Beste beste wereldwijde medicijnen","description":"Koop Hydrocodon 10\/500 mg pillen te koop VK, EU, Europa online. Hydrocodon of dihydrocodeinon is een halffabrikaat opio\u00efde afgeleid van twee van de veel voorkomende sedativa, code\u00efne en theba\u00efne.","robots":{"index":"index","follow":"follow","max-snippet":"max-snippet:-1","max-image-preview":"max-image-preview:large","max-video-preview":"max-video-preview:-1"},"canonical":"https:\/\/medicinasinc.com\/nl\/product\/hydrocodon-10-500mg\/","og_locale":"nl_NL","og_type":"article","og_title":"Koop Hydrocodon 10\/500mg - Beste beste wereldwijde medicijnen","og_description":"Koop Hydrocodon 10\/500 mg pillen te koop VK, EU, Europa online. Hydrocodon of dihydrocodeinon is een halffabrikaat opio\u00efde afgeleid van twee van de veel voorkomende sedativa, code\u00efne en theba\u00efne.","og_url":"https:\/\/medicinasinc.com\/nl\/product\/hydrocodon-10-500mg\/","og_site_name":"Medicinas Inc","article_modified_time":"2022-07-05T02:49:47+00:00","og_image":[{"width":600,"height":600,"url":"https:\/\/medicinasinc.com\/nl\/wp-content\/uploads\/sites\/17\/2022\/02\/buy-hydrocodone-10-500mg-pills-online.jpg","type":"image\/jpeg"}],"twitter_card":"summary_large_image","twitter_misc":{"Geschatte leestijd":"3 minuten"},"schema":{"@context":"https:\/\/schema.org","@graph":[{"@type":"WebPage","@id":"https:\/\/medicinasinc.com\/nl\/product\/hydrocodon-10-500mg\/","url":"https:\/\/medicinasinc.com\/nl\/product\/hydrocodon-10-500mg\/","name":"Koop Hydrocodon 10\/500mg - Beste beste wereldwijde medicijnen","isPartOf":{"@id":"https:\/\/medicinasinc.com\/nl\/#website"},"primaryImageOfPage":{"@id":"https:\/\/medicinasinc.com\/nl\/product\/hydrocodon-10-500mg\/#primaryimage"},"image":{"@id":"https:\/\/medicinasinc.com\/nl\/product\/hydrocodon-10-500mg\/#primaryimage"},"thumbnailUrl":"https:\/\/medicinasinc.com\/nl\/wp-content\/uploads\/sites\/17\/2022\/02\/buy-hydrocodone-10-500mg-pills-online.jpg","datePublished":"2022-02-20T21:35:10+00:00","dateModified":"2022-07-05T02:49:47+00:00","description":"Koop Hydrocodon 10\/500 mg pillen te koop VK, EU, Europa online. Hydrocodon of dihydrocodeinon is een halffabrikaat opio\u00efde afgeleid van twee van de veel voorkomende sedativa, code\u00efne en theba\u00efne.","breadcrumb":{"@id":"https:\/\/medicinasinc.com\/nl\/product\/hydrocodon-10-500mg\/#breadcrumb"},"inLanguage":"nl-NL","potentialAction":[{"@type":"ReadAction","target":["https:\/\/medicinasinc.com\/nl\/product\/hydrocodon-10-500mg\/"]}]},{"@type":"ImageObject","inLanguage":"nl-NL","@id":"https:\/\/medicinasinc.com\/nl\/product\/hydrocodon-10-500mg\/#primaryimage","url":"https:\/\/medicinasinc.com\/nl\/wp-content\/uploads\/sites\/17\/2022\/02\/buy-hydrocodone-10-500mg-pills-online.jpg","contentUrl":"https:\/\/medicinasinc.com\/nl\/wp-content\/uploads\/sites\/17\/2022\/02\/buy-hydrocodone-10-500mg-pills-online.jpg","width":600,"height":600},{"@type":"BreadcrumbList","@id":"https:\/\/medicinasinc.com\/nl\/product\/hydrocodon-10-500mg\/#breadcrumb","itemListElement":[{"@type":"ListItem","position":1,"name":"Winkel","item":"https:\/\/medicinasinc.com\/nl\/winkel\/"},{"@type":"ListItem","position":2,"name":"Hydrocodon 10\/500 mg"}]},{"@type":"WebSite","@id":"https:\/\/medicinasinc.com\/nl\/#website","url":"https:\/\/medicinasinc.com\/nl\/","name":"Medicinas Inc","description":"Health Medical Clinic","potentialAction":[{"@type":"SearchAction","target":{"@type":"EntryPoint","urlTemplate":"https:\/\/medicinasinc.com\/nl\/?s={search_term_string}"},"query-input":{"@type":"PropertyValueSpecification","valueRequired":true,"valueName":"search_term_string"}}],"inLanguage":"nl-NL"}]}},"_links":{"self":[{"href":"https:\/\/medicinasinc.com\/nl\/wp-json\/wp\/v2\/product\/5183","targetHints":{"allow":["GET"]}}],"collection":[{"href":"https:\/\/medicinasinc.com\/nl\/wp-json\/wp\/v2\/product"}],"about":[{"href":"https:\/\/medicinasinc.com\/nl\/wp-json\/wp\/v2\/types\/product"}],"replies":[{"embeddable":true,"href":"https:\/\/medicinasinc.com\/nl\/wp-json\/wp\/v2\/comments?post=5183"}],"wp:featuredmedia":[{"embeddable":true,"href":"https:\/\/medicinasinc.com\/nl\/wp-json\/wp\/v2\/media\/5201"}],"wp:attachment":[{"href":"https:\/\/medicinasinc.com\/nl\/wp-json\/wp\/v2\/media?parent=5183"}],"wp:term":[{"taxonomy":"product_brand","embeddable":true,"href":"https:\/\/medicinasinc.com\/nl\/wp-json\/wp\/v2\/product_brand?post=5183"},{"taxonomy":"product_cat","embeddable":true,"href":"https:\/\/medicinasinc.com\/nl\/wp-json\/wp\/v2\/product_cat?post=5183"},{"taxonomy":"product_tag","embeddable":true,"href":"https:\/\/medicinasinc.com\/nl\/wp-json\/wp\/v2\/product_tag?post=5183"}],"curies":[{"name":"wp","href":"https:\/\/api.w.org\/{rel}","templated":true}]}}