{"id":5149,"date":"2022-02-20T21:05:49","date_gmt":"2022-02-20T21:05:49","guid":{"rendered":"https:\/\/medicinasinc.com\/nl\/?post_type=product&#038;p=5149"},"modified":"2022-07-05T02:50:37","modified_gmt":"2022-07-05T02:50:37","slug":"koop-codeine-sulfaat-30-mg","status":"publish","type":"product","link":"https:\/\/medicinasinc.com\/nl\/product\/koop-codeine-sulfaat-30-mg\/","title":{"rendered":"Koop code\u00efnesulfaat 30 mg"},"content":{"rendered":"<p>online aankoop van 30 mg code\u00efnefosfaat<\/p>\n<p>Code\u00efne\u00a0(fosfaat)\u00a030 mg\u00a0pillen\/tabletten:<\/p>\n<p>Code\u00efne\u00a0(fosfaat) geneest pijn of hoest. Een hoest- en pijnstiller in \u00e9\u00e9n, dit medicijn is een verdovende pijnstiller.<\/p>\n<p>U kunt Code\u00efne Fosfaat 30 mg op internet kopen en het &#8217;s nachts aan uw deur laten bezorgen via FedEx, zonder dat u een recept nodig heeft, aangezien zolang u zich in de VS bevindt.<\/p>\n<p>Code\u00efnefosfaat 30 mg kan online worden gekocht, met snelle, veilige en traceerbare levering voor alle aankopen. Dit is het moment om online code\u00efnefosfaat te kopen.<\/p>\n<p>Tabletten code\u00efnefosfaat (30 mg). Code\u00efne is een krachtige pijnstiller die alleen op doktersrecept verkrijgbaar is. Een krachtig opiaat en verdovend middel dat goed werkt. Bestel\u00a0..<\/p>\n<p>kalmerende middelen verkocht over de toonbank Momenteel op de markt. Code\u00efne is een pijnstiller die kan worden gebruikt om matig tot ernstig ongemak te behandelen of te voorkomen. Het kan ook worden gebruikt om verschillende aandoeningen te behandelen. Code\u00efne is zonder recept verkrijgbaar tegen een zeer redelijke prijs online.<\/p>\n","protected":false},"excerpt":{"rendered":"<p>Code\u00efne (fosfaat) 30 mg pillen\/tabletten: code\u00efne (fosfaat) wordt gebruikt om hoest en pijn te verlichten. Een hoest- en pijnstiller in \u00e9\u00e9n, dit medicijn is een verdovende pijnstiller.<\/p>\n<p>Je kunt Code\u00efne Fosfaat 30 mg op internet kopen en het &#8217;s nachts aan je deur laten bezorgen via FedEx, zonder dat je een recept nodig hebt, omdat zolang je in de VS bent.<\/p>\n<p>Code\u00efne Fosfaat 30 mg is online beschikbaar voor aankoop, met snelle, veilige en traceerbare levering voor alle aankopen. Dit is het moment om online code\u00efnefosfaat te kopen.<\/p>\n<p>Tabletten code\u00efnefosfaat (30 mg). Code\u00efne is een krachtige pijnstiller die alleen op doktersrecept verkrijgbaar is. Een krachtig opiaat en verdovend middel dat goed werkt. Bestel\u00a0..<\/p>\n<p>kalmerende middelen verkocht over de toonbank Momenteel op de markt. Code\u00efne is een pijnstiller die kan worden gebruikt om matig tot ernstig ongemak te behandelen of te voorkomen. Het kan ook worden gebruikt om verschillende aandoeningen te behandelen. Code\u00efne is zonder recept verkrijgbaar tegen een zeer redelijke prijs online.<\/p>\n","protected":false},"featured_media":5166,"comment_status":"open","ping_status":"closed","template":"","meta":[],"product_brand":[],"product_cat":[1117],"product_tag":[],"class_list":{"0":"post-5149","1":"product","2":"type-product","3":"status-publish","4":"has-post-thumbnail","6":"product_cat-koop-pijn-slaap-sekspillen","8":"first","9":"instock","10":"shipping-taxable","11":"purchasable","12":"product-type-variable","13":"has-default-attributes"},"yoast_head":"<!-- This site is optimized with the Yoast SEO plugin v27.3 - https:\/\/yoast.com\/product\/yoast-seo-wordpress\/ -->\n<title>Koop Code\u00efne Sulfaat 30 mg - Beste Beste Wereldwijde Meds<\/title>\n<meta name=\"description\" content=\"Koop code\u00efnesulfaat 30 mg online, verzending &#039;s nachts, merkmedicijnen, levering via FedEx, DPD zonder recept, levering in de VS, VK, Europa.\" \/>\n<meta name=\"robots\" content=\"index, follow, max-snippet:-1, max-image-preview:large, max-video-preview:-1\" \/>\n<link rel=\"canonical\" href=\"https:\/\/medicinasinc.com\/nl\/product\/koop-codeine-sulfaat-30-mg\/\" \/>\n<meta property=\"og:locale\" content=\"nl_NL\" \/>\n<meta property=\"og:type\" content=\"article\" \/>\n<meta property=\"og:title\" content=\"Koop Code\u00efne Sulfaat 30 mg - Beste Beste Wereldwijde Meds\" \/>\n<meta property=\"og:description\" content=\"Koop code\u00efnesulfaat 30 mg online, verzending &#039;s nachts, merkmedicijnen, levering via FedEx, DPD zonder recept, levering in de VS, VK, Europa.\" \/>\n<meta property=\"og:url\" content=\"https:\/\/medicinasinc.com\/nl\/product\/koop-codeine-sulfaat-30-mg\/\" \/>\n<meta property=\"og:site_name\" content=\"Medicinas Inc\" \/>\n<meta property=\"article:modified_time\" content=\"2022-07-05T02:50:37+00:00\" \/>\n<meta property=\"og:image\" content=\"https:\/\/medicinasinc.com\/nl\/wp-content\/uploads\/sites\/17\/2022\/02\/buy-codeine-sulfate-30mg-online.jpg\" \/>\n\t<meta property=\"og:image:width\" content=\"600\" \/>\n\t<meta property=\"og:image:height\" content=\"600\" \/>\n\t<meta property=\"og:image:type\" content=\"image\/jpeg\" \/>\n<meta name=\"twitter:card\" content=\"summary_large_image\" \/>\n<meta name=\"twitter:label1\" content=\"Geschatte leestijd\" \/>\n\t<meta name=\"twitter:data1\" content=\"1 minuut\" \/>\n<script type=\"application\/ld+json\" class=\"yoast-schema-graph\">{\"@context\":\"https:\\\/\\\/schema.org\",\"@graph\":[{\"@type\":\"WebPage\",\"@id\":\"https:\\\/\\\/medicinasinc.com\\\/nl\\\/product\\\/koop-codeine-sulfaat-30-mg\\\/\",\"url\":\"https:\\\/\\\/medicinasinc.com\\\/nl\\\/product\\\/koop-codeine-sulfaat-30-mg\\\/\",\"name\":\"Koop Code\u00efne Sulfaat 30 mg - Beste Beste Wereldwijde Meds\",\"isPartOf\":{\"@id\":\"https:\\\/\\\/medicinasinc.com\\\/nl\\\/#website\"},\"primaryImageOfPage\":{\"@id\":\"https:\\\/\\\/medicinasinc.com\\\/nl\\\/product\\\/koop-codeine-sulfaat-30-mg\\\/#primaryimage\"},\"image\":{\"@id\":\"https:\\\/\\\/medicinasinc.com\\\/nl\\\/product\\\/koop-codeine-sulfaat-30-mg\\\/#primaryimage\"},\"thumbnailUrl\":\"https:\\\/\\\/medicinasinc.com\\\/nl\\\/wp-content\\\/uploads\\\/sites\\\/17\\\/2022\\\/02\\\/buy-codeine-sulfate-30mg-online.jpg\",\"datePublished\":\"2022-02-20T21:05:49+00:00\",\"dateModified\":\"2022-07-05T02:50:37+00:00\",\"description\":\"Koop code\u00efnesulfaat 30 mg online, verzending 's nachts, merkmedicijnen, levering via FedEx, DPD zonder recept, levering in de VS, VK, Europa.\",\"breadcrumb\":{\"@id\":\"https:\\\/\\\/medicinasinc.com\\\/nl\\\/product\\\/koop-codeine-sulfaat-30-mg\\\/#breadcrumb\"},\"inLanguage\":\"nl-NL\",\"potentialAction\":[{\"@type\":\"ReadAction\",\"target\":[\"https:\\\/\\\/medicinasinc.com\\\/nl\\\/product\\\/koop-codeine-sulfaat-30-mg\\\/\"]}]},{\"@type\":\"ImageObject\",\"inLanguage\":\"nl-NL\",\"@id\":\"https:\\\/\\\/medicinasinc.com\\\/nl\\\/product\\\/koop-codeine-sulfaat-30-mg\\\/#primaryimage\",\"url\":\"https:\\\/\\\/medicinasinc.com\\\/nl\\\/wp-content\\\/uploads\\\/sites\\\/17\\\/2022\\\/02\\\/buy-codeine-sulfate-30mg-online.jpg\",\"contentUrl\":\"https:\\\/\\\/medicinasinc.com\\\/nl\\\/wp-content\\\/uploads\\\/sites\\\/17\\\/2022\\\/02\\\/buy-codeine-sulfate-30mg-online.jpg\",\"width\":600,\"height\":600},{\"@type\":\"BreadcrumbList\",\"@id\":\"https:\\\/\\\/medicinasinc.com\\\/nl\\\/product\\\/koop-codeine-sulfaat-30-mg\\\/#breadcrumb\",\"itemListElement\":[{\"@type\":\"ListItem\",\"position\":1,\"name\":\"Winkel\",\"item\":\"https:\\\/\\\/medicinasinc.com\\\/nl\\\/winkel\\\/\"},{\"@type\":\"ListItem\",\"position\":2,\"name\":\"Koop code\u00efnesulfaat 30 mg\"}]},{\"@type\":\"WebSite\",\"@id\":\"https:\\\/\\\/medicinasinc.com\\\/nl\\\/#website\",\"url\":\"https:\\\/\\\/medicinasinc.com\\\/nl\\\/\",\"name\":\"Medicinas Inc\",\"description\":\"Health Medical Clinic\",\"potentialAction\":[{\"@type\":\"SearchAction\",\"target\":{\"@type\":\"EntryPoint\",\"urlTemplate\":\"https:\\\/\\\/medicinasinc.com\\\/nl\\\/?s={search_term_string}\"},\"query-input\":{\"@type\":\"PropertyValueSpecification\",\"valueRequired\":true,\"valueName\":\"search_term_string\"}}],\"inLanguage\":\"nl-NL\"}]}<\/script>\n<!-- \/ Yoast SEO plugin. -->","yoast_head_json":{"title":"Koop Code\u00efne Sulfaat 30 mg - Beste Beste Wereldwijde Meds","description":"Koop code\u00efnesulfaat 30 mg online, verzending 's nachts, merkmedicijnen, levering via FedEx, DPD zonder recept, levering in de VS, VK, Europa.","robots":{"index":"index","follow":"follow","max-snippet":"max-snippet:-1","max-image-preview":"max-image-preview:large","max-video-preview":"max-video-preview:-1"},"canonical":"https:\/\/medicinasinc.com\/nl\/product\/koop-codeine-sulfaat-30-mg\/","og_locale":"nl_NL","og_type":"article","og_title":"Koop Code\u00efne Sulfaat 30 mg - Beste Beste Wereldwijde Meds","og_description":"Koop code\u00efnesulfaat 30 mg online, verzending 's nachts, merkmedicijnen, levering via FedEx, DPD zonder recept, levering in de VS, VK, Europa.","og_url":"https:\/\/medicinasinc.com\/nl\/product\/koop-codeine-sulfaat-30-mg\/","og_site_name":"Medicinas Inc","article_modified_time":"2022-07-05T02:50:37+00:00","og_image":[{"width":600,"height":600,"url":"https:\/\/medicinasinc.com\/nl\/wp-content\/uploads\/sites\/17\/2022\/02\/buy-codeine-sulfate-30mg-online.jpg","type":"image\/jpeg"}],"twitter_card":"summary_large_image","twitter_misc":{"Geschatte leestijd":"1 minuut"},"schema":{"@context":"https:\/\/schema.org","@graph":[{"@type":"WebPage","@id":"https:\/\/medicinasinc.com\/nl\/product\/koop-codeine-sulfaat-30-mg\/","url":"https:\/\/medicinasinc.com\/nl\/product\/koop-codeine-sulfaat-30-mg\/","name":"Koop Code\u00efne Sulfaat 30 mg - Beste Beste Wereldwijde Meds","isPartOf":{"@id":"https:\/\/medicinasinc.com\/nl\/#website"},"primaryImageOfPage":{"@id":"https:\/\/medicinasinc.com\/nl\/product\/koop-codeine-sulfaat-30-mg\/#primaryimage"},"image":{"@id":"https:\/\/medicinasinc.com\/nl\/product\/koop-codeine-sulfaat-30-mg\/#primaryimage"},"thumbnailUrl":"https:\/\/medicinasinc.com\/nl\/wp-content\/uploads\/sites\/17\/2022\/02\/buy-codeine-sulfate-30mg-online.jpg","datePublished":"2022-02-20T21:05:49+00:00","dateModified":"2022-07-05T02:50:37+00:00","description":"Koop code\u00efnesulfaat 30 mg online, verzending 's nachts, merkmedicijnen, levering via FedEx, DPD zonder recept, levering in de VS, VK, Europa.","breadcrumb":{"@id":"https:\/\/medicinasinc.com\/nl\/product\/koop-codeine-sulfaat-30-mg\/#breadcrumb"},"inLanguage":"nl-NL","potentialAction":[{"@type":"ReadAction","target":["https:\/\/medicinasinc.com\/nl\/product\/koop-codeine-sulfaat-30-mg\/"]}]},{"@type":"ImageObject","inLanguage":"nl-NL","@id":"https:\/\/medicinasinc.com\/nl\/product\/koop-codeine-sulfaat-30-mg\/#primaryimage","url":"https:\/\/medicinasinc.com\/nl\/wp-content\/uploads\/sites\/17\/2022\/02\/buy-codeine-sulfate-30mg-online.jpg","contentUrl":"https:\/\/medicinasinc.com\/nl\/wp-content\/uploads\/sites\/17\/2022\/02\/buy-codeine-sulfate-30mg-online.jpg","width":600,"height":600},{"@type":"BreadcrumbList","@id":"https:\/\/medicinasinc.com\/nl\/product\/koop-codeine-sulfaat-30-mg\/#breadcrumb","itemListElement":[{"@type":"ListItem","position":1,"name":"Winkel","item":"https:\/\/medicinasinc.com\/nl\/winkel\/"},{"@type":"ListItem","position":2,"name":"Koop code\u00efnesulfaat 30 mg"}]},{"@type":"WebSite","@id":"https:\/\/medicinasinc.com\/nl\/#website","url":"https:\/\/medicinasinc.com\/nl\/","name":"Medicinas Inc","description":"Health Medical Clinic","potentialAction":[{"@type":"SearchAction","target":{"@type":"EntryPoint","urlTemplate":"https:\/\/medicinasinc.com\/nl\/?s={search_term_string}"},"query-input":{"@type":"PropertyValueSpecification","valueRequired":true,"valueName":"search_term_string"}}],"inLanguage":"nl-NL"}]}},"_links":{"self":[{"href":"https:\/\/medicinasinc.com\/nl\/wp-json\/wp\/v2\/product\/5149","targetHints":{"allow":["GET"]}}],"collection":[{"href":"https:\/\/medicinasinc.com\/nl\/wp-json\/wp\/v2\/product"}],"about":[{"href":"https:\/\/medicinasinc.com\/nl\/wp-json\/wp\/v2\/types\/product"}],"replies":[{"embeddable":true,"href":"https:\/\/medicinasinc.com\/nl\/wp-json\/wp\/v2\/comments?post=5149"}],"wp:featuredmedia":[{"embeddable":true,"href":"https:\/\/medicinasinc.com\/nl\/wp-json\/wp\/v2\/media\/5166"}],"wp:attachment":[{"href":"https:\/\/medicinasinc.com\/nl\/wp-json\/wp\/v2\/media?parent=5149"}],"wp:term":[{"taxonomy":"product_brand","embeddable":true,"href":"https:\/\/medicinasinc.com\/nl\/wp-json\/wp\/v2\/product_brand?post=5149"},{"taxonomy":"product_cat","embeddable":true,"href":"https:\/\/medicinasinc.com\/nl\/wp-json\/wp\/v2\/product_cat?post=5149"},{"taxonomy":"product_tag","embeddable":true,"href":"https:\/\/medicinasinc.com\/nl\/wp-json\/wp\/v2\/product_tag?post=5149"}],"curies":[{"name":"wp","href":"https:\/\/api.w.org\/{rel}","templated":true}]}}