{"id":4849,"date":"2022-02-20T16:51:26","date_gmt":"2022-02-20T16:51:26","guid":{"rendered":"https:\/\/medicinasinc.com\/nl\/?post_type=product&#038;p=4849"},"modified":"2022-07-05T03:02:44","modified_gmt":"2022-07-05T03:02:44","slug":"ibogaine-poeder-kopen","status":"publish","type":"product","link":"https:\/\/medicinasinc.com\/nl\/product\/ibogaine-poeder-kopen\/","title":{"rendered":"Iboga\u00efnepoeder kopen"},"content":{"rendered":"<p>Iboga\u00efnehydrochloride<\/p>\n<p>Iboga\u00efne HCL is een van nature voorkomende psychoactieve stof die wordt aangetroffen in planten die behoren tot de Apocynaceae-familie, waaronder Tabernanthe iboga, Voacanga africana en Tabernaemontana undulata.<\/p>\n<p>Het is een dissociatieve psychedelica. Voorlopig onderzoek geeft aan dat het nuttig kan zijn bij de behandeling van drugsverslaving. Iboga\u00efne is te koop. Iboga\u00efne HCL kan online worden gekocht. Iboga\u00efne hydrochloride poeder. Iboga\u00efne kan online worden gekocht.<\/p>\n<p>Bovendien zijn er sinds 2016 talloze vormen van iboga\u00efne beschikbaar, vari\u00ebrend van het wortelpoeder, dat extreem sporenhoeveelheden iboga\u00efne bevat en zeer weinig effect heeft wanneer het wordt gebruikt om opio\u00efden te verlichten ontwenningsverschijnselen, tot zeer gezuiverde, 99,7 procent pure Iboga\u00efne HCL. Iboga\u00efne HCL online te koop<\/p>\n<p>Iboga\u00efnehydrochloride te koop<\/p>\n<p>Om te beginnen gebruiken we 99,7% pure Iboga\u00efne HCL van farmaceutische kwaliteit in het iboga\u00efnebehandelingscentrum van Meds Consulting. We gebruiken geen goedkope semi-synthetische iboga\u00efne afgeleid van Voacanga africana, noch gebruiken we TA (totaal alkalo\u00efde) of PTA (gezuiverd totaal alkalo\u00efde) extracten. Iboga\u00efne kan online worden gekocht.<\/p>\n<p>Onze grondstoffen zijn afkomstig uit Kameroen (niet Gabon), via een boerenco\u00f6peratie die sinds het midden van de jaren negentig TA iboga verbouwt voor ons gebruik, gebruikmakend van milieuvriendelijke, duurzame landbouw praktijken. Wij gebruiken geen materialen uit de zwarte of grijze markt die qua herkomst of zuiverheid onbekend zijn. Iboga\u00efne HCL kan online worden gekocht.<\/p>\n<p>Ons iboga\u00efnehydrochloride is vervaardigd in een cGMP-conform laboratorium dat voldoet aan alle USFDA-richtlijnen. Meds Consulting gebruikt de zuiverste Iboga\u00efne HCL die beschikbaar is bij het gebruik van natuurlijke productchemie; onze materialen zijn 99,7% zuiver gecertificeerd via HPLC-assay.<\/p>\n<p>De psychoactieve eigenschappen van Ibogaine<\/p>\n<p>Om te beginnen produceren de psychoactieve eigenschappen van Ibogaine een verbeterde spirituele ervaring. De pati\u00ebnt krijgt een diepgaand inzicht, wat hem duidelijkheid verschaft over zijn leven en hem motiveert om psychologische veranderingen aan te brengen en een drugsvrij leven te leiden. Iboga\u00efne is te koop.<\/p>\n<p>Iboga\u00efne heeft volgens studies een aanzienlijk potentieel voor de behandeling van harddrugsverslavingen zoals hero\u00efne, methadon, coca\u00efne, crack en alcohol. Bovendien zijn er aanwijzingen dat het gunstig is bij de behandeling van tabaksverslaving. Iboga\u00efne kan online worden gekocht.<\/p>\n<p>Bovendien biedt Iboga\u00efne mogelijkheden voor psychotherapie en spirituele leraren. Bovendien kan Iboga\u00efne in psychotherapie worden gebruikt om de effecten van trauma of conditionering te behandelen. Iboga\u00efne is te koop.<\/p>\n<p>Is therapie effectief en veilig?<\/p>\n<p>Individuen zoeken af \u200b\u200ben toe naar iboga\u00efne te koop in de hoop een behandeling met iboga\u00efne te ondergaan voor opiaatverslaving. Echter, zoals bij elke behandeling, garandeert iboga\u00efnetherapie geen succes. Het beste iboga\u00efnehydrochloridepoeder<\/p>\n<p>Bovendien kan iboga\u00efne HCL-therapie worden gebruikt om een \u200b\u200bpersoon te helpen bij het overwinnen van een opiaatverslaving. Iboga\u00efne is te koop.<\/p>\n<p>Bovendien helpt iboga\u00efne de chemische niveaus in de hersenen te resetten, maar de hersenen worden relatief snel fysiek afhankelijk van iboga\u00efne. Dus als een persoon een overmatige hoeveelheid iboga\u00efne in \u00e9\u00e9n keer consumeert, kan hij of zij een fatale overdosis krijgen. Iboga\u00efne kan online worden gekocht.<\/p>\n<p>Niet alle iboga\u00efne is gelijk gemaakt. Diverse materialen kunnen duidelijk verschillende effecten hebben. Onze iboga\u00efne is identiek aan die gebruikt in alle monografie\u00ebn die tot nu toe in peer-reviewed tijdschriften zijn gepubliceerd, wat het vermeende vermogen van iboga\u00efne aantoont om ontwenningsverschijnselen te verlichten die gepaard gaan met stoornissen van polydrugsmisbruik. Iboga\u00efne kan online worden gekocht.<\/p>\n<p>We bieden &#8217;s werelds veiligste en meest effectieve iboga\u00efne-ontgiftingsprogramma, waarbij gebruik wordt gemaakt van het zuiverste iboga\u00efnehydrochloride dat op de planeet verkrijgbaar is. Iboga\u00efne hydrochloride poeder.<\/p>\n","protected":false},"excerpt":{"rendered":"<div class=\"woocommerce-product-details__short-description\">\n<p>Koop Iboga\u00efnepoeder uit Afrika in het VK, Europa te koop via de beste website, Iboga\u00efne is online te koop. Koop Iboga-wortelschors, Iboga\u00efne hcl, Iboga TA, Iboga\u00efne-capsule en voacanga bij Iboga\u00efne.<\/p>\n<p>Iboga\u00efne HCL (Hydrochloride) is ge\u00efsoleerd uit ons Iboga TA-extract en is ~95-99% pure Iboga\u00efne HCL.<\/p>\n<\/p><\/div>\n","protected":false},"featured_media":4862,"comment_status":"open","ping_status":"closed","template":"","meta":[],"product_brand":[],"product_cat":[703],"product_tag":[730,731,732,744,733,725,726,742,737,738,739,734,736,729,740,735,741,727,728,743],"class_list":{"0":"post-4849","1":"product","2":"type-product","3":"status-publish","4":"has-post-thumbnail","6":"product_cat-psychedelische-drugs-kopen","7":"product_tag-buy-iboga-root-bark-online","8":"product_tag-buy-ibogaine","9":"product_tag-buy-ibogaine-online","10":"product_tag-tabernakel-bedankt","11":"product_tag-eboka","12":"product_tag-heilig-hout","13":"product_tag-coop-iboga","14":"product_tag-bestel-iboga-online","15":"product_tag-iboga-root-bark-chips-for-sale","16":"product_tag-iboga-root-bark-for-for-sale","17":"product_tag-iboga-root-bark-for-sale","18":"product_tag-iboga-te-koop","19":"product_tag-iboga-root-terug-te-verkoop","20":"product_tag-iboga-wortelschors-chips-kopen","21":"product_tag-iboga-wortelschors-te-koop-online","22":"product_tag-iboga-poeder","23":"product_tag-ibogane-te-koop","24":"product_tag-koop-iboga-root-back","25":"product_tag-koop-iboga-wortel-schors","26":"product_tag-pure-iboga-poeder-te-koop","28":"first","29":"instock","30":"shipping-taxable","31":"purchasable","32":"product-type-variable","33":"has-default-attributes"},"yoast_head":"<!-- This site is optimized with the Yoast SEO plugin v27.2 - https:\/\/yoast.com\/product\/yoast-seo-wordpress\/ -->\n<title>Iboga\u00efnepoeder kopen - Iboga te koop - Best Best Global Meds<\/title>\n<meta name=\"description\" content=\"Koop Iboga\u00efnepoeder uit Afrika in het VK, Europa te koop via de beste website, Iboga\u00efne is online te koop. Koop Iboga-wortelschors, Iboga\u00efne hcl, Iboga TA, Iboga\u00efne-capsule en voacanga bij iboga\u00efne.\" \/>\n<meta name=\"robots\" content=\"index, follow, max-snippet:-1, max-image-preview:large, max-video-preview:-1\" \/>\n<link rel=\"canonical\" href=\"https:\/\/medicinasinc.com\/nl\/product\/ibogaine-poeder-kopen\/\" \/>\n<meta property=\"og:locale\" content=\"nl_NL\" \/>\n<meta property=\"og:type\" content=\"article\" \/>\n<meta property=\"og:title\" content=\"Iboga\u00efnepoeder kopen - Iboga te koop - Best Best Global Meds\" \/>\n<meta property=\"og:description\" content=\"Koop Iboga\u00efnepoeder uit Afrika in het VK, Europa te koop via de beste website, Iboga\u00efne is online te koop. Koop Iboga-wortelschors, Iboga\u00efne hcl, Iboga TA, Iboga\u00efne-capsule en voacanga bij iboga\u00efne.\" \/>\n<meta property=\"og:url\" content=\"https:\/\/medicinasinc.com\/nl\/product\/ibogaine-poeder-kopen\/\" \/>\n<meta property=\"og:site_name\" content=\"Medicinas Inc\" \/>\n<meta property=\"article:modified_time\" content=\"2022-07-05T03:02:44+00:00\" \/>\n<meta property=\"og:image\" content=\"https:\/\/medicinasinc.com\/nl\/wp-content\/uploads\/sites\/17\/2022\/02\/Buy-Ibogaine-Powder.webp\" \/>\n\t<meta property=\"og:image:width\" content=\"400\" \/>\n\t<meta property=\"og:image:height\" content=\"533\" \/>\n\t<meta property=\"og:image:type\" content=\"image\/webp\" \/>\n<meta name=\"twitter:card\" content=\"summary_large_image\" \/>\n<meta name=\"twitter:label1\" content=\"Geschatte leestijd\" \/>\n\t<meta name=\"twitter:data1\" content=\"3 minuten\" \/>\n<script type=\"application\/ld+json\" class=\"yoast-schema-graph\">{\"@context\":\"https:\/\/schema.org\",\"@graph\":[{\"@type\":\"WebPage\",\"@id\":\"https:\/\/medicinasinc.com\/nl\/product\/ibogaine-poeder-kopen\/\",\"url\":\"https:\/\/medicinasinc.com\/nl\/product\/ibogaine-poeder-kopen\/\",\"name\":\"Iboga\u00efnepoeder kopen - Iboga te koop - Best Best Global Meds\",\"isPartOf\":{\"@id\":\"https:\/\/medicinasinc.com\/nl\/#website\"},\"primaryImageOfPage\":{\"@id\":\"https:\/\/medicinasinc.com\/nl\/product\/ibogaine-poeder-kopen\/#primaryimage\"},\"image\":{\"@id\":\"https:\/\/medicinasinc.com\/nl\/product\/ibogaine-poeder-kopen\/#primaryimage\"},\"thumbnailUrl\":\"https:\/\/medicinasinc.com\/nl\/wp-content\/uploads\/sites\/17\/2022\/02\/Buy-Ibogaine-Powder.webp\",\"datePublished\":\"2022-02-20T16:51:26+00:00\",\"dateModified\":\"2022-07-05T03:02:44+00:00\",\"description\":\"Koop Iboga\u00efnepoeder uit Afrika in het VK, Europa te koop via de beste website, Iboga\u00efne is online te koop. Koop Iboga-wortelschors, Iboga\u00efne hcl, Iboga TA, Iboga\u00efne-capsule en voacanga bij iboga\u00efne.\",\"breadcrumb\":{\"@id\":\"https:\/\/medicinasinc.com\/nl\/product\/ibogaine-poeder-kopen\/#breadcrumb\"},\"inLanguage\":\"nl-NL\",\"potentialAction\":[{\"@type\":\"ReadAction\",\"target\":[\"https:\/\/medicinasinc.com\/nl\/product\/ibogaine-poeder-kopen\/\"]}]},{\"@type\":\"ImageObject\",\"inLanguage\":\"nl-NL\",\"@id\":\"https:\/\/medicinasinc.com\/nl\/product\/ibogaine-poeder-kopen\/#primaryimage\",\"url\":\"https:\/\/medicinasinc.com\/nl\/wp-content\/uploads\/sites\/17\/2022\/02\/Buy-Ibogaine-Powder.webp\",\"contentUrl\":\"https:\/\/medicinasinc.com\/nl\/wp-content\/uploads\/sites\/17\/2022\/02\/Buy-Ibogaine-Powder.webp\",\"width\":400,\"height\":533},{\"@type\":\"BreadcrumbList\",\"@id\":\"https:\/\/medicinasinc.com\/nl\/product\/ibogaine-poeder-kopen\/#breadcrumb\",\"itemListElement\":[{\"@type\":\"ListItem\",\"position\":1,\"name\":\"Winkel\",\"item\":\"https:\/\/medicinasinc.com\/nl\/winkel\/\"},{\"@type\":\"ListItem\",\"position\":2,\"name\":\"Iboga\u00efnepoeder kopen\"}]},{\"@type\":\"WebSite\",\"@id\":\"https:\/\/medicinasinc.com\/nl\/#website\",\"url\":\"https:\/\/medicinasinc.com\/nl\/\",\"name\":\"Medicinas Inc\",\"description\":\"Health Medical Clinic\",\"potentialAction\":[{\"@type\":\"SearchAction\",\"target\":{\"@type\":\"EntryPoint\",\"urlTemplate\":\"https:\/\/medicinasinc.com\/nl\/?s={search_term_string}\"},\"query-input\":{\"@type\":\"PropertyValueSpecification\",\"valueRequired\":true,\"valueName\":\"search_term_string\"}}],\"inLanguage\":\"nl-NL\"}]}<\/script>\n<!-- \/ Yoast SEO plugin. -->","yoast_head_json":{"title":"Iboga\u00efnepoeder kopen - Iboga te koop - Best Best Global Meds","description":"Koop Iboga\u00efnepoeder uit Afrika in het VK, Europa te koop via de beste website, Iboga\u00efne is online te koop. Koop Iboga-wortelschors, Iboga\u00efne hcl, Iboga TA, Iboga\u00efne-capsule en voacanga bij iboga\u00efne.","robots":{"index":"index","follow":"follow","max-snippet":"max-snippet:-1","max-image-preview":"max-image-preview:large","max-video-preview":"max-video-preview:-1"},"canonical":"https:\/\/medicinasinc.com\/nl\/product\/ibogaine-poeder-kopen\/","og_locale":"nl_NL","og_type":"article","og_title":"Iboga\u00efnepoeder kopen - Iboga te koop - Best Best Global Meds","og_description":"Koop Iboga\u00efnepoeder uit Afrika in het VK, Europa te koop via de beste website, Iboga\u00efne is online te koop. Koop Iboga-wortelschors, Iboga\u00efne hcl, Iboga TA, Iboga\u00efne-capsule en voacanga bij iboga\u00efne.","og_url":"https:\/\/medicinasinc.com\/nl\/product\/ibogaine-poeder-kopen\/","og_site_name":"Medicinas Inc","article_modified_time":"2022-07-05T03:02:44+00:00","og_image":[{"width":400,"height":533,"url":"https:\/\/medicinasinc.com\/nl\/wp-content\/uploads\/sites\/17\/2022\/02\/Buy-Ibogaine-Powder.webp","type":"image\/webp"}],"twitter_card":"summary_large_image","twitter_misc":{"Geschatte leestijd":"3 minuten"},"schema":{"@context":"https:\/\/schema.org","@graph":[{"@type":"WebPage","@id":"https:\/\/medicinasinc.com\/nl\/product\/ibogaine-poeder-kopen\/","url":"https:\/\/medicinasinc.com\/nl\/product\/ibogaine-poeder-kopen\/","name":"Iboga\u00efnepoeder kopen - Iboga te koop - Best Best Global Meds","isPartOf":{"@id":"https:\/\/medicinasinc.com\/nl\/#website"},"primaryImageOfPage":{"@id":"https:\/\/medicinasinc.com\/nl\/product\/ibogaine-poeder-kopen\/#primaryimage"},"image":{"@id":"https:\/\/medicinasinc.com\/nl\/product\/ibogaine-poeder-kopen\/#primaryimage"},"thumbnailUrl":"https:\/\/medicinasinc.com\/nl\/wp-content\/uploads\/sites\/17\/2022\/02\/Buy-Ibogaine-Powder.webp","datePublished":"2022-02-20T16:51:26+00:00","dateModified":"2022-07-05T03:02:44+00:00","description":"Koop Iboga\u00efnepoeder uit Afrika in het VK, Europa te koop via de beste website, Iboga\u00efne is online te koop. Koop Iboga-wortelschors, Iboga\u00efne hcl, Iboga TA, Iboga\u00efne-capsule en voacanga bij iboga\u00efne.","breadcrumb":{"@id":"https:\/\/medicinasinc.com\/nl\/product\/ibogaine-poeder-kopen\/#breadcrumb"},"inLanguage":"nl-NL","potentialAction":[{"@type":"ReadAction","target":["https:\/\/medicinasinc.com\/nl\/product\/ibogaine-poeder-kopen\/"]}]},{"@type":"ImageObject","inLanguage":"nl-NL","@id":"https:\/\/medicinasinc.com\/nl\/product\/ibogaine-poeder-kopen\/#primaryimage","url":"https:\/\/medicinasinc.com\/nl\/wp-content\/uploads\/sites\/17\/2022\/02\/Buy-Ibogaine-Powder.webp","contentUrl":"https:\/\/medicinasinc.com\/nl\/wp-content\/uploads\/sites\/17\/2022\/02\/Buy-Ibogaine-Powder.webp","width":400,"height":533},{"@type":"BreadcrumbList","@id":"https:\/\/medicinasinc.com\/nl\/product\/ibogaine-poeder-kopen\/#breadcrumb","itemListElement":[{"@type":"ListItem","position":1,"name":"Winkel","item":"https:\/\/medicinasinc.com\/nl\/winkel\/"},{"@type":"ListItem","position":2,"name":"Iboga\u00efnepoeder kopen"}]},{"@type":"WebSite","@id":"https:\/\/medicinasinc.com\/nl\/#website","url":"https:\/\/medicinasinc.com\/nl\/","name":"Medicinas Inc","description":"Health Medical Clinic","potentialAction":[{"@type":"SearchAction","target":{"@type":"EntryPoint","urlTemplate":"https:\/\/medicinasinc.com\/nl\/?s={search_term_string}"},"query-input":{"@type":"PropertyValueSpecification","valueRequired":true,"valueName":"search_term_string"}}],"inLanguage":"nl-NL"}]}},"_links":{"self":[{"href":"https:\/\/medicinasinc.com\/nl\/wp-json\/wp\/v2\/product\/4849","targetHints":{"allow":["GET"]}}],"collection":[{"href":"https:\/\/medicinasinc.com\/nl\/wp-json\/wp\/v2\/product"}],"about":[{"href":"https:\/\/medicinasinc.com\/nl\/wp-json\/wp\/v2\/types\/product"}],"replies":[{"embeddable":true,"href":"https:\/\/medicinasinc.com\/nl\/wp-json\/wp\/v2\/comments?post=4849"}],"wp:featuredmedia":[{"embeddable":true,"href":"https:\/\/medicinasinc.com\/nl\/wp-json\/wp\/v2\/media\/4862"}],"wp:attachment":[{"href":"https:\/\/medicinasinc.com\/nl\/wp-json\/wp\/v2\/media?parent=4849"}],"wp:term":[{"taxonomy":"product_brand","embeddable":true,"href":"https:\/\/medicinasinc.com\/nl\/wp-json\/wp\/v2\/product_brand?post=4849"},{"taxonomy":"product_cat","embeddable":true,"href":"https:\/\/medicinasinc.com\/nl\/wp-json\/wp\/v2\/product_cat?post=4849"},{"taxonomy":"product_tag","embeddable":true,"href":"https:\/\/medicinasinc.com\/nl\/wp-json\/wp\/v2\/product_tag?post=4849"}],"curies":[{"name":"wp","href":"https:\/\/api.w.org\/{rel}","templated":true}]}}