{"id":4810,"date":"2022-02-20T16:18:47","date_gmt":"2022-02-20T16:18:47","guid":{"rendered":"https:\/\/medicinasinc.com\/nl\/?post_type=product&#038;p=4810"},"modified":"2022-07-05T03:03:29","modified_gmt":"2022-07-05T03:03:29","slug":"thca-kristallen-bovenste-plank-kopen","status":"publish","type":"product","link":"https:\/\/medicinasinc.com\/nl\/product\/thca-kristallen-bovenste-plank-kopen\/","title":{"rendered":"Koop THCA-kristallen &#8211; bovenste plank"},"content":{"rendered":"<p>Crystalline THCA<\/p>\n<p>THCA Crystalline, ook wel &#8220;kristallen&#8221;, &#8220;THC-kristallen&#8221; of &#8220;diamanten&#8221; genoemd, is een cannabisconcentraat in vaste toestand. Het heeft het uiterlijk van grove suiker, het type dat meestal wordt gebruikt om suikerkoekjes te versieren of om de bovenkant van gebakken fruittaarten te laten glinsteren. Crystalline wordt vervaardigd om plantaardig materiaal en terpenen te verwijderen, die de kenmerkende aromatische en smaakkenmerken zijn van een cannabiscultivar of -soort.<\/p>\n<p>BETEKENIS VAN THCA Crystalline<\/p>\n<p>Je hebt misschien de term gehoord &#8221; THC-kristallen&#8221; of &#8220;THC-kristallijn&#8221; verwijst naar kristallijn, maar THC, dat een bedwelmende high produceert, is niet kristallijn; chemisch gezien is THC niet in staat een kristallijne structuur te vormen. Met andere woorden, wat vaak &#8220;THC-kristallen&#8221; wordt genoemd, is geen pure THC, maar een vorm van pure THCA. Op het moment van consumptie kristalliseert THCA via decarboxylering tot actieve THC. Kristallijn wordt geproduceerd met een enkele cannabino\u00efde. THCA, CBDA en CBD zijn de enige cannabino\u00efden die in kristallijne vorm verkrijgbaar zijn. Iedereen die THCA, CBDA of CBD consumeert, ervaart geen bedwelmende high, hoewel THCA bij verhitting in THC wordt omgezet, waardoor de kristallijne bedwelmend wordt.<\/p>\n<p>HOE KRISTALLIJNE THCA MAAKT<\/p>\n<p>Kristallijn wordt vaak gerookt of gedept met een dab rig. Een dab rig is een rookapparaat, vergelijkbaar met een kleine waterpijp, die verwarmd kristal verdampt voor inhalatie in enkele, afgemeten doses. Kristallijn wordt vaak oraal geconsumeerd, hetzij als ingredi\u00ebnt in eetwaren of opgelost in olie om een \u200b\u200btinctuurachtig product te cre\u00ebren. Kristallen worden vaak opgelost in plantaardige olie of boter en gebruikt als ingredi\u00ebnt in zelfgemaakte edibles. Plantaardige en kopra-oli\u00ebn zijn de meest gebruikte oplosmiddelen voor het oplossen van kristallen om een \u200b\u200btinctuurachtig product te cre\u00ebren.<\/p>\n","protected":false},"excerpt":{"rendered":"<p>Koop thca-kristallen online in Europa, thca-kristal te koop, kristallijne diamanten in Nederland, thc-kristallen bij mij in de buurt, thc-kristallen te koop in Europa.<\/p>\n<ul>\n<li>Wereldwijde verzending<\/li>\n<li><strong>Een concentraat bestaande uit 97-99% THC<\/strong><\/li>\n<li><strong>99% pure THC-A<\/strong><\/li>\n<li><strong>Neem contact met ons op <\/strong>\u00a0voor grotere bestellingen<\/li>\n<\/ul>\n","protected":false},"featured_media":4823,"comment_status":"open","ping_status":"closed","template":"","meta":[],"product_brand":[],"product_cat":[702],"product_tag":[],"class_list":{"0":"post-4810","1":"product","2":"type-product","3":"status-publish","4":"has-post-thumbnail","6":"product_cat-wietwas-kopen","8":"first","9":"instock","10":"shipping-taxable","11":"purchasable","12":"product-type-variable","13":"has-default-attributes"},"yoast_head":"<!-- This site is optimized with the Yoast SEO plugin v27.3 - https:\/\/yoast.com\/product\/yoast-seo-wordpress\/ -->\n<title>Koop THCA-kristallen - Bovenste plank - Best Best Global Meds<\/title>\n<meta name=\"description\" content=\"Koop thca kristallijn online Europa, thca kristal te koop, kristallijne diamanten NL, thc kristallijn bij mij in de buurt, koop thc kristallen in Europa.\" \/>\n<meta name=\"robots\" content=\"index, follow, max-snippet:-1, max-image-preview:large, max-video-preview:-1\" \/>\n<link rel=\"canonical\" href=\"https:\/\/medicinasinc.com\/nl\/product\/thca-kristallen-bovenste-plank-kopen\/\" \/>\n<meta property=\"og:locale\" content=\"nl_NL\" \/>\n<meta property=\"og:type\" content=\"article\" \/>\n<meta property=\"og:title\" content=\"Koop THCA-kristallen - Bovenste plank - Best Best Global Meds\" \/>\n<meta property=\"og:description\" content=\"Koop thca kristallijn online Europa, thca kristal te koop, kristallijne diamanten NL, thc kristallijn bij mij in de buurt, koop thc kristallen in Europa.\" \/>\n<meta property=\"og:url\" content=\"https:\/\/medicinasinc.com\/nl\/product\/thca-kristallen-bovenste-plank-kopen\/\" \/>\n<meta property=\"og:site_name\" content=\"Medicinas Inc\" \/>\n<meta property=\"article:modified_time\" content=\"2022-07-05T03:03:29+00:00\" \/>\n<meta property=\"og:image\" content=\"https:\/\/medicinasinc.com\/nl\/wp-content\/uploads\/sites\/17\/2022\/02\/Buy-THCA-Crystals-Top-Shelf.jpg\" \/>\n\t<meta property=\"og:image:width\" content=\"600\" \/>\n\t<meta property=\"og:image:height\" content=\"600\" \/>\n\t<meta property=\"og:image:type\" content=\"image\/jpeg\" \/>\n<meta name=\"twitter:card\" content=\"summary_large_image\" \/>\n<meta name=\"twitter:label1\" content=\"Geschatte leestijd\" \/>\n\t<meta name=\"twitter:data1\" content=\"2 minuten\" \/>\n<script type=\"application\/ld+json\" class=\"yoast-schema-graph\">{\"@context\":\"https:\\\/\\\/schema.org\",\"@graph\":[{\"@type\":\"WebPage\",\"@id\":\"https:\\\/\\\/medicinasinc.com\\\/nl\\\/product\\\/thca-kristallen-bovenste-plank-kopen\\\/\",\"url\":\"https:\\\/\\\/medicinasinc.com\\\/nl\\\/product\\\/thca-kristallen-bovenste-plank-kopen\\\/\",\"name\":\"Koop THCA-kristallen - Bovenste plank - Best Best Global Meds\",\"isPartOf\":{\"@id\":\"https:\\\/\\\/medicinasinc.com\\\/nl\\\/#website\"},\"primaryImageOfPage\":{\"@id\":\"https:\\\/\\\/medicinasinc.com\\\/nl\\\/product\\\/thca-kristallen-bovenste-plank-kopen\\\/#primaryimage\"},\"image\":{\"@id\":\"https:\\\/\\\/medicinasinc.com\\\/nl\\\/product\\\/thca-kristallen-bovenste-plank-kopen\\\/#primaryimage\"},\"thumbnailUrl\":\"https:\\\/\\\/medicinasinc.com\\\/nl\\\/wp-content\\\/uploads\\\/sites\\\/17\\\/2022\\\/02\\\/Buy-THCA-Crystals-Top-Shelf.jpg\",\"datePublished\":\"2022-02-20T16:18:47+00:00\",\"dateModified\":\"2022-07-05T03:03:29+00:00\",\"description\":\"Koop thca kristallijn online Europa, thca kristal te koop, kristallijne diamanten NL, thc kristallijn bij mij in de buurt, koop thc kristallen in Europa.\",\"breadcrumb\":{\"@id\":\"https:\\\/\\\/medicinasinc.com\\\/nl\\\/product\\\/thca-kristallen-bovenste-plank-kopen\\\/#breadcrumb\"},\"inLanguage\":\"nl-NL\",\"potentialAction\":[{\"@type\":\"ReadAction\",\"target\":[\"https:\\\/\\\/medicinasinc.com\\\/nl\\\/product\\\/thca-kristallen-bovenste-plank-kopen\\\/\"]}]},{\"@type\":\"ImageObject\",\"inLanguage\":\"nl-NL\",\"@id\":\"https:\\\/\\\/medicinasinc.com\\\/nl\\\/product\\\/thca-kristallen-bovenste-plank-kopen\\\/#primaryimage\",\"url\":\"https:\\\/\\\/medicinasinc.com\\\/nl\\\/wp-content\\\/uploads\\\/sites\\\/17\\\/2022\\\/02\\\/Buy-THCA-Crystals-Top-Shelf.jpg\",\"contentUrl\":\"https:\\\/\\\/medicinasinc.com\\\/nl\\\/wp-content\\\/uploads\\\/sites\\\/17\\\/2022\\\/02\\\/Buy-THCA-Crystals-Top-Shelf.jpg\",\"width\":600,\"height\":600},{\"@type\":\"BreadcrumbList\",\"@id\":\"https:\\\/\\\/medicinasinc.com\\\/nl\\\/product\\\/thca-kristallen-bovenste-plank-kopen\\\/#breadcrumb\",\"itemListElement\":[{\"@type\":\"ListItem\",\"position\":1,\"name\":\"Winkel\",\"item\":\"https:\\\/\\\/medicinasinc.com\\\/nl\\\/winkel\\\/\"},{\"@type\":\"ListItem\",\"position\":2,\"name\":\"Koop THCA-kristallen &#8211; bovenste plank\"}]},{\"@type\":\"WebSite\",\"@id\":\"https:\\\/\\\/medicinasinc.com\\\/nl\\\/#website\",\"url\":\"https:\\\/\\\/medicinasinc.com\\\/nl\\\/\",\"name\":\"Medicinas Inc\",\"description\":\"Health Medical Clinic\",\"potentialAction\":[{\"@type\":\"SearchAction\",\"target\":{\"@type\":\"EntryPoint\",\"urlTemplate\":\"https:\\\/\\\/medicinasinc.com\\\/nl\\\/?s={search_term_string}\"},\"query-input\":{\"@type\":\"PropertyValueSpecification\",\"valueRequired\":true,\"valueName\":\"search_term_string\"}}],\"inLanguage\":\"nl-NL\"}]}<\/script>\n<!-- \/ Yoast SEO plugin. -->","yoast_head_json":{"title":"Koop THCA-kristallen - Bovenste plank - Best Best Global Meds","description":"Koop thca kristallijn online Europa, thca kristal te koop, kristallijne diamanten NL, thc kristallijn bij mij in de buurt, koop thc kristallen in Europa.","robots":{"index":"index","follow":"follow","max-snippet":"max-snippet:-1","max-image-preview":"max-image-preview:large","max-video-preview":"max-video-preview:-1"},"canonical":"https:\/\/medicinasinc.com\/nl\/product\/thca-kristallen-bovenste-plank-kopen\/","og_locale":"nl_NL","og_type":"article","og_title":"Koop THCA-kristallen - Bovenste plank - Best Best Global Meds","og_description":"Koop thca kristallijn online Europa, thca kristal te koop, kristallijne diamanten NL, thc kristallijn bij mij in de buurt, koop thc kristallen in Europa.","og_url":"https:\/\/medicinasinc.com\/nl\/product\/thca-kristallen-bovenste-plank-kopen\/","og_site_name":"Medicinas Inc","article_modified_time":"2022-07-05T03:03:29+00:00","og_image":[{"width":600,"height":600,"url":"https:\/\/medicinasinc.com\/nl\/wp-content\/uploads\/sites\/17\/2022\/02\/Buy-THCA-Crystals-Top-Shelf.jpg","type":"image\/jpeg"}],"twitter_card":"summary_large_image","twitter_misc":{"Geschatte leestijd":"2 minuten"},"schema":{"@context":"https:\/\/schema.org","@graph":[{"@type":"WebPage","@id":"https:\/\/medicinasinc.com\/nl\/product\/thca-kristallen-bovenste-plank-kopen\/","url":"https:\/\/medicinasinc.com\/nl\/product\/thca-kristallen-bovenste-plank-kopen\/","name":"Koop THCA-kristallen - Bovenste plank - Best Best Global Meds","isPartOf":{"@id":"https:\/\/medicinasinc.com\/nl\/#website"},"primaryImageOfPage":{"@id":"https:\/\/medicinasinc.com\/nl\/product\/thca-kristallen-bovenste-plank-kopen\/#primaryimage"},"image":{"@id":"https:\/\/medicinasinc.com\/nl\/product\/thca-kristallen-bovenste-plank-kopen\/#primaryimage"},"thumbnailUrl":"https:\/\/medicinasinc.com\/nl\/wp-content\/uploads\/sites\/17\/2022\/02\/Buy-THCA-Crystals-Top-Shelf.jpg","datePublished":"2022-02-20T16:18:47+00:00","dateModified":"2022-07-05T03:03:29+00:00","description":"Koop thca kristallijn online Europa, thca kristal te koop, kristallijne diamanten NL, thc kristallijn bij mij in de buurt, koop thc kristallen in Europa.","breadcrumb":{"@id":"https:\/\/medicinasinc.com\/nl\/product\/thca-kristallen-bovenste-plank-kopen\/#breadcrumb"},"inLanguage":"nl-NL","potentialAction":[{"@type":"ReadAction","target":["https:\/\/medicinasinc.com\/nl\/product\/thca-kristallen-bovenste-plank-kopen\/"]}]},{"@type":"ImageObject","inLanguage":"nl-NL","@id":"https:\/\/medicinasinc.com\/nl\/product\/thca-kristallen-bovenste-plank-kopen\/#primaryimage","url":"https:\/\/medicinasinc.com\/nl\/wp-content\/uploads\/sites\/17\/2022\/02\/Buy-THCA-Crystals-Top-Shelf.jpg","contentUrl":"https:\/\/medicinasinc.com\/nl\/wp-content\/uploads\/sites\/17\/2022\/02\/Buy-THCA-Crystals-Top-Shelf.jpg","width":600,"height":600},{"@type":"BreadcrumbList","@id":"https:\/\/medicinasinc.com\/nl\/product\/thca-kristallen-bovenste-plank-kopen\/#breadcrumb","itemListElement":[{"@type":"ListItem","position":1,"name":"Winkel","item":"https:\/\/medicinasinc.com\/nl\/winkel\/"},{"@type":"ListItem","position":2,"name":"Koop THCA-kristallen &#8211; bovenste plank"}]},{"@type":"WebSite","@id":"https:\/\/medicinasinc.com\/nl\/#website","url":"https:\/\/medicinasinc.com\/nl\/","name":"Medicinas Inc","description":"Health Medical Clinic","potentialAction":[{"@type":"SearchAction","target":{"@type":"EntryPoint","urlTemplate":"https:\/\/medicinasinc.com\/nl\/?s={search_term_string}"},"query-input":{"@type":"PropertyValueSpecification","valueRequired":true,"valueName":"search_term_string"}}],"inLanguage":"nl-NL"}]}},"_links":{"self":[{"href":"https:\/\/medicinasinc.com\/nl\/wp-json\/wp\/v2\/product\/4810","targetHints":{"allow":["GET"]}}],"collection":[{"href":"https:\/\/medicinasinc.com\/nl\/wp-json\/wp\/v2\/product"}],"about":[{"href":"https:\/\/medicinasinc.com\/nl\/wp-json\/wp\/v2\/types\/product"}],"replies":[{"embeddable":true,"href":"https:\/\/medicinasinc.com\/nl\/wp-json\/wp\/v2\/comments?post=4810"}],"wp:featuredmedia":[{"embeddable":true,"href":"https:\/\/medicinasinc.com\/nl\/wp-json\/wp\/v2\/media\/4823"}],"wp:attachment":[{"href":"https:\/\/medicinasinc.com\/nl\/wp-json\/wp\/v2\/media?parent=4810"}],"wp:term":[{"taxonomy":"product_brand","embeddable":true,"href":"https:\/\/medicinasinc.com\/nl\/wp-json\/wp\/v2\/product_brand?post=4810"},{"taxonomy":"product_cat","embeddable":true,"href":"https:\/\/medicinasinc.com\/nl\/wp-json\/wp\/v2\/product_cat?post=4810"},{"taxonomy":"product_tag","embeddable":true,"href":"https:\/\/medicinasinc.com\/nl\/wp-json\/wp\/v2\/product_tag?post=4810"}],"curies":[{"name":"wp","href":"https:\/\/api.w.org\/{rel}","templated":true}]}}