{"id":4768,"date":"2022-02-20T15:46:58","date_gmt":"2022-02-20T15:46:58","guid":{"rendered":"https:\/\/medicinasinc.com\/nl\/?post_type=product&#038;p=4768"},"modified":"2022-07-05T03:04:18","modified_gmt":"2022-07-05T03:04:18","slug":"kopen-k2-wierook-spray","status":"publish","type":"product","link":"https:\/\/medicinasinc.com\/nl\/product\/kopen-k2-wierook-spray\/","title":{"rendered":"K2 Wierook Spray kopen"},"content":{"rendered":"<p>Online aankoop van K2 wierookspray<\/p>\n<p>Bovendien verkopen we K2-papier.<\/p>\n<p>K2 spray is te koop. Het is geur- en kleurloos.<\/p>\n<p>25 ml is voldoende om een \u200b\u200bheel vel A4-papier te besproeien.<\/p>\n<p>Smaak en K2 zijn de twee meest voorkomende namen voor synthetische marihuana. Ze zijn gemaakt van gedroogd plantaardig materiaal dat doordrenkt is met een gemanipuleerde cannabino\u00efde. Ontworpen cannabino\u00efden zijn synthetische verbindingen die op dezelfde manier inwerken op de cannabino\u00efdereceptoren van de hersenen als Delta9-tetrahydrocannabinol (THC). Personen die Spice gebruiken, melden dat ze soortgelijke sensaties ervaren als die geassocieerd worden met marihuana. Marihuana is een plant die cannabino\u00efden bevat, dit zijn mengsels. Smaak en K2 zijn twee termen die verwijzen naar een verzameling voorschriften die worden aangeduid als ontworpen (ontworpen) cannabino\u00efden. Ze zijn gemaakt van gedroogde plantaardige materialen die zijn besproeid met geestverruimende synthetische chemicali\u00ebn. Analisten hebben deze vervaardigde medicijnen in eerste instantie gerangschikt om ze bij het onderzoek te gebruiken.<\/p>\n<p>Bovendien is K2 verkrijgbaar in een vloeibare vorm die afbreekt in e-sigaretten. Bovendien wordt het gerookt in pijpen, joints of thee. K2 wordt vervolgens in vloeibare toestand op planten, papier en vezels gestrooid. Hoewel de effecten van het roken van Spice kunnen lijken op die van het roken van marihuana, is de belangrijkste reden waarom mensen Spice roken omdat het bescheiden is, en gezien de manier waarop het bekend staat&#8230; Meestal wordt deze stof verkocht als plantaardig materiaal. Ongeacht het feit dat we een uitzonderlijke k2-smaak verkopen, voldoet het aggregaat van onze samengestelde mixen aan alle huidige voorschriften. Koop online kruidenwierook Ontsteek je zintuigen met sterke K2 kruidenwierook! Terwijl anderen dode melanges verkopen zonder machtsimitatie, wanneer u K2 bij ons koopt, spreekt onze kwaliteit voor zich! Wij verkopen uitzonderlijke kruidenwierook en zijn uniek onder de kruidenhandelaren. K2 spray te koop, ook wel K2, synthetische marihuana en synthetische wierookspray genoemd, is een door de mens gemaakt straatkalmeringsmiddel dat kunstmatige stoffen bevat die op smaken zijn gespoten. Op papier, vloeibare k2. Op internet kun je K2 Spray en vloeibare wierook kopen. Koop K2 zing-papier van hoge kwaliteit en laat het aan uw deur bezorgen. U bent hier aan het juiste adres als u op zoek bent naar de beste K2 lokale wierookvloeistoffen en E-Liquids hagelslag op internet. We verkopen het grootste deel van de K2-vloeistof lokaal boos tegen de laagst mogelijke prijzen om te voldoen aan de eisen van alle klanten in de Verenigde Staten van Amerika en over de hele wereld. Een andere opvallende toepassing is het cre\u00ebren van een K2-douche die in het algemeen plaatselijk zal worden aangebracht. Het is absoluut noodzakelijk. Geproduceerde cannabino\u00efden, gewoonlijk &#8220;Smaak&#8221; of &#8220;K2&#8221; genoemd, werden begin jaren 2000 legaal in de Verenigde Staten. Echt K2 kruidenpapier. Wij verkopen het beste K2 blended papier dat online verkrijgbaar is. Koop het onmiddellijk. Wat wordt gemaakt Marihuana (ook bekend als synthetische cannabino\u00efden, K2 of Spice)? We hebben de beste selectie van lokale wierook op internet.<\/p>\n","protected":false},"excerpt":{"rendered":"<div class=\"woocommerce-product-details__short-description\">\n<p>Koop K2 Incense Spray, een geur- en kleurloze wierookspray. 25ml is voldoende om een \u200b\u200bheel A4 vel papier te spuiten. Daarnaast verkopen we K2 papier.<\/p>\n<p>k2 kruidenspray diablo amazon, k2 spray groothandel, sterkste k2 spray te koop, legale hoge k2 spray te koop, k2 spray te koop online uk, vloeibare spray wierook, k2 papier ingredi\u00ebnten, k2 kruidenpapier vellen<\/p>\n<\/p><\/div>\n","protected":false},"featured_media":4783,"comment_status":"open","ping_status":"closed","template":"","meta":[],"product_brand":[],"product_cat":[690],"product_tag":[701,695,696,694,697,698,700,699],"class_list":{"0":"post-4768","1":"product","2":"type-product","3":"status-publish","4":"has-post-thumbnail","6":"product_cat-koop-k2-papier","7":"product_tag-groothandel-k2-spray","8":"product_tag-k2-kruidenpapier-vellen","9":"product_tag-k2-spice-spray-diablo-amazon","10":"product_tag-k2-papier-ingredinten","11":"product_tag-k2-spray-te-koop-online-uk","12":"product_tag-legal-high-spice-spray-te-verkoop","13":"product_tag-sterkste-k2-spray-te-verkoop","14":"product_tag-vloeibare-wierook-spray","16":"first","17":"instock","18":"shipping-taxable","19":"purchasable","20":"product-type-variable","21":"has-default-attributes"},"yoast_head":"<!-- This site is optimized with the Yoast SEO plugin v27.2 - https:\/\/yoast.com\/product\/yoast-seo-wordpress\/ -->\n<title>Koop K2 wierookspray online - Best Best Global Meds<\/title>\n<meta name=\"description\" content=\"Koop K2 Wierook Spray, geurloze en kleurloze K2 spray beschikbaar voor verkoop. Je hebt 25ml nodig om een \u200b\u200bheel vel A4-papier te spuiten. We hebben ook K2 papier te koop.\" \/>\n<meta name=\"robots\" content=\"index, follow, max-snippet:-1, max-image-preview:large, max-video-preview:-1\" \/>\n<link rel=\"canonical\" href=\"https:\/\/medicinasinc.com\/nl\/product\/kopen-k2-wierook-spray\/\" \/>\n<meta property=\"og:locale\" content=\"nl_NL\" \/>\n<meta property=\"og:type\" content=\"article\" \/>\n<meta property=\"og:title\" content=\"Koop K2 wierookspray online - Best Best Global Meds\" \/>\n<meta property=\"og:description\" content=\"Koop K2 Wierook Spray, geurloze en kleurloze K2 spray beschikbaar voor verkoop. Je hebt 25ml nodig om een \u200b\u200bheel vel A4-papier te spuiten. We hebben ook K2 papier te koop.\" \/>\n<meta property=\"og:url\" content=\"https:\/\/medicinasinc.com\/nl\/product\/kopen-k2-wierook-spray\/\" \/>\n<meta property=\"og:site_name\" content=\"Medicinas Inc\" \/>\n<meta property=\"article:modified_time\" content=\"2022-07-05T03:04:18+00:00\" \/>\n<meta property=\"og:image\" content=\"https:\/\/medicinasinc.com\/nl\/wp-content\/uploads\/sites\/17\/2022\/02\/Buy-K2-Incense-Spray.png\" \/>\n\t<meta property=\"og:image:width\" content=\"873\" \/>\n\t<meta property=\"og:image:height\" content=\"433\" \/>\n\t<meta property=\"og:image:type\" content=\"image\/png\" \/>\n<meta name=\"twitter:card\" content=\"summary_large_image\" \/>\n<meta name=\"twitter:label1\" content=\"Geschatte leestijd\" \/>\n\t<meta name=\"twitter:data1\" content=\"3 minuten\" \/>\n<script type=\"application\/ld+json\" class=\"yoast-schema-graph\">{\"@context\":\"https:\/\/schema.org\",\"@graph\":[{\"@type\":\"WebPage\",\"@id\":\"https:\/\/medicinasinc.com\/nl\/product\/kopen-k2-wierook-spray\/\",\"url\":\"https:\/\/medicinasinc.com\/nl\/product\/kopen-k2-wierook-spray\/\",\"name\":\"Koop K2 wierookspray online - Best Best Global Meds\",\"isPartOf\":{\"@id\":\"https:\/\/medicinasinc.com\/nl\/#website\"},\"primaryImageOfPage\":{\"@id\":\"https:\/\/medicinasinc.com\/nl\/product\/kopen-k2-wierook-spray\/#primaryimage\"},\"image\":{\"@id\":\"https:\/\/medicinasinc.com\/nl\/product\/kopen-k2-wierook-spray\/#primaryimage\"},\"thumbnailUrl\":\"https:\/\/medicinasinc.com\/nl\/wp-content\/uploads\/sites\/17\/2022\/02\/Buy-K2-Incense-Spray.png\",\"datePublished\":\"2022-02-20T15:46:58+00:00\",\"dateModified\":\"2022-07-05T03:04:18+00:00\",\"description\":\"Koop K2 Wierook Spray, geurloze en kleurloze K2 spray beschikbaar voor verkoop. Je hebt 25ml nodig om een \u200b\u200bheel vel A4-papier te spuiten. We hebben ook K2 papier te koop.\",\"breadcrumb\":{\"@id\":\"https:\/\/medicinasinc.com\/nl\/product\/kopen-k2-wierook-spray\/#breadcrumb\"},\"inLanguage\":\"nl-NL\",\"potentialAction\":[{\"@type\":\"ReadAction\",\"target\":[\"https:\/\/medicinasinc.com\/nl\/product\/kopen-k2-wierook-spray\/\"]}]},{\"@type\":\"ImageObject\",\"inLanguage\":\"nl-NL\",\"@id\":\"https:\/\/medicinasinc.com\/nl\/product\/kopen-k2-wierook-spray\/#primaryimage\",\"url\":\"https:\/\/medicinasinc.com\/nl\/wp-content\/uploads\/sites\/17\/2022\/02\/Buy-K2-Incense-Spray.png\",\"contentUrl\":\"https:\/\/medicinasinc.com\/nl\/wp-content\/uploads\/sites\/17\/2022\/02\/Buy-K2-Incense-Spray.png\",\"width\":873,\"height\":433},{\"@type\":\"BreadcrumbList\",\"@id\":\"https:\/\/medicinasinc.com\/nl\/product\/kopen-k2-wierook-spray\/#breadcrumb\",\"itemListElement\":[{\"@type\":\"ListItem\",\"position\":1,\"name\":\"Winkel\",\"item\":\"https:\/\/medicinasinc.com\/nl\/winkel\/\"},{\"@type\":\"ListItem\",\"position\":2,\"name\":\"K2 Wierook Spray kopen\"}]},{\"@type\":\"WebSite\",\"@id\":\"https:\/\/medicinasinc.com\/nl\/#website\",\"url\":\"https:\/\/medicinasinc.com\/nl\/\",\"name\":\"Medicinas Inc\",\"description\":\"Health Medical Clinic\",\"potentialAction\":[{\"@type\":\"SearchAction\",\"target\":{\"@type\":\"EntryPoint\",\"urlTemplate\":\"https:\/\/medicinasinc.com\/nl\/?s={search_term_string}\"},\"query-input\":{\"@type\":\"PropertyValueSpecification\",\"valueRequired\":true,\"valueName\":\"search_term_string\"}}],\"inLanguage\":\"nl-NL\"}]}<\/script>\n<!-- \/ Yoast SEO plugin. -->","yoast_head_json":{"title":"Koop K2 wierookspray online - Best Best Global Meds","description":"Koop K2 Wierook Spray, geurloze en kleurloze K2 spray beschikbaar voor verkoop. Je hebt 25ml nodig om een \u200b\u200bheel vel A4-papier te spuiten. We hebben ook K2 papier te koop.","robots":{"index":"index","follow":"follow","max-snippet":"max-snippet:-1","max-image-preview":"max-image-preview:large","max-video-preview":"max-video-preview:-1"},"canonical":"https:\/\/medicinasinc.com\/nl\/product\/kopen-k2-wierook-spray\/","og_locale":"nl_NL","og_type":"article","og_title":"Koop K2 wierookspray online - Best Best Global Meds","og_description":"Koop K2 Wierook Spray, geurloze en kleurloze K2 spray beschikbaar voor verkoop. Je hebt 25ml nodig om een \u200b\u200bheel vel A4-papier te spuiten. We hebben ook K2 papier te koop.","og_url":"https:\/\/medicinasinc.com\/nl\/product\/kopen-k2-wierook-spray\/","og_site_name":"Medicinas Inc","article_modified_time":"2022-07-05T03:04:18+00:00","og_image":[{"width":873,"height":433,"url":"https:\/\/medicinasinc.com\/nl\/wp-content\/uploads\/sites\/17\/2022\/02\/Buy-K2-Incense-Spray.png","type":"image\/png"}],"twitter_card":"summary_large_image","twitter_misc":{"Geschatte leestijd":"3 minuten"},"schema":{"@context":"https:\/\/schema.org","@graph":[{"@type":"WebPage","@id":"https:\/\/medicinasinc.com\/nl\/product\/kopen-k2-wierook-spray\/","url":"https:\/\/medicinasinc.com\/nl\/product\/kopen-k2-wierook-spray\/","name":"Koop K2 wierookspray online - Best Best Global Meds","isPartOf":{"@id":"https:\/\/medicinasinc.com\/nl\/#website"},"primaryImageOfPage":{"@id":"https:\/\/medicinasinc.com\/nl\/product\/kopen-k2-wierook-spray\/#primaryimage"},"image":{"@id":"https:\/\/medicinasinc.com\/nl\/product\/kopen-k2-wierook-spray\/#primaryimage"},"thumbnailUrl":"https:\/\/medicinasinc.com\/nl\/wp-content\/uploads\/sites\/17\/2022\/02\/Buy-K2-Incense-Spray.png","datePublished":"2022-02-20T15:46:58+00:00","dateModified":"2022-07-05T03:04:18+00:00","description":"Koop K2 Wierook Spray, geurloze en kleurloze K2 spray beschikbaar voor verkoop. Je hebt 25ml nodig om een \u200b\u200bheel vel A4-papier te spuiten. We hebben ook K2 papier te koop.","breadcrumb":{"@id":"https:\/\/medicinasinc.com\/nl\/product\/kopen-k2-wierook-spray\/#breadcrumb"},"inLanguage":"nl-NL","potentialAction":[{"@type":"ReadAction","target":["https:\/\/medicinasinc.com\/nl\/product\/kopen-k2-wierook-spray\/"]}]},{"@type":"ImageObject","inLanguage":"nl-NL","@id":"https:\/\/medicinasinc.com\/nl\/product\/kopen-k2-wierook-spray\/#primaryimage","url":"https:\/\/medicinasinc.com\/nl\/wp-content\/uploads\/sites\/17\/2022\/02\/Buy-K2-Incense-Spray.png","contentUrl":"https:\/\/medicinasinc.com\/nl\/wp-content\/uploads\/sites\/17\/2022\/02\/Buy-K2-Incense-Spray.png","width":873,"height":433},{"@type":"BreadcrumbList","@id":"https:\/\/medicinasinc.com\/nl\/product\/kopen-k2-wierook-spray\/#breadcrumb","itemListElement":[{"@type":"ListItem","position":1,"name":"Winkel","item":"https:\/\/medicinasinc.com\/nl\/winkel\/"},{"@type":"ListItem","position":2,"name":"K2 Wierook Spray kopen"}]},{"@type":"WebSite","@id":"https:\/\/medicinasinc.com\/nl\/#website","url":"https:\/\/medicinasinc.com\/nl\/","name":"Medicinas Inc","description":"Health Medical Clinic","potentialAction":[{"@type":"SearchAction","target":{"@type":"EntryPoint","urlTemplate":"https:\/\/medicinasinc.com\/nl\/?s={search_term_string}"},"query-input":{"@type":"PropertyValueSpecification","valueRequired":true,"valueName":"search_term_string"}}],"inLanguage":"nl-NL"}]}},"_links":{"self":[{"href":"https:\/\/medicinasinc.com\/nl\/wp-json\/wp\/v2\/product\/4768","targetHints":{"allow":["GET"]}}],"collection":[{"href":"https:\/\/medicinasinc.com\/nl\/wp-json\/wp\/v2\/product"}],"about":[{"href":"https:\/\/medicinasinc.com\/nl\/wp-json\/wp\/v2\/types\/product"}],"replies":[{"embeddable":true,"href":"https:\/\/medicinasinc.com\/nl\/wp-json\/wp\/v2\/comments?post=4768"}],"wp:featuredmedia":[{"embeddable":true,"href":"https:\/\/medicinasinc.com\/nl\/wp-json\/wp\/v2\/media\/4783"}],"wp:attachment":[{"href":"https:\/\/medicinasinc.com\/nl\/wp-json\/wp\/v2\/media?parent=4768"}],"wp:term":[{"taxonomy":"product_brand","embeddable":true,"href":"https:\/\/medicinasinc.com\/nl\/wp-json\/wp\/v2\/product_brand?post=4768"},{"taxonomy":"product_cat","embeddable":true,"href":"https:\/\/medicinasinc.com\/nl\/wp-json\/wp\/v2\/product_cat?post=4768"},{"taxonomy":"product_tag","embeddable":true,"href":"https:\/\/medicinasinc.com\/nl\/wp-json\/wp\/v2\/product_tag?post=4768"}],"curies":[{"name":"wp","href":"https:\/\/api.w.org\/{rel}","templated":true}]}}