{"id":4375,"date":"2022-02-20T08:40:25","date_gmt":"2022-02-20T08:40:25","guid":{"rendered":"https:\/\/medicinasinc.com\/nl\/?post_type=product&#038;p=4375"},"modified":"2022-07-05T03:16:57","modified_gmt":"2022-07-05T03:16:57","slug":"hoge-cbd-premium-co2-geextraheerde-olie-kopen","status":"publish","type":"product","link":"https:\/\/medicinasinc.com\/nl\/product\/hoge-cbd-premium-co2-geextraheerde-olie-kopen\/","title":{"rendered":"Koop High CBD Premium CO2 Ge\u00ebxtraheerde Olie"},"content":{"rendered":"<p>Koop High CBD Premium CO2 Extracted Oil Online in de Verenigde Staten van Amerika.<\/p>\n<p>Koop High CBD Premium CO2 Extracted Oil Online in de Verenigde Staten van Amerika.<\/p>\n<p>De cannabino\u00efden zijn ge\u00ebxtraheerd met behulp van CO2. Wat lijkt te resulteren in een olie die veel prettiger is om te inhaleren en vrij is van hardheid.<br \/> Deze batch medicijnen is afgeleid van ACDC, een cannabissoort die bekend staat om zijn hoge CBD-gehalte.<\/p>\n","protected":false},"excerpt":{"rendered":"<p>Koop Hoge CBD Premium CO2 Ge\u00ebxtraheerde Olie te koop VK, Europa Online. Totaal actieve cannabino\u00efden 80% THC:24% CBD:56% CO2-extractie marihuana-oliepatroon.<\/p>\n<h3>Koop THC-cannabisoliepatronen<\/h3>\n<p>productprijs is als: per 5 patroon<br \/> <strong>De minimale bestelhoeveelheid is: 5 cartridges<\/strong><\/p>\n","protected":false},"featured_media":4411,"comment_status":"open","ping_status":"closed","template":"","meta":[],"product_brand":[],"product_cat":[440],"product_tag":[],"class_list":{"0":"post-4375","1":"product","2":"type-product","3":"status-publish","4":"has-post-thumbnail","6":"product_cat-cannabis-cbd-olie-kopen","8":"first","9":"instock","10":"shipping-taxable","11":"purchasable","12":"product-type-variable","13":"has-default-attributes"},"yoast_head":"<!-- This site is optimized with the Yoast SEO plugin v27.3 - https:\/\/yoast.com\/product\/yoast-seo-wordpress\/ -->\n<title>Koop High CBD Premium CO2 Ge\u00ebxtraheerde Olie - Best Global Meds<\/title>\n<meta name=\"description\" content=\"Koop High CBD Premium CO2 ge\u00ebxtraheerde olie te koop VK, Europa online. Totaal actieve cannabino\u00efden 80% THC: 24% CBD: 56% CO2-extractie marihuana-oliepatroon.\" \/>\n<meta name=\"robots\" content=\"index, follow, max-snippet:-1, max-image-preview:large, max-video-preview:-1\" \/>\n<link rel=\"canonical\" href=\"https:\/\/medicinasinc.com\/nl\/product\/hoge-cbd-premium-co2-geextraheerde-olie-kopen\/\" \/>\n<meta property=\"og:locale\" content=\"nl_NL\" \/>\n<meta property=\"og:type\" content=\"article\" \/>\n<meta property=\"og:title\" content=\"Koop High CBD Premium CO2 Ge\u00ebxtraheerde Olie - Best Global Meds\" \/>\n<meta property=\"og:description\" content=\"Koop High CBD Premium CO2 ge\u00ebxtraheerde olie te koop VK, Europa online. Totaal actieve cannabino\u00efden 80% THC: 24% CBD: 56% CO2-extractie marihuana-oliepatroon.\" \/>\n<meta property=\"og:url\" content=\"https:\/\/medicinasinc.com\/nl\/product\/hoge-cbd-premium-co2-geextraheerde-olie-kopen\/\" \/>\n<meta property=\"og:site_name\" content=\"Medicinas Inc\" \/>\n<meta property=\"article:modified_time\" content=\"2022-07-05T03:16:57+00:00\" \/>\n<meta property=\"og:image\" content=\"https:\/\/medicinasinc.com\/nl\/wp-content\/uploads\/sites\/17\/2022\/02\/Buy-High-CBD-Premium-CO2-Extracted-Oil.jpg\" \/>\n\t<meta property=\"og:image:width\" content=\"770\" \/>\n\t<meta property=\"og:image:height\" content=\"686\" \/>\n\t<meta property=\"og:image:type\" content=\"image\/jpeg\" \/>\n<meta name=\"twitter:card\" content=\"summary_large_image\" \/>\n<meta name=\"twitter:label1\" content=\"Geschatte leestijd\" \/>\n\t<meta name=\"twitter:data1\" content=\"1 minuut\" \/>\n<script type=\"application\/ld+json\" class=\"yoast-schema-graph\">{\"@context\":\"https:\\\/\\\/schema.org\",\"@graph\":[{\"@type\":\"WebPage\",\"@id\":\"https:\\\/\\\/medicinasinc.com\\\/nl\\\/product\\\/hoge-cbd-premium-co2-geextraheerde-olie-kopen\\\/\",\"url\":\"https:\\\/\\\/medicinasinc.com\\\/nl\\\/product\\\/hoge-cbd-premium-co2-geextraheerde-olie-kopen\\\/\",\"name\":\"Koop High CBD Premium CO2 Ge\u00ebxtraheerde Olie - Best Global Meds\",\"isPartOf\":{\"@id\":\"https:\\\/\\\/medicinasinc.com\\\/nl\\\/#website\"},\"primaryImageOfPage\":{\"@id\":\"https:\\\/\\\/medicinasinc.com\\\/nl\\\/product\\\/hoge-cbd-premium-co2-geextraheerde-olie-kopen\\\/#primaryimage\"},\"image\":{\"@id\":\"https:\\\/\\\/medicinasinc.com\\\/nl\\\/product\\\/hoge-cbd-premium-co2-geextraheerde-olie-kopen\\\/#primaryimage\"},\"thumbnailUrl\":\"https:\\\/\\\/medicinasinc.com\\\/nl\\\/wp-content\\\/uploads\\\/sites\\\/17\\\/2022\\\/02\\\/Buy-High-CBD-Premium-CO2-Extracted-Oil.jpg\",\"datePublished\":\"2022-02-20T08:40:25+00:00\",\"dateModified\":\"2022-07-05T03:16:57+00:00\",\"description\":\"Koop High CBD Premium CO2 ge\u00ebxtraheerde olie te koop VK, Europa online. Totaal actieve cannabino\u00efden 80% THC: 24% CBD: 56% CO2-extractie marihuana-oliepatroon.\",\"breadcrumb\":{\"@id\":\"https:\\\/\\\/medicinasinc.com\\\/nl\\\/product\\\/hoge-cbd-premium-co2-geextraheerde-olie-kopen\\\/#breadcrumb\"},\"inLanguage\":\"nl-NL\",\"potentialAction\":[{\"@type\":\"ReadAction\",\"target\":[\"https:\\\/\\\/medicinasinc.com\\\/nl\\\/product\\\/hoge-cbd-premium-co2-geextraheerde-olie-kopen\\\/\"]}]},{\"@type\":\"ImageObject\",\"inLanguage\":\"nl-NL\",\"@id\":\"https:\\\/\\\/medicinasinc.com\\\/nl\\\/product\\\/hoge-cbd-premium-co2-geextraheerde-olie-kopen\\\/#primaryimage\",\"url\":\"https:\\\/\\\/medicinasinc.com\\\/nl\\\/wp-content\\\/uploads\\\/sites\\\/17\\\/2022\\\/02\\\/Buy-High-CBD-Premium-CO2-Extracted-Oil.jpg\",\"contentUrl\":\"https:\\\/\\\/medicinasinc.com\\\/nl\\\/wp-content\\\/uploads\\\/sites\\\/17\\\/2022\\\/02\\\/Buy-High-CBD-Premium-CO2-Extracted-Oil.jpg\",\"width\":770,\"height\":686},{\"@type\":\"BreadcrumbList\",\"@id\":\"https:\\\/\\\/medicinasinc.com\\\/nl\\\/product\\\/hoge-cbd-premium-co2-geextraheerde-olie-kopen\\\/#breadcrumb\",\"itemListElement\":[{\"@type\":\"ListItem\",\"position\":1,\"name\":\"Winkel\",\"item\":\"https:\\\/\\\/medicinasinc.com\\\/nl\\\/winkel\\\/\"},{\"@type\":\"ListItem\",\"position\":2,\"name\":\"Koop High CBD Premium CO2 Ge\u00ebxtraheerde Olie\"}]},{\"@type\":\"WebSite\",\"@id\":\"https:\\\/\\\/medicinasinc.com\\\/nl\\\/#website\",\"url\":\"https:\\\/\\\/medicinasinc.com\\\/nl\\\/\",\"name\":\"Medicinas Inc\",\"description\":\"Health Medical Clinic\",\"potentialAction\":[{\"@type\":\"SearchAction\",\"target\":{\"@type\":\"EntryPoint\",\"urlTemplate\":\"https:\\\/\\\/medicinasinc.com\\\/nl\\\/?s={search_term_string}\"},\"query-input\":{\"@type\":\"PropertyValueSpecification\",\"valueRequired\":true,\"valueName\":\"search_term_string\"}}],\"inLanguage\":\"nl-NL\"}]}<\/script>\n<!-- \/ Yoast SEO plugin. -->","yoast_head_json":{"title":"Koop High CBD Premium CO2 Ge\u00ebxtraheerde Olie - Best Global Meds","description":"Koop High CBD Premium CO2 ge\u00ebxtraheerde olie te koop VK, Europa online. Totaal actieve cannabino\u00efden 80% THC: 24% CBD: 56% CO2-extractie marihuana-oliepatroon.","robots":{"index":"index","follow":"follow","max-snippet":"max-snippet:-1","max-image-preview":"max-image-preview:large","max-video-preview":"max-video-preview:-1"},"canonical":"https:\/\/medicinasinc.com\/nl\/product\/hoge-cbd-premium-co2-geextraheerde-olie-kopen\/","og_locale":"nl_NL","og_type":"article","og_title":"Koop High CBD Premium CO2 Ge\u00ebxtraheerde Olie - Best Global Meds","og_description":"Koop High CBD Premium CO2 ge\u00ebxtraheerde olie te koop VK, Europa online. Totaal actieve cannabino\u00efden 80% THC: 24% CBD: 56% CO2-extractie marihuana-oliepatroon.","og_url":"https:\/\/medicinasinc.com\/nl\/product\/hoge-cbd-premium-co2-geextraheerde-olie-kopen\/","og_site_name":"Medicinas Inc","article_modified_time":"2022-07-05T03:16:57+00:00","og_image":[{"width":770,"height":686,"url":"https:\/\/medicinasinc.com\/nl\/wp-content\/uploads\/sites\/17\/2022\/02\/Buy-High-CBD-Premium-CO2-Extracted-Oil.jpg","type":"image\/jpeg"}],"twitter_card":"summary_large_image","twitter_misc":{"Geschatte leestijd":"1 minuut"},"schema":{"@context":"https:\/\/schema.org","@graph":[{"@type":"WebPage","@id":"https:\/\/medicinasinc.com\/nl\/product\/hoge-cbd-premium-co2-geextraheerde-olie-kopen\/","url":"https:\/\/medicinasinc.com\/nl\/product\/hoge-cbd-premium-co2-geextraheerde-olie-kopen\/","name":"Koop High CBD Premium CO2 Ge\u00ebxtraheerde Olie - Best Global Meds","isPartOf":{"@id":"https:\/\/medicinasinc.com\/nl\/#website"},"primaryImageOfPage":{"@id":"https:\/\/medicinasinc.com\/nl\/product\/hoge-cbd-premium-co2-geextraheerde-olie-kopen\/#primaryimage"},"image":{"@id":"https:\/\/medicinasinc.com\/nl\/product\/hoge-cbd-premium-co2-geextraheerde-olie-kopen\/#primaryimage"},"thumbnailUrl":"https:\/\/medicinasinc.com\/nl\/wp-content\/uploads\/sites\/17\/2022\/02\/Buy-High-CBD-Premium-CO2-Extracted-Oil.jpg","datePublished":"2022-02-20T08:40:25+00:00","dateModified":"2022-07-05T03:16:57+00:00","description":"Koop High CBD Premium CO2 ge\u00ebxtraheerde olie te koop VK, Europa online. Totaal actieve cannabino\u00efden 80% THC: 24% CBD: 56% CO2-extractie marihuana-oliepatroon.","breadcrumb":{"@id":"https:\/\/medicinasinc.com\/nl\/product\/hoge-cbd-premium-co2-geextraheerde-olie-kopen\/#breadcrumb"},"inLanguage":"nl-NL","potentialAction":[{"@type":"ReadAction","target":["https:\/\/medicinasinc.com\/nl\/product\/hoge-cbd-premium-co2-geextraheerde-olie-kopen\/"]}]},{"@type":"ImageObject","inLanguage":"nl-NL","@id":"https:\/\/medicinasinc.com\/nl\/product\/hoge-cbd-premium-co2-geextraheerde-olie-kopen\/#primaryimage","url":"https:\/\/medicinasinc.com\/nl\/wp-content\/uploads\/sites\/17\/2022\/02\/Buy-High-CBD-Premium-CO2-Extracted-Oil.jpg","contentUrl":"https:\/\/medicinasinc.com\/nl\/wp-content\/uploads\/sites\/17\/2022\/02\/Buy-High-CBD-Premium-CO2-Extracted-Oil.jpg","width":770,"height":686},{"@type":"BreadcrumbList","@id":"https:\/\/medicinasinc.com\/nl\/product\/hoge-cbd-premium-co2-geextraheerde-olie-kopen\/#breadcrumb","itemListElement":[{"@type":"ListItem","position":1,"name":"Winkel","item":"https:\/\/medicinasinc.com\/nl\/winkel\/"},{"@type":"ListItem","position":2,"name":"Koop High CBD Premium CO2 Ge\u00ebxtraheerde Olie"}]},{"@type":"WebSite","@id":"https:\/\/medicinasinc.com\/nl\/#website","url":"https:\/\/medicinasinc.com\/nl\/","name":"Medicinas Inc","description":"Health Medical Clinic","potentialAction":[{"@type":"SearchAction","target":{"@type":"EntryPoint","urlTemplate":"https:\/\/medicinasinc.com\/nl\/?s={search_term_string}"},"query-input":{"@type":"PropertyValueSpecification","valueRequired":true,"valueName":"search_term_string"}}],"inLanguage":"nl-NL"}]}},"_links":{"self":[{"href":"https:\/\/medicinasinc.com\/nl\/wp-json\/wp\/v2\/product\/4375","targetHints":{"allow":["GET"]}}],"collection":[{"href":"https:\/\/medicinasinc.com\/nl\/wp-json\/wp\/v2\/product"}],"about":[{"href":"https:\/\/medicinasinc.com\/nl\/wp-json\/wp\/v2\/types\/product"}],"replies":[{"embeddable":true,"href":"https:\/\/medicinasinc.com\/nl\/wp-json\/wp\/v2\/comments?post=4375"}],"wp:featuredmedia":[{"embeddable":true,"href":"https:\/\/medicinasinc.com\/nl\/wp-json\/wp\/v2\/media\/4411"}],"wp:attachment":[{"href":"https:\/\/medicinasinc.com\/nl\/wp-json\/wp\/v2\/media?parent=4375"}],"wp:term":[{"taxonomy":"product_brand","embeddable":true,"href":"https:\/\/medicinasinc.com\/nl\/wp-json\/wp\/v2\/product_brand?post=4375"},{"taxonomy":"product_cat","embeddable":true,"href":"https:\/\/medicinasinc.com\/nl\/wp-json\/wp\/v2\/product_cat?post=4375"},{"taxonomy":"product_tag","embeddable":true,"href":"https:\/\/medicinasinc.com\/nl\/wp-json\/wp\/v2\/product_tag?post=4375"}],"curies":[{"name":"wp","href":"https:\/\/api.w.org\/{rel}","templated":true}]}}