{"id":5926,"date":"2022-02-22T08:28:02","date_gmt":"2022-02-22T08:28:02","guid":{"rendered":"https:\/\/medicinasinc.com\/lt\/?post_type=product&#038;p=5926"},"modified":"2022-03-20T12:04:24","modified_gmt":"2022-03-20T12:04:24","slug":"pirkti-thj-018","status":"publish","type":"product","link":"https:\/\/medicinasinc.com\/lt\/product\/pirkti-thj-018\/","title":{"rendered":"Pirkite THJ-018"},"content":{"rendered":"<p>Nepaisant did\u0117jan\u010dio nauj\u0173 psichoaktyvi\u0173 jungini\u0173 paplitimo, \u0161iuo metu n\u0117ra duomen\u0173 apie \u017emogaus metabolizm\u0105, tod\u0117l laboratoriniai dokumentai apie suvartojim\u0105 su \u0161lapimu ir vaist\u0173 farmakodinamini\u0173, farmakokinetini\u0173 ir toksikologini\u0173 savybi\u0173 \u012fvertinimas tampa sud\u0117tingesni.<\/p>\n<p>Sintetiniai kanapi\u0173 indazolo analogai JWH-018 ir THJ-2201 buvo i\u0161leisti 2014 m. kaip THJ-018 ir THJ-2201.<\/p>\n<p>THJ 018 yra visi\u0161kai naujas sintetinis vaistas, kur\u012f galima \u012fsigyti. Jis klasifikuojamas kaip kanabinoidas. \u0160is junginys yra gerai \u017einomo vaisto jwh 018 darinys.<\/p>\n<p>Nacionalin\u0117 teismo medicinos laboratorijos informacin\u0117 sistema turi 220 THJ-2201 ataskait\u0173 pagal AM-2201. 2015 m. sausio m\u0117n. Narkotik\u0173 kontrol\u0117s tarnyba THJ-2201 \u012ftrauk\u0117 \u012f I s\u0105ra\u0161\u0105 d\u0117l daugelio nepageidaujam\u0173 rei\u0161kini\u0173.<\/p>\n<p>METODAI: 3 valandas inkubavus 10 mol\/L THJ-018 ir THJ-2201 \u017emogaus hepatocituose, Mes panaudojome didel\u0117s skiriamosios gebos mas\u0117s spektrometrij\u0105 (HR-MS) (TripleTOF 5600+), kad surastume optimalius metabolit\u0173 \u017eymenis. Produkto jon\u0173 nuskaitymai su mas\u0117s defekt\u0173 filtrais buvo suaktyvinti visi\u0161kai nuskaitant ir nuo informacijos priklausomo gavimo. MetaSite buvo naudojamas in silico metabolit\u0173 prognoz\u0117ms atlikti, kurios v\u0117liau buvo palygintos su metabolitais, randamais \u017emogaus hepatocituose.<\/p>\n<p>Rezultatai: buvo rasta trylika THJ-018 metabolit\u0173, kuri\u0173 N-pentilo grandin\u0117je buvo hidroksilinimas ir v\u0117lesn\u0117 oksidacija arba gliukuronizacija yra vyraujantis metabolizmo kelias. THJ-2201 buvo rasti 27 metabolitai, kuri\u0173 dauguma buvo oksidacinis defluorinimas, po kurio seka karboksilinimas arba gliukuronizacija, taip pat hidroksilint\u0173 metabolit\u0173 gliukuronizacija.<\/p>\n<p>Abu junginiai parod\u0117 dihidrodiolio sintez\u0119 naftaleno dalyje. MetaSite prognoz\u0117 buvo tiksli THJ-018 hepatocit\u0173 metabolit\u0173 atveju, o THJ-2201 oksidacinis defluorinimas buvo ne\u012fvertintas.<\/p>\n<p>I\u0160VADOS: THJ-018 ir THJ-2201 metabolizm\u0105 \u017emogaus hepatocituose i\u0161tyr\u0117me naudodami HR-MS duomenims rinkti ir gauti. apdorojim\u0105, tod\u0117l rekomenduojame laboratorijoms atitinkamus rodiklius, kad b\u016bt\u0173 galima nustatyti THJ-018 ir THJ-2201 nurijim\u0105 ir susieti dokumentais pagr\u012fstus neigiamus \u0161i\u0173 nauj\u0173 sintetini\u0173 kanabinoid\u0173 rezultatus.<\/p>\n<p>SC jungiasi prie endogenini\u0173 kanabinoid\u0173 receptori\u0173 ir sukelia kanabimimetin\u012f poveik\u012f, pana\u0161\u0173 \u012f 9 -tetrahidrokanabinolis (1, 2). Piktnaud\u017eiavimas SC3 sukelia didel\u012f \u0161alutin\u012f poveik\u012f, pvz., \u016bmin\u012f inkst\u0173 pa\u017eeidim\u0105, miokardo infarkt\u0105 ir mirt\u012f (3, 4).<\/p>\n<p>Nepaisant \u0161ios rizikos, \u017emon\u0117s ir toliau vartoja SC. Daug SC buvo suplanuota Jungtin\u0117se Valstijose, Japonijoje ir daugumoje Europos \u0161ali\u0173 (pavyzd\u017eiui, JWH018, JWH-073, AKB48 ir XLR-11); ta\u010diau nuolat atsiranda papildom\u0173 strukt\u016bri\u0161kai skirting\u0173 jungini\u0173.<\/p>\n","protected":false},"excerpt":{"rendered":"<p>Pirkite THJ-018 (SGT-17) pardavimui Europa, JK yra sintetinis kanabinoidas, kuris yra JWH-018 indazolo analogas ir buvo parduodamas internete kaip dizaineri\u0173 sukurtas vaistas. Galimas didmeninis u\u017esakymas<\/p>\n","protected":false},"featured_media":5940,"comment_status":"open","ping_status":"closed","template":"","meta":[],"product_brand":[],"product_cat":[2596],"product_tag":[4107,4104,4106,4109,4108,4103,4105],"class_list":{"0":"post-5926","1":"product","2":"type-product","3":"status-publish","4":"has-post-thumbnail","6":"product_cat-parduodami-kanabinoidai","7":"product_tag-geriausia-vieta-pirkti-thj-018-internetu","8":"product_tag-how-to-buy-thj-018-online","9":"product_tag-pirkti-thj-018-internetu","10":"product_tag-kur-pirkti-thj-018-internetu","11":"product_tag-thj-018-parduodamas","12":"product_tag-pirkti-thj-018-internetas","13":"product_tag-in-c5-besisakyti-thj-018-internetas","15":"first","16":"instock","17":"shipping-taxable","18":"purchasable","19":"product-type-variable"},"yoast_head":"<!-- This site is optimized with the Yoast SEO plugin v27.3 - https:\/\/yoast.com\/product\/yoast-seo-wordpress\/ -->\n<title>Pirkite THJ-018 - SGT-17 - geriausius pasaulinius vaistus<\/title>\n<meta name=\"description\" content=\"Pirkite THJ-018 (SGT-17) pardavimui Europa, JK yra sintetinis kanabinoidas, kuris yra JWH-018 indazolo analogas ir buvo parduodamas internete kaip dizaineri\u0173 sukurtas vaistas. Galimas didmeninis u\u017esakymas\" \/>\n<meta name=\"robots\" content=\"index, follow, max-snippet:-1, max-image-preview:large, max-video-preview:-1\" \/>\n<link rel=\"canonical\" href=\"https:\/\/medicinasinc.com\/lt\/product\/pirkti-thj-018\/\" \/>\n<meta property=\"og:locale\" content=\"en_US\" \/>\n<meta property=\"og:type\" content=\"article\" \/>\n<meta property=\"og:title\" content=\"Pirkite THJ-018 - SGT-17 - geriausius pasaulinius vaistus\" \/>\n<meta property=\"og:description\" content=\"Pirkite THJ-018 (SGT-17) pardavimui Europa, JK yra sintetinis kanabinoidas, kuris yra JWH-018 indazolo analogas ir buvo parduodamas internete kaip dizaineri\u0173 sukurtas vaistas. Galimas didmeninis u\u017esakymas\" \/>\n<meta property=\"og:url\" content=\"https:\/\/medicinasinc.com\/lt\/product\/pirkti-thj-018\/\" \/>\n<meta property=\"og:site_name\" content=\"Medicinas Inc\" \/>\n<meta property=\"article:modified_time\" content=\"2022-03-20T12:04:24+00:00\" \/>\n<meta property=\"og:image\" content=\"https:\/\/medicinasinc.com\/lt\/wp-content\/uploads\/sites\/9\/2022\/02\/Buy-THJ-018.jpeg\" \/>\n\t<meta property=\"og:image:width\" content=\"751\" \/>\n\t<meta property=\"og:image:height\" content=\"800\" \/>\n\t<meta property=\"og:image:type\" content=\"image\/jpeg\" \/>\n<meta name=\"twitter:card\" content=\"summary_large_image\" \/>\n<meta name=\"twitter:label1\" content=\"Est. reading time\" \/>\n\t<meta name=\"twitter:data1\" content=\"2 minutes\" \/>\n<script type=\"application\/ld+json\" class=\"yoast-schema-graph\">{\"@context\":\"https:\\\/\\\/schema.org\",\"@graph\":[{\"@type\":\"WebPage\",\"@id\":\"https:\\\/\\\/medicinasinc.com\\\/lt\\\/product\\\/pirkti-thj-018\\\/\",\"url\":\"https:\\\/\\\/medicinasinc.com\\\/lt\\\/product\\\/pirkti-thj-018\\\/\",\"name\":\"Pirkite THJ-018 - SGT-17 - geriausius pasaulinius vaistus\",\"isPartOf\":{\"@id\":\"https:\\\/\\\/medicinasinc.com\\\/lt\\\/#website\"},\"primaryImageOfPage\":{\"@id\":\"https:\\\/\\\/medicinasinc.com\\\/lt\\\/product\\\/pirkti-thj-018\\\/#primaryimage\"},\"image\":{\"@id\":\"https:\\\/\\\/medicinasinc.com\\\/lt\\\/product\\\/pirkti-thj-018\\\/#primaryimage\"},\"thumbnailUrl\":\"https:\\\/\\\/medicinasinc.com\\\/lt\\\/wp-content\\\/uploads\\\/sites\\\/9\\\/2022\\\/02\\\/Buy-THJ-018.jpeg\",\"datePublished\":\"2022-02-22T08:28:02+00:00\",\"dateModified\":\"2022-03-20T12:04:24+00:00\",\"description\":\"Pirkite THJ-018 (SGT-17) pardavimui Europa, JK yra sintetinis kanabinoidas, kuris yra JWH-018 indazolo analogas ir buvo parduodamas internete kaip dizaineri\u0173 sukurtas vaistas. Galimas didmeninis u\u017esakymas\",\"breadcrumb\":{\"@id\":\"https:\\\/\\\/medicinasinc.com\\\/lt\\\/product\\\/pirkti-thj-018\\\/#breadcrumb\"},\"inLanguage\":\"en-US\",\"potentialAction\":[{\"@type\":\"ReadAction\",\"target\":[\"https:\\\/\\\/medicinasinc.com\\\/lt\\\/product\\\/pirkti-thj-018\\\/\"]}]},{\"@type\":\"ImageObject\",\"inLanguage\":\"en-US\",\"@id\":\"https:\\\/\\\/medicinasinc.com\\\/lt\\\/product\\\/pirkti-thj-018\\\/#primaryimage\",\"url\":\"https:\\\/\\\/medicinasinc.com\\\/lt\\\/wp-content\\\/uploads\\\/sites\\\/9\\\/2022\\\/02\\\/Buy-THJ-018.jpeg\",\"contentUrl\":\"https:\\\/\\\/medicinasinc.com\\\/lt\\\/wp-content\\\/uploads\\\/sites\\\/9\\\/2022\\\/02\\\/Buy-THJ-018.jpeg\",\"width\":751,\"height\":800},{\"@type\":\"BreadcrumbList\",\"@id\":\"https:\\\/\\\/medicinasinc.com\\\/lt\\\/product\\\/pirkti-thj-018\\\/#breadcrumb\",\"itemListElement\":[{\"@type\":\"ListItem\",\"position\":1,\"name\":\"Parduotuv\u0117\",\"item\":\"https:\\\/\\\/medicinasinc.com\\\/lt\\\/parduotuve\\\/\"},{\"@type\":\"ListItem\",\"position\":2,\"name\":\"Pirkite THJ-018\"}]},{\"@type\":\"WebSite\",\"@id\":\"https:\\\/\\\/medicinasinc.com\\\/lt\\\/#website\",\"url\":\"https:\\\/\\\/medicinasinc.com\\\/lt\\\/\",\"name\":\"Medicinas Inc\",\"description\":\"Sveikatos medicinos klinika\",\"potentialAction\":[{\"@type\":\"SearchAction\",\"target\":{\"@type\":\"EntryPoint\",\"urlTemplate\":\"https:\\\/\\\/medicinasinc.com\\\/lt\\\/?s={search_term_string}\"},\"query-input\":{\"@type\":\"PropertyValueSpecification\",\"valueRequired\":true,\"valueName\":\"search_term_string\"}}],\"inLanguage\":\"en-US\"}]}<\/script>\n<!-- \/ Yoast SEO plugin. -->","yoast_head_json":{"title":"Pirkite THJ-018 - SGT-17 - geriausius pasaulinius vaistus","description":"Pirkite THJ-018 (SGT-17) pardavimui Europa, JK yra sintetinis kanabinoidas, kuris yra JWH-018 indazolo analogas ir buvo parduodamas internete kaip dizaineri\u0173 sukurtas vaistas. Galimas didmeninis u\u017esakymas","robots":{"index":"index","follow":"follow","max-snippet":"max-snippet:-1","max-image-preview":"max-image-preview:large","max-video-preview":"max-video-preview:-1"},"canonical":"https:\/\/medicinasinc.com\/lt\/product\/pirkti-thj-018\/","og_locale":"en_US","og_type":"article","og_title":"Pirkite THJ-018 - SGT-17 - geriausius pasaulinius vaistus","og_description":"Pirkite THJ-018 (SGT-17) pardavimui Europa, JK yra sintetinis kanabinoidas, kuris yra JWH-018 indazolo analogas ir buvo parduodamas internete kaip dizaineri\u0173 sukurtas vaistas. Galimas didmeninis u\u017esakymas","og_url":"https:\/\/medicinasinc.com\/lt\/product\/pirkti-thj-018\/","og_site_name":"Medicinas Inc","article_modified_time":"2022-03-20T12:04:24+00:00","og_image":[{"width":751,"height":800,"url":"https:\/\/medicinasinc.com\/lt\/wp-content\/uploads\/sites\/9\/2022\/02\/Buy-THJ-018.jpeg","type":"image\/jpeg"}],"twitter_card":"summary_large_image","twitter_misc":{"Est. reading time":"2 minutes"},"schema":{"@context":"https:\/\/schema.org","@graph":[{"@type":"WebPage","@id":"https:\/\/medicinasinc.com\/lt\/product\/pirkti-thj-018\/","url":"https:\/\/medicinasinc.com\/lt\/product\/pirkti-thj-018\/","name":"Pirkite THJ-018 - SGT-17 - geriausius pasaulinius vaistus","isPartOf":{"@id":"https:\/\/medicinasinc.com\/lt\/#website"},"primaryImageOfPage":{"@id":"https:\/\/medicinasinc.com\/lt\/product\/pirkti-thj-018\/#primaryimage"},"image":{"@id":"https:\/\/medicinasinc.com\/lt\/product\/pirkti-thj-018\/#primaryimage"},"thumbnailUrl":"https:\/\/medicinasinc.com\/lt\/wp-content\/uploads\/sites\/9\/2022\/02\/Buy-THJ-018.jpeg","datePublished":"2022-02-22T08:28:02+00:00","dateModified":"2022-03-20T12:04:24+00:00","description":"Pirkite THJ-018 (SGT-17) pardavimui Europa, JK yra sintetinis kanabinoidas, kuris yra JWH-018 indazolo analogas ir buvo parduodamas internete kaip dizaineri\u0173 sukurtas vaistas. Galimas didmeninis u\u017esakymas","breadcrumb":{"@id":"https:\/\/medicinasinc.com\/lt\/product\/pirkti-thj-018\/#breadcrumb"},"inLanguage":"en-US","potentialAction":[{"@type":"ReadAction","target":["https:\/\/medicinasinc.com\/lt\/product\/pirkti-thj-018\/"]}]},{"@type":"ImageObject","inLanguage":"en-US","@id":"https:\/\/medicinasinc.com\/lt\/product\/pirkti-thj-018\/#primaryimage","url":"https:\/\/medicinasinc.com\/lt\/wp-content\/uploads\/sites\/9\/2022\/02\/Buy-THJ-018.jpeg","contentUrl":"https:\/\/medicinasinc.com\/lt\/wp-content\/uploads\/sites\/9\/2022\/02\/Buy-THJ-018.jpeg","width":751,"height":800},{"@type":"BreadcrumbList","@id":"https:\/\/medicinasinc.com\/lt\/product\/pirkti-thj-018\/#breadcrumb","itemListElement":[{"@type":"ListItem","position":1,"name":"Parduotuv\u0117","item":"https:\/\/medicinasinc.com\/lt\/parduotuve\/"},{"@type":"ListItem","position":2,"name":"Pirkite THJ-018"}]},{"@type":"WebSite","@id":"https:\/\/medicinasinc.com\/lt\/#website","url":"https:\/\/medicinasinc.com\/lt\/","name":"Medicinas Inc","description":"Sveikatos medicinos klinika","potentialAction":[{"@type":"SearchAction","target":{"@type":"EntryPoint","urlTemplate":"https:\/\/medicinasinc.com\/lt\/?s={search_term_string}"},"query-input":{"@type":"PropertyValueSpecification","valueRequired":true,"valueName":"search_term_string"}}],"inLanguage":"en-US"}]}},"_links":{"self":[{"href":"https:\/\/medicinasinc.com\/lt\/wp-json\/wp\/v2\/product\/5926","targetHints":{"allow":["GET"]}}],"collection":[{"href":"https:\/\/medicinasinc.com\/lt\/wp-json\/wp\/v2\/product"}],"about":[{"href":"https:\/\/medicinasinc.com\/lt\/wp-json\/wp\/v2\/types\/product"}],"replies":[{"embeddable":true,"href":"https:\/\/medicinasinc.com\/lt\/wp-json\/wp\/v2\/comments?post=5926"}],"wp:featuredmedia":[{"embeddable":true,"href":"https:\/\/medicinasinc.com\/lt\/wp-json\/wp\/v2\/media\/5940"}],"wp:attachment":[{"href":"https:\/\/medicinasinc.com\/lt\/wp-json\/wp\/v2\/media?parent=5926"}],"wp:term":[{"taxonomy":"product_brand","embeddable":true,"href":"https:\/\/medicinasinc.com\/lt\/wp-json\/wp\/v2\/product_brand?post=5926"},{"taxonomy":"product_cat","embeddable":true,"href":"https:\/\/medicinasinc.com\/lt\/wp-json\/wp\/v2\/product_cat?post=5926"},{"taxonomy":"product_tag","embeddable":true,"href":"https:\/\/medicinasinc.com\/lt\/wp-json\/wp\/v2\/product_tag?post=5926"}],"curies":[{"name":"wp","href":"https:\/\/api.w.org\/{rel}","templated":true}]}}