{"id":5912,"date":"2022-02-22T08:15:30","date_gmt":"2022-02-22T08:15:30","guid":{"rendered":"https:\/\/medicinasinc.com\/lt\/?post_type=product&#038;p=5912"},"modified":"2022-03-20T12:04:49","modified_gmt":"2022-03-20T12:04:49","slug":"pirkti-mdmb-chmica","status":"publish","type":"product","link":"https:\/\/medicinasinc.com\/lt\/product\/pirkti-mdmb-chmica\/","title":{"rendered":"Pirkite MDMB-CHMICA"},"content":{"rendered":"<p>MDMB-CHMICA (arba MMB-CHMINACA) yra indolo pagrindu pagamintos sintetin\u0117s kanap\u0117s, kurios internete buvo si\u016blomos kaip i\u0161skirtinis narkotikas. Nors MDMB-CHMICA i\u0161 prad\u017ei\u0173 buvo parduodamas kaip MMB-CHMINACA, MDMB-CHMINACA izopropilo analogas (AMB-CHMINACA) buvo aptiktas dizaineri\u0173 kurt\u0173 vaist\u0173 rinkoje 2015 m.<\/p>\n<p>MMB-CHMINACA<\/p>\n<p>MDMB-CHMINACA<\/p>\n<p>MMB-CHMINACA (MDMB-CHMINACA) yra indolo pagrindu pagaminta sintetin\u0117 kanap\u0117, kuri internete buvo si\u016bloma kaip i\u0161skirtinis narkotikas.<\/p>\n<p>MMB-CHMINACA<\/p>\n<p> p&gt; <\/p>\n<p>MDMB-CHMINACA<\/p>\n<p>IUPAC pavadinimas: (2S)<\/p>\n<p>2,3-dimetilbutanoatas<br \/> CAS: N\/A<br \/> N\/A ChemSpider <br \/> C23H32N2O3<br \/> 384,5 g\/mol MMB<br \/> MDMB-CHMINACA<\/p>\n<p>(2S)-metil<\/p>\n<p>1 H-indol-3-ilkarbonilamino-2 ,3-dimetilbutanoatas<\/p>\n<p>MMB-CHMINACA (MDMB-CHMINACA) yra indolo pagrindu pagamintas kanabinoidas, turintis dimetilbutanoato grup\u0119. Atrodo, kad \u0161i chemin\u0117 med\u017eiaga turi didesn\u012f jungimosi afinitet\u0105 in vitro nei daugelis dabartini\u0173 kanabinoid\u0173, tod\u0117l mokslininkai tur\u0117t\u0173 tai tur\u0117ti omenyje planuodami tyrimus ir d\u0117dami med\u017eiag\u0105 ant l\u0105steli\u0173 substrat\u0173.<\/p>\n<p>Sintetiniai kanabinoidai yra daugyb\u0117 jungini\u0173, kurie nuolat susikaupia. vystosi ir pristatoma visuomenei. Ta\u010diau MMB-CHMINACA pristatymas sulauk\u0117 nepaprasto susidom\u0117jimo d\u0117l jo unikali\u0173 savybi\u0173. Manoma, kad jo \u012ftaka CB1 ir CB2 receptoriams yra daug didesn\u0117 nei AB-CHMINACA, tod\u0117l norint pasiekti eksperimento tiksl\u0105 reikia ma\u017eiau aktyvios med\u017eiagos.<\/p>\n<p>MMB-CHMINACA yra balti milteliai, kuriuos galima saugiai laikyti ir tvarkomi laboratorijoje. \u0160is sintetinis kanabinoidas turi sud\u0117ting\u0105 chemin\u0119 formul\u0119 (2S)-metil-2-(1-(cikloheksilmetil)-1H-indol-3-ilkarbonilamino)-3,3-dimetilbutanoatas. Jo molekulin\u0117 mas\u0117 yra 384,5 g\/mol, o formul\u0117 \u2013 C23H32N2O3.<\/p>\n<p>MMB-CHMINACA yra nauja chemin\u0117 med\u017eiaga, su kuria reikia elgtis labai atsargiai ir tiksliai matuoti d\u0117l i\u0161skirtinio grynumo. Raginame visus i\u0161nagrin\u0117ti vietinius apribojimus prie\u0161 \u012fsigydami sintetini\u0173 kanapi\u0173 ir kit\u0173 med\u017eiag\u0173 i\u0161 m\u016bs\u0173 internetin\u0117s parduotuv\u0117s.<\/p>\n","protected":false},"excerpt":{"rendered":"<p>Pirkite MDMB-CHMICA, MMB2101\u00a0pardavimui Europa, JK (taip pat neteisingai \u017einomas kaip MMB-CHMINACA) yra\u00a0indolo pagrindu pagamintas\u00a0sintetinis kanabinoidas,\u00a0kuris yra stiprus\u00a0CB1\u00a0receptoriaus\u00a0agonistas ir buvo parduodamas internete kaip narkotik\u0173 k\u016br\u0117jas. Galimas u\u017esakymas<\/p>\n","protected":false},"featured_media":5937,"comment_status":"open","ping_status":"closed","template":"","meta":[],"product_brand":[],"product_cat":[2596],"product_tag":[4088,4084,4089,4085,4087,4086,4083],"class_list":{"0":"post-5912","1":"product","2":"type-product","3":"status-publish","4":"has-post-thumbnail","6":"product_cat-parduodami-kanabinoidai","7":"product_tag-geriausia-mmb-chminaca-pirkimo-vieta-internetu","8":"product_tag-kaip-pirkti-mmb-chminaca-internete","9":"product_tag-kur-pirkti-mmb-chminaca-internete","10":"product_tag-mmb-chminaca","11":"product_tag-order-mmb-chminaca-online","12":"product_tag-mmb-chminaca-parduodamas","13":"product_tag-pirkti-mmb-chminaca-online","15":"first","16":"instock","17":"shipping-taxable","18":"purchasable","19":"product-type-variable"},"yoast_head":"<!-- This site is optimized with the Yoast SEO plugin v27.3 - https:\/\/yoast.com\/product\/yoast-seo-wordpress\/ -->\n<title>Pirkite MMB-Chminaca \u2013 MMB-CHMINACA \u2013 geriausius pasaulinius vaistus<\/title>\n<meta name=\"description\" content=\"Pirkite MDMB-CHMICA, MMB2101\u00a0pardavimui Europa, JK (taip pat neteisingai \u017einomas kaip MMB-CHMINACA) yra\u00a0indolo pagrindu pagamintas\u00a0sintetinis kanabinoidas,\u00a0kuris yra stiprus\u00a0CB1\u00a0receptoriaus\u00a0agonistas ir buvo parduodamas internete kaip\u00a0dizainas.\" \/>\n<meta name=\"robots\" content=\"index, follow, max-snippet:-1, max-image-preview:large, max-video-preview:-1\" \/>\n<link rel=\"canonical\" href=\"https:\/\/medicinasinc.com\/lt\/product\/pirkti-mdmb-chmica\/\" \/>\n<meta property=\"og:locale\" content=\"en_US\" \/>\n<meta property=\"og:type\" content=\"article\" \/>\n<meta property=\"og:title\" content=\"Pirkite MMB-Chminaca \u2013 MMB-CHMINACA \u2013 geriausius pasaulinius vaistus\" \/>\n<meta property=\"og:description\" content=\"Pirkite MDMB-CHMICA, MMB2101\u00a0pardavimui Europa, JK (taip pat neteisingai \u017einomas kaip MMB-CHMINACA) yra\u00a0indolo pagrindu pagamintas\u00a0sintetinis kanabinoidas,\u00a0kuris yra stiprus\u00a0CB1\u00a0receptoriaus\u00a0agonistas ir buvo parduodamas internete kaip\u00a0dizainas.\" \/>\n<meta property=\"og:url\" content=\"https:\/\/medicinasinc.com\/lt\/product\/pirkti-mdmb-chmica\/\" \/>\n<meta property=\"og:site_name\" content=\"Medicinas Inc\" \/>\n<meta property=\"article:modified_time\" content=\"2022-03-20T12:04:49+00:00\" \/>\n<meta property=\"og:image\" content=\"https:\/\/medicinasinc.com\/lt\/wp-content\/uploads\/sites\/9\/2022\/02\/Buy-MDMB-CHMICA.jpg\" \/>\n\t<meta property=\"og:image:width\" content=\"459\" \/>\n\t<meta property=\"og:image:height\" content=\"443\" \/>\n\t<meta property=\"og:image:type\" content=\"image\/jpeg\" \/>\n<meta name=\"twitter:card\" content=\"summary_large_image\" \/>\n<meta name=\"twitter:label1\" content=\"Est. reading time\" \/>\n\t<meta name=\"twitter:data1\" content=\"2 minutes\" \/>\n<script type=\"application\/ld+json\" class=\"yoast-schema-graph\">{\"@context\":\"https:\\\/\\\/schema.org\",\"@graph\":[{\"@type\":\"WebPage\",\"@id\":\"https:\\\/\\\/medicinasinc.com\\\/lt\\\/product\\\/pirkti-mdmb-chmica\\\/\",\"url\":\"https:\\\/\\\/medicinasinc.com\\\/lt\\\/product\\\/pirkti-mdmb-chmica\\\/\",\"name\":\"Pirkite MMB-Chminaca \u2013 MMB-CHMINACA \u2013 geriausius pasaulinius vaistus\",\"isPartOf\":{\"@id\":\"https:\\\/\\\/medicinasinc.com\\\/lt\\\/#website\"},\"primaryImageOfPage\":{\"@id\":\"https:\\\/\\\/medicinasinc.com\\\/lt\\\/product\\\/pirkti-mdmb-chmica\\\/#primaryimage\"},\"image\":{\"@id\":\"https:\\\/\\\/medicinasinc.com\\\/lt\\\/product\\\/pirkti-mdmb-chmica\\\/#primaryimage\"},\"thumbnailUrl\":\"https:\\\/\\\/medicinasinc.com\\\/lt\\\/wp-content\\\/uploads\\\/sites\\\/9\\\/2022\\\/02\\\/Buy-MDMB-CHMICA.jpg\",\"datePublished\":\"2022-02-22T08:15:30+00:00\",\"dateModified\":\"2022-03-20T12:04:49+00:00\",\"description\":\"Pirkite MDMB-CHMICA, MMB2101\u00a0pardavimui Europa, JK (taip pat neteisingai \u017einomas kaip MMB-CHMINACA) yra\u00a0indolo pagrindu pagamintas\u00a0sintetinis kanabinoidas,\u00a0kuris yra stiprus\u00a0CB1\u00a0receptoriaus\u00a0agonistas ir buvo parduodamas internete kaip\u00a0dizainas.\",\"breadcrumb\":{\"@id\":\"https:\\\/\\\/medicinasinc.com\\\/lt\\\/product\\\/pirkti-mdmb-chmica\\\/#breadcrumb\"},\"inLanguage\":\"en-US\",\"potentialAction\":[{\"@type\":\"ReadAction\",\"target\":[\"https:\\\/\\\/medicinasinc.com\\\/lt\\\/product\\\/pirkti-mdmb-chmica\\\/\"]}]},{\"@type\":\"ImageObject\",\"inLanguage\":\"en-US\",\"@id\":\"https:\\\/\\\/medicinasinc.com\\\/lt\\\/product\\\/pirkti-mdmb-chmica\\\/#primaryimage\",\"url\":\"https:\\\/\\\/medicinasinc.com\\\/lt\\\/wp-content\\\/uploads\\\/sites\\\/9\\\/2022\\\/02\\\/Buy-MDMB-CHMICA.jpg\",\"contentUrl\":\"https:\\\/\\\/medicinasinc.com\\\/lt\\\/wp-content\\\/uploads\\\/sites\\\/9\\\/2022\\\/02\\\/Buy-MDMB-CHMICA.jpg\",\"width\":459,\"height\":443},{\"@type\":\"BreadcrumbList\",\"@id\":\"https:\\\/\\\/medicinasinc.com\\\/lt\\\/product\\\/pirkti-mdmb-chmica\\\/#breadcrumb\",\"itemListElement\":[{\"@type\":\"ListItem\",\"position\":1,\"name\":\"Parduotuv\u0117\",\"item\":\"https:\\\/\\\/medicinasinc.com\\\/lt\\\/parduotuve\\\/\"},{\"@type\":\"ListItem\",\"position\":2,\"name\":\"Pirkite MDMB-CHMICA\"}]},{\"@type\":\"WebSite\",\"@id\":\"https:\\\/\\\/medicinasinc.com\\\/lt\\\/#website\",\"url\":\"https:\\\/\\\/medicinasinc.com\\\/lt\\\/\",\"name\":\"Medicinas Inc\",\"description\":\"Sveikatos medicinos klinika\",\"potentialAction\":[{\"@type\":\"SearchAction\",\"target\":{\"@type\":\"EntryPoint\",\"urlTemplate\":\"https:\\\/\\\/medicinasinc.com\\\/lt\\\/?s={search_term_string}\"},\"query-input\":{\"@type\":\"PropertyValueSpecification\",\"valueRequired\":true,\"valueName\":\"search_term_string\"}}],\"inLanguage\":\"en-US\"}]}<\/script>\n<!-- \/ Yoast SEO plugin. -->","yoast_head_json":{"title":"Pirkite MMB-Chminaca \u2013 MMB-CHMINACA \u2013 geriausius pasaulinius vaistus","description":"Pirkite MDMB-CHMICA, MMB2101\u00a0pardavimui Europa, JK (taip pat neteisingai \u017einomas kaip MMB-CHMINACA) yra\u00a0indolo pagrindu pagamintas\u00a0sintetinis kanabinoidas,\u00a0kuris yra stiprus\u00a0CB1\u00a0receptoriaus\u00a0agonistas ir buvo parduodamas internete kaip\u00a0dizainas.","robots":{"index":"index","follow":"follow","max-snippet":"max-snippet:-1","max-image-preview":"max-image-preview:large","max-video-preview":"max-video-preview:-1"},"canonical":"https:\/\/medicinasinc.com\/lt\/product\/pirkti-mdmb-chmica\/","og_locale":"en_US","og_type":"article","og_title":"Pirkite MMB-Chminaca \u2013 MMB-CHMINACA \u2013 geriausius pasaulinius vaistus","og_description":"Pirkite MDMB-CHMICA, MMB2101\u00a0pardavimui Europa, JK (taip pat neteisingai \u017einomas kaip MMB-CHMINACA) yra\u00a0indolo pagrindu pagamintas\u00a0sintetinis kanabinoidas,\u00a0kuris yra stiprus\u00a0CB1\u00a0receptoriaus\u00a0agonistas ir buvo parduodamas internete kaip\u00a0dizainas.","og_url":"https:\/\/medicinasinc.com\/lt\/product\/pirkti-mdmb-chmica\/","og_site_name":"Medicinas Inc","article_modified_time":"2022-03-20T12:04:49+00:00","og_image":[{"width":459,"height":443,"url":"https:\/\/medicinasinc.com\/lt\/wp-content\/uploads\/sites\/9\/2022\/02\/Buy-MDMB-CHMICA.jpg","type":"image\/jpeg"}],"twitter_card":"summary_large_image","twitter_misc":{"Est. reading time":"2 minutes"},"schema":{"@context":"https:\/\/schema.org","@graph":[{"@type":"WebPage","@id":"https:\/\/medicinasinc.com\/lt\/product\/pirkti-mdmb-chmica\/","url":"https:\/\/medicinasinc.com\/lt\/product\/pirkti-mdmb-chmica\/","name":"Pirkite MMB-Chminaca \u2013 MMB-CHMINACA \u2013 geriausius pasaulinius vaistus","isPartOf":{"@id":"https:\/\/medicinasinc.com\/lt\/#website"},"primaryImageOfPage":{"@id":"https:\/\/medicinasinc.com\/lt\/product\/pirkti-mdmb-chmica\/#primaryimage"},"image":{"@id":"https:\/\/medicinasinc.com\/lt\/product\/pirkti-mdmb-chmica\/#primaryimage"},"thumbnailUrl":"https:\/\/medicinasinc.com\/lt\/wp-content\/uploads\/sites\/9\/2022\/02\/Buy-MDMB-CHMICA.jpg","datePublished":"2022-02-22T08:15:30+00:00","dateModified":"2022-03-20T12:04:49+00:00","description":"Pirkite MDMB-CHMICA, MMB2101\u00a0pardavimui Europa, JK (taip pat neteisingai \u017einomas kaip MMB-CHMINACA) yra\u00a0indolo pagrindu pagamintas\u00a0sintetinis kanabinoidas,\u00a0kuris yra stiprus\u00a0CB1\u00a0receptoriaus\u00a0agonistas ir buvo parduodamas internete kaip\u00a0dizainas.","breadcrumb":{"@id":"https:\/\/medicinasinc.com\/lt\/product\/pirkti-mdmb-chmica\/#breadcrumb"},"inLanguage":"en-US","potentialAction":[{"@type":"ReadAction","target":["https:\/\/medicinasinc.com\/lt\/product\/pirkti-mdmb-chmica\/"]}]},{"@type":"ImageObject","inLanguage":"en-US","@id":"https:\/\/medicinasinc.com\/lt\/product\/pirkti-mdmb-chmica\/#primaryimage","url":"https:\/\/medicinasinc.com\/lt\/wp-content\/uploads\/sites\/9\/2022\/02\/Buy-MDMB-CHMICA.jpg","contentUrl":"https:\/\/medicinasinc.com\/lt\/wp-content\/uploads\/sites\/9\/2022\/02\/Buy-MDMB-CHMICA.jpg","width":459,"height":443},{"@type":"BreadcrumbList","@id":"https:\/\/medicinasinc.com\/lt\/product\/pirkti-mdmb-chmica\/#breadcrumb","itemListElement":[{"@type":"ListItem","position":1,"name":"Parduotuv\u0117","item":"https:\/\/medicinasinc.com\/lt\/parduotuve\/"},{"@type":"ListItem","position":2,"name":"Pirkite MDMB-CHMICA"}]},{"@type":"WebSite","@id":"https:\/\/medicinasinc.com\/lt\/#website","url":"https:\/\/medicinasinc.com\/lt\/","name":"Medicinas Inc","description":"Sveikatos medicinos klinika","potentialAction":[{"@type":"SearchAction","target":{"@type":"EntryPoint","urlTemplate":"https:\/\/medicinasinc.com\/lt\/?s={search_term_string}"},"query-input":{"@type":"PropertyValueSpecification","valueRequired":true,"valueName":"search_term_string"}}],"inLanguage":"en-US"}]}},"_links":{"self":[{"href":"https:\/\/medicinasinc.com\/lt\/wp-json\/wp\/v2\/product\/5912","targetHints":{"allow":["GET"]}}],"collection":[{"href":"https:\/\/medicinasinc.com\/lt\/wp-json\/wp\/v2\/product"}],"about":[{"href":"https:\/\/medicinasinc.com\/lt\/wp-json\/wp\/v2\/types\/product"}],"replies":[{"embeddable":true,"href":"https:\/\/medicinasinc.com\/lt\/wp-json\/wp\/v2\/comments?post=5912"}],"wp:featuredmedia":[{"embeddable":true,"href":"https:\/\/medicinasinc.com\/lt\/wp-json\/wp\/v2\/media\/5937"}],"wp:attachment":[{"href":"https:\/\/medicinasinc.com\/lt\/wp-json\/wp\/v2\/media?parent=5912"}],"wp:term":[{"taxonomy":"product_brand","embeddable":true,"href":"https:\/\/medicinasinc.com\/lt\/wp-json\/wp\/v2\/product_brand?post=5912"},{"taxonomy":"product_cat","embeddable":true,"href":"https:\/\/medicinasinc.com\/lt\/wp-json\/wp\/v2\/product_cat?post=5912"},{"taxonomy":"product_tag","embeddable":true,"href":"https:\/\/medicinasinc.com\/lt\/wp-json\/wp\/v2\/product_tag?post=5912"}],"curies":[{"name":"wp","href":"https:\/\/api.w.org\/{rel}","templated":true}]}}