{"id":5906,"date":"2022-02-22T08:12:00","date_gmt":"2022-02-22T08:12:00","guid":{"rendered":"https:\/\/medicinasinc.com\/lt\/?post_type=product&#038;p=5906"},"modified":"2022-03-20T12:05:02","modified_gmt":"2022-03-20T12:05:02","slug":"pirkti-su-fubinaca","status":"publish","type":"product","link":"https:\/\/medicinasinc.com\/lt\/product\/pirkti-su-fubinaca\/","title":{"rendered":"Pirkite AMB-FUBINACA"},"content":{"rendered":"<p>Indazolo pagrindu pagamintas sintetinis kanabinoidas AMB-FUBINACA, taip pat \u017einomas kaip FUB-AMB ir MMB-FUBINACA, yra galingas kanabinoid\u0173 agonistas. Jo Ki reik\u0161m\u0117s yra 10,04 nM ties CB1 ir 0,786 nM prie CB2 ir EC50 vert\u0117s 0,5433 nM prie CB1 ir 0,1278 nM prie CB2. Jis buvo parduotas internete kaip dizaineri\u0173 sukurtas vaistas. Pirm\u0105 kart\u0105 j\u012f pagamino Pfizer, kuris 2009 m. pateik\u0117 patent\u0105 \u0161iam junginiui. Junginys niekada nebuvo i\u0161bandytas su \u017emon\u0117mis. 2017 m. ir 2018 m. pirm\u0105j\u012f pusmet\u012f DEA konfiskavo daug narkotik\u0173. Da\u017eniausias sintetinis kanabinoidas buvo AMB-FUBINACA.<\/p>\n<p>Tai indazolo pagrindu pagamintas sintetinis kanabinoidas, vadinamas AMB-FUBINACA, ir tai yra galingas kanabinoid\u0173 receptori\u0173 agonistas. Jo Ki reik\u0161m\u0117s yra 10,04 nM ties CB1 ir 0,786 nM prie CB2, o EC50 vert\u0117s yra 0,5433 nM ties CB1 ir 0,1278 nM prie CB2. Jis buvo parduotas internete kaip dizaineri\u0173 sukurtas vaistas.<\/p>\n","protected":false},"excerpt":{"rendered":"<p><b>Pirkite AMB-FUBINACA<\/b> JK, Europa (taip pat \u017einomas kaip <b>FUB-AMB<\/b> ir <b>MMB-FUBINACA<\/b>) yra indazolo pagrindu <a class=\"mw-redirect\" title=\"Synthetic cannabinoid\" href=\"https:\/\/en.wikipedia.org\/wiki\/Synthetic_cannabinoid\">sintetinis kanabinoidas<\/a>, kuris yra stiprus <a title=\"Agonist\" href=\"https:\/\/en.wikipedia.org\/wiki\/Agonist\">agonistas<\/a>\u00a0kanabinoidiniams receptoriams, kuri\u0173\u00a0<i>K<\/i><sub>i<\/sub>\u00a0vert\u0117s yra 10,04\u00a0nM CB<sub>1<\/sub>\u00a0ir 0,786\u00a0nM ties\u00a0CB<sub>2<\/sub>\u00a0ir\u00a0EC<sub>50<\/sub>\u00a0reik\u0161m\u0117s 0,5433\u00a0nM ties CB<sub>1<\/sub> ir 0,1278\u00a0nM CB<sub>2<\/sub>, <sup id=\"cite_ref-1\" class=\"reference\"><\/sup>ir buvo parduodamas internete kaip dizaineri\u0173 vaistas<\/p>\n","protected":false},"featured_media":5936,"comment_status":"open","ping_status":"closed","template":"","meta":[],"product_brand":[],"product_cat":[2596],"product_tag":[4077,4079,4082,4080,4078,4081],"class_list":{"0":"post-5906","1":"product","2":"type-product","3":"status-publish","4":"has-post-thumbnail","6":"product_cat-parduodami-kanabinoidai","7":"product_tag-pirk-fub-su-internetu","8":"product_tag-kaip-pirkti-fub-amb-internetu","9":"product_tag-kur-pirkti-fub-amb-internete","10":"product_tag-order-fub-amb-online","11":"product_tag-parduodu-fub-su","12":"product_tag-pirkti-fub-su-internetu","14":"first","15":"instock","16":"shipping-taxable","17":"purchasable","18":"product-type-variable"},"yoast_head":"<!-- This site is optimized with the Yoast SEO plugin v27.3 - https:\/\/yoast.com\/product\/yoast-seo-wordpress\/ -->\n<title>Pirkite AMB-FUBINACA - FUB-AMB - MMB-FUBINACA - geriausius pasaulinius vaistus<\/title>\n<meta name=\"description\" content=\"Pirkite AMB-FUBINACA, nes JK, Europa (taip pat \u017einomas kaip FUB-AMB ir MMB-FUBINACA) yra sintetinis kanabinoidas indazolo pagrindu, kuris yra stiprus kanabinoidini\u0173 receptori\u0173 agonistas, kurio Ki reik\u0161m\u0117s yra 10,04 nM, o nM esant 718 nM. CB2 ir EC50 vert\u0117s yra 0,5433 nM ties CB1 ir 0,1278 nM prie CB2, ir buvo parduodamas internete kaip dizaineri\u0173 sukurtas vaistas\" \/>\n<meta name=\"robots\" content=\"index, follow, max-snippet:-1, max-image-preview:large, max-video-preview:-1\" \/>\n<link rel=\"canonical\" href=\"https:\/\/medicinasinc.com\/lt\/product\/pirkti-su-fubinaca\/\" \/>\n<meta property=\"og:locale\" content=\"en_US\" \/>\n<meta property=\"og:type\" content=\"article\" \/>\n<meta property=\"og:title\" content=\"Pirkite AMB-FUBINACA - FUB-AMB - MMB-FUBINACA - geriausius pasaulinius vaistus\" \/>\n<meta property=\"og:description\" content=\"Pirkite AMB-FUBINACA, nes JK, Europa (taip pat \u017einomas kaip FUB-AMB ir MMB-FUBINACA) yra sintetinis kanabinoidas indazolo pagrindu, kuris yra stiprus kanabinoidini\u0173 receptori\u0173 agonistas, kurio Ki reik\u0161m\u0117s yra 10,04 nM, o nM esant 718 nM. CB2 ir EC50 vert\u0117s yra 0,5433 nM ties CB1 ir 0,1278 nM prie CB2, ir buvo parduodamas internete kaip dizaineri\u0173 sukurtas vaistas\" \/>\n<meta property=\"og:url\" content=\"https:\/\/medicinasinc.com\/lt\/product\/pirkti-su-fubinaca\/\" \/>\n<meta property=\"og:site_name\" content=\"Medicinas Inc\" \/>\n<meta property=\"article:modified_time\" content=\"2022-03-20T12:05:02+00:00\" \/>\n<meta property=\"og:image\" content=\"https:\/\/medicinasinc.com\/lt\/wp-content\/uploads\/sites\/9\/2022\/02\/Buy-AMB-FUBINACA.jpg\" \/>\n\t<meta property=\"og:image:width\" content=\"400\" \/>\n\t<meta property=\"og:image:height\" content=\"400\" \/>\n\t<meta property=\"og:image:type\" content=\"image\/jpeg\" \/>\n<meta name=\"twitter:card\" content=\"summary_large_image\" \/>\n<meta name=\"twitter:label1\" content=\"Est. reading time\" \/>\n\t<meta name=\"twitter:data1\" content=\"1 minute\" \/>\n<script type=\"application\/ld+json\" class=\"yoast-schema-graph\">{\"@context\":\"https:\\\/\\\/schema.org\",\"@graph\":[{\"@type\":\"WebPage\",\"@id\":\"https:\\\/\\\/medicinasinc.com\\\/lt\\\/product\\\/pirkti-su-fubinaca\\\/\",\"url\":\"https:\\\/\\\/medicinasinc.com\\\/lt\\\/product\\\/pirkti-su-fubinaca\\\/\",\"name\":\"Pirkite AMB-FUBINACA - FUB-AMB - MMB-FUBINACA - geriausius pasaulinius vaistus\",\"isPartOf\":{\"@id\":\"https:\\\/\\\/medicinasinc.com\\\/lt\\\/#website\"},\"primaryImageOfPage\":{\"@id\":\"https:\\\/\\\/medicinasinc.com\\\/lt\\\/product\\\/pirkti-su-fubinaca\\\/#primaryimage\"},\"image\":{\"@id\":\"https:\\\/\\\/medicinasinc.com\\\/lt\\\/product\\\/pirkti-su-fubinaca\\\/#primaryimage\"},\"thumbnailUrl\":\"https:\\\/\\\/medicinasinc.com\\\/lt\\\/wp-content\\\/uploads\\\/sites\\\/9\\\/2022\\\/02\\\/Buy-AMB-FUBINACA.jpg\",\"datePublished\":\"2022-02-22T08:12:00+00:00\",\"dateModified\":\"2022-03-20T12:05:02+00:00\",\"description\":\"Pirkite AMB-FUBINACA, nes JK, Europa (taip pat \u017einomas kaip FUB-AMB ir MMB-FUBINACA) yra sintetinis kanabinoidas indazolo pagrindu, kuris yra stiprus kanabinoidini\u0173 receptori\u0173 agonistas, kurio Ki reik\u0161m\u0117s yra 10,04 nM, o nM esant 718 nM. CB2 ir EC50 vert\u0117s yra 0,5433 nM ties CB1 ir 0,1278 nM prie CB2, ir buvo parduodamas internete kaip dizaineri\u0173 sukurtas vaistas\",\"breadcrumb\":{\"@id\":\"https:\\\/\\\/medicinasinc.com\\\/lt\\\/product\\\/pirkti-su-fubinaca\\\/#breadcrumb\"},\"inLanguage\":\"en-US\",\"potentialAction\":[{\"@type\":\"ReadAction\",\"target\":[\"https:\\\/\\\/medicinasinc.com\\\/lt\\\/product\\\/pirkti-su-fubinaca\\\/\"]}]},{\"@type\":\"ImageObject\",\"inLanguage\":\"en-US\",\"@id\":\"https:\\\/\\\/medicinasinc.com\\\/lt\\\/product\\\/pirkti-su-fubinaca\\\/#primaryimage\",\"url\":\"https:\\\/\\\/medicinasinc.com\\\/lt\\\/wp-content\\\/uploads\\\/sites\\\/9\\\/2022\\\/02\\\/Buy-AMB-FUBINACA.jpg\",\"contentUrl\":\"https:\\\/\\\/medicinasinc.com\\\/lt\\\/wp-content\\\/uploads\\\/sites\\\/9\\\/2022\\\/02\\\/Buy-AMB-FUBINACA.jpg\",\"width\":400,\"height\":400},{\"@type\":\"BreadcrumbList\",\"@id\":\"https:\\\/\\\/medicinasinc.com\\\/lt\\\/product\\\/pirkti-su-fubinaca\\\/#breadcrumb\",\"itemListElement\":[{\"@type\":\"ListItem\",\"position\":1,\"name\":\"Parduotuv\u0117\",\"item\":\"https:\\\/\\\/medicinasinc.com\\\/lt\\\/parduotuve\\\/\"},{\"@type\":\"ListItem\",\"position\":2,\"name\":\"Pirkite AMB-FUBINACA\"}]},{\"@type\":\"WebSite\",\"@id\":\"https:\\\/\\\/medicinasinc.com\\\/lt\\\/#website\",\"url\":\"https:\\\/\\\/medicinasinc.com\\\/lt\\\/\",\"name\":\"Medicinas Inc\",\"description\":\"Sveikatos medicinos klinika\",\"potentialAction\":[{\"@type\":\"SearchAction\",\"target\":{\"@type\":\"EntryPoint\",\"urlTemplate\":\"https:\\\/\\\/medicinasinc.com\\\/lt\\\/?s={search_term_string}\"},\"query-input\":{\"@type\":\"PropertyValueSpecification\",\"valueRequired\":true,\"valueName\":\"search_term_string\"}}],\"inLanguage\":\"en-US\"}]}<\/script>\n<!-- \/ Yoast SEO plugin. -->","yoast_head_json":{"title":"Pirkite AMB-FUBINACA - FUB-AMB - MMB-FUBINACA - geriausius pasaulinius vaistus","description":"Pirkite AMB-FUBINACA, nes JK, Europa (taip pat \u017einomas kaip FUB-AMB ir MMB-FUBINACA) yra sintetinis kanabinoidas indazolo pagrindu, kuris yra stiprus kanabinoidini\u0173 receptori\u0173 agonistas, kurio Ki reik\u0161m\u0117s yra 10,04 nM, o nM esant 718 nM. CB2 ir EC50 vert\u0117s yra 0,5433 nM ties CB1 ir 0,1278 nM prie CB2, ir buvo parduodamas internete kaip dizaineri\u0173 sukurtas vaistas","robots":{"index":"index","follow":"follow","max-snippet":"max-snippet:-1","max-image-preview":"max-image-preview:large","max-video-preview":"max-video-preview:-1"},"canonical":"https:\/\/medicinasinc.com\/lt\/product\/pirkti-su-fubinaca\/","og_locale":"en_US","og_type":"article","og_title":"Pirkite AMB-FUBINACA - FUB-AMB - MMB-FUBINACA - geriausius pasaulinius vaistus","og_description":"Pirkite AMB-FUBINACA, nes JK, Europa (taip pat \u017einomas kaip FUB-AMB ir MMB-FUBINACA) yra sintetinis kanabinoidas indazolo pagrindu, kuris yra stiprus kanabinoidini\u0173 receptori\u0173 agonistas, kurio Ki reik\u0161m\u0117s yra 10,04 nM, o nM esant 718 nM. CB2 ir EC50 vert\u0117s yra 0,5433 nM ties CB1 ir 0,1278 nM prie CB2, ir buvo parduodamas internete kaip dizaineri\u0173 sukurtas vaistas","og_url":"https:\/\/medicinasinc.com\/lt\/product\/pirkti-su-fubinaca\/","og_site_name":"Medicinas Inc","article_modified_time":"2022-03-20T12:05:02+00:00","og_image":[{"width":400,"height":400,"url":"https:\/\/medicinasinc.com\/lt\/wp-content\/uploads\/sites\/9\/2022\/02\/Buy-AMB-FUBINACA.jpg","type":"image\/jpeg"}],"twitter_card":"summary_large_image","twitter_misc":{"Est. reading time":"1 minute"},"schema":{"@context":"https:\/\/schema.org","@graph":[{"@type":"WebPage","@id":"https:\/\/medicinasinc.com\/lt\/product\/pirkti-su-fubinaca\/","url":"https:\/\/medicinasinc.com\/lt\/product\/pirkti-su-fubinaca\/","name":"Pirkite AMB-FUBINACA - FUB-AMB - MMB-FUBINACA - geriausius pasaulinius vaistus","isPartOf":{"@id":"https:\/\/medicinasinc.com\/lt\/#website"},"primaryImageOfPage":{"@id":"https:\/\/medicinasinc.com\/lt\/product\/pirkti-su-fubinaca\/#primaryimage"},"image":{"@id":"https:\/\/medicinasinc.com\/lt\/product\/pirkti-su-fubinaca\/#primaryimage"},"thumbnailUrl":"https:\/\/medicinasinc.com\/lt\/wp-content\/uploads\/sites\/9\/2022\/02\/Buy-AMB-FUBINACA.jpg","datePublished":"2022-02-22T08:12:00+00:00","dateModified":"2022-03-20T12:05:02+00:00","description":"Pirkite AMB-FUBINACA, nes JK, Europa (taip pat \u017einomas kaip FUB-AMB ir MMB-FUBINACA) yra sintetinis kanabinoidas indazolo pagrindu, kuris yra stiprus kanabinoidini\u0173 receptori\u0173 agonistas, kurio Ki reik\u0161m\u0117s yra 10,04 nM, o nM esant 718 nM. CB2 ir EC50 vert\u0117s yra 0,5433 nM ties CB1 ir 0,1278 nM prie CB2, ir buvo parduodamas internete kaip dizaineri\u0173 sukurtas vaistas","breadcrumb":{"@id":"https:\/\/medicinasinc.com\/lt\/product\/pirkti-su-fubinaca\/#breadcrumb"},"inLanguage":"en-US","potentialAction":[{"@type":"ReadAction","target":["https:\/\/medicinasinc.com\/lt\/product\/pirkti-su-fubinaca\/"]}]},{"@type":"ImageObject","inLanguage":"en-US","@id":"https:\/\/medicinasinc.com\/lt\/product\/pirkti-su-fubinaca\/#primaryimage","url":"https:\/\/medicinasinc.com\/lt\/wp-content\/uploads\/sites\/9\/2022\/02\/Buy-AMB-FUBINACA.jpg","contentUrl":"https:\/\/medicinasinc.com\/lt\/wp-content\/uploads\/sites\/9\/2022\/02\/Buy-AMB-FUBINACA.jpg","width":400,"height":400},{"@type":"BreadcrumbList","@id":"https:\/\/medicinasinc.com\/lt\/product\/pirkti-su-fubinaca\/#breadcrumb","itemListElement":[{"@type":"ListItem","position":1,"name":"Parduotuv\u0117","item":"https:\/\/medicinasinc.com\/lt\/parduotuve\/"},{"@type":"ListItem","position":2,"name":"Pirkite AMB-FUBINACA"}]},{"@type":"WebSite","@id":"https:\/\/medicinasinc.com\/lt\/#website","url":"https:\/\/medicinasinc.com\/lt\/","name":"Medicinas Inc","description":"Sveikatos medicinos klinika","potentialAction":[{"@type":"SearchAction","target":{"@type":"EntryPoint","urlTemplate":"https:\/\/medicinasinc.com\/lt\/?s={search_term_string}"},"query-input":{"@type":"PropertyValueSpecification","valueRequired":true,"valueName":"search_term_string"}}],"inLanguage":"en-US"}]}},"_links":{"self":[{"href":"https:\/\/medicinasinc.com\/lt\/wp-json\/wp\/v2\/product\/5906","targetHints":{"allow":["GET"]}}],"collection":[{"href":"https:\/\/medicinasinc.com\/lt\/wp-json\/wp\/v2\/product"}],"about":[{"href":"https:\/\/medicinasinc.com\/lt\/wp-json\/wp\/v2\/types\/product"}],"replies":[{"embeddable":true,"href":"https:\/\/medicinasinc.com\/lt\/wp-json\/wp\/v2\/comments?post=5906"}],"wp:featuredmedia":[{"embeddable":true,"href":"https:\/\/medicinasinc.com\/lt\/wp-json\/wp\/v2\/media\/5936"}],"wp:attachment":[{"href":"https:\/\/medicinasinc.com\/lt\/wp-json\/wp\/v2\/media?parent=5906"}],"wp:term":[{"taxonomy":"product_brand","embeddable":true,"href":"https:\/\/medicinasinc.com\/lt\/wp-json\/wp\/v2\/product_brand?post=5906"},{"taxonomy":"product_cat","embeddable":true,"href":"https:\/\/medicinasinc.com\/lt\/wp-json\/wp\/v2\/product_cat?post=5906"},{"taxonomy":"product_tag","embeddable":true,"href":"https:\/\/medicinasinc.com\/lt\/wp-json\/wp\/v2\/product_tag?post=5906"}],"curies":[{"name":"wp","href":"https:\/\/api.w.org\/{rel}","templated":true}]}}