{"id":5897,"date":"2022-02-22T08:07:13","date_gmt":"2022-02-22T08:07:13","guid":{"rendered":"https:\/\/medicinasinc.com\/lt\/?post_type=product&#038;p=5897"},"modified":"2022-03-20T12:05:19","modified_gmt":"2022-03-20T12:05:19","slug":"pirkti-5c-akb48","status":"publish","type":"product","link":"https:\/\/medicinasinc.com\/lt\/product\/pirkti-5c-akb48\/","title":{"rendered":"Pirkite 5C-AKB48"},"content":{"rendered":"<p>Kas yra 5C-AKB48 kodas?<\/p>\n<p>5C-AKB48 yra sintetinis kanabinoidas, priklausantis indazolo karboksamido klasei. Tai yra 5F-AKB48 (da\u017enai vadinamas AKB48, 5F-APINACA arba 5F-AKB48), labiau \u017einomo sintetinio kanabinoido, aptikto Piet\u0173 Kor\u0117joje, 5-chloro analogas.<\/p>\n<p>Did\u017eiausias Europos ma\u017emenininkas. 5C-AKB48 milteli\u0173.<\/p>\n<p>5C-AKB48 galima \u012fsigyti internetu naudojant Bitcoin. 5C-AKB48 yra stipresn\u0117 AKB-48 versija, kuri veikia kanabinoid\u0173 receptorius.<\/p>\n<p>Teigiama, kad 5C-AKB48 poveikis yra pana\u0161us, bet stipresnis nei 5F-AKB48, ir, kaip ir visi sintetiniai kanabinoidai, jis turi didel\u012f afinitet\u0105 CB1 ir CB2 receptoriams.<\/p>\n<p>5C-AKB48 chemin\u0117s charakteristikos<\/p>\n<p>C23H30CIN3O<\/p>\n<p>N-(adamantan-1-yl)<\/p>\n<p> p&gt; <\/p>\n<p>-1-(5-chloropentil)-1H-indazolas<\/p>\n<p>-3-karboksamidas<\/p>\n<p>Molekulin\u0117 mas\u0117: 400,00 g\/mol<\/p>\n<p>Grynumas : daugiau nei 98 proc.<\/p>\n<p>5C-AKB48 yra sintetinis kanabinoidas, priklausantis indazolo-3-karboksamid\u0173 \u0161eimai. Jis turi pana\u0161ias molekulines savybes kaip ir 5F-ABD. Kaip ir daugelio kanabinoid\u0173 atveju, jis turi didel\u012f afinitet\u0105 CB1 ir CB2 receptoriams, o tai prisideda prie jo euforijos savybi\u0173. Kaip ir dauguma kanabinoid\u0173, jis netirpus vandenyje ir stabilus kambario temperat\u016broje. Kaip ir daugumos kanabinoid\u0173 atveju, 5C-AKB48 gali b\u016bti naudojamas kaip skausm\u0105 mal\u0161inantis ir apetito stimuliatorius. Nors nebuvo atlikti jokie bandymai su \u017emon\u0117mis, galima pagr\u012fstai manyti, kad 5C-AKB48 turi tok\u012f pat\u012f sintetin\u012f kanabinoid\u0173 poveik\u012f kaip ir kitos tos pa\u010dios klas\u0117s chemin\u0117s med\u017eiagos. Reik\u0117t\u0173 pamin\u0117ti, kad \u0161io vaisto saugumo profilis nebuvo nuodugniai \u012fvertintas ir kad jis n\u0117ra skirtas vartoti \u017emon\u0117ms.<\/p>\n<p>Koks galimas \u0161alutinis poveikis ir atsargumo priemon\u0117s, susijusios su 5C-AKB48?<\/p>\n<p>5C-psichoaktyvaus AKB48 poveikis yra pana\u0161us \u012f kit\u0173 nat\u016brali\u0173 ir sintetini\u0173 kanabinoid\u0173, ypa\u010d 5F-ABD, poveik\u012f.<\/p>\n<p>Raminimas: bene labiausiai \u017einomas kanabinoid\u0173 poveikis, vartotojai prane\u0161a apie gil\u0173 ramyb\u0117s jausm\u0105. ir suma\u017e\u0117j\u0119s energijos lygis po 5C-AKB48 suvartojimo.<\/p>\n<p>Suma\u017einti u\u017edegim\u0105: t\u016bkstantme\u010dius nat\u016braliai atsirandantys kanabinoidai buvo naudojami d\u0117l prie\u0161u\u017edegimini\u0173 savybi\u0173. CBD (nepsichoaktyvus kanabinoidas) pastaruoju metu i\u0161populiar\u0117jo kaip skausm\u0105 ir u\u017edegim\u0105 mal\u0161inantis vaistas. Nors oficiali\u0173 tyrim\u0173 neatlikta, galima pagr\u012fstai manyti, kad 5C-AKB48 turi prie\u0161u\u017edegimini\u0173 savybi\u0173, susijusi\u0173 su kanabinoidais.<\/p>\n<p>Pykinim\u0105 slopinan\u010dios ir v\u0117mim\u0105 ma\u017einan\u010dios savyb\u0117s: kanabinoidai turi pykinim\u0105 ir v\u0117mim\u0105 slopinan\u010di\u0173 savybi\u0173. Klini\u0161kai buvo stebimi daugel\u012f met\u0173 [1], naudojant reguliariai skiriamus vaistus, tokius kaip Marinol, syndros ir Nabilone, kuri\u0173 sud\u0117tyje yra sintetini\u0173 kanabinoid\u0173.<\/p>\n<p>Kanabinoidai jau seniai buvo pripa\u017einti d\u0117l j\u0173 geb\u0117jimo \u017eymiai suma\u017einti migrenos ir migrenos sunkum\u0105. l\u0117tiniai galvos skausmai \u017emon\u0117ms [2]. Deja, nebuvo atlikta joki\u0173 kontroliuojam\u0173 5C-AKB48 naudingumo gydant galvos skausmus tyrim\u0173 ir yra tik keletas anekdotini\u0173 prane\u0161im\u0173.<\/p>\n<p>Kaip nurodyta anks\u010diau, nebuvo atlikta joki\u0173 oficiali\u0173 5C-AKB48 tyrim\u0173. , tod\u0117l jo saugumo profilis \u0161iuo metu neai\u0161kus. Nepaisant to, kad bandymai nebuvo atlikti, galime tik\u0117tis, kad jis tur\u0117s tipi\u0161k\u0105 neigiam\u0105 kanapi\u0173 poveik\u012f. Tod\u0117l labai svarbu atsiminti, kad 5C-AKB48 yra skirtas tik moksliniams tyrimams ir n\u0117ra skirtas \u017emoni\u0173 maistui. Jo negalima tvarkyti nenaudojant tinkamos laboratorin\u0117s \u012frangos, \u012fskaitant aki\u0173 apsaug\u0105 ir pir\u0161tines.<\/p>\n<p>Kur galiu \u012fsigyti?<\/p>\n<p>Chemical Planet did\u017eiuojasi gal\u0117dama pasi\u016blyti auk\u0161\u010diausios kokyb\u0117s 5C- AKB48 rinkoje. Chemical Planet taip pat yra patikimas tiek\u0117jas Nr. 1, teikiantis greit\u0105, diskreti\u0161k\u0105 pristatym\u0105 \u012f daugyb\u0119 viet\u0173 visame pasaulyje.<\/p>\n<p>Nor\u0117dami \u012fsigyti 5C-AKB48, turite b\u016bti bent 18 met\u0173 am\u017eiaus ir tur\u0117ti visas pagrindines kredito korteles. taip pat priimami bitkoinai. Visi produktai, \u012fskaitant 5C-AKB48, yra skirti tik moksliniams tyrimams ir n\u0117ra skirti vartoti \u017emon\u0117ms.<\/p>\n","protected":false},"excerpt":{"rendered":"<p>Pirkite 5c-akb48 pardavimui, didmenin\u0117 prekyba 5c-akb48 JK, u\u017esisakykite 5cakb48 tiek\u0117j\u0105 Europoje. 5c-akb48 yra indazolo pagrindu pagamintas sintetinis kanabinoidas, kuris buvo parduodamas internete kaip dizaineri\u0173 sukurtas vaistas.<\/p>\n","protected":false},"featured_media":5928,"comment_status":"open","ping_status":"closed","template":"","meta":[],"product_brand":[],"product_cat":[2596],"product_tag":[4052,4054,4055,4056,2600,2616,4059,4058,4057,2615,4060,4061,4062,4064,4063,4065,4053],"class_list":{"0":"post-5897","1":"product","2":"type-product","3":"status-publish","4":"has-post-thumbnail","6":"product_cat-parduodami-kanabinoidai","7":"product_tag-5c-akb48","8":"product_tag-5cakb48","9":"product_tag-5f-mdmb-2201-5f-mdmb-2201-cannabinoid","10":"product_tag-5f-mdmb-2201-psychonaut","11":"product_tag-5f-mdmb-2201","12":"product_tag-5f-mdmb-2201-perira","13":"product_tag-5f-mdmb-2201-apvalgos","14":"product_tag-5f-mdmb-2201-dosage","15":"product_tag-5f-mdmb-2201-cayman","16":"product_tag-5f-mdmb-2201-reddit","17":"product_tag-5f-mdmb-2201-wiki","18":"product_tag-5fmdmb2201-5f-mdmb-2201-kanabinoidas","19":"product_tag-buy-5c-akb48-online","20":"product_tag-geriausia-vieta-pirkti-5c-akb48-internete","21":"product_tag-pirkimas-5c-akb48-internetu","22":"product_tag-kur-pirkti-5c-akb48-internete","23":"product_tag-parduodamas-5c-akb48","25":"first","26":"instock","27":"shipping-taxable","28":"purchasable","29":"product-type-variable"},"yoast_head":"<!-- This site is optimized with the Yoast SEO plugin v27.3 - https:\/\/yoast.com\/product\/yoast-seo-wordpress\/ -->\n<title>Pirkite 5c-akb48 i\u0161 patikimo pardav\u0117jo \u2013 kanabinoidai \u2013 geriausi pasaulyje vaistai<\/title>\n<meta name=\"description\" content=\"Pirkite 5c-akb48 pardavimui, didmenin\u0117 prekyba 5c-akb48 UK, u\u017esisakykite 5cakb48 Europos tiek\u0117j\u0105. 5c-akb48 yra indazolo pagrindu pagamintas sintetinis kanabinoidas, kuris buvo parduodamas internete kaip dizaineri\u0173 sukurtas vaistas.\" \/>\n<meta name=\"robots\" content=\"index, follow, max-snippet:-1, max-image-preview:large, max-video-preview:-1\" \/>\n<link rel=\"canonical\" href=\"https:\/\/medicinasinc.com\/lt\/product\/pirkti-5c-akb48\/\" \/>\n<meta property=\"og:locale\" content=\"en_US\" \/>\n<meta property=\"og:type\" content=\"article\" \/>\n<meta property=\"og:title\" content=\"Pirkite 5c-akb48 i\u0161 patikimo pardav\u0117jo \u2013 kanabinoidai \u2013 geriausi pasaulyje vaistai\" \/>\n<meta property=\"og:description\" content=\"Pirkite 5c-akb48 pardavimui, didmenin\u0117 prekyba 5c-akb48 UK, u\u017esisakykite 5cakb48 Europos tiek\u0117j\u0105. 5c-akb48 yra indazolo pagrindu pagamintas sintetinis kanabinoidas, kuris buvo parduodamas internete kaip dizaineri\u0173 sukurtas vaistas.\" \/>\n<meta property=\"og:url\" content=\"https:\/\/medicinasinc.com\/lt\/product\/pirkti-5c-akb48\/\" \/>\n<meta property=\"og:site_name\" content=\"Medicinas Inc\" \/>\n<meta property=\"article:modified_time\" content=\"2022-03-20T12:05:19+00:00\" \/>\n<meta property=\"og:image\" content=\"https:\/\/medicinasinc.com\/lt\/wp-content\/uploads\/sites\/9\/2022\/02\/Buy-5C-AKB48.png\" \/>\n\t<meta property=\"og:image:width\" content=\"500\" \/>\n\t<meta property=\"og:image:height\" content=\"500\" \/>\n\t<meta property=\"og:image:type\" content=\"image\/png\" \/>\n<meta name=\"twitter:card\" content=\"summary_large_image\" \/>\n<meta name=\"twitter:label1\" content=\"Est. reading time\" \/>\n\t<meta name=\"twitter:data1\" content=\"3 minutes\" \/>\n<script type=\"application\/ld+json\" class=\"yoast-schema-graph\">{\"@context\":\"https:\\\/\\\/schema.org\",\"@graph\":[{\"@type\":\"WebPage\",\"@id\":\"https:\\\/\\\/medicinasinc.com\\\/lt\\\/product\\\/pirkti-5c-akb48\\\/\",\"url\":\"https:\\\/\\\/medicinasinc.com\\\/lt\\\/product\\\/pirkti-5c-akb48\\\/\",\"name\":\"Pirkite 5c-akb48 i\u0161 patikimo pardav\u0117jo \u2013 kanabinoidai \u2013 geriausi pasaulyje vaistai\",\"isPartOf\":{\"@id\":\"https:\\\/\\\/medicinasinc.com\\\/lt\\\/#website\"},\"primaryImageOfPage\":{\"@id\":\"https:\\\/\\\/medicinasinc.com\\\/lt\\\/product\\\/pirkti-5c-akb48\\\/#primaryimage\"},\"image\":{\"@id\":\"https:\\\/\\\/medicinasinc.com\\\/lt\\\/product\\\/pirkti-5c-akb48\\\/#primaryimage\"},\"thumbnailUrl\":\"https:\\\/\\\/medicinasinc.com\\\/lt\\\/wp-content\\\/uploads\\\/sites\\\/9\\\/2022\\\/02\\\/Buy-5C-AKB48.png\",\"datePublished\":\"2022-02-22T08:07:13+00:00\",\"dateModified\":\"2022-03-20T12:05:19+00:00\",\"description\":\"Pirkite 5c-akb48 pardavimui, didmenin\u0117 prekyba 5c-akb48 UK, u\u017esisakykite 5cakb48 Europos tiek\u0117j\u0105. 5c-akb48 yra indazolo pagrindu pagamintas sintetinis kanabinoidas, kuris buvo parduodamas internete kaip dizaineri\u0173 sukurtas vaistas.\",\"breadcrumb\":{\"@id\":\"https:\\\/\\\/medicinasinc.com\\\/lt\\\/product\\\/pirkti-5c-akb48\\\/#breadcrumb\"},\"inLanguage\":\"en-US\",\"potentialAction\":[{\"@type\":\"ReadAction\",\"target\":[\"https:\\\/\\\/medicinasinc.com\\\/lt\\\/product\\\/pirkti-5c-akb48\\\/\"]}]},{\"@type\":\"ImageObject\",\"inLanguage\":\"en-US\",\"@id\":\"https:\\\/\\\/medicinasinc.com\\\/lt\\\/product\\\/pirkti-5c-akb48\\\/#primaryimage\",\"url\":\"https:\\\/\\\/medicinasinc.com\\\/lt\\\/wp-content\\\/uploads\\\/sites\\\/9\\\/2022\\\/02\\\/Buy-5C-AKB48.png\",\"contentUrl\":\"https:\\\/\\\/medicinasinc.com\\\/lt\\\/wp-content\\\/uploads\\\/sites\\\/9\\\/2022\\\/02\\\/Buy-5C-AKB48.png\",\"width\":500,\"height\":500},{\"@type\":\"BreadcrumbList\",\"@id\":\"https:\\\/\\\/medicinasinc.com\\\/lt\\\/product\\\/pirkti-5c-akb48\\\/#breadcrumb\",\"itemListElement\":[{\"@type\":\"ListItem\",\"position\":1,\"name\":\"Parduotuv\u0117\",\"item\":\"https:\\\/\\\/medicinasinc.com\\\/lt\\\/parduotuve\\\/\"},{\"@type\":\"ListItem\",\"position\":2,\"name\":\"Pirkite 5C-AKB48\"}]},{\"@type\":\"WebSite\",\"@id\":\"https:\\\/\\\/medicinasinc.com\\\/lt\\\/#website\",\"url\":\"https:\\\/\\\/medicinasinc.com\\\/lt\\\/\",\"name\":\"Medicinas Inc\",\"description\":\"Sveikatos medicinos klinika\",\"potentialAction\":[{\"@type\":\"SearchAction\",\"target\":{\"@type\":\"EntryPoint\",\"urlTemplate\":\"https:\\\/\\\/medicinasinc.com\\\/lt\\\/?s={search_term_string}\"},\"query-input\":{\"@type\":\"PropertyValueSpecification\",\"valueRequired\":true,\"valueName\":\"search_term_string\"}}],\"inLanguage\":\"en-US\"}]}<\/script>\n<!-- \/ Yoast SEO plugin. -->","yoast_head_json":{"title":"Pirkite 5c-akb48 i\u0161 patikimo pardav\u0117jo \u2013 kanabinoidai \u2013 geriausi pasaulyje vaistai","description":"Pirkite 5c-akb48 pardavimui, didmenin\u0117 prekyba 5c-akb48 UK, u\u017esisakykite 5cakb48 Europos tiek\u0117j\u0105. 5c-akb48 yra indazolo pagrindu pagamintas sintetinis kanabinoidas, kuris buvo parduodamas internete kaip dizaineri\u0173 sukurtas vaistas.","robots":{"index":"index","follow":"follow","max-snippet":"max-snippet:-1","max-image-preview":"max-image-preview:large","max-video-preview":"max-video-preview:-1"},"canonical":"https:\/\/medicinasinc.com\/lt\/product\/pirkti-5c-akb48\/","og_locale":"en_US","og_type":"article","og_title":"Pirkite 5c-akb48 i\u0161 patikimo pardav\u0117jo \u2013 kanabinoidai \u2013 geriausi pasaulyje vaistai","og_description":"Pirkite 5c-akb48 pardavimui, didmenin\u0117 prekyba 5c-akb48 UK, u\u017esisakykite 5cakb48 Europos tiek\u0117j\u0105. 5c-akb48 yra indazolo pagrindu pagamintas sintetinis kanabinoidas, kuris buvo parduodamas internete kaip dizaineri\u0173 sukurtas vaistas.","og_url":"https:\/\/medicinasinc.com\/lt\/product\/pirkti-5c-akb48\/","og_site_name":"Medicinas Inc","article_modified_time":"2022-03-20T12:05:19+00:00","og_image":[{"width":500,"height":500,"url":"https:\/\/medicinasinc.com\/lt\/wp-content\/uploads\/sites\/9\/2022\/02\/Buy-5C-AKB48.png","type":"image\/png"}],"twitter_card":"summary_large_image","twitter_misc":{"Est. reading time":"3 minutes"},"schema":{"@context":"https:\/\/schema.org","@graph":[{"@type":"WebPage","@id":"https:\/\/medicinasinc.com\/lt\/product\/pirkti-5c-akb48\/","url":"https:\/\/medicinasinc.com\/lt\/product\/pirkti-5c-akb48\/","name":"Pirkite 5c-akb48 i\u0161 patikimo pardav\u0117jo \u2013 kanabinoidai \u2013 geriausi pasaulyje vaistai","isPartOf":{"@id":"https:\/\/medicinasinc.com\/lt\/#website"},"primaryImageOfPage":{"@id":"https:\/\/medicinasinc.com\/lt\/product\/pirkti-5c-akb48\/#primaryimage"},"image":{"@id":"https:\/\/medicinasinc.com\/lt\/product\/pirkti-5c-akb48\/#primaryimage"},"thumbnailUrl":"https:\/\/medicinasinc.com\/lt\/wp-content\/uploads\/sites\/9\/2022\/02\/Buy-5C-AKB48.png","datePublished":"2022-02-22T08:07:13+00:00","dateModified":"2022-03-20T12:05:19+00:00","description":"Pirkite 5c-akb48 pardavimui, didmenin\u0117 prekyba 5c-akb48 UK, u\u017esisakykite 5cakb48 Europos tiek\u0117j\u0105. 5c-akb48 yra indazolo pagrindu pagamintas sintetinis kanabinoidas, kuris buvo parduodamas internete kaip dizaineri\u0173 sukurtas vaistas.","breadcrumb":{"@id":"https:\/\/medicinasinc.com\/lt\/product\/pirkti-5c-akb48\/#breadcrumb"},"inLanguage":"en-US","potentialAction":[{"@type":"ReadAction","target":["https:\/\/medicinasinc.com\/lt\/product\/pirkti-5c-akb48\/"]}]},{"@type":"ImageObject","inLanguage":"en-US","@id":"https:\/\/medicinasinc.com\/lt\/product\/pirkti-5c-akb48\/#primaryimage","url":"https:\/\/medicinasinc.com\/lt\/wp-content\/uploads\/sites\/9\/2022\/02\/Buy-5C-AKB48.png","contentUrl":"https:\/\/medicinasinc.com\/lt\/wp-content\/uploads\/sites\/9\/2022\/02\/Buy-5C-AKB48.png","width":500,"height":500},{"@type":"BreadcrumbList","@id":"https:\/\/medicinasinc.com\/lt\/product\/pirkti-5c-akb48\/#breadcrumb","itemListElement":[{"@type":"ListItem","position":1,"name":"Parduotuv\u0117","item":"https:\/\/medicinasinc.com\/lt\/parduotuve\/"},{"@type":"ListItem","position":2,"name":"Pirkite 5C-AKB48"}]},{"@type":"WebSite","@id":"https:\/\/medicinasinc.com\/lt\/#website","url":"https:\/\/medicinasinc.com\/lt\/","name":"Medicinas Inc","description":"Sveikatos medicinos klinika","potentialAction":[{"@type":"SearchAction","target":{"@type":"EntryPoint","urlTemplate":"https:\/\/medicinasinc.com\/lt\/?s={search_term_string}"},"query-input":{"@type":"PropertyValueSpecification","valueRequired":true,"valueName":"search_term_string"}}],"inLanguage":"en-US"}]}},"_links":{"self":[{"href":"https:\/\/medicinasinc.com\/lt\/wp-json\/wp\/v2\/product\/5897","targetHints":{"allow":["GET"]}}],"collection":[{"href":"https:\/\/medicinasinc.com\/lt\/wp-json\/wp\/v2\/product"}],"about":[{"href":"https:\/\/medicinasinc.com\/lt\/wp-json\/wp\/v2\/types\/product"}],"replies":[{"embeddable":true,"href":"https:\/\/medicinasinc.com\/lt\/wp-json\/wp\/v2\/comments?post=5897"}],"wp:featuredmedia":[{"embeddable":true,"href":"https:\/\/medicinasinc.com\/lt\/wp-json\/wp\/v2\/media\/5928"}],"wp:attachment":[{"href":"https:\/\/medicinasinc.com\/lt\/wp-json\/wp\/v2\/media?parent=5897"}],"wp:term":[{"taxonomy":"product_brand","embeddable":true,"href":"https:\/\/medicinasinc.com\/lt\/wp-json\/wp\/v2\/product_brand?post=5897"},{"taxonomy":"product_cat","embeddable":true,"href":"https:\/\/medicinasinc.com\/lt\/wp-json\/wp\/v2\/product_cat?post=5897"},{"taxonomy":"product_tag","embeddable":true,"href":"https:\/\/medicinasinc.com\/lt\/wp-json\/wp\/v2\/product_tag?post=5897"}],"curies":[{"name":"wp","href":"https:\/\/api.w.org\/{rel}","templated":true}]}}