{"id":5893,"date":"2022-02-22T08:05:19","date_gmt":"2022-02-22T08:05:19","guid":{"rendered":"https:\/\/medicinasinc.com\/lt\/?post_type=product&#038;p=5893"},"modified":"2022-03-20T12:05:27","modified_gmt":"2022-03-20T12:05:27","slug":"pirkite-benzil-metil-ketonas-bmk-milteliai-internete","status":"publish","type":"product","link":"https:\/\/medicinasinc.com\/lt\/product\/pirkite-benzil-metil-ketonas-bmk-milteliai-internete\/","title":{"rendered":"Pirkite benzilo metilketono (BMK) miltelius internetu"},"content":{"rendered":"<p>BMK milteli\u0173 pirkimas internetu<\/p>\n<p>BMK milteli\u0173 galima \u012fsigyti internetu. Chemin\u0117 fenilacetono formul\u0117 yra C6H5CH2COCH3. Tai bespalvis ir organiniuose tirpikliuose tirpus aliejus. \u0160i chemin\u0117 med\u017eiaga paprastai vadinama P2P, nes ji naudojama metamfetamino ir amfetamino gamyboje. Fenilacetonas \u017emogaus organizme gaminamas kaip amfetamino ir metamfetamino metabolitas per oksidacin\u012f deamininim\u0105, kur\u012f sukelia FMO3.<\/p>\n<p>Fenilacetonas, taip pat \u017einomas kaip benzilmetilketonas (BMK) arba P2P, buvo amfetamino gamybos pirmtakas. J\u0105 reglamentuoja Europos S\u0105junga (ES) pagal Reglament\u0105 (EB) 273\/2004 d\u0117l narkotik\u0173 pirmtak\u0173 ir Tarybos reglament\u0105 (EB) 111\/2005 d\u0117l keitimosi narkotini\u0173 med\u017eiag\u0173 pirmtakais. D\u0117l to administratoriai turi gauti kvalifikuot\u0173 specialist\u0173 leidim\u0105, kad gal\u0117t\u0173 j\u012f tur\u0117ti, importuoti ar transportuoti. Pastaruoju metu ES nebuvo didelio masto BMK gaudym\u0173. Turime tikrai ger\u0105 klient\u0173 pasitenkinimo \u012fvertinim\u0105 ir esame pasireng\u0119 b\u016bti geriausiais fenilacetono aliejaus tiek\u0117jais internetu.<\/p>\n<p>Fenilaceton\u0105 taip pat galima susintetinti i\u0161 pirmtak\u0173, toki\u0173 kaip APAAN (alfa-fenilacetoacetonitrilas). Pastaruoju metu APAAN importas buvo vis\u0173 laik\u0173 did\u017eiausias, tod\u0117l 2013 m. pabaigoje jis ES buvo subalansuotas. 2014 m. kovo m\u0117n. Jungtini\u0173 Taut\u0173 narkotini\u0173 med\u017eiag\u0173 komisija vienbalsiai nubalsavo u\u017e jo reguliavim\u0105 visame pasaulyje. <\/p>\n<p>M\u016bs\u0173 pristatymo ir pristatymo b\u016bdai yra visi\u0161kai saug\u016bs ir paprasti norint \u012fsigyti fenilacetono aliejaus internetu. Esame pasireng\u0119 parduoti nedidelius ir didelius m\u016bs\u0173 fenilacetono aliejaus kiekius internetu. M\u016bs\u0173 fenilacetono aliejaus kokyb\u0117 internete yra neprilygstama, o mes parduodame ma\u017eais \/ dideliais kiekiais, u\u017etikrindami diskreti\u0161k\u0105 pristatym\u0105 laiku, kai \u012fsigijote fenilacetono aliej\u0173 internetu. Siuntimas per DHL, TNT arba FedEx ir kt. Be to, tai priklauso nuo kliento transportavimo b\u016bdo, kai pateikia fenilacetono aliejaus u\u017esakym\u0105 internetu. Nedvejodami susisiekite su mumis, kai b\u016bsite pasireng\u0119 \u012fsigyti fenilaceton\u0105, nes si\u016blome pigiausi\u0105 kain\u0105.<\/p>\n<p>M\u016bs\u0173 tikslas yra palengvinti \u012fvairi\u0173 m\u016bs\u0173 produkt\u0173 \u012fsigijim\u0105. Kai internetu u\u017esisakysite fenilacetono aliej\u0173, mes patarsime d\u0117l pirkimo. Mes u\u017etikriname, kad m\u016bs\u0173 klientai gaut\u0173 pakuot\u0119 ir auk\u0161tos kokyb\u0117s fenilacetono aliej\u0173, taip pat kad jie pasiekt\u0173 savo tikslus u\u017etikrindami, kad m\u016bs\u0173 prek\u0117s b\u016bt\u0173 tinkamai apdorotos.<\/p>\n","protected":false},"excerpt":{"rendered":"<p>Pirkite benzilmetilketono (BMK) miltelius internetu. M\u016bs\u0173 BMK milteliai yra 100% laboratoriniai. BMK miltelius siun\u010diame kaip diskreti\u0161k\u0105 ir greit\u0105 siunt\u0105<\/p>\n","protected":false},"featured_media":5922,"comment_status":"open","ping_status":"closed","template":"","meta":[],"product_brand":[],"product_cat":[2014],"product_tag":[],"class_list":{"0":"post-5893","1":"product","2":"type-product","3":"status-publish","4":"has-post-thumbnail","6":"product_cat-pirkti-tyrineti-chemikalai","8":"first","9":"instock","10":"shipping-taxable","11":"purchasable","12":"product-type-variable"},"yoast_head":"<!-- This site is optimized with the Yoast SEO plugin v27.3 - https:\/\/yoast.com\/product\/yoast-seo-wordpress\/ -->\n<title>Pirkite benzilmetilketono (BMK) miltelius internetu \u2013 geriausi pasauliniai vaistai<\/title>\n<meta name=\"description\" content=\"Pirkite benzilo metilketono (BMK) miltelius internetu. M\u016bs\u0173 BMK milteliai yra 100% laboratoriniai. BMK miltelius siun\u010diame kaip diskreti\u0161k\u0105 ir greit\u0105 siunt\u0105\" \/>\n<meta name=\"robots\" content=\"index, follow, max-snippet:-1, max-image-preview:large, max-video-preview:-1\" \/>\n<link rel=\"canonical\" href=\"https:\/\/medicinasinc.com\/lt\/product\/pirkite-benzil-metil-ketonas-bmk-milteliai-internete\/\" \/>\n<meta property=\"og:locale\" content=\"en_US\" \/>\n<meta property=\"og:type\" content=\"article\" \/>\n<meta property=\"og:title\" content=\"Pirkite benzilmetilketono (BMK) miltelius internetu \u2013 geriausi pasauliniai vaistai\" \/>\n<meta property=\"og:description\" content=\"Pirkite benzilo metilketono (BMK) miltelius internetu. M\u016bs\u0173 BMK milteliai yra 100% laboratoriniai. BMK miltelius siun\u010diame kaip diskreti\u0161k\u0105 ir greit\u0105 siunt\u0105\" \/>\n<meta property=\"og:url\" content=\"https:\/\/medicinasinc.com\/lt\/product\/pirkite-benzil-metil-ketonas-bmk-milteliai-internete\/\" \/>\n<meta property=\"og:site_name\" content=\"Medicinas Inc\" \/>\n<meta property=\"article:modified_time\" content=\"2022-03-20T12:05:27+00:00\" \/>\n<meta property=\"og:image\" content=\"https:\/\/medicinasinc.com\/lt\/wp-content\/uploads\/sites\/9\/2022\/02\/buy-bmk-powder.jpg\" \/>\n\t<meta property=\"og:image:width\" content=\"447\" \/>\n\t<meta property=\"og:image:height\" content=\"389\" \/>\n\t<meta property=\"og:image:type\" content=\"image\/jpeg\" \/>\n<meta name=\"twitter:card\" content=\"summary_large_image\" \/>\n<meta name=\"twitter:label1\" content=\"Est. reading time\" \/>\n\t<meta name=\"twitter:data1\" content=\"2 minutes\" \/>\n<script type=\"application\/ld+json\" class=\"yoast-schema-graph\">{\"@context\":\"https:\\\/\\\/schema.org\",\"@graph\":[{\"@type\":\"WebPage\",\"@id\":\"https:\\\/\\\/medicinasinc.com\\\/lt\\\/product\\\/pirkite-benzil-metil-ketonas-bmk-milteliai-internete\\\/\",\"url\":\"https:\\\/\\\/medicinasinc.com\\\/lt\\\/product\\\/pirkite-benzil-metil-ketonas-bmk-milteliai-internete\\\/\",\"name\":\"Pirkite benzilmetilketono (BMK) miltelius internetu \u2013 geriausi pasauliniai vaistai\",\"isPartOf\":{\"@id\":\"https:\\\/\\\/medicinasinc.com\\\/lt\\\/#website\"},\"primaryImageOfPage\":{\"@id\":\"https:\\\/\\\/medicinasinc.com\\\/lt\\\/product\\\/pirkite-benzil-metil-ketonas-bmk-milteliai-internete\\\/#primaryimage\"},\"image\":{\"@id\":\"https:\\\/\\\/medicinasinc.com\\\/lt\\\/product\\\/pirkite-benzil-metil-ketonas-bmk-milteliai-internete\\\/#primaryimage\"},\"thumbnailUrl\":\"https:\\\/\\\/medicinasinc.com\\\/lt\\\/wp-content\\\/uploads\\\/sites\\\/9\\\/2022\\\/02\\\/buy-bmk-powder.jpg\",\"datePublished\":\"2022-02-22T08:05:19+00:00\",\"dateModified\":\"2022-03-20T12:05:27+00:00\",\"description\":\"Pirkite benzilo metilketono (BMK) miltelius internetu. M\u016bs\u0173 BMK milteliai yra 100% laboratoriniai. BMK miltelius siun\u010diame kaip diskreti\u0161k\u0105 ir greit\u0105 siunt\u0105\",\"breadcrumb\":{\"@id\":\"https:\\\/\\\/medicinasinc.com\\\/lt\\\/product\\\/pirkite-benzil-metil-ketonas-bmk-milteliai-internete\\\/#breadcrumb\"},\"inLanguage\":\"en-US\",\"potentialAction\":[{\"@type\":\"ReadAction\",\"target\":[\"https:\\\/\\\/medicinasinc.com\\\/lt\\\/product\\\/pirkite-benzil-metil-ketonas-bmk-milteliai-internete\\\/\"]}]},{\"@type\":\"ImageObject\",\"inLanguage\":\"en-US\",\"@id\":\"https:\\\/\\\/medicinasinc.com\\\/lt\\\/product\\\/pirkite-benzil-metil-ketonas-bmk-milteliai-internete\\\/#primaryimage\",\"url\":\"https:\\\/\\\/medicinasinc.com\\\/lt\\\/wp-content\\\/uploads\\\/sites\\\/9\\\/2022\\\/02\\\/buy-bmk-powder.jpg\",\"contentUrl\":\"https:\\\/\\\/medicinasinc.com\\\/lt\\\/wp-content\\\/uploads\\\/sites\\\/9\\\/2022\\\/02\\\/buy-bmk-powder.jpg\",\"width\":447,\"height\":389},{\"@type\":\"BreadcrumbList\",\"@id\":\"https:\\\/\\\/medicinasinc.com\\\/lt\\\/product\\\/pirkite-benzil-metil-ketonas-bmk-milteliai-internete\\\/#breadcrumb\",\"itemListElement\":[{\"@type\":\"ListItem\",\"position\":1,\"name\":\"Parduotuv\u0117\",\"item\":\"https:\\\/\\\/medicinasinc.com\\\/lt\\\/parduotuve\\\/\"},{\"@type\":\"ListItem\",\"position\":2,\"name\":\"Pirkite benzilo metilketono (BMK) miltelius internetu\"}]},{\"@type\":\"WebSite\",\"@id\":\"https:\\\/\\\/medicinasinc.com\\\/lt\\\/#website\",\"url\":\"https:\\\/\\\/medicinasinc.com\\\/lt\\\/\",\"name\":\"Medicinas Inc\",\"description\":\"Sveikatos medicinos klinika\",\"potentialAction\":[{\"@type\":\"SearchAction\",\"target\":{\"@type\":\"EntryPoint\",\"urlTemplate\":\"https:\\\/\\\/medicinasinc.com\\\/lt\\\/?s={search_term_string}\"},\"query-input\":{\"@type\":\"PropertyValueSpecification\",\"valueRequired\":true,\"valueName\":\"search_term_string\"}}],\"inLanguage\":\"en-US\"}]}<\/script>\n<!-- \/ Yoast SEO plugin. -->","yoast_head_json":{"title":"Pirkite benzilmetilketono (BMK) miltelius internetu \u2013 geriausi pasauliniai vaistai","description":"Pirkite benzilo metilketono (BMK) miltelius internetu. M\u016bs\u0173 BMK milteliai yra 100% laboratoriniai. BMK miltelius siun\u010diame kaip diskreti\u0161k\u0105 ir greit\u0105 siunt\u0105","robots":{"index":"index","follow":"follow","max-snippet":"max-snippet:-1","max-image-preview":"max-image-preview:large","max-video-preview":"max-video-preview:-1"},"canonical":"https:\/\/medicinasinc.com\/lt\/product\/pirkite-benzil-metil-ketonas-bmk-milteliai-internete\/","og_locale":"en_US","og_type":"article","og_title":"Pirkite benzilmetilketono (BMK) miltelius internetu \u2013 geriausi pasauliniai vaistai","og_description":"Pirkite benzilo metilketono (BMK) miltelius internetu. M\u016bs\u0173 BMK milteliai yra 100% laboratoriniai. BMK miltelius siun\u010diame kaip diskreti\u0161k\u0105 ir greit\u0105 siunt\u0105","og_url":"https:\/\/medicinasinc.com\/lt\/product\/pirkite-benzil-metil-ketonas-bmk-milteliai-internete\/","og_site_name":"Medicinas Inc","article_modified_time":"2022-03-20T12:05:27+00:00","og_image":[{"width":447,"height":389,"url":"https:\/\/medicinasinc.com\/lt\/wp-content\/uploads\/sites\/9\/2022\/02\/buy-bmk-powder.jpg","type":"image\/jpeg"}],"twitter_card":"summary_large_image","twitter_misc":{"Est. reading time":"2 minutes"},"schema":{"@context":"https:\/\/schema.org","@graph":[{"@type":"WebPage","@id":"https:\/\/medicinasinc.com\/lt\/product\/pirkite-benzil-metil-ketonas-bmk-milteliai-internete\/","url":"https:\/\/medicinasinc.com\/lt\/product\/pirkite-benzil-metil-ketonas-bmk-milteliai-internete\/","name":"Pirkite benzilmetilketono (BMK) miltelius internetu \u2013 geriausi pasauliniai vaistai","isPartOf":{"@id":"https:\/\/medicinasinc.com\/lt\/#website"},"primaryImageOfPage":{"@id":"https:\/\/medicinasinc.com\/lt\/product\/pirkite-benzil-metil-ketonas-bmk-milteliai-internete\/#primaryimage"},"image":{"@id":"https:\/\/medicinasinc.com\/lt\/product\/pirkite-benzil-metil-ketonas-bmk-milteliai-internete\/#primaryimage"},"thumbnailUrl":"https:\/\/medicinasinc.com\/lt\/wp-content\/uploads\/sites\/9\/2022\/02\/buy-bmk-powder.jpg","datePublished":"2022-02-22T08:05:19+00:00","dateModified":"2022-03-20T12:05:27+00:00","description":"Pirkite benzilo metilketono (BMK) miltelius internetu. M\u016bs\u0173 BMK milteliai yra 100% laboratoriniai. BMK miltelius siun\u010diame kaip diskreti\u0161k\u0105 ir greit\u0105 siunt\u0105","breadcrumb":{"@id":"https:\/\/medicinasinc.com\/lt\/product\/pirkite-benzil-metil-ketonas-bmk-milteliai-internete\/#breadcrumb"},"inLanguage":"en-US","potentialAction":[{"@type":"ReadAction","target":["https:\/\/medicinasinc.com\/lt\/product\/pirkite-benzil-metil-ketonas-bmk-milteliai-internete\/"]}]},{"@type":"ImageObject","inLanguage":"en-US","@id":"https:\/\/medicinasinc.com\/lt\/product\/pirkite-benzil-metil-ketonas-bmk-milteliai-internete\/#primaryimage","url":"https:\/\/medicinasinc.com\/lt\/wp-content\/uploads\/sites\/9\/2022\/02\/buy-bmk-powder.jpg","contentUrl":"https:\/\/medicinasinc.com\/lt\/wp-content\/uploads\/sites\/9\/2022\/02\/buy-bmk-powder.jpg","width":447,"height":389},{"@type":"BreadcrumbList","@id":"https:\/\/medicinasinc.com\/lt\/product\/pirkite-benzil-metil-ketonas-bmk-milteliai-internete\/#breadcrumb","itemListElement":[{"@type":"ListItem","position":1,"name":"Parduotuv\u0117","item":"https:\/\/medicinasinc.com\/lt\/parduotuve\/"},{"@type":"ListItem","position":2,"name":"Pirkite benzilo metilketono (BMK) miltelius internetu"}]},{"@type":"WebSite","@id":"https:\/\/medicinasinc.com\/lt\/#website","url":"https:\/\/medicinasinc.com\/lt\/","name":"Medicinas Inc","description":"Sveikatos medicinos klinika","potentialAction":[{"@type":"SearchAction","target":{"@type":"EntryPoint","urlTemplate":"https:\/\/medicinasinc.com\/lt\/?s={search_term_string}"},"query-input":{"@type":"PropertyValueSpecification","valueRequired":true,"valueName":"search_term_string"}}],"inLanguage":"en-US"}]}},"_links":{"self":[{"href":"https:\/\/medicinasinc.com\/lt\/wp-json\/wp\/v2\/product\/5893","targetHints":{"allow":["GET"]}}],"collection":[{"href":"https:\/\/medicinasinc.com\/lt\/wp-json\/wp\/v2\/product"}],"about":[{"href":"https:\/\/medicinasinc.com\/lt\/wp-json\/wp\/v2\/types\/product"}],"replies":[{"embeddable":true,"href":"https:\/\/medicinasinc.com\/lt\/wp-json\/wp\/v2\/comments?post=5893"}],"wp:featuredmedia":[{"embeddable":true,"href":"https:\/\/medicinasinc.com\/lt\/wp-json\/wp\/v2\/media\/5922"}],"wp:attachment":[{"href":"https:\/\/medicinasinc.com\/lt\/wp-json\/wp\/v2\/media?parent=5893"}],"wp:term":[{"taxonomy":"product_brand","embeddable":true,"href":"https:\/\/medicinasinc.com\/lt\/wp-json\/wp\/v2\/product_brand?post=5893"},{"taxonomy":"product_cat","embeddable":true,"href":"https:\/\/medicinasinc.com\/lt\/wp-json\/wp\/v2\/product_cat?post=5893"},{"taxonomy":"product_tag","embeddable":true,"href":"https:\/\/medicinasinc.com\/lt\/wp-json\/wp\/v2\/product_tag?post=5893"}],"curies":[{"name":"wp","href":"https:\/\/api.w.org\/{rel}","templated":true}]}}