{"id":5890,"date":"2022-02-22T08:03:24","date_gmt":"2022-02-22T08:03:24","guid":{"rendered":"https:\/\/medicinasinc.com\/lt\/?post_type=product&#038;p=5890"},"modified":"2022-03-20T12:05:40","modified_gmt":"2022-03-20T12:05:40","slug":"pirkti-apaan-online-alfa-fenilacetoacetonitrilas","status":"publish","type":"product","link":"https:\/\/medicinasinc.com\/lt\/product\/pirkti-apaan-online-alfa-fenilacetoacetonitrilas\/","title":{"rendered":"Pirkite APAAN internetu (alfa-fenilacetoacetonitrilas)"},"content":{"rendered":"<p>\u012esigykite APAAN i\u0161 patikimos internetin\u0117s vaistin\u0117s.<\/p>\n<p>APAAN, CAS registro numeris 4468-48-8, yra kristaliniai milteliai, kuri\u0173 spalva svyruoja nuo baltos iki \u0161viesiai geltonos spalvos, sintezuojami i\u0161 benzilcianido.<\/p>\n<p> &gt; <\/p>\n<p>Kas yra APAAN (alfa-fenilacetoacetonitrilas)?<\/p>\n<p>Alfa-fenilacetoacetonitrilas yra chemin\u0117 med\u017eiaga, kurios CAS numeris 4468-48-8. Kontroliuojam\u0173 med\u017eiag\u0173 \u012fstatymas priskiriamas I s\u0105ra\u0161o med\u017eiagai (CSA). Nustatyta, kad jis naudojamas slaptose chemijos laboratorijose, siekiant neteis\u0117tai gaminti II s\u0105ra\u0161e apribot\u0105 med\u017eiag\u0105, \u017einom\u0105 kaip fenil-2-propanonas arba P2P), metamfetaminas ir amfetaminas. Tod\u0117l DEA papra\u0161\u0117, kad ji b\u016bt\u0173 klasifikuojama kaip kontroliuojama med\u017eiaga.<\/p>\n<p>Bet koks cheminis mi\u0161inys, kurio sud\u0117tyje yra alfa-fenilacetoacetonitrilo, yra reguliuojamas CSA, i\u0161skyrus tam tikras aplinkybes.<\/p>\n<p>Kas yra ar yra kai kurie alfa fenilacetoacetonitrilo sinonimai?<\/p>\n<p>Be to, alfa fenilacetoacetonitrilas vadinamas \u0161iais pavadinimais:<\/p>\n<p>NSC 11777 NSC 25183 NSC 55206 APAAN 2-Phenylacetoacetonitrile Kas yra daugelis?<br \/> yra alfa fenilacetoacetonitrilo tip\u0173?<\/p>\n<p>\u0160i chemin\u0117 med\u017eiaga yra milteli\u0173, geltonos, rudos arba baltos spalvos, taip pat kristalin\u0117s formos su \u0161velniu \u0161iaud\u0173 geltonu atspalviu.<\/p>\n<p>Kaip a\u0161 galiu \u012fsigyti alfa fenilacetoacetonitrilo?<\/p>\n<p>Alfa fenilacetoacetonitril\u0105 galite \u012fsigyti m\u016bs\u0173 internetin\u0117je parduotuv\u0117je. M\u016bs\u0173 chemin\u0117 med\u017eiaga yra labai gryna. Negana to, j\u016bs taip pat gausite j\u012f pas mus u\u017e \u017eymiai ma\u017eesn\u0119 kain\u0105 nei dauguma kit\u0173 rinkoje esan\u010di\u0173 pardav\u0117j\u0173. Kita patraukli paskata apsipirkti m\u016bs\u0173 internetin\u0117je parduotuv\u0117je yra tai, kad mes diskreti\u0161kai ir saugiai platiname j\u012f savo klientams daugelyje pasaulio viet\u0173 per m\u016bs\u0173 patikimus kurjeri\u0173 partnerius.<\/p>\n<p>Kokios alfa fenilacetoacetonitrilo savyb\u0117s?<br \/> Toliau pateikiamos konkre\u010dios \u0161ios chemin\u0117s med\u017eiagos savyb\u0117s:<\/p>\n<p>\u0160iai daliai naudokite lentel\u0119 (pavyzd\u017eiui, lydymosi temperat\u016bra, virimo temperat\u016bra, tankis, CAS numeris, grynumas ir molekulin\u0117 mas\u0117).<\/p>\n<p>Kokios paskirties alfa fenilacetoacetonitrilas?<\/p>\n<p>Alfa fenilacetoacetonitrilas n\u0117ra leistinas, i\u0161skyrus mokslini\u0173 tyrim\u0173 ir pl\u0117tros bei analiz\u0117s tikslais laboratorijose.<\/p>\n<p>Keli gerai \u017einomi pardav\u0117jai \u0161i chemin\u0117 med\u017eiaga apima:<br \/> Toliau pateikiamas alfa fenilacetoacetonitrilo tiek\u0117j\u0173 s\u0105ra\u0161as:<br \/> Aurum Pharmatech LLC Aktyvinti mokslin\u0119 veikl\u0105<br \/> Heterociklini\u0173 med\u017eiag\u0173 tyrimo chemikalai ir statybiniai blokai MolPort<br \/> Cheminiai tyrimai ir pl\u0117tra Vilkai<br \/> AK Scienti fic, Inc. (AKSCI) Alfa Chemistry Oakwood Products<br \/> APIChem Technology Vitas-M Laboratory LabNetwork, WuXi AppTec kompanija Chemieliva Pharmaceutical Co., Ltd Hangzhou APIChem Technology Vitas-M Laboratory<br \/> Kaip sintetinamas alfa fenilacetoacetonitrilas arba paruo\u0161ta?<\/p>\n<p>60 g gryno natrio, kurio atom\u0173 mas\u0117 yra 2,6 g, sumai\u0161oma su 700 cc absoliutaus alkoholio. Natrio etoksido tirpalas ruo\u0161iamas \u0161iuo metodu 2\u20131 apvaliadugn\u0117je kolboje su gr\u012f\u017etamuoju kondensatoriumi. \u012e \u0161\u012f pa\u0161ildyt\u0105 tirpal\u0105 \u012fpilama 234 g arba 2 moliai gryno benzilo cianido ir 264 g arba 3 moliai sauso etilo acetato ir tinkamai suplakama. Kondensatorius sandariai u\u017edarytas kalcio chlorido vamzdeliu. Tirpalas virinamas gar\u0173 vonioje dvi valandas ir paliekamas per nakt\u012f. Kit\u0105 ryt\u0105 pasteb\u0117site, kad mi\u0161inyje susidar\u0117 gabal\u0117li\u0173. D\u0117l to skys\u010diui mai\u0161yti naudojamas medinis strypas, d\u0117l kurio gabal\u0117liai subyra. Po to naudojamas \u0161aldymo mi\u0161inys, kuris atv\u0117sinamas iki 10\u00b0 temperat\u016bros. Tada tokia temperat\u016bra palaikoma dvi valandas. 6 coli\u0173. B\u00fcchnerio piltuvas naudojamas natrio druskai surinkti, kuri keturis kartus i\u0161plaunama piltuv\u0117lyje su 250 cm3. eterio dalys. Atrasite bespalv\u012f filtrin\u012f pyrag\u0105, atitinkant\u012f 250\u2013275 g. sausos natrio druskos, arba 69\u201376% prognozuojamo kiekio. Filtratus sumai\u0161ykite ir supilkite \u012f \u0161aldom\u0105j\u012f mi\u0161in\u012f.<\/p>\n<p>Kambario temperat\u016broje natrio drusk\u0105, kuri dar dr\u0117gna eteriu, i\u0161tirpinkite 1,3 l distiliuoto tirpalo. vandens ir atv\u0117sinkite tirpal\u0105 iki 0\u00b0. Nusodinkite nitril\u0105 \u0161velniai \u012fpildami 90cc ledin\u0117s acto r\u016bg\u0161ties ir stipriai purtydami. Nuos\u0117dos atskiriamos siurbiant ir keturis kartus plaunamos 250 cc vandens, naudojant piltuv\u0117l\u012f. Dabar tur\u0117tum\u0117te tur\u0117ti dr\u0117gn\u0105 300 g (188\u2013206 g) fenilacetoacetonitrilo pyrag\u0105. Jis yra 59\u201364 procentai sauso ir jo lydymosi temperat\u016bra yra 87\u201389\u00b0, o tai tinka daugeliui naudojimo b\u016bd\u0173.<\/p>\n<p>Jei pageidaujama, kad \u017ealiavin\u0117 med\u017eiaga b\u016bt\u0173 perkristalizuota, dr\u0117gn\u0105 pyrag\u0105 i\u0161tirpinkite 100 cc verdantis metilo alkoholis. Filtruokite tirpal\u0105 ir mai\u0161ydami at\u0161aldykite iki 10\u00b0 temperat\u016bros. I\u0161siurbkite kristalus ir vien\u0105 kart\u0105 nuplaukite 40cc metilo alkoholiu, at\u0161aldytu iki 10\u00b0. Produktas sausas sveria 173\u2013191 g (54\u201360 %), lydymosi temperat\u016bra 88,5\u201389,5\u00b0. Per 5-1. kolb\u0105, sumai\u0161ykite natrio druskos atskyrimo filtratus ir plovimus. Galite praskiesti lediniu vandeniu iki tol, kol kolba visi\u0161kai prisipildys. Sifonu visi\u0161kai pa\u0161alinkite apatin\u012f sluoksn\u012f. Didel\u0117 eterio dalis gali b\u016bti pa\u0161alinta dekantuojant, o likusi dalis atskiriama naudojant dalijam\u0105j\u012f piltuv\u0105.<\/p>\n<p>Dar du kartus ekstrahuokite vandenin\u012f sluoksn\u012f, naudodami 500 cc eterio dali\u0173, tada i\u0161meskite eterio ekstraktus.<\/p>\n<p>Esant suma\u017eintam sl\u0117giui, galite pa\u0161alinti bet kok\u012f eterio likut\u012f vandeniniame sluoksnyje, siurbdami or\u0105 per tirpal\u0105 valand\u0105, naudodami siurbimo siurbl\u012f. Prid\u0117jus 60 cc ledin\u0117s acto r\u016bg\u0161ties, nusodinkite fenilacetoacetonitril\u0105.<\/p>\n<p>Jei aliejus i\u0161pilamas, panardinkite kolb\u0105 \u012f ledo voni\u0105, kol nuos\u0117dos susikristalizuosis. Atskirkite kristalus siurbiamuoju filtravimu ir keturis kartus plaukite piltuv\u0117lyje, u\u017epildytame 50 cc vandens. \u012edegio spalvos med\u017eiaga sveria 50\u201355 g, o lydymosi temperat\u016bra i\u0161d\u017ei\u016bvus yra 83\u201386\u00b0. Tada i\u0161tirpinkite j\u012f metilo alkoholio motininiuose tirpaluose, likusiuose po ankstesn\u0117s partijos kristalizacijos. Tada gautas tirpalas kaitinamas, esant Norito p\u0117dsakams. Jis filtruojamas ir at\u0161aldomas iki 10\u00b0 temperat\u016bros. Surinkite filtrus susidariusius kristalus ir nuplaukite juos 10 cc \u0161alto metilo alkoholio, po to i\u0161d\u017eiovinkite. Tada gaunama 43\u201348 gram\u0173 bly\u0161kios \u0161iaud\u0173 spalvos med\u017eiaga, kurios lydymosi temperat\u016bra 87\u201389\u00b0. Jis perkristalizuojamas i\u0161 25cc gryno metilo alkoholio ir 10cc \u0161alto metilo alkoholio tirpalo. Gaminama 37\u201341 g med\u017eiaga, kurios lydymosi temperat\u016bra 88,5\u201389,5\u00b0. D\u0117l to bendra tokio grynumo med\u017eiaga sveria nuo 210 iki 232 g arba 66\u201373 procentus teorinio kiekio.<\/p>\n<p>Kokios alfa fenilacetoacetonitrilo savyb\u0117s?<\/p>\n<p>Toliau yra specifin\u0117s \u0161ios chemin\u0117s med\u017eiagos savyb\u0117s:<\/p>\n<p>Molekulin\u0117 mas\u0117: 159,188 g\/mol Tiksli mas\u0117: 159,068 g\/mol CAS: 4468-48-8<br \/> 99,8% grynumo<br \/> Kiek kainuoja alfa Fenilacetoacetonitrilo kaina?<\/p>\n<p>\u0160ios chemin\u0117s med\u017eiagos kaina priklauso nuo tiek\u0117jo. Tikroji kaina nustatoma pagal internetinio pardav\u0117jo suteikt\u0105 nuolaid\u0105 ir perkam\u0105 chemijos kiek\u012f. Galime u\u017etikrinti, kad m\u016bs\u0173 parduotuv\u0117je j\u012f rasite u\u017e geriausi\u0105 kain\u0105 rinkoje. Be to, garantuojame produkto kokyb\u0119 ir greit\u0105 pristatym\u0105 \u012f namus.<\/p>\n<p>Kaip teisi\u0161kai klasifikuojamas alfa fenilacetoacetonitrilas?<\/p>\n<p>D\u0117l to, kad alfa fenilacetoacetonitrilas yra I s\u0105ra\u0161o chemin\u0117 med\u017eiaga, visi sandoriai yra kontroliuojami, nepaisant j\u0173 kiekio.<\/p>\n<p>Mi\u0161ini\u0173, kuri\u0173 sud\u0117tyje yra \u0161ios chemin\u0117s med\u017eiagos, ir kuriems netaikoma automatin\u0117 i\u0161imtis, gamintojai turi pateikti pra\u0161ym\u0105 atleisti nuo i\u0161imties, nes visi cheminiai mi\u0161iniai, \u012fskaitant bet kokios koncentracijos j\u0105, yra reglamentuojami. <\/p>\n<p>Kokie yra \u012fsp\u0117jimai, susij\u0119 su \u0161ia chemine med\u017eiaga, kuri\u0173 turite laikytis?<\/p>\n<p>B\u016btina imtis tam tikr\u0173 atsargumo priemoni\u0173, kad u\u017etikrintum\u0117te savo saugum\u0105 dirbant su \u0161ia med\u017eiaga. Toliau pateikiami \u012fsp\u0117jimai ir atsargumo priemon\u0117s:<\/p>\n<p>Jei vartojama per burn\u0105, \u0161i chemin\u0117 med\u017eiaga yra labai pavojinga. Tod\u0117l venkite jo bet kokia kaina.<br \/> Kadangi tai yra pavojinga liestis su j\u016bs\u0173 m\u0117sa, turite su jais elgtis labai atsargiai ir m\u016bv\u0117ti pir\u0161tines, kad apsaugotum\u0117te od\u0105.<br \/> sudirginti od\u0105 ir ji gali net \u0117sdinti, tod\u0117l venkite arti prisilietimo.<br \/> Kadangi \u017einoma, kad chemin\u0117 med\u017eiaga stipriai dirgina ir pa\u017eeid\u017eia akis, labai svarbu naudoti apsauginius akinius, kurie visi\u0161kai u\u017edengt\u0173 akis, kad b\u016bt\u0173 i\u0161vengta nety\u010dinio kontakto. su akimis.<br \/> Nustatyta, kad \u012fkv\u0117pus jis yra labai pavojingas. Taigi, veid\u0105 reikia u\u017edengti, kad b\u016bt\u0173 i\u0161vengta nety\u010dinio chemin\u0117s med\u017eiagos \u012fkv\u0117pimo atliekant tyrimus, pl\u0117tr\u0105 ar analiz\u0119.<br \/> Vaistas yra pakankamai galingas, kad sukelt\u0173 kv\u0117pavimo diskomfort\u0105. Net vienkartinis jo poveikis gali sukelti toksin\u012f poveik\u012f tiksliniam organui. Galimas sunkus u\u017edegimas, ypa\u010d kv\u0117pavimo takuose.<\/p>\n<p>Pirkite APAAN internetu | Pirkti APAAN Parduodama | Pirkite APAAN internetu | Pirkite APAAN internetu (JAV, KINIJA, JK, WORLDWIDE)<\/p>\n","protected":false},"excerpt":{"rendered":"<p>Pirkite APAAN (alfa-fenilacetoacetonitril\u0105) pardavimui Europoje, JK internetu be recepto. U\u017esisakykite APAAN (alfa-fenilacetoacetonitrilas) internetu.<\/p>\n<p>APAAN (alfa-fenilacetoacetonitrilas) yra analitinis etalonas, strukt\u016bri\u0161kai pana\u0161us \u012f amfetamin\u0105.<\/p>\n<p>-acetilbenzenacetonitrilas<\/p>\n<p> 4468-48-8 CAS Nr.<\/p>\n<p>Sinonimai: APAAN ,2-fenilacetoacetonitrilas<\/p>\n<p>Molekulin\u0117 formul\u0117: C10H9NO<\/p>\n<p>Formul\u0117s svoris: 159,2<\/p>\n<p>Grynumas: \u2265 98 %<\/p>\n<p>Sud\u0117tis: kristalin\u0117 kieta med\u017eiaga<\/p>\n<p>\u03bbmax: 264 nm<\/p>\n<p>Sand\u0117liavimas: -20 \u00b0C<\/p>\n<p>Stabilumas :\u2265 2 metai<\/p>\n","protected":false},"featured_media":5916,"comment_status":"open","ping_status":"closed","template":"","meta":[],"product_brand":[],"product_cat":[703],"product_tag":[],"class_list":{"0":"post-5890","1":"product","2":"type-product","3":"status-publish","4":"has-post-thumbnail","6":"product_cat-pirkti-psichodelinius-vaistus","8":"first","9":"instock","10":"shipping-taxable","11":"purchasable","12":"product-type-variable"},"yoast_head":"<!-- This site is optimized with the Yoast SEO plugin v27.3 - https:\/\/yoast.com\/product\/yoast-seo-wordpress\/ -->\n<title>Pirkite APAAN internetu (alfa-fenilacetoacetonitril\u0105) \u2013 geriausius pasaulinius vaistus<\/title>\n<meta name=\"description\" content=\"Pirkite APAAN (alfa-fenilacetoacetonitril\u0105) pardavimui Europoje, JK internetu be recepto. U\u017esisakykite APAAN (alfa-fenilacetoacetonitrilas) internetu.\" \/>\n<meta name=\"robots\" content=\"index, follow, max-snippet:-1, max-image-preview:large, max-video-preview:-1\" \/>\n<link rel=\"canonical\" href=\"https:\/\/medicinasinc.com\/lt\/product\/pirkti-apaan-online-alfa-fenilacetoacetonitrilas\/\" \/>\n<meta property=\"og:locale\" content=\"en_US\" \/>\n<meta property=\"og:type\" content=\"article\" \/>\n<meta property=\"og:title\" content=\"Pirkite APAAN internetu (alfa-fenilacetoacetonitril\u0105) \u2013 geriausius pasaulinius vaistus\" \/>\n<meta property=\"og:description\" content=\"Pirkite APAAN (alfa-fenilacetoacetonitril\u0105) pardavimui Europoje, JK internetu be recepto. U\u017esisakykite APAAN (alfa-fenilacetoacetonitrilas) internetu.\" \/>\n<meta property=\"og:url\" content=\"https:\/\/medicinasinc.com\/lt\/product\/pirkti-apaan-online-alfa-fenilacetoacetonitrilas\/\" \/>\n<meta property=\"og:site_name\" content=\"Medicinas Inc\" \/>\n<meta property=\"article:modified_time\" content=\"2022-03-20T12:05:40+00:00\" \/>\n<meta property=\"og:image\" content=\"https:\/\/medicinasinc.com\/lt\/wp-content\/uploads\/sites\/9\/2022\/02\/buy-apaan-alpha-phenylacetoacetonitrile.jpg\" \/>\n\t<meta property=\"og:image:width\" content=\"600\" \/>\n\t<meta property=\"og:image:height\" content=\"600\" \/>\n\t<meta property=\"og:image:type\" content=\"image\/jpeg\" \/>\n<meta name=\"twitter:card\" content=\"summary_large_image\" \/>\n<meta name=\"twitter:label1\" content=\"Est. reading time\" \/>\n\t<meta name=\"twitter:data1\" content=\"6 minutes\" \/>\n<script type=\"application\/ld+json\" class=\"yoast-schema-graph\">{\"@context\":\"https:\\\/\\\/schema.org\",\"@graph\":[{\"@type\":\"WebPage\",\"@id\":\"https:\\\/\\\/medicinasinc.com\\\/lt\\\/product\\\/pirkti-apaan-online-alfa-fenilacetoacetonitrilas\\\/\",\"url\":\"https:\\\/\\\/medicinasinc.com\\\/lt\\\/product\\\/pirkti-apaan-online-alfa-fenilacetoacetonitrilas\\\/\",\"name\":\"Pirkite APAAN internetu (alfa-fenilacetoacetonitril\u0105) \u2013 geriausius pasaulinius vaistus\",\"isPartOf\":{\"@id\":\"https:\\\/\\\/medicinasinc.com\\\/lt\\\/#website\"},\"primaryImageOfPage\":{\"@id\":\"https:\\\/\\\/medicinasinc.com\\\/lt\\\/product\\\/pirkti-apaan-online-alfa-fenilacetoacetonitrilas\\\/#primaryimage\"},\"image\":{\"@id\":\"https:\\\/\\\/medicinasinc.com\\\/lt\\\/product\\\/pirkti-apaan-online-alfa-fenilacetoacetonitrilas\\\/#primaryimage\"},\"thumbnailUrl\":\"https:\\\/\\\/medicinasinc.com\\\/lt\\\/wp-content\\\/uploads\\\/sites\\\/9\\\/2022\\\/02\\\/buy-apaan-alpha-phenylacetoacetonitrile.jpg\",\"datePublished\":\"2022-02-22T08:03:24+00:00\",\"dateModified\":\"2022-03-20T12:05:40+00:00\",\"description\":\"Pirkite APAAN (alfa-fenilacetoacetonitril\u0105) pardavimui Europoje, JK internetu be recepto. U\u017esisakykite APAAN (alfa-fenilacetoacetonitrilas) internetu.\",\"breadcrumb\":{\"@id\":\"https:\\\/\\\/medicinasinc.com\\\/lt\\\/product\\\/pirkti-apaan-online-alfa-fenilacetoacetonitrilas\\\/#breadcrumb\"},\"inLanguage\":\"en-US\",\"potentialAction\":[{\"@type\":\"ReadAction\",\"target\":[\"https:\\\/\\\/medicinasinc.com\\\/lt\\\/product\\\/pirkti-apaan-online-alfa-fenilacetoacetonitrilas\\\/\"]}]},{\"@type\":\"ImageObject\",\"inLanguage\":\"en-US\",\"@id\":\"https:\\\/\\\/medicinasinc.com\\\/lt\\\/product\\\/pirkti-apaan-online-alfa-fenilacetoacetonitrilas\\\/#primaryimage\",\"url\":\"https:\\\/\\\/medicinasinc.com\\\/lt\\\/wp-content\\\/uploads\\\/sites\\\/9\\\/2022\\\/02\\\/buy-apaan-alpha-phenylacetoacetonitrile.jpg\",\"contentUrl\":\"https:\\\/\\\/medicinasinc.com\\\/lt\\\/wp-content\\\/uploads\\\/sites\\\/9\\\/2022\\\/02\\\/buy-apaan-alpha-phenylacetoacetonitrile.jpg\",\"width\":600,\"height\":600},{\"@type\":\"BreadcrumbList\",\"@id\":\"https:\\\/\\\/medicinasinc.com\\\/lt\\\/product\\\/pirkti-apaan-online-alfa-fenilacetoacetonitrilas\\\/#breadcrumb\",\"itemListElement\":[{\"@type\":\"ListItem\",\"position\":1,\"name\":\"Parduotuv\u0117\",\"item\":\"https:\\\/\\\/medicinasinc.com\\\/lt\\\/parduotuve\\\/\"},{\"@type\":\"ListItem\",\"position\":2,\"name\":\"Pirkite APAAN internetu (alfa-fenilacetoacetonitrilas)\"}]},{\"@type\":\"WebSite\",\"@id\":\"https:\\\/\\\/medicinasinc.com\\\/lt\\\/#website\",\"url\":\"https:\\\/\\\/medicinasinc.com\\\/lt\\\/\",\"name\":\"Medicinas Inc\",\"description\":\"Sveikatos medicinos klinika\",\"potentialAction\":[{\"@type\":\"SearchAction\",\"target\":{\"@type\":\"EntryPoint\",\"urlTemplate\":\"https:\\\/\\\/medicinasinc.com\\\/lt\\\/?s={search_term_string}\"},\"query-input\":{\"@type\":\"PropertyValueSpecification\",\"valueRequired\":true,\"valueName\":\"search_term_string\"}}],\"inLanguage\":\"en-US\"}]}<\/script>\n<!-- \/ Yoast SEO plugin. -->","yoast_head_json":{"title":"Pirkite APAAN internetu (alfa-fenilacetoacetonitril\u0105) \u2013 geriausius pasaulinius vaistus","description":"Pirkite APAAN (alfa-fenilacetoacetonitril\u0105) pardavimui Europoje, JK internetu be recepto. U\u017esisakykite APAAN (alfa-fenilacetoacetonitrilas) internetu.","robots":{"index":"index","follow":"follow","max-snippet":"max-snippet:-1","max-image-preview":"max-image-preview:large","max-video-preview":"max-video-preview:-1"},"canonical":"https:\/\/medicinasinc.com\/lt\/product\/pirkti-apaan-online-alfa-fenilacetoacetonitrilas\/","og_locale":"en_US","og_type":"article","og_title":"Pirkite APAAN internetu (alfa-fenilacetoacetonitril\u0105) \u2013 geriausius pasaulinius vaistus","og_description":"Pirkite APAAN (alfa-fenilacetoacetonitril\u0105) pardavimui Europoje, JK internetu be recepto. U\u017esisakykite APAAN (alfa-fenilacetoacetonitrilas) internetu.","og_url":"https:\/\/medicinasinc.com\/lt\/product\/pirkti-apaan-online-alfa-fenilacetoacetonitrilas\/","og_site_name":"Medicinas Inc","article_modified_time":"2022-03-20T12:05:40+00:00","og_image":[{"width":600,"height":600,"url":"https:\/\/medicinasinc.com\/lt\/wp-content\/uploads\/sites\/9\/2022\/02\/buy-apaan-alpha-phenylacetoacetonitrile.jpg","type":"image\/jpeg"}],"twitter_card":"summary_large_image","twitter_misc":{"Est. reading time":"6 minutes"},"schema":{"@context":"https:\/\/schema.org","@graph":[{"@type":"WebPage","@id":"https:\/\/medicinasinc.com\/lt\/product\/pirkti-apaan-online-alfa-fenilacetoacetonitrilas\/","url":"https:\/\/medicinasinc.com\/lt\/product\/pirkti-apaan-online-alfa-fenilacetoacetonitrilas\/","name":"Pirkite APAAN internetu (alfa-fenilacetoacetonitril\u0105) \u2013 geriausius pasaulinius vaistus","isPartOf":{"@id":"https:\/\/medicinasinc.com\/lt\/#website"},"primaryImageOfPage":{"@id":"https:\/\/medicinasinc.com\/lt\/product\/pirkti-apaan-online-alfa-fenilacetoacetonitrilas\/#primaryimage"},"image":{"@id":"https:\/\/medicinasinc.com\/lt\/product\/pirkti-apaan-online-alfa-fenilacetoacetonitrilas\/#primaryimage"},"thumbnailUrl":"https:\/\/medicinasinc.com\/lt\/wp-content\/uploads\/sites\/9\/2022\/02\/buy-apaan-alpha-phenylacetoacetonitrile.jpg","datePublished":"2022-02-22T08:03:24+00:00","dateModified":"2022-03-20T12:05:40+00:00","description":"Pirkite APAAN (alfa-fenilacetoacetonitril\u0105) pardavimui Europoje, JK internetu be recepto. U\u017esisakykite APAAN (alfa-fenilacetoacetonitrilas) internetu.","breadcrumb":{"@id":"https:\/\/medicinasinc.com\/lt\/product\/pirkti-apaan-online-alfa-fenilacetoacetonitrilas\/#breadcrumb"},"inLanguage":"en-US","potentialAction":[{"@type":"ReadAction","target":["https:\/\/medicinasinc.com\/lt\/product\/pirkti-apaan-online-alfa-fenilacetoacetonitrilas\/"]}]},{"@type":"ImageObject","inLanguage":"en-US","@id":"https:\/\/medicinasinc.com\/lt\/product\/pirkti-apaan-online-alfa-fenilacetoacetonitrilas\/#primaryimage","url":"https:\/\/medicinasinc.com\/lt\/wp-content\/uploads\/sites\/9\/2022\/02\/buy-apaan-alpha-phenylacetoacetonitrile.jpg","contentUrl":"https:\/\/medicinasinc.com\/lt\/wp-content\/uploads\/sites\/9\/2022\/02\/buy-apaan-alpha-phenylacetoacetonitrile.jpg","width":600,"height":600},{"@type":"BreadcrumbList","@id":"https:\/\/medicinasinc.com\/lt\/product\/pirkti-apaan-online-alfa-fenilacetoacetonitrilas\/#breadcrumb","itemListElement":[{"@type":"ListItem","position":1,"name":"Parduotuv\u0117","item":"https:\/\/medicinasinc.com\/lt\/parduotuve\/"},{"@type":"ListItem","position":2,"name":"Pirkite APAAN internetu (alfa-fenilacetoacetonitrilas)"}]},{"@type":"WebSite","@id":"https:\/\/medicinasinc.com\/lt\/#website","url":"https:\/\/medicinasinc.com\/lt\/","name":"Medicinas Inc","description":"Sveikatos medicinos klinika","potentialAction":[{"@type":"SearchAction","target":{"@type":"EntryPoint","urlTemplate":"https:\/\/medicinasinc.com\/lt\/?s={search_term_string}"},"query-input":{"@type":"PropertyValueSpecification","valueRequired":true,"valueName":"search_term_string"}}],"inLanguage":"en-US"}]}},"_links":{"self":[{"href":"https:\/\/medicinasinc.com\/lt\/wp-json\/wp\/v2\/product\/5890","targetHints":{"allow":["GET"]}}],"collection":[{"href":"https:\/\/medicinasinc.com\/lt\/wp-json\/wp\/v2\/product"}],"about":[{"href":"https:\/\/medicinasinc.com\/lt\/wp-json\/wp\/v2\/types\/product"}],"replies":[{"embeddable":true,"href":"https:\/\/medicinasinc.com\/lt\/wp-json\/wp\/v2\/comments?post=5890"}],"wp:featuredmedia":[{"embeddable":true,"href":"https:\/\/medicinasinc.com\/lt\/wp-json\/wp\/v2\/media\/5916"}],"wp:attachment":[{"href":"https:\/\/medicinasinc.com\/lt\/wp-json\/wp\/v2\/media?parent=5890"}],"wp:term":[{"taxonomy":"product_brand","embeddable":true,"href":"https:\/\/medicinasinc.com\/lt\/wp-json\/wp\/v2\/product_brand?post=5890"},{"taxonomy":"product_cat","embeddable":true,"href":"https:\/\/medicinasinc.com\/lt\/wp-json\/wp\/v2\/product_cat?post=5890"},{"taxonomy":"product_tag","embeddable":true,"href":"https:\/\/medicinasinc.com\/lt\/wp-json\/wp\/v2\/product_tag?post=5890"}],"curies":[{"name":"wp","href":"https:\/\/api.w.org\/{rel}","templated":true}]}}