{"id":5886,"date":"2022-02-22T07:58:50","date_gmt":"2022-02-22T07:58:50","guid":{"rendered":"https:\/\/medicinasinc.com\/lt\/?post_type=product&#038;p=5886"},"modified":"2022-03-20T12:05:48","modified_gmt":"2022-03-20T12:05:48","slug":"pirkti-dilaudid-4-mg","status":"publish","type":"product","link":"https:\/\/medicinasinc.com\/lt\/product\/pirkti-dilaudid-4-mg\/","title":{"rendered":"Pirkite Dilaudid 4 mg"},"content":{"rendered":"<p>\u012esigykite dilaudid 4 mg Jungtin\u0117je Karalyst\u0117je ir Europoje i\u0161 m\u016bs\u0173 pasaulin\u0117s med internetin\u0117s vaistin\u0117s su greitu tarptautiniu pristatymu! \u010cia \u012fsigysite geriausi\u0105 Dilaudid 4 mg!<\/p>\n<p>Dilaudid 4 mg, Hidromorfonas yra narkotinis analgetikas. Opioidas kartais vadinamas narkotine med\u017eiaga.<\/p>\n<p>Dilaudid 4 mg yra receptinis vaistas, vartojamas vidutinio sunkumo ar stipriam skausmui mal\u0161inti.<\/p>\n<p>Jei Dilaudid \u012fsigyjate internetu, taip pat galite gauti doz\u0119. informacija. Pradiniam gydymui turite vartoti nuo 2 mg iki 4 mg, kaip nurodyta.<\/p>\n<p>\u0160is vaistas tiekiamas pailginto atpalaidavimo forma, skirta vidutinio sunkumo ar stipriam skausmui mal\u0161inti 24 valandas per par\u0105. \u0160i Dilaudid 4 mg dozavimo forma n\u0117ra skirta skausmui mal\u0161inti.<\/p>\n<p>Hydromorphone Dilaudid 4 mg taip pat gali b\u016bti naudojamas kitiems tikslams, kurie n\u0117ra \u012ftraukti \u012f \u0161\u012f vaist\u0173 vadov\u0105.<\/p>\n<p>Kas yra yra svarbiausia informacija, kuri\u0105 tur\u0117\u010diau \u017einoti apie hidromorfon\u0105?<\/p>\n<p>Jei turite sunki\u0173 kv\u0117pavimo problem\u0173 arba u\u017esikim\u0161\u0119 skrand\u012f ar \u017earnas, hidromorfono naudoti netur\u0117tum\u0117te.<\/p>\n<p>4 mg dilaudid Hidromorfonas gali greitai arba visi\u0161kai nustoti kv\u0117puoti ir gali i\u0161sivystyti \u012fprotis. Kad i\u0161vengtum\u0117te potencialiai mirtinos doz\u0117s, vartokite tik nurodyt\u0105 doz\u0119 ir nurykite vis\u0105 pailginto atpalaidavimo tablet\u0119. Niekada neduokite kitam asmeniui Dilaudid 4 mg.<\/p>\n<p>&nbsp;<\/p>\n<p>NETINKAMAI VARTOJANT NARKOTINI\u0172 VAIST\u0172 GALI \u012eSIGYTI PRIKLAUMYB\u0104, PERDOZUOTI ARBA MIRT\u012e, ypa\u010d vaikams ar kitiems asmenims, kurie vaistus gauna be recepto.<\/p>\n<p>Jei motina n\u0117\u0161tumo metu vartojo Dilaudid 4 mg, naujagimiui gali pasireik\u0161ti gyvybei pavojingi abstinencijos simptomai.<\/p>\n<p>Nevartokite alkoholini\u0173 g\u0117rim\u0173.<\/p>\n<p>Yra. yra pavojingo neigiamo poveikio, \u012fskaitant mirt\u012f, galimyb\u0117.<\/p>\n<p>K\u0105 tur\u0117\u010diau aptarti su savo sveikatos prie\u017ei\u016bros specialistu prie\u0161 prad\u0117damas gydym\u0105 hidromorfonu?<\/p>\n<p>Jei kada nors sirgote, \u0161io vaisto vartoti negalima. neigiamas atsakas \u012f hidromorfon\u0105 ar bet kur\u012f kit\u0105 narkotin\u012f vaist\u0105 arba jei turite bet kuri\u0105 i\u0161 \u0161i\u0173 b\u016bkli\u0173:<\/p>\n<p>sunki astma arba kv\u0117pavimo pasunk\u0117jimas; skrand\u017eio ar \u017earnyno u\u017esikim\u0161imas; arba paraly\u017einis \u017earn\u0173 nepraeinamumas, \u017earnyno nepraeinamumas.<\/p>\n<p>Jei per pastar\u0105sias 14 dien\u0173 vartojote MAO inhibitori\u0173, nevartokite Dilaudid 4 mg hidromorfono. Gali atsirasti potencialiai \u017ealinga vaist\u0173 s\u0105veika. Izokarboksazidas, linezolidas, metileno m\u0117lynojo injekcija, fenelzinas, razagilinas, selegilinas ir tranilciprominas yra MAO inhibitoriai.<\/p>\n<p>Kai kurie vaistai gali s\u0105veikauti su hidromorfonu, tod\u0117l gali i\u0161sivystyti mirtina liga, vadinama serotonino sindromu. \u012esitikinkite, kad j\u016bs\u0173 gydytojas \u017eino apie visus vaistus, kuriuos vartojate nuo depresijos, psichikos lig\u0173, Parkinsono ligos, migrenos galvos skausmo, rimt\u0173 infekcij\u0173 arba pykinimo ir v\u0117mimo profilaktikos. Prie\u0161 keisdami vaist\u0173 vartojimo b\u016bd\u0105 ar da\u017enum\u0105, pasitarkite su gydytoju.<\/p>\n<p>Jei \u0161iuo metu nevartojate opioidini\u0173 (narkotini\u0173) vaist\u0173 nuo skausmo, galb\u016bt negal\u0117site vartoti Dilaudid 4 mg hidromorfono. yra tam toleranti\u0161ki. Pasitarkite su gydytoju, jei nesate tikri, ar netoleruojate opioid\u0173.<\/p>\n<p>Kad \u012fsitikintum\u0117te, jog hidromorfonas jums yra saugus, pasakykite gydytojui, jei turite bet kur\u012f i\u0161 \u0161i\u0173 simptom\u0173:<\/p>\n<p>bet kokio tipo pasunk\u0117j\u0119s kv\u0117pavimas arba plau\u010di\u0173 liga; buv\u0119s smegen\u0173 sukr\u0117timas, smegen\u0173 auglys ar traukuliai; piktnaud\u017eiavimo narkotin\u0117mis med\u017eiagomis, alkoholizmo ar psichikos lig\u0173 istorija; \u0161lapinimosi problemos; kepen\u0173 ar inkst\u0173 liga; alergija sulfitui; Adisono liga ar kiti antinks\u010di\u0173 sutrikimai; tul\u017eies p\u016bsl\u0117s, kasos ar skydliauk\u0117s problemos; arba jei vartojate raminamuosius vaistus, tokius kaip Valium (diazepamas, alprazolamas, lorazepamas, Ativan, Klonopin, Restoril, Tranxene, Versed, Xanax ir kt.).<\/p>\n","protected":false},"excerpt":{"rendered":"<p>\u012esigykite dilaudid 4 mg parduoti JK, Europoje m\u016bs\u0173 geriausi\u0173 pasaulini\u0173 vaist\u0173 internetin\u0117je parduotuv\u0117je su greitu pristatymu visame pasaulyje! Geriausi\u0105 Dilaudid 4 mg, kur\u012f norite u\u017esisakyti, rasite \u010dia!<\/p>\n<p>Dilaudid 4 mg, hidromorfonas gali sul\u0117tinti arba sustabdyti kv\u0117pavim\u0105 ir tapti \u012fpro\u010diu. Kad i\u0161vengtum\u0117te potencialiai mirtinos doz\u0117s, vartokite tik nurodyt\u0105 doz\u0119 ir nurykite vis\u0105 pailginto atpalaidavimo tablet\u0119. Niekada neduokite kitam asmeniui Dilaudid 4 mg.<\/p>\n","protected":false},"featured_media":5911,"comment_status":"open","ping_status":"closed","template":"","meta":[],"product_brand":[],"product_cat":[1117],"product_tag":[4045,4046,4050,4047,4051,4048,4049],"class_list":{"0":"post-5886","1":"product","2":"type-product","3":"status-publish","4":"has-post-thumbnail","6":"product_cat-pirkite-skausmo-miego-ir-sekso-tabletes","7":"product_tag-buy-dilaudid-4-mg-online","8":"product_tag-dilaudid-4-mg-for-sale","9":"product_tag-geriausia-vieta-pirkti-dilaudid-4-mg-online","10":"product_tag-how-to-buy-dilaudid-4-mg-online","11":"product_tag-kur-pirkti-dilaudid-4-mg-internetu","12":"product_tag-order-dilaudid-4-mg-online","13":"product_tag-pirkti-dilaudid-4-mg-internetu","15":"first","16":"instock","17":"featured","18":"shipping-taxable","19":"purchasable","20":"product-type-variable","21":"has-default-attributes"},"yoast_head":"<!-- This site is optimized with the Yoast SEO plugin v27.3 - https:\/\/yoast.com\/product\/yoast-seo-wordpress\/ -->\n<title>Pirkite Dilaudid 4 mg \u2013 geriausius geriausius pasaulinius vaistus<\/title>\n<meta name=\"description\" content=\"Pirkite dilaudid 4 mg pardavimui JK, Europoje m\u016bs\u0173 geriausi\u0173 pasaulini\u0173 vaist\u0173 internetin\u0117je parduotuv\u0117je su greitu pristatymu visame pasaulyje! Geriausias Dilaudid 4 mg u\u017esakymui rasite \u010dia!\" \/>\n<meta name=\"robots\" content=\"index, follow, max-snippet:-1, max-image-preview:large, max-video-preview:-1\" \/>\n<link rel=\"canonical\" href=\"https:\/\/medicinasinc.com\/lt\/product\/pirkti-dilaudid-4-mg\/\" \/>\n<meta property=\"og:locale\" content=\"en_US\" \/>\n<meta property=\"og:type\" content=\"article\" \/>\n<meta property=\"og:title\" content=\"Pirkite Dilaudid 4 mg \u2013 geriausius geriausius pasaulinius vaistus\" \/>\n<meta property=\"og:description\" content=\"Pirkite dilaudid 4 mg pardavimui JK, Europoje m\u016bs\u0173 geriausi\u0173 pasaulini\u0173 vaist\u0173 internetin\u0117je parduotuv\u0117je su greitu pristatymu visame pasaulyje! Geriausias Dilaudid 4 mg u\u017esakymui rasite \u010dia!\" \/>\n<meta property=\"og:url\" content=\"https:\/\/medicinasinc.com\/lt\/product\/pirkti-dilaudid-4-mg\/\" \/>\n<meta property=\"og:site_name\" content=\"Medicinas Inc\" \/>\n<meta property=\"article:modified_time\" content=\"2022-03-20T12:05:48+00:00\" \/>\n<meta property=\"og:image\" content=\"https:\/\/medicinasinc.com\/lt\/wp-content\/uploads\/sites\/9\/2022\/02\/Buy-Dilaudid-4-mg.jpg\" \/>\n\t<meta property=\"og:image:width\" content=\"720\" \/>\n\t<meta property=\"og:image:height\" content=\"445\" \/>\n\t<meta property=\"og:image:type\" content=\"image\/jpeg\" \/>\n<meta name=\"twitter:card\" content=\"summary_large_image\" \/>\n<meta name=\"twitter:label1\" content=\"Est. reading time\" \/>\n\t<meta name=\"twitter:data1\" content=\"3 minutes\" \/>\n<script type=\"application\/ld+json\" class=\"yoast-schema-graph\">{\"@context\":\"https:\\\/\\\/schema.org\",\"@graph\":[{\"@type\":\"WebPage\",\"@id\":\"https:\\\/\\\/medicinasinc.com\\\/lt\\\/product\\\/pirkti-dilaudid-4-mg\\\/\",\"url\":\"https:\\\/\\\/medicinasinc.com\\\/lt\\\/product\\\/pirkti-dilaudid-4-mg\\\/\",\"name\":\"Pirkite Dilaudid 4 mg \u2013 geriausius geriausius pasaulinius vaistus\",\"isPartOf\":{\"@id\":\"https:\\\/\\\/medicinasinc.com\\\/lt\\\/#website\"},\"primaryImageOfPage\":{\"@id\":\"https:\\\/\\\/medicinasinc.com\\\/lt\\\/product\\\/pirkti-dilaudid-4-mg\\\/#primaryimage\"},\"image\":{\"@id\":\"https:\\\/\\\/medicinasinc.com\\\/lt\\\/product\\\/pirkti-dilaudid-4-mg\\\/#primaryimage\"},\"thumbnailUrl\":\"https:\\\/\\\/medicinasinc.com\\\/lt\\\/wp-content\\\/uploads\\\/sites\\\/9\\\/2022\\\/02\\\/Buy-Dilaudid-4-mg.jpg\",\"datePublished\":\"2022-02-22T07:58:50+00:00\",\"dateModified\":\"2022-03-20T12:05:48+00:00\",\"description\":\"Pirkite dilaudid 4 mg pardavimui JK, Europoje m\u016bs\u0173 geriausi\u0173 pasaulini\u0173 vaist\u0173 internetin\u0117je parduotuv\u0117je su greitu pristatymu visame pasaulyje! Geriausias Dilaudid 4 mg u\u017esakymui rasite \u010dia!\",\"breadcrumb\":{\"@id\":\"https:\\\/\\\/medicinasinc.com\\\/lt\\\/product\\\/pirkti-dilaudid-4-mg\\\/#breadcrumb\"},\"inLanguage\":\"en-US\",\"potentialAction\":[{\"@type\":\"ReadAction\",\"target\":[\"https:\\\/\\\/medicinasinc.com\\\/lt\\\/product\\\/pirkti-dilaudid-4-mg\\\/\"]}]},{\"@type\":\"ImageObject\",\"inLanguage\":\"en-US\",\"@id\":\"https:\\\/\\\/medicinasinc.com\\\/lt\\\/product\\\/pirkti-dilaudid-4-mg\\\/#primaryimage\",\"url\":\"https:\\\/\\\/medicinasinc.com\\\/lt\\\/wp-content\\\/uploads\\\/sites\\\/9\\\/2022\\\/02\\\/Buy-Dilaudid-4-mg.jpg\",\"contentUrl\":\"https:\\\/\\\/medicinasinc.com\\\/lt\\\/wp-content\\\/uploads\\\/sites\\\/9\\\/2022\\\/02\\\/Buy-Dilaudid-4-mg.jpg\",\"width\":720,\"height\":445},{\"@type\":\"BreadcrumbList\",\"@id\":\"https:\\\/\\\/medicinasinc.com\\\/lt\\\/product\\\/pirkti-dilaudid-4-mg\\\/#breadcrumb\",\"itemListElement\":[{\"@type\":\"ListItem\",\"position\":1,\"name\":\"Parduotuv\u0117\",\"item\":\"https:\\\/\\\/medicinasinc.com\\\/lt\\\/parduotuve\\\/\"},{\"@type\":\"ListItem\",\"position\":2,\"name\":\"Pirkite Dilaudid 4 mg\"}]},{\"@type\":\"WebSite\",\"@id\":\"https:\\\/\\\/medicinasinc.com\\\/lt\\\/#website\",\"url\":\"https:\\\/\\\/medicinasinc.com\\\/lt\\\/\",\"name\":\"Medicinas Inc\",\"description\":\"Sveikatos medicinos klinika\",\"potentialAction\":[{\"@type\":\"SearchAction\",\"target\":{\"@type\":\"EntryPoint\",\"urlTemplate\":\"https:\\\/\\\/medicinasinc.com\\\/lt\\\/?s={search_term_string}\"},\"query-input\":{\"@type\":\"PropertyValueSpecification\",\"valueRequired\":true,\"valueName\":\"search_term_string\"}}],\"inLanguage\":\"en-US\"}]}<\/script>\n<!-- \/ Yoast SEO plugin. -->","yoast_head_json":{"title":"Pirkite Dilaudid 4 mg \u2013 geriausius geriausius pasaulinius vaistus","description":"Pirkite dilaudid 4 mg pardavimui JK, Europoje m\u016bs\u0173 geriausi\u0173 pasaulini\u0173 vaist\u0173 internetin\u0117je parduotuv\u0117je su greitu pristatymu visame pasaulyje! Geriausias Dilaudid 4 mg u\u017esakymui rasite \u010dia!","robots":{"index":"index","follow":"follow","max-snippet":"max-snippet:-1","max-image-preview":"max-image-preview:large","max-video-preview":"max-video-preview:-1"},"canonical":"https:\/\/medicinasinc.com\/lt\/product\/pirkti-dilaudid-4-mg\/","og_locale":"en_US","og_type":"article","og_title":"Pirkite Dilaudid 4 mg \u2013 geriausius geriausius pasaulinius vaistus","og_description":"Pirkite dilaudid 4 mg pardavimui JK, Europoje m\u016bs\u0173 geriausi\u0173 pasaulini\u0173 vaist\u0173 internetin\u0117je parduotuv\u0117je su greitu pristatymu visame pasaulyje! Geriausias Dilaudid 4 mg u\u017esakymui rasite \u010dia!","og_url":"https:\/\/medicinasinc.com\/lt\/product\/pirkti-dilaudid-4-mg\/","og_site_name":"Medicinas Inc","article_modified_time":"2022-03-20T12:05:48+00:00","og_image":[{"width":720,"height":445,"url":"https:\/\/medicinasinc.com\/lt\/wp-content\/uploads\/sites\/9\/2022\/02\/Buy-Dilaudid-4-mg.jpg","type":"image\/jpeg"}],"twitter_card":"summary_large_image","twitter_misc":{"Est. reading time":"3 minutes"},"schema":{"@context":"https:\/\/schema.org","@graph":[{"@type":"WebPage","@id":"https:\/\/medicinasinc.com\/lt\/product\/pirkti-dilaudid-4-mg\/","url":"https:\/\/medicinasinc.com\/lt\/product\/pirkti-dilaudid-4-mg\/","name":"Pirkite Dilaudid 4 mg \u2013 geriausius geriausius pasaulinius vaistus","isPartOf":{"@id":"https:\/\/medicinasinc.com\/lt\/#website"},"primaryImageOfPage":{"@id":"https:\/\/medicinasinc.com\/lt\/product\/pirkti-dilaudid-4-mg\/#primaryimage"},"image":{"@id":"https:\/\/medicinasinc.com\/lt\/product\/pirkti-dilaudid-4-mg\/#primaryimage"},"thumbnailUrl":"https:\/\/medicinasinc.com\/lt\/wp-content\/uploads\/sites\/9\/2022\/02\/Buy-Dilaudid-4-mg.jpg","datePublished":"2022-02-22T07:58:50+00:00","dateModified":"2022-03-20T12:05:48+00:00","description":"Pirkite dilaudid 4 mg pardavimui JK, Europoje m\u016bs\u0173 geriausi\u0173 pasaulini\u0173 vaist\u0173 internetin\u0117je parduotuv\u0117je su greitu pristatymu visame pasaulyje! Geriausias Dilaudid 4 mg u\u017esakymui rasite \u010dia!","breadcrumb":{"@id":"https:\/\/medicinasinc.com\/lt\/product\/pirkti-dilaudid-4-mg\/#breadcrumb"},"inLanguage":"en-US","potentialAction":[{"@type":"ReadAction","target":["https:\/\/medicinasinc.com\/lt\/product\/pirkti-dilaudid-4-mg\/"]}]},{"@type":"ImageObject","inLanguage":"en-US","@id":"https:\/\/medicinasinc.com\/lt\/product\/pirkti-dilaudid-4-mg\/#primaryimage","url":"https:\/\/medicinasinc.com\/lt\/wp-content\/uploads\/sites\/9\/2022\/02\/Buy-Dilaudid-4-mg.jpg","contentUrl":"https:\/\/medicinasinc.com\/lt\/wp-content\/uploads\/sites\/9\/2022\/02\/Buy-Dilaudid-4-mg.jpg","width":720,"height":445},{"@type":"BreadcrumbList","@id":"https:\/\/medicinasinc.com\/lt\/product\/pirkti-dilaudid-4-mg\/#breadcrumb","itemListElement":[{"@type":"ListItem","position":1,"name":"Parduotuv\u0117","item":"https:\/\/medicinasinc.com\/lt\/parduotuve\/"},{"@type":"ListItem","position":2,"name":"Pirkite Dilaudid 4 mg"}]},{"@type":"WebSite","@id":"https:\/\/medicinasinc.com\/lt\/#website","url":"https:\/\/medicinasinc.com\/lt\/","name":"Medicinas Inc","description":"Sveikatos medicinos klinika","potentialAction":[{"@type":"SearchAction","target":{"@type":"EntryPoint","urlTemplate":"https:\/\/medicinasinc.com\/lt\/?s={search_term_string}"},"query-input":{"@type":"PropertyValueSpecification","valueRequired":true,"valueName":"search_term_string"}}],"inLanguage":"en-US"}]}},"_links":{"self":[{"href":"https:\/\/medicinasinc.com\/lt\/wp-json\/wp\/v2\/product\/5886","targetHints":{"allow":["GET"]}}],"collection":[{"href":"https:\/\/medicinasinc.com\/lt\/wp-json\/wp\/v2\/product"}],"about":[{"href":"https:\/\/medicinasinc.com\/lt\/wp-json\/wp\/v2\/types\/product"}],"replies":[{"embeddable":true,"href":"https:\/\/medicinasinc.com\/lt\/wp-json\/wp\/v2\/comments?post=5886"}],"wp:featuredmedia":[{"embeddable":true,"href":"https:\/\/medicinasinc.com\/lt\/wp-json\/wp\/v2\/media\/5911"}],"wp:attachment":[{"href":"https:\/\/medicinasinc.com\/lt\/wp-json\/wp\/v2\/media?parent=5886"}],"wp:term":[{"taxonomy":"product_brand","embeddable":true,"href":"https:\/\/medicinasinc.com\/lt\/wp-json\/wp\/v2\/product_brand?post=5886"},{"taxonomy":"product_cat","embeddable":true,"href":"https:\/\/medicinasinc.com\/lt\/wp-json\/wp\/v2\/product_cat?post=5886"},{"taxonomy":"product_tag","embeddable":true,"href":"https:\/\/medicinasinc.com\/lt\/wp-json\/wp\/v2\/product_tag?post=5886"}],"curies":[{"name":"wp","href":"https:\/\/api.w.org\/{rel}","templated":true}]}}