{"id":5875,"date":"2022-02-22T07:46:55","date_gmt":"2022-02-22T07:46:55","guid":{"rendered":"https:\/\/medicinasinc.com\/lt\/?post_type=product&#038;p=5875"},"modified":"2022-03-20T12:06:05","modified_gmt":"2022-03-20T12:06:05","slug":"pirkti-gama-butirolaktonas","status":"publish","type":"product","link":"https:\/\/medicinasinc.com\/lt\/product\/pirkti-gama-butirolaktonas\/","title":{"rendered":"Pirkite gama-butirolakton\u0105"},"content":{"rendered":"<p>Gama-butirolaktonas (-butirolaktonas arba GBL) yra baltas higroskopinis skystis su silpnu savitu kvapu, tirpus vandenyje. GBL yra pla\u010diai naudojamas tirpiklis ir reagentas chemijoje, taip pat kvapioji med\u017eiaga, valymo tirpiklis, superklij\u0173 valiklis ir tirpiklis kai kuriuose \u0161lapiuose aliuminio elektrolitiniuose kondensatoriuose.<\/p>\n<p>\u012esigykite gama-butirolaktono (GBL) 1,0 mg\/ml acetonitrilo etaloniniuose etalonuose, gautuose i\u0161 GHB ir pana\u0161i\u0173 jungini\u0173. Galima \u012fsigyti internetu<\/p>\n<p>Gama butirolaktonas parduodamas internetu, gbl (gama butirolaktonas) parduodamas, gama butirolaktonas parduodamas JK, parduodamas gama butirolaktono valiklis<\/p>\n<p>Jis veikia kaip pirmtakas GHB \u017emon\u0117ms ir yra naudojamas kaip pramogin\u0117 svaigala, kurios poveikis pana\u0161us \u012f alkoholio poveik\u012f.<\/p>\n<p>GBL buvo aptikta gryno vyno m\u0117gini\u0173 ekstraktuose. \u0160is tyrimas rodo, kad kai kuriuose vynuose GBL yra nat\u016braliai ir gali b\u016bti pana\u0161iuose produktuose. Aptikta koncentracija buvo ma\u017edaug 5 g\/mL, kuri buvo tiesiog nustatyta naudojant paprast\u0105 ekstrahavimo metod\u0105, po kurio buvo atlikta GC\/MS analiz\u0117.<\/p>\n<p>GBL galima aptikti s\u016brio kvapiosiose med\u017eiagose, ta\u010diau galutiniame maisto produkte paprastai yra ma\u017eiau nei 0,0002 proc. GBL.<\/p>\n<p>GBL klasifikuojamas kaip laktonas. Bazin\u0117mis s\u0105lygomis, pavyzd\u017eiui, natrio hidroksido tirpale, jis hidrolizuojamas \u012f natrio gama-hidroksibutirat\u0105, gama-hidroksisviesto r\u016bg\u0161ties natrio drusk\u0105. Jis sukuria pusiausvyr\u0105 abiej\u0173 chemini\u0173 med\u017eiag\u0173 derin\u012f r\u016bg\u0161tin\u0117mis s\u0105lygomis. Po to \u0161ios chemin\u0117s med\u017eiagos gali susijungti ir sukurti polimer\u0105. Kai naudojama nenukleofilin\u0117 baz\u0117, pvz., li\u010dio diizopropilamidas,<\/p>\n<p>GBL gali veikti kaip alfa-anglies nukleofilas. Kaprolaktonas, pana\u0161i chemin\u0117 med\u017eiaga, gali b\u016bti panaudotas tokiu b\u016bdu poliesteriui sukurti.<\/p>\n<p>GBL pati savaime n\u0117ra veiklioji med\u017eiaga; jo veikimo mechanizmas yra kil\u0119s i\u0161 jo, kaip GHB provaisto, statuso. GHB migdomasis poveikis sustipr\u0117ja kartu su alkoholiu. 2003 m. tyrime su \u017eiurk\u0117mis buvo nustatyta, kad GBL sustipr\u0117jo migdomasis poveikis, kai jis buvo derinamas su etanoliu, nes miego laiko matas buvo ilgesnis nei dviej\u0173 nepriklausom\u0173 komponent\u0173 suma.<\/p>\n","protected":false},"excerpt":{"rendered":"<p>Galite nusipirkti gama-butirolakton\u0105 i\u0161 tiek\u0117j\u0173, kuriais pasitikime, ir mes dirbame su \u0161iais tiek\u0117jais, kad gal\u0117tume \u012fsigyti gama-butirolakton\u0105, skirt\u0105 parduoti JK, Europoje<\/p>\n<p>Visi pirolidonai yra sintetinami naudojant GBL kaip chemin\u012f tarpinink\u0105. . I\u0161 jo galima gaminti insekticidus, herbicidus ir augal\u0173 augimo reguliatorius.<\/p>\n","protected":false},"featured_media":5885,"comment_status":"open","ping_status":"closed","template":"","meta":[],"product_brand":[],"product_cat":[2014],"product_tag":[4031,4036,4035,4033,4037,4034,4032],"class_list":{"0":"post-5875","1":"product","2":"type-product","3":"status-publish","4":"has-post-thumbnail","6":"product_cat-pirkti-tyrineti-chemikalai","7":"product_tag-buy-gamma-butyrolactone-online","8":"product_tag-geriausia-vieta-pirkti-gama-butirolakton-internetu","9":"product_tag-pirkti-gama-butirolakton-internetu","10":"product_tag-kaip-pirkti-gama-butirolakton-internetu","11":"product_tag-kur-pirkti-gama-butirolakton-internetu","12":"product_tag-order-gamma-butyrolactone-online","13":"product_tag-gama-butirolaktonas-parduodamas","15":"first","16":"instock","17":"featured","18":"shipping-taxable","19":"purchasable","20":"product-type-variable"},"yoast_head":"<!-- This site is optimized with the Yoast SEO plugin v27.3 - https:\/\/yoast.com\/product\/yoast-seo-wordpress\/ -->\n<title>Pirkite gama-butirolakton\u0105 \u2013 geriausius pasaulinius vaistus<\/title>\n<meta name=\"description\" content=\"Gama-butirolakton\u0105 galite nusipirkti i\u0161 tiek\u0117j\u0173, kuriais pasitikime, ir mes dirbame su \u0161iais tiek\u0117jais, kad gal\u0117tume \u012fsigyti gama-butirolakton\u0105, skirt\u0105 parduoti JK, Europoje.\" \/>\n<meta name=\"robots\" content=\"index, follow, max-snippet:-1, max-image-preview:large, max-video-preview:-1\" \/>\n<link rel=\"canonical\" href=\"https:\/\/medicinasinc.com\/lt\/product\/pirkti-gama-butirolaktonas\/\" \/>\n<meta property=\"og:locale\" content=\"en_US\" \/>\n<meta property=\"og:type\" content=\"article\" \/>\n<meta property=\"og:title\" content=\"Pirkite gama-butirolakton\u0105 \u2013 geriausius pasaulinius vaistus\" \/>\n<meta property=\"og:description\" content=\"Gama-butirolakton\u0105 galite nusipirkti i\u0161 tiek\u0117j\u0173, kuriais pasitikime, ir mes dirbame su \u0161iais tiek\u0117jais, kad gal\u0117tume \u012fsigyti gama-butirolakton\u0105, skirt\u0105 parduoti JK, Europoje.\" \/>\n<meta property=\"og:url\" content=\"https:\/\/medicinasinc.com\/lt\/product\/pirkti-gama-butirolaktonas\/\" \/>\n<meta property=\"og:site_name\" content=\"Medicinas Inc\" \/>\n<meta property=\"article:modified_time\" content=\"2022-03-20T12:06:05+00:00\" \/>\n<meta property=\"og:image\" content=\"https:\/\/medicinasinc.com\/lt\/wp-content\/uploads\/sites\/9\/2022\/02\/Buy-Gamma-Butyrolactone.jpg\" \/>\n\t<meta property=\"og:image:width\" content=\"500\" \/>\n\t<meta property=\"og:image:height\" content=\"500\" \/>\n\t<meta property=\"og:image:type\" content=\"image\/jpeg\" \/>\n<meta name=\"twitter:card\" content=\"summary_large_image\" \/>\n<meta name=\"twitter:label1\" content=\"Est. reading time\" \/>\n\t<meta name=\"twitter:data1\" content=\"2 minutes\" \/>\n<script type=\"application\/ld+json\" class=\"yoast-schema-graph\">{\"@context\":\"https:\\\/\\\/schema.org\",\"@graph\":[{\"@type\":\"WebPage\",\"@id\":\"https:\\\/\\\/medicinasinc.com\\\/lt\\\/product\\\/pirkti-gama-butirolaktonas\\\/\",\"url\":\"https:\\\/\\\/medicinasinc.com\\\/lt\\\/product\\\/pirkti-gama-butirolaktonas\\\/\",\"name\":\"Pirkite gama-butirolakton\u0105 \u2013 geriausius pasaulinius vaistus\",\"isPartOf\":{\"@id\":\"https:\\\/\\\/medicinasinc.com\\\/lt\\\/#website\"},\"primaryImageOfPage\":{\"@id\":\"https:\\\/\\\/medicinasinc.com\\\/lt\\\/product\\\/pirkti-gama-butirolaktonas\\\/#primaryimage\"},\"image\":{\"@id\":\"https:\\\/\\\/medicinasinc.com\\\/lt\\\/product\\\/pirkti-gama-butirolaktonas\\\/#primaryimage\"},\"thumbnailUrl\":\"https:\\\/\\\/medicinasinc.com\\\/lt\\\/wp-content\\\/uploads\\\/sites\\\/9\\\/2022\\\/02\\\/Buy-Gamma-Butyrolactone.jpg\",\"datePublished\":\"2022-02-22T07:46:55+00:00\",\"dateModified\":\"2022-03-20T12:06:05+00:00\",\"description\":\"Gama-butirolakton\u0105 galite nusipirkti i\u0161 tiek\u0117j\u0173, kuriais pasitikime, ir mes dirbame su \u0161iais tiek\u0117jais, kad gal\u0117tume \u012fsigyti gama-butirolakton\u0105, skirt\u0105 parduoti JK, Europoje.\",\"breadcrumb\":{\"@id\":\"https:\\\/\\\/medicinasinc.com\\\/lt\\\/product\\\/pirkti-gama-butirolaktonas\\\/#breadcrumb\"},\"inLanguage\":\"en-US\",\"potentialAction\":[{\"@type\":\"ReadAction\",\"target\":[\"https:\\\/\\\/medicinasinc.com\\\/lt\\\/product\\\/pirkti-gama-butirolaktonas\\\/\"]}]},{\"@type\":\"ImageObject\",\"inLanguage\":\"en-US\",\"@id\":\"https:\\\/\\\/medicinasinc.com\\\/lt\\\/product\\\/pirkti-gama-butirolaktonas\\\/#primaryimage\",\"url\":\"https:\\\/\\\/medicinasinc.com\\\/lt\\\/wp-content\\\/uploads\\\/sites\\\/9\\\/2022\\\/02\\\/Buy-Gamma-Butyrolactone.jpg\",\"contentUrl\":\"https:\\\/\\\/medicinasinc.com\\\/lt\\\/wp-content\\\/uploads\\\/sites\\\/9\\\/2022\\\/02\\\/Buy-Gamma-Butyrolactone.jpg\",\"width\":500,\"height\":500},{\"@type\":\"BreadcrumbList\",\"@id\":\"https:\\\/\\\/medicinasinc.com\\\/lt\\\/product\\\/pirkti-gama-butirolaktonas\\\/#breadcrumb\",\"itemListElement\":[{\"@type\":\"ListItem\",\"position\":1,\"name\":\"Parduotuv\u0117\",\"item\":\"https:\\\/\\\/medicinasinc.com\\\/lt\\\/parduotuve\\\/\"},{\"@type\":\"ListItem\",\"position\":2,\"name\":\"Pirkite gama-butirolakton\u0105\"}]},{\"@type\":\"WebSite\",\"@id\":\"https:\\\/\\\/medicinasinc.com\\\/lt\\\/#website\",\"url\":\"https:\\\/\\\/medicinasinc.com\\\/lt\\\/\",\"name\":\"Medicinas Inc\",\"description\":\"Sveikatos medicinos klinika\",\"potentialAction\":[{\"@type\":\"SearchAction\",\"target\":{\"@type\":\"EntryPoint\",\"urlTemplate\":\"https:\\\/\\\/medicinasinc.com\\\/lt\\\/?s={search_term_string}\"},\"query-input\":{\"@type\":\"PropertyValueSpecification\",\"valueRequired\":true,\"valueName\":\"search_term_string\"}}],\"inLanguage\":\"en-US\"}]}<\/script>\n<!-- \/ Yoast SEO plugin. -->","yoast_head_json":{"title":"Pirkite gama-butirolakton\u0105 \u2013 geriausius pasaulinius vaistus","description":"Gama-butirolakton\u0105 galite nusipirkti i\u0161 tiek\u0117j\u0173, kuriais pasitikime, ir mes dirbame su \u0161iais tiek\u0117jais, kad gal\u0117tume \u012fsigyti gama-butirolakton\u0105, skirt\u0105 parduoti JK, Europoje.","robots":{"index":"index","follow":"follow","max-snippet":"max-snippet:-1","max-image-preview":"max-image-preview:large","max-video-preview":"max-video-preview:-1"},"canonical":"https:\/\/medicinasinc.com\/lt\/product\/pirkti-gama-butirolaktonas\/","og_locale":"en_US","og_type":"article","og_title":"Pirkite gama-butirolakton\u0105 \u2013 geriausius pasaulinius vaistus","og_description":"Gama-butirolakton\u0105 galite nusipirkti i\u0161 tiek\u0117j\u0173, kuriais pasitikime, ir mes dirbame su \u0161iais tiek\u0117jais, kad gal\u0117tume \u012fsigyti gama-butirolakton\u0105, skirt\u0105 parduoti JK, Europoje.","og_url":"https:\/\/medicinasinc.com\/lt\/product\/pirkti-gama-butirolaktonas\/","og_site_name":"Medicinas Inc","article_modified_time":"2022-03-20T12:06:05+00:00","og_image":[{"width":500,"height":500,"url":"https:\/\/medicinasinc.com\/lt\/wp-content\/uploads\/sites\/9\/2022\/02\/Buy-Gamma-Butyrolactone.jpg","type":"image\/jpeg"}],"twitter_card":"summary_large_image","twitter_misc":{"Est. reading time":"2 minutes"},"schema":{"@context":"https:\/\/schema.org","@graph":[{"@type":"WebPage","@id":"https:\/\/medicinasinc.com\/lt\/product\/pirkti-gama-butirolaktonas\/","url":"https:\/\/medicinasinc.com\/lt\/product\/pirkti-gama-butirolaktonas\/","name":"Pirkite gama-butirolakton\u0105 \u2013 geriausius pasaulinius vaistus","isPartOf":{"@id":"https:\/\/medicinasinc.com\/lt\/#website"},"primaryImageOfPage":{"@id":"https:\/\/medicinasinc.com\/lt\/product\/pirkti-gama-butirolaktonas\/#primaryimage"},"image":{"@id":"https:\/\/medicinasinc.com\/lt\/product\/pirkti-gama-butirolaktonas\/#primaryimage"},"thumbnailUrl":"https:\/\/medicinasinc.com\/lt\/wp-content\/uploads\/sites\/9\/2022\/02\/Buy-Gamma-Butyrolactone.jpg","datePublished":"2022-02-22T07:46:55+00:00","dateModified":"2022-03-20T12:06:05+00:00","description":"Gama-butirolakton\u0105 galite nusipirkti i\u0161 tiek\u0117j\u0173, kuriais pasitikime, ir mes dirbame su \u0161iais tiek\u0117jais, kad gal\u0117tume \u012fsigyti gama-butirolakton\u0105, skirt\u0105 parduoti JK, Europoje.","breadcrumb":{"@id":"https:\/\/medicinasinc.com\/lt\/product\/pirkti-gama-butirolaktonas\/#breadcrumb"},"inLanguage":"en-US","potentialAction":[{"@type":"ReadAction","target":["https:\/\/medicinasinc.com\/lt\/product\/pirkti-gama-butirolaktonas\/"]}]},{"@type":"ImageObject","inLanguage":"en-US","@id":"https:\/\/medicinasinc.com\/lt\/product\/pirkti-gama-butirolaktonas\/#primaryimage","url":"https:\/\/medicinasinc.com\/lt\/wp-content\/uploads\/sites\/9\/2022\/02\/Buy-Gamma-Butyrolactone.jpg","contentUrl":"https:\/\/medicinasinc.com\/lt\/wp-content\/uploads\/sites\/9\/2022\/02\/Buy-Gamma-Butyrolactone.jpg","width":500,"height":500},{"@type":"BreadcrumbList","@id":"https:\/\/medicinasinc.com\/lt\/product\/pirkti-gama-butirolaktonas\/#breadcrumb","itemListElement":[{"@type":"ListItem","position":1,"name":"Parduotuv\u0117","item":"https:\/\/medicinasinc.com\/lt\/parduotuve\/"},{"@type":"ListItem","position":2,"name":"Pirkite gama-butirolakton\u0105"}]},{"@type":"WebSite","@id":"https:\/\/medicinasinc.com\/lt\/#website","url":"https:\/\/medicinasinc.com\/lt\/","name":"Medicinas Inc","description":"Sveikatos medicinos klinika","potentialAction":[{"@type":"SearchAction","target":{"@type":"EntryPoint","urlTemplate":"https:\/\/medicinasinc.com\/lt\/?s={search_term_string}"},"query-input":{"@type":"PropertyValueSpecification","valueRequired":true,"valueName":"search_term_string"}}],"inLanguage":"en-US"}]}},"_links":{"self":[{"href":"https:\/\/medicinasinc.com\/lt\/wp-json\/wp\/v2\/product\/5875","targetHints":{"allow":["GET"]}}],"collection":[{"href":"https:\/\/medicinasinc.com\/lt\/wp-json\/wp\/v2\/product"}],"about":[{"href":"https:\/\/medicinasinc.com\/lt\/wp-json\/wp\/v2\/types\/product"}],"replies":[{"embeddable":true,"href":"https:\/\/medicinasinc.com\/lt\/wp-json\/wp\/v2\/comments?post=5875"}],"wp:featuredmedia":[{"embeddable":true,"href":"https:\/\/medicinasinc.com\/lt\/wp-json\/wp\/v2\/media\/5885"}],"wp:attachment":[{"href":"https:\/\/medicinasinc.com\/lt\/wp-json\/wp\/v2\/media?parent=5875"}],"wp:term":[{"taxonomy":"product_brand","embeddable":true,"href":"https:\/\/medicinasinc.com\/lt\/wp-json\/wp\/v2\/product_brand?post=5875"},{"taxonomy":"product_cat","embeddable":true,"href":"https:\/\/medicinasinc.com\/lt\/wp-json\/wp\/v2\/product_cat?post=5875"},{"taxonomy":"product_tag","embeddable":true,"href":"https:\/\/medicinasinc.com\/lt\/wp-json\/wp\/v2\/product_tag?post=5875"}],"curies":[{"name":"wp","href":"https:\/\/api.w.org\/{rel}","templated":true}]}}