{"id":5870,"date":"2022-02-22T07:42:43","date_gmt":"2022-02-22T07:42:43","guid":{"rendered":"https:\/\/medicinasinc.com\/lt\/?post_type=product&#038;p=5870"},"modified":"2022-03-20T12:06:18","modified_gmt":"2022-03-20T12:06:18","slug":"pirkti-3-cmc-kristalas","status":"publish","type":"product","link":"https:\/\/medicinasinc.com\/lt\/product\/pirkti-3-cmc-kristalas\/","title":{"rendered":"Pirkite 3 cmc kristal\u0105"},"content":{"rendered":"<p>\u012esigykite 3-CMC CRYSTAL, pirkite 3 CMC CRYSTAL, pirkite 3 CMC CRYSTAL, pirkite 3-CMC CRYSTAL<\/p>\n<p>CRYSTAL OF 3-CMC. Dabar yra tiek daug katinon\u0173, kaip rodo si\u016blas kuriame naudotojai ap\u017evelg\u0117 savo patirt\u012f su viskuo, k\u0105 band\u0117. Nesigilindamas \u012f kiekvien\u0105 i\u0161 j\u0173, \u0161tai mano reitingas:<br \/> bk-MDMA (metilonas) &gt; bk-MBDB (butilonas) &gt; 4-MEC &gt; MABP (bufedronas)<\/p>\n<p>Vieninteliai, kuriuos svarsty\u010diau kada nors v\u0117l tur\u0117ti, yra li\u016bdnai pagars\u0117j\u0119 mefedronas ir metilonas, kurie pastaraisiais metais buvo daugiau ar ma\u017eiau u\u017edrausti visame pasaulyje.<\/p>\n<p>Gavau. \u0161\u012f reiting\u0105 pateik\u0117 ka\u017ekas, kas gerai i\u0161mano \u0161i\u0105 RC klas\u0119, o tai, mano manymu, buvo intriguojanti:<\/p>\n<p>3-CMC, 4-MMC KRISTOLIN\u0116 FORMA &gt; bk-MDMA &gt; 4-CMC &gt; 3-CMC &gt; 3-MMC &gt; 5-metil-etilonas &gt; Butilonas &gt; Ethylone<br \/> \u0160is &#8220;Clephedrone&#8221; (4-CMC), kuris nepadar\u0117 didel\u0117s \u012ftakos RC rinkai, atrodo geras dalykas. Ir, AFAIK, daugumoje viet\u0173 konkre\u010diai nenumatyta. Ta\u010diau saugumo profilis da\u017eniausiai ne\u017einomas ir daugelis bijo, nes gerai \u017einoma, kad amfetamino analogas 4-CA yra labai neurotoksi\u0161kas.<\/p>\n<p>Vieninteliai, kuriuos svarsty\u010diau v\u0117l tur\u0117ti, yra li\u016bdnai pagars\u0117j\u0119 mefedronas ir metilonas, kurie pastaraisiais metais buvo daugiau ar ma\u017eiau u\u017edrausti visame pasaulyje.<br \/> \u0160\u012f reiting\u0105 gavau i\u0161 \u017emogaus, kuris gerai i\u0161mano \u0161i\u0105 RC klas\u0119, o tai, mano nuomone, buvo intriguojanti:<\/p>\n<p>3-CMC, 4-MMC KRISTALO FORMA &gt; bk-MDMA &gt; 4-CMC &gt; 3-CMC &gt; 3-MMC &gt; 5-metil-etilonas &gt; Butilonas &gt; Ethylone<br \/> \u0160is &#8220;Clephedrone&#8221; (4-CMC), kuris nepadar\u0117 didel\u0117s \u012ftakos RC rinkai, atrodo geras dalykas. Ir, AFAIK, daugumoje viet\u0173 konkre\u010diai nenumatyta. Ta\u010diau saugumo profilis da\u017eniausiai ne\u017einomas ir daugelis bijo, nes gerai \u017einoma, kad amfetamino analogas 4-CA yra labai neurotoksi\u0161kas.<\/p>\n","protected":false},"excerpt":{"rendered":"<p>Pirkite 3-CMC CRYSTAL miltelius JK, Europoje m\u016bs\u0173 bestglobalmeds.com internetin\u0117je parduotuv\u0117je su greitu pristatymu visame pasaulyje! \u010cia rasite geriausi\u0105 3-CMC CRYSTAL u\u017esakymui!<\/p>\n<p>bk-MDMA &gt; 4-CMC &gt; 3-CMC &gt; 3-MMC &gt; 5-metil-etilonas &gt; Butilonas &gt; Etilonas<br \/> Remiantis prane\u0161imais, \u0161is &#8220;klefedronas&#8221; (4-CMC), kuris RC rinkoje nebuvo pla\u010diai paplit\u0119s, i\u0161 tikr\u0173j\u0173 yra gana geras. Ir, AFAIK, daugumoje viet\u0173 n\u0117ra specialiai suplanuota. Nors saugumo profilis i\u0161 esm\u0117s ne\u017einomas,<\/p>\n","protected":false},"featured_media":5880,"comment_status":"open","ping_status":"closed","template":"","meta":[],"product_brand":[],"product_cat":[2014],"product_tag":[4024,4029,4026,4030,4025,4028,4027],"class_list":{"0":"post-5870","1":"product","2":"type-product","3":"status-publish","4":"has-post-thumbnail","6":"product_cat-pirkti-tyrineti-chemikalai","7":"product_tag-3-cmc-crystal-for-sale","8":"product_tag-geriausia-vieta-pirkti-3-cmc-crystal-online","9":"product_tag-how-to-buy-3-cmc-crystal-online","10":"product_tag-kur-pirkti-3-cmc-crystal-online","11":"product_tag-pirkti-3-cmc-crystal-online","12":"product_tag-purchase-3-cmc-crystal-online","13":"product_tag-c5-remiantis-3-cmc-crystal-internetu","15":"first","16":"instock","17":"featured","18":"shipping-taxable","19":"purchasable","20":"product-type-variable"},"yoast_head":"<!-- This site is optimized with the Yoast SEO plugin v27.3 - https:\/\/yoast.com\/product\/yoast-seo-wordpress\/ -->\n<title>Pirkite 3 cmc kristal\u0105 \u2013 \u012fveikite geriausius pasaulinius vaistus<\/title>\n<meta name=\"description\" content=\"Pirkite 3-CMC CRYSTAL miltelius JK, Europoje m\u016bs\u0173 bestglobalmeds.com internetin\u0117je parduotuv\u0117je su greitu pristatymu visame pasaulyje! Geriausi\u0105 3-CMC CRYSTAL u\u017esakymui rasite \u010dia!\" \/>\n<meta name=\"robots\" content=\"index, follow, max-snippet:-1, max-image-preview:large, max-video-preview:-1\" \/>\n<link rel=\"canonical\" href=\"https:\/\/medicinasinc.com\/lt\/product\/pirkti-3-cmc-kristalas\/\" \/>\n<meta property=\"og:locale\" content=\"en_US\" \/>\n<meta property=\"og:type\" content=\"article\" \/>\n<meta property=\"og:title\" content=\"Pirkite 3 cmc kristal\u0105 \u2013 \u012fveikite geriausius pasaulinius vaistus\" \/>\n<meta property=\"og:description\" content=\"Pirkite 3-CMC CRYSTAL miltelius JK, Europoje m\u016bs\u0173 bestglobalmeds.com internetin\u0117je parduotuv\u0117je su greitu pristatymu visame pasaulyje! Geriausi\u0105 3-CMC CRYSTAL u\u017esakymui rasite \u010dia!\" \/>\n<meta property=\"og:url\" content=\"https:\/\/medicinasinc.com\/lt\/product\/pirkti-3-cmc-kristalas\/\" \/>\n<meta property=\"og:site_name\" content=\"Medicinas Inc\" \/>\n<meta property=\"article:modified_time\" content=\"2022-03-20T12:06:18+00:00\" \/>\n<meta property=\"og:image\" content=\"https:\/\/medicinasinc.com\/lt\/wp-content\/uploads\/sites\/9\/2022\/02\/Buy-3-CMC-CRYSTAL.jpg\" \/>\n\t<meta property=\"og:image:width\" content=\"720\" \/>\n\t<meta property=\"og:image:height\" content=\"600\" \/>\n\t<meta property=\"og:image:type\" content=\"image\/jpeg\" \/>\n<meta name=\"twitter:card\" content=\"summary_large_image\" \/>\n<meta name=\"twitter:label1\" content=\"Est. reading time\" \/>\n\t<meta name=\"twitter:data1\" content=\"2 minutes\" \/>\n<script type=\"application\/ld+json\" class=\"yoast-schema-graph\">{\"@context\":\"https:\\\/\\\/schema.org\",\"@graph\":[{\"@type\":\"WebPage\",\"@id\":\"https:\\\/\\\/medicinasinc.com\\\/lt\\\/product\\\/pirkti-3-cmc-kristalas\\\/\",\"url\":\"https:\\\/\\\/medicinasinc.com\\\/lt\\\/product\\\/pirkti-3-cmc-kristalas\\\/\",\"name\":\"Pirkite 3 cmc kristal\u0105 \u2013 \u012fveikite geriausius pasaulinius vaistus\",\"isPartOf\":{\"@id\":\"https:\\\/\\\/medicinasinc.com\\\/lt\\\/#website\"},\"primaryImageOfPage\":{\"@id\":\"https:\\\/\\\/medicinasinc.com\\\/lt\\\/product\\\/pirkti-3-cmc-kristalas\\\/#primaryimage\"},\"image\":{\"@id\":\"https:\\\/\\\/medicinasinc.com\\\/lt\\\/product\\\/pirkti-3-cmc-kristalas\\\/#primaryimage\"},\"thumbnailUrl\":\"https:\\\/\\\/medicinasinc.com\\\/lt\\\/wp-content\\\/uploads\\\/sites\\\/9\\\/2022\\\/02\\\/Buy-3-CMC-CRYSTAL.jpg\",\"datePublished\":\"2022-02-22T07:42:43+00:00\",\"dateModified\":\"2022-03-20T12:06:18+00:00\",\"description\":\"Pirkite 3-CMC CRYSTAL miltelius JK, Europoje m\u016bs\u0173 bestglobalmeds.com internetin\u0117je parduotuv\u0117je su greitu pristatymu visame pasaulyje! Geriausi\u0105 3-CMC CRYSTAL u\u017esakymui rasite \u010dia!\",\"breadcrumb\":{\"@id\":\"https:\\\/\\\/medicinasinc.com\\\/lt\\\/product\\\/pirkti-3-cmc-kristalas\\\/#breadcrumb\"},\"inLanguage\":\"en-US\",\"potentialAction\":[{\"@type\":\"ReadAction\",\"target\":[\"https:\\\/\\\/medicinasinc.com\\\/lt\\\/product\\\/pirkti-3-cmc-kristalas\\\/\"]}]},{\"@type\":\"ImageObject\",\"inLanguage\":\"en-US\",\"@id\":\"https:\\\/\\\/medicinasinc.com\\\/lt\\\/product\\\/pirkti-3-cmc-kristalas\\\/#primaryimage\",\"url\":\"https:\\\/\\\/medicinasinc.com\\\/lt\\\/wp-content\\\/uploads\\\/sites\\\/9\\\/2022\\\/02\\\/Buy-3-CMC-CRYSTAL.jpg\",\"contentUrl\":\"https:\\\/\\\/medicinasinc.com\\\/lt\\\/wp-content\\\/uploads\\\/sites\\\/9\\\/2022\\\/02\\\/Buy-3-CMC-CRYSTAL.jpg\",\"width\":720,\"height\":600},{\"@type\":\"BreadcrumbList\",\"@id\":\"https:\\\/\\\/medicinasinc.com\\\/lt\\\/product\\\/pirkti-3-cmc-kristalas\\\/#breadcrumb\",\"itemListElement\":[{\"@type\":\"ListItem\",\"position\":1,\"name\":\"Parduotuv\u0117\",\"item\":\"https:\\\/\\\/medicinasinc.com\\\/lt\\\/parduotuve\\\/\"},{\"@type\":\"ListItem\",\"position\":2,\"name\":\"Pirkite 3 cmc kristal\u0105\"}]},{\"@type\":\"WebSite\",\"@id\":\"https:\\\/\\\/medicinasinc.com\\\/lt\\\/#website\",\"url\":\"https:\\\/\\\/medicinasinc.com\\\/lt\\\/\",\"name\":\"Medicinas Inc\",\"description\":\"Sveikatos medicinos klinika\",\"potentialAction\":[{\"@type\":\"SearchAction\",\"target\":{\"@type\":\"EntryPoint\",\"urlTemplate\":\"https:\\\/\\\/medicinasinc.com\\\/lt\\\/?s={search_term_string}\"},\"query-input\":{\"@type\":\"PropertyValueSpecification\",\"valueRequired\":true,\"valueName\":\"search_term_string\"}}],\"inLanguage\":\"en-US\"}]}<\/script>\n<!-- \/ Yoast SEO plugin. -->","yoast_head_json":{"title":"Pirkite 3 cmc kristal\u0105 \u2013 \u012fveikite geriausius pasaulinius vaistus","description":"Pirkite 3-CMC CRYSTAL miltelius JK, Europoje m\u016bs\u0173 bestglobalmeds.com internetin\u0117je parduotuv\u0117je su greitu pristatymu visame pasaulyje! Geriausi\u0105 3-CMC CRYSTAL u\u017esakymui rasite \u010dia!","robots":{"index":"index","follow":"follow","max-snippet":"max-snippet:-1","max-image-preview":"max-image-preview:large","max-video-preview":"max-video-preview:-1"},"canonical":"https:\/\/medicinasinc.com\/lt\/product\/pirkti-3-cmc-kristalas\/","og_locale":"en_US","og_type":"article","og_title":"Pirkite 3 cmc kristal\u0105 \u2013 \u012fveikite geriausius pasaulinius vaistus","og_description":"Pirkite 3-CMC CRYSTAL miltelius JK, Europoje m\u016bs\u0173 bestglobalmeds.com internetin\u0117je parduotuv\u0117je su greitu pristatymu visame pasaulyje! Geriausi\u0105 3-CMC CRYSTAL u\u017esakymui rasite \u010dia!","og_url":"https:\/\/medicinasinc.com\/lt\/product\/pirkti-3-cmc-kristalas\/","og_site_name":"Medicinas Inc","article_modified_time":"2022-03-20T12:06:18+00:00","og_image":[{"width":720,"height":600,"url":"https:\/\/medicinasinc.com\/lt\/wp-content\/uploads\/sites\/9\/2022\/02\/Buy-3-CMC-CRYSTAL.jpg","type":"image\/jpeg"}],"twitter_card":"summary_large_image","twitter_misc":{"Est. reading time":"2 minutes"},"schema":{"@context":"https:\/\/schema.org","@graph":[{"@type":"WebPage","@id":"https:\/\/medicinasinc.com\/lt\/product\/pirkti-3-cmc-kristalas\/","url":"https:\/\/medicinasinc.com\/lt\/product\/pirkti-3-cmc-kristalas\/","name":"Pirkite 3 cmc kristal\u0105 \u2013 \u012fveikite geriausius pasaulinius vaistus","isPartOf":{"@id":"https:\/\/medicinasinc.com\/lt\/#website"},"primaryImageOfPage":{"@id":"https:\/\/medicinasinc.com\/lt\/product\/pirkti-3-cmc-kristalas\/#primaryimage"},"image":{"@id":"https:\/\/medicinasinc.com\/lt\/product\/pirkti-3-cmc-kristalas\/#primaryimage"},"thumbnailUrl":"https:\/\/medicinasinc.com\/lt\/wp-content\/uploads\/sites\/9\/2022\/02\/Buy-3-CMC-CRYSTAL.jpg","datePublished":"2022-02-22T07:42:43+00:00","dateModified":"2022-03-20T12:06:18+00:00","description":"Pirkite 3-CMC CRYSTAL miltelius JK, Europoje m\u016bs\u0173 bestglobalmeds.com internetin\u0117je parduotuv\u0117je su greitu pristatymu visame pasaulyje! Geriausi\u0105 3-CMC CRYSTAL u\u017esakymui rasite \u010dia!","breadcrumb":{"@id":"https:\/\/medicinasinc.com\/lt\/product\/pirkti-3-cmc-kristalas\/#breadcrumb"},"inLanguage":"en-US","potentialAction":[{"@type":"ReadAction","target":["https:\/\/medicinasinc.com\/lt\/product\/pirkti-3-cmc-kristalas\/"]}]},{"@type":"ImageObject","inLanguage":"en-US","@id":"https:\/\/medicinasinc.com\/lt\/product\/pirkti-3-cmc-kristalas\/#primaryimage","url":"https:\/\/medicinasinc.com\/lt\/wp-content\/uploads\/sites\/9\/2022\/02\/Buy-3-CMC-CRYSTAL.jpg","contentUrl":"https:\/\/medicinasinc.com\/lt\/wp-content\/uploads\/sites\/9\/2022\/02\/Buy-3-CMC-CRYSTAL.jpg","width":720,"height":600},{"@type":"BreadcrumbList","@id":"https:\/\/medicinasinc.com\/lt\/product\/pirkti-3-cmc-kristalas\/#breadcrumb","itemListElement":[{"@type":"ListItem","position":1,"name":"Parduotuv\u0117","item":"https:\/\/medicinasinc.com\/lt\/parduotuve\/"},{"@type":"ListItem","position":2,"name":"Pirkite 3 cmc kristal\u0105"}]},{"@type":"WebSite","@id":"https:\/\/medicinasinc.com\/lt\/#website","url":"https:\/\/medicinasinc.com\/lt\/","name":"Medicinas Inc","description":"Sveikatos medicinos klinika","potentialAction":[{"@type":"SearchAction","target":{"@type":"EntryPoint","urlTemplate":"https:\/\/medicinasinc.com\/lt\/?s={search_term_string}"},"query-input":{"@type":"PropertyValueSpecification","valueRequired":true,"valueName":"search_term_string"}}],"inLanguage":"en-US"}]}},"_links":{"self":[{"href":"https:\/\/medicinasinc.com\/lt\/wp-json\/wp\/v2\/product\/5870","targetHints":{"allow":["GET"]}}],"collection":[{"href":"https:\/\/medicinasinc.com\/lt\/wp-json\/wp\/v2\/product"}],"about":[{"href":"https:\/\/medicinasinc.com\/lt\/wp-json\/wp\/v2\/types\/product"}],"replies":[{"embeddable":true,"href":"https:\/\/medicinasinc.com\/lt\/wp-json\/wp\/v2\/comments?post=5870"}],"wp:featuredmedia":[{"embeddable":true,"href":"https:\/\/medicinasinc.com\/lt\/wp-json\/wp\/v2\/media\/5880"}],"wp:attachment":[{"href":"https:\/\/medicinasinc.com\/lt\/wp-json\/wp\/v2\/media?parent=5870"}],"wp:term":[{"taxonomy":"product_brand","embeddable":true,"href":"https:\/\/medicinasinc.com\/lt\/wp-json\/wp\/v2\/product_brand?post=5870"},{"taxonomy":"product_cat","embeddable":true,"href":"https:\/\/medicinasinc.com\/lt\/wp-json\/wp\/v2\/product_cat?post=5870"},{"taxonomy":"product_tag","embeddable":true,"href":"https:\/\/medicinasinc.com\/lt\/wp-json\/wp\/v2\/product_tag?post=5870"}],"curies":[{"name":"wp","href":"https:\/\/api.w.org\/{rel}","templated":true}]}}