{"id":5863,"date":"2022-02-22T07:36:01","date_gmt":"2022-02-22T07:36:01","guid":{"rendered":"https:\/\/medicinasinc.com\/lt\/?post_type=product&#038;p=5863"},"modified":"2022-03-20T12:06:26","modified_gmt":"2022-03-20T12:06:26","slug":"pirkti-gama-hidroksibutiratas-ghb-milteliai","status":"publish","type":"product","link":"https:\/\/medicinasinc.com\/lt\/product\/pirkti-gama-hidroksibutiratas-ghb-milteliai\/","title":{"rendered":"Pirkite gama hidroksibutirato (GHB) miltelius"},"content":{"rendered":"<p>GHB milteli\u0173 pirkimas internetu<\/p>\n<p>\u012esigykite GHB milteli\u0173 internetu. GHB yra sintetinis anestetikas. Jis tiekiamas skaidraus skys\u010dio arba milteli\u0173 pavidalu ir yra \u0161velniai s\u016braus skonio. Kadangi stiprumas skiriasi, n\u0117ra tokio dalyko kaip \u201esaugi doz\u0117\u201c. GBL (gama-butirolaktonas) ir 1,4-butandiolis yra parduodami kaip GHB alternatyvos. Jie yra teis\u0117tai prieinami kaip valymo tirpikliai, o nurijus jie nat\u016braliai virsta GHB.<\/p>\n<p>Gama butirolaktonas naudojamas sportinei veiklai, miego kokybei ir seksualinei veiklai bei malonumui pagerinti. Be to, jie vartoja j\u012f depresijai ir stresui gydyti, gyvenimo prat\u0119simui, ai\u0161kaus m\u0105stymo skatinimui, atsipalaidavimui ir augimo hormono i\u0161siskyrimui. Be to, GBL naudojamas k\u016bno riebalams ma\u017einti ir kaip k\u016bno ar raumen\u0173 auginimo priemon\u0117. Tam tikri asmenys j\u012f naudoja pramogai.<\/p>\n<p>GHB arba GBL Chemicals for Research<\/p>\n<p>(alternatyv\u016bs pavadinimai: gamahidroksibutiratas, skystas ekstazis, skystas X, gamahidroksibutiratas)<\/p>\n<p>Paprastai GHB tiekiamas ma\u017euose buteliukuose kaip skaidrus skystis, kurio konsistencija \u0161iek tiek tir\u0161tesn\u0117 nei vanduo.<br \/> Doz\u0117s vartojamos nedideliais kiekiais, vadinamais \u201edangteliais\u201c arba \u201eG dangteliais\u201c.<br \/> Nors j\u012f galima vartoti. Visa, ji paprastai skied\u017eiama vandeniu arba sultimis ir gurk\u0161nojama.<br \/> GHB neturi kvapo ir n\u0117ra juntamo skonio.<br \/> GBL yra \u0161velnaus s\u016braus, cheminio skonio ir kvapo, kuris lengvai u\u017emaskuojamas mai\u0161ant su kitais skys\u010diais. . GBL yra stipresn\u0117 vaisto versija.<br \/> Apsiribokite labai ma\u017eomis GHB doz\u0117mis. Jis yra gana stiprus ir gali labai skirtis \u012fvairiose partijose, net tarp patyrusi\u0173 vartotoj\u0173. Tarp dozi\u0173 patariama palaukti. Tam tikri \u0161altiniai rekomenduoja palaukti iki dviej\u0173 valand\u0173 tarp dozi\u0173, kad b\u016bt\u0173 i\u0161vengta \u201eGing Out\u201c.<\/p>\n<p>GHB poveikis<\/p>\n<p>Poveikis pasirei\u0161kia pra\u0117jus ma\u017edaug dvide\u0161imt minu\u010di\u0173 po vartojimo ir gali trukti iki keturi\u0173 valand\u0173.<br \/> Ma\u017eesni, \u0161velnesni kiekiai sukelia atsipalaidavim\u0105 ir ramyb\u0119.<br \/> Jei vartojate didesn\u0119 doz\u0119, galite jausti mieguistum\u0105, galvos svaigim\u0105 ir sumi\u0161im\u0105. Be to, galite jausti pykinim\u0105, v\u0117mim\u0105 ir raumen\u0173 spazmus.<br \/> Gali pasireik\u0161ti traukuliai, s\u0105mon\u0117s netekimas, koma ir sunku kv\u0117puoti.<br \/> Galimyb\u0117 padidinti kult\u016brist\u0173 raumen\u0173 augim\u0105<\/p>\n<p>Seksas su GHB<\/p>\n<p>Pana\u0161iai \u012f alkohol\u012f, jis ma\u017eina slopinim\u0105, kartu didindamas pasitik\u0117jim\u0105 ir bendravim\u0105.<br \/> Padid\u0117j\u0119s lyt\u0117jimo jautrumas ir jautrumas dirgikliams<br \/> Tam tikri vyrai turi stipresn\u0119 erekcij\u0105.<br \/> Orgazmas gana intensyvus, nors tai priklauso nuo doz\u0117s.<br \/> GHB perteklius gali sukelti nuovarg\u012f ir apalpim\u0105 sekso metu.<br \/> GHB vadinamas \u201eprievartavimo pasimatymu\u201c vaistu, nes padidina j\u016bs\u0173 nor\u0105 u\u017esiimti seksu. veikla ir pablogina j\u016bs\u0173 geb\u0117jim\u0105 nustatyti ir \u012ftvirtinti seksualines ribas. Ypa\u010d svarbu patvirtinti sutikim\u0105 su partneriais, kurie yra ant G. Palaikykite ry\u0161\u012f viso seksualinio seanso metu. Seksualinis kontaktas su be s\u0105mon\u0117s esan\u010diu \u017emogumi gali b\u016bti suprantamas kaip seksualinis priekabiavimas.<\/p>\n","protected":false},"excerpt":{"rendered":"<p>Pirkite gama-hidroksisviesto\u00a0GHB miltelius, skirtus parduoti\u00a0JK, Europoje, Japonijoje, JAE, Kinijoje, Azijoje i\u0161 geriausio GHB didmeninio tiek\u0117jo. Garantuojame diskreti\u0161k\u0105 pristatym\u0105 visame pasaulyje<\/p>\n","protected":false},"featured_media":5873,"comment_status":"open","ping_status":"closed","template":"","meta":[],"product_brand":[],"product_cat":[2014],"product_tag":[4015,4016,4021,4018,4019,4020,4022,4017,4014,4023],"class_list":{"0":"post-5863","1":"product","2":"type-product","3":"status-publish","4":"has-post-thumbnail","6":"product_cat-pirkti-tyrineti-chemikalai","7":"product_tag-buy-ghb","8":"product_tag-buy-ghb-online","9":"product_tag-gama-hidroksisviesto-rgties-kaina","10":"product_tag-gama-hidroksisviesto-rgtis-ir-augimo-hormonas","11":"product_tag-gamma-hydroxybutyric-acid-antidepressant","12":"product_tag-gamma-hydroxybutyric-acid-bodybuilding","13":"product_tag-ghb-pardavimui","14":"product_tag-narkotinis-c5-b3","15":"product_tag-pirkite-gama-hidroksibutirat-internetu","16":"product_tag-pirkti-ghb-milteliai","18":"first","19":"instock","20":"shipping-taxable","21":"purchasable","22":"product-type-variable"},"yoast_head":"<!-- This site is optimized with the Yoast SEO plugin v27.3 - https:\/\/yoast.com\/product\/yoast-seo-wordpress\/ -->\n<title>Pirkite gama hidroksibutirato (GHB) miltelius \u2013 geriausius pasaulinius vaistus<\/title>\n<meta name=\"description\" content=\"Pirkite gama-hidroksisviesto\u00a0GHB miltelius, skirtus parduoti JK, Europoje, Japonijoje, JAE, Kinijoje, Azijoje i\u0161 geriausio GHB didmeninio tiek\u0117jo. Garantuojame diskreti\u0161k\u0105 pristatym\u0105 visame pasaulyje.\" \/>\n<meta name=\"robots\" content=\"index, follow, max-snippet:-1, max-image-preview:large, max-video-preview:-1\" \/>\n<link rel=\"canonical\" href=\"https:\/\/medicinasinc.com\/lt\/product\/pirkti-gama-hidroksibutiratas-ghb-milteliai\/\" \/>\n<meta property=\"og:locale\" content=\"en_US\" \/>\n<meta property=\"og:type\" content=\"article\" \/>\n<meta property=\"og:title\" content=\"Pirkite gama hidroksibutirato (GHB) miltelius \u2013 geriausius pasaulinius vaistus\" \/>\n<meta property=\"og:description\" content=\"Pirkite gama-hidroksisviesto\u00a0GHB miltelius, skirtus parduoti JK, Europoje, Japonijoje, JAE, Kinijoje, Azijoje i\u0161 geriausio GHB didmeninio tiek\u0117jo. Garantuojame diskreti\u0161k\u0105 pristatym\u0105 visame pasaulyje.\" \/>\n<meta property=\"og:url\" content=\"https:\/\/medicinasinc.com\/lt\/product\/pirkti-gama-hidroksibutiratas-ghb-milteliai\/\" \/>\n<meta property=\"og:site_name\" content=\"Medicinas Inc\" \/>\n<meta property=\"article:modified_time\" content=\"2022-03-20T12:06:26+00:00\" \/>\n<meta property=\"og:image\" content=\"https:\/\/medicinasinc.com\/lt\/wp-content\/uploads\/sites\/9\/2022\/02\/buy-GHB-powder-1.jpg\" \/>\n\t<meta property=\"og:image:width\" content=\"612\" \/>\n\t<meta property=\"og:image:height\" content=\"408\" \/>\n\t<meta property=\"og:image:type\" content=\"image\/jpeg\" \/>\n<meta name=\"twitter:card\" content=\"summary_large_image\" \/>\n<meta name=\"twitter:label1\" content=\"Est. reading time\" \/>\n\t<meta name=\"twitter:data1\" content=\"2 minutes\" \/>\n<script type=\"application\/ld+json\" class=\"yoast-schema-graph\">{\"@context\":\"https:\\\/\\\/schema.org\",\"@graph\":[{\"@type\":\"WebPage\",\"@id\":\"https:\\\/\\\/medicinasinc.com\\\/lt\\\/product\\\/pirkti-gama-hidroksibutiratas-ghb-milteliai\\\/\",\"url\":\"https:\\\/\\\/medicinasinc.com\\\/lt\\\/product\\\/pirkti-gama-hidroksibutiratas-ghb-milteliai\\\/\",\"name\":\"Pirkite gama hidroksibutirato (GHB) miltelius \u2013 geriausius pasaulinius vaistus\",\"isPartOf\":{\"@id\":\"https:\\\/\\\/medicinasinc.com\\\/lt\\\/#website\"},\"primaryImageOfPage\":{\"@id\":\"https:\\\/\\\/medicinasinc.com\\\/lt\\\/product\\\/pirkti-gama-hidroksibutiratas-ghb-milteliai\\\/#primaryimage\"},\"image\":{\"@id\":\"https:\\\/\\\/medicinasinc.com\\\/lt\\\/product\\\/pirkti-gama-hidroksibutiratas-ghb-milteliai\\\/#primaryimage\"},\"thumbnailUrl\":\"https:\\\/\\\/medicinasinc.com\\\/lt\\\/wp-content\\\/uploads\\\/sites\\\/9\\\/2022\\\/02\\\/buy-GHB-powder-1.jpg\",\"datePublished\":\"2022-02-22T07:36:01+00:00\",\"dateModified\":\"2022-03-20T12:06:26+00:00\",\"description\":\"Pirkite gama-hidroksisviesto\u00a0GHB miltelius, skirtus parduoti JK, Europoje, Japonijoje, JAE, Kinijoje, Azijoje i\u0161 geriausio GHB didmeninio tiek\u0117jo. Garantuojame diskreti\u0161k\u0105 pristatym\u0105 visame pasaulyje.\",\"breadcrumb\":{\"@id\":\"https:\\\/\\\/medicinasinc.com\\\/lt\\\/product\\\/pirkti-gama-hidroksibutiratas-ghb-milteliai\\\/#breadcrumb\"},\"inLanguage\":\"en-US\",\"potentialAction\":[{\"@type\":\"ReadAction\",\"target\":[\"https:\\\/\\\/medicinasinc.com\\\/lt\\\/product\\\/pirkti-gama-hidroksibutiratas-ghb-milteliai\\\/\"]}]},{\"@type\":\"ImageObject\",\"inLanguage\":\"en-US\",\"@id\":\"https:\\\/\\\/medicinasinc.com\\\/lt\\\/product\\\/pirkti-gama-hidroksibutiratas-ghb-milteliai\\\/#primaryimage\",\"url\":\"https:\\\/\\\/medicinasinc.com\\\/lt\\\/wp-content\\\/uploads\\\/sites\\\/9\\\/2022\\\/02\\\/buy-GHB-powder-1.jpg\",\"contentUrl\":\"https:\\\/\\\/medicinasinc.com\\\/lt\\\/wp-content\\\/uploads\\\/sites\\\/9\\\/2022\\\/02\\\/buy-GHB-powder-1.jpg\",\"width\":612,\"height\":408},{\"@type\":\"BreadcrumbList\",\"@id\":\"https:\\\/\\\/medicinasinc.com\\\/lt\\\/product\\\/pirkti-gama-hidroksibutiratas-ghb-milteliai\\\/#breadcrumb\",\"itemListElement\":[{\"@type\":\"ListItem\",\"position\":1,\"name\":\"Parduotuv\u0117\",\"item\":\"https:\\\/\\\/medicinasinc.com\\\/lt\\\/parduotuve\\\/\"},{\"@type\":\"ListItem\",\"position\":2,\"name\":\"Pirkite gama hidroksibutirato (GHB) miltelius\"}]},{\"@type\":\"WebSite\",\"@id\":\"https:\\\/\\\/medicinasinc.com\\\/lt\\\/#website\",\"url\":\"https:\\\/\\\/medicinasinc.com\\\/lt\\\/\",\"name\":\"Medicinas Inc\",\"description\":\"Sveikatos medicinos klinika\",\"potentialAction\":[{\"@type\":\"SearchAction\",\"target\":{\"@type\":\"EntryPoint\",\"urlTemplate\":\"https:\\\/\\\/medicinasinc.com\\\/lt\\\/?s={search_term_string}\"},\"query-input\":{\"@type\":\"PropertyValueSpecification\",\"valueRequired\":true,\"valueName\":\"search_term_string\"}}],\"inLanguage\":\"en-US\"}]}<\/script>\n<!-- \/ Yoast SEO plugin. -->","yoast_head_json":{"title":"Pirkite gama hidroksibutirato (GHB) miltelius \u2013 geriausius pasaulinius vaistus","description":"Pirkite gama-hidroksisviesto\u00a0GHB miltelius, skirtus parduoti JK, Europoje, Japonijoje, JAE, Kinijoje, Azijoje i\u0161 geriausio GHB didmeninio tiek\u0117jo. Garantuojame diskreti\u0161k\u0105 pristatym\u0105 visame pasaulyje.","robots":{"index":"index","follow":"follow","max-snippet":"max-snippet:-1","max-image-preview":"max-image-preview:large","max-video-preview":"max-video-preview:-1"},"canonical":"https:\/\/medicinasinc.com\/lt\/product\/pirkti-gama-hidroksibutiratas-ghb-milteliai\/","og_locale":"en_US","og_type":"article","og_title":"Pirkite gama hidroksibutirato (GHB) miltelius \u2013 geriausius pasaulinius vaistus","og_description":"Pirkite gama-hidroksisviesto\u00a0GHB miltelius, skirtus parduoti JK, Europoje, Japonijoje, JAE, Kinijoje, Azijoje i\u0161 geriausio GHB didmeninio tiek\u0117jo. Garantuojame diskreti\u0161k\u0105 pristatym\u0105 visame pasaulyje.","og_url":"https:\/\/medicinasinc.com\/lt\/product\/pirkti-gama-hidroksibutiratas-ghb-milteliai\/","og_site_name":"Medicinas Inc","article_modified_time":"2022-03-20T12:06:26+00:00","og_image":[{"width":612,"height":408,"url":"https:\/\/medicinasinc.com\/lt\/wp-content\/uploads\/sites\/9\/2022\/02\/buy-GHB-powder-1.jpg","type":"image\/jpeg"}],"twitter_card":"summary_large_image","twitter_misc":{"Est. reading time":"2 minutes"},"schema":{"@context":"https:\/\/schema.org","@graph":[{"@type":"WebPage","@id":"https:\/\/medicinasinc.com\/lt\/product\/pirkti-gama-hidroksibutiratas-ghb-milteliai\/","url":"https:\/\/medicinasinc.com\/lt\/product\/pirkti-gama-hidroksibutiratas-ghb-milteliai\/","name":"Pirkite gama hidroksibutirato (GHB) miltelius \u2013 geriausius pasaulinius vaistus","isPartOf":{"@id":"https:\/\/medicinasinc.com\/lt\/#website"},"primaryImageOfPage":{"@id":"https:\/\/medicinasinc.com\/lt\/product\/pirkti-gama-hidroksibutiratas-ghb-milteliai\/#primaryimage"},"image":{"@id":"https:\/\/medicinasinc.com\/lt\/product\/pirkti-gama-hidroksibutiratas-ghb-milteliai\/#primaryimage"},"thumbnailUrl":"https:\/\/medicinasinc.com\/lt\/wp-content\/uploads\/sites\/9\/2022\/02\/buy-GHB-powder-1.jpg","datePublished":"2022-02-22T07:36:01+00:00","dateModified":"2022-03-20T12:06:26+00:00","description":"Pirkite gama-hidroksisviesto\u00a0GHB miltelius, skirtus parduoti JK, Europoje, Japonijoje, JAE, Kinijoje, Azijoje i\u0161 geriausio GHB didmeninio tiek\u0117jo. Garantuojame diskreti\u0161k\u0105 pristatym\u0105 visame pasaulyje.","breadcrumb":{"@id":"https:\/\/medicinasinc.com\/lt\/product\/pirkti-gama-hidroksibutiratas-ghb-milteliai\/#breadcrumb"},"inLanguage":"en-US","potentialAction":[{"@type":"ReadAction","target":["https:\/\/medicinasinc.com\/lt\/product\/pirkti-gama-hidroksibutiratas-ghb-milteliai\/"]}]},{"@type":"ImageObject","inLanguage":"en-US","@id":"https:\/\/medicinasinc.com\/lt\/product\/pirkti-gama-hidroksibutiratas-ghb-milteliai\/#primaryimage","url":"https:\/\/medicinasinc.com\/lt\/wp-content\/uploads\/sites\/9\/2022\/02\/buy-GHB-powder-1.jpg","contentUrl":"https:\/\/medicinasinc.com\/lt\/wp-content\/uploads\/sites\/9\/2022\/02\/buy-GHB-powder-1.jpg","width":612,"height":408},{"@type":"BreadcrumbList","@id":"https:\/\/medicinasinc.com\/lt\/product\/pirkti-gama-hidroksibutiratas-ghb-milteliai\/#breadcrumb","itemListElement":[{"@type":"ListItem","position":1,"name":"Parduotuv\u0117","item":"https:\/\/medicinasinc.com\/lt\/parduotuve\/"},{"@type":"ListItem","position":2,"name":"Pirkite gama hidroksibutirato (GHB) miltelius"}]},{"@type":"WebSite","@id":"https:\/\/medicinasinc.com\/lt\/#website","url":"https:\/\/medicinasinc.com\/lt\/","name":"Medicinas Inc","description":"Sveikatos medicinos klinika","potentialAction":[{"@type":"SearchAction","target":{"@type":"EntryPoint","urlTemplate":"https:\/\/medicinasinc.com\/lt\/?s={search_term_string}"},"query-input":{"@type":"PropertyValueSpecification","valueRequired":true,"valueName":"search_term_string"}}],"inLanguage":"en-US"}]}},"_links":{"self":[{"href":"https:\/\/medicinasinc.com\/lt\/wp-json\/wp\/v2\/product\/5863","targetHints":{"allow":["GET"]}}],"collection":[{"href":"https:\/\/medicinasinc.com\/lt\/wp-json\/wp\/v2\/product"}],"about":[{"href":"https:\/\/medicinasinc.com\/lt\/wp-json\/wp\/v2\/types\/product"}],"replies":[{"embeddable":true,"href":"https:\/\/medicinasinc.com\/lt\/wp-json\/wp\/v2\/comments?post=5863"}],"wp:featuredmedia":[{"embeddable":true,"href":"https:\/\/medicinasinc.com\/lt\/wp-json\/wp\/v2\/media\/5873"}],"wp:attachment":[{"href":"https:\/\/medicinasinc.com\/lt\/wp-json\/wp\/v2\/media?parent=5863"}],"wp:term":[{"taxonomy":"product_brand","embeddable":true,"href":"https:\/\/medicinasinc.com\/lt\/wp-json\/wp\/v2\/product_brand?post=5863"},{"taxonomy":"product_cat","embeddable":true,"href":"https:\/\/medicinasinc.com\/lt\/wp-json\/wp\/v2\/product_cat?post=5863"},{"taxonomy":"product_tag","embeddable":true,"href":"https:\/\/medicinasinc.com\/lt\/wp-json\/wp\/v2\/product_tag?post=5863"}],"curies":[{"name":"wp","href":"https:\/\/api.w.org\/{rel}","templated":true}]}}