{"id":5858,"date":"2022-02-22T07:31:17","date_gmt":"2022-02-22T07:31:17","guid":{"rendered":"https:\/\/medicinasinc.com\/lt\/?post_type=product&#038;p=5858"},"modified":"2022-03-20T12:06:35","modified_gmt":"2022-03-20T12:06:35","slug":"pirkti-gama-hidroksibutiratas-ghb-skysti","status":"publish","type":"product","link":"https:\/\/medicinasinc.com\/lt\/product\/pirkti-gama-hidroksibutiratas-ghb-skysti\/","title":{"rendered":"Pirkite gama hidroksibutirato (GHB) skyst\u012f"},"content":{"rendered":"<p>Gama-hidroksisviestinis GHB parduodamas Jungtin\u0117je Karalyst\u0117je, Europoje, Japonijoje, Jungtiniuose Arab\u0173 Emyratuose, Kinijoje ir Azijoje i\u0161 geriausi\u0173 GHB didmenin\u0117s prekybos \u0161altini\u0173. Pa\u017eadame diskreti\u0161k\u0105 tarptautin\u012f pristatym\u0105.<\/p>\n<p>&#8211; Hidroksisviesto r\u016bg\u0161tis (GHB), taip pat \u017einoma kaip 4-hidroksibutano r\u016bg\u0161tis, yra nat\u016braliai randamas neuromediatorius ir haliucinogenin\u0117 med\u017eiaga. Tam tikrose smegen\u0173 vietose jis veikia kaip GABA, glutamato ir glicino pirmtakas. Jis yra nedidelis GABAB receptori\u0173 agonistas ir veikia GHB receptorius. GHB buvo naudojamas kaip bendras anestetikas ir kaip katapleksijos, narkolepsijos ir alkoholizmo gydymas medicinos aplinkoje. Be to, jis nelegaliai naudojamas kaip svaiginanti med\u017eiaga, veiksmingum\u0105 gerinanti priemon\u0117, narkotin\u0117 med\u017eiaga nuo raps\u0173 ir pramogin\u0117 med\u017eiaga.<\/p>\n<p>Jis da\u017enai naudojamas kaip druska natrio hidroksibutirato (NaGHB, natrio) pavidalu. oksibatas arba Xyrem) arba kalio hidroksibutiratas (KGHB, kalio oksibatas). GHB taip pat susidaro fermentacijos metu ir nedideliais kiekiais jo randama \u012fvairiuose aluose ir vynuose, taip pat jautienoje ir ma\u017euose citrusiniuose vaisiuose.<\/p>\n<p>GHB medicinoje naudojamas narkolepsijai ir, re\u010diau, alkoholizmui gydyti, nors jo veiksmingumas, palyginti su kitais farmakologiniais vaistais nuo alkoholizmo, lieka ne\u017einomas.<\/p>\n<p>Jis retkar\u010diais naudojamas ne pagal paskirt\u012f fibromialgijai gydyti.<\/p>\n<p>Natrio oksibatas yra receptinis vaistas, kurio sud\u0117tyje yra aktyvaus komponento GHB. (Xyrem). JAV Maisto ir vaist\u0173 administracija patvirtino natrio oksibat\u0105, skirt\u0105 katapleksijai, susijusiai su narkolepsija ir pernelyg dideliam dienos mieguistumui (EDS), susijusiai su narkolepsija, gydyti.<\/p>\n<p>Modifikuot\u0173 keli\u0173 miego latentini\u0173 tyrim\u0173 metu nustatyta, kad GHB patikimai padidina l\u0117to bangos miego ir suma\u017einti polink\u012f \u012f REM mieg\u0105.<\/p>\n<p>FDA patvirtintas natrio oksibato \u017eenklinimas rodo, kad n\u0117ra \u012frodym\u0173, kad GHB yra kancerogeninis, teratogeninis ar hepatotoksinis. D\u0117l geresnio saugumo nei etanolio gali paai\u0161kinti, kod\u0117l GHB vis dar tiriamas] kaip galimas alkoholio pakaitalas.<\/p>\n","protected":false},"excerpt":{"rendered":"<p>Pirkite gama-hidroksisviesto GHB skyst\u012f, skirt\u0105 parduoti JK, Europoje, Japonijoje, JAE, Kinijoje, Azijoje i\u0161 geriausio GHB didmeninio tiek\u0117jo. Garantuojame diskreti\u0161k\u0105 pristatym\u0105 visame pasaulyje.<\/p>\n<p>Minimalus kiekis\u00a0 200 ml<\/p>\n","protected":false},"featured_media":5868,"comment_status":"open","ping_status":"closed","template":"","meta":[],"product_brand":[],"product_cat":[2014],"product_tag":[4015,4016,4021,4018,4019,4020,4022,4017,4014],"class_list":{"0":"post-5858","1":"product","2":"type-product","3":"status-publish","4":"has-post-thumbnail","6":"product_cat-pirkti-tyrineti-chemikalai","7":"product_tag-buy-ghb","8":"product_tag-buy-ghb-online","9":"product_tag-gama-hidroksisviesto-rgties-kaina","10":"product_tag-gama-hidroksisviesto-rgtis-ir-augimo-hormonas","11":"product_tag-gamma-hydroxybutyric-acid-antidepressant","12":"product_tag-gamma-hydroxybutyric-acid-bodybuilding","13":"product_tag-ghb-pardavimui","14":"product_tag-narkotinis-c5-b3","15":"product_tag-pirkite-gama-hidroksibutirat-internetu","17":"first","18":"instock","19":"shipping-taxable","20":"purchasable","21":"product-type-variable"},"yoast_head":"<!-- This site is optimized with the Yoast SEO plugin v27.3 - https:\/\/yoast.com\/product\/yoast-seo-wordpress\/ -->\n<title>Pirkite gama hidroksibutirat\u0105 (GHB) \u2013 geriausius pasaulinius vaistus<\/title>\n<meta name=\"description\" content=\"Pirkite Gama-Hydroxybutyric GHB skyst\u012f JK, Europoje, Japonijoje, JAE, Kinijoje, Azijoje i\u0161 geriausio GHB didmeninio tiek\u0117jo, garantuojame diskreti\u0161k\u0105 pristatym\u0105 visame pasaulyje.\" \/>\n<meta name=\"robots\" content=\"index, follow, max-snippet:-1, max-image-preview:large, max-video-preview:-1\" \/>\n<link rel=\"canonical\" href=\"https:\/\/medicinasinc.com\/lt\/product\/pirkti-gama-hidroksibutiratas-ghb-skysti\/\" \/>\n<meta property=\"og:locale\" content=\"en_US\" \/>\n<meta property=\"og:type\" content=\"article\" \/>\n<meta property=\"og:title\" content=\"Pirkite gama hidroksibutirat\u0105 (GHB) \u2013 geriausius pasaulinius vaistus\" \/>\n<meta property=\"og:description\" content=\"Pirkite Gama-Hydroxybutyric GHB skyst\u012f JK, Europoje, Japonijoje, JAE, Kinijoje, Azijoje i\u0161 geriausio GHB didmeninio tiek\u0117jo, garantuojame diskreti\u0161k\u0105 pristatym\u0105 visame pasaulyje.\" \/>\n<meta property=\"og:url\" content=\"https:\/\/medicinasinc.com\/lt\/product\/pirkti-gama-hidroksibutiratas-ghb-skysti\/\" \/>\n<meta property=\"og:site_name\" content=\"Medicinas Inc\" \/>\n<meta property=\"article:modified_time\" content=\"2022-03-20T12:06:35+00:00\" \/>\n<meta property=\"og:image\" content=\"https:\/\/medicinasinc.com\/lt\/wp-content\/uploads\/sites\/9\/2022\/02\/Buy-gamma-hydroxybutyrate.jpg\" \/>\n\t<meta property=\"og:image:width\" content=\"600\" \/>\n\t<meta property=\"og:image:height\" content=\"450\" \/>\n\t<meta property=\"og:image:type\" content=\"image\/jpeg\" \/>\n<meta name=\"twitter:card\" content=\"summary_large_image\" \/>\n<meta name=\"twitter:label1\" content=\"Est. reading time\" \/>\n\t<meta name=\"twitter:data1\" content=\"2 minutes\" \/>\n<script type=\"application\/ld+json\" class=\"yoast-schema-graph\">{\"@context\":\"https:\\\/\\\/schema.org\",\"@graph\":[{\"@type\":\"WebPage\",\"@id\":\"https:\\\/\\\/medicinasinc.com\\\/lt\\\/product\\\/pirkti-gama-hidroksibutiratas-ghb-skysti\\\/\",\"url\":\"https:\\\/\\\/medicinasinc.com\\\/lt\\\/product\\\/pirkti-gama-hidroksibutiratas-ghb-skysti\\\/\",\"name\":\"Pirkite gama hidroksibutirat\u0105 (GHB) \u2013 geriausius pasaulinius vaistus\",\"isPartOf\":{\"@id\":\"https:\\\/\\\/medicinasinc.com\\\/lt\\\/#website\"},\"primaryImageOfPage\":{\"@id\":\"https:\\\/\\\/medicinasinc.com\\\/lt\\\/product\\\/pirkti-gama-hidroksibutiratas-ghb-skysti\\\/#primaryimage\"},\"image\":{\"@id\":\"https:\\\/\\\/medicinasinc.com\\\/lt\\\/product\\\/pirkti-gama-hidroksibutiratas-ghb-skysti\\\/#primaryimage\"},\"thumbnailUrl\":\"https:\\\/\\\/medicinasinc.com\\\/lt\\\/wp-content\\\/uploads\\\/sites\\\/9\\\/2022\\\/02\\\/Buy-gamma-hydroxybutyrate.jpg\",\"datePublished\":\"2022-02-22T07:31:17+00:00\",\"dateModified\":\"2022-03-20T12:06:35+00:00\",\"description\":\"Pirkite Gama-Hydroxybutyric GHB skyst\u012f JK, Europoje, Japonijoje, JAE, Kinijoje, Azijoje i\u0161 geriausio GHB didmeninio tiek\u0117jo, garantuojame diskreti\u0161k\u0105 pristatym\u0105 visame pasaulyje.\",\"breadcrumb\":{\"@id\":\"https:\\\/\\\/medicinasinc.com\\\/lt\\\/product\\\/pirkti-gama-hidroksibutiratas-ghb-skysti\\\/#breadcrumb\"},\"inLanguage\":\"en-US\",\"potentialAction\":[{\"@type\":\"ReadAction\",\"target\":[\"https:\\\/\\\/medicinasinc.com\\\/lt\\\/product\\\/pirkti-gama-hidroksibutiratas-ghb-skysti\\\/\"]}]},{\"@type\":\"ImageObject\",\"inLanguage\":\"en-US\",\"@id\":\"https:\\\/\\\/medicinasinc.com\\\/lt\\\/product\\\/pirkti-gama-hidroksibutiratas-ghb-skysti\\\/#primaryimage\",\"url\":\"https:\\\/\\\/medicinasinc.com\\\/lt\\\/wp-content\\\/uploads\\\/sites\\\/9\\\/2022\\\/02\\\/Buy-gamma-hydroxybutyrate.jpg\",\"contentUrl\":\"https:\\\/\\\/medicinasinc.com\\\/lt\\\/wp-content\\\/uploads\\\/sites\\\/9\\\/2022\\\/02\\\/Buy-gamma-hydroxybutyrate.jpg\",\"width\":600,\"height\":450},{\"@type\":\"BreadcrumbList\",\"@id\":\"https:\\\/\\\/medicinasinc.com\\\/lt\\\/product\\\/pirkti-gama-hidroksibutiratas-ghb-skysti\\\/#breadcrumb\",\"itemListElement\":[{\"@type\":\"ListItem\",\"position\":1,\"name\":\"Parduotuv\u0117\",\"item\":\"https:\\\/\\\/medicinasinc.com\\\/lt\\\/parduotuve\\\/\"},{\"@type\":\"ListItem\",\"position\":2,\"name\":\"Pirkite gama hidroksibutirato (GHB) skyst\u012f\"}]},{\"@type\":\"WebSite\",\"@id\":\"https:\\\/\\\/medicinasinc.com\\\/lt\\\/#website\",\"url\":\"https:\\\/\\\/medicinasinc.com\\\/lt\\\/\",\"name\":\"Medicinas Inc\",\"description\":\"Sveikatos medicinos klinika\",\"potentialAction\":[{\"@type\":\"SearchAction\",\"target\":{\"@type\":\"EntryPoint\",\"urlTemplate\":\"https:\\\/\\\/medicinasinc.com\\\/lt\\\/?s={search_term_string}\"},\"query-input\":{\"@type\":\"PropertyValueSpecification\",\"valueRequired\":true,\"valueName\":\"search_term_string\"}}],\"inLanguage\":\"en-US\"}]}<\/script>\n<!-- \/ Yoast SEO plugin. -->","yoast_head_json":{"title":"Pirkite gama hidroksibutirat\u0105 (GHB) \u2013 geriausius pasaulinius vaistus","description":"Pirkite Gama-Hydroxybutyric GHB skyst\u012f JK, Europoje, Japonijoje, JAE, Kinijoje, Azijoje i\u0161 geriausio GHB didmeninio tiek\u0117jo, garantuojame diskreti\u0161k\u0105 pristatym\u0105 visame pasaulyje.","robots":{"index":"index","follow":"follow","max-snippet":"max-snippet:-1","max-image-preview":"max-image-preview:large","max-video-preview":"max-video-preview:-1"},"canonical":"https:\/\/medicinasinc.com\/lt\/product\/pirkti-gama-hidroksibutiratas-ghb-skysti\/","og_locale":"en_US","og_type":"article","og_title":"Pirkite gama hidroksibutirat\u0105 (GHB) \u2013 geriausius pasaulinius vaistus","og_description":"Pirkite Gama-Hydroxybutyric GHB skyst\u012f JK, Europoje, Japonijoje, JAE, Kinijoje, Azijoje i\u0161 geriausio GHB didmeninio tiek\u0117jo, garantuojame diskreti\u0161k\u0105 pristatym\u0105 visame pasaulyje.","og_url":"https:\/\/medicinasinc.com\/lt\/product\/pirkti-gama-hidroksibutiratas-ghb-skysti\/","og_site_name":"Medicinas Inc","article_modified_time":"2022-03-20T12:06:35+00:00","og_image":[{"width":600,"height":450,"url":"https:\/\/medicinasinc.com\/lt\/wp-content\/uploads\/sites\/9\/2022\/02\/Buy-gamma-hydroxybutyrate.jpg","type":"image\/jpeg"}],"twitter_card":"summary_large_image","twitter_misc":{"Est. reading time":"2 minutes"},"schema":{"@context":"https:\/\/schema.org","@graph":[{"@type":"WebPage","@id":"https:\/\/medicinasinc.com\/lt\/product\/pirkti-gama-hidroksibutiratas-ghb-skysti\/","url":"https:\/\/medicinasinc.com\/lt\/product\/pirkti-gama-hidroksibutiratas-ghb-skysti\/","name":"Pirkite gama hidroksibutirat\u0105 (GHB) \u2013 geriausius pasaulinius vaistus","isPartOf":{"@id":"https:\/\/medicinasinc.com\/lt\/#website"},"primaryImageOfPage":{"@id":"https:\/\/medicinasinc.com\/lt\/product\/pirkti-gama-hidroksibutiratas-ghb-skysti\/#primaryimage"},"image":{"@id":"https:\/\/medicinasinc.com\/lt\/product\/pirkti-gama-hidroksibutiratas-ghb-skysti\/#primaryimage"},"thumbnailUrl":"https:\/\/medicinasinc.com\/lt\/wp-content\/uploads\/sites\/9\/2022\/02\/Buy-gamma-hydroxybutyrate.jpg","datePublished":"2022-02-22T07:31:17+00:00","dateModified":"2022-03-20T12:06:35+00:00","description":"Pirkite Gama-Hydroxybutyric GHB skyst\u012f JK, Europoje, Japonijoje, JAE, Kinijoje, Azijoje i\u0161 geriausio GHB didmeninio tiek\u0117jo, garantuojame diskreti\u0161k\u0105 pristatym\u0105 visame pasaulyje.","breadcrumb":{"@id":"https:\/\/medicinasinc.com\/lt\/product\/pirkti-gama-hidroksibutiratas-ghb-skysti\/#breadcrumb"},"inLanguage":"en-US","potentialAction":[{"@type":"ReadAction","target":["https:\/\/medicinasinc.com\/lt\/product\/pirkti-gama-hidroksibutiratas-ghb-skysti\/"]}]},{"@type":"ImageObject","inLanguage":"en-US","@id":"https:\/\/medicinasinc.com\/lt\/product\/pirkti-gama-hidroksibutiratas-ghb-skysti\/#primaryimage","url":"https:\/\/medicinasinc.com\/lt\/wp-content\/uploads\/sites\/9\/2022\/02\/Buy-gamma-hydroxybutyrate.jpg","contentUrl":"https:\/\/medicinasinc.com\/lt\/wp-content\/uploads\/sites\/9\/2022\/02\/Buy-gamma-hydroxybutyrate.jpg","width":600,"height":450},{"@type":"BreadcrumbList","@id":"https:\/\/medicinasinc.com\/lt\/product\/pirkti-gama-hidroksibutiratas-ghb-skysti\/#breadcrumb","itemListElement":[{"@type":"ListItem","position":1,"name":"Parduotuv\u0117","item":"https:\/\/medicinasinc.com\/lt\/parduotuve\/"},{"@type":"ListItem","position":2,"name":"Pirkite gama hidroksibutirato (GHB) skyst\u012f"}]},{"@type":"WebSite","@id":"https:\/\/medicinasinc.com\/lt\/#website","url":"https:\/\/medicinasinc.com\/lt\/","name":"Medicinas Inc","description":"Sveikatos medicinos klinika","potentialAction":[{"@type":"SearchAction","target":{"@type":"EntryPoint","urlTemplate":"https:\/\/medicinasinc.com\/lt\/?s={search_term_string}"},"query-input":{"@type":"PropertyValueSpecification","valueRequired":true,"valueName":"search_term_string"}}],"inLanguage":"en-US"}]}},"_links":{"self":[{"href":"https:\/\/medicinasinc.com\/lt\/wp-json\/wp\/v2\/product\/5858","targetHints":{"allow":["GET"]}}],"collection":[{"href":"https:\/\/medicinasinc.com\/lt\/wp-json\/wp\/v2\/product"}],"about":[{"href":"https:\/\/medicinasinc.com\/lt\/wp-json\/wp\/v2\/types\/product"}],"replies":[{"embeddable":true,"href":"https:\/\/medicinasinc.com\/lt\/wp-json\/wp\/v2\/comments?post=5858"}],"wp:featuredmedia":[{"embeddable":true,"href":"https:\/\/medicinasinc.com\/lt\/wp-json\/wp\/v2\/media\/5868"}],"wp:attachment":[{"href":"https:\/\/medicinasinc.com\/lt\/wp-json\/wp\/v2\/media?parent=5858"}],"wp:term":[{"taxonomy":"product_brand","embeddable":true,"href":"https:\/\/medicinasinc.com\/lt\/wp-json\/wp\/v2\/product_brand?post=5858"},{"taxonomy":"product_cat","embeddable":true,"href":"https:\/\/medicinasinc.com\/lt\/wp-json\/wp\/v2\/product_cat?post=5858"},{"taxonomy":"product_tag","embeddable":true,"href":"https:\/\/medicinasinc.com\/lt\/wp-json\/wp\/v2\/product_tag?post=5858"}],"curies":[{"name":"wp","href":"https:\/\/api.w.org\/{rel}","templated":true}]}}