{"id":5852,"date":"2022-02-22T07:25:44","date_gmt":"2022-02-22T07:25:44","guid":{"rendered":"https:\/\/medicinasinc.com\/lt\/?post_type=product&#038;p=5852"},"modified":"2022-03-20T12:06:44","modified_gmt":"2022-03-20T12:06:44","slug":"pirk-amfetaminas-milteliai","status":"publish","type":"product","link":"https:\/\/medicinasinc.com\/lt\/product\/pirk-amfetaminas-milteliai\/","title":{"rendered":"Pirkite amfetamino miltelius"},"content":{"rendered":"<p>Amfetamino miltelius galima \u012fsigyti internetu.<\/p>\n<p>Amfetamino milteliai internetu Jungtin\u0117je Karalyst\u0117je, Europoje ir Europos S\u0105jungoje, Amfetamino milteli\u0173 u\u017esakymas pa\u0161tu, Amfetaminai yra stimuliuojantys vaistai, o tai rei\u0161kia, kad jie pagreitina prane\u0161im\u0173 perdavim\u0105 tarp smegen\u0173 ir k\u016bno.<\/p>\n<p>Amfetaminai yra stimuliuojantys vaistai, kurie pagreitina informacijos perdavim\u0105 tarp smegen\u0173 ir k\u016bno.<\/p>\n<p>Taip pat gali b\u016bti \u012fdomu su\u017einoti daugiau apie poveik\u012f. ir su amfetamino milteliais susij\u0119s pavojus sveikatai. Tai gali pasireik\u0161ti taip pat, kaip ir daugelis kit\u0173 vaist\u0173.<\/p>\n<p>Tam tikros klas\u0117s amfetaminus gydytojai teis\u0117tai rekomenduoja gydyti tokias ligas kaip d\u0117mesio stokos hiperaktyvumo sutrikimas (ADHD) ir narkolepsija (kai \u017emogus turi nekontroliuojam\u0105 nor\u0105 miegoti). Kit\u0173 r\u016b\u0161i\u0173 amfetaminai, tokie kaip greitis, yra neteis\u0117tai gaminami ir parduodami. Atskiras informacinis lapelis skirtas stipresnei metamfetamino formai, kristaliniam metamfetaminui (ledui).<\/p>\n<p>Amfetaminai yra \u012fvairi\u0173 form\u0173. \u0160ie vaistai yra milteli\u0173, table\u010di\u0173, kristal\u0173 ir kapsuli\u0173 pavidalu. Parduodant nelegaliai, jie gali b\u016bti supakuoti \u012f folij\u0105 (aliuminio folij\u0105), plastikinius mai\u0161elius arba miniati\u016brinius balionus.<\/p>\n<p>Amfetamino milteli\u0173 spalva svyruoja nuo baltos iki rudos spalvos ir kartais juose yra pilkos arba rausvos spalvos p\u0117dsak\u0173. Jis turi a\u0161tr\u0173 aromat\u0105 ir kartaus skonio. Kapsul\u0117s ir tablet\u0117s, kuriose yra amfetamin\u0173, labai skiriasi dyd\u017eiu ir spalva.<\/p>\n<p>Amfetaminas \u2013 nelegaliai pagamintuose amfetaminuose gali b\u016bti narkotik\u0173, ri\u0161ikli\u0173, kofeino ir cukraus derinio. Be to, gali b\u016bti prid\u0117ta nauj\u0173 psichoaktyvi\u0173 vaist\u0173.<\/p>\n<p>Slengo terminai<\/p>\n<p>Greitis, greitas, did\u0117jantis, vir\u0161utin\u0117s dalys, lu\u0117, gelis ir \u0161vilpimas.<\/p>\n<p>Kokia paskirtis jie tarnauja?<\/p>\n<p>Paprastai amfetaminai yra nuryjami, suleid\u017eiami arba r\u016bkomi. Be to, jie yra sn\u016bduriuojami.<\/p>\n<p>Amfetamin\u0173 poveikis<\/p>\n<p>Amfetaminai turi skirting\u0105 poveik\u012f kiekvienam asmeniui, atsi\u017evelgiant \u012f:<\/p>\n<p>k\u016bno mas\u0117s indeks\u0105, svor\u012f ir sveikat\u0105. <br \/> Ar asmuo yra \u012fprat\u0119s j\u012f vartoti<br \/> Ar kartu vartojami kiti vaistai<br \/> I\u0161imta suma<br \/> Vaisto stiprumas (skirtingose \u200b\u200bpartijose skiriasi nuo nelegaliai pagamint\u0173 vaist\u0173)<\/p>\n<p>Amfetaminai veikia akimirksniu (suleid\u017eiami ar r\u016bkomi) arba per 30 minu\u010di\u0173 (nurk\u0161tel\u0117jus ar prarijus).<\/p>\n<p>Gali pasireik\u0161ti \u0161ie poveikiai:<\/p>\n<p>Laim\u0117 ir savigarba -u\u017etikrinimas<br \/> Daugiau kalb\u0117jimas ir energingesnis jausmas<br \/> Paprast\u0173 veiksm\u0173, toki\u0173 kaip nie\u017eulys ir \u012fbr\u0117\u017eimas, kartojimas<br \/> Didieji vyzd\u017eiai ir burnos d\u017ei\u016bvimas<br \/> Greitas \u0161irdies plakimas ir kv\u0117pavimas<br \/> Dant\u0173 grie\u017eimas <br \/> Apetito slopinimas<br \/> Gausus prakaitavimas<br \/> Padid\u0117j\u0119s seksualinis susijaudinimas<br \/> Perdozavimas<\/p>\n<p>Jei suvartojamas didelis arba ypa\u010d stiprus kiekis, gali taip pat gali sukelti perdozavim\u0105. Jei atsiranda bet kuris i\u0161 toliau i\u0161vardyt\u0173 simptom\u0173, reikia nedelsiant i\u0161kviesti greit\u0105j\u0105 pagalb\u0105, surinkus trigub\u0105 nul\u012f (000). Greitosios medicinos pagalbos pareig\u016bnai neprivalo konsultuotis su policija.<\/p>\n<p>Atitinka greit\u0105 \u0161irdies plakim\u0105<br \/> Insultas, \u0161irdies priepuolis ir mirtis<\/p>\n<p>U\u017e\u0161narp\u0161ti amfetaminai gali sudirginti nosies takus ir sukelti kraujavimas i\u0161 nosies.<\/p>\n<p>Si\u0161virk\u0161\u010diant amfetamin\u0173 ir dalijantis adatomis gali padid\u0117ti rizika u\u017esikr\u0117sti:<\/p>\n<p>virusiniu hepatitu B<br \/> \u017dIV\/AIDS hepatitu C<br \/> stablige<br \/> Ma\u017e\u0117jantis<\/p>\n<p>Vartojus amfetamin\u0105, gali pasireik\u0161ti \u0161ie padariniai:<\/p>\n<p>Nemiga ir i\u0161sekimas<br \/> Galvos skausmai<br \/> Dezorientacija ir nery\u0161kus matymas<br \/> Sumi\u0161imas, paranoja, ir haliucinacijos<br \/> Dirglumas, nuotaikos svyravimai ir depresija yra depresijos simptomai.<\/p>\n<p>Vartojimas depresant\u0173, toki\u0173 kaip alkoholis, benzodiazepinai ar kanap\u0117s, siekiant pad\u0117ti \u201enusileidimo\u201c procesui, gali baigtis priklausomyb\u0117s nuo abiej\u0173 r\u016b\u0161i\u0173 med\u017eiag\u0173 ciklas.<\/p>\n<p>Ilgalaik\u0117s pasekm\u0117s<\/p>\n<p>Reguliarus amfetamin\u0173 vartojimas ilgainiui gali sukelti:<\/p>\n<p>Apetito slopinim\u0105 ir greitas svorio metimas<br \/> Nemigas miegas<br \/> Dant\u0173 problemos ir burnos d\u017ei\u016bvimas<br \/> Per\u0161alimas ir gripas yra da\u017eni.<br \/> Koncentracijos sutrikimai<br \/> Kv\u0117pavimo sutrikimai<br \/> Raumen\u0173 rigidi\u0161kumas<br \/> Panikos priepuoliai ir paranoja<br \/> Depresija<br \/> \u0160irdies ir kraujagysli\u0173 bei inkst\u0173 problemos<br \/> Padid\u0117ja insulto rizika<br \/> Norint pasiekti norim\u0105 poveik\u012f reikia vartoti daugiau<br \/> Priklausomyb\u0117 nuo amfetamin\u0173<br \/> Finansiniai, profesiniai ir socialiniai sunkumai<br \/> Psichoz\u0117 sukeltas amfetamin\u0173<\/p>\n<p>Be to, didel\u0117s doz\u0117s ir da\u017enas vartojimas gali sukelti \u201eamfetamino psichoz\u0119\u201c, kuriai b\u016bdingi paranojiniai kliedesiai, haliucinacijos ir agresyvus ar smurtinis elgesys. \u0160ie simptomai da\u017enai i\u0161nyksta per kelias dienas po to, kai asmuo nustoja vartoti amfetaminus.<\/p>\n<p>Amfetaminai kartu su kitais vaistais<\/p>\n<p>Amfetamin\u0173 ir kit\u0173 med\u017eiag\u0173 s\u0105veika, pvz. receptiniai vaistai, gali b\u016bti nenusp\u0117jami ir mirtini ir gali sukelti:<\/p>\n<p>Amfetaminai ir tam tikri antidepresantai sukelia hipertenzij\u0105, d\u0117l kurios gali sutrikti pulsas, atsirasti \u0161irdies nepakankamumas ir insultas.<\/p>\n<p>4<\/p>\n<p>Amfetaminai, vartojami kartu su alkoholiu, kanap\u0117mis ar benzodiazepinais, sukelia didel\u012f stres\u0105 organizmui, nes jis stengiasi susidoroti su prie\u0161taringu \u0161i\u0173 dviej\u0173 vaist\u0173 poveikiu, d\u0117l kurio gali b\u016bti perdozuota.<\/p>\n<p>Pa\u0161alinimas<\/p>\n<p>Amfetamin\u0173 atsisakymas po ilgo vartojimo yra sunkus, nes organizmas turi prisitaikyti veikti be j\u0173. Nutraukimo simptomai tur\u0117t\u0173 i\u0161nykti per savait\u0119 ir visi\u0161kai i\u0161nykti po m\u0117nesio. Simptomai yra \u0161ie:<\/p>\n<p>Amfetamino potraukis<br \/> Apetito skatinimas<br \/> Suglumimas ir dirglumas<br \/> Sumu\u0161imai ir skausmai<br \/> I\u0161sekimas<br \/> Nemiga ir ko\u0161marai<br \/> Afektiniai sutrikimai, tokie kaip nerimas, depresija ir paranoja<\/p>\n","protected":false},"excerpt":{"rendered":"<p>Pirkite parduodamus amfetamino miltelius JK, Europoje pigi\u0173 generini\u0173 ir firmini\u0173 table\u010di\u0173 Saporo mieste. Galite \u012fsigyti amfetamino milteli\u0173 internetu, naudodami Bitcoin (BTC).<\/p>\n<p>Amfetamino milteliai yra stiprus centrin\u0117s nerv\u0173 sistemos stimuliatorius. sistema (smegen\u0173 ir nugaros smegen\u0173 neuronai) ir buvo naudojama medicinoje \u012fvairioms ligoms gydyti. Be to, jis yra labai priklausomas ir yra piktnaud\u017eiavimo istorija.<\/p>\n<p>Amfetamino milteliai yra receptinis vaistas, naudojamas d\u0117mesio stokos hiperaktyvumo sutrikimui (ADHD) gydyti.<\/p>\n","protected":false},"featured_media":5862,"comment_status":"open","ping_status":"closed","template":"","meta":[],"product_brand":[],"product_cat":[2014,703],"product_tag":[4007,4009,4012,4013,4008,4011,4010],"class_list":{"0":"post-5852","1":"product","2":"type-product","3":"status-publish","4":"has-post-thumbnail","6":"product_cat-pirkti-tyrineti-chemikalai","7":"product_cat-pirkti-psichodelinius-vaistus","8":"product_tag-amfetamino-milteliai","9":"product_tag-buy-amphetamine-powder-online","10":"product_tag-geriausia-vieta-pirkti-amfetamino-miltelius-internetu","11":"product_tag-kur-pirkti-amfetamino-milteli-internetu","12":"product_tag-amfetamino-milteliai-parduodu","13":"product_tag-pirkti-amfetamin-miltelius-internetu","14":"product_tag-usisakyti-amfetaminas-milteliai-internete","16":"first","17":"instock","18":"shipping-taxable","19":"purchasable","20":"product-type-variable"},"yoast_head":"<!-- This site is optimized with the Yoast SEO plugin v27.3 - https:\/\/yoast.com\/product\/yoast-seo-wordpress\/ -->\n<title>Pirkite amfetamino miltelius \u2013 geriausius pasaulinius vaistus<\/title>\n<meta name=\"description\" content=\"Pirkite amfetamino miltelius parduoti JK, Europoje pigias generines ir firmines tabletes Sapore. Galite u\u017esisakyti amfetamino milteli\u0173 pardavimui internetu naudodami Bitcoin (BTC)\" \/>\n<meta name=\"robots\" content=\"index, follow, max-snippet:-1, max-image-preview:large, max-video-preview:-1\" \/>\n<link rel=\"canonical\" href=\"https:\/\/medicinasinc.com\/lt\/product\/pirk-amfetaminas-milteliai\/\" \/>\n<meta property=\"og:locale\" content=\"en_US\" \/>\n<meta property=\"og:type\" content=\"article\" \/>\n<meta property=\"og:title\" content=\"Pirkite amfetamino miltelius \u2013 geriausius pasaulinius vaistus\" \/>\n<meta property=\"og:description\" content=\"Pirkite amfetamino miltelius parduoti JK, Europoje pigias generines ir firmines tabletes Sapore. Galite u\u017esisakyti amfetamino milteli\u0173 pardavimui internetu naudodami Bitcoin (BTC)\" \/>\n<meta property=\"og:url\" content=\"https:\/\/medicinasinc.com\/lt\/product\/pirk-amfetaminas-milteliai\/\" \/>\n<meta property=\"og:site_name\" content=\"Medicinas Inc\" \/>\n<meta property=\"article:modified_time\" content=\"2022-03-20T12:06:44+00:00\" \/>\n<meta property=\"og:image\" content=\"https:\/\/medicinasinc.com\/lt\/wp-content\/uploads\/sites\/9\/2022\/02\/Buy-Amphetamine-Powder.png\" \/>\n\t<meta property=\"og:image:width\" content=\"412\" \/>\n\t<meta property=\"og:image:height\" content=\"550\" \/>\n\t<meta property=\"og:image:type\" content=\"image\/png\" \/>\n<meta name=\"twitter:card\" content=\"summary_large_image\" \/>\n<meta name=\"twitter:label1\" content=\"Est. reading time\" \/>\n\t<meta name=\"twitter:data1\" content=\"4 minutes\" \/>\n<script type=\"application\/ld+json\" class=\"yoast-schema-graph\">{\"@context\":\"https:\\\/\\\/schema.org\",\"@graph\":[{\"@type\":\"WebPage\",\"@id\":\"https:\\\/\\\/medicinasinc.com\\\/lt\\\/product\\\/pirk-amfetaminas-milteliai\\\/\",\"url\":\"https:\\\/\\\/medicinasinc.com\\\/lt\\\/product\\\/pirk-amfetaminas-milteliai\\\/\",\"name\":\"Pirkite amfetamino miltelius \u2013 geriausius pasaulinius vaistus\",\"isPartOf\":{\"@id\":\"https:\\\/\\\/medicinasinc.com\\\/lt\\\/#website\"},\"primaryImageOfPage\":{\"@id\":\"https:\\\/\\\/medicinasinc.com\\\/lt\\\/product\\\/pirk-amfetaminas-milteliai\\\/#primaryimage\"},\"image\":{\"@id\":\"https:\\\/\\\/medicinasinc.com\\\/lt\\\/product\\\/pirk-amfetaminas-milteliai\\\/#primaryimage\"},\"thumbnailUrl\":\"https:\\\/\\\/medicinasinc.com\\\/lt\\\/wp-content\\\/uploads\\\/sites\\\/9\\\/2022\\\/02\\\/Buy-Amphetamine-Powder.png\",\"datePublished\":\"2022-02-22T07:25:44+00:00\",\"dateModified\":\"2022-03-20T12:06:44+00:00\",\"description\":\"Pirkite amfetamino miltelius parduoti JK, Europoje pigias generines ir firmines tabletes Sapore. Galite u\u017esisakyti amfetamino milteli\u0173 pardavimui internetu naudodami Bitcoin (BTC)\",\"breadcrumb\":{\"@id\":\"https:\\\/\\\/medicinasinc.com\\\/lt\\\/product\\\/pirk-amfetaminas-milteliai\\\/#breadcrumb\"},\"inLanguage\":\"en-US\",\"potentialAction\":[{\"@type\":\"ReadAction\",\"target\":[\"https:\\\/\\\/medicinasinc.com\\\/lt\\\/product\\\/pirk-amfetaminas-milteliai\\\/\"]}]},{\"@type\":\"ImageObject\",\"inLanguage\":\"en-US\",\"@id\":\"https:\\\/\\\/medicinasinc.com\\\/lt\\\/product\\\/pirk-amfetaminas-milteliai\\\/#primaryimage\",\"url\":\"https:\\\/\\\/medicinasinc.com\\\/lt\\\/wp-content\\\/uploads\\\/sites\\\/9\\\/2022\\\/02\\\/Buy-Amphetamine-Powder.png\",\"contentUrl\":\"https:\\\/\\\/medicinasinc.com\\\/lt\\\/wp-content\\\/uploads\\\/sites\\\/9\\\/2022\\\/02\\\/Buy-Amphetamine-Powder.png\",\"width\":412,\"height\":550},{\"@type\":\"BreadcrumbList\",\"@id\":\"https:\\\/\\\/medicinasinc.com\\\/lt\\\/product\\\/pirk-amfetaminas-milteliai\\\/#breadcrumb\",\"itemListElement\":[{\"@type\":\"ListItem\",\"position\":1,\"name\":\"Parduotuv\u0117\",\"item\":\"https:\\\/\\\/medicinasinc.com\\\/lt\\\/parduotuve\\\/\"},{\"@type\":\"ListItem\",\"position\":2,\"name\":\"Pirkite amfetamino miltelius\"}]},{\"@type\":\"WebSite\",\"@id\":\"https:\\\/\\\/medicinasinc.com\\\/lt\\\/#website\",\"url\":\"https:\\\/\\\/medicinasinc.com\\\/lt\\\/\",\"name\":\"Medicinas Inc\",\"description\":\"Sveikatos medicinos klinika\",\"potentialAction\":[{\"@type\":\"SearchAction\",\"target\":{\"@type\":\"EntryPoint\",\"urlTemplate\":\"https:\\\/\\\/medicinasinc.com\\\/lt\\\/?s={search_term_string}\"},\"query-input\":{\"@type\":\"PropertyValueSpecification\",\"valueRequired\":true,\"valueName\":\"search_term_string\"}}],\"inLanguage\":\"en-US\"}]}<\/script>\n<!-- \/ Yoast SEO plugin. -->","yoast_head_json":{"title":"Pirkite amfetamino miltelius \u2013 geriausius pasaulinius vaistus","description":"Pirkite amfetamino miltelius parduoti JK, Europoje pigias generines ir firmines tabletes Sapore. Galite u\u017esisakyti amfetamino milteli\u0173 pardavimui internetu naudodami Bitcoin (BTC)","robots":{"index":"index","follow":"follow","max-snippet":"max-snippet:-1","max-image-preview":"max-image-preview:large","max-video-preview":"max-video-preview:-1"},"canonical":"https:\/\/medicinasinc.com\/lt\/product\/pirk-amfetaminas-milteliai\/","og_locale":"en_US","og_type":"article","og_title":"Pirkite amfetamino miltelius \u2013 geriausius pasaulinius vaistus","og_description":"Pirkite amfetamino miltelius parduoti JK, Europoje pigias generines ir firmines tabletes Sapore. Galite u\u017esisakyti amfetamino milteli\u0173 pardavimui internetu naudodami Bitcoin (BTC)","og_url":"https:\/\/medicinasinc.com\/lt\/product\/pirk-amfetaminas-milteliai\/","og_site_name":"Medicinas Inc","article_modified_time":"2022-03-20T12:06:44+00:00","og_image":[{"width":412,"height":550,"url":"https:\/\/medicinasinc.com\/lt\/wp-content\/uploads\/sites\/9\/2022\/02\/Buy-Amphetamine-Powder.png","type":"image\/png"}],"twitter_card":"summary_large_image","twitter_misc":{"Est. reading time":"4 minutes"},"schema":{"@context":"https:\/\/schema.org","@graph":[{"@type":"WebPage","@id":"https:\/\/medicinasinc.com\/lt\/product\/pirk-amfetaminas-milteliai\/","url":"https:\/\/medicinasinc.com\/lt\/product\/pirk-amfetaminas-milteliai\/","name":"Pirkite amfetamino miltelius \u2013 geriausius pasaulinius vaistus","isPartOf":{"@id":"https:\/\/medicinasinc.com\/lt\/#website"},"primaryImageOfPage":{"@id":"https:\/\/medicinasinc.com\/lt\/product\/pirk-amfetaminas-milteliai\/#primaryimage"},"image":{"@id":"https:\/\/medicinasinc.com\/lt\/product\/pirk-amfetaminas-milteliai\/#primaryimage"},"thumbnailUrl":"https:\/\/medicinasinc.com\/lt\/wp-content\/uploads\/sites\/9\/2022\/02\/Buy-Amphetamine-Powder.png","datePublished":"2022-02-22T07:25:44+00:00","dateModified":"2022-03-20T12:06:44+00:00","description":"Pirkite amfetamino miltelius parduoti JK, Europoje pigias generines ir firmines tabletes Sapore. Galite u\u017esisakyti amfetamino milteli\u0173 pardavimui internetu naudodami Bitcoin (BTC)","breadcrumb":{"@id":"https:\/\/medicinasinc.com\/lt\/product\/pirk-amfetaminas-milteliai\/#breadcrumb"},"inLanguage":"en-US","potentialAction":[{"@type":"ReadAction","target":["https:\/\/medicinasinc.com\/lt\/product\/pirk-amfetaminas-milteliai\/"]}]},{"@type":"ImageObject","inLanguage":"en-US","@id":"https:\/\/medicinasinc.com\/lt\/product\/pirk-amfetaminas-milteliai\/#primaryimage","url":"https:\/\/medicinasinc.com\/lt\/wp-content\/uploads\/sites\/9\/2022\/02\/Buy-Amphetamine-Powder.png","contentUrl":"https:\/\/medicinasinc.com\/lt\/wp-content\/uploads\/sites\/9\/2022\/02\/Buy-Amphetamine-Powder.png","width":412,"height":550},{"@type":"BreadcrumbList","@id":"https:\/\/medicinasinc.com\/lt\/product\/pirk-amfetaminas-milteliai\/#breadcrumb","itemListElement":[{"@type":"ListItem","position":1,"name":"Parduotuv\u0117","item":"https:\/\/medicinasinc.com\/lt\/parduotuve\/"},{"@type":"ListItem","position":2,"name":"Pirkite amfetamino miltelius"}]},{"@type":"WebSite","@id":"https:\/\/medicinasinc.com\/lt\/#website","url":"https:\/\/medicinasinc.com\/lt\/","name":"Medicinas Inc","description":"Sveikatos medicinos klinika","potentialAction":[{"@type":"SearchAction","target":{"@type":"EntryPoint","urlTemplate":"https:\/\/medicinasinc.com\/lt\/?s={search_term_string}"},"query-input":{"@type":"PropertyValueSpecification","valueRequired":true,"valueName":"search_term_string"}}],"inLanguage":"en-US"}]}},"_links":{"self":[{"href":"https:\/\/medicinasinc.com\/lt\/wp-json\/wp\/v2\/product\/5852","targetHints":{"allow":["GET"]}}],"collection":[{"href":"https:\/\/medicinasinc.com\/lt\/wp-json\/wp\/v2\/product"}],"about":[{"href":"https:\/\/medicinasinc.com\/lt\/wp-json\/wp\/v2\/types\/product"}],"replies":[{"embeddable":true,"href":"https:\/\/medicinasinc.com\/lt\/wp-json\/wp\/v2\/comments?post=5852"}],"wp:featuredmedia":[{"embeddable":true,"href":"https:\/\/medicinasinc.com\/lt\/wp-json\/wp\/v2\/media\/5862"}],"wp:attachment":[{"href":"https:\/\/medicinasinc.com\/lt\/wp-json\/wp\/v2\/media?parent=5852"}],"wp:term":[{"taxonomy":"product_brand","embeddable":true,"href":"https:\/\/medicinasinc.com\/lt\/wp-json\/wp\/v2\/product_brand?post=5852"},{"taxonomy":"product_cat","embeddable":true,"href":"https:\/\/medicinasinc.com\/lt\/wp-json\/wp\/v2\/product_cat?post=5852"},{"taxonomy":"product_tag","embeddable":true,"href":"https:\/\/medicinasinc.com\/lt\/wp-json\/wp\/v2\/product_tag?post=5852"}],"curies":[{"name":"wp","href":"https:\/\/api.w.org\/{rel}","templated":true}]}}