{"id":5846,"date":"2022-02-22T07:19:31","date_gmt":"2022-02-22T07:19:31","guid":{"rendered":"https:\/\/medicinasinc.com\/lt\/?post_type=product&#038;p=5846"},"modified":"2022-03-20T12:06:54","modified_gmt":"2022-03-20T12:06:54","slug":"patvirtinimo-tonas","status":"publish","type":"product","link":"https:\/\/medicinasinc.com\/lt\/product\/patvirtinimo-tonas\/","title":{"rendered":"patvirtinti barbiton\u0105"},"content":{"rendered":"<p>Aprobarbitono galima \u012fsigyti internetu i\u0161 auk\u0161\u010diausios klas\u0117s internetin\u0117s vaistin\u0117s \u201eNembutal\u201c<\/p>\n<p>Internetin\u0117 \u201eNembutal\u201c vaistin\u0117 veikia ilg\u0105 laik\u0105. Dabar puikiai suprantame klient\u0173 visame pasaulyje po\u017ei\u016brius ir l\u016bkes\u010dius. Esame \u010dia, kad patenkintume visus j\u016bs\u0173 Aprobarbitone reikalavimus. Jei norite \u012fsigyti Aprobarbitone internetu, m\u016bs\u0173 vaistin\u0117 yra geriausia vieta tai padaryti. Si\u016blome \u0161\u012f gydom\u0105j\u012f vaist\u0105 u\u017e priimtin\u0105 kain\u0105. J\u012f galite lengvai \u012fsigyti i\u0161 m\u016bs\u0173 ir mes pristatysime per nurodyt\u0105 laik\u0105.<\/p>\n<p>Koks aprobarbitono vaidmuo j\u016bs\u0173 sveikatai?<\/p>\n<p>Aprobarbitonas gali pad\u0117ti gerai i\u0161simiegoti . Trumpai tariant, tai idealus vaistas nuo nemigos. Jis gerai \u017einomas d\u0117l savo ypating\u0173 raminam\u0173j\u0173, migdom\u0173j\u0173 ir prie\u0161traukulini\u0173 savybi\u0173.<\/p>\n<p>Kod\u0117l tur\u0117tum\u0117te pas mus pirkti aprobarbiton\u0105 internetu?<\/p>\n<p>Esame labai specializuota asmen\u0173 grup\u0117, turinti didel\u0119 patirt\u012f. vaist\u0173 ir narkotik\u0173 srityje. Be to, ple\u010diame prieig\u0105 prie aprobarbitono ir kit\u0173 vaist\u0173 visame pasaulyje. Dabar galite \u012fsigyti Aprobarbitone internetu pigiausia kaina patogiai savo namuose. Esame vos vienu pel\u0117s paspaudimu. Pateikite savo u\u017esakym\u0105 pirkti Aprobarbitone internetu \u0161iandien ir jis netrukus bus pristatytas j\u016bs\u0173 nurodytu adresu.<\/p>\n","protected":false},"excerpt":{"rendered":"<p>Kaip \u012fsigyti \u201eAprobarbitone\u201c internetu i\u0161 \u201eNembutal\u201c vaistin\u0117s?<\/p>\n<p>Nembutal internetin\u0117 vaistin\u0117 yra ideali vieta patenkinti visus j\u016bs\u0173 \u201eAprobarbitone\u201c poreikius ir reikalavimus. Tiesiog \u012fd\u0117kite vaistus \u012f krep\u0161el\u012f, atlikite mok\u0117jimo proces\u0105 ir pateikite u\u017esakym\u0105 m\u016bs\u0173 svetain\u0117je. Pats laikas kreiptis \u012f m\u016bs\u0173 vaistin\u0119 ir gauti kuo geresn\u0119 savo sveikatos prie\u017ei\u016br\u0105. \u012esigykite Aprobarbital dabar!<\/p>\n","protected":false},"featured_media":5856,"comment_status":"open","ping_status":"closed","template":"","meta":[],"product_brand":[],"product_cat":[3818],"product_tag":[],"class_list":{"0":"post-5846","1":"product","2":"type-product","3":"status-publish","4":"has-post-thumbnail","6":"product_cat-parduodu-pentobarbitalis","8":"first","9":"instock","10":"featured","11":"shipping-taxable","12":"purchasable","13":"product-type-variable"},"yoast_head":"<!-- This site is optimized with the Yoast SEO plugin v27.3 - https:\/\/yoast.com\/product\/yoast-seo-wordpress\/ -->\n<title>Pirkite aprobarbiton\u0105 \u2013 geriausius pasaulinius vaistus<\/title>\n<meta name=\"robots\" content=\"index, follow, max-snippet:-1, max-image-preview:large, max-video-preview:-1\" \/>\n<link rel=\"canonical\" href=\"https:\/\/medicinasinc.com\/lt\/product\/patvirtinimo-tonas\/\" \/>\n<meta property=\"og:locale\" content=\"en_US\" \/>\n<meta property=\"og:type\" content=\"article\" \/>\n<meta property=\"og:title\" content=\"Pirkite aprobarbiton\u0105 \u2013 geriausius pasaulinius vaistus\" \/>\n<meta property=\"og:description\" content=\"Kaip \u012fsigyti \u201eAprobarbitone\u201c internetu i\u0161 \u201eNembutal\u201c vaistin\u0117s? Nembutal internetin\u0117 vaistin\u0117 yra ideali vieta patenkinti visus j\u016bs\u0173 \u201eAprobarbitone\u201c poreikius ir reikalavimus. Tiesiog \u012fd\u0117kite vaistus \u012f krep\u0161el\u012f, atlikite mok\u0117jimo proces\u0105 ir pateikite u\u017esakym\u0105 m\u016bs\u0173 svetain\u0117je. Pats laikas kreiptis \u012f m\u016bs\u0173 vaistin\u0119 ir gauti kuo geresn\u0119 savo sveikatos prie\u017ei\u016br\u0105. \u012esigykite Aprobarbital dabar!\" \/>\n<meta property=\"og:url\" content=\"https:\/\/medicinasinc.com\/lt\/product\/patvirtinimo-tonas\/\" \/>\n<meta property=\"og:site_name\" content=\"Medicinas Inc\" \/>\n<meta property=\"article:modified_time\" content=\"2022-03-20T12:06:54+00:00\" \/>\n<meta property=\"og:image\" content=\"https:\/\/medicinasinc.com\/lt\/wp-content\/uploads\/sites\/9\/2022\/02\/Aprobarbitone.jpg\" \/>\n\t<meta property=\"og:image:width\" content=\"600\" \/>\n\t<meta property=\"og:image:height\" content=\"600\" \/>\n\t<meta property=\"og:image:type\" content=\"image\/jpeg\" \/>\n<meta name=\"twitter:card\" content=\"summary_large_image\" \/>\n<meta name=\"twitter:label1\" content=\"Est. reading time\" \/>\n\t<meta name=\"twitter:data1\" content=\"1 minute\" \/>\n<script type=\"application\/ld+json\" class=\"yoast-schema-graph\">{\"@context\":\"https:\\\/\\\/schema.org\",\"@graph\":[{\"@type\":\"WebPage\",\"@id\":\"https:\\\/\\\/medicinasinc.com\\\/lt\\\/product\\\/patvirtinimo-tonas\\\/\",\"url\":\"https:\\\/\\\/medicinasinc.com\\\/lt\\\/product\\\/patvirtinimo-tonas\\\/\",\"name\":\"Pirkite aprobarbiton\u0105 \u2013 geriausius pasaulinius vaistus\",\"isPartOf\":{\"@id\":\"https:\\\/\\\/medicinasinc.com\\\/lt\\\/#website\"},\"primaryImageOfPage\":{\"@id\":\"https:\\\/\\\/medicinasinc.com\\\/lt\\\/product\\\/patvirtinimo-tonas\\\/#primaryimage\"},\"image\":{\"@id\":\"https:\\\/\\\/medicinasinc.com\\\/lt\\\/product\\\/patvirtinimo-tonas\\\/#primaryimage\"},\"thumbnailUrl\":\"https:\\\/\\\/medicinasinc.com\\\/lt\\\/wp-content\\\/uploads\\\/sites\\\/9\\\/2022\\\/02\\\/Aprobarbitone.jpg\",\"datePublished\":\"2022-02-22T07:19:31+00:00\",\"dateModified\":\"2022-03-20T12:06:54+00:00\",\"breadcrumb\":{\"@id\":\"https:\\\/\\\/medicinasinc.com\\\/lt\\\/product\\\/patvirtinimo-tonas\\\/#breadcrumb\"},\"inLanguage\":\"en-US\",\"potentialAction\":[{\"@type\":\"ReadAction\",\"target\":[\"https:\\\/\\\/medicinasinc.com\\\/lt\\\/product\\\/patvirtinimo-tonas\\\/\"]}]},{\"@type\":\"ImageObject\",\"inLanguage\":\"en-US\",\"@id\":\"https:\\\/\\\/medicinasinc.com\\\/lt\\\/product\\\/patvirtinimo-tonas\\\/#primaryimage\",\"url\":\"https:\\\/\\\/medicinasinc.com\\\/lt\\\/wp-content\\\/uploads\\\/sites\\\/9\\\/2022\\\/02\\\/Aprobarbitone.jpg\",\"contentUrl\":\"https:\\\/\\\/medicinasinc.com\\\/lt\\\/wp-content\\\/uploads\\\/sites\\\/9\\\/2022\\\/02\\\/Aprobarbitone.jpg\",\"width\":600,\"height\":600},{\"@type\":\"BreadcrumbList\",\"@id\":\"https:\\\/\\\/medicinasinc.com\\\/lt\\\/product\\\/patvirtinimo-tonas\\\/#breadcrumb\",\"itemListElement\":[{\"@type\":\"ListItem\",\"position\":1,\"name\":\"Parduotuv\u0117\",\"item\":\"https:\\\/\\\/medicinasinc.com\\\/lt\\\/parduotuve\\\/\"},{\"@type\":\"ListItem\",\"position\":2,\"name\":\"patvirtinti barbiton\u0105\"}]},{\"@type\":\"WebSite\",\"@id\":\"https:\\\/\\\/medicinasinc.com\\\/lt\\\/#website\",\"url\":\"https:\\\/\\\/medicinasinc.com\\\/lt\\\/\",\"name\":\"Medicinas Inc\",\"description\":\"Sveikatos medicinos klinika\",\"potentialAction\":[{\"@type\":\"SearchAction\",\"target\":{\"@type\":\"EntryPoint\",\"urlTemplate\":\"https:\\\/\\\/medicinasinc.com\\\/lt\\\/?s={search_term_string}\"},\"query-input\":{\"@type\":\"PropertyValueSpecification\",\"valueRequired\":true,\"valueName\":\"search_term_string\"}}],\"inLanguage\":\"en-US\"}]}<\/script>\n<!-- \/ Yoast SEO plugin. -->","yoast_head_json":{"title":"Pirkite aprobarbiton\u0105 \u2013 geriausius pasaulinius vaistus","robots":{"index":"index","follow":"follow","max-snippet":"max-snippet:-1","max-image-preview":"max-image-preview:large","max-video-preview":"max-video-preview:-1"},"canonical":"https:\/\/medicinasinc.com\/lt\/product\/patvirtinimo-tonas\/","og_locale":"en_US","og_type":"article","og_title":"Pirkite aprobarbiton\u0105 \u2013 geriausius pasaulinius vaistus","og_description":"Kaip \u012fsigyti \u201eAprobarbitone\u201c internetu i\u0161 \u201eNembutal\u201c vaistin\u0117s? Nembutal internetin\u0117 vaistin\u0117 yra ideali vieta patenkinti visus j\u016bs\u0173 \u201eAprobarbitone\u201c poreikius ir reikalavimus. Tiesiog \u012fd\u0117kite vaistus \u012f krep\u0161el\u012f, atlikite mok\u0117jimo proces\u0105 ir pateikite u\u017esakym\u0105 m\u016bs\u0173 svetain\u0117je. Pats laikas kreiptis \u012f m\u016bs\u0173 vaistin\u0119 ir gauti kuo geresn\u0119 savo sveikatos prie\u017ei\u016br\u0105. \u012esigykite Aprobarbital dabar!","og_url":"https:\/\/medicinasinc.com\/lt\/product\/patvirtinimo-tonas\/","og_site_name":"Medicinas Inc","article_modified_time":"2022-03-20T12:06:54+00:00","og_image":[{"width":600,"height":600,"url":"https:\/\/medicinasinc.com\/lt\/wp-content\/uploads\/sites\/9\/2022\/02\/Aprobarbitone.jpg","type":"image\/jpeg"}],"twitter_card":"summary_large_image","twitter_misc":{"Est. reading time":"1 minute"},"schema":{"@context":"https:\/\/schema.org","@graph":[{"@type":"WebPage","@id":"https:\/\/medicinasinc.com\/lt\/product\/patvirtinimo-tonas\/","url":"https:\/\/medicinasinc.com\/lt\/product\/patvirtinimo-tonas\/","name":"Pirkite aprobarbiton\u0105 \u2013 geriausius pasaulinius vaistus","isPartOf":{"@id":"https:\/\/medicinasinc.com\/lt\/#website"},"primaryImageOfPage":{"@id":"https:\/\/medicinasinc.com\/lt\/product\/patvirtinimo-tonas\/#primaryimage"},"image":{"@id":"https:\/\/medicinasinc.com\/lt\/product\/patvirtinimo-tonas\/#primaryimage"},"thumbnailUrl":"https:\/\/medicinasinc.com\/lt\/wp-content\/uploads\/sites\/9\/2022\/02\/Aprobarbitone.jpg","datePublished":"2022-02-22T07:19:31+00:00","dateModified":"2022-03-20T12:06:54+00:00","breadcrumb":{"@id":"https:\/\/medicinasinc.com\/lt\/product\/patvirtinimo-tonas\/#breadcrumb"},"inLanguage":"en-US","potentialAction":[{"@type":"ReadAction","target":["https:\/\/medicinasinc.com\/lt\/product\/patvirtinimo-tonas\/"]}]},{"@type":"ImageObject","inLanguage":"en-US","@id":"https:\/\/medicinasinc.com\/lt\/product\/patvirtinimo-tonas\/#primaryimage","url":"https:\/\/medicinasinc.com\/lt\/wp-content\/uploads\/sites\/9\/2022\/02\/Aprobarbitone.jpg","contentUrl":"https:\/\/medicinasinc.com\/lt\/wp-content\/uploads\/sites\/9\/2022\/02\/Aprobarbitone.jpg","width":600,"height":600},{"@type":"BreadcrumbList","@id":"https:\/\/medicinasinc.com\/lt\/product\/patvirtinimo-tonas\/#breadcrumb","itemListElement":[{"@type":"ListItem","position":1,"name":"Parduotuv\u0117","item":"https:\/\/medicinasinc.com\/lt\/parduotuve\/"},{"@type":"ListItem","position":2,"name":"patvirtinti barbiton\u0105"}]},{"@type":"WebSite","@id":"https:\/\/medicinasinc.com\/lt\/#website","url":"https:\/\/medicinasinc.com\/lt\/","name":"Medicinas Inc","description":"Sveikatos medicinos klinika","potentialAction":[{"@type":"SearchAction","target":{"@type":"EntryPoint","urlTemplate":"https:\/\/medicinasinc.com\/lt\/?s={search_term_string}"},"query-input":{"@type":"PropertyValueSpecification","valueRequired":true,"valueName":"search_term_string"}}],"inLanguage":"en-US"}]}},"_links":{"self":[{"href":"https:\/\/medicinasinc.com\/lt\/wp-json\/wp\/v2\/product\/5846","targetHints":{"allow":["GET"]}}],"collection":[{"href":"https:\/\/medicinasinc.com\/lt\/wp-json\/wp\/v2\/product"}],"about":[{"href":"https:\/\/medicinasinc.com\/lt\/wp-json\/wp\/v2\/types\/product"}],"replies":[{"embeddable":true,"href":"https:\/\/medicinasinc.com\/lt\/wp-json\/wp\/v2\/comments?post=5846"}],"wp:featuredmedia":[{"embeddable":true,"href":"https:\/\/medicinasinc.com\/lt\/wp-json\/wp\/v2\/media\/5856"}],"wp:attachment":[{"href":"https:\/\/medicinasinc.com\/lt\/wp-json\/wp\/v2\/media?parent=5846"}],"wp:term":[{"taxonomy":"product_brand","embeddable":true,"href":"https:\/\/medicinasinc.com\/lt\/wp-json\/wp\/v2\/product_brand?post=5846"},{"taxonomy":"product_cat","embeddable":true,"href":"https:\/\/medicinasinc.com\/lt\/wp-json\/wp\/v2\/product_cat?post=5846"},{"taxonomy":"product_tag","embeddable":true,"href":"https:\/\/medicinasinc.com\/lt\/wp-json\/wp\/v2\/product_tag?post=5846"}],"curies":[{"name":"wp","href":"https:\/\/api.w.org\/{rel}","templated":true}]}}