{"id":5840,"date":"2022-02-22T07:12:38","date_gmt":"2022-02-22T07:12:38","guid":{"rendered":"https:\/\/medicinasinc.com\/lt\/?post_type=product&#038;p=5840"},"modified":"2022-03-20T12:07:02","modified_gmt":"2022-03-20T12:07:02","slug":"bralobarbitalis-vesparaksas","status":"publish","type":"product","link":"https:\/\/medicinasinc.com\/lt\/product\/bralobarbitalis-vesparaksas\/","title":{"rendered":"Bralobarbitalis (Vesparax)"},"content":{"rendered":"<p>Brallobarbitalio (Vesparax) pirkimas internetu i\u0161 patikimos vaistin\u0117s<\/p>\n<p>Internetas Nembutal vaistin\u0117 prekiauja su Brallobarbital (Vesparax) internetin\u0117je platformoje ir pristato j\u012f vartotojams, kurie j\u012f u\u017esisak\u0117 per nurodyt\u0105 laikotarp\u012f. Esame patikima internetin\u0117 vaistin\u0117, kurioje galite \u012fsigyti Vesparax u\u017e ma\u017eiausi\u0105 \u012fmanom\u0105 kain\u0105. M\u016bs\u0173 kainos yra neprilygstamos ir prieinamos visiems. Be to, turime komand\u0105, kuri laiku patenkins j\u016bs\u0173 reikalavimus ir specifikacijas, susijusias su \u201eNembutal Brallobarbital\u201c. Dabar galite lengvai u\u017esisakyti Nembutal Brallobarbital m\u016bs\u0173 vaistin\u0117je ir per kelias dienas pristatyti j\u012f \u012f namus.<\/p>\n<p>Kaip naudojamas brallobarbitalis (Vesparax)?<\/p>\n<p>Vesparax da\u017enai vadinamas kaip netipinis antipsichozinis vaistas. Jis veikia modifikuodamas smegen\u0173 neuromediatori\u0173 veikl\u0105. Nustatyta, kad \u0161\u012f vaist\u0105 gali vartoti tik suaugusieji ir jo negalima duoti jaunesniems nei 18 met\u0173 asmenims.<\/p>\n<p>Vesparax yra \u012fvairi\u0173 pritaikym\u0173, \u012fskaitant:<\/p>\n<p>Prisideda prie \u0161izofrenija sergan\u010di\u0173 suaugusi\u0173j\u0173 ir vaik\u0173 gydymo<br \/> Skiriamas suaugusi\u0173j\u0173 ir vaik\u0173 bipoliniam sutrikimui gydyti, taip pat suaugusi\u0173j\u0173 did\u017eiosios depresijos sutrikimui gydyti, kai jis vartojamas kartu su antidepresantais.<\/p>\n","protected":false},"excerpt":{"rendered":"<p>Susisiekite su internetine \u201eNembutal\u201c vaistine<\/p>\n<p>Dabar \u201eNembutal\u201c internetin\u0117 vaistin\u0117 pasiekiama vos keliais paspaudimais! Nor\u0117dami gauti atsakymus \u012f savo klausimus, galite susisiekti su mumis telefonu, \u017einute arba el. Garantuojame, kad \u012fvykdysime J\u016bs\u0173 u\u017eklaus\u0105 per nurodyt\u0105 laik\u0105. Pateikite u\u017esakym\u0105, kad \u012fsigytum\u0117te \u201eVesparax\u201c internetu dabar!<\/p>\n","protected":false},"featured_media":5850,"comment_status":"open","ping_status":"closed","template":"","meta":[],"product_brand":[],"product_cat":[3818],"product_tag":[],"class_list":{"0":"post-5840","1":"product","2":"type-product","3":"status-publish","4":"has-post-thumbnail","6":"product_cat-parduodu-pentobarbitalis","8":"first","9":"instock","10":"shipping-taxable","11":"purchasable","12":"product-type-variable"},"yoast_head":"<!-- This site is optimized with the Yoast SEO plugin v27.3 - https:\/\/yoast.com\/product\/yoast-seo-wordpress\/ -->\n<title>Brallobarbitalis (Vesparax) \u2013 geriausi pasauliniai vaistai<\/title>\n<meta name=\"robots\" content=\"index, follow, max-snippet:-1, max-image-preview:large, max-video-preview:-1\" \/>\n<link rel=\"canonical\" href=\"https:\/\/medicinasinc.com\/lt\/product\/bralobarbitalis-vesparaksas\/\" \/>\n<meta property=\"og:locale\" content=\"en_US\" \/>\n<meta property=\"og:type\" content=\"article\" \/>\n<meta property=\"og:title\" content=\"Brallobarbitalis (Vesparax) \u2013 geriausi pasauliniai vaistai\" \/>\n<meta property=\"og:description\" content=\"Susisiekite su internetine \u201eNembutal\u201c vaistine Dabar \u201eNembutal\u201c internetin\u0117 vaistin\u0117 pasiekiama vos keliais paspaudimais! Nor\u0117dami gauti atsakymus \u012f savo klausimus, galite susisiekti su mumis telefonu, \u017einute arba el. Garantuojame, kad \u012fvykdysime J\u016bs\u0173 u\u017eklaus\u0105 per nurodyt\u0105 laik\u0105. Pateikite u\u017esakym\u0105, kad \u012fsigytum\u0117te \u201eVesparax\u201c internetu dabar!\" \/>\n<meta property=\"og:url\" content=\"https:\/\/medicinasinc.com\/lt\/product\/bralobarbitalis-vesparaksas\/\" \/>\n<meta property=\"og:site_name\" content=\"Medicinas Inc\" \/>\n<meta property=\"article:modified_time\" content=\"2022-03-20T12:07:02+00:00\" \/>\n<meta property=\"og:image\" content=\"https:\/\/medicinasinc.com\/lt\/wp-content\/uploads\/sites\/9\/2022\/02\/Brallobarbital-Vesparax.jpg\" \/>\n\t<meta property=\"og:image:width\" content=\"600\" \/>\n\t<meta property=\"og:image:height\" content=\"600\" \/>\n\t<meta property=\"og:image:type\" content=\"image\/jpeg\" \/>\n<meta name=\"twitter:card\" content=\"summary_large_image\" \/>\n<meta name=\"twitter:label1\" content=\"Est. reading time\" \/>\n\t<meta name=\"twitter:data1\" content=\"1 minute\" \/>\n<script type=\"application\/ld+json\" class=\"yoast-schema-graph\">{\"@context\":\"https:\\\/\\\/schema.org\",\"@graph\":[{\"@type\":\"WebPage\",\"@id\":\"https:\\\/\\\/medicinasinc.com\\\/lt\\\/product\\\/bralobarbitalis-vesparaksas\\\/\",\"url\":\"https:\\\/\\\/medicinasinc.com\\\/lt\\\/product\\\/bralobarbitalis-vesparaksas\\\/\",\"name\":\"Brallobarbitalis (Vesparax) \u2013 geriausi pasauliniai vaistai\",\"isPartOf\":{\"@id\":\"https:\\\/\\\/medicinasinc.com\\\/lt\\\/#website\"},\"primaryImageOfPage\":{\"@id\":\"https:\\\/\\\/medicinasinc.com\\\/lt\\\/product\\\/bralobarbitalis-vesparaksas\\\/#primaryimage\"},\"image\":{\"@id\":\"https:\\\/\\\/medicinasinc.com\\\/lt\\\/product\\\/bralobarbitalis-vesparaksas\\\/#primaryimage\"},\"thumbnailUrl\":\"https:\\\/\\\/medicinasinc.com\\\/lt\\\/wp-content\\\/uploads\\\/sites\\\/9\\\/2022\\\/02\\\/Brallobarbital-Vesparax.jpg\",\"datePublished\":\"2022-02-22T07:12:38+00:00\",\"dateModified\":\"2022-03-20T12:07:02+00:00\",\"breadcrumb\":{\"@id\":\"https:\\\/\\\/medicinasinc.com\\\/lt\\\/product\\\/bralobarbitalis-vesparaksas\\\/#breadcrumb\"},\"inLanguage\":\"en-US\",\"potentialAction\":[{\"@type\":\"ReadAction\",\"target\":[\"https:\\\/\\\/medicinasinc.com\\\/lt\\\/product\\\/bralobarbitalis-vesparaksas\\\/\"]}]},{\"@type\":\"ImageObject\",\"inLanguage\":\"en-US\",\"@id\":\"https:\\\/\\\/medicinasinc.com\\\/lt\\\/product\\\/bralobarbitalis-vesparaksas\\\/#primaryimage\",\"url\":\"https:\\\/\\\/medicinasinc.com\\\/lt\\\/wp-content\\\/uploads\\\/sites\\\/9\\\/2022\\\/02\\\/Brallobarbital-Vesparax.jpg\",\"contentUrl\":\"https:\\\/\\\/medicinasinc.com\\\/lt\\\/wp-content\\\/uploads\\\/sites\\\/9\\\/2022\\\/02\\\/Brallobarbital-Vesparax.jpg\",\"width\":600,\"height\":600},{\"@type\":\"BreadcrumbList\",\"@id\":\"https:\\\/\\\/medicinasinc.com\\\/lt\\\/product\\\/bralobarbitalis-vesparaksas\\\/#breadcrumb\",\"itemListElement\":[{\"@type\":\"ListItem\",\"position\":1,\"name\":\"Parduotuv\u0117\",\"item\":\"https:\\\/\\\/medicinasinc.com\\\/lt\\\/parduotuve\\\/\"},{\"@type\":\"ListItem\",\"position\":2,\"name\":\"Bralobarbitalis (Vesparax)\"}]},{\"@type\":\"WebSite\",\"@id\":\"https:\\\/\\\/medicinasinc.com\\\/lt\\\/#website\",\"url\":\"https:\\\/\\\/medicinasinc.com\\\/lt\\\/\",\"name\":\"Medicinas Inc\",\"description\":\"Sveikatos medicinos klinika\",\"potentialAction\":[{\"@type\":\"SearchAction\",\"target\":{\"@type\":\"EntryPoint\",\"urlTemplate\":\"https:\\\/\\\/medicinasinc.com\\\/lt\\\/?s={search_term_string}\"},\"query-input\":{\"@type\":\"PropertyValueSpecification\",\"valueRequired\":true,\"valueName\":\"search_term_string\"}}],\"inLanguage\":\"en-US\"}]}<\/script>\n<!-- \/ Yoast SEO plugin. -->","yoast_head_json":{"title":"Brallobarbitalis (Vesparax) \u2013 geriausi pasauliniai vaistai","robots":{"index":"index","follow":"follow","max-snippet":"max-snippet:-1","max-image-preview":"max-image-preview:large","max-video-preview":"max-video-preview:-1"},"canonical":"https:\/\/medicinasinc.com\/lt\/product\/bralobarbitalis-vesparaksas\/","og_locale":"en_US","og_type":"article","og_title":"Brallobarbitalis (Vesparax) \u2013 geriausi pasauliniai vaistai","og_description":"Susisiekite su internetine \u201eNembutal\u201c vaistine Dabar \u201eNembutal\u201c internetin\u0117 vaistin\u0117 pasiekiama vos keliais paspaudimais! Nor\u0117dami gauti atsakymus \u012f savo klausimus, galite susisiekti su mumis telefonu, \u017einute arba el. Garantuojame, kad \u012fvykdysime J\u016bs\u0173 u\u017eklaus\u0105 per nurodyt\u0105 laik\u0105. Pateikite u\u017esakym\u0105, kad \u012fsigytum\u0117te \u201eVesparax\u201c internetu dabar!","og_url":"https:\/\/medicinasinc.com\/lt\/product\/bralobarbitalis-vesparaksas\/","og_site_name":"Medicinas Inc","article_modified_time":"2022-03-20T12:07:02+00:00","og_image":[{"width":600,"height":600,"url":"https:\/\/medicinasinc.com\/lt\/wp-content\/uploads\/sites\/9\/2022\/02\/Brallobarbital-Vesparax.jpg","type":"image\/jpeg"}],"twitter_card":"summary_large_image","twitter_misc":{"Est. reading time":"1 minute"},"schema":{"@context":"https:\/\/schema.org","@graph":[{"@type":"WebPage","@id":"https:\/\/medicinasinc.com\/lt\/product\/bralobarbitalis-vesparaksas\/","url":"https:\/\/medicinasinc.com\/lt\/product\/bralobarbitalis-vesparaksas\/","name":"Brallobarbitalis (Vesparax) \u2013 geriausi pasauliniai vaistai","isPartOf":{"@id":"https:\/\/medicinasinc.com\/lt\/#website"},"primaryImageOfPage":{"@id":"https:\/\/medicinasinc.com\/lt\/product\/bralobarbitalis-vesparaksas\/#primaryimage"},"image":{"@id":"https:\/\/medicinasinc.com\/lt\/product\/bralobarbitalis-vesparaksas\/#primaryimage"},"thumbnailUrl":"https:\/\/medicinasinc.com\/lt\/wp-content\/uploads\/sites\/9\/2022\/02\/Brallobarbital-Vesparax.jpg","datePublished":"2022-02-22T07:12:38+00:00","dateModified":"2022-03-20T12:07:02+00:00","breadcrumb":{"@id":"https:\/\/medicinasinc.com\/lt\/product\/bralobarbitalis-vesparaksas\/#breadcrumb"},"inLanguage":"en-US","potentialAction":[{"@type":"ReadAction","target":["https:\/\/medicinasinc.com\/lt\/product\/bralobarbitalis-vesparaksas\/"]}]},{"@type":"ImageObject","inLanguage":"en-US","@id":"https:\/\/medicinasinc.com\/lt\/product\/bralobarbitalis-vesparaksas\/#primaryimage","url":"https:\/\/medicinasinc.com\/lt\/wp-content\/uploads\/sites\/9\/2022\/02\/Brallobarbital-Vesparax.jpg","contentUrl":"https:\/\/medicinasinc.com\/lt\/wp-content\/uploads\/sites\/9\/2022\/02\/Brallobarbital-Vesparax.jpg","width":600,"height":600},{"@type":"BreadcrumbList","@id":"https:\/\/medicinasinc.com\/lt\/product\/bralobarbitalis-vesparaksas\/#breadcrumb","itemListElement":[{"@type":"ListItem","position":1,"name":"Parduotuv\u0117","item":"https:\/\/medicinasinc.com\/lt\/parduotuve\/"},{"@type":"ListItem","position":2,"name":"Bralobarbitalis (Vesparax)"}]},{"@type":"WebSite","@id":"https:\/\/medicinasinc.com\/lt\/#website","url":"https:\/\/medicinasinc.com\/lt\/","name":"Medicinas Inc","description":"Sveikatos medicinos klinika","potentialAction":[{"@type":"SearchAction","target":{"@type":"EntryPoint","urlTemplate":"https:\/\/medicinasinc.com\/lt\/?s={search_term_string}"},"query-input":{"@type":"PropertyValueSpecification","valueRequired":true,"valueName":"search_term_string"}}],"inLanguage":"en-US"}]}},"_links":{"self":[{"href":"https:\/\/medicinasinc.com\/lt\/wp-json\/wp\/v2\/product\/5840","targetHints":{"allow":["GET"]}}],"collection":[{"href":"https:\/\/medicinasinc.com\/lt\/wp-json\/wp\/v2\/product"}],"about":[{"href":"https:\/\/medicinasinc.com\/lt\/wp-json\/wp\/v2\/types\/product"}],"replies":[{"embeddable":true,"href":"https:\/\/medicinasinc.com\/lt\/wp-json\/wp\/v2\/comments?post=5840"}],"wp:featuredmedia":[{"embeddable":true,"href":"https:\/\/medicinasinc.com\/lt\/wp-json\/wp\/v2\/media\/5850"}],"wp:attachment":[{"href":"https:\/\/medicinasinc.com\/lt\/wp-json\/wp\/v2\/media?parent=5840"}],"wp:term":[{"taxonomy":"product_brand","embeddable":true,"href":"https:\/\/medicinasinc.com\/lt\/wp-json\/wp\/v2\/product_brand?post=5840"},{"taxonomy":"product_cat","embeddable":true,"href":"https:\/\/medicinasinc.com\/lt\/wp-json\/wp\/v2\/product_cat?post=5840"},{"taxonomy":"product_tag","embeddable":true,"href":"https:\/\/medicinasinc.com\/lt\/wp-json\/wp\/v2\/product_tag?post=5840"}],"curies":[{"name":"wp","href":"https:\/\/api.w.org\/{rel}","templated":true}]}}