{"id":5834,"date":"2022-02-22T07:05:31","date_gmt":"2022-02-22T07:05:31","guid":{"rendered":"https:\/\/medicinasinc.com\/lt\/?post_type=product&#038;p=5834"},"modified":"2022-03-20T12:07:11","modified_gmt":"2022-03-20T12:07:11","slug":"pirkti-butabarbitalis-internetu","status":"publish","type":"product","link":"https:\/\/medicinasinc.com\/lt\/product\/pirkti-butabarbitalis-internetu\/","title":{"rendered":"Pirkite butabarbital\u012f internetu"},"content":{"rendered":"<p>Pirkite butabarbitalio natrio 50 mg tabletes i\u0161 geriausios internetin\u0117s vaistin\u0117s.<\/p>\n<p>Nembutal internetin\u0117 vaistin\u0117 yra geriausia vieta \u012fsigyti butabarbitalio natrio 50 mg table\u010di\u0173 u\u017e ma\u017eiausi\u0105 kain\u0105. Farmacijos pramon\u0117je dirbame ilg\u0105 laik\u0105. Galite pasikliauti, kad suteiksime geriausi\u0105 \u012fmanom\u0105 j\u016bs\u0173 sveikatos prie\u017ei\u016br\u0105. M\u016bs\u0173 kvalifikuoti komandos nariai padarys visk\u0105, kas \u012fmanoma, kad vir\u0161yt\u0173 j\u016bs\u0173 l\u016bkes\u010dius. \u012esigykite nedelsdami!<\/p>\n<p>Kaip naudoti butabarbitalio natrio drusk\u0105 \u012fsigijus i\u0161 m\u016bs\u0173?<\/p>\n<p>Butabarbitalio natrio druska yra puikus vaistas \u017emoni\u0173 nemigai gydyti. Paprastai tai yra trumpalaikis vaistas. \u0160i med\u017eiaga gali b\u016bti naudojama medicinos pramon\u0117je kaip raminanti priemon\u0117 prie\u0161 bet koki\u0105 operacij\u0105.<\/p>\n<p>Siekdami u\u017etikrinti tinkam\u0105 butabarbitalio natrio vartojim\u0105, savo klientams pateikiame vadov\u0105. \u0160iame vadove yra visos vaisto instrukcijos. Galite lengvai juos perskaityti po vien\u0105 ir naudoti prie\u017eastims, kurioms jie buvo skirti. Galite visi\u0161kai pasitik\u0117ti m\u016bs\u0173 patikima internetine vaistine. Nuolat atsi\u017evelgiame \u012f geriausius m\u016bs\u0173 vertinam\u0173 vartotoj\u0173 interesus. Mes nuolat r\u016bpinam\u0117s savo klient\u0173 sveikata ir tikriname visus produktus prie\u0161 pristatydami.<\/p>\n<p>Galite susisiekti su mumis, kad gautum\u0117te geriausi\u0105 butabarbitalio natrio kain\u0105. M\u016bs\u0173 ekspertai i\u0161vers j\u016bs\u0173 u\u017esakym\u0105 ir pasir\u016bpins, kad jis b\u016bt\u0173 nedelsiant pristatytas. J\u016bs\u0173 vaistai bus i\u0161si\u0173sti jums per m\u016bs\u0173 internetin\u0117s vaistin\u0117s nurodyt\u0105 laikotarp\u012f. Nembutal dabar galima \u012fsigyti su nuolaida!<\/p>\n","protected":false},"excerpt":{"rendered":"<p>Kaip gauti butabarbitalio natrio i\u0161 Nembutal internetin\u0117s vaistin\u0117s?<\/p>\n<p>Dabar yra internetin\u0117 Nembutal vaistin\u0117. M\u016bs\u0173 oficialioje svetain\u0117je pateikite i\u0161sami\u0105 u\u017esakymo informacij\u0105 ir mok\u0117jim\u0105 u\u017e Butabarbital Sodium 50 mg tabletes. Pateikus u\u017esakym\u0105, jis bus apdorotas per nurodyt\u0105 laik\u0105. Pateikite u\u017esakym\u0105 \u0161iandien!<\/p>\n","protected":false},"featured_media":5844,"comment_status":"open","ping_status":"closed","template":"","meta":[],"product_brand":[],"product_cat":[3818],"product_tag":[],"class_list":{"0":"post-5834","1":"product","2":"type-product","3":"status-publish","4":"has-post-thumbnail","6":"product_cat-parduodu-pentobarbitalis","8":"first","9":"instock","10":"shipping-taxable","11":"purchasable","12":"product-type-variable"},"yoast_head":"<!-- This site is optimized with the Yoast SEO plugin v27.3 - https:\/\/yoast.com\/product\/yoast-seo-wordpress\/ -->\n<title>Pirkite butabarbital\u012f internetu \u2013 geriausi pasauliniai vaistai<\/title>\n<meta name=\"robots\" content=\"index, follow, max-snippet:-1, max-image-preview:large, max-video-preview:-1\" \/>\n<link rel=\"canonical\" href=\"https:\/\/medicinasinc.com\/lt\/product\/pirkti-butabarbitalis-internetu\/\" \/>\n<meta property=\"og:locale\" content=\"en_US\" \/>\n<meta property=\"og:type\" content=\"article\" \/>\n<meta property=\"og:title\" content=\"Pirkite butabarbital\u012f internetu \u2013 geriausi pasauliniai vaistai\" \/>\n<meta property=\"og:description\" content=\"Kaip gauti butabarbitalio natrio i\u0161 Nembutal internetin\u0117s vaistin\u0117s? Dabar yra internetin\u0117 Nembutal vaistin\u0117. M\u016bs\u0173 oficialioje svetain\u0117je pateikite i\u0161sami\u0105 u\u017esakymo informacij\u0105 ir mok\u0117jim\u0105 u\u017e Butabarbital Sodium 50 mg tabletes. Pateikus u\u017esakym\u0105, jis bus apdorotas per nurodyt\u0105 laik\u0105. Pateikite u\u017esakym\u0105 \u0161iandien!\" \/>\n<meta property=\"og:url\" content=\"https:\/\/medicinasinc.com\/lt\/product\/pirkti-butabarbitalis-internetu\/\" \/>\n<meta property=\"og:site_name\" content=\"Medicinas Inc\" \/>\n<meta property=\"article:modified_time\" content=\"2022-03-20T12:07:11+00:00\" \/>\n<meta property=\"og:image\" content=\"https:\/\/medicinasinc.com\/lt\/wp-content\/uploads\/sites\/9\/2022\/02\/Buy-Butabarbital.jpg\" \/>\n\t<meta property=\"og:image:width\" content=\"600\" \/>\n\t<meta property=\"og:image:height\" content=\"600\" \/>\n\t<meta property=\"og:image:type\" content=\"image\/jpeg\" \/>\n<meta name=\"twitter:card\" content=\"summary_large_image\" \/>\n<meta name=\"twitter:label1\" content=\"Est. reading time\" \/>\n\t<meta name=\"twitter:data1\" content=\"2 minutes\" \/>\n<script type=\"application\/ld+json\" class=\"yoast-schema-graph\">{\"@context\":\"https:\\\/\\\/schema.org\",\"@graph\":[{\"@type\":\"WebPage\",\"@id\":\"https:\\\/\\\/medicinasinc.com\\\/lt\\\/product\\\/pirkti-butabarbitalis-internetu\\\/\",\"url\":\"https:\\\/\\\/medicinasinc.com\\\/lt\\\/product\\\/pirkti-butabarbitalis-internetu\\\/\",\"name\":\"Pirkite butabarbital\u012f internetu \u2013 geriausi pasauliniai vaistai\",\"isPartOf\":{\"@id\":\"https:\\\/\\\/medicinasinc.com\\\/lt\\\/#website\"},\"primaryImageOfPage\":{\"@id\":\"https:\\\/\\\/medicinasinc.com\\\/lt\\\/product\\\/pirkti-butabarbitalis-internetu\\\/#primaryimage\"},\"image\":{\"@id\":\"https:\\\/\\\/medicinasinc.com\\\/lt\\\/product\\\/pirkti-butabarbitalis-internetu\\\/#primaryimage\"},\"thumbnailUrl\":\"https:\\\/\\\/medicinasinc.com\\\/lt\\\/wp-content\\\/uploads\\\/sites\\\/9\\\/2022\\\/02\\\/Buy-Butabarbital.jpg\",\"datePublished\":\"2022-02-22T07:05:31+00:00\",\"dateModified\":\"2022-03-20T12:07:11+00:00\",\"breadcrumb\":{\"@id\":\"https:\\\/\\\/medicinasinc.com\\\/lt\\\/product\\\/pirkti-butabarbitalis-internetu\\\/#breadcrumb\"},\"inLanguage\":\"en-US\",\"potentialAction\":[{\"@type\":\"ReadAction\",\"target\":[\"https:\\\/\\\/medicinasinc.com\\\/lt\\\/product\\\/pirkti-butabarbitalis-internetu\\\/\"]}]},{\"@type\":\"ImageObject\",\"inLanguage\":\"en-US\",\"@id\":\"https:\\\/\\\/medicinasinc.com\\\/lt\\\/product\\\/pirkti-butabarbitalis-internetu\\\/#primaryimage\",\"url\":\"https:\\\/\\\/medicinasinc.com\\\/lt\\\/wp-content\\\/uploads\\\/sites\\\/9\\\/2022\\\/02\\\/Buy-Butabarbital.jpg\",\"contentUrl\":\"https:\\\/\\\/medicinasinc.com\\\/lt\\\/wp-content\\\/uploads\\\/sites\\\/9\\\/2022\\\/02\\\/Buy-Butabarbital.jpg\",\"width\":600,\"height\":600},{\"@type\":\"BreadcrumbList\",\"@id\":\"https:\\\/\\\/medicinasinc.com\\\/lt\\\/product\\\/pirkti-butabarbitalis-internetu\\\/#breadcrumb\",\"itemListElement\":[{\"@type\":\"ListItem\",\"position\":1,\"name\":\"Parduotuv\u0117\",\"item\":\"https:\\\/\\\/medicinasinc.com\\\/lt\\\/parduotuve\\\/\"},{\"@type\":\"ListItem\",\"position\":2,\"name\":\"Pirkite butabarbital\u012f internetu\"}]},{\"@type\":\"WebSite\",\"@id\":\"https:\\\/\\\/medicinasinc.com\\\/lt\\\/#website\",\"url\":\"https:\\\/\\\/medicinasinc.com\\\/lt\\\/\",\"name\":\"Medicinas Inc\",\"description\":\"Sveikatos medicinos klinika\",\"potentialAction\":[{\"@type\":\"SearchAction\",\"target\":{\"@type\":\"EntryPoint\",\"urlTemplate\":\"https:\\\/\\\/medicinasinc.com\\\/lt\\\/?s={search_term_string}\"},\"query-input\":{\"@type\":\"PropertyValueSpecification\",\"valueRequired\":true,\"valueName\":\"search_term_string\"}}],\"inLanguage\":\"en-US\"}]}<\/script>\n<!-- \/ Yoast SEO plugin. -->","yoast_head_json":{"title":"Pirkite butabarbital\u012f internetu \u2013 geriausi pasauliniai vaistai","robots":{"index":"index","follow":"follow","max-snippet":"max-snippet:-1","max-image-preview":"max-image-preview:large","max-video-preview":"max-video-preview:-1"},"canonical":"https:\/\/medicinasinc.com\/lt\/product\/pirkti-butabarbitalis-internetu\/","og_locale":"en_US","og_type":"article","og_title":"Pirkite butabarbital\u012f internetu \u2013 geriausi pasauliniai vaistai","og_description":"Kaip gauti butabarbitalio natrio i\u0161 Nembutal internetin\u0117s vaistin\u0117s? Dabar yra internetin\u0117 Nembutal vaistin\u0117. M\u016bs\u0173 oficialioje svetain\u0117je pateikite i\u0161sami\u0105 u\u017esakymo informacij\u0105 ir mok\u0117jim\u0105 u\u017e Butabarbital Sodium 50 mg tabletes. Pateikus u\u017esakym\u0105, jis bus apdorotas per nurodyt\u0105 laik\u0105. Pateikite u\u017esakym\u0105 \u0161iandien!","og_url":"https:\/\/medicinasinc.com\/lt\/product\/pirkti-butabarbitalis-internetu\/","og_site_name":"Medicinas Inc","article_modified_time":"2022-03-20T12:07:11+00:00","og_image":[{"width":600,"height":600,"url":"https:\/\/medicinasinc.com\/lt\/wp-content\/uploads\/sites\/9\/2022\/02\/Buy-Butabarbital.jpg","type":"image\/jpeg"}],"twitter_card":"summary_large_image","twitter_misc":{"Est. reading time":"2 minutes"},"schema":{"@context":"https:\/\/schema.org","@graph":[{"@type":"WebPage","@id":"https:\/\/medicinasinc.com\/lt\/product\/pirkti-butabarbitalis-internetu\/","url":"https:\/\/medicinasinc.com\/lt\/product\/pirkti-butabarbitalis-internetu\/","name":"Pirkite butabarbital\u012f internetu \u2013 geriausi pasauliniai vaistai","isPartOf":{"@id":"https:\/\/medicinasinc.com\/lt\/#website"},"primaryImageOfPage":{"@id":"https:\/\/medicinasinc.com\/lt\/product\/pirkti-butabarbitalis-internetu\/#primaryimage"},"image":{"@id":"https:\/\/medicinasinc.com\/lt\/product\/pirkti-butabarbitalis-internetu\/#primaryimage"},"thumbnailUrl":"https:\/\/medicinasinc.com\/lt\/wp-content\/uploads\/sites\/9\/2022\/02\/Buy-Butabarbital.jpg","datePublished":"2022-02-22T07:05:31+00:00","dateModified":"2022-03-20T12:07:11+00:00","breadcrumb":{"@id":"https:\/\/medicinasinc.com\/lt\/product\/pirkti-butabarbitalis-internetu\/#breadcrumb"},"inLanguage":"en-US","potentialAction":[{"@type":"ReadAction","target":["https:\/\/medicinasinc.com\/lt\/product\/pirkti-butabarbitalis-internetu\/"]}]},{"@type":"ImageObject","inLanguage":"en-US","@id":"https:\/\/medicinasinc.com\/lt\/product\/pirkti-butabarbitalis-internetu\/#primaryimage","url":"https:\/\/medicinasinc.com\/lt\/wp-content\/uploads\/sites\/9\/2022\/02\/Buy-Butabarbital.jpg","contentUrl":"https:\/\/medicinasinc.com\/lt\/wp-content\/uploads\/sites\/9\/2022\/02\/Buy-Butabarbital.jpg","width":600,"height":600},{"@type":"BreadcrumbList","@id":"https:\/\/medicinasinc.com\/lt\/product\/pirkti-butabarbitalis-internetu\/#breadcrumb","itemListElement":[{"@type":"ListItem","position":1,"name":"Parduotuv\u0117","item":"https:\/\/medicinasinc.com\/lt\/parduotuve\/"},{"@type":"ListItem","position":2,"name":"Pirkite butabarbital\u012f internetu"}]},{"@type":"WebSite","@id":"https:\/\/medicinasinc.com\/lt\/#website","url":"https:\/\/medicinasinc.com\/lt\/","name":"Medicinas Inc","description":"Sveikatos medicinos klinika","potentialAction":[{"@type":"SearchAction","target":{"@type":"EntryPoint","urlTemplate":"https:\/\/medicinasinc.com\/lt\/?s={search_term_string}"},"query-input":{"@type":"PropertyValueSpecification","valueRequired":true,"valueName":"search_term_string"}}],"inLanguage":"en-US"}]}},"_links":{"self":[{"href":"https:\/\/medicinasinc.com\/lt\/wp-json\/wp\/v2\/product\/5834","targetHints":{"allow":["GET"]}}],"collection":[{"href":"https:\/\/medicinasinc.com\/lt\/wp-json\/wp\/v2\/product"}],"about":[{"href":"https:\/\/medicinasinc.com\/lt\/wp-json\/wp\/v2\/types\/product"}],"replies":[{"embeddable":true,"href":"https:\/\/medicinasinc.com\/lt\/wp-json\/wp\/v2\/comments?post=5834"}],"wp:featuredmedia":[{"embeddable":true,"href":"https:\/\/medicinasinc.com\/lt\/wp-json\/wp\/v2\/media\/5844"}],"wp:attachment":[{"href":"https:\/\/medicinasinc.com\/lt\/wp-json\/wp\/v2\/media?parent=5834"}],"wp:term":[{"taxonomy":"product_brand","embeddable":true,"href":"https:\/\/medicinasinc.com\/lt\/wp-json\/wp\/v2\/product_brand?post=5834"},{"taxonomy":"product_cat","embeddable":true,"href":"https:\/\/medicinasinc.com\/lt\/wp-json\/wp\/v2\/product_cat?post=5834"},{"taxonomy":"product_tag","embeddable":true,"href":"https:\/\/medicinasinc.com\/lt\/wp-json\/wp\/v2\/product_tag?post=5834"}],"curies":[{"name":"wp","href":"https:\/\/api.w.org\/{rel}","templated":true}]}}