{"id":5828,"date":"2022-02-22T06:59:00","date_gmt":"2022-02-22T06:59:00","guid":{"rendered":"https:\/\/medicinasinc.com\/lt\/?post_type=product&#038;p=5828"},"modified":"2022-03-20T12:07:19","modified_gmt":"2022-03-20T12:07:19","slug":"pirkti-butalbital-internetu","status":"publish","type":"product","link":"https:\/\/medicinasinc.com\/lt\/product\/pirkti-butalbital-internetu\/","title":{"rendered":"Pirkite Butalbital internetu"},"content":{"rendered":"<div class=\"mkdf-single-product-content\">\n<div class=\"mkdf-single-product-summary\">\n<div class=\"summary entry-summary\">\n<div class=\"woocommerce-tabs wc-tabs -wrapper\">\n<div id=\"tab-description\" class=\"woocommerce-Tabs-panel woocommerce-Tabs-panel--description panel entry-content wc-tab\" role=\"tabpanel\" aria-labelledby=\"tab-title -description\">\n<div id=\"ftwp-postcontent\">\n<p>Be recepto pirkite Nembutal Butalbital i\u0161 geriausios internetin\u0117s vaistin\u0117s<\/p>\n<p>Internetin\u0117 Nembutal vaistin\u0117 yra patikima internetin\u0117 vaistin\u0117, gerai \u017einoma jos profesionalumas ir auk\u0161tos kokyb\u0117s vaistai. Nembutal Butalbital galite lengvai \u012fsigyti internetu be recepto i\u0161 \u0161ios svetain\u0117s. Esame \u012fsipareigoj\u0119 teikti auk\u0161tos kokyb\u0117s produkt\u0105 klientams visame pasaulyje. Atsi\u017evelgiame \u012f kiekvieno kliento poreik\u012f ir poreik\u012f ir visada juos patenkiname pagal grafik\u0105.<\/p>\n<p>Galite greitai susisiekti su mumis per internetin\u0119 platform\u0105 ir per trump\u0105 laik\u0105 \u012fsigyti norimus vaistus. \u0160iandien Butalbital galite u\u017esisakyti internetu!<\/p>\n<p>Kokie yra Nembutal Butalbital privalumai?<\/p>\n<p>Butalbital yra receptinis vaistas, vartojamas trump\u0105 laik\u0105. \u0160is vaistas gali b\u016bti vartojamas kartu su kitais vaistais, tokiais kaip paracetamolis (acetaminofenas) arba aspirinas, siekiant suma\u017einti skausm\u0105 ir galvos skausm\u0105. Be to, jis buvo patvirtintas gydant \u012ftampos galvos skausm\u0105.<\/p>\n<p>Jei norite \u012fsigyti Butalbital internetu u\u017e geriausi\u0105 kain\u0105, pirmiausia \u012fd\u0117kite j\u012f \u012f krep\u0161el\u012f. Baig\u0119 papildym\u0105 galite t\u0119sti mok\u0117jim\u0105. Mes \u012ftrauk\u0117me \u012fvairius mok\u0117jimo \u0161liuzus. Galite pasirinkti tinkamiausi\u0105 ir u\u017ebaigti u\u017esakymo apmok\u0117jimo proces\u0105.<\/p>\n<p>Kur galiu nusipirkti Nembutal Butalbital internetu u\u017e geriausi\u0105 kain\u0105?<\/p>\n<p>Jei jums buvo paskirtas Butalbital, jis Pats laikas \u012fsigyti Butalbital internetu i\u0161 m\u016bs\u0173 Nembutal vaistin\u0117s.<\/p>\n<p>Susijungti su m\u016bs\u0173 internetine vaistine dar niekada nebuvo taip paprasta. M\u016bs\u0173 svetain\u0117 yra labai paprasta ir patogi, tod\u0117l m\u016bs\u0173 vartotojai gali jaustis patogiai u\u017esisakydami savo produktus.<\/p>\n<\/p><\/div><\/div><\/div><\/div><\/div><\/div>\n","protected":false},"excerpt":{"rendered":"<p>M\u016bs\u0173 internetin\u0117 vaistin\u0117 gaus j\u016bs\u0173 u\u017esakym\u0105 i\u0161 karto po pateikimo. Suteiksime jam prioritet\u0105 ir u\u017ebaigsime kuo grei\u010diau. Paprastai prekes pristatome per 5 dienas, o tai apima tik darbo dienas. Per savait\u0119 gausite geriausios b\u016bkl\u0117s Nembutal Butalbital. \u012esigykite nedelsdami!<\/p>\n","protected":false},"featured_media":5838,"comment_status":"open","ping_status":"closed","template":"","meta":[],"product_brand":[],"product_cat":[3818],"product_tag":[3972,3973,1051,3928,3978,4001,3980,3840,3982,3981,3983,4004,3979,4005,4006,3988,3845,3992,3984,3985,3986,3991,3995,3989,3990,3936,3994,3865,3977,3934,3996,3998,4000,3997,3987,3993,3999,3847,3976,3974,3975,4003,4002],"class_list":{"0":"post-5828","1":"product","2":"type-product","3":"status-publish","4":"has-post-thumbnail","6":"product_cat-parduodu-pentobarbitalis","7":"product_tag-and-amytal","8":"product_tag-are","9":"product_tag-buy-nembutal","10":"product_tag-buy-nembutal-online","11":"product_tag-drugs-prescribed-to-reduce-insomnia","12":"product_tag-gavimas-nembutal","13":"product_tag-how-much-nembutal-is-fatal","14":"product_tag-how-to-acquire-nembutal","15":"product_tag-how-to-make-nembutal","16":"product_tag-kaip-gauti-nembutal","17":"product_tag-kaip-paimti-nembutal-mirti","18":"product_tag-kas-yra-nembutalas","19":"product_tag-kiek-kainuoja-nembutalis","20":"product_tag-kur-galiu-pirkti-nembutal","21":"product_tag-kur-pirkti-nembutal-meksike","22":"product_tag-nembutal-mirtina-doze","23":"product_tag-nembutal","24":"product_tag-nembutal-be-recepto","25":"product_tag-nembutal-capsules","26":"product_tag-nembutal-china","27":"product_tag-nembutal-death","28":"product_tag-nembutal-online","29":"product_tag-nembutal-kaina","30":"product_tag-nembutal-mexico","31":"product_tag-nembutal-mexico-2018","32":"product_tag-nembutalis-milteliai","33":"product_tag-nembutal-pill","34":"product_tag-nembutal-pills-for-sale","35":"product_tag-pirkimas-nembutal-internetu","36":"product_tag-nembutal-pirkti-internetu","37":"product_tag-nembutal-reddit","38":"product_tag-nembutalo-alutinis-poveikis","39":"product_tag-nembutal-suppository","40":"product_tag-nebutalin-grafika","41":"product_tag-nembutal-apibrimas","42":"product_tag-nembutalis-pentobarbitalis","43":"product_tag-nembutalis-natris","44":"product_tag-nembutal-parduodamas","45":"product_tag-pirkimas-nembutalas","46":"product_tag-pirk-nembutal-kanada","47":"product_tag-pirk-nembutal-meksika","48":"product_tag-tarpinis","49":"product_tag-u-c5-besisakyti-nembutal-internete","51":"first","52":"instock","53":"shipping-taxable","54":"purchasable","55":"product-type-variable"},"yoast_head":"<!-- This site is optimized with the Yoast SEO plugin v27.3 - https:\/\/yoast.com\/product\/yoast-seo-wordpress\/ -->\n<title>Pirkite Butalbital internetu \u2013 geriausi pasauliniai vaistai<\/title>\n<meta name=\"robots\" content=\"index, follow, max-snippet:-1, max-image-preview:large, max-video-preview:-1\" \/>\n<link rel=\"canonical\" href=\"https:\/\/medicinasinc.com\/lt\/product\/pirkti-butalbital-internetu\/\" \/>\n<meta property=\"og:locale\" content=\"en_US\" \/>\n<meta property=\"og:type\" content=\"article\" \/>\n<meta property=\"og:title\" content=\"Pirkite Butalbital internetu \u2013 geriausi pasauliniai vaistai\" \/>\n<meta property=\"og:description\" content=\"M\u016bs\u0173 internetin\u0117 vaistin\u0117 gaus j\u016bs\u0173 u\u017esakym\u0105 i\u0161 karto po pateikimo. Suteiksime jam prioritet\u0105 ir u\u017ebaigsime kuo grei\u010diau. Paprastai prekes pristatome per 5 dienas, o tai apima tik darbo dienas. Per savait\u0119 gausite geriausios b\u016bkl\u0117s Nembutal Butalbital. \u012esigykite nedelsdami!\" \/>\n<meta property=\"og:url\" content=\"https:\/\/medicinasinc.com\/lt\/product\/pirkti-butalbital-internetu\/\" \/>\n<meta property=\"og:site_name\" content=\"Medicinas Inc\" \/>\n<meta property=\"article:modified_time\" content=\"2022-03-20T12:07:19+00:00\" \/>\n<meta property=\"og:image\" content=\"https:\/\/medicinasinc.com\/lt\/wp-content\/uploads\/sites\/9\/2022\/02\/Buy-Butalbital-Online.jpg\" \/>\n\t<meta property=\"og:image:width\" content=\"600\" \/>\n\t<meta property=\"og:image:height\" content=\"600\" \/>\n\t<meta property=\"og:image:type\" content=\"image\/jpeg\" \/>\n<meta name=\"twitter:card\" content=\"summary_large_image\" \/>\n<meta name=\"twitter:label1\" content=\"Est. reading time\" \/>\n\t<meta name=\"twitter:data1\" content=\"2 minutes\" \/>\n<script type=\"application\/ld+json\" class=\"yoast-schema-graph\">{\"@context\":\"https:\\\/\\\/schema.org\",\"@graph\":[{\"@type\":\"WebPage\",\"@id\":\"https:\\\/\\\/medicinasinc.com\\\/lt\\\/product\\\/pirkti-butalbital-internetu\\\/\",\"url\":\"https:\\\/\\\/medicinasinc.com\\\/lt\\\/product\\\/pirkti-butalbital-internetu\\\/\",\"name\":\"Pirkite Butalbital internetu \u2013 geriausi pasauliniai vaistai\",\"isPartOf\":{\"@id\":\"https:\\\/\\\/medicinasinc.com\\\/lt\\\/#website\"},\"primaryImageOfPage\":{\"@id\":\"https:\\\/\\\/medicinasinc.com\\\/lt\\\/product\\\/pirkti-butalbital-internetu\\\/#primaryimage\"},\"image\":{\"@id\":\"https:\\\/\\\/medicinasinc.com\\\/lt\\\/product\\\/pirkti-butalbital-internetu\\\/#primaryimage\"},\"thumbnailUrl\":\"https:\\\/\\\/medicinasinc.com\\\/lt\\\/wp-content\\\/uploads\\\/sites\\\/9\\\/2022\\\/02\\\/Buy-Butalbital-Online.jpg\",\"datePublished\":\"2022-02-22T06:59:00+00:00\",\"dateModified\":\"2022-03-20T12:07:19+00:00\",\"breadcrumb\":{\"@id\":\"https:\\\/\\\/medicinasinc.com\\\/lt\\\/product\\\/pirkti-butalbital-internetu\\\/#breadcrumb\"},\"inLanguage\":\"en-US\",\"potentialAction\":[{\"@type\":\"ReadAction\",\"target\":[\"https:\\\/\\\/medicinasinc.com\\\/lt\\\/product\\\/pirkti-butalbital-internetu\\\/\"]}]},{\"@type\":\"ImageObject\",\"inLanguage\":\"en-US\",\"@id\":\"https:\\\/\\\/medicinasinc.com\\\/lt\\\/product\\\/pirkti-butalbital-internetu\\\/#primaryimage\",\"url\":\"https:\\\/\\\/medicinasinc.com\\\/lt\\\/wp-content\\\/uploads\\\/sites\\\/9\\\/2022\\\/02\\\/Buy-Butalbital-Online.jpg\",\"contentUrl\":\"https:\\\/\\\/medicinasinc.com\\\/lt\\\/wp-content\\\/uploads\\\/sites\\\/9\\\/2022\\\/02\\\/Buy-Butalbital-Online.jpg\",\"width\":600,\"height\":600},{\"@type\":\"BreadcrumbList\",\"@id\":\"https:\\\/\\\/medicinasinc.com\\\/lt\\\/product\\\/pirkti-butalbital-internetu\\\/#breadcrumb\",\"itemListElement\":[{\"@type\":\"ListItem\",\"position\":1,\"name\":\"Parduotuv\u0117\",\"item\":\"https:\\\/\\\/medicinasinc.com\\\/lt\\\/parduotuve\\\/\"},{\"@type\":\"ListItem\",\"position\":2,\"name\":\"Pirkite Butalbital internetu\"}]},{\"@type\":\"WebSite\",\"@id\":\"https:\\\/\\\/medicinasinc.com\\\/lt\\\/#website\",\"url\":\"https:\\\/\\\/medicinasinc.com\\\/lt\\\/\",\"name\":\"Medicinas Inc\",\"description\":\"Sveikatos medicinos klinika\",\"potentialAction\":[{\"@type\":\"SearchAction\",\"target\":{\"@type\":\"EntryPoint\",\"urlTemplate\":\"https:\\\/\\\/medicinasinc.com\\\/lt\\\/?s={search_term_string}\"},\"query-input\":{\"@type\":\"PropertyValueSpecification\",\"valueRequired\":true,\"valueName\":\"search_term_string\"}}],\"inLanguage\":\"en-US\"}]}<\/script>\n<!-- \/ Yoast SEO plugin. -->","yoast_head_json":{"title":"Pirkite Butalbital internetu \u2013 geriausi pasauliniai vaistai","robots":{"index":"index","follow":"follow","max-snippet":"max-snippet:-1","max-image-preview":"max-image-preview:large","max-video-preview":"max-video-preview:-1"},"canonical":"https:\/\/medicinasinc.com\/lt\/product\/pirkti-butalbital-internetu\/","og_locale":"en_US","og_type":"article","og_title":"Pirkite Butalbital internetu \u2013 geriausi pasauliniai vaistai","og_description":"M\u016bs\u0173 internetin\u0117 vaistin\u0117 gaus j\u016bs\u0173 u\u017esakym\u0105 i\u0161 karto po pateikimo. Suteiksime jam prioritet\u0105 ir u\u017ebaigsime kuo grei\u010diau. Paprastai prekes pristatome per 5 dienas, o tai apima tik darbo dienas. Per savait\u0119 gausite geriausios b\u016bkl\u0117s Nembutal Butalbital. \u012esigykite nedelsdami!","og_url":"https:\/\/medicinasinc.com\/lt\/product\/pirkti-butalbital-internetu\/","og_site_name":"Medicinas Inc","article_modified_time":"2022-03-20T12:07:19+00:00","og_image":[{"width":600,"height":600,"url":"https:\/\/medicinasinc.com\/lt\/wp-content\/uploads\/sites\/9\/2022\/02\/Buy-Butalbital-Online.jpg","type":"image\/jpeg"}],"twitter_card":"summary_large_image","twitter_misc":{"Est. reading time":"2 minutes"},"schema":{"@context":"https:\/\/schema.org","@graph":[{"@type":"WebPage","@id":"https:\/\/medicinasinc.com\/lt\/product\/pirkti-butalbital-internetu\/","url":"https:\/\/medicinasinc.com\/lt\/product\/pirkti-butalbital-internetu\/","name":"Pirkite Butalbital internetu \u2013 geriausi pasauliniai vaistai","isPartOf":{"@id":"https:\/\/medicinasinc.com\/lt\/#website"},"primaryImageOfPage":{"@id":"https:\/\/medicinasinc.com\/lt\/product\/pirkti-butalbital-internetu\/#primaryimage"},"image":{"@id":"https:\/\/medicinasinc.com\/lt\/product\/pirkti-butalbital-internetu\/#primaryimage"},"thumbnailUrl":"https:\/\/medicinasinc.com\/lt\/wp-content\/uploads\/sites\/9\/2022\/02\/Buy-Butalbital-Online.jpg","datePublished":"2022-02-22T06:59:00+00:00","dateModified":"2022-03-20T12:07:19+00:00","breadcrumb":{"@id":"https:\/\/medicinasinc.com\/lt\/product\/pirkti-butalbital-internetu\/#breadcrumb"},"inLanguage":"en-US","potentialAction":[{"@type":"ReadAction","target":["https:\/\/medicinasinc.com\/lt\/product\/pirkti-butalbital-internetu\/"]}]},{"@type":"ImageObject","inLanguage":"en-US","@id":"https:\/\/medicinasinc.com\/lt\/product\/pirkti-butalbital-internetu\/#primaryimage","url":"https:\/\/medicinasinc.com\/lt\/wp-content\/uploads\/sites\/9\/2022\/02\/Buy-Butalbital-Online.jpg","contentUrl":"https:\/\/medicinasinc.com\/lt\/wp-content\/uploads\/sites\/9\/2022\/02\/Buy-Butalbital-Online.jpg","width":600,"height":600},{"@type":"BreadcrumbList","@id":"https:\/\/medicinasinc.com\/lt\/product\/pirkti-butalbital-internetu\/#breadcrumb","itemListElement":[{"@type":"ListItem","position":1,"name":"Parduotuv\u0117","item":"https:\/\/medicinasinc.com\/lt\/parduotuve\/"},{"@type":"ListItem","position":2,"name":"Pirkite Butalbital internetu"}]},{"@type":"WebSite","@id":"https:\/\/medicinasinc.com\/lt\/#website","url":"https:\/\/medicinasinc.com\/lt\/","name":"Medicinas Inc","description":"Sveikatos medicinos klinika","potentialAction":[{"@type":"SearchAction","target":{"@type":"EntryPoint","urlTemplate":"https:\/\/medicinasinc.com\/lt\/?s={search_term_string}"},"query-input":{"@type":"PropertyValueSpecification","valueRequired":true,"valueName":"search_term_string"}}],"inLanguage":"en-US"}]}},"_links":{"self":[{"href":"https:\/\/medicinasinc.com\/lt\/wp-json\/wp\/v2\/product\/5828","targetHints":{"allow":["GET"]}}],"collection":[{"href":"https:\/\/medicinasinc.com\/lt\/wp-json\/wp\/v2\/product"}],"about":[{"href":"https:\/\/medicinasinc.com\/lt\/wp-json\/wp\/v2\/types\/product"}],"replies":[{"embeddable":true,"href":"https:\/\/medicinasinc.com\/lt\/wp-json\/wp\/v2\/comments?post=5828"}],"wp:featuredmedia":[{"embeddable":true,"href":"https:\/\/medicinasinc.com\/lt\/wp-json\/wp\/v2\/media\/5838"}],"wp:attachment":[{"href":"https:\/\/medicinasinc.com\/lt\/wp-json\/wp\/v2\/media?parent=5828"}],"wp:term":[{"taxonomy":"product_brand","embeddable":true,"href":"https:\/\/medicinasinc.com\/lt\/wp-json\/wp\/v2\/product_brand?post=5828"},{"taxonomy":"product_cat","embeddable":true,"href":"https:\/\/medicinasinc.com\/lt\/wp-json\/wp\/v2\/product_cat?post=5828"},{"taxonomy":"product_tag","embeddable":true,"href":"https:\/\/medicinasinc.com\/lt\/wp-json\/wp\/v2\/product_tag?post=5828"}],"curies":[{"name":"wp","href":"https:\/\/api.w.org\/{rel}","templated":true}]}}