{"id":5816,"date":"2022-02-22T06:47:51","date_gmt":"2022-02-22T06:47:51","guid":{"rendered":"https:\/\/medicinasinc.com\/lt\/?post_type=product&#038;p=5816"},"modified":"2022-03-20T12:07:38","modified_gmt":"2022-03-20T12:07:38","slug":"pirkti-nembutal-tabletes","status":"publish","type":"product","link":"https:\/\/medicinasinc.com\/lt\/product\/pirkti-nembutal-tabletes\/","title":{"rendered":"Pirkite Nembutal tabletes"},"content":{"rendered":"<p>Nembutal tablet\u0117s parduodamos geriausioje internetin\u0117je vaistin\u0117je \u017eemomis kainomis<\/p>\n<p>Dabar galite nusipirkti Nembutal table\u010di\u0173 \u201eBest Global Meds\u201c ir panaudoti jas savo sveikatai. Atsi\u017evelgsime \u012f j\u016bs\u0173 u\u017esakym\u0105 ir pasir\u016bpinsime, kad jis b\u016bt\u0173 ten, kur tur\u0117t\u0173. Jei norite \u012fsigyti Nembutal table\u010di\u0173 pardavimui, susisiekite su mumis \u0161iandien.<\/p>\n<p>D\u0117l m\u016bs\u0173 puikios reputacijos versle galime tiekti Nembutal tabletes tiksliais b\u016bdais. Siekdami u\u017etikrinti, kad m\u016bs\u0173 klientai u\u017esakymus gaut\u0173 kuo grei\u010diau, taikome paprast\u0105 ir operatyv\u0173 pristatymo proces\u0105. Dedame visas pastangas siekdami u\u017etikrinti, kad m\u016bs\u0173 klientams nereik\u0117t\u0173 laukti savo produkt\u0173.<\/p>\n<p>Kaip profesionali internetin\u0117 vaistin\u0117, nepraleid\u017eiame n\u0117 vieno \u017eingsnio, kai norime u\u017etikrinti, kad j\u016bs\u0173 u\u017esakymas b\u016bt\u0173 pristatytas laiku. . Kad niekas nepasteb\u0117t\u0173, m\u016bs\u0173 komandos narys visk\u0105 stebi 24 valandas per par\u0105. Norime, kad m\u016bs\u0173 vartotojai kuo labiau r\u016bpint\u0173si savo gerove.<\/p>\n<p>Kokia yra Nembutal table\u010di\u0173 paskirtis?<\/p>\n<p>Nupirkdami Nembutal tabletes i\u0161 vietin\u0117s ambulatorijos ar vaistin\u0117s negausite j\u016bs tiesiog bet koks senas vaistas. Gydant miego tr\u016bkum\u0105, tai yra narkotin\u0117 med\u017eiaga, kuri vartojama didel\u0117mis doz\u0117mis. Pacientus ligonin\u0117se ir medicinos klinikose gydytojai ir chirurgai u\u017emigdo naudodami Nembutal tabletes, kad gal\u0117t\u0173 t\u0119sti proces\u0105. Tiems, kuriems reikalingos Nembutal piliul\u0117s, galite kreiptis \u012f internetin\u0119 Nembutal vaistin\u0119 \u2013 auk\u0161\u010diausios klas\u0117s internetin\u0119 vaistin\u0119. \u010cia rasite geriausius i\u0161 geriausi\u0173. Nedelsdami susisiekite su mumis!<\/p>\n","protected":false},"excerpt":{"rendered":"<p>Kaip rasti geriausi\u0105 internetin\u0119 vaistin\u0119, kurioje galima \u012fsigyti Nembutal table\u010di\u0173?<\/p>\n<p>\u012esigykite Nembutal [Piules i\u0161 m\u016bs\u0173 pasirinkt\u0173 pentobarbitalio natrio table\u010di\u0173 ir injekcij\u0173, vaist\u0173 barbit\u016brat\u0173 ir Nembutal, parduodami \u0161alia man\u0119s su saugiu transportavimu.<\/p>\n<p>Jei nesate tikri, kaip susisiekti su geriausia internetine vaistine ir nusipirkti Nembutal table\u010di\u0173 internetu, Pentobarbital Global Meds visada pasiruo\u0161\u0119s jums pad\u0117ti. Esame pasiruo\u0161\u0119 pad\u0117ti jums \u012fsigyti Nembutal Pills internetu u\u017e ma\u017eiausi\u0105 \u012fmanom\u0105 kain\u0105. \u010cia galite pateikti u\u017esakym\u0105 ir laukti, kol jis bus atliktas laiku. Mes neatid\u0117liosime pristatymo jokiu nereikalingu b\u016bdu. Nedelsdami susisiekite su mumis!<\/p>\n","protected":false},"featured_media":5826,"comment_status":"open","ping_status":"closed","template":"","meta":[],"product_brand":[],"product_cat":[3818],"product_tag":[3832,3825,3837,3839,3915,3865,3867,3868,3864,3857,3859,3860,3862,3858,3861,3863,3871],"class_list":{"0":"post-5816","1":"product","2":"type-product","3":"status-publish","4":"has-post-thumbnail","6":"product_cat-parduodu-pentobarbitalis","7":"product_tag-galiu-usisakyti-nembutal-online","8":"product_tag-buy-nembutal-pills-online","9":"product_tag-how-can-i-order-nembutal-pills","10":"product_tag-kaip-galiu-imbutal","11":"product_tag-kur-galiu-pirkti-nembutal-tabletes","12":"product_tag-nembutal-pills-for-sale","13":"product_tag-nembutal-pills-overdose","14":"product_tag-nembutal-pills-supplier","15":"product_tag-nembutal-pills-doze","16":"product_tag-nembutalo-tablets","17":"product_tag-nembutal-pills-buy-australija","18":"product_tag-nembutal-pills-buy-austria","19":"product_tag-nembutal-pills-pirkti-internetu","20":"product_tag-nembutal-tabletes-pirkti","21":"product_tag-nembutal-pills-buy-europe","22":"product_tag-nembutal-pills-buy-uk","23":"product_tag-u-c5-besisakyti-nembutal-tabletes","25":"first","26":"instock","27":"shipping-taxable","28":"purchasable","29":"product-type-variable"},"yoast_head":"<!-- This site is optimized with the Yoast SEO plugin v27.3 - https:\/\/yoast.com\/product\/yoast-seo-wordpress\/ -->\n<title>Pirkite Nembutal tabletes \u2013 geriausius pasaulinius vaistus<\/title>\n<meta name=\"description\" content=\"Pirkite Nembutal [Piules i\u0161 m\u016bs\u0173 Pentobarbitalio natrio table\u010di\u0173 &amp; amp; \u0161alia man\u0119s parduodamos injekcijos, vaistai barbit\u016bratai ir Nembutal su saugiu siuntimu.\" \/>\n<meta name=\"robots\" content=\"index, follow, max-snippet:-1, max-image-preview:large, max-video-preview:-1\" \/>\n<link rel=\"canonical\" href=\"https:\/\/medicinasinc.com\/lt\/product\/pirkti-nembutal-tabletes\/\" \/>\n<meta property=\"og:locale\" content=\"en_US\" \/>\n<meta property=\"og:type\" content=\"article\" \/>\n<meta property=\"og:title\" content=\"Pirkite Nembutal tabletes \u2013 geriausius pasaulinius vaistus\" \/>\n<meta property=\"og:description\" content=\"Pirkite Nembutal [Piules i\u0161 m\u016bs\u0173 Pentobarbitalio natrio table\u010di\u0173 &amp; amp; \u0161alia man\u0119s parduodamos injekcijos, vaistai barbit\u016bratai ir Nembutal su saugiu siuntimu.\" \/>\n<meta property=\"og:url\" content=\"https:\/\/medicinasinc.com\/lt\/product\/pirkti-nembutal-tabletes\/\" \/>\n<meta property=\"og:site_name\" content=\"Medicinas Inc\" \/>\n<meta property=\"article:modified_time\" content=\"2022-03-20T12:07:38+00:00\" \/>\n<meta property=\"og:image\" content=\"https:\/\/medicinasinc.com\/lt\/wp-content\/uploads\/sites\/9\/2022\/02\/Buy-Nembutal-Pills.jpg\" \/>\n\t<meta property=\"og:image:width\" content=\"600\" \/>\n\t<meta property=\"og:image:height\" content=\"600\" \/>\n\t<meta property=\"og:image:type\" content=\"image\/jpeg\" \/>\n<meta name=\"twitter:card\" content=\"summary_large_image\" \/>\n<meta name=\"twitter:label1\" content=\"Est. reading time\" \/>\n\t<meta name=\"twitter:data1\" content=\"2 minutes\" \/>\n<script type=\"application\/ld+json\" class=\"yoast-schema-graph\">{\"@context\":\"https:\\\/\\\/schema.org\",\"@graph\":[{\"@type\":\"WebPage\",\"@id\":\"https:\\\/\\\/medicinasinc.com\\\/lt\\\/product\\\/pirkti-nembutal-tabletes\\\/\",\"url\":\"https:\\\/\\\/medicinasinc.com\\\/lt\\\/product\\\/pirkti-nembutal-tabletes\\\/\",\"name\":\"Pirkite Nembutal tabletes \u2013 geriausius pasaulinius vaistus\",\"isPartOf\":{\"@id\":\"https:\\\/\\\/medicinasinc.com\\\/lt\\\/#website\"},\"primaryImageOfPage\":{\"@id\":\"https:\\\/\\\/medicinasinc.com\\\/lt\\\/product\\\/pirkti-nembutal-tabletes\\\/#primaryimage\"},\"image\":{\"@id\":\"https:\\\/\\\/medicinasinc.com\\\/lt\\\/product\\\/pirkti-nembutal-tabletes\\\/#primaryimage\"},\"thumbnailUrl\":\"https:\\\/\\\/medicinasinc.com\\\/lt\\\/wp-content\\\/uploads\\\/sites\\\/9\\\/2022\\\/02\\\/Buy-Nembutal-Pills.jpg\",\"datePublished\":\"2022-02-22T06:47:51+00:00\",\"dateModified\":\"2022-03-20T12:07:38+00:00\",\"description\":\"Pirkite Nembutal [Piules i\u0161 m\u016bs\u0173 Pentobarbitalio natrio table\u010di\u0173 & amp; \u0161alia man\u0119s parduodamos injekcijos, vaistai barbit\u016bratai ir Nembutal su saugiu siuntimu.\",\"breadcrumb\":{\"@id\":\"https:\\\/\\\/medicinasinc.com\\\/lt\\\/product\\\/pirkti-nembutal-tabletes\\\/#breadcrumb\"},\"inLanguage\":\"en-US\",\"potentialAction\":[{\"@type\":\"ReadAction\",\"target\":[\"https:\\\/\\\/medicinasinc.com\\\/lt\\\/product\\\/pirkti-nembutal-tabletes\\\/\"]}]},{\"@type\":\"ImageObject\",\"inLanguage\":\"en-US\",\"@id\":\"https:\\\/\\\/medicinasinc.com\\\/lt\\\/product\\\/pirkti-nembutal-tabletes\\\/#primaryimage\",\"url\":\"https:\\\/\\\/medicinasinc.com\\\/lt\\\/wp-content\\\/uploads\\\/sites\\\/9\\\/2022\\\/02\\\/Buy-Nembutal-Pills.jpg\",\"contentUrl\":\"https:\\\/\\\/medicinasinc.com\\\/lt\\\/wp-content\\\/uploads\\\/sites\\\/9\\\/2022\\\/02\\\/Buy-Nembutal-Pills.jpg\",\"width\":600,\"height\":600},{\"@type\":\"BreadcrumbList\",\"@id\":\"https:\\\/\\\/medicinasinc.com\\\/lt\\\/product\\\/pirkti-nembutal-tabletes\\\/#breadcrumb\",\"itemListElement\":[{\"@type\":\"ListItem\",\"position\":1,\"name\":\"Parduotuv\u0117\",\"item\":\"https:\\\/\\\/medicinasinc.com\\\/lt\\\/parduotuve\\\/\"},{\"@type\":\"ListItem\",\"position\":2,\"name\":\"Pirkite Nembutal tabletes\"}]},{\"@type\":\"WebSite\",\"@id\":\"https:\\\/\\\/medicinasinc.com\\\/lt\\\/#website\",\"url\":\"https:\\\/\\\/medicinasinc.com\\\/lt\\\/\",\"name\":\"Medicinas Inc\",\"description\":\"Sveikatos medicinos klinika\",\"potentialAction\":[{\"@type\":\"SearchAction\",\"target\":{\"@type\":\"EntryPoint\",\"urlTemplate\":\"https:\\\/\\\/medicinasinc.com\\\/lt\\\/?s={search_term_string}\"},\"query-input\":{\"@type\":\"PropertyValueSpecification\",\"valueRequired\":true,\"valueName\":\"search_term_string\"}}],\"inLanguage\":\"en-US\"}]}<\/script>\n<!-- \/ Yoast SEO plugin. -->","yoast_head_json":{"title":"Pirkite Nembutal tabletes \u2013 geriausius pasaulinius vaistus","description":"Pirkite Nembutal [Piules i\u0161 m\u016bs\u0173 Pentobarbitalio natrio table\u010di\u0173 & amp; \u0161alia man\u0119s parduodamos injekcijos, vaistai barbit\u016bratai ir Nembutal su saugiu siuntimu.","robots":{"index":"index","follow":"follow","max-snippet":"max-snippet:-1","max-image-preview":"max-image-preview:large","max-video-preview":"max-video-preview:-1"},"canonical":"https:\/\/medicinasinc.com\/lt\/product\/pirkti-nembutal-tabletes\/","og_locale":"en_US","og_type":"article","og_title":"Pirkite Nembutal tabletes \u2013 geriausius pasaulinius vaistus","og_description":"Pirkite Nembutal [Piules i\u0161 m\u016bs\u0173 Pentobarbitalio natrio table\u010di\u0173 & amp; \u0161alia man\u0119s parduodamos injekcijos, vaistai barbit\u016bratai ir Nembutal su saugiu siuntimu.","og_url":"https:\/\/medicinasinc.com\/lt\/product\/pirkti-nembutal-tabletes\/","og_site_name":"Medicinas Inc","article_modified_time":"2022-03-20T12:07:38+00:00","og_image":[{"width":600,"height":600,"url":"https:\/\/medicinasinc.com\/lt\/wp-content\/uploads\/sites\/9\/2022\/02\/Buy-Nembutal-Pills.jpg","type":"image\/jpeg"}],"twitter_card":"summary_large_image","twitter_misc":{"Est. reading time":"2 minutes"},"schema":{"@context":"https:\/\/schema.org","@graph":[{"@type":"WebPage","@id":"https:\/\/medicinasinc.com\/lt\/product\/pirkti-nembutal-tabletes\/","url":"https:\/\/medicinasinc.com\/lt\/product\/pirkti-nembutal-tabletes\/","name":"Pirkite Nembutal tabletes \u2013 geriausius pasaulinius vaistus","isPartOf":{"@id":"https:\/\/medicinasinc.com\/lt\/#website"},"primaryImageOfPage":{"@id":"https:\/\/medicinasinc.com\/lt\/product\/pirkti-nembutal-tabletes\/#primaryimage"},"image":{"@id":"https:\/\/medicinasinc.com\/lt\/product\/pirkti-nembutal-tabletes\/#primaryimage"},"thumbnailUrl":"https:\/\/medicinasinc.com\/lt\/wp-content\/uploads\/sites\/9\/2022\/02\/Buy-Nembutal-Pills.jpg","datePublished":"2022-02-22T06:47:51+00:00","dateModified":"2022-03-20T12:07:38+00:00","description":"Pirkite Nembutal [Piules i\u0161 m\u016bs\u0173 Pentobarbitalio natrio table\u010di\u0173 & amp; \u0161alia man\u0119s parduodamos injekcijos, vaistai barbit\u016bratai ir Nembutal su saugiu siuntimu.","breadcrumb":{"@id":"https:\/\/medicinasinc.com\/lt\/product\/pirkti-nembutal-tabletes\/#breadcrumb"},"inLanguage":"en-US","potentialAction":[{"@type":"ReadAction","target":["https:\/\/medicinasinc.com\/lt\/product\/pirkti-nembutal-tabletes\/"]}]},{"@type":"ImageObject","inLanguage":"en-US","@id":"https:\/\/medicinasinc.com\/lt\/product\/pirkti-nembutal-tabletes\/#primaryimage","url":"https:\/\/medicinasinc.com\/lt\/wp-content\/uploads\/sites\/9\/2022\/02\/Buy-Nembutal-Pills.jpg","contentUrl":"https:\/\/medicinasinc.com\/lt\/wp-content\/uploads\/sites\/9\/2022\/02\/Buy-Nembutal-Pills.jpg","width":600,"height":600},{"@type":"BreadcrumbList","@id":"https:\/\/medicinasinc.com\/lt\/product\/pirkti-nembutal-tabletes\/#breadcrumb","itemListElement":[{"@type":"ListItem","position":1,"name":"Parduotuv\u0117","item":"https:\/\/medicinasinc.com\/lt\/parduotuve\/"},{"@type":"ListItem","position":2,"name":"Pirkite Nembutal tabletes"}]},{"@type":"WebSite","@id":"https:\/\/medicinasinc.com\/lt\/#website","url":"https:\/\/medicinasinc.com\/lt\/","name":"Medicinas Inc","description":"Sveikatos medicinos klinika","potentialAction":[{"@type":"SearchAction","target":{"@type":"EntryPoint","urlTemplate":"https:\/\/medicinasinc.com\/lt\/?s={search_term_string}"},"query-input":{"@type":"PropertyValueSpecification","valueRequired":true,"valueName":"search_term_string"}}],"inLanguage":"en-US"}]}},"_links":{"self":[{"href":"https:\/\/medicinasinc.com\/lt\/wp-json\/wp\/v2\/product\/5816","targetHints":{"allow":["GET"]}}],"collection":[{"href":"https:\/\/medicinasinc.com\/lt\/wp-json\/wp\/v2\/product"}],"about":[{"href":"https:\/\/medicinasinc.com\/lt\/wp-json\/wp\/v2\/types\/product"}],"replies":[{"embeddable":true,"href":"https:\/\/medicinasinc.com\/lt\/wp-json\/wp\/v2\/comments?post=5816"}],"wp:featuredmedia":[{"embeddable":true,"href":"https:\/\/medicinasinc.com\/lt\/wp-json\/wp\/v2\/media\/5826"}],"wp:attachment":[{"href":"https:\/\/medicinasinc.com\/lt\/wp-json\/wp\/v2\/media?parent=5816"}],"wp:term":[{"taxonomy":"product_brand","embeddable":true,"href":"https:\/\/medicinasinc.com\/lt\/wp-json\/wp\/v2\/product_brand?post=5816"},{"taxonomy":"product_cat","embeddable":true,"href":"https:\/\/medicinasinc.com\/lt\/wp-json\/wp\/v2\/product_cat?post=5816"},{"taxonomy":"product_tag","embeddable":true,"href":"https:\/\/medicinasinc.com\/lt\/wp-json\/wp\/v2\/product_tag?post=5816"}],"curies":[{"name":"wp","href":"https:\/\/api.w.org\/{rel}","templated":true}]}}