{"id":5810,"date":"2022-02-22T06:41:43","date_gmt":"2022-02-22T06:41:43","guid":{"rendered":"https:\/\/medicinasinc.com\/lt\/?post_type=product&#038;p=5810"},"modified":"2022-03-20T12:07:48","modified_gmt":"2022-03-20T12:07:48","slug":"pirkti-nembutal-tabletes-2","status":"publish","type":"product","link":"https:\/\/medicinasinc.com\/lt\/product\/pirkti-nembutal-tabletes-2\/","title":{"rendered":"Pirkite Nembutal tabletes"},"content":{"rendered":"<p>Nembutal plan\u0161etiniai kompiuteriai parduodami internetu \u017eemiausiomis kainomis i\u0161 m\u016bs\u0173 patikimos internetin\u0117s vaistin\u0117s<\/p>\n<p>Internetin\u0117je platformoje visiems tapo paprasta ir nesud\u0117tinga \u012fsigyti Nembutal tabletes. Jei jus taip pat domina Nembutal table\u010di\u0173 \u012fsigijimas internetu, susisiekite su \u201eNembutal\u201c internetine vaistine. M\u016bs\u0173 vaistin\u0117 yra atsidavusi, patikima ir ekonomi\u0161ka vieta, kurioje galite \u012fvykdyti Nembutal reikalavimus.<\/p>\n<p>Mes tikime auk\u0161tos kokyb\u0117s preki\u0173 svarba ir stengiam\u0117s jas pateikti savo klientams. Greitai \u012fvykdysime J\u016bs\u0173 u\u017eklaus\u0105 \u012fsigyti Nembutal plan\u0161et\u0117s internetu u\u017e geriausi\u0105 kain\u0105. Mes neleisime j\u016bs\u0173 laukti be galo. M\u016bs\u0173 internetin\u0117 vaistin\u0117 nedelsdama i\u0161si\u0173s j\u016bs\u0173 produktus. M\u016bs\u0173 platinimo sistema yra diskreti ir saugi. Mes nepaliekame vietos klaidoms. \u010cia visi u\u017esakymai atliekami profesionaliai. \u012esigykite nedelsdami!<\/p>\n<p>Nembutal tablet\u0117s \u2013 mokykit\u0117s apie saug\u0173 j\u0173 naudojim\u0105 padedant m\u016bs\u0173 profesional\u0173 komandai<\/p>\n<p>Nembutal tablet\u0117s yra pla\u010diai skiriamos nemigai, sedacijai ir traukuli\u0173 sutrikimams gydyti. Ilg\u0105 laik\u0105 mes tiekiame Nembutal tabletes visame pasaulyje. Tam tikrais atvejais chirurgai naudoja \u0161\u012f vaist\u0105, nor\u0117dami nuraminti pacientus prie\u0161 jiems atlikdami operacij\u0105. Periodi\u0161kai atliekame \u0161i\u0173 table\u010di\u0173 testus, kad \u012fsitikintume j\u0173 veiksmingumu.<\/p>\n<p>Su Nembutal tablet\u0117mis \u012ftraukiame vaist\u0173 vadov\u0105. Tai padeda m\u016bs\u0173 klientams tinkamai suleisti vaist\u0105 ir suprasti tinkam\u0105 doz\u0119, atsi\u017evelgiant \u012f j\u0173 svor\u012f, am\u017ei\u0173 ir sveikatos b\u016bkl\u0119. Be to, manome, kad Nembutal tablet\u0117s yra lengviausias ir veiksmingiausias vaistas \u017emon\u0117ms, kuriems sunku u\u017emigti.<\/p>\n<p>M\u016bs\u0173 profesionalai yra 24 valandas per par\u0105, kad pad\u0117t\u0173 jums suprasti visk\u0105, kas susij\u0119 su Nembutal tablet\u0117mis. M\u016bs\u0173 Nembutal tablet\u0117s yra prieinamos kainos. Ta\u010diau jums nereikia nerimauti d\u0117l \u0161io produkto kainos. Nedelsdami u\u017esisakykite savo reikalavimus!<\/p>\n","protected":false},"excerpt":{"rendered":"<p>Kaip galime pad\u0117ti nusipirkti Nembutal table\u010di\u0173 fenobarbitalio pardavimui JK, Europoje internetu? Internetin\u0117 Nembutal vaistin\u0117 yra prieinama visiems \u017emon\u0117ms visame pasaulyje. Su mumis galite susisiekti bet kada ir bet kur.<\/p>\n<p>Internetin\u0117je \u201eNembutal\u201c vaistin\u0117je galite nusipirkti \u201eNembutal\u201c table\u010di\u0173 ir pristatyti jas nurodytu adresu per kelias dienas. Nembutal tablet\u0117s turi b\u016bti \u012ftrauktos \u012f internetin\u012f pirkini\u0173 krep\u0161el\u012f, kad b\u016bt\u0173 galima atlikti operacij\u0105. Eikite \u012f mok\u0117jimo skyri\u0173 ir sumok\u0117kite u\u017e j\u012f prid\u0117j\u0119. Kai tik atliksite mok\u0117jim\u0105, gal\u0117site pateikti u\u017esakym\u0105. J\u016bs\u0173 u\u017esakym\u0105 pristatysime jums i\u0161kart, kai tik j\u012f gaus m\u016bs\u0173 internetin\u0117 vaistin\u0117. Pateikite u\u017esakym\u0105 \u0161iuo metu!<\/p>\n","protected":false},"featured_media":5820,"comment_status":"open","ping_status":"closed","template":"","meta":[],"product_brand":[],"product_cat":[3818],"product_tag":[],"class_list":{"0":"post-5810","1":"product","2":"type-product","3":"status-publish","4":"has-post-thumbnail","6":"product_cat-parduodu-pentobarbitalis","8":"first","9":"instock","10":"shipping-taxable","11":"purchasable","12":"product-type-variable"},"yoast_head":"<!-- This site is optimized with the Yoast SEO plugin v27.3 - https:\/\/yoast.com\/product\/yoast-seo-wordpress\/ -->\n<title>Pirkite Nembutal tabletes \u2013 geriausius pasaulinius vaistus<\/title>\n<meta name=\"description\" content=\"Kaip galime pad\u0117ti nusipirkti Nembutal table\u010di\u0173 fenobarbitalio pardavimui JK, Europoje internetu? Internetin\u0117 Nembutal vaistin\u0117 yra prieinama visiems \u017emon\u0117ms visame pasaulyje. Su mumis galite susisiekti bet kada ir bet kur.\" \/>\n<meta name=\"robots\" content=\"index, follow, max-snippet:-1, max-image-preview:large, max-video-preview:-1\" \/>\n<link rel=\"canonical\" href=\"https:\/\/medicinasinc.com\/lt\/product\/pirkti-nembutal-tabletes-2\/\" \/>\n<meta property=\"og:locale\" content=\"en_US\" \/>\n<meta property=\"og:type\" content=\"article\" \/>\n<meta property=\"og:title\" content=\"Pirkite Nembutal tabletes \u2013 geriausius pasaulinius vaistus\" \/>\n<meta property=\"og:description\" content=\"Kaip galime pad\u0117ti nusipirkti Nembutal table\u010di\u0173 fenobarbitalio pardavimui JK, Europoje internetu? Internetin\u0117 Nembutal vaistin\u0117 yra prieinama visiems \u017emon\u0117ms visame pasaulyje. Su mumis galite susisiekti bet kada ir bet kur.\" \/>\n<meta property=\"og:url\" content=\"https:\/\/medicinasinc.com\/lt\/product\/pirkti-nembutal-tabletes-2\/\" \/>\n<meta property=\"og:site_name\" content=\"Medicinas Inc\" \/>\n<meta property=\"article:modified_time\" content=\"2022-03-20T12:07:48+00:00\" \/>\n<meta property=\"og:image\" content=\"https:\/\/medicinasinc.com\/lt\/wp-content\/uploads\/sites\/9\/2022\/02\/Buy-Nembutal-Tablets.jpg\" \/>\n\t<meta property=\"og:image:width\" content=\"600\" \/>\n\t<meta property=\"og:image:height\" content=\"600\" \/>\n\t<meta property=\"og:image:type\" content=\"image\/jpeg\" \/>\n<meta name=\"twitter:card\" content=\"summary_large_image\" \/>\n<meta name=\"twitter:label1\" content=\"Est. reading time\" \/>\n\t<meta name=\"twitter:data1\" content=\"2 minutes\" \/>\n<script type=\"application\/ld+json\" class=\"yoast-schema-graph\">{\"@context\":\"https:\\\/\\\/schema.org\",\"@graph\":[{\"@type\":\"WebPage\",\"@id\":\"https:\\\/\\\/medicinasinc.com\\\/lt\\\/product\\\/pirkti-nembutal-tabletes-2\\\/\",\"url\":\"https:\\\/\\\/medicinasinc.com\\\/lt\\\/product\\\/pirkti-nembutal-tabletes-2\\\/\",\"name\":\"Pirkite Nembutal tabletes \u2013 geriausius pasaulinius vaistus\",\"isPartOf\":{\"@id\":\"https:\\\/\\\/medicinasinc.com\\\/lt\\\/#website\"},\"primaryImageOfPage\":{\"@id\":\"https:\\\/\\\/medicinasinc.com\\\/lt\\\/product\\\/pirkti-nembutal-tabletes-2\\\/#primaryimage\"},\"image\":{\"@id\":\"https:\\\/\\\/medicinasinc.com\\\/lt\\\/product\\\/pirkti-nembutal-tabletes-2\\\/#primaryimage\"},\"thumbnailUrl\":\"https:\\\/\\\/medicinasinc.com\\\/lt\\\/wp-content\\\/uploads\\\/sites\\\/9\\\/2022\\\/02\\\/Buy-Nembutal-Tablets.jpg\",\"datePublished\":\"2022-02-22T06:41:43+00:00\",\"dateModified\":\"2022-03-20T12:07:48+00:00\",\"description\":\"Kaip galime pad\u0117ti nusipirkti Nembutal table\u010di\u0173 fenobarbitalio pardavimui JK, Europoje internetu? Internetin\u0117 Nembutal vaistin\u0117 yra prieinama visiems \u017emon\u0117ms visame pasaulyje. Su mumis galite susisiekti bet kada ir bet kur.\",\"breadcrumb\":{\"@id\":\"https:\\\/\\\/medicinasinc.com\\\/lt\\\/product\\\/pirkti-nembutal-tabletes-2\\\/#breadcrumb\"},\"inLanguage\":\"en-US\",\"potentialAction\":[{\"@type\":\"ReadAction\",\"target\":[\"https:\\\/\\\/medicinasinc.com\\\/lt\\\/product\\\/pirkti-nembutal-tabletes-2\\\/\"]}]},{\"@type\":\"ImageObject\",\"inLanguage\":\"en-US\",\"@id\":\"https:\\\/\\\/medicinasinc.com\\\/lt\\\/product\\\/pirkti-nembutal-tabletes-2\\\/#primaryimage\",\"url\":\"https:\\\/\\\/medicinasinc.com\\\/lt\\\/wp-content\\\/uploads\\\/sites\\\/9\\\/2022\\\/02\\\/Buy-Nembutal-Tablets.jpg\",\"contentUrl\":\"https:\\\/\\\/medicinasinc.com\\\/lt\\\/wp-content\\\/uploads\\\/sites\\\/9\\\/2022\\\/02\\\/Buy-Nembutal-Tablets.jpg\",\"width\":600,\"height\":600},{\"@type\":\"BreadcrumbList\",\"@id\":\"https:\\\/\\\/medicinasinc.com\\\/lt\\\/product\\\/pirkti-nembutal-tabletes-2\\\/#breadcrumb\",\"itemListElement\":[{\"@type\":\"ListItem\",\"position\":1,\"name\":\"Parduotuv\u0117\",\"item\":\"https:\\\/\\\/medicinasinc.com\\\/lt\\\/parduotuve\\\/\"},{\"@type\":\"ListItem\",\"position\":2,\"name\":\"Pirkite Nembutal tabletes\"}]},{\"@type\":\"WebSite\",\"@id\":\"https:\\\/\\\/medicinasinc.com\\\/lt\\\/#website\",\"url\":\"https:\\\/\\\/medicinasinc.com\\\/lt\\\/\",\"name\":\"Medicinas Inc\",\"description\":\"Sveikatos medicinos klinika\",\"potentialAction\":[{\"@type\":\"SearchAction\",\"target\":{\"@type\":\"EntryPoint\",\"urlTemplate\":\"https:\\\/\\\/medicinasinc.com\\\/lt\\\/?s={search_term_string}\"},\"query-input\":{\"@type\":\"PropertyValueSpecification\",\"valueRequired\":true,\"valueName\":\"search_term_string\"}}],\"inLanguage\":\"en-US\"}]}<\/script>\n<!-- \/ Yoast SEO plugin. -->","yoast_head_json":{"title":"Pirkite Nembutal tabletes \u2013 geriausius pasaulinius vaistus","description":"Kaip galime pad\u0117ti nusipirkti Nembutal table\u010di\u0173 fenobarbitalio pardavimui JK, Europoje internetu? Internetin\u0117 Nembutal vaistin\u0117 yra prieinama visiems \u017emon\u0117ms visame pasaulyje. Su mumis galite susisiekti bet kada ir bet kur.","robots":{"index":"index","follow":"follow","max-snippet":"max-snippet:-1","max-image-preview":"max-image-preview:large","max-video-preview":"max-video-preview:-1"},"canonical":"https:\/\/medicinasinc.com\/lt\/product\/pirkti-nembutal-tabletes-2\/","og_locale":"en_US","og_type":"article","og_title":"Pirkite Nembutal tabletes \u2013 geriausius pasaulinius vaistus","og_description":"Kaip galime pad\u0117ti nusipirkti Nembutal table\u010di\u0173 fenobarbitalio pardavimui JK, Europoje internetu? Internetin\u0117 Nembutal vaistin\u0117 yra prieinama visiems \u017emon\u0117ms visame pasaulyje. Su mumis galite susisiekti bet kada ir bet kur.","og_url":"https:\/\/medicinasinc.com\/lt\/product\/pirkti-nembutal-tabletes-2\/","og_site_name":"Medicinas Inc","article_modified_time":"2022-03-20T12:07:48+00:00","og_image":[{"width":600,"height":600,"url":"https:\/\/medicinasinc.com\/lt\/wp-content\/uploads\/sites\/9\/2022\/02\/Buy-Nembutal-Tablets.jpg","type":"image\/jpeg"}],"twitter_card":"summary_large_image","twitter_misc":{"Est. reading time":"2 minutes"},"schema":{"@context":"https:\/\/schema.org","@graph":[{"@type":"WebPage","@id":"https:\/\/medicinasinc.com\/lt\/product\/pirkti-nembutal-tabletes-2\/","url":"https:\/\/medicinasinc.com\/lt\/product\/pirkti-nembutal-tabletes-2\/","name":"Pirkite Nembutal tabletes \u2013 geriausius pasaulinius vaistus","isPartOf":{"@id":"https:\/\/medicinasinc.com\/lt\/#website"},"primaryImageOfPage":{"@id":"https:\/\/medicinasinc.com\/lt\/product\/pirkti-nembutal-tabletes-2\/#primaryimage"},"image":{"@id":"https:\/\/medicinasinc.com\/lt\/product\/pirkti-nembutal-tabletes-2\/#primaryimage"},"thumbnailUrl":"https:\/\/medicinasinc.com\/lt\/wp-content\/uploads\/sites\/9\/2022\/02\/Buy-Nembutal-Tablets.jpg","datePublished":"2022-02-22T06:41:43+00:00","dateModified":"2022-03-20T12:07:48+00:00","description":"Kaip galime pad\u0117ti nusipirkti Nembutal table\u010di\u0173 fenobarbitalio pardavimui JK, Europoje internetu? Internetin\u0117 Nembutal vaistin\u0117 yra prieinama visiems \u017emon\u0117ms visame pasaulyje. Su mumis galite susisiekti bet kada ir bet kur.","breadcrumb":{"@id":"https:\/\/medicinasinc.com\/lt\/product\/pirkti-nembutal-tabletes-2\/#breadcrumb"},"inLanguage":"en-US","potentialAction":[{"@type":"ReadAction","target":["https:\/\/medicinasinc.com\/lt\/product\/pirkti-nembutal-tabletes-2\/"]}]},{"@type":"ImageObject","inLanguage":"en-US","@id":"https:\/\/medicinasinc.com\/lt\/product\/pirkti-nembutal-tabletes-2\/#primaryimage","url":"https:\/\/medicinasinc.com\/lt\/wp-content\/uploads\/sites\/9\/2022\/02\/Buy-Nembutal-Tablets.jpg","contentUrl":"https:\/\/medicinasinc.com\/lt\/wp-content\/uploads\/sites\/9\/2022\/02\/Buy-Nembutal-Tablets.jpg","width":600,"height":600},{"@type":"BreadcrumbList","@id":"https:\/\/medicinasinc.com\/lt\/product\/pirkti-nembutal-tabletes-2\/#breadcrumb","itemListElement":[{"@type":"ListItem","position":1,"name":"Parduotuv\u0117","item":"https:\/\/medicinasinc.com\/lt\/parduotuve\/"},{"@type":"ListItem","position":2,"name":"Pirkite Nembutal tabletes"}]},{"@type":"WebSite","@id":"https:\/\/medicinasinc.com\/lt\/#website","url":"https:\/\/medicinasinc.com\/lt\/","name":"Medicinas Inc","description":"Sveikatos medicinos klinika","potentialAction":[{"@type":"SearchAction","target":{"@type":"EntryPoint","urlTemplate":"https:\/\/medicinasinc.com\/lt\/?s={search_term_string}"},"query-input":{"@type":"PropertyValueSpecification","valueRequired":true,"valueName":"search_term_string"}}],"inLanguage":"en-US"}]}},"_links":{"self":[{"href":"https:\/\/medicinasinc.com\/lt\/wp-json\/wp\/v2\/product\/5810","targetHints":{"allow":["GET"]}}],"collection":[{"href":"https:\/\/medicinasinc.com\/lt\/wp-json\/wp\/v2\/product"}],"about":[{"href":"https:\/\/medicinasinc.com\/lt\/wp-json\/wp\/v2\/types\/product"}],"replies":[{"embeddable":true,"href":"https:\/\/medicinasinc.com\/lt\/wp-json\/wp\/v2\/comments?post=5810"}],"wp:featuredmedia":[{"embeddable":true,"href":"https:\/\/medicinasinc.com\/lt\/wp-json\/wp\/v2\/media\/5820"}],"wp:attachment":[{"href":"https:\/\/medicinasinc.com\/lt\/wp-json\/wp\/v2\/media?parent=5810"}],"wp:term":[{"taxonomy":"product_brand","embeddable":true,"href":"https:\/\/medicinasinc.com\/lt\/wp-json\/wp\/v2\/product_brand?post=5810"},{"taxonomy":"product_cat","embeddable":true,"href":"https:\/\/medicinasinc.com\/lt\/wp-json\/wp\/v2\/product_cat?post=5810"},{"taxonomy":"product_tag","embeddable":true,"href":"https:\/\/medicinasinc.com\/lt\/wp-json\/wp\/v2\/product_tag?post=5810"}],"curies":[{"name":"wp","href":"https:\/\/api.w.org\/{rel}","templated":true}]}}