{"id":5804,"date":"2022-02-22T06:35:00","date_gmt":"2022-02-22T06:35:00","guid":{"rendered":"https:\/\/medicinasinc.com\/lt\/?post_type=product&#038;p=5804"},"modified":"2022-03-20T12:07:56","modified_gmt":"2022-03-20T12:07:56","slug":"pirkti-pentobarbitalio-natrio-internetu","status":"publish","type":"product","link":"https:\/\/medicinasinc.com\/lt\/product\/pirkti-pentobarbitalio-natrio-internetu\/","title":{"rendered":"Pirkite pentobarbitalio natrio drusk\u0105 internetu"},"content":{"rendered":"<p>Pirkite pentobarbitalio natrio drusk\u0105 internetu.<\/p>\n<p>NEMBUTAL natrio tirpalo injekcija \u012f ven\u0105 arba \u012f raumenis (pentobarbitalio natrio injekcija) yra saugi ir paprasta naudojant \u0161\u012f steril\u0173 tirpal\u0105. Kiekviename injekciniame mililitre yra 50 miligram\u0173 natrio pentobarbitalio, i\u0161tirpinto 40 % propilenglikolio, 10 % etanolio ir vandens. Naudojant druskos r\u016bg\u0161t\u012f arba natrio hidroksid\u0105, pH gali b\u016bti padidintas iki 9,5. Jis gali b\u016bti \u0161virk\u0161\u010diamas \u012f paciento raumenis arba ven\u0105. Natrio pentobarbitalio, skirto gyv\u016bn\u0173 eutanazijai, pirkimas internetu, natrio pentobarbitalio gyv\u016bn\u0173 eutanazijai, natrio pentobarbitalio grup\u0117s, natrio pentobarbitalio skys\u010dio pirkimas.<\/p>\n<p>Dabar \u201eBest Global Meds\u201c natrio pentobarbitalio galite \u012fsigyti internetu. U\u017esisakykite pentobarbitalio natrio injekcij\u0105 internetu ir pristatykite j\u0105 iki j\u016bs\u0173 nam\u0173 per nurodyt\u0105 laik\u0105. Nedelsdami susisiekite su mumis! Natrio pentobarbitalis gyv\u016bn\u0173 eutanazijai, Pentobarbitalis natrio skystis<\/p>\n<p>Pentobarbitalis: kas tai yra ir kaip jis vartojamas?<\/p>\n<p>Trumpalaikis pentobarbitalis, barbit\u016bratas, naudojamas nemigai gydyti. Norint u\u017emigdyti pacientus operacijai, pentobarbitalis taip pat gali b\u016bti naudojamas kaip skubi terapija. Pentobarbitalio natrio druskos, natrio pentobarbitalio, skirto gyv\u016bn\u0173 eutanazijai, ir natrio pentobarbitalio pirkimas internetu<\/p>\n<p>Pentobarbitalis gali sukelti kv\u0117pavimo sustojim\u0105 didel\u0117mis doz\u0117mis ir sukelti mirt\u012f. Kai kurios JAV valstijos ir federalin\u0117 vyriausyb\u0117 j\u012f naudoja nusikalt\u0117li\u0173 mirties bausme, taip pat gyv\u016bn\u0173 eutanazijai. Pirkite pentobarbitalio natrio drusk\u0105 internetu.<\/p>\n<p>Kai vartojamas mirtinas kiekis, pentobarbitalis yra mirtinas. \u0160iuo vaistu galima atlikti gyv\u016bn\u0173 ir \u017emoni\u0173 eutanazij\u0105. Komercin\u0117se gyv\u016bn\u0173 eutanazijos injekcijose jis gali b\u016bti naudojamas vienas arba kartu su kitais vaistais, tokiais kaip fenitoinas.<\/p>\n<p>Eutanazija su pentobarbitaliu<\/p>\n<p>Vienas i\u0161 da\u017eniausiai anestezijai ir eutanazijai naudojam\u0173 barbit\u016brat\u0173 veterinarijos srityje yra pentobarbitalis (Nembutal). Jei norite ramiai mirti, tai puikus pasirinkimas eutanazijai ar savi\u017eudybei pagalbinei pagalbai. Pirkite pentobarbitalio natrio drusk\u0105 internetu.<\/p>\n<p>Kokiu b\u016bdu tiekiamas pentobarbitalio natris?<br \/> Pentobarbitalis yra raminamasis vaistas, kur\u012f galima leisti \u012f ven\u0105 arba \u012f pilvapl\u0117v\u0117s ertm\u0119. Pentobarbitalis gali b\u016bti skiriamas kaip boliusas (Borkowski ir kt., 1990) arba CRI, kai naudojamas kaip bendras anestetikas. Diskomfortas injekcijos metu ir tromboflebitas yra galimas \u0161alutinis propilenglikolio, da\u017eno komercinio gydymo ingrediento, poveikis. Pirkite pentobarbitalio natrio drusk\u0105 internetu.<\/p>\n<p>&nbsp;<\/p>\n<p>Natrio pentobarbitalio pirkimas JK, pentobarbitalio natrio druska \u0161unims, migdom\u0173j\u0173 pentobarbitalio natrio druskos \u012fsigijimas, nembutalo natrio pentobarbitalio ir pentobarbitalio natrio \u012fsigijimas be recepto yra visi galimi variantai. Taip pat galima \u012fsigyti natrio pentobarbitalio JK. Vaisto pentobarbitalio, dar vadinamo pentobarbitalio druska, naudojimas yra raminamoji priemon\u0117, naudojama \u0161un\u0173 traukuliams gydyti. Pentobarbitalio natrio druska internetu, Pentobarbitalio natrio pirkimas, Pentobarbitalio natrio Kinija, Pentobarbitalio natrio mirtis, Pentobarbitalio natrio dozavimas, Pentobarbitalio natrio injekcija \u0161unims, Pentobarbitalio natrio injekcija \u017emon\u0117ms, Pentobarbitalio natrio grup\u0117, Pentobarbitalio natrio injekcija \u017emon\u0117ms, Pentobarbitalio natrio injekcija \u017emon\u0117ms \/p&gt;<\/p>\n","protected":false},"excerpt":{"rendered":"<p>Nembutal Pentobarbital parduodamas JK, Europoje internetu did\u017eiausiomis kainomis galima rasti tik internetin\u0117je Nembutal vaistin\u0117je.<\/p>\n<p>Vartoti \u012f ven\u0105 arba \u012f raumenis, pentobarbitalio natrio injekcija yra sterili. Kiekviename injekciniame mililitre yra 50 miligram\u0173 natrio pentobarbitalio, i\u0161tirpinto 40 % propilenglikolio, 10 % etanolio ir vandens. Naudojant druskos r\u016bg\u0161t\u012f arba natrio hidroksid\u0105, pH gali b\u016bti padidintas iki 9,5.<\/p>\n","protected":false},"featured_media":5814,"comment_status":"open","ping_status":"closed","template":"","meta":[],"product_brand":[],"product_cat":[3818],"product_tag":[],"class_list":{"0":"post-5804","1":"product","2":"type-product","3":"status-publish","4":"has-post-thumbnail","6":"product_cat-parduodu-pentobarbitalis","8":"first","9":"instock","10":"shipping-taxable","11":"purchasable","12":"product-type-variable"},"yoast_head":"<!-- This site is optimized with the Yoast SEO plugin v27.3 - https:\/\/yoast.com\/product\/yoast-seo-wordpress\/ -->\n<title>Pirkite pentobarbitalio natrio drusk\u0105 internetu \u2013 geriausi pasauliniai vaistai<\/title>\n<meta name=\"description\" content=\"Internetin\u0117 Nembutal vaistin\u0117 yra vienintel\u0117 patikima vieta, i\u0161 kurios galite nusipirkti Nembutal Pentobarbital parduodami JK, Europoje internetu geriausiomis kainomis.\" \/>\n<meta name=\"robots\" content=\"index, follow, max-snippet:-1, max-image-preview:large, max-video-preview:-1\" \/>\n<link rel=\"canonical\" href=\"https:\/\/medicinasinc.com\/lt\/product\/pirkti-pentobarbitalio-natrio-internetu\/\" \/>\n<meta property=\"og:locale\" content=\"en_US\" \/>\n<meta property=\"og:type\" content=\"article\" \/>\n<meta property=\"og:title\" content=\"Pirkite pentobarbitalio natrio drusk\u0105 internetu \u2013 geriausi pasauliniai vaistai\" \/>\n<meta property=\"og:description\" content=\"Internetin\u0117 Nembutal vaistin\u0117 yra vienintel\u0117 patikima vieta, i\u0161 kurios galite nusipirkti Nembutal Pentobarbital parduodami JK, Europoje internetu geriausiomis kainomis.\" \/>\n<meta property=\"og:url\" content=\"https:\/\/medicinasinc.com\/lt\/product\/pirkti-pentobarbitalio-natrio-internetu\/\" \/>\n<meta property=\"og:site_name\" content=\"Medicinas Inc\" \/>\n<meta property=\"article:modified_time\" content=\"2022-03-20T12:07:56+00:00\" \/>\n<meta property=\"og:image\" content=\"https:\/\/medicinasinc.com\/lt\/wp-content\/uploads\/sites\/9\/2022\/02\/buy-Nembutal-Pentobarbital.jpg\" \/>\n\t<meta property=\"og:image:width\" content=\"600\" \/>\n\t<meta property=\"og:image:height\" content=\"600\" \/>\n\t<meta property=\"og:image:type\" content=\"image\/jpeg\" \/>\n<meta name=\"twitter:card\" content=\"summary_large_image\" \/>\n<meta name=\"twitter:label1\" content=\"Est. reading time\" \/>\n\t<meta name=\"twitter:data1\" content=\"3 minutes\" \/>\n<script type=\"application\/ld+json\" class=\"yoast-schema-graph\">{\"@context\":\"https:\\\/\\\/schema.org\",\"@graph\":[{\"@type\":\"WebPage\",\"@id\":\"https:\\\/\\\/medicinasinc.com\\\/lt\\\/product\\\/pirkti-pentobarbitalio-natrio-internetu\\\/\",\"url\":\"https:\\\/\\\/medicinasinc.com\\\/lt\\\/product\\\/pirkti-pentobarbitalio-natrio-internetu\\\/\",\"name\":\"Pirkite pentobarbitalio natrio drusk\u0105 internetu \u2013 geriausi pasauliniai vaistai\",\"isPartOf\":{\"@id\":\"https:\\\/\\\/medicinasinc.com\\\/lt\\\/#website\"},\"primaryImageOfPage\":{\"@id\":\"https:\\\/\\\/medicinasinc.com\\\/lt\\\/product\\\/pirkti-pentobarbitalio-natrio-internetu\\\/#primaryimage\"},\"image\":{\"@id\":\"https:\\\/\\\/medicinasinc.com\\\/lt\\\/product\\\/pirkti-pentobarbitalio-natrio-internetu\\\/#primaryimage\"},\"thumbnailUrl\":\"https:\\\/\\\/medicinasinc.com\\\/lt\\\/wp-content\\\/uploads\\\/sites\\\/9\\\/2022\\\/02\\\/buy-Nembutal-Pentobarbital.jpg\",\"datePublished\":\"2022-02-22T06:35:00+00:00\",\"dateModified\":\"2022-03-20T12:07:56+00:00\",\"description\":\"Internetin\u0117 Nembutal vaistin\u0117 yra vienintel\u0117 patikima vieta, i\u0161 kurios galite nusipirkti Nembutal Pentobarbital parduodami JK, Europoje internetu geriausiomis kainomis.\",\"breadcrumb\":{\"@id\":\"https:\\\/\\\/medicinasinc.com\\\/lt\\\/product\\\/pirkti-pentobarbitalio-natrio-internetu\\\/#breadcrumb\"},\"inLanguage\":\"en-US\",\"potentialAction\":[{\"@type\":\"ReadAction\",\"target\":[\"https:\\\/\\\/medicinasinc.com\\\/lt\\\/product\\\/pirkti-pentobarbitalio-natrio-internetu\\\/\"]}]},{\"@type\":\"ImageObject\",\"inLanguage\":\"en-US\",\"@id\":\"https:\\\/\\\/medicinasinc.com\\\/lt\\\/product\\\/pirkti-pentobarbitalio-natrio-internetu\\\/#primaryimage\",\"url\":\"https:\\\/\\\/medicinasinc.com\\\/lt\\\/wp-content\\\/uploads\\\/sites\\\/9\\\/2022\\\/02\\\/buy-Nembutal-Pentobarbital.jpg\",\"contentUrl\":\"https:\\\/\\\/medicinasinc.com\\\/lt\\\/wp-content\\\/uploads\\\/sites\\\/9\\\/2022\\\/02\\\/buy-Nembutal-Pentobarbital.jpg\",\"width\":600,\"height\":600,\"caption\":\"Buy Nembutal Online\"},{\"@type\":\"BreadcrumbList\",\"@id\":\"https:\\\/\\\/medicinasinc.com\\\/lt\\\/product\\\/pirkti-pentobarbitalio-natrio-internetu\\\/#breadcrumb\",\"itemListElement\":[{\"@type\":\"ListItem\",\"position\":1,\"name\":\"Parduotuv\u0117\",\"item\":\"https:\\\/\\\/medicinasinc.com\\\/lt\\\/parduotuve\\\/\"},{\"@type\":\"ListItem\",\"position\":2,\"name\":\"Pirkite pentobarbitalio natrio drusk\u0105 internetu\"}]},{\"@type\":\"WebSite\",\"@id\":\"https:\\\/\\\/medicinasinc.com\\\/lt\\\/#website\",\"url\":\"https:\\\/\\\/medicinasinc.com\\\/lt\\\/\",\"name\":\"Medicinas Inc\",\"description\":\"Sveikatos medicinos klinika\",\"potentialAction\":[{\"@type\":\"SearchAction\",\"target\":{\"@type\":\"EntryPoint\",\"urlTemplate\":\"https:\\\/\\\/medicinasinc.com\\\/lt\\\/?s={search_term_string}\"},\"query-input\":{\"@type\":\"PropertyValueSpecification\",\"valueRequired\":true,\"valueName\":\"search_term_string\"}}],\"inLanguage\":\"en-US\"}]}<\/script>\n<!-- \/ Yoast SEO plugin. -->","yoast_head_json":{"title":"Pirkite pentobarbitalio natrio drusk\u0105 internetu \u2013 geriausi pasauliniai vaistai","description":"Internetin\u0117 Nembutal vaistin\u0117 yra vienintel\u0117 patikima vieta, i\u0161 kurios galite nusipirkti Nembutal Pentobarbital parduodami JK, Europoje internetu geriausiomis kainomis.","robots":{"index":"index","follow":"follow","max-snippet":"max-snippet:-1","max-image-preview":"max-image-preview:large","max-video-preview":"max-video-preview:-1"},"canonical":"https:\/\/medicinasinc.com\/lt\/product\/pirkti-pentobarbitalio-natrio-internetu\/","og_locale":"en_US","og_type":"article","og_title":"Pirkite pentobarbitalio natrio drusk\u0105 internetu \u2013 geriausi pasauliniai vaistai","og_description":"Internetin\u0117 Nembutal vaistin\u0117 yra vienintel\u0117 patikima vieta, i\u0161 kurios galite nusipirkti Nembutal Pentobarbital parduodami JK, Europoje internetu geriausiomis kainomis.","og_url":"https:\/\/medicinasinc.com\/lt\/product\/pirkti-pentobarbitalio-natrio-internetu\/","og_site_name":"Medicinas Inc","article_modified_time":"2022-03-20T12:07:56+00:00","og_image":[{"width":600,"height":600,"url":"https:\/\/medicinasinc.com\/lt\/wp-content\/uploads\/sites\/9\/2022\/02\/buy-Nembutal-Pentobarbital.jpg","type":"image\/jpeg"}],"twitter_card":"summary_large_image","twitter_misc":{"Est. reading time":"3 minutes"},"schema":{"@context":"https:\/\/schema.org","@graph":[{"@type":"WebPage","@id":"https:\/\/medicinasinc.com\/lt\/product\/pirkti-pentobarbitalio-natrio-internetu\/","url":"https:\/\/medicinasinc.com\/lt\/product\/pirkti-pentobarbitalio-natrio-internetu\/","name":"Pirkite pentobarbitalio natrio drusk\u0105 internetu \u2013 geriausi pasauliniai vaistai","isPartOf":{"@id":"https:\/\/medicinasinc.com\/lt\/#website"},"primaryImageOfPage":{"@id":"https:\/\/medicinasinc.com\/lt\/product\/pirkti-pentobarbitalio-natrio-internetu\/#primaryimage"},"image":{"@id":"https:\/\/medicinasinc.com\/lt\/product\/pirkti-pentobarbitalio-natrio-internetu\/#primaryimage"},"thumbnailUrl":"https:\/\/medicinasinc.com\/lt\/wp-content\/uploads\/sites\/9\/2022\/02\/buy-Nembutal-Pentobarbital.jpg","datePublished":"2022-02-22T06:35:00+00:00","dateModified":"2022-03-20T12:07:56+00:00","description":"Internetin\u0117 Nembutal vaistin\u0117 yra vienintel\u0117 patikima vieta, i\u0161 kurios galite nusipirkti Nembutal Pentobarbital parduodami JK, Europoje internetu geriausiomis kainomis.","breadcrumb":{"@id":"https:\/\/medicinasinc.com\/lt\/product\/pirkti-pentobarbitalio-natrio-internetu\/#breadcrumb"},"inLanguage":"en-US","potentialAction":[{"@type":"ReadAction","target":["https:\/\/medicinasinc.com\/lt\/product\/pirkti-pentobarbitalio-natrio-internetu\/"]}]},{"@type":"ImageObject","inLanguage":"en-US","@id":"https:\/\/medicinasinc.com\/lt\/product\/pirkti-pentobarbitalio-natrio-internetu\/#primaryimage","url":"https:\/\/medicinasinc.com\/lt\/wp-content\/uploads\/sites\/9\/2022\/02\/buy-Nembutal-Pentobarbital.jpg","contentUrl":"https:\/\/medicinasinc.com\/lt\/wp-content\/uploads\/sites\/9\/2022\/02\/buy-Nembutal-Pentobarbital.jpg","width":600,"height":600,"caption":"Buy Nembutal Online"},{"@type":"BreadcrumbList","@id":"https:\/\/medicinasinc.com\/lt\/product\/pirkti-pentobarbitalio-natrio-internetu\/#breadcrumb","itemListElement":[{"@type":"ListItem","position":1,"name":"Parduotuv\u0117","item":"https:\/\/medicinasinc.com\/lt\/parduotuve\/"},{"@type":"ListItem","position":2,"name":"Pirkite pentobarbitalio natrio drusk\u0105 internetu"}]},{"@type":"WebSite","@id":"https:\/\/medicinasinc.com\/lt\/#website","url":"https:\/\/medicinasinc.com\/lt\/","name":"Medicinas Inc","description":"Sveikatos medicinos klinika","potentialAction":[{"@type":"SearchAction","target":{"@type":"EntryPoint","urlTemplate":"https:\/\/medicinasinc.com\/lt\/?s={search_term_string}"},"query-input":{"@type":"PropertyValueSpecification","valueRequired":true,"valueName":"search_term_string"}}],"inLanguage":"en-US"}]}},"_links":{"self":[{"href":"https:\/\/medicinasinc.com\/lt\/wp-json\/wp\/v2\/product\/5804","targetHints":{"allow":["GET"]}}],"collection":[{"href":"https:\/\/medicinasinc.com\/lt\/wp-json\/wp\/v2\/product"}],"about":[{"href":"https:\/\/medicinasinc.com\/lt\/wp-json\/wp\/v2\/types\/product"}],"replies":[{"embeddable":true,"href":"https:\/\/medicinasinc.com\/lt\/wp-json\/wp\/v2\/comments?post=5804"}],"wp:featuredmedia":[{"embeddable":true,"href":"https:\/\/medicinasinc.com\/lt\/wp-json\/wp\/v2\/media\/5814"}],"wp:attachment":[{"href":"https:\/\/medicinasinc.com\/lt\/wp-json\/wp\/v2\/media?parent=5804"}],"wp:term":[{"taxonomy":"product_brand","embeddable":true,"href":"https:\/\/medicinasinc.com\/lt\/wp-json\/wp\/v2\/product_brand?post=5804"},{"taxonomy":"product_cat","embeddable":true,"href":"https:\/\/medicinasinc.com\/lt\/wp-json\/wp\/v2\/product_cat?post=5804"},{"taxonomy":"product_tag","embeddable":true,"href":"https:\/\/medicinasinc.com\/lt\/wp-json\/wp\/v2\/product_tag?post=5804"}],"curies":[{"name":"wp","href":"https:\/\/api.w.org\/{rel}","templated":true}]}}