{"id":5798,"date":"2022-02-22T06:27:38","date_gmt":"2022-02-22T06:27:38","guid":{"rendered":"https:\/\/medicinasinc.com\/lt\/?post_type=product&#038;p=5798"},"modified":"2022-03-20T12:08:08","modified_gmt":"2022-03-20T12:08:08","slug":"pirkti-fenobarbitalis-fenobarbitalis-luminalis","status":"publish","type":"product","link":"https:\/\/medicinasinc.com\/lt\/product\/pirkti-fenobarbitalis-fenobarbitalis-luminalis\/","title":{"rendered":"Pirkite fenobarbital\u012f (fenobarbital\u012f) \/ Luminal"},"content":{"rendered":"<p>Pigiai \u012fsigykite Phenobarbital Luminal Phenobarbital Luminal internetu i\u0161 patikimos vaistin\u0117s u\u017e geriausi\u0105 kain\u0105<\/p>\n<p>Naudodami internetin\u0119 vaistin\u0119, pvz., Nembutal Pharmacy, vartotojai gali patogiai gauti recept\u0173 ir vaist\u0173. Phenobarbital Luminal internetu galite bet kada \u012fsigyti m\u016bs\u0173 svetain\u0117je, tod\u0117l nepraleiskite progos. \u010cia galite \u012fsigyti \u0161io vaisto u\u017e priimtin\u0105 kain\u0105.<\/p>\n<p>M\u016bs\u0173 internetin\u0117je vaistin\u0117je galite b\u016bti tikri, kad visada gausite auk\u0161tos kokyb\u0117s vaistus. Klientai gali tik\u0117tis, kad j\u0173 receptai \u012f \u0161i\u0105 vaistin\u0119 atvyks laiku. Savo darbe netoleruojame vangumo ir kiekvien\u0105 u\u017eduot\u012f atliekame greitai. Nedelsdami susisiekite su mumis, kad u\u017esisakytum\u0117te Phenobarbital Luminal internetu u\u017e geriausi\u0105 kain\u0105 ir greitai pristatytum\u0117te, jei ie\u0161kote tokios internetin\u0117s vaistin\u0117s kaip m\u016bs\u0173!<\/p>\n<p>Luminal Phenobarbital: k\u0105 galime padaryti, kad \u012fsitikintum\u0117te, jog j\u012f naudojate Saugiai?<\/p>\n<p>Phenobarbital Luminal yra gerai \u017einomas vaistas epilepsijos priepuoliams gydyti. Taip pat galite vartoti \u0161\u012f vaist\u0105 nerimui, nemigai ir kitoms ligoms gydyti. Prie\u0161 prad\u0117dami vartoti \u0161\u012f vaist\u0105, tur\u0117tum\u0117te pasitarti su gydytoju. Phenobarbital Luminal galima prad\u0117ti vartoti tik nuodugniai pasitarus su gydytoju.<\/p>\n<p>M\u016bs\u0173 internetin\u0117je vaistin\u0117je kiekviename u\u017esakyme pateikiamas i\u0161samus vaist\u0173 vadovas. D\u0117l \u0161ios prie\u017easties galite saugiai laikytis vaisto nurodym\u0173 ir juos naudoti. Esame \u010dia tam, kad jums b\u016bt\u0173 kuo papras\u010diau u\u017esisakyti Phenobarbital Luminal internetu. Nedelsdami susisiekite su mumis ir pasinaudokite \u0161io vaisto privalumais. Esame pasireng\u0119 jums pad\u0117ti vis\u0105 laik\u0105.<\/p>\n","protected":false},"excerpt":{"rendered":"<p>Kokia internetin\u0117 vaistin\u0117 si\u016blo pigiausi\u0105 Phenobarbital Luminal?<\/p>\n<p>M\u016bs\u0173 internetin\u0117 vaistin\u0117 \u0161iuo metu parduoda Phenobarbital Luminal tabletes. Phenobarbital Luminal pardavimo u\u017esakymai apdorojami kaip \u012fmanoma grei\u010diau. Tiesiog susisiekite su mumis \u0161iandien ir mes kuo grei\u010diau atsi\u0173sime jums vaistus. Dabar pats laikas prisijungti!<\/p>\n","protected":false},"featured_media":5808,"comment_status":"open","ping_status":"closed","template":"","meta":[],"product_brand":[],"product_cat":[3818],"product_tag":[3955,3956,3962,3960,3961,3964,3965,3958,3966,3967,3963,3968,3957,3969,3970,3971,3959],"class_list":{"0":"post-5798","1":"product","2":"type-product","3":"status-publish","4":"has-post-thumbnail","6":"product_cat-parduodu-pentobarbitalis","7":"product_tag-barbitrat-alutinis-poveikis","8":"product_tag-cost-of-phenobarbital-for-dogs","9":"product_tag-fenobarbitalio-dozavimas-unims","10":"product_tag-fenobarbitalio-dozavimas","11":"product_tag-fenobarbitalio-dozs","12":"product_tag-fenobarbitalio-lygiu","13":"product_tag-fenobarbitalio-perdozavimas","14":"product_tag-fenobarbitalio-preks-enklas","15":"product_tag-fenobarbitalio-alutinis-poveikis","16":"product_tag-fenobarbitalio-alutinis-poveikis-unims","17":"product_tag-fenobarbitalio-unims-alutinis-poveikis","18":"product_tag-fenobarbitono-lygis","19":"product_tag-fenobarb-perdozavimas","20":"product_tag-kam-naudojamas-fenobarbas","21":"product_tag-kas-yra-fenobarbitalis","22":"product_tag-kas-yra-po-medicininiu-poiriu","23":"product_tag-fenobarbitalio-kontroliuojama-mediaga","25":"first","26":"instock","27":"shipping-taxable","28":"purchasable","29":"product-type-variable"},"yoast_head":"<!-- This site is optimized with the Yoast SEO plugin v27.3 - https:\/\/yoast.com\/product\/yoast-seo-wordpress\/ -->\n<title>Pirkite fenobarbital\u012f (fenobarbitalis) \/ Luminal \u2013 geriausius pasaulinius vaistus<\/title>\n<meta name=\"description\" content=\"Dabar galite \u012fsigyti Phenobarbital Luminal table\u010di\u0173 Nembutal internetin\u0117je vaistin\u0117je. J\u016bs\u0173 u\u017esakymas parduoti Phenobarbital Luminal bus \u012fvykdytas per trumpiausi\u0105 \u012fmanom\u0105 laik\u0105. Viskas, k\u0105 jums reikia padaryti, tai \u0161iandien mums paskambinti, para\u0161yti SMS arba el. pa\u0161tu ir greitai pristatyti vaistus. Prisijunkite dabar!\" \/>\n<meta name=\"robots\" content=\"index, follow, max-snippet:-1, max-image-preview:large, max-video-preview:-1\" \/>\n<link rel=\"canonical\" href=\"https:\/\/medicinasinc.com\/lt\/product\/pirkti-fenobarbitalis-fenobarbitalis-luminalis\/\" \/>\n<meta property=\"og:locale\" content=\"en_US\" \/>\n<meta property=\"og:type\" content=\"article\" \/>\n<meta property=\"og:title\" content=\"Pirkite fenobarbital\u012f (fenobarbitalis) \/ Luminal \u2013 geriausius pasaulinius vaistus\" \/>\n<meta property=\"og:description\" content=\"Dabar galite \u012fsigyti Phenobarbital Luminal table\u010di\u0173 Nembutal internetin\u0117je vaistin\u0117je. J\u016bs\u0173 u\u017esakymas parduoti Phenobarbital Luminal bus \u012fvykdytas per trumpiausi\u0105 \u012fmanom\u0105 laik\u0105. Viskas, k\u0105 jums reikia padaryti, tai \u0161iandien mums paskambinti, para\u0161yti SMS arba el. pa\u0161tu ir greitai pristatyti vaistus. Prisijunkite dabar!\" \/>\n<meta property=\"og:url\" content=\"https:\/\/medicinasinc.com\/lt\/product\/pirkti-fenobarbitalis-fenobarbitalis-luminalis\/\" \/>\n<meta property=\"og:site_name\" content=\"Medicinas Inc\" \/>\n<meta property=\"article:modified_time\" content=\"2022-03-20T12:08:08+00:00\" \/>\n<meta property=\"og:image\" content=\"https:\/\/medicinasinc.com\/lt\/wp-content\/uploads\/sites\/9\/2022\/02\/Buy-Phenobarbital-Tablets.jpg\" \/>\n\t<meta property=\"og:image:width\" content=\"600\" \/>\n\t<meta property=\"og:image:height\" content=\"600\" \/>\n\t<meta property=\"og:image:type\" content=\"image\/jpeg\" \/>\n<meta name=\"twitter:card\" content=\"summary_large_image\" \/>\n<meta name=\"twitter:label1\" content=\"Est. reading time\" \/>\n\t<meta name=\"twitter:data1\" content=\"2 minutes\" \/>\n<script type=\"application\/ld+json\" class=\"yoast-schema-graph\">{\"@context\":\"https:\\\/\\\/schema.org\",\"@graph\":[{\"@type\":\"WebPage\",\"@id\":\"https:\\\/\\\/medicinasinc.com\\\/lt\\\/product\\\/pirkti-fenobarbitalis-fenobarbitalis-luminalis\\\/\",\"url\":\"https:\\\/\\\/medicinasinc.com\\\/lt\\\/product\\\/pirkti-fenobarbitalis-fenobarbitalis-luminalis\\\/\",\"name\":\"Pirkite fenobarbital\u012f (fenobarbitalis) \\\/ Luminal \u2013 geriausius pasaulinius vaistus\",\"isPartOf\":{\"@id\":\"https:\\\/\\\/medicinasinc.com\\\/lt\\\/#website\"},\"primaryImageOfPage\":{\"@id\":\"https:\\\/\\\/medicinasinc.com\\\/lt\\\/product\\\/pirkti-fenobarbitalis-fenobarbitalis-luminalis\\\/#primaryimage\"},\"image\":{\"@id\":\"https:\\\/\\\/medicinasinc.com\\\/lt\\\/product\\\/pirkti-fenobarbitalis-fenobarbitalis-luminalis\\\/#primaryimage\"},\"thumbnailUrl\":\"https:\\\/\\\/medicinasinc.com\\\/lt\\\/wp-content\\\/uploads\\\/sites\\\/9\\\/2022\\\/02\\\/Buy-Phenobarbital-Tablets.jpg\",\"datePublished\":\"2022-02-22T06:27:38+00:00\",\"dateModified\":\"2022-03-20T12:08:08+00:00\",\"description\":\"Dabar galite \u012fsigyti Phenobarbital Luminal table\u010di\u0173 Nembutal internetin\u0117je vaistin\u0117je. J\u016bs\u0173 u\u017esakymas parduoti Phenobarbital Luminal bus \u012fvykdytas per trumpiausi\u0105 \u012fmanom\u0105 laik\u0105. Viskas, k\u0105 jums reikia padaryti, tai \u0161iandien mums paskambinti, para\u0161yti SMS arba el. pa\u0161tu ir greitai pristatyti vaistus. Prisijunkite dabar!\",\"breadcrumb\":{\"@id\":\"https:\\\/\\\/medicinasinc.com\\\/lt\\\/product\\\/pirkti-fenobarbitalis-fenobarbitalis-luminalis\\\/#breadcrumb\"},\"inLanguage\":\"en-US\",\"potentialAction\":[{\"@type\":\"ReadAction\",\"target\":[\"https:\\\/\\\/medicinasinc.com\\\/lt\\\/product\\\/pirkti-fenobarbitalis-fenobarbitalis-luminalis\\\/\"]}]},{\"@type\":\"ImageObject\",\"inLanguage\":\"en-US\",\"@id\":\"https:\\\/\\\/medicinasinc.com\\\/lt\\\/product\\\/pirkti-fenobarbitalis-fenobarbitalis-luminalis\\\/#primaryimage\",\"url\":\"https:\\\/\\\/medicinasinc.com\\\/lt\\\/wp-content\\\/uploads\\\/sites\\\/9\\\/2022\\\/02\\\/Buy-Phenobarbital-Tablets.jpg\",\"contentUrl\":\"https:\\\/\\\/medicinasinc.com\\\/lt\\\/wp-content\\\/uploads\\\/sites\\\/9\\\/2022\\\/02\\\/Buy-Phenobarbital-Tablets.jpg\",\"width\":600,\"height\":600},{\"@type\":\"BreadcrumbList\",\"@id\":\"https:\\\/\\\/medicinasinc.com\\\/lt\\\/product\\\/pirkti-fenobarbitalis-fenobarbitalis-luminalis\\\/#breadcrumb\",\"itemListElement\":[{\"@type\":\"ListItem\",\"position\":1,\"name\":\"Parduotuv\u0117\",\"item\":\"https:\\\/\\\/medicinasinc.com\\\/lt\\\/parduotuve\\\/\"},{\"@type\":\"ListItem\",\"position\":2,\"name\":\"Pirkite fenobarbital\u012f (fenobarbital\u012f) \\\/ Luminal\"}]},{\"@type\":\"WebSite\",\"@id\":\"https:\\\/\\\/medicinasinc.com\\\/lt\\\/#website\",\"url\":\"https:\\\/\\\/medicinasinc.com\\\/lt\\\/\",\"name\":\"Medicinas Inc\",\"description\":\"Sveikatos medicinos klinika\",\"potentialAction\":[{\"@type\":\"SearchAction\",\"target\":{\"@type\":\"EntryPoint\",\"urlTemplate\":\"https:\\\/\\\/medicinasinc.com\\\/lt\\\/?s={search_term_string}\"},\"query-input\":{\"@type\":\"PropertyValueSpecification\",\"valueRequired\":true,\"valueName\":\"search_term_string\"}}],\"inLanguage\":\"en-US\"}]}<\/script>\n<!-- \/ Yoast SEO plugin. -->","yoast_head_json":{"title":"Pirkite fenobarbital\u012f (fenobarbitalis) \/ Luminal \u2013 geriausius pasaulinius vaistus","description":"Dabar galite \u012fsigyti Phenobarbital Luminal table\u010di\u0173 Nembutal internetin\u0117je vaistin\u0117je. J\u016bs\u0173 u\u017esakymas parduoti Phenobarbital Luminal bus \u012fvykdytas per trumpiausi\u0105 \u012fmanom\u0105 laik\u0105. Viskas, k\u0105 jums reikia padaryti, tai \u0161iandien mums paskambinti, para\u0161yti SMS arba el. pa\u0161tu ir greitai pristatyti vaistus. Prisijunkite dabar!","robots":{"index":"index","follow":"follow","max-snippet":"max-snippet:-1","max-image-preview":"max-image-preview:large","max-video-preview":"max-video-preview:-1"},"canonical":"https:\/\/medicinasinc.com\/lt\/product\/pirkti-fenobarbitalis-fenobarbitalis-luminalis\/","og_locale":"en_US","og_type":"article","og_title":"Pirkite fenobarbital\u012f (fenobarbitalis) \/ Luminal \u2013 geriausius pasaulinius vaistus","og_description":"Dabar galite \u012fsigyti Phenobarbital Luminal table\u010di\u0173 Nembutal internetin\u0117je vaistin\u0117je. J\u016bs\u0173 u\u017esakymas parduoti Phenobarbital Luminal bus \u012fvykdytas per trumpiausi\u0105 \u012fmanom\u0105 laik\u0105. Viskas, k\u0105 jums reikia padaryti, tai \u0161iandien mums paskambinti, para\u0161yti SMS arba el. pa\u0161tu ir greitai pristatyti vaistus. Prisijunkite dabar!","og_url":"https:\/\/medicinasinc.com\/lt\/product\/pirkti-fenobarbitalis-fenobarbitalis-luminalis\/","og_site_name":"Medicinas Inc","article_modified_time":"2022-03-20T12:08:08+00:00","og_image":[{"width":600,"height":600,"url":"https:\/\/medicinasinc.com\/lt\/wp-content\/uploads\/sites\/9\/2022\/02\/Buy-Phenobarbital-Tablets.jpg","type":"image\/jpeg"}],"twitter_card":"summary_large_image","twitter_misc":{"Est. reading time":"2 minutes"},"schema":{"@context":"https:\/\/schema.org","@graph":[{"@type":"WebPage","@id":"https:\/\/medicinasinc.com\/lt\/product\/pirkti-fenobarbitalis-fenobarbitalis-luminalis\/","url":"https:\/\/medicinasinc.com\/lt\/product\/pirkti-fenobarbitalis-fenobarbitalis-luminalis\/","name":"Pirkite fenobarbital\u012f (fenobarbitalis) \/ Luminal \u2013 geriausius pasaulinius vaistus","isPartOf":{"@id":"https:\/\/medicinasinc.com\/lt\/#website"},"primaryImageOfPage":{"@id":"https:\/\/medicinasinc.com\/lt\/product\/pirkti-fenobarbitalis-fenobarbitalis-luminalis\/#primaryimage"},"image":{"@id":"https:\/\/medicinasinc.com\/lt\/product\/pirkti-fenobarbitalis-fenobarbitalis-luminalis\/#primaryimage"},"thumbnailUrl":"https:\/\/medicinasinc.com\/lt\/wp-content\/uploads\/sites\/9\/2022\/02\/Buy-Phenobarbital-Tablets.jpg","datePublished":"2022-02-22T06:27:38+00:00","dateModified":"2022-03-20T12:08:08+00:00","description":"Dabar galite \u012fsigyti Phenobarbital Luminal table\u010di\u0173 Nembutal internetin\u0117je vaistin\u0117je. J\u016bs\u0173 u\u017esakymas parduoti Phenobarbital Luminal bus \u012fvykdytas per trumpiausi\u0105 \u012fmanom\u0105 laik\u0105. Viskas, k\u0105 jums reikia padaryti, tai \u0161iandien mums paskambinti, para\u0161yti SMS arba el. pa\u0161tu ir greitai pristatyti vaistus. Prisijunkite dabar!","breadcrumb":{"@id":"https:\/\/medicinasinc.com\/lt\/product\/pirkti-fenobarbitalis-fenobarbitalis-luminalis\/#breadcrumb"},"inLanguage":"en-US","potentialAction":[{"@type":"ReadAction","target":["https:\/\/medicinasinc.com\/lt\/product\/pirkti-fenobarbitalis-fenobarbitalis-luminalis\/"]}]},{"@type":"ImageObject","inLanguage":"en-US","@id":"https:\/\/medicinasinc.com\/lt\/product\/pirkti-fenobarbitalis-fenobarbitalis-luminalis\/#primaryimage","url":"https:\/\/medicinasinc.com\/lt\/wp-content\/uploads\/sites\/9\/2022\/02\/Buy-Phenobarbital-Tablets.jpg","contentUrl":"https:\/\/medicinasinc.com\/lt\/wp-content\/uploads\/sites\/9\/2022\/02\/Buy-Phenobarbital-Tablets.jpg","width":600,"height":600},{"@type":"BreadcrumbList","@id":"https:\/\/medicinasinc.com\/lt\/product\/pirkti-fenobarbitalis-fenobarbitalis-luminalis\/#breadcrumb","itemListElement":[{"@type":"ListItem","position":1,"name":"Parduotuv\u0117","item":"https:\/\/medicinasinc.com\/lt\/parduotuve\/"},{"@type":"ListItem","position":2,"name":"Pirkite fenobarbital\u012f (fenobarbital\u012f) \/ Luminal"}]},{"@type":"WebSite","@id":"https:\/\/medicinasinc.com\/lt\/#website","url":"https:\/\/medicinasinc.com\/lt\/","name":"Medicinas Inc","description":"Sveikatos medicinos klinika","potentialAction":[{"@type":"SearchAction","target":{"@type":"EntryPoint","urlTemplate":"https:\/\/medicinasinc.com\/lt\/?s={search_term_string}"},"query-input":{"@type":"PropertyValueSpecification","valueRequired":true,"valueName":"search_term_string"}}],"inLanguage":"en-US"}]}},"_links":{"self":[{"href":"https:\/\/medicinasinc.com\/lt\/wp-json\/wp\/v2\/product\/5798","targetHints":{"allow":["GET"]}}],"collection":[{"href":"https:\/\/medicinasinc.com\/lt\/wp-json\/wp\/v2\/product"}],"about":[{"href":"https:\/\/medicinasinc.com\/lt\/wp-json\/wp\/v2\/types\/product"}],"replies":[{"embeddable":true,"href":"https:\/\/medicinasinc.com\/lt\/wp-json\/wp\/v2\/comments?post=5798"}],"wp:featuredmedia":[{"embeddable":true,"href":"https:\/\/medicinasinc.com\/lt\/wp-json\/wp\/v2\/media\/5808"}],"wp:attachment":[{"href":"https:\/\/medicinasinc.com\/lt\/wp-json\/wp\/v2\/media?parent=5798"}],"wp:term":[{"taxonomy":"product_brand","embeddable":true,"href":"https:\/\/medicinasinc.com\/lt\/wp-json\/wp\/v2\/product_brand?post=5798"},{"taxonomy":"product_cat","embeddable":true,"href":"https:\/\/medicinasinc.com\/lt\/wp-json\/wp\/v2\/product_cat?post=5798"},{"taxonomy":"product_tag","embeddable":true,"href":"https:\/\/medicinasinc.com\/lt\/wp-json\/wp\/v2\/product_tag?post=5798"}],"curies":[{"name":"wp","href":"https:\/\/api.w.org\/{rel}","templated":true}]}}