{"id":5792,"date":"2022-02-22T06:20:38","date_gmt":"2022-02-22T06:20:38","guid":{"rendered":"https:\/\/medicinasinc.com\/lt\/?post_type=product&#038;p=5792"},"modified":"2022-03-20T12:08:16","modified_gmt":"2022-03-20T12:08:16","slug":"pirkti-seconal-natrio","status":"publish","type":"product","link":"https:\/\/medicinasinc.com\/lt\/product\/pirkti-seconal-natrio\/","title":{"rendered":"Pirkite Seconal Sodium"},"content":{"rendered":"<p>U\u017esisakykite Seconal Sodium internetu i\u0161 geriausios vaistin\u0117s. \u2013<\/p>\n<p>Dabar Nembutal galima \u012fsigyti internetu su Seconal Sodium ma\u017eiausiomis kainomis. M\u016bs\u0173 internetin\u0117je vaistin\u0117je galite u\u017esisakyti \u201eSeconal Sodium\u201c ir pristatyti j\u012f iki j\u016bs\u0173 dur\u0173 per kelias dienas. Nor\u0117dami gauti greit\u0105 Seconal Sodium pristatym\u0105, tiesiog pateikite u\u017esakym\u0105 pas mus ir vienas i\u0161 m\u016bs\u0173 komandos nari\u0173 paruo\u0161 ir supakuosis j\u012f u\u017e jus. Kadangi \u0161iame versle dirbame taip ilgai, susik\u016br\u0117me tvirt\u0105 patikimos vaistin\u0117s reputacij\u0105. Jei norite \u012fsigyti geriausios kokyb\u0117s vaistus, galite pasikliauti, kad juos pristatysime laiku.<\/p>\n<p>Kokie yra Seconal Sodium privalumai? Kod\u0117l tur\u0117tum\u0117te j\u012f pirkti i\u0161 m\u016bs\u0173?<\/p>\n<p>Prie\u0161 operacij\u0105 Seconal Sodium naudojamas atsipalaiduoti. Jis priklauso vaist\u0173, \u017einom\u0173 kaip barbit\u016bratiniai migdomieji vaistai, klasei, \u012fskaitant Seconal. Jis nuramina jus, paveikdamas konkre\u010dias j\u016bs\u0173 smegen\u0173 dalis. Senjorai tur\u0117t\u0173 aptarti \u0161io vaisto, taip pat stipresni\u0173, bet galb\u016bt saugesni\u0173 vaist\u0173 naud\u0105 ir pavoj\u0173 su savo gydytoju arba vaist\u0173 specialistu. Prie\u0161 prad\u0117dami vartoti Seconal Sodium ir kiekvien\u0105 kart\u0105, kai gausite papildym\u0105, perskaitykite vaist\u0173 vadov\u0105, kur\u012f pateikia m\u016bs\u0173 internetin\u0117 vaistin\u0117. Jei turite klausim\u0173, kreipkit\u0117s \u012f savo gydytoj\u0105 arba vaist\u0173 specialist\u0105. Prie\u0161 operacij\u0105 laikykit\u0117s gydytojo nurodym\u0173 ir i\u0161gerkite \u0161\u012f recept\u0105 per burn\u0105, u\u017esigerdami stikline vandens nevalgius.<\/p>\n<p>Vienas negalavimas, nuo kurio naudojamas tik Seconal Sodium, yra tas, kuris i\u0161vardytas toliau:<\/p>\n<p>Papildomos anestezijos injekcijos<br \/> papildoma anestezij\u0105 sukelianti priemon\u0117<\/p>\n<p>M\u016bs\u0173 internetin\u0117 Nembutal vaistin\u0117 parduoda ir pristato Seconal Sodium Secobarbital \u012f j\u016bs\u0173 pageidaujam\u0105 viet\u0105 kaip \u012fmanoma grei\u010diau. Geriausias b\u016bdas jums pad\u0117ti \u2013 leisti mums tai padaryti. Saugu pasitik\u0117ti m\u016bs\u0173 internetine \u201eNembutal\u201c vaistine. Mes nuolat esame \u010dia, kad pad\u0117tume savo svarbiems klientams pasiekti savo tikslus ir atitikti j\u0173 kriterijus. Susisiekite su mumis kuo grei\u010diau!<\/p>\n","protected":false},"excerpt":{"rendered":"<p>Jei reikia pagalbos, kreipkit\u0117s \u012f internetin\u0119 nembutal vaistin\u0119.<\/p>\n<p>Pirkite Seconal Sodium pardavimui JK, Europoje ir likusioje pasaulio dalyje u\u017e geriausi\u0105 \u012fmanom\u0105 kain\u0105 u\u017esisakydami internetu. M\u016bs\u0173 internetin\u0117je Seconal Sodium vaistin\u0117je rasite plat\u0173 auk\u0161tos kokyb\u0117s vitamin\u0173 ir vaist\u0173 pasirinkim\u0105. Nor\u0117dami pateikti u\u017esakym\u0105, eikite \u012f svetain\u0119.<\/p>\n<p>Kiekvienas pasaulio gyventojas gali nusipirkti Nembutal internetu i\u0161 internetin\u0117s vaistin\u0117s. Susisiekite su mumis bet kuriuo metu ir i\u0161 bet kurios vietos. \u012e visus m\u016bs\u0173 klient\u0173 klausimus ar r\u016bpes\u010dius nedelsiant atsakys vienas i\u0161 m\u016bs\u0173 klient\u0173 aptarnavimo atstov\u0173. Mes pradedame pakuoti j\u016bs\u0173 gamin\u012f i\u0161 karto, kai tik gauname i\u0161 j\u016bs\u0173 u\u017esakymo duomenis. U\u017etikriname, kad visi m\u016bs\u0173 klientai&#8217; vaistai pristatomi saugiose ir tinkamose pakuot\u0117se ir n\u0117 vienas i\u0161 j\u0173 nebuvo sugadintas. J\u016bs\u0173 vaist\u0173 kokyb\u0117 ar pristatymo b\u016bsena niekada nekelia susir\u016bpinimo, kai dirbate su mumis. Esame \u010dia tam, kad prisiimtume vis\u0105 atsakomyb\u0119 u\u017e visk\u0105. I\u0161 \u010dia galite tik\u0117tis tik geriausio j\u016bs\u0173 gerovei. Su mumis galite susisiekti telefonu, el. pa\u0161tu arba \u017einute. \u012esigykite Seconal Sodium Secobarbitalio 100 mg i\u0161 internetin\u0117s Nembutal vaistin\u0117s \u0161iandien ir pristatykite j\u012f per trump\u0105 laik\u0105.<\/p>\n","protected":false},"featured_media":5802,"comment_status":"open","ping_status":"closed","template":"","meta":[],"product_brand":[],"product_cat":[59,3818],"product_tag":[3835,3834,3831,3820,3824,3827,3951,3892,3819,3840,3842,3843,3841,3948,3922,3920,3916,3918,3919,3927,3954,3925,3926,3923,3844,3953,3878,3910,3885,3907,3897,3900,3899,3895,3891,3879,3896,3890,3911,3880,3906,3909,3908,3845,3866,3869,3913,3949,3875,3876,3881,3886,3887,3888,3893,3898,3901,3903,3902,3883,3884,3882,3889,3894,3874,3830,3822,3823,3826,3828,3829,3821,3952,3904,3950,3921],"class_list":{"0":"post-5792","1":"product","2":"type-product","3":"status-publish","4":"has-post-thumbnail","6":"product_cat-nekategorizuotas","7":"product_cat-parduodu-pentobarbitalis","8":"product_tag-ar-galite-nusipirkti-natrio-pentobarbitalio","9":"product_tag-ar-galite-nusipirkti-pentobarbitalio-natrio-be-recepto","10":"product_tag-ar-galiu-nusipirkti-pentobarbitalio","11":"product_tag-buy-cheap-nembutal-liquid-online","12":"product_tag-buy-nembutal-pentobarbital-sodium","13":"product_tag-buy-pentobarbital-sodium","14":"product_tag-fenobarbitalio-natrio--ven","15":"product_tag-pentobarbitalio-natrio-geriamojo","16":"product_tag-geriausias-vaistas-nuo-saviudybs-perdozavimo","17":"product_tag-how-to-acquire-nembutal","18":"product_tag-how-to-order-nembutal-by-mail","19":"product_tag-it-is-easy-to-buy-nembutal-online","20":"product_tag-kaip-pirkti-nembutal-internetu","21":"product_tag-kaip-pirkti-nembutal-skyst-internetu","22":"product_tag-kur-gali-pirkti-pentobarbitalio-natrio","23":"product_tag-kur-galiu-pirkti-natrio-pentobarbitalio","24":"product_tag-kur-galiu-pirkti-nembutal-natrio-pentobarbitalio","25":"product_tag-kur-galiu-pirkti-pentobarbitalio-natrio","26":"product_tag-kur-galiu-pirkti-pentobarbitalio-natrio-migdomj","27":"product_tag-kur-gauti-pentobarbitalio-natrio","28":"product_tag-kur-pirkti-nembutal-skyst-internetu","29":"product_tag-kur-nusipirkti-pentobarbitalio-natrio","30":"product_tag-kur-nusipirkti-pentobarbitalio-natrio-unims","31":"product_tag-kur-pigiai-nembutal-pirkti-internetu","32":"product_tag-mirtina-injekcija-pirkti-internetu","33":"product_tag-natrio","34":"product_tag-pentobarbitalio-natrio-anestezija","35":"product_tag-natrio-pentobarbitalio-gamintojai","36":"product_tag-pentobarbitalio-natrio-grup","37":"product_tag-natrio-pentobarbitalio-kaina","38":"product_tag-pentobarbitalio-natrio-kaina","39":"product_tag-pentobarbitalio-natrio-migdomosios-tablets-be-recepto","40":"product_tag-pentobarbitalio-natrio-migdomosios-tablets","41":"product_tag-pentobarbitalio-natrio-milteliai","42":"product_tag-pentobarbitalio-natrio-nz","43":"product_tag-pentobarbitalio-natrio-pirkti","44":"product_tag-pentobarbitalio-natrio-druskos-receptas","45":"product_tag-pentobarbitalio-natrio-skystis","46":"product_tag-natrio-pentobarbitalio-tinkamumo-laikas","47":"product_tag-pentobarbitalio-natrio-kinijos","48":"product_tag-natrio-pentobarbitalis-nembutalis","49":"product_tag-natrio-pentobarbitalis-eutanazijai","50":"product_tag-natrio-pentobarbitalis-gyvn-eutanazijai","51":"product_tag-nembutal","52":"product_tag-nembutal-pills-online","53":"product_tag-nembutal-savi-c5-beudyb-c4-97s-doz-c4-97","54":"product_tag-nori-pirkti-nembutal","55":"product_tag-nembutal-skystis-parduodamas","56":"product_tag-pentobarbital-de-sodium-dose-letale","57":"product_tag-pentobarbital-for-euthanasia","58":"product_tag-pentobarbital-sodium-death","59":"product_tag-pentobarbital-sodium-injection-for-dogs","60":"product_tag-pentobarbital-sodium-injection-for-humans","61":"product_tag-pentobarbital-sodium-injection-solution","62":"product_tag-pentobarbital-sodium-over-the-counter","63":"product_tag-pentobarbital-sodium-salt","64":"product_tag-pentobarbital-sodium-tablets","65":"product_tag-pentobarbital-use","66":"product_tag-pentobarbitalio-natrio-kur-pirkti","67":"product_tag-pentobarbitalio-natrio-druska-unims","68":"product_tag-pentobarbitalio-natrio-druska-monms","69":"product_tag-pentobarbitalio-natrio-dozavimas","70":"product_tag-pentobarbitalio-natrio-injekcija-plg","71":"product_tag-pentobarbitalio-natrio-tablets","72":"product_tag-pentobarbitalis","73":"product_tag-pirkti-natrio-pentobarbitalis-uk","74":"product_tag-pirk-nembutal-ia","75":"product_tag-pirkti-nembutal-skyst-internetu","76":"product_tag-pirkti-nembutal-natrio-internetu","77":"product_tag-pirkti-pentobarbitalio-natrio-2021","78":"product_tag-pirkti-pentobarbitalio-natrio-pentobarbitalio-natrio-druskos","79":"product_tag-pirkti-pigiai-nembutal-internetu","80":"product_tag-purchase-nembutal-liquid-online","81":"product_tag-purchase-nembutal-online","82":"product_tag-usisakyti-nembutal-skystis-internete","83":"product_tag-where-can-i-purchase-nembutal","85":"first","86":"instock","87":"shipping-taxable","88":"purchasable","89":"product-type-variable"},"yoast_head":"<!-- This site is optimized with the Yoast SEO plugin v27.3 - https:\/\/yoast.com\/product\/yoast-seo-wordpress\/ -->\n<title>Pirkite Seconal Sodium \u2013 geriausius geriausius pasaulinius vaistus<\/title>\n<meta name=\"description\" content=\"Pirkite Seconal Sodium pardavimui JK, Europoje 100 mg internetu geriausia kaina. Did\u017eiulis auk\u0161tos kokyb\u0117s papild\u0173 ir vaist\u0173 pasirinkimas m\u016bs\u0173 internetin\u0117je Seconal Sodium vaistin\u0117je. U\u017esisakykite internetu.\" \/>\n<meta name=\"robots\" content=\"index, follow, max-snippet:-1, max-image-preview:large, max-video-preview:-1\" \/>\n<link rel=\"canonical\" href=\"https:\/\/medicinasinc.com\/lt\/product\/pirkti-seconal-natrio\/\" \/>\n<meta property=\"og:locale\" content=\"en_US\" \/>\n<meta property=\"og:type\" content=\"article\" \/>\n<meta property=\"og:title\" content=\"Pirkite Seconal Sodium \u2013 geriausius geriausius pasaulinius vaistus\" \/>\n<meta property=\"og:description\" content=\"Pirkite Seconal Sodium pardavimui JK, Europoje 100 mg internetu geriausia kaina. Did\u017eiulis auk\u0161tos kokyb\u0117s papild\u0173 ir vaist\u0173 pasirinkimas m\u016bs\u0173 internetin\u0117je Seconal Sodium vaistin\u0117je. U\u017esisakykite internetu.\" \/>\n<meta property=\"og:url\" content=\"https:\/\/medicinasinc.com\/lt\/product\/pirkti-seconal-natrio\/\" \/>\n<meta property=\"og:site_name\" content=\"Medicinas Inc\" \/>\n<meta property=\"article:modified_time\" content=\"2022-03-20T12:08:16+00:00\" \/>\n<meta property=\"og:image\" content=\"https:\/\/medicinasinc.com\/lt\/wp-content\/uploads\/sites\/9\/2022\/02\/Buy-Seconal-Sodium.jpg\" \/>\n\t<meta property=\"og:image:width\" content=\"600\" \/>\n\t<meta property=\"og:image:height\" content=\"600\" \/>\n\t<meta property=\"og:image:type\" content=\"image\/jpeg\" \/>\n<meta name=\"twitter:card\" content=\"summary_large_image\" \/>\n<meta name=\"twitter:label1\" content=\"Est. reading time\" \/>\n\t<meta name=\"twitter:data1\" content=\"2 minutes\" \/>\n<script type=\"application\/ld+json\" class=\"yoast-schema-graph\">{\"@context\":\"https:\\\/\\\/schema.org\",\"@graph\":[{\"@type\":\"WebPage\",\"@id\":\"https:\\\/\\\/medicinasinc.com\\\/lt\\\/product\\\/pirkti-seconal-natrio\\\/\",\"url\":\"https:\\\/\\\/medicinasinc.com\\\/lt\\\/product\\\/pirkti-seconal-natrio\\\/\",\"name\":\"Pirkite Seconal Sodium \u2013 geriausius geriausius pasaulinius vaistus\",\"isPartOf\":{\"@id\":\"https:\\\/\\\/medicinasinc.com\\\/lt\\\/#website\"},\"primaryImageOfPage\":{\"@id\":\"https:\\\/\\\/medicinasinc.com\\\/lt\\\/product\\\/pirkti-seconal-natrio\\\/#primaryimage\"},\"image\":{\"@id\":\"https:\\\/\\\/medicinasinc.com\\\/lt\\\/product\\\/pirkti-seconal-natrio\\\/#primaryimage\"},\"thumbnailUrl\":\"https:\\\/\\\/medicinasinc.com\\\/lt\\\/wp-content\\\/uploads\\\/sites\\\/9\\\/2022\\\/02\\\/Buy-Seconal-Sodium.jpg\",\"datePublished\":\"2022-02-22T06:20:38+00:00\",\"dateModified\":\"2022-03-20T12:08:16+00:00\",\"description\":\"Pirkite Seconal Sodium pardavimui JK, Europoje 100 mg internetu geriausia kaina. Did\u017eiulis auk\u0161tos kokyb\u0117s papild\u0173 ir vaist\u0173 pasirinkimas m\u016bs\u0173 internetin\u0117je Seconal Sodium vaistin\u0117je. U\u017esisakykite internetu.\",\"breadcrumb\":{\"@id\":\"https:\\\/\\\/medicinasinc.com\\\/lt\\\/product\\\/pirkti-seconal-natrio\\\/#breadcrumb\"},\"inLanguage\":\"en-US\",\"potentialAction\":[{\"@type\":\"ReadAction\",\"target\":[\"https:\\\/\\\/medicinasinc.com\\\/lt\\\/product\\\/pirkti-seconal-natrio\\\/\"]}]},{\"@type\":\"ImageObject\",\"inLanguage\":\"en-US\",\"@id\":\"https:\\\/\\\/medicinasinc.com\\\/lt\\\/product\\\/pirkti-seconal-natrio\\\/#primaryimage\",\"url\":\"https:\\\/\\\/medicinasinc.com\\\/lt\\\/wp-content\\\/uploads\\\/sites\\\/9\\\/2022\\\/02\\\/Buy-Seconal-Sodium.jpg\",\"contentUrl\":\"https:\\\/\\\/medicinasinc.com\\\/lt\\\/wp-content\\\/uploads\\\/sites\\\/9\\\/2022\\\/02\\\/Buy-Seconal-Sodium.jpg\",\"width\":600,\"height\":600},{\"@type\":\"BreadcrumbList\",\"@id\":\"https:\\\/\\\/medicinasinc.com\\\/lt\\\/product\\\/pirkti-seconal-natrio\\\/#breadcrumb\",\"itemListElement\":[{\"@type\":\"ListItem\",\"position\":1,\"name\":\"Parduotuv\u0117\",\"item\":\"https:\\\/\\\/medicinasinc.com\\\/lt\\\/parduotuve\\\/\"},{\"@type\":\"ListItem\",\"position\":2,\"name\":\"Pirkite Seconal Sodium\"}]},{\"@type\":\"WebSite\",\"@id\":\"https:\\\/\\\/medicinasinc.com\\\/lt\\\/#website\",\"url\":\"https:\\\/\\\/medicinasinc.com\\\/lt\\\/\",\"name\":\"Medicinas Inc\",\"description\":\"Sveikatos medicinos klinika\",\"potentialAction\":[{\"@type\":\"SearchAction\",\"target\":{\"@type\":\"EntryPoint\",\"urlTemplate\":\"https:\\\/\\\/medicinasinc.com\\\/lt\\\/?s={search_term_string}\"},\"query-input\":{\"@type\":\"PropertyValueSpecification\",\"valueRequired\":true,\"valueName\":\"search_term_string\"}}],\"inLanguage\":\"en-US\"}]}<\/script>\n<!-- \/ Yoast SEO plugin. -->","yoast_head_json":{"title":"Pirkite Seconal Sodium \u2013 geriausius geriausius pasaulinius vaistus","description":"Pirkite Seconal Sodium pardavimui JK, Europoje 100 mg internetu geriausia kaina. Did\u017eiulis auk\u0161tos kokyb\u0117s papild\u0173 ir vaist\u0173 pasirinkimas m\u016bs\u0173 internetin\u0117je Seconal Sodium vaistin\u0117je. U\u017esisakykite internetu.","robots":{"index":"index","follow":"follow","max-snippet":"max-snippet:-1","max-image-preview":"max-image-preview:large","max-video-preview":"max-video-preview:-1"},"canonical":"https:\/\/medicinasinc.com\/lt\/product\/pirkti-seconal-natrio\/","og_locale":"en_US","og_type":"article","og_title":"Pirkite Seconal Sodium \u2013 geriausius geriausius pasaulinius vaistus","og_description":"Pirkite Seconal Sodium pardavimui JK, Europoje 100 mg internetu geriausia kaina. Did\u017eiulis auk\u0161tos kokyb\u0117s papild\u0173 ir vaist\u0173 pasirinkimas m\u016bs\u0173 internetin\u0117je Seconal Sodium vaistin\u0117je. U\u017esisakykite internetu.","og_url":"https:\/\/medicinasinc.com\/lt\/product\/pirkti-seconal-natrio\/","og_site_name":"Medicinas Inc","article_modified_time":"2022-03-20T12:08:16+00:00","og_image":[{"width":600,"height":600,"url":"https:\/\/medicinasinc.com\/lt\/wp-content\/uploads\/sites\/9\/2022\/02\/Buy-Seconal-Sodium.jpg","type":"image\/jpeg"}],"twitter_card":"summary_large_image","twitter_misc":{"Est. reading time":"2 minutes"},"schema":{"@context":"https:\/\/schema.org","@graph":[{"@type":"WebPage","@id":"https:\/\/medicinasinc.com\/lt\/product\/pirkti-seconal-natrio\/","url":"https:\/\/medicinasinc.com\/lt\/product\/pirkti-seconal-natrio\/","name":"Pirkite Seconal Sodium \u2013 geriausius geriausius pasaulinius vaistus","isPartOf":{"@id":"https:\/\/medicinasinc.com\/lt\/#website"},"primaryImageOfPage":{"@id":"https:\/\/medicinasinc.com\/lt\/product\/pirkti-seconal-natrio\/#primaryimage"},"image":{"@id":"https:\/\/medicinasinc.com\/lt\/product\/pirkti-seconal-natrio\/#primaryimage"},"thumbnailUrl":"https:\/\/medicinasinc.com\/lt\/wp-content\/uploads\/sites\/9\/2022\/02\/Buy-Seconal-Sodium.jpg","datePublished":"2022-02-22T06:20:38+00:00","dateModified":"2022-03-20T12:08:16+00:00","description":"Pirkite Seconal Sodium pardavimui JK, Europoje 100 mg internetu geriausia kaina. Did\u017eiulis auk\u0161tos kokyb\u0117s papild\u0173 ir vaist\u0173 pasirinkimas m\u016bs\u0173 internetin\u0117je Seconal Sodium vaistin\u0117je. U\u017esisakykite internetu.","breadcrumb":{"@id":"https:\/\/medicinasinc.com\/lt\/product\/pirkti-seconal-natrio\/#breadcrumb"},"inLanguage":"en-US","potentialAction":[{"@type":"ReadAction","target":["https:\/\/medicinasinc.com\/lt\/product\/pirkti-seconal-natrio\/"]}]},{"@type":"ImageObject","inLanguage":"en-US","@id":"https:\/\/medicinasinc.com\/lt\/product\/pirkti-seconal-natrio\/#primaryimage","url":"https:\/\/medicinasinc.com\/lt\/wp-content\/uploads\/sites\/9\/2022\/02\/Buy-Seconal-Sodium.jpg","contentUrl":"https:\/\/medicinasinc.com\/lt\/wp-content\/uploads\/sites\/9\/2022\/02\/Buy-Seconal-Sodium.jpg","width":600,"height":600},{"@type":"BreadcrumbList","@id":"https:\/\/medicinasinc.com\/lt\/product\/pirkti-seconal-natrio\/#breadcrumb","itemListElement":[{"@type":"ListItem","position":1,"name":"Parduotuv\u0117","item":"https:\/\/medicinasinc.com\/lt\/parduotuve\/"},{"@type":"ListItem","position":2,"name":"Pirkite Seconal Sodium"}]},{"@type":"WebSite","@id":"https:\/\/medicinasinc.com\/lt\/#website","url":"https:\/\/medicinasinc.com\/lt\/","name":"Medicinas Inc","description":"Sveikatos medicinos klinika","potentialAction":[{"@type":"SearchAction","target":{"@type":"EntryPoint","urlTemplate":"https:\/\/medicinasinc.com\/lt\/?s={search_term_string}"},"query-input":{"@type":"PropertyValueSpecification","valueRequired":true,"valueName":"search_term_string"}}],"inLanguage":"en-US"}]}},"_links":{"self":[{"href":"https:\/\/medicinasinc.com\/lt\/wp-json\/wp\/v2\/product\/5792","targetHints":{"allow":["GET"]}}],"collection":[{"href":"https:\/\/medicinasinc.com\/lt\/wp-json\/wp\/v2\/product"}],"about":[{"href":"https:\/\/medicinasinc.com\/lt\/wp-json\/wp\/v2\/types\/product"}],"replies":[{"embeddable":true,"href":"https:\/\/medicinasinc.com\/lt\/wp-json\/wp\/v2\/comments?post=5792"}],"wp:featuredmedia":[{"embeddable":true,"href":"https:\/\/medicinasinc.com\/lt\/wp-json\/wp\/v2\/media\/5802"}],"wp:attachment":[{"href":"https:\/\/medicinasinc.com\/lt\/wp-json\/wp\/v2\/media?parent=5792"}],"wp:term":[{"taxonomy":"product_brand","embeddable":true,"href":"https:\/\/medicinasinc.com\/lt\/wp-json\/wp\/v2\/product_brand?post=5792"},{"taxonomy":"product_cat","embeddable":true,"href":"https:\/\/medicinasinc.com\/lt\/wp-json\/wp\/v2\/product_cat?post=5792"},{"taxonomy":"product_tag","embeddable":true,"href":"https:\/\/medicinasinc.com\/lt\/wp-json\/wp\/v2\/product_tag?post=5792"}],"curies":[{"name":"wp","href":"https:\/\/api.w.org\/{rel}","templated":true}]}}