{"id":5785,"date":"2022-02-22T06:12:06","date_gmt":"2022-02-22T06:12:06","guid":{"rendered":"https:\/\/medicinasinc.com\/lt\/?post_type=product&#038;p=5785"},"modified":"2022-03-20T12:08:24","modified_gmt":"2022-03-20T12:08:24","slug":"pirkti-nembutalis-pentobarbitalis-natris","status":"publish","type":"product","link":"https:\/\/medicinasinc.com\/lt\/product\/pirkti-nembutalis-pentobarbitalis-natris\/","title":{"rendered":"Pirkite Nembutal Pentobarbitalio natrio drusk\u0105"},"content":{"rendered":"<p>Best Global Med si\u016blo geriausi\u0105 kain\u0105 ir kokyb\u0119 parduodamam Nembutal Pentobarbital Sodium. Pateikite u\u017eklaus\u0105 internetu m\u016bs\u0173 svetain\u0117je.<\/p>\n<p>Yra keletas prie\u017eas\u010di\u0173, kod\u0117l \u017emon\u0117s renkasi Nembutal Pentobarbital geriamam vartojimui, ta\u010diau viena i\u0161 labiausiai paplitusi\u0173 yra skysta forma.<\/p>\n<p>Skysta forma. Nembutal Fenobarbitalis (taip pat \u017einomas kaip Nembutal) yra barbit\u016bratas. Nors 1940-aisiais ir 1950-aisiais jis buvo pla\u010diai naudojamas kaip miego priemon\u0117, u\u017eburiantis buvo naudojamas ir kaip vaistas nuo nerimo (pavyzd\u017eiui, narkotinis). Nembutal perdozavimas yra daug mirtingesnis nei naudojant \u0161iuolaikinius migdomuosius. Tai vienas geriausi\u0173 vaist\u0173, padedan\u010di\u0173 nusi\u017eudyti, nes yra tvirtas ir tylus. Nembutal\u012f naudoja ty\u010din\u0117s naikinimo organizacijos Jungtin\u0117se Valstijose (Oregon Death With Dignity Act), \u0160veicarijoje (Dignitas) ir Nyderlanduose.<\/p>\n<p>Nembutal buvo pa\u0161alintas i\u0161 rinkos, nes buvo taip lengva jo perdozuoti. (neatsitiktinai ar planuotai), tod\u0117l j\u012f pakeit\u0117 saugesni migdomieji vaistai. 1998 metams Nembutal buvo i\u0161brauktas i\u0161 Australijos vyriausyb\u0117s rekomenduojam\u0173 vaist\u0173 s\u0105ra\u0161o. Kita vertus, Nembutal\u0105 vis dar naudoja veterinarai, nor\u0117dami nutraukti didesni\u0173 gyv\u016bn\u0173 gyvybes. Daugelis \u017emoni\u0173 gal\u0117jo gauti veterinarin\u012f Nembutal, kad nutraukt\u0173 savo gyvenim\u0105. Marilyn Monroe, legendin\u0117 amerikie\u010di\u0173 aktor\u0117 ir daininink\u0117, matyt, nusi\u017eud\u0117 su mirtina Nembutalio doze.<\/p>\n<p>Kai daktaras Johnas S. Lundy pirm\u0105 kart\u0105 prad\u0117jo naudoti natrio druskos lygt\u012f \u2013 Na (natris) + etilas + metilas + butilas + al \u2013 1930 m. jam buvo suteiktas prek\u0117s \u017eenklas \u201eNembutal\u201c (\u012fprastas barbit\u016brat\u0173 postfiksas). Danijoje Lundbeck priklauso prek\u0117s \u017eenklas ir gamina Nembutal.<\/p>\n<p>Trumpai veikiantys barbit\u016bratai yra fenobarbitalis (JAV angl\u0173 kalba) ir pentobarbitonas (JK angl\u0173 kalba). Kalbant apie fenobarbital\u012f, jis b\u016bna \u012fvairi\u0173 form\u0173, \u012fskaitant laisv\u0105 korozij\u0105 ir \u012fvairi\u0173 sudedam\u0173j\u0173 dali\u0173, toki\u0173 kaip natris ir kalcis, druskas. Vandenyje ir etanolyje laisva \u0117sdinanti med\u017eiaga \u0161iek tiek tirpsta. Nembutal yra vienas i\u0161 vaist\u0173 pavadinim\u0173.<\/p>\n<p>C11H18N2O3 chemin\u0117 formul\u0117 yra tokia:<\/p>\n<p>Kepenys dalyvauja med\u017eiag\u0173 apykaitos procesuose.<\/p>\n<p>Pus\u0117jimo laikas. organini\u0173 jungini\u0173: 15\u201348 val. Milteli\u0173 pavidalo skystis, tablet\u0117s<\/p>\n","protected":false},"excerpt":{"rendered":"<p>Pirkite Nembutal Pentobarbitalio natrio drusk\u0105 internetu i\u0161 m\u016bs\u0173 Bestglobalmeds.com parduotuv\u0117s ir nedelsdami pristatykite j\u012f iki j\u016bs\u0173 dur\u0173! \u010cia rasite geriausi\u0105 viet\u0105 nusipirkti Nembutal internetu!<\/p>\n<p>Nembutal galite nusipirkti internetu i\u0161 \u201eBest Global Meds\u201c, kuri pristatoma iki j\u016bs\u0173 dur\u0173. Nembutal \u010dia galima \u012fsigyti be recepto u\u017e ma\u017eiausi\u0105 kain\u0105.<\/p>\n<p>Kadangi Nembutal perdozavimas buvo toks da\u017enas, vaistas buvo pa\u0161alintas i\u0161 rinkos ir pakeistas saugesniais migdomaisiais vaistais. 1998 m. australai nebegal\u0117jo rekomenduoti Nembutal kaip gydymo. Bet kokiu atveju veteranai ir toliau vartoja Nembutal.<\/p>\n","protected":false},"featured_media":5796,"comment_status":"open","ping_status":"closed","template":"","meta":[],"product_brand":[],"product_cat":[3818],"product_tag":[3835,3834,3831,3820,3824,3827,3951,3892,3819,3840,3842,3843,3841,3948,3922,3920,3916,3918,3919,3927,3954,3925,3926,3923,3844,3953,3878,3910,3885,3907,3897,3900,3899,3895,3891,3879,3896,3890,3911,3880,3906,3909,3908,3845,3866,3869,3913,3949,3875,3876,3881,3886,3887,3888,3893,3898,3901,3903,3902,3883,3884,3882,3889,3894,3874,3830,3822,3823,3826,3828,3829,3821,3952,3904,3950,3921],"class_list":{"0":"post-5785","1":"product","2":"type-product","3":"status-publish","4":"has-post-thumbnail","6":"product_cat-parduodu-pentobarbitalis","7":"product_tag-ar-galite-nusipirkti-natrio-pentobarbitalio","8":"product_tag-ar-galite-nusipirkti-pentobarbitalio-natrio-be-recepto","9":"product_tag-ar-galiu-nusipirkti-pentobarbitalio","10":"product_tag-buy-cheap-nembutal-liquid-online","11":"product_tag-buy-nembutal-pentobarbital-sodium","12":"product_tag-buy-pentobarbital-sodium","13":"product_tag-fenobarbitalio-natrio--ven","14":"product_tag-pentobarbitalio-natrio-geriamojo","15":"product_tag-geriausias-vaistas-nuo-saviudybs-perdozavimo","16":"product_tag-how-to-acquire-nembutal","17":"product_tag-how-to-order-nembutal-by-mail","18":"product_tag-it-is-easy-to-buy-nembutal-online","19":"product_tag-kaip-pirkti-nembutal-internetu","20":"product_tag-kaip-pirkti-nembutal-skyst-internetu","21":"product_tag-kur-gali-pirkti-pentobarbitalio-natrio","22":"product_tag-kur-galiu-pirkti-natrio-pentobarbitalio","23":"product_tag-kur-galiu-pirkti-nembutal-natrio-pentobarbitalio","24":"product_tag-kur-galiu-pirkti-pentobarbitalio-natrio","25":"product_tag-kur-galiu-pirkti-pentobarbitalio-natrio-migdomj","26":"product_tag-kur-gauti-pentobarbitalio-natrio","27":"product_tag-kur-pirkti-nembutal-skyst-internetu","28":"product_tag-kur-nusipirkti-pentobarbitalio-natrio","29":"product_tag-kur-nusipirkti-pentobarbitalio-natrio-unims","30":"product_tag-kur-pigiai-nembutal-pirkti-internetu","31":"product_tag-mirtina-injekcija-pirkti-internetu","32":"product_tag-natrio","33":"product_tag-pentobarbitalio-natrio-anestezija","34":"product_tag-natrio-pentobarbitalio-gamintojai","35":"product_tag-pentobarbitalio-natrio-grup","36":"product_tag-natrio-pentobarbitalio-kaina","37":"product_tag-pentobarbitalio-natrio-kaina","38":"product_tag-pentobarbitalio-natrio-migdomosios-tablets-be-recepto","39":"product_tag-pentobarbitalio-natrio-migdomosios-tablets","40":"product_tag-pentobarbitalio-natrio-milteliai","41":"product_tag-pentobarbitalio-natrio-nz","42":"product_tag-pentobarbitalio-natrio-pirkti","43":"product_tag-pentobarbitalio-natrio-druskos-receptas","44":"product_tag-pentobarbitalio-natrio-skystis","45":"product_tag-natrio-pentobarbitalio-tinkamumo-laikas","46":"product_tag-pentobarbitalio-natrio-kinijos","47":"product_tag-natrio-pentobarbitalis-nembutalis","48":"product_tag-natrio-pentobarbitalis-eutanazijai","49":"product_tag-natrio-pentobarbitalis-gyvn-eutanazijai","50":"product_tag-nembutal","51":"product_tag-nembutal-pills-online","52":"product_tag-nembutal-savi-c5-beudyb-c4-97s-doz-c4-97","53":"product_tag-nori-pirkti-nembutal","54":"product_tag-nembutal-skystis-parduodamas","55":"product_tag-pentobarbital-de-sodium-dose-letale","56":"product_tag-pentobarbital-for-euthanasia","57":"product_tag-pentobarbital-sodium-death","58":"product_tag-pentobarbital-sodium-injection-for-dogs","59":"product_tag-pentobarbital-sodium-injection-for-humans","60":"product_tag-pentobarbital-sodium-injection-solution","61":"product_tag-pentobarbital-sodium-over-the-counter","62":"product_tag-pentobarbital-sodium-salt","63":"product_tag-pentobarbital-sodium-tablets","64":"product_tag-pentobarbital-use","65":"product_tag-pentobarbitalio-natrio-kur-pirkti","66":"product_tag-pentobarbitalio-natrio-druska-unims","67":"product_tag-pentobarbitalio-natrio-druska-monms","68":"product_tag-pentobarbitalio-natrio-dozavimas","69":"product_tag-pentobarbitalio-natrio-injekcija-plg","70":"product_tag-pentobarbitalio-natrio-tablets","71":"product_tag-pentobarbitalis","72":"product_tag-pirkti-natrio-pentobarbitalis-uk","73":"product_tag-pirk-nembutal-ia","74":"product_tag-pirkti-nembutal-skyst-internetu","75":"product_tag-pirkti-nembutal-natrio-internetu","76":"product_tag-pirkti-pentobarbitalio-natrio-2021","77":"product_tag-pirkti-pentobarbitalio-natrio-pentobarbitalio-natrio-druskos","78":"product_tag-pirkti-pigiai-nembutal-internetu","79":"product_tag-purchase-nembutal-liquid-online","80":"product_tag-purchase-nembutal-online","81":"product_tag-usisakyti-nembutal-skystis-internete","82":"product_tag-where-can-i-purchase-nembutal","84":"first","85":"instock","86":"shipping-taxable","87":"purchasable","88":"product-type-variable"},"yoast_head":"<!-- This site is optimized with the Yoast SEO plugin v27.3 - https:\/\/yoast.com\/product\/yoast-seo-wordpress\/ -->\n<title>Pirkite Nembutal Pentobarbitalio natrio drusk\u0105 \u2013 geriausius pasaulinius vaistus<\/title>\n<meta name=\"description\" content=\"Pirkite Nembutal Pentobarbital Sodium JK, Europoje, Azijoje, Kinijoje m\u016bs\u0173 Bestglobalmeds.com internetin\u0117je parduotuv\u0117je su greitu pristatymu visame pasaulyje! \u010cia rasite geriausi\u0105 Nembutal u\u017esakymui!\" \/>\n<meta name=\"robots\" content=\"index, follow, max-snippet:-1, max-image-preview:large, max-video-preview:-1\" \/>\n<link rel=\"canonical\" href=\"https:\/\/medicinasinc.com\/lt\/product\/pirkti-nembutalis-pentobarbitalis-natris\/\" \/>\n<meta property=\"og:locale\" content=\"en_US\" \/>\n<meta property=\"og:type\" content=\"article\" \/>\n<meta property=\"og:title\" content=\"Pirkite Nembutal Pentobarbitalio natrio drusk\u0105 \u2013 geriausius pasaulinius vaistus\" \/>\n<meta property=\"og:description\" content=\"Pirkite Nembutal Pentobarbital Sodium JK, Europoje, Azijoje, Kinijoje m\u016bs\u0173 Bestglobalmeds.com internetin\u0117je parduotuv\u0117je su greitu pristatymu visame pasaulyje! \u010cia rasite geriausi\u0105 Nembutal u\u017esakymui!\" \/>\n<meta property=\"og:url\" content=\"https:\/\/medicinasinc.com\/lt\/product\/pirkti-nembutalis-pentobarbitalis-natris\/\" \/>\n<meta property=\"og:site_name\" content=\"Medicinas Inc\" \/>\n<meta property=\"article:modified_time\" content=\"2022-03-20T12:08:24+00:00\" \/>\n<meta property=\"og:image\" content=\"https:\/\/medicinasinc.com\/lt\/wp-content\/uploads\/sites\/9\/2022\/02\/Buy-Pentobarbital-Sodium-1.jpg\" \/>\n\t<meta property=\"og:image:width\" content=\"356\" \/>\n\t<meta property=\"og:image:height\" content=\"540\" \/>\n\t<meta property=\"og:image:type\" content=\"image\/jpeg\" \/>\n<meta name=\"twitter:card\" content=\"summary_large_image\" \/>\n<meta name=\"twitter:label1\" content=\"Est. reading time\" \/>\n\t<meta name=\"twitter:data1\" content=\"2 minutes\" \/>\n<script type=\"application\/ld+json\" class=\"yoast-schema-graph\">{\"@context\":\"https:\\\/\\\/schema.org\",\"@graph\":[{\"@type\":\"WebPage\",\"@id\":\"https:\\\/\\\/medicinasinc.com\\\/lt\\\/product\\\/pirkti-nembutalis-pentobarbitalis-natris\\\/\",\"url\":\"https:\\\/\\\/medicinasinc.com\\\/lt\\\/product\\\/pirkti-nembutalis-pentobarbitalis-natris\\\/\",\"name\":\"Pirkite Nembutal Pentobarbitalio natrio drusk\u0105 \u2013 geriausius pasaulinius vaistus\",\"isPartOf\":{\"@id\":\"https:\\\/\\\/medicinasinc.com\\\/lt\\\/#website\"},\"primaryImageOfPage\":{\"@id\":\"https:\\\/\\\/medicinasinc.com\\\/lt\\\/product\\\/pirkti-nembutalis-pentobarbitalis-natris\\\/#primaryimage\"},\"image\":{\"@id\":\"https:\\\/\\\/medicinasinc.com\\\/lt\\\/product\\\/pirkti-nembutalis-pentobarbitalis-natris\\\/#primaryimage\"},\"thumbnailUrl\":\"https:\\\/\\\/medicinasinc.com\\\/lt\\\/wp-content\\\/uploads\\\/sites\\\/9\\\/2022\\\/02\\\/Buy-Pentobarbital-Sodium-1.jpg\",\"datePublished\":\"2022-02-22T06:12:06+00:00\",\"dateModified\":\"2022-03-20T12:08:24+00:00\",\"description\":\"Pirkite Nembutal Pentobarbital Sodium JK, Europoje, Azijoje, Kinijoje m\u016bs\u0173 Bestglobalmeds.com internetin\u0117je parduotuv\u0117je su greitu pristatymu visame pasaulyje! \u010cia rasite geriausi\u0105 Nembutal u\u017esakymui!\",\"breadcrumb\":{\"@id\":\"https:\\\/\\\/medicinasinc.com\\\/lt\\\/product\\\/pirkti-nembutalis-pentobarbitalis-natris\\\/#breadcrumb\"},\"inLanguage\":\"en-US\",\"potentialAction\":[{\"@type\":\"ReadAction\",\"target\":[\"https:\\\/\\\/medicinasinc.com\\\/lt\\\/product\\\/pirkti-nembutalis-pentobarbitalis-natris\\\/\"]}]},{\"@type\":\"ImageObject\",\"inLanguage\":\"en-US\",\"@id\":\"https:\\\/\\\/medicinasinc.com\\\/lt\\\/product\\\/pirkti-nembutalis-pentobarbitalis-natris\\\/#primaryimage\",\"url\":\"https:\\\/\\\/medicinasinc.com\\\/lt\\\/wp-content\\\/uploads\\\/sites\\\/9\\\/2022\\\/02\\\/Buy-Pentobarbital-Sodium-1.jpg\",\"contentUrl\":\"https:\\\/\\\/medicinasinc.com\\\/lt\\\/wp-content\\\/uploads\\\/sites\\\/9\\\/2022\\\/02\\\/Buy-Pentobarbital-Sodium-1.jpg\",\"width\":356,\"height\":540},{\"@type\":\"BreadcrumbList\",\"@id\":\"https:\\\/\\\/medicinasinc.com\\\/lt\\\/product\\\/pirkti-nembutalis-pentobarbitalis-natris\\\/#breadcrumb\",\"itemListElement\":[{\"@type\":\"ListItem\",\"position\":1,\"name\":\"Parduotuv\u0117\",\"item\":\"https:\\\/\\\/medicinasinc.com\\\/lt\\\/parduotuve\\\/\"},{\"@type\":\"ListItem\",\"position\":2,\"name\":\"Pirkite Nembutal Pentobarbitalio natrio drusk\u0105\"}]},{\"@type\":\"WebSite\",\"@id\":\"https:\\\/\\\/medicinasinc.com\\\/lt\\\/#website\",\"url\":\"https:\\\/\\\/medicinasinc.com\\\/lt\\\/\",\"name\":\"Medicinas Inc\",\"description\":\"Sveikatos medicinos klinika\",\"potentialAction\":[{\"@type\":\"SearchAction\",\"target\":{\"@type\":\"EntryPoint\",\"urlTemplate\":\"https:\\\/\\\/medicinasinc.com\\\/lt\\\/?s={search_term_string}\"},\"query-input\":{\"@type\":\"PropertyValueSpecification\",\"valueRequired\":true,\"valueName\":\"search_term_string\"}}],\"inLanguage\":\"en-US\"}]}<\/script>\n<!-- \/ Yoast SEO plugin. -->","yoast_head_json":{"title":"Pirkite Nembutal Pentobarbitalio natrio drusk\u0105 \u2013 geriausius pasaulinius vaistus","description":"Pirkite Nembutal Pentobarbital Sodium JK, Europoje, Azijoje, Kinijoje m\u016bs\u0173 Bestglobalmeds.com internetin\u0117je parduotuv\u0117je su greitu pristatymu visame pasaulyje! \u010cia rasite geriausi\u0105 Nembutal u\u017esakymui!","robots":{"index":"index","follow":"follow","max-snippet":"max-snippet:-1","max-image-preview":"max-image-preview:large","max-video-preview":"max-video-preview:-1"},"canonical":"https:\/\/medicinasinc.com\/lt\/product\/pirkti-nembutalis-pentobarbitalis-natris\/","og_locale":"en_US","og_type":"article","og_title":"Pirkite Nembutal Pentobarbitalio natrio drusk\u0105 \u2013 geriausius pasaulinius vaistus","og_description":"Pirkite Nembutal Pentobarbital Sodium JK, Europoje, Azijoje, Kinijoje m\u016bs\u0173 Bestglobalmeds.com internetin\u0117je parduotuv\u0117je su greitu pristatymu visame pasaulyje! \u010cia rasite geriausi\u0105 Nembutal u\u017esakymui!","og_url":"https:\/\/medicinasinc.com\/lt\/product\/pirkti-nembutalis-pentobarbitalis-natris\/","og_site_name":"Medicinas Inc","article_modified_time":"2022-03-20T12:08:24+00:00","og_image":[{"width":356,"height":540,"url":"https:\/\/medicinasinc.com\/lt\/wp-content\/uploads\/sites\/9\/2022\/02\/Buy-Pentobarbital-Sodium-1.jpg","type":"image\/jpeg"}],"twitter_card":"summary_large_image","twitter_misc":{"Est. reading time":"2 minutes"},"schema":{"@context":"https:\/\/schema.org","@graph":[{"@type":"WebPage","@id":"https:\/\/medicinasinc.com\/lt\/product\/pirkti-nembutalis-pentobarbitalis-natris\/","url":"https:\/\/medicinasinc.com\/lt\/product\/pirkti-nembutalis-pentobarbitalis-natris\/","name":"Pirkite Nembutal Pentobarbitalio natrio drusk\u0105 \u2013 geriausius pasaulinius vaistus","isPartOf":{"@id":"https:\/\/medicinasinc.com\/lt\/#website"},"primaryImageOfPage":{"@id":"https:\/\/medicinasinc.com\/lt\/product\/pirkti-nembutalis-pentobarbitalis-natris\/#primaryimage"},"image":{"@id":"https:\/\/medicinasinc.com\/lt\/product\/pirkti-nembutalis-pentobarbitalis-natris\/#primaryimage"},"thumbnailUrl":"https:\/\/medicinasinc.com\/lt\/wp-content\/uploads\/sites\/9\/2022\/02\/Buy-Pentobarbital-Sodium-1.jpg","datePublished":"2022-02-22T06:12:06+00:00","dateModified":"2022-03-20T12:08:24+00:00","description":"Pirkite Nembutal Pentobarbital Sodium JK, Europoje, Azijoje, Kinijoje m\u016bs\u0173 Bestglobalmeds.com internetin\u0117je parduotuv\u0117je su greitu pristatymu visame pasaulyje! \u010cia rasite geriausi\u0105 Nembutal u\u017esakymui!","breadcrumb":{"@id":"https:\/\/medicinasinc.com\/lt\/product\/pirkti-nembutalis-pentobarbitalis-natris\/#breadcrumb"},"inLanguage":"en-US","potentialAction":[{"@type":"ReadAction","target":["https:\/\/medicinasinc.com\/lt\/product\/pirkti-nembutalis-pentobarbitalis-natris\/"]}]},{"@type":"ImageObject","inLanguage":"en-US","@id":"https:\/\/medicinasinc.com\/lt\/product\/pirkti-nembutalis-pentobarbitalis-natris\/#primaryimage","url":"https:\/\/medicinasinc.com\/lt\/wp-content\/uploads\/sites\/9\/2022\/02\/Buy-Pentobarbital-Sodium-1.jpg","contentUrl":"https:\/\/medicinasinc.com\/lt\/wp-content\/uploads\/sites\/9\/2022\/02\/Buy-Pentobarbital-Sodium-1.jpg","width":356,"height":540},{"@type":"BreadcrumbList","@id":"https:\/\/medicinasinc.com\/lt\/product\/pirkti-nembutalis-pentobarbitalis-natris\/#breadcrumb","itemListElement":[{"@type":"ListItem","position":1,"name":"Parduotuv\u0117","item":"https:\/\/medicinasinc.com\/lt\/parduotuve\/"},{"@type":"ListItem","position":2,"name":"Pirkite Nembutal Pentobarbitalio natrio drusk\u0105"}]},{"@type":"WebSite","@id":"https:\/\/medicinasinc.com\/lt\/#website","url":"https:\/\/medicinasinc.com\/lt\/","name":"Medicinas Inc","description":"Sveikatos medicinos klinika","potentialAction":[{"@type":"SearchAction","target":{"@type":"EntryPoint","urlTemplate":"https:\/\/medicinasinc.com\/lt\/?s={search_term_string}"},"query-input":{"@type":"PropertyValueSpecification","valueRequired":true,"valueName":"search_term_string"}}],"inLanguage":"en-US"}]}},"_links":{"self":[{"href":"https:\/\/medicinasinc.com\/lt\/wp-json\/wp\/v2\/product\/5785","targetHints":{"allow":["GET"]}}],"collection":[{"href":"https:\/\/medicinasinc.com\/lt\/wp-json\/wp\/v2\/product"}],"about":[{"href":"https:\/\/medicinasinc.com\/lt\/wp-json\/wp\/v2\/types\/product"}],"replies":[{"embeddable":true,"href":"https:\/\/medicinasinc.com\/lt\/wp-json\/wp\/v2\/comments?post=5785"}],"wp:featuredmedia":[{"embeddable":true,"href":"https:\/\/medicinasinc.com\/lt\/wp-json\/wp\/v2\/media\/5796"}],"wp:attachment":[{"href":"https:\/\/medicinasinc.com\/lt\/wp-json\/wp\/v2\/media?parent=5785"}],"wp:term":[{"taxonomy":"product_brand","embeddable":true,"href":"https:\/\/medicinasinc.com\/lt\/wp-json\/wp\/v2\/product_brand?post=5785"},{"taxonomy":"product_cat","embeddable":true,"href":"https:\/\/medicinasinc.com\/lt\/wp-json\/wp\/v2\/product_cat?post=5785"},{"taxonomy":"product_tag","embeddable":true,"href":"https:\/\/medicinasinc.com\/lt\/wp-json\/wp\/v2\/product_tag?post=5785"}],"curies":[{"name":"wp","href":"https:\/\/api.w.org\/{rel}","templated":true}]}}