{"id":5781,"date":"2022-02-22T06:07:08","date_gmt":"2022-02-22T06:07:08","guid":{"rendered":"https:\/\/medicinasinc.com\/lt\/?post_type=product&#038;p=5781"},"modified":"2022-03-20T12:08:33","modified_gmt":"2022-03-20T12:08:33","slug":"pirkti-nembutalis-milteliai","status":"publish","type":"product","link":"https:\/\/medicinasinc.com\/lt\/product\/pirkti-nembutalis-milteliai\/","title":{"rendered":"Pirkite Nembutal miltelius"},"content":{"rendered":"<p>Geriausi\u0173 tiek\u0117j\u0173 \u201eNembutal\u201c milteliai \u017eemiausiomis kainomis<\/p>\n<p>Internetin\u0117je rinkoje \u201eNembutal\u201c internetin\u0117je vaistin\u0117je galite rasti auk\u0161tos kokyb\u0117s vaist\u0173 ir vaist\u0173. Nor\u0117dami gauti Nembutal milteli\u0173 i\u0161 geriausi\u0173 Nembutal milteli\u0173 tiek\u0117j\u0173, tur\u0117tum\u0117te atvykti \u012f m\u016bs\u0173 vaistin\u0119. Susisiekite su mumis \u0161iandien ir mes i\u0161 karto atliksime j\u016bs\u0173 darb\u0105. J\u016bs\u0173 vaistai bus pristatyti J\u016bs\u0173 nurodytu adresu. Nor\u0117dami gauti geriausi\u0105 Nembutal milteli\u0173 pasi\u016blym\u0105, nedelsdami pateikite u\u017esakym\u0105!<\/p>\n<p>Ko galite tik\u0117tis naudos naudodami Nembutal miltelius?<\/p>\n<p>Nembutal milteliai \u017einomi kaip padedantys sergantiems nemiga ir tiems, kurie randa sunku u\u017emigti, u\u017esimerk. Daugeliu atvej\u0173 jis naudojamas kaip vaistas nuo nerimo. M\u016bs\u0173 internetin\u0117 vaistin\u0117 yra geriausia vieta \u012fsigyti Nembutal milteli\u0173, jei turite tuos pa\u010dius tikslus.<\/p>\n<p>Kokioje internetin\u0117je parduotuv\u0117je parduodami geriausi Nembutal milteliai?<\/p>\n<p>Kad ir kokia b\u016bt\u0173 Nembutal milteli\u0173 u\u017esakymo prie\u017eastis? , visada galite pasikliauti internetine Nembutal vaistine, kad darbas b\u016bt\u0173 atliktas teisingai.<\/p>\n<p>D\u0117l savo ilgamet\u0117s patirties suprantame savo klient\u0173 poreikius ir l\u016bkes\u010dius. Mes niekada neturime prieigos ir nesaugome jokios j\u016bs\u0173 kredito kortel\u0117s ar asmenin\u0117s informacijos. Visa informacija yra privati. Tai rei\u0161kia, kad galite \u012fsigyti Nembutal milteli\u0173 internetu i\u0161 m\u016bs\u0173 u\u017e did\u017eiausi\u0105 kain\u0105.<\/p>\n<p>Pirkdami m\u016bs\u0173 internetin\u0117je vaistin\u0117je b\u016bsite vienu \u017eingsniu priekyje konkurent\u0173. Laikui b\u0117gant \u012fgijome daug potenciali\u0173 vartotoj\u0173. Jei ie\u0161kote geriausio, nedvejodami susisiekite su mumis bet kuriuo metu.<\/p>\n","protected":false},"excerpt":{"rendered":"<p>Yra daugyb\u0117 internetini\u0173 vaistini\u0173, kurios parduoda Nembutal Powder pentobarbitalio natrio drusk\u0105, \u012fskaitant bestglobalmeds.com. \u010cia rasite geriausi\u0105 viet\u0105 nusipirkti Nembutal internetu! Dabar Nembutal vaistin\u0119 galite \u012fsigyti internetu patogiai savo namuose. Nembutal miltelius, parduodamus u\u017e ma\u017eiausi\u0105 \u012fmanom\u0105 kain\u0105, rasite \u010dia.<\/p>\n<p>Best Global Meds si\u016blo Nembutal miltelius parduoti internetu u\u017e prieinam\u0105 kain\u0105. Auk\u0161\u010diausios kokyb\u0117s Nembutal tabletes, tabletes ir kapsules galima \u012fsigyti u\u017e did\u017eiausi\u0105 kain\u0105. Nedvejodami susisiekite su mumis i\u0161 karto!<\/p>\n","protected":false},"featured_media":5791,"comment_status":"open","ping_status":"closed","template":"","meta":[],"product_brand":[],"product_cat":[3818],"product_tag":[3832,3928,3929,3945,3930,3931,3839,3946,3947,3845,3936,3937,3933,3934,3932,3935,3940,3941,3938,3942,3943,3939,3944],"class_list":{"0":"post-5781","1":"product","2":"type-product","3":"status-publish","4":"has-post-thumbnail","6":"product_cat-parduodu-pentobarbitalis","7":"product_tag-galiu-usisakyti-nembutal-online","8":"product_tag-buy-nembutal-online","9":"product_tag-buy-nembutal-powder-online","10":"product_tag-geriausia-vieta-pirkti-nembutal-miltelius-internetu","11":"product_tag-how-can-i-order-nembutal-powder","12":"product_tag-how-to-buy-nembutal-powder-online","13":"product_tag-kaip-galiu-imbutal","14":"product_tag-kur-galiu-pirkti-nembutalo-milteli","15":"product_tag-kur-pirkti-nembutal-miltelius-internetu","16":"product_tag-nembutal","17":"product_tag-nembutalis-milteliai","18":"product_tag-nembutal-milteliai-pirkti","19":"product_tag-nembutal-buy-austria","20":"product_tag-nembutal-pirkti-internetu","21":"product_tag-nembutal-buy-australija","22":"product_tag-nembutal-buy-uk","23":"product_tag-nembutal-powder-overdose","24":"product_tag-nembutal-powder-supplier","25":"product_tag-nembutalis-milteli-c5-b3-doz-c4-97","26":"product_tag-order-nembutal-powder","27":"product_tag-order-nembutal-powder-online","28":"product_tag-nembutal-milteliai-parduodami","29":"product_tag-pirkti-nembutal-miltelius-internetu","31":"first","32":"instock","33":"shipping-taxable","34":"purchasable","35":"product-type-variable"},"yoast_head":"<!-- This site is optimized with the Yoast SEO plugin v27.3 - https:\/\/yoast.com\/product\/yoast-seo-wordpress\/ -->\n<title>Pirkite Nembutal miltelius \u2013 Pentobarbitalio natrio drusk\u0105 \u2013 geriausius pasaulinius vaistus<\/title>\n<meta name=\"description\" content=\"Pirkite Nembutal miltelius pentobarbitalio natrio drusk\u0105 parduoti JK, JAE, Europoje, Kinijoje m\u016bs\u0173 bestglobalmeds.com internetin\u0117je parduotuv\u0117je su greitu pristatymu visame pasaulyje! \u010cia rasite geriausi\u0105 Nembutal u\u017esakymui!\" \/>\n<meta name=\"robots\" content=\"index, follow, max-snippet:-1, max-image-preview:large, max-video-preview:-1\" \/>\n<link rel=\"canonical\" href=\"https:\/\/medicinasinc.com\/lt\/product\/pirkti-nembutalis-milteliai\/\" \/>\n<meta property=\"og:locale\" content=\"en_US\" \/>\n<meta property=\"og:type\" content=\"article\" \/>\n<meta property=\"og:title\" content=\"Pirkite Nembutal miltelius \u2013 Pentobarbitalio natrio drusk\u0105 \u2013 geriausius pasaulinius vaistus\" \/>\n<meta property=\"og:description\" content=\"Pirkite Nembutal miltelius pentobarbitalio natrio drusk\u0105 parduoti JK, JAE, Europoje, Kinijoje m\u016bs\u0173 bestglobalmeds.com internetin\u0117je parduotuv\u0117je su greitu pristatymu visame pasaulyje! \u010cia rasite geriausi\u0105 Nembutal u\u017esakymui!\" \/>\n<meta property=\"og:url\" content=\"https:\/\/medicinasinc.com\/lt\/product\/pirkti-nembutalis-milteliai\/\" \/>\n<meta property=\"og:site_name\" content=\"Medicinas Inc\" \/>\n<meta property=\"article:modified_time\" content=\"2022-03-20T12:08:33+00:00\" \/>\n<meta property=\"og:image\" content=\"https:\/\/medicinasinc.com\/lt\/wp-content\/uploads\/sites\/9\/2022\/02\/Buy-Nembutal-Powder-2.jpg\" \/>\n\t<meta property=\"og:image:width\" content=\"600\" \/>\n\t<meta property=\"og:image:height\" content=\"600\" \/>\n\t<meta property=\"og:image:type\" content=\"image\/jpeg\" \/>\n<meta name=\"twitter:card\" content=\"summary_large_image\" \/>\n<meta name=\"twitter:label1\" content=\"Est. reading time\" \/>\n\t<meta name=\"twitter:data1\" content=\"2 minutes\" \/>\n<script type=\"application\/ld+json\" class=\"yoast-schema-graph\">{\"@context\":\"https:\\\/\\\/schema.org\",\"@graph\":[{\"@type\":\"WebPage\",\"@id\":\"https:\\\/\\\/medicinasinc.com\\\/lt\\\/product\\\/pirkti-nembutalis-milteliai\\\/\",\"url\":\"https:\\\/\\\/medicinasinc.com\\\/lt\\\/product\\\/pirkti-nembutalis-milteliai\\\/\",\"name\":\"Pirkite Nembutal miltelius \u2013 Pentobarbitalio natrio drusk\u0105 \u2013 geriausius pasaulinius vaistus\",\"isPartOf\":{\"@id\":\"https:\\\/\\\/medicinasinc.com\\\/lt\\\/#website\"},\"primaryImageOfPage\":{\"@id\":\"https:\\\/\\\/medicinasinc.com\\\/lt\\\/product\\\/pirkti-nembutalis-milteliai\\\/#primaryimage\"},\"image\":{\"@id\":\"https:\\\/\\\/medicinasinc.com\\\/lt\\\/product\\\/pirkti-nembutalis-milteliai\\\/#primaryimage\"},\"thumbnailUrl\":\"https:\\\/\\\/medicinasinc.com\\\/lt\\\/wp-content\\\/uploads\\\/sites\\\/9\\\/2022\\\/02\\\/Buy-Nembutal-Powder-2.jpg\",\"datePublished\":\"2022-02-22T06:07:08+00:00\",\"dateModified\":\"2022-03-20T12:08:33+00:00\",\"description\":\"Pirkite Nembutal miltelius pentobarbitalio natrio drusk\u0105 parduoti JK, JAE, Europoje, Kinijoje m\u016bs\u0173 bestglobalmeds.com internetin\u0117je parduotuv\u0117je su greitu pristatymu visame pasaulyje! \u010cia rasite geriausi\u0105 Nembutal u\u017esakymui!\",\"breadcrumb\":{\"@id\":\"https:\\\/\\\/medicinasinc.com\\\/lt\\\/product\\\/pirkti-nembutalis-milteliai\\\/#breadcrumb\"},\"inLanguage\":\"en-US\",\"potentialAction\":[{\"@type\":\"ReadAction\",\"target\":[\"https:\\\/\\\/medicinasinc.com\\\/lt\\\/product\\\/pirkti-nembutalis-milteliai\\\/\"]}]},{\"@type\":\"ImageObject\",\"inLanguage\":\"en-US\",\"@id\":\"https:\\\/\\\/medicinasinc.com\\\/lt\\\/product\\\/pirkti-nembutalis-milteliai\\\/#primaryimage\",\"url\":\"https:\\\/\\\/medicinasinc.com\\\/lt\\\/wp-content\\\/uploads\\\/sites\\\/9\\\/2022\\\/02\\\/Buy-Nembutal-Powder-2.jpg\",\"contentUrl\":\"https:\\\/\\\/medicinasinc.com\\\/lt\\\/wp-content\\\/uploads\\\/sites\\\/9\\\/2022\\\/02\\\/Buy-Nembutal-Powder-2.jpg\",\"width\":600,\"height\":600},{\"@type\":\"BreadcrumbList\",\"@id\":\"https:\\\/\\\/medicinasinc.com\\\/lt\\\/product\\\/pirkti-nembutalis-milteliai\\\/#breadcrumb\",\"itemListElement\":[{\"@type\":\"ListItem\",\"position\":1,\"name\":\"Parduotuv\u0117\",\"item\":\"https:\\\/\\\/medicinasinc.com\\\/lt\\\/parduotuve\\\/\"},{\"@type\":\"ListItem\",\"position\":2,\"name\":\"Pirkite Nembutal miltelius\"}]},{\"@type\":\"WebSite\",\"@id\":\"https:\\\/\\\/medicinasinc.com\\\/lt\\\/#website\",\"url\":\"https:\\\/\\\/medicinasinc.com\\\/lt\\\/\",\"name\":\"Medicinas Inc\",\"description\":\"Sveikatos medicinos klinika\",\"potentialAction\":[{\"@type\":\"SearchAction\",\"target\":{\"@type\":\"EntryPoint\",\"urlTemplate\":\"https:\\\/\\\/medicinasinc.com\\\/lt\\\/?s={search_term_string}\"},\"query-input\":{\"@type\":\"PropertyValueSpecification\",\"valueRequired\":true,\"valueName\":\"search_term_string\"}}],\"inLanguage\":\"en-US\"}]}<\/script>\n<!-- \/ Yoast SEO plugin. -->","yoast_head_json":{"title":"Pirkite Nembutal miltelius \u2013 Pentobarbitalio natrio drusk\u0105 \u2013 geriausius pasaulinius vaistus","description":"Pirkite Nembutal miltelius pentobarbitalio natrio drusk\u0105 parduoti JK, JAE, Europoje, Kinijoje m\u016bs\u0173 bestglobalmeds.com internetin\u0117je parduotuv\u0117je su greitu pristatymu visame pasaulyje! \u010cia rasite geriausi\u0105 Nembutal u\u017esakymui!","robots":{"index":"index","follow":"follow","max-snippet":"max-snippet:-1","max-image-preview":"max-image-preview:large","max-video-preview":"max-video-preview:-1"},"canonical":"https:\/\/medicinasinc.com\/lt\/product\/pirkti-nembutalis-milteliai\/","og_locale":"en_US","og_type":"article","og_title":"Pirkite Nembutal miltelius \u2013 Pentobarbitalio natrio drusk\u0105 \u2013 geriausius pasaulinius vaistus","og_description":"Pirkite Nembutal miltelius pentobarbitalio natrio drusk\u0105 parduoti JK, JAE, Europoje, Kinijoje m\u016bs\u0173 bestglobalmeds.com internetin\u0117je parduotuv\u0117je su greitu pristatymu visame pasaulyje! \u010cia rasite geriausi\u0105 Nembutal u\u017esakymui!","og_url":"https:\/\/medicinasinc.com\/lt\/product\/pirkti-nembutalis-milteliai\/","og_site_name":"Medicinas Inc","article_modified_time":"2022-03-20T12:08:33+00:00","og_image":[{"width":600,"height":600,"url":"https:\/\/medicinasinc.com\/lt\/wp-content\/uploads\/sites\/9\/2022\/02\/Buy-Nembutal-Powder-2.jpg","type":"image\/jpeg"}],"twitter_card":"summary_large_image","twitter_misc":{"Est. reading time":"2 minutes"},"schema":{"@context":"https:\/\/schema.org","@graph":[{"@type":"WebPage","@id":"https:\/\/medicinasinc.com\/lt\/product\/pirkti-nembutalis-milteliai\/","url":"https:\/\/medicinasinc.com\/lt\/product\/pirkti-nembutalis-milteliai\/","name":"Pirkite Nembutal miltelius \u2013 Pentobarbitalio natrio drusk\u0105 \u2013 geriausius pasaulinius vaistus","isPartOf":{"@id":"https:\/\/medicinasinc.com\/lt\/#website"},"primaryImageOfPage":{"@id":"https:\/\/medicinasinc.com\/lt\/product\/pirkti-nembutalis-milteliai\/#primaryimage"},"image":{"@id":"https:\/\/medicinasinc.com\/lt\/product\/pirkti-nembutalis-milteliai\/#primaryimage"},"thumbnailUrl":"https:\/\/medicinasinc.com\/lt\/wp-content\/uploads\/sites\/9\/2022\/02\/Buy-Nembutal-Powder-2.jpg","datePublished":"2022-02-22T06:07:08+00:00","dateModified":"2022-03-20T12:08:33+00:00","description":"Pirkite Nembutal miltelius pentobarbitalio natrio drusk\u0105 parduoti JK, JAE, Europoje, Kinijoje m\u016bs\u0173 bestglobalmeds.com internetin\u0117je parduotuv\u0117je su greitu pristatymu visame pasaulyje! \u010cia rasite geriausi\u0105 Nembutal u\u017esakymui!","breadcrumb":{"@id":"https:\/\/medicinasinc.com\/lt\/product\/pirkti-nembutalis-milteliai\/#breadcrumb"},"inLanguage":"en-US","potentialAction":[{"@type":"ReadAction","target":["https:\/\/medicinasinc.com\/lt\/product\/pirkti-nembutalis-milteliai\/"]}]},{"@type":"ImageObject","inLanguage":"en-US","@id":"https:\/\/medicinasinc.com\/lt\/product\/pirkti-nembutalis-milteliai\/#primaryimage","url":"https:\/\/medicinasinc.com\/lt\/wp-content\/uploads\/sites\/9\/2022\/02\/Buy-Nembutal-Powder-2.jpg","contentUrl":"https:\/\/medicinasinc.com\/lt\/wp-content\/uploads\/sites\/9\/2022\/02\/Buy-Nembutal-Powder-2.jpg","width":600,"height":600},{"@type":"BreadcrumbList","@id":"https:\/\/medicinasinc.com\/lt\/product\/pirkti-nembutalis-milteliai\/#breadcrumb","itemListElement":[{"@type":"ListItem","position":1,"name":"Parduotuv\u0117","item":"https:\/\/medicinasinc.com\/lt\/parduotuve\/"},{"@type":"ListItem","position":2,"name":"Pirkite Nembutal miltelius"}]},{"@type":"WebSite","@id":"https:\/\/medicinasinc.com\/lt\/#website","url":"https:\/\/medicinasinc.com\/lt\/","name":"Medicinas Inc","description":"Sveikatos medicinos klinika","potentialAction":[{"@type":"SearchAction","target":{"@type":"EntryPoint","urlTemplate":"https:\/\/medicinasinc.com\/lt\/?s={search_term_string}"},"query-input":{"@type":"PropertyValueSpecification","valueRequired":true,"valueName":"search_term_string"}}],"inLanguage":"en-US"}]}},"_links":{"self":[{"href":"https:\/\/medicinasinc.com\/lt\/wp-json\/wp\/v2\/product\/5781","targetHints":{"allow":["GET"]}}],"collection":[{"href":"https:\/\/medicinasinc.com\/lt\/wp-json\/wp\/v2\/product"}],"about":[{"href":"https:\/\/medicinasinc.com\/lt\/wp-json\/wp\/v2\/types\/product"}],"replies":[{"embeddable":true,"href":"https:\/\/medicinasinc.com\/lt\/wp-json\/wp\/v2\/comments?post=5781"}],"wp:featuredmedia":[{"embeddable":true,"href":"https:\/\/medicinasinc.com\/lt\/wp-json\/wp\/v2\/media\/5791"}],"wp:attachment":[{"href":"https:\/\/medicinasinc.com\/lt\/wp-json\/wp\/v2\/media?parent=5781"}],"wp:term":[{"taxonomy":"product_brand","embeddable":true,"href":"https:\/\/medicinasinc.com\/lt\/wp-json\/wp\/v2\/product_brand?post=5781"},{"taxonomy":"product_cat","embeddable":true,"href":"https:\/\/medicinasinc.com\/lt\/wp-json\/wp\/v2\/product_cat?post=5781"},{"taxonomy":"product_tag","embeddable":true,"href":"https:\/\/medicinasinc.com\/lt\/wp-json\/wp\/v2\/product_tag?post=5781"}],"curies":[{"name":"wp","href":"https:\/\/api.w.org\/{rel}","templated":true}]}}