{"id":5739,"date":"2022-02-22T05:15:21","date_gmt":"2022-02-22T05:15:21","guid":{"rendered":"https:\/\/medicinasinc.com\/lt\/?post_type=product&#038;p=5739"},"modified":"2022-03-20T12:08:54","modified_gmt":"2022-03-20T12:08:54","slug":"pirkti-pirazolamo-0-5-mg-granuliu","status":"publish","type":"product","link":"https:\/\/medicinasinc.com\/lt\/product\/pirkti-pirazolamo-0-5-mg-granuliu\/","title":{"rendered":"Pirkite Pyrazolam 0,5 mg granules"},"content":{"rendered":"<p>Pyrazolam 0,5 mg granul\u0117s parduodamos Jungtin\u0117je Karalyst\u0117je, Europoje, Australijoje ir Europos S\u0105jungoje. Pirazolamo kaina, pirazolamo pristatymas per nakt\u012f ir kur \u012fsigyti kokybi\u0161k\u0105 pirazolam\u0105.<\/p>\n<p>Bitcoin galima \u012fsigyti 1 mg pirazolamo granuli\u0173 internetu. C16H12BrN5 yra \u0161ios preso granul\u0117s molekulin\u0117 strukt\u016bra. Pirazolamo gali b\u016bti sunku gauti.<\/p>\n<p>Benzodiazepin\u0173 klas\u0117 apima pirazolam\u0105, visi\u0161kai nauj\u0105 depresant\u0105. Atsipalaidavimas, slopinimas ir euforija yra tik keletas teigiam\u0173 \u0161alutini\u0173 poveiki\u0173, apie kuriuos prane\u0161a \u017emon\u0117s. Pirkite ir u\u017esisakykite pigi\u0173 2022 m. pirazolamo granuli\u0173 internete.<\/p>\n<p>Benzodiazepinai, tokie kaip pirazolamas ir diazepamas, turi ma\u017eiau euforijos ir yra labiau raminamieji, tod\u0117l jie n\u0117ra da\u017enai naudojami pramoginiais tikslais.<\/p>\n<p> Pharmaceuticals U\u017esisakykite pigi\u0173 2022 m. pirazolamo granuli\u0173 internetu<\/p>\n<p>Yra daug skirting\u0173 poveiki\u0173, kuriuos galima gauti vartojant benzo, nes jie jungiasi prie benzodiazepino receptori\u0173 vietos ir sustiprina gama aminosviesto r\u016bg\u0161ties veiksmingum\u0105 bei poveik\u012f jos receptoriams.<\/p>\n<p>Pyazolamo raminam\u0105j\u012f arba raminam\u0105j\u012f poveik\u012f nerv\u0173 sistemai galima priskirti jo moduliavimui \u0161ioje vietoje, kuri yra produktyviausias smegenyse slopinantis receptori\u0173 rinkinys.<\/p>\n<p>Pirazolamo pirkimas i\u0161 patikimo tiek\u0117jo u\u017etikrina, kad gaukite u\u017esakym\u0105 laiku iki 2021 m.<\/p>\n<p>Vietoj benzodiazepin\u0173 receptori\u0173, benzodiazepin\u0173 prie\u0161traukulin\u012f poveik\u012f gali lemti j\u0173 prisijungimas prie nuo \u012ftampos priklausan\u010di\u0173 natrio kanal\u0173.<\/p>\n<p>Poveikis K\u016bno<br \/> galvos svaigimas<br \/> praradimas motorin\u0117 funkcija<br \/> Raumen\u0173 atpalaidavimas<br \/> Kv\u0117pavimo sistemos slopinimas<br \/> Piazolamas yra ma\u017eiau raminantis nei kiti benzodiazepinai, nebent vartojamas didel\u0117mis doz\u0117mis, tod\u0117l jis da\u017enai skiriamas nemigai gydyti.<br \/> Poveikis protui<\/p>\n<p>Pirazolamo pa\u017einimo poveikis gali b\u016bti suskirstytas \u012f kelet\u0105 komponent\u0173, kuri\u0173 intensyvumas did\u0117ja didinant doz\u0119.<\/p>\n<p>Pirazolamo pirkimas i\u0161 patikimo tiek\u0117jo u\u017etikrina, kad gausite U\u017esakyti 2021 m..<\/p>\n<p>Daugelis \u017emoni\u0173 bendr\u0105 pirazolamo poveik\u012f protui apib\u016bdina kaip lengv\u0105 sedacij\u0105, ta\u010diau atitinkamai stipriai suma\u017eina nerim\u0105. Jis turi daug kognityvini\u0173 poveiki\u0173, kurie da\u017eniausiai siejami su depresija.<\/p>\n<p>Apskritai labiausiai pastebimi pa\u017einimo efektai yra \u0161ie:<\/p>\n<p>amnezija<br \/> nerimo slopinimas<br \/> Proto sul\u0117t\u0117jimas<br \/> Duomen\u0173 analiz\u0117s slopinimas<br \/> Slopinimas<br \/> Pakartotinis savo klaid\u0173 kartojimas<br \/> Blaivumas \u2013 kliedesys: nepaisant akivaizd\u017ei\u0173 prie\u0161ing\u0173 \u012frodym\u0173, toki\u0173 kaip sunkus pa\u017einimo sutrikimas ir nesugeb\u0117jimas visapusi\u0161kai bendrauti su kitais asmenyje i\u0161lieka klaidingas \u012fsitikinimas, kad \u017emogus yra visi\u0161kai blaivus.<br \/> Svajoni\u0173 didinimas<br \/> Stebinantys kontrastai<br \/> U\u017esisakykite pirazolamo granules 2021, pirazolam\u0105 pirkite internetu pigiai 2021<\/p>\n<p>Neretai \u017emon\u0117s, vartojantys benzodiazepinus, patiria ne\u012fprast\u0105 \u0161alutin\u012f poveik\u012f, pvz., pada\u017en\u0117ja priepuoliai, agresija, dirglumas ir mintys apie savi\u017eudyb\u0119.<\/p>\n<p>Narkotik\u0173 vartotojai, psichikos ligomis sergantys \u017emon\u0117s, vaikai, ir pacientams, vartojantiems dideles dozes, yra didesn\u0117 tikimyb\u0117 \u0160is paradoksalus poveikis.<\/p>\n<p>Priklausomyb\u0117s ir tolerancijos potencialas<\/p>\n<p>Pirazolamas turi didel\u0119 fizin\u0119 ir psichin\u0119 priklausomyb\u0119.<br \/> Tolerancija raminan\u010diam-migdomajam poveikiui i\u0161sivystys per kelet\u0105 dien\u0173 reguliariai vartojant vaist\u0105.<\/p>\n<p>Tolerancija normalizuojasi per 7\u201314 dien\u0173 nuo vaisto vartojimo nutraukimo. Ta\u010diau gali b\u016bti, kad, atsi\u017evelgiant \u012f naudojimo trukm\u0119 ir stiprum\u0105, tai gali u\u017etrukti daug ilgiau.<\/p>\n<p>Po keli\u0173 savai\u010di\u0173 ar ilgiau, vartojant pastovi\u0105 doz\u0119, gali atsirasti abstinencijos ar atotr\u016bkio simptom\u0173, tod\u0117l gali prireikti laipsni\u0161kas doz\u0117s ma\u017einimas.<\/p>\n<p>S\u0105veika, kuri gali b\u016bti \u017ealinga. Pirkite pirazolam\u0105 internetu, u\u017esisakykite pirazolamo granules 2022<\/p>\n<p>Daugelis vaist\u0173 yra saug\u016bs ir vieni, ta\u010diau kartu su kitomis med\u017eiagomis jie gali b\u016bti pavojingi ir netgi pavojingi gyvybei. Keletas pavojingiausi\u0173 derini\u0173 yra i\u0161vardyti \u017eemiau, ta\u010diau tai yra iki Tai nerei\u0161kia, kad s\u0105ra\u0161as yra baigtinis.<\/p>\n<p>Ta\u010diau net ir vartojant ma\u017eas dozes, tam tikri deriniai gali padidinti mirties rizik\u0105. Prie\u0161 vartojant dviej\u0173 ar daugiau med\u017eiag\u0173 mi\u0161in\u012f, reikia atlikti nepriklausomus tyrimus, siekiant \u012fsitikinti, kad jis yra saugus.<\/p>\n<p>Slopinan\u010dio preparato derinimas su kitu slopinan\u010diu preparatu gali sukelti pavojing\u0105 ar net mirtin\u0105 kv\u0117pavimo slopinim\u0105. Vartojant dideles dozes, raumen\u0173 atsipalaidavimas, sedacija ir amnezija, kuri\u0105 sukelia kiekvienas i\u0161 \u0161i\u0173 vaist\u0173, gali sustipr\u0117ti iki netik\u0117to s\u0105mon\u0117s praradimo.<\/p>\n<p>D\u0117l \u0161io derinio kyla v\u0117mimo ir mirties rizika. u\u017edusus s\u0105mon\u0117s netekimo metu padid\u0117ja. \u017dmon\u0117s, kurie tai patiria, tur\u0117t\u0173 pabandyti miegoti atsigul\u0119 arba papra\u0161yti, kad draugas juos perkelt\u0173 \u012f j\u0105.<\/p>\n<p>Benzodiazepinai ir stimuliatoriai netur\u0117t\u0173 b\u016bti derinami, nes kyla per didelio apsinuodijimo pavojus. Benzodiazepin\u0173 raminam\u0105j\u012f poveik\u012f ma\u017eina stimuliatoriai, \u012f kuriuos dauguma \u017emoni\u0173 atsi\u017evelgia vertindami apsinuodijimo lyg\u012f.<\/p>\n","protected":false},"excerpt":{"rendered":"<p>JK, Europoje, Australijoje ir ES galima \u012fsigyti Pyrazolam 0,5 mg granuli\u0173. Pirkite pirazolam\u0105 internetu, pirazolamo pristatym\u0105 per nakt\u012f, pirazolamo kain\u0105.<\/p>\n<p>Pirkite 1 mg pirazolamo granules su Bitcoin i\u0161 internetin\u0117s vaistin\u0117s. C16H12BrN5 yra \u0161ios chemin\u0117s preso granul\u0117s molekulin\u0117 strukt\u016bra. Pirazolamo gali b\u016bti sunku \u012fsigyti.<\/p>\n<p>Pirazolamo 0,5 mg granules galima \u012fsigyti internetu. Remiantis teorija, tikimasi, kad pirazolamas sukels ma\u017eiau ataksijos ir sedacijos nei kiti vaistai. Kadangi jame n\u0117ra aktyvi\u0173 metabolit\u0173, pirazolamo pusin\u0117s eliminacijos laikas yra ilgesnis (vidutini\u0161kai 6 valandos) ir labiau linijinis nei daugelio kit\u0173 benzodiazepin\u0173.<\/p>\n","protected":false},"featured_media":5751,"comment_status":"open","ping_status":"closed","template":"","meta":[],"product_brand":[],"product_cat":[2014],"product_tag":[3798,3797,3799,3800,3801,3816,3817,3804,3808,3811,3803,3809,3815,3812,3813,3807,3810,3814,3802,3806,3805],"class_list":{"0":"post-5739","1":"product","2":"type-product","3":"status-publish","4":"has-post-thumbnail","6":"product_cat-pirkti-tyrineti-chemikalai","7":"product_tag-geriausios-kokybs-pirazolamas","8":"product_tag-best-place-to-order-pyrazolam-0-5-mg-pallets","9":"product_tag-buy-pyrazolam-0-5-mg","10":"product_tag-buy-pyrazolam-0-5-mg-pellets","11":"product_tag-buy-pyrazolam-europe","12":"product_tag-kur-galiu-smulks-pirazolamo-padklai","13":"product_tag-kur-nusipirkti-pirazolamo-0-5-mg","14":"product_tag-order-pyrazolam","15":"product_tag-pirazolamas-0-5-mg-parduodamas","16":"product_tag-parduodamas-pirazolamas","17":"product_tag-pirk-pirazolam-internetu","18":"product_tag-pirazolamo-0-5-mg-apvalga","19":"product_tag-pirazolamas-didmenin-prekyba","20":"product_tag-pirazolamas-kaina","21":"product_tag-pirazolamas-pardavimas","22":"product_tag-pirkimas-pirazolamas","23":"product_tag-pirazolamo-poveikis","24":"product_tag-pirazolamo-tiekjas","25":"product_tag-pirk-pirazolam-alia-mans","26":"product_tag-tvarka-pirazolamas-uk","27":"product_tag-u-c5-besakymas-pirazolamas-0-5-pad-c4-97klai","29":"first","30":"instock","31":"shipping-taxable","32":"purchasable","33":"product-type-variable","34":"has-default-attributes"},"yoast_head":"<!-- This site is optimized with the Yoast SEO plugin v27.3 - https:\/\/yoast.com\/product\/yoast-seo-wordpress\/ -->\n<title>Pirkite Pyrazolam 0,5 mg granules - Pyrazolam 0,5 mg - Best Global Meds<\/title>\n<meta name=\"description\" content=\"Pirazolamo 0,5 mg granuli\u0173 pardavimas Jungtin\u0117je Karalyst\u0117je, Europoje, AU, ES, U\u017esisakykite pigi\u0173 pirazolamo granuli\u0173 2022 m., Kur \u012fsigyti auk\u0161tos kokyb\u0117s pirazolamo pristatym\u0105 per nakt\u012f, pirazolamo kaina.\" \/>\n<meta name=\"robots\" content=\"index, follow, max-snippet:-1, max-image-preview:large, max-video-preview:-1\" \/>\n<link rel=\"canonical\" href=\"https:\/\/medicinasinc.com\/lt\/product\/pirkti-pirazolamo-0-5-mg-granuliu\/\" \/>\n<meta property=\"og:locale\" content=\"en_US\" \/>\n<meta property=\"og:type\" content=\"article\" \/>\n<meta property=\"og:title\" content=\"Pirkite Pyrazolam 0,5 mg granules - Pyrazolam 0,5 mg - Best Global Meds\" \/>\n<meta property=\"og:description\" content=\"Pirazolamo 0,5 mg granuli\u0173 pardavimas Jungtin\u0117je Karalyst\u0117je, Europoje, AU, ES, U\u017esisakykite pigi\u0173 pirazolamo granuli\u0173 2022 m., Kur \u012fsigyti auk\u0161tos kokyb\u0117s pirazolamo pristatym\u0105 per nakt\u012f, pirazolamo kaina.\" \/>\n<meta property=\"og:url\" content=\"https:\/\/medicinasinc.com\/lt\/product\/pirkti-pirazolamo-0-5-mg-granuliu\/\" \/>\n<meta property=\"og:site_name\" content=\"Medicinas Inc\" \/>\n<meta property=\"article:modified_time\" content=\"2022-03-20T12:08:54+00:00\" \/>\n<meta property=\"og:image\" content=\"https:\/\/medicinasinc.com\/lt\/wp-content\/uploads\/sites\/9\/2022\/02\/buy-pyrazolam-0-5-mg-pellets-online.jpg\" \/>\n\t<meta property=\"og:image:width\" content=\"600\" \/>\n\t<meta property=\"og:image:height\" content=\"600\" \/>\n\t<meta property=\"og:image:type\" content=\"image\/jpeg\" \/>\n<meta name=\"twitter:card\" content=\"summary_large_image\" \/>\n<meta name=\"twitter:label1\" content=\"Est. reading time\" \/>\n\t<meta name=\"twitter:data1\" content=\"4 minutes\" \/>\n<script type=\"application\/ld+json\" class=\"yoast-schema-graph\">{\"@context\":\"https:\\\/\\\/schema.org\",\"@graph\":[{\"@type\":\"WebPage\",\"@id\":\"https:\\\/\\\/medicinasinc.com\\\/lt\\\/product\\\/pirkti-pirazolamo-0-5-mg-granuliu\\\/\",\"url\":\"https:\\\/\\\/medicinasinc.com\\\/lt\\\/product\\\/pirkti-pirazolamo-0-5-mg-granuliu\\\/\",\"name\":\"Pirkite Pyrazolam 0,5 mg granules - Pyrazolam 0,5 mg - Best Global Meds\",\"isPartOf\":{\"@id\":\"https:\\\/\\\/medicinasinc.com\\\/lt\\\/#website\"},\"primaryImageOfPage\":{\"@id\":\"https:\\\/\\\/medicinasinc.com\\\/lt\\\/product\\\/pirkti-pirazolamo-0-5-mg-granuliu\\\/#primaryimage\"},\"image\":{\"@id\":\"https:\\\/\\\/medicinasinc.com\\\/lt\\\/product\\\/pirkti-pirazolamo-0-5-mg-granuliu\\\/#primaryimage\"},\"thumbnailUrl\":\"https:\\\/\\\/medicinasinc.com\\\/lt\\\/wp-content\\\/uploads\\\/sites\\\/9\\\/2022\\\/02\\\/buy-pyrazolam-0-5-mg-pellets-online.jpg\",\"datePublished\":\"2022-02-22T05:15:21+00:00\",\"dateModified\":\"2022-03-20T12:08:54+00:00\",\"description\":\"Pirazolamo 0,5 mg granuli\u0173 pardavimas Jungtin\u0117je Karalyst\u0117je, Europoje, AU, ES, U\u017esisakykite pigi\u0173 pirazolamo granuli\u0173 2022 m., Kur \u012fsigyti auk\u0161tos kokyb\u0117s pirazolamo pristatym\u0105 per nakt\u012f, pirazolamo kaina.\",\"breadcrumb\":{\"@id\":\"https:\\\/\\\/medicinasinc.com\\\/lt\\\/product\\\/pirkti-pirazolamo-0-5-mg-granuliu\\\/#breadcrumb\"},\"inLanguage\":\"en-US\",\"potentialAction\":[{\"@type\":\"ReadAction\",\"target\":[\"https:\\\/\\\/medicinasinc.com\\\/lt\\\/product\\\/pirkti-pirazolamo-0-5-mg-granuliu\\\/\"]}]},{\"@type\":\"ImageObject\",\"inLanguage\":\"en-US\",\"@id\":\"https:\\\/\\\/medicinasinc.com\\\/lt\\\/product\\\/pirkti-pirazolamo-0-5-mg-granuliu\\\/#primaryimage\",\"url\":\"https:\\\/\\\/medicinasinc.com\\\/lt\\\/wp-content\\\/uploads\\\/sites\\\/9\\\/2022\\\/02\\\/buy-pyrazolam-0-5-mg-pellets-online.jpg\",\"contentUrl\":\"https:\\\/\\\/medicinasinc.com\\\/lt\\\/wp-content\\\/uploads\\\/sites\\\/9\\\/2022\\\/02\\\/buy-pyrazolam-0-5-mg-pellets-online.jpg\",\"width\":600,\"height\":600},{\"@type\":\"BreadcrumbList\",\"@id\":\"https:\\\/\\\/medicinasinc.com\\\/lt\\\/product\\\/pirkti-pirazolamo-0-5-mg-granuliu\\\/#breadcrumb\",\"itemListElement\":[{\"@type\":\"ListItem\",\"position\":1,\"name\":\"Parduotuv\u0117\",\"item\":\"https:\\\/\\\/medicinasinc.com\\\/lt\\\/parduotuve\\\/\"},{\"@type\":\"ListItem\",\"position\":2,\"name\":\"Pirkite Pyrazolam 0,5 mg granules\"}]},{\"@type\":\"WebSite\",\"@id\":\"https:\\\/\\\/medicinasinc.com\\\/lt\\\/#website\",\"url\":\"https:\\\/\\\/medicinasinc.com\\\/lt\\\/\",\"name\":\"Medicinas Inc\",\"description\":\"Sveikatos medicinos klinika\",\"potentialAction\":[{\"@type\":\"SearchAction\",\"target\":{\"@type\":\"EntryPoint\",\"urlTemplate\":\"https:\\\/\\\/medicinasinc.com\\\/lt\\\/?s={search_term_string}\"},\"query-input\":{\"@type\":\"PropertyValueSpecification\",\"valueRequired\":true,\"valueName\":\"search_term_string\"}}],\"inLanguage\":\"en-US\"}]}<\/script>\n<!-- \/ Yoast SEO plugin. -->","yoast_head_json":{"title":"Pirkite Pyrazolam 0,5 mg granules - Pyrazolam 0,5 mg - Best Global Meds","description":"Pirazolamo 0,5 mg granuli\u0173 pardavimas Jungtin\u0117je Karalyst\u0117je, Europoje, AU, ES, U\u017esisakykite pigi\u0173 pirazolamo granuli\u0173 2022 m., Kur \u012fsigyti auk\u0161tos kokyb\u0117s pirazolamo pristatym\u0105 per nakt\u012f, pirazolamo kaina.","robots":{"index":"index","follow":"follow","max-snippet":"max-snippet:-1","max-image-preview":"max-image-preview:large","max-video-preview":"max-video-preview:-1"},"canonical":"https:\/\/medicinasinc.com\/lt\/product\/pirkti-pirazolamo-0-5-mg-granuliu\/","og_locale":"en_US","og_type":"article","og_title":"Pirkite Pyrazolam 0,5 mg granules - Pyrazolam 0,5 mg - Best Global Meds","og_description":"Pirazolamo 0,5 mg granuli\u0173 pardavimas Jungtin\u0117je Karalyst\u0117je, Europoje, AU, ES, U\u017esisakykite pigi\u0173 pirazolamo granuli\u0173 2022 m., Kur \u012fsigyti auk\u0161tos kokyb\u0117s pirazolamo pristatym\u0105 per nakt\u012f, pirazolamo kaina.","og_url":"https:\/\/medicinasinc.com\/lt\/product\/pirkti-pirazolamo-0-5-mg-granuliu\/","og_site_name":"Medicinas Inc","article_modified_time":"2022-03-20T12:08:54+00:00","og_image":[{"width":600,"height":600,"url":"https:\/\/medicinasinc.com\/lt\/wp-content\/uploads\/sites\/9\/2022\/02\/buy-pyrazolam-0-5-mg-pellets-online.jpg","type":"image\/jpeg"}],"twitter_card":"summary_large_image","twitter_misc":{"Est. reading time":"4 minutes"},"schema":{"@context":"https:\/\/schema.org","@graph":[{"@type":"WebPage","@id":"https:\/\/medicinasinc.com\/lt\/product\/pirkti-pirazolamo-0-5-mg-granuliu\/","url":"https:\/\/medicinasinc.com\/lt\/product\/pirkti-pirazolamo-0-5-mg-granuliu\/","name":"Pirkite Pyrazolam 0,5 mg granules - Pyrazolam 0,5 mg - Best Global Meds","isPartOf":{"@id":"https:\/\/medicinasinc.com\/lt\/#website"},"primaryImageOfPage":{"@id":"https:\/\/medicinasinc.com\/lt\/product\/pirkti-pirazolamo-0-5-mg-granuliu\/#primaryimage"},"image":{"@id":"https:\/\/medicinasinc.com\/lt\/product\/pirkti-pirazolamo-0-5-mg-granuliu\/#primaryimage"},"thumbnailUrl":"https:\/\/medicinasinc.com\/lt\/wp-content\/uploads\/sites\/9\/2022\/02\/buy-pyrazolam-0-5-mg-pellets-online.jpg","datePublished":"2022-02-22T05:15:21+00:00","dateModified":"2022-03-20T12:08:54+00:00","description":"Pirazolamo 0,5 mg granuli\u0173 pardavimas Jungtin\u0117je Karalyst\u0117je, Europoje, AU, ES, U\u017esisakykite pigi\u0173 pirazolamo granuli\u0173 2022 m., Kur \u012fsigyti auk\u0161tos kokyb\u0117s pirazolamo pristatym\u0105 per nakt\u012f, pirazolamo kaina.","breadcrumb":{"@id":"https:\/\/medicinasinc.com\/lt\/product\/pirkti-pirazolamo-0-5-mg-granuliu\/#breadcrumb"},"inLanguage":"en-US","potentialAction":[{"@type":"ReadAction","target":["https:\/\/medicinasinc.com\/lt\/product\/pirkti-pirazolamo-0-5-mg-granuliu\/"]}]},{"@type":"ImageObject","inLanguage":"en-US","@id":"https:\/\/medicinasinc.com\/lt\/product\/pirkti-pirazolamo-0-5-mg-granuliu\/#primaryimage","url":"https:\/\/medicinasinc.com\/lt\/wp-content\/uploads\/sites\/9\/2022\/02\/buy-pyrazolam-0-5-mg-pellets-online.jpg","contentUrl":"https:\/\/medicinasinc.com\/lt\/wp-content\/uploads\/sites\/9\/2022\/02\/buy-pyrazolam-0-5-mg-pellets-online.jpg","width":600,"height":600},{"@type":"BreadcrumbList","@id":"https:\/\/medicinasinc.com\/lt\/product\/pirkti-pirazolamo-0-5-mg-granuliu\/#breadcrumb","itemListElement":[{"@type":"ListItem","position":1,"name":"Parduotuv\u0117","item":"https:\/\/medicinasinc.com\/lt\/parduotuve\/"},{"@type":"ListItem","position":2,"name":"Pirkite Pyrazolam 0,5 mg granules"}]},{"@type":"WebSite","@id":"https:\/\/medicinasinc.com\/lt\/#website","url":"https:\/\/medicinasinc.com\/lt\/","name":"Medicinas Inc","description":"Sveikatos medicinos klinika","potentialAction":[{"@type":"SearchAction","target":{"@type":"EntryPoint","urlTemplate":"https:\/\/medicinasinc.com\/lt\/?s={search_term_string}"},"query-input":{"@type":"PropertyValueSpecification","valueRequired":true,"valueName":"search_term_string"}}],"inLanguage":"en-US"}]}},"_links":{"self":[{"href":"https:\/\/medicinasinc.com\/lt\/wp-json\/wp\/v2\/product\/5739","targetHints":{"allow":["GET"]}}],"collection":[{"href":"https:\/\/medicinasinc.com\/lt\/wp-json\/wp\/v2\/product"}],"about":[{"href":"https:\/\/medicinasinc.com\/lt\/wp-json\/wp\/v2\/types\/product"}],"replies":[{"embeddable":true,"href":"https:\/\/medicinasinc.com\/lt\/wp-json\/wp\/v2\/comments?post=5739"}],"wp:featuredmedia":[{"embeddable":true,"href":"https:\/\/medicinasinc.com\/lt\/wp-json\/wp\/v2\/media\/5751"}],"wp:attachment":[{"href":"https:\/\/medicinasinc.com\/lt\/wp-json\/wp\/v2\/media?parent=5739"}],"wp:term":[{"taxonomy":"product_brand","embeddable":true,"href":"https:\/\/medicinasinc.com\/lt\/wp-json\/wp\/v2\/product_brand?post=5739"},{"taxonomy":"product_cat","embeddable":true,"href":"https:\/\/medicinasinc.com\/lt\/wp-json\/wp\/v2\/product_cat?post=5739"},{"taxonomy":"product_tag","embeddable":true,"href":"https:\/\/medicinasinc.com\/lt\/wp-json\/wp\/v2\/product_tag?post=5739"}],"curies":[{"name":"wp","href":"https:\/\/api.w.org\/{rel}","templated":true}]}}