{"id":5735,"date":"2022-02-22T05:09:43","date_gmt":"2022-02-22T05:09:43","guid":{"rendered":"https:\/\/medicinasinc.com\/lt\/?post_type=product&#038;p=5735"},"modified":"2022-03-20T12:09:02","modified_gmt":"2022-03-20T12:09:02","slug":"pirkti-al-lad-milteliai","status":"publish","type":"product","link":"https:\/\/medicinasinc.com\/lt\/product\/pirkti-al-lad-milteliai\/","title":{"rendered":"Pirkite al-lad miltelius"},"content":{"rendered":"<p>\u012esigykite al-lad milteli\u0173 JK, Europoje, Australijoje ir ES ir \u012fsigykite iki 2022 m. u\u017e pigi\u0105 kain\u0105. Al-lad milteli\u0173 pardavimas, kur \u012fsigyti al-lad milteli\u0173 pristatymas per nakt\u012f.<\/p>\n<p>Milteliniai AL-LAD. 99 procent\u0173 gryn\u0173 farmacini\u0173 \u017ealiav\u0173, mokslini\u0173 tyrim\u0173 chemini\u0173 med\u017eiag\u0173 ir generini\u0173 vaist\u0173, \u012fskaitant AL-LAD miltelius, didmenininkas ir tiek\u0117jas. Pakuot\u0117, kuri yra saugi ir atskira, taip pat siuntimas, kuris buvo sekamas.<\/p>\n<p>Lizergo r\u016bg\u0161ties dietilamido, \u017einomo kaip AL-LAD arba 6-allil-6-nor-LSD, analogas yra chemin\u0117 med\u017eiaga junginys (LSD). \u012e LSD pana\u0161us psichoaktyvus lizergamido klas\u0117s vaistas, vartojamas siekiant sukelti tok\u012f pat\u012f psichodelin\u012f poveik\u012f.<\/p>\n<p>Greita ir purvina informacija<\/p>\n<p>AL-LAD yra produkto pavadinimas.<br \/> 6-6-nor-6-allil-6-nor, AL-LAD<br \/> -LSD<br \/> CAS numeris: 65527-61-9<br \/> C22H27N3O yra molekulin\u0117 formul\u0117<br \/> Tarptautin\u0117 grynosios ir taikomosios chemijos s\u0105junga (6aR,9R)<br \/> -N,N-dietil-7-prop<br \/> -2-enil-6,6a,8,9<br \/> -tetrahidro- 4H-indolo[4,3-fg]<br \/> chinolino-9-karboksamidas<br \/> Molekulin\u0117 mas\u0117 yra 349,5 g\/mol.<br \/> 99,5 proc. be priemai\u0161\u0173<br \/> Balta arba beveik balta i\u0161vaizdos kristaliniai milteliai<\/p>\n<p>AL-LAD milteli\u0173 tiek\u0117jas<\/p>\n<p>Farmacijos \u017ealiav\u0173 rinkoje esame gerai \u017einomi d\u0117l plataus si\u016blom\u0173 produkt\u0173 asortimento ir patikim\u0173 la\u0161\u0173 auk\u0161\u010diausios kokyb\u0117s generini\u0173 vaist\u0173 siuntimo paslaugos. AL-LAD milteli\u0173 didmenininko tikslas \u2013 teikti klientams auk\u0161tos kokyb\u0117s produktus konkurencingomis kainomis.<\/p>\n","protected":false},"excerpt":{"rendered":"<div class=\"woocommerce-product-details__short-description\">\n<p>Pirkite pardavimui al-lad miltelius JK, Europoje, AU, ES, u\u017esisakykite pigi\u0173 al-lad milteli\u0173 2022 m., Kur \u012fsigyti auk\u0161tos kokyb\u0117s al-lad milteli\u0173 pristatymas per nakt\u012f, al-lad milteli\u0173 pardavimas.<\/p>\n<p>Pirkite AL-LAD Powder Europe i\u0161 patikimo tyrim\u0173 chemini\u0173 med\u017eiag\u0173 tiek\u0117jo. AL-LAD miltelius parduoda didmenininkas, siun\u010diantis i\u0161 ES.<\/p>\n<p>\u017dmon\u0117s, norintys \u012fsigyti AL-LAD milteli\u0173, gali juos \u012fsigyti geriausiomis kainomis. Jame yra auk\u0161tos kokyb\u0117s lizergamid\u0173 ir kit\u0173 jungini\u0173. Ma\u017eiausios kainos. Yra nuolaida. Pristatymas visame pasaulyje yra greitas.<\/p>\n<p>Pirkite \u201eAl-lad Powder\u201c internetu. 6-alil-6-nor-lizergin\u0117s r\u016bg\u0161ties dietilamidas, dar \u017einomas kaip Aladinas, yra pusiau sintetinis haliucinogeninis vaistas, galintis priversti \u017emones i\u0161prot\u0117ti.<\/p>\n<table class=\"table\" style=\"height: 249px\" width=\"455\">\n<tbody>\n<tr>\n<th><\/th>\n<td><\/td>\n<\/tr>\n<tr>\n<th>Min. u\u017esakymo kiekis:<\/th>\n<td>20 g<\/td>\n<\/tr>\n<tr>\n<th>Tiekimo galimyb\u0117s:<\/th>\n<td>100 kg per m\u0117nes\u012f<\/td>\n<\/tr>\n<tr>\n<th>Prievadas:<\/th>\n<td> Var\u0161uva, Nyderlandai<\/td>\n<\/tr>\n<tr>\n<th>Mok\u0117jimo s\u0105lygos:<\/th>\n<td>banko pavedimas, bitcoin, WU\/MG, kita<\/td>\n<\/tr>\n<tr>\n<th>I\u0161sami pakuot\u0117s informacija:<\/th>\n<td>Pagal kliento pageidavim\u0105<\/td>\n<\/tr>\n<tr>\n<th>Pristatymo informacija:<\/th>\n<td>Skubus pristatymas, DPD, Pharma Courier EU<\/td>\n<\/tr>\n<\/tbody>\n<\/table><\/div>\n","protected":false},"featured_media":5747,"comment_status":"open","ping_status":"closed","template":"","meta":[],"product_brand":[],"product_cat":[2014],"product_tag":[3758,3759,3760,3761,3762,3763,3779,3768,3766,3765,3772,3773,3777,3793,3774,3776,3780,3764,3770,3771,3775,3767,3778,3782,3783,3784,3785,3790,3781,3794,3795,3796,3789,3791,3769,3787,3786,3788,3792,3757],"class_list":{"0":"post-5735","1":"product","2":"type-product","3":"status-publish","4":"has-post-thumbnail","6":"product_cat-pirkti-tyrineti-chemikalai","7":"product_tag-al-lad-tiekjas","8":"product_tag-al-lad-buy","9":"product_tag-al-lad-dosage","10":"product_tag-al-lad-drug","11":"product_tag-al-lad-efektai","12":"product_tag-al-lad-erowid","13":"product_tag-al-lad-kelions-ataskaita","14":"product_tag-al-lad-powder-europe","15":"product_tag-al-lad-powder-china","16":"product_tag-al-lad-milteliai-pirkti","17":"product_tag-al-lad-powder-review","18":"product_tag-al-lad-powder-reviews","19":"product_tag-al-lad-milteliai-didmenin-prekyba","20":"product_tag-mginys-al-lad-milteliai","21":"product_tag-al-lad-milteli-pardavimas","22":"product_tag-al-lad-milteli-tiekjas","23":"product_tag-al-lad-pardavjas","24":"product_tag-al-lad-patyrimas","25":"product_tag-al-lad-powder-for-sale-online","26":"product_tag-al-lad-powder-prices","27":"product_tag-al-lad-powder-sales","28":"product_tag-al-lad-pudros-efektas","29":"product_tag-al-lad-reddit","30":"product_tag-best-quality-al-lad-powder","31":"product_tag-buy-al-lad-canada","32":"product_tag-buy-al-lad-powder","33":"product_tag-buy-al-lad-uk","34":"product_tag-easychems-apvalga","35":"product_tag-jau-leis-teistumas","36":"product_tag-kur-pirkti-al-lad","37":"product_tag-kur-pirkti-al-lad-milteli","38":"product_tag-kur-usisakyti-al-lad-milteli","39":"product_tag-easy-chems-review","40":"product_tag-order-al-lad-powder","41":"product_tag-al-lad-milteliai-parduodami","42":"product_tag-buy-al-lad-powder-australia","43":"product_tag-pirk-al-lad-online","44":"product_tag-pirk-al-lad-milteliai-europa","45":"product_tag-pirkti-al-lad-milteliai","46":"product_tag-al-lad-saugumas","48":"first","49":"instock","50":"shipping-taxable","51":"purchasable","52":"product-type-variable","53":"has-default-attributes"},"yoast_head":"<!-- This site is optimized with the Yoast SEO plugin v27.3 - https:\/\/yoast.com\/product\/yoast-seo-wordpress\/ -->\n<title>Pirkite \u201eAl-lad\u201c miltelius \u2013 \u201eAl-lad\u201c milteli\u0173 pardavimas \u2013 \u201eBest Global Meds\u201c.<\/title>\n<meta name=\"description\" content=\"Pirkite al-lad miltelius pardavimui JK, Europoje, AU, ES, u\u017esisakykite pigius al-lad miltelius 2022 m., Kur \u012fsigyti auk\u0161tos kokyb\u0117s al-lad milteli\u0173 pristatymas per nakt\u012f, al-lad milteli\u0173 pardavimas.\" \/>\n<meta name=\"robots\" content=\"index, follow, max-snippet:-1, max-image-preview:large, max-video-preview:-1\" \/>\n<link rel=\"canonical\" href=\"https:\/\/medicinasinc.com\/lt\/product\/pirkti-al-lad-milteliai\/\" \/>\n<meta property=\"og:locale\" content=\"en_US\" \/>\n<meta property=\"og:type\" content=\"article\" \/>\n<meta property=\"og:title\" content=\"Pirkite \u201eAl-lad\u201c miltelius \u2013 \u201eAl-lad\u201c milteli\u0173 pardavimas \u2013 \u201eBest Global Meds\u201c.\" \/>\n<meta property=\"og:description\" content=\"Pirkite al-lad miltelius pardavimui JK, Europoje, AU, ES, u\u017esisakykite pigius al-lad miltelius 2022 m., Kur \u012fsigyti auk\u0161tos kokyb\u0117s al-lad milteli\u0173 pristatymas per nakt\u012f, al-lad milteli\u0173 pardavimas.\" \/>\n<meta property=\"og:url\" content=\"https:\/\/medicinasinc.com\/lt\/product\/pirkti-al-lad-milteliai\/\" \/>\n<meta property=\"og:site_name\" content=\"Medicinas Inc\" \/>\n<meta property=\"article:modified_time\" content=\"2022-03-20T12:09:02+00:00\" \/>\n<meta property=\"og:image\" content=\"https:\/\/medicinasinc.com\/lt\/wp-content\/uploads\/sites\/9\/2022\/02\/Buy-al-lad-powder.jpg\" \/>\n\t<meta property=\"og:image:width\" content=\"931\" \/>\n\t<meta property=\"og:image:height\" content=\"799\" \/>\n\t<meta property=\"og:image:type\" content=\"image\/jpeg\" \/>\n<meta name=\"twitter:card\" content=\"summary_large_image\" \/>\n<meta name=\"twitter:label1\" content=\"Est. reading time\" \/>\n\t<meta name=\"twitter:data1\" content=\"1 minute\" \/>\n<script type=\"application\/ld+json\" class=\"yoast-schema-graph\">{\"@context\":\"https:\\\/\\\/schema.org\",\"@graph\":[{\"@type\":\"WebPage\",\"@id\":\"https:\\\/\\\/medicinasinc.com\\\/lt\\\/product\\\/pirkti-al-lad-milteliai\\\/\",\"url\":\"https:\\\/\\\/medicinasinc.com\\\/lt\\\/product\\\/pirkti-al-lad-milteliai\\\/\",\"name\":\"Pirkite \u201eAl-lad\u201c miltelius \u2013 \u201eAl-lad\u201c milteli\u0173 pardavimas \u2013 \u201eBest Global Meds\u201c.\",\"isPartOf\":{\"@id\":\"https:\\\/\\\/medicinasinc.com\\\/lt\\\/#website\"},\"primaryImageOfPage\":{\"@id\":\"https:\\\/\\\/medicinasinc.com\\\/lt\\\/product\\\/pirkti-al-lad-milteliai\\\/#primaryimage\"},\"image\":{\"@id\":\"https:\\\/\\\/medicinasinc.com\\\/lt\\\/product\\\/pirkti-al-lad-milteliai\\\/#primaryimage\"},\"thumbnailUrl\":\"https:\\\/\\\/medicinasinc.com\\\/lt\\\/wp-content\\\/uploads\\\/sites\\\/9\\\/2022\\\/02\\\/Buy-al-lad-powder.jpg\",\"datePublished\":\"2022-02-22T05:09:43+00:00\",\"dateModified\":\"2022-03-20T12:09:02+00:00\",\"description\":\"Pirkite al-lad miltelius pardavimui JK, Europoje, AU, ES, u\u017esisakykite pigius al-lad miltelius 2022 m., Kur \u012fsigyti auk\u0161tos kokyb\u0117s al-lad milteli\u0173 pristatymas per nakt\u012f, al-lad milteli\u0173 pardavimas.\",\"breadcrumb\":{\"@id\":\"https:\\\/\\\/medicinasinc.com\\\/lt\\\/product\\\/pirkti-al-lad-milteliai\\\/#breadcrumb\"},\"inLanguage\":\"en-US\",\"potentialAction\":[{\"@type\":\"ReadAction\",\"target\":[\"https:\\\/\\\/medicinasinc.com\\\/lt\\\/product\\\/pirkti-al-lad-milteliai\\\/\"]}]},{\"@type\":\"ImageObject\",\"inLanguage\":\"en-US\",\"@id\":\"https:\\\/\\\/medicinasinc.com\\\/lt\\\/product\\\/pirkti-al-lad-milteliai\\\/#primaryimage\",\"url\":\"https:\\\/\\\/medicinasinc.com\\\/lt\\\/wp-content\\\/uploads\\\/sites\\\/9\\\/2022\\\/02\\\/Buy-al-lad-powder.jpg\",\"contentUrl\":\"https:\\\/\\\/medicinasinc.com\\\/lt\\\/wp-content\\\/uploads\\\/sites\\\/9\\\/2022\\\/02\\\/Buy-al-lad-powder.jpg\",\"width\":931,\"height\":799},{\"@type\":\"BreadcrumbList\",\"@id\":\"https:\\\/\\\/medicinasinc.com\\\/lt\\\/product\\\/pirkti-al-lad-milteliai\\\/#breadcrumb\",\"itemListElement\":[{\"@type\":\"ListItem\",\"position\":1,\"name\":\"Parduotuv\u0117\",\"item\":\"https:\\\/\\\/medicinasinc.com\\\/lt\\\/parduotuve\\\/\"},{\"@type\":\"ListItem\",\"position\":2,\"name\":\"Pirkite al-lad miltelius\"}]},{\"@type\":\"WebSite\",\"@id\":\"https:\\\/\\\/medicinasinc.com\\\/lt\\\/#website\",\"url\":\"https:\\\/\\\/medicinasinc.com\\\/lt\\\/\",\"name\":\"Medicinas Inc\",\"description\":\"Sveikatos medicinos klinika\",\"potentialAction\":[{\"@type\":\"SearchAction\",\"target\":{\"@type\":\"EntryPoint\",\"urlTemplate\":\"https:\\\/\\\/medicinasinc.com\\\/lt\\\/?s={search_term_string}\"},\"query-input\":{\"@type\":\"PropertyValueSpecification\",\"valueRequired\":true,\"valueName\":\"search_term_string\"}}],\"inLanguage\":\"en-US\"}]}<\/script>\n<!-- \/ Yoast SEO plugin. -->","yoast_head_json":{"title":"Pirkite \u201eAl-lad\u201c miltelius \u2013 \u201eAl-lad\u201c milteli\u0173 pardavimas \u2013 \u201eBest Global Meds\u201c.","description":"Pirkite al-lad miltelius pardavimui JK, Europoje, AU, ES, u\u017esisakykite pigius al-lad miltelius 2022 m., Kur \u012fsigyti auk\u0161tos kokyb\u0117s al-lad milteli\u0173 pristatymas per nakt\u012f, al-lad milteli\u0173 pardavimas.","robots":{"index":"index","follow":"follow","max-snippet":"max-snippet:-1","max-image-preview":"max-image-preview:large","max-video-preview":"max-video-preview:-1"},"canonical":"https:\/\/medicinasinc.com\/lt\/product\/pirkti-al-lad-milteliai\/","og_locale":"en_US","og_type":"article","og_title":"Pirkite \u201eAl-lad\u201c miltelius \u2013 \u201eAl-lad\u201c milteli\u0173 pardavimas \u2013 \u201eBest Global Meds\u201c.","og_description":"Pirkite al-lad miltelius pardavimui JK, Europoje, AU, ES, u\u017esisakykite pigius al-lad miltelius 2022 m., Kur \u012fsigyti auk\u0161tos kokyb\u0117s al-lad milteli\u0173 pristatymas per nakt\u012f, al-lad milteli\u0173 pardavimas.","og_url":"https:\/\/medicinasinc.com\/lt\/product\/pirkti-al-lad-milteliai\/","og_site_name":"Medicinas Inc","article_modified_time":"2022-03-20T12:09:02+00:00","og_image":[{"width":931,"height":799,"url":"https:\/\/medicinasinc.com\/lt\/wp-content\/uploads\/sites\/9\/2022\/02\/Buy-al-lad-powder.jpg","type":"image\/jpeg"}],"twitter_card":"summary_large_image","twitter_misc":{"Est. reading time":"1 minute"},"schema":{"@context":"https:\/\/schema.org","@graph":[{"@type":"WebPage","@id":"https:\/\/medicinasinc.com\/lt\/product\/pirkti-al-lad-milteliai\/","url":"https:\/\/medicinasinc.com\/lt\/product\/pirkti-al-lad-milteliai\/","name":"Pirkite \u201eAl-lad\u201c miltelius \u2013 \u201eAl-lad\u201c milteli\u0173 pardavimas \u2013 \u201eBest Global Meds\u201c.","isPartOf":{"@id":"https:\/\/medicinasinc.com\/lt\/#website"},"primaryImageOfPage":{"@id":"https:\/\/medicinasinc.com\/lt\/product\/pirkti-al-lad-milteliai\/#primaryimage"},"image":{"@id":"https:\/\/medicinasinc.com\/lt\/product\/pirkti-al-lad-milteliai\/#primaryimage"},"thumbnailUrl":"https:\/\/medicinasinc.com\/lt\/wp-content\/uploads\/sites\/9\/2022\/02\/Buy-al-lad-powder.jpg","datePublished":"2022-02-22T05:09:43+00:00","dateModified":"2022-03-20T12:09:02+00:00","description":"Pirkite al-lad miltelius pardavimui JK, Europoje, AU, ES, u\u017esisakykite pigius al-lad miltelius 2022 m., Kur \u012fsigyti auk\u0161tos kokyb\u0117s al-lad milteli\u0173 pristatymas per nakt\u012f, al-lad milteli\u0173 pardavimas.","breadcrumb":{"@id":"https:\/\/medicinasinc.com\/lt\/product\/pirkti-al-lad-milteliai\/#breadcrumb"},"inLanguage":"en-US","potentialAction":[{"@type":"ReadAction","target":["https:\/\/medicinasinc.com\/lt\/product\/pirkti-al-lad-milteliai\/"]}]},{"@type":"ImageObject","inLanguage":"en-US","@id":"https:\/\/medicinasinc.com\/lt\/product\/pirkti-al-lad-milteliai\/#primaryimage","url":"https:\/\/medicinasinc.com\/lt\/wp-content\/uploads\/sites\/9\/2022\/02\/Buy-al-lad-powder.jpg","contentUrl":"https:\/\/medicinasinc.com\/lt\/wp-content\/uploads\/sites\/9\/2022\/02\/Buy-al-lad-powder.jpg","width":931,"height":799},{"@type":"BreadcrumbList","@id":"https:\/\/medicinasinc.com\/lt\/product\/pirkti-al-lad-milteliai\/#breadcrumb","itemListElement":[{"@type":"ListItem","position":1,"name":"Parduotuv\u0117","item":"https:\/\/medicinasinc.com\/lt\/parduotuve\/"},{"@type":"ListItem","position":2,"name":"Pirkite al-lad miltelius"}]},{"@type":"WebSite","@id":"https:\/\/medicinasinc.com\/lt\/#website","url":"https:\/\/medicinasinc.com\/lt\/","name":"Medicinas Inc","description":"Sveikatos medicinos klinika","potentialAction":[{"@type":"SearchAction","target":{"@type":"EntryPoint","urlTemplate":"https:\/\/medicinasinc.com\/lt\/?s={search_term_string}"},"query-input":{"@type":"PropertyValueSpecification","valueRequired":true,"valueName":"search_term_string"}}],"inLanguage":"en-US"}]}},"_links":{"self":[{"href":"https:\/\/medicinasinc.com\/lt\/wp-json\/wp\/v2\/product\/5735","targetHints":{"allow":["GET"]}}],"collection":[{"href":"https:\/\/medicinasinc.com\/lt\/wp-json\/wp\/v2\/product"}],"about":[{"href":"https:\/\/medicinasinc.com\/lt\/wp-json\/wp\/v2\/types\/product"}],"replies":[{"embeddable":true,"href":"https:\/\/medicinasinc.com\/lt\/wp-json\/wp\/v2\/comments?post=5735"}],"wp:featuredmedia":[{"embeddable":true,"href":"https:\/\/medicinasinc.com\/lt\/wp-json\/wp\/v2\/media\/5747"}],"wp:attachment":[{"href":"https:\/\/medicinasinc.com\/lt\/wp-json\/wp\/v2\/media?parent=5735"}],"wp:term":[{"taxonomy":"product_brand","embeddable":true,"href":"https:\/\/medicinasinc.com\/lt\/wp-json\/wp\/v2\/product_brand?post=5735"},{"taxonomy":"product_cat","embeddable":true,"href":"https:\/\/medicinasinc.com\/lt\/wp-json\/wp\/v2\/product_cat?post=5735"},{"taxonomy":"product_tag","embeddable":true,"href":"https:\/\/medicinasinc.com\/lt\/wp-json\/wp\/v2\/product_tag?post=5735"}],"curies":[{"name":"wp","href":"https:\/\/api.w.org\/{rel}","templated":true}]}}