{"id":5730,"date":"2022-02-22T05:01:35","date_gmt":"2022-02-22T05:01:35","guid":{"rendered":"https:\/\/medicinasinc.com\/lt\/?post_type=product&#038;p=5730"},"modified":"2022-03-20T12:09:22","modified_gmt":"2022-03-20T12:09:22","slug":"pirkti-grynas-mdma-milteliai","status":"publish","type":"product","link":"https:\/\/medicinasinc.com\/lt\/product\/pirkti-grynas-mdma-milteliai\/","title":{"rendered":"Pirkite grynus mdma miltelius"},"content":{"rendered":"<p>Pirkite MDMA milteli\u0173 pavidalu.<\/p>\n<p>MDMA milteliai, MDMA kristalai ir ekstazis<\/p>\n<p>D\u0117l vienodai stimuliuojan\u010di\u0173 ir haliucinogenini\u0173 savybi\u0173 MDMA milteli\u0173 kristalai yra vienas populiariausi\u0173 pramog\u0173 \u0160iuo metu rinkoje esan\u010dios med\u017eiagos.<\/p>\n<p>1,2 Paprastai<\/p>\n<p>MDMA miltelius galima \u012fsigyti internetu.<\/p>\n<p>Mdma milteliai parduodami gryniausia forma internetu. <\/p>\n<p>Mes parduodame tik auk\u0161\u010diausios kokyb\u0117s MDMA (Ecstasy\/Molly) miltelius internetu adresu.<\/p>\n<p>Grynus MDMA miltelius galima \u012fsigyti internetu.<\/p>\n<p>Pigiausia vieta pirkti ekstazio \/ molio miltelius<\/p>\n<p>Ar MDMA milteliai turi koki\u0173 nors prana\u0161um\u0173 ar tr\u016bkum\u0173, palyginti su tablet\u0117mis?<\/p>\n<p>Kitas b\u016bdas gauti med\u017eiag\u0105 yra susmulkinti MDMA kristalai arba milteliai.<\/p>\n<p>Gerai vartojamo MDMA (3,4-metilendioksimetamfetamino trumpinys), kurio cheminis pavadinimas yra 3,4-metilendioksimetamfetaminas, pusin\u0117s eliminacijos laikas yra 3\u20136 valandos. Viena ar dvi MDMA tablet\u0117s, kuri\u0173 kiekvienoje yra 60\u2013120 miligram\u0173 MDMA, yra da\u017eniausiai prane\u0161ama doz\u0117. 1 Kai pirmosios doz\u0117s poveikis pradeda bl\u0117sti, n\u0117ra ne\u012fprasta, kad vartotojai i\u0161geria antr\u0105j\u0105 vaisto doz\u0119.<\/p>\n","protected":false},"excerpt":{"rendered":"<p>Pirkite kokybi\u0161kus Mdma miltelius, skirtus parduoti JK, Europoje, AU m\u016bs\u0173 Bestglobalmeds.com internetin\u0117je parduotuv\u0117je su greitu pristatymu visame pasaulyje! \u010cia rasite geriausius Mdma miltelius, kuriuos galite u\u017esisakyti!<\/p>\n<ul>\n<li>Pirkite grynus MDMA miltelius internetu<\/li>\n<li>Gryna MDMA milteliai internetu<\/li>\n<li>Parduodami ekstazio \/ molio milteliai <\/li>\n<li>\u00a0pirkite \u201eEcstasy\u201c \/ \u201eMolly\u201c milteli\u0173 internetu.<\/li>\n<\/ul>\n","protected":false},"featured_media":5740,"comment_status":"open","ping_status":"closed","template":"","meta":[],"product_brand":[],"product_cat":[2014],"product_tag":[3647,3707,3701,3727,3702,3708,3726,3728,3729,3730,3659,3711,3713,3716,3712,3717,3719,3715,3720,3721,3718,3609,3722,3710,3714,3706,3723,3724,3709,3662,3703,3705,3704,3725],"class_list":{"0":"post-5730","1":"product","2":"type-product","3":"status-publish","4":"has-post-thumbnail","6":"product_cat-pirkti-tyrineti-chemikalai","7":"product_tag-buy-mdma-powder","8":"product_tag-buy-mdma-powder-online","9":"product_tag-best-mdma-milteliai","10":"product_tag-geriausia-vieta-pirkti-mdma-powder-crystal-online","11":"product_tag-geriausios-kokybs-mdma-milteliai","12":"product_tag-how-to-buy-mdma-powder-crystal-online","13":"product_tag-pirk-mdma-powder-crystal-online","14":"product_tag-kur-pirkti-mdma-milteli","15":"product_tag-kur-pirkti-mdma-milteli-kristal-internetu","16":"product_tag-kur-usisakyti-mdma-miltelius","17":"product_tag-mdma-milteliai","18":"product_tag-mdma-milteliai-europe","19":"product_tag-mdma-powder-google","20":"product_tag-mdma-milteliai-internetu","21":"product_tag-mdma-milteliai-parduodama-internetu","22":"product_tag-mdma-milteliai-per-nakt","23":"product_tag-mdma-powder-reddit","24":"product_tag-mdma-milteliai-near-me","25":"product_tag-mdma-milteli-apvalga","26":"product_tag-mdma-powder-apvalgos","27":"product_tag-mdma-milteli-kaina","28":"product_tag-mdma-milteli-pirkimas","29":"product_tag-mdma-milteli-siuntimas","30":"product_tag-mdma-powder-effect","31":"product_tag-mdma-powder-mail-order","32":"product_tag-pirk-mdma-pudra-near-mans","33":"product_tag-order-mdma-powder","34":"product_tag-order-mdma-powder-crystal-online","35":"product_tag-parduodamas-mdma-milteliai-kristalas","36":"product_tag-parduodama-mdma-milteliai","37":"product_tag-pirkite-mdma-powder-crystal-online","38":"product_tag-pirk-mdma-milteliai-europa","39":"product_tag-pirk-mdma-pudra-man","40":"product_tag-pirkimas-mdma-milteliai","42":"first","43":"instock","44":"shipping-taxable","45":"purchasable","46":"product-type-variable","47":"has-default-attributes"},"yoast_head":"<!-- This site is optimized with the Yoast SEO plugin v27.3 - https:\/\/yoast.com\/product\/yoast-seo-wordpress\/ -->\n<title>Pirkite grynus mdma miltelius \u2013 parduodami mdma milteliai \u2013 geriausi pasauliniai vaistai<\/title>\n<meta name=\"description\" content=\"Pirkite kokybi\u0161kus Mdma miltelius JK, Europoje, AU m\u016bs\u0173 Bestglobalmeds.com internetin\u0117je parduotuv\u0117je su greitu pristatymu visame pasaulyje! \u010cia rasite geriausius Mdma miltelius u\u017esakymui!\" \/>\n<meta name=\"robots\" content=\"index, follow, max-snippet:-1, max-image-preview:large, max-video-preview:-1\" \/>\n<link rel=\"canonical\" href=\"https:\/\/medicinasinc.com\/lt\/product\/pirkti-grynas-mdma-milteliai\/\" \/>\n<meta property=\"og:locale\" content=\"en_US\" \/>\n<meta property=\"og:type\" content=\"article\" \/>\n<meta property=\"og:title\" content=\"Pirkite grynus mdma miltelius \u2013 parduodami mdma milteliai \u2013 geriausi pasauliniai vaistai\" \/>\n<meta property=\"og:description\" content=\"Pirkite kokybi\u0161kus Mdma miltelius JK, Europoje, AU m\u016bs\u0173 Bestglobalmeds.com internetin\u0117je parduotuv\u0117je su greitu pristatymu visame pasaulyje! \u010cia rasite geriausius Mdma miltelius u\u017esakymui!\" \/>\n<meta property=\"og:url\" content=\"https:\/\/medicinasinc.com\/lt\/product\/pirkti-grynas-mdma-milteliai\/\" \/>\n<meta property=\"og:site_name\" content=\"Medicinas Inc\" \/>\n<meta property=\"article:modified_time\" content=\"2022-03-20T12:09:22+00:00\" \/>\n<meta property=\"og:image\" content=\"https:\/\/medicinasinc.com\/lt\/wp-content\/uploads\/sites\/9\/2022\/02\/Buy-pure-mdma-powder.jpg\" \/>\n\t<meta property=\"og:image:width\" content=\"1500\" \/>\n\t<meta property=\"og:image:height\" content=\"1496\" \/>\n\t<meta property=\"og:image:type\" content=\"image\/jpeg\" \/>\n<meta name=\"twitter:card\" content=\"summary_large_image\" \/>\n<meta name=\"twitter:label1\" content=\"Est. reading time\" \/>\n\t<meta name=\"twitter:data1\" content=\"1 minute\" \/>\n<script type=\"application\/ld+json\" class=\"yoast-schema-graph\">{\"@context\":\"https:\\\/\\\/schema.org\",\"@graph\":[{\"@type\":\"WebPage\",\"@id\":\"https:\\\/\\\/medicinasinc.com\\\/lt\\\/product\\\/pirkti-grynas-mdma-milteliai\\\/\",\"url\":\"https:\\\/\\\/medicinasinc.com\\\/lt\\\/product\\\/pirkti-grynas-mdma-milteliai\\\/\",\"name\":\"Pirkite grynus mdma miltelius \u2013 parduodami mdma milteliai \u2013 geriausi pasauliniai vaistai\",\"isPartOf\":{\"@id\":\"https:\\\/\\\/medicinasinc.com\\\/lt\\\/#website\"},\"primaryImageOfPage\":{\"@id\":\"https:\\\/\\\/medicinasinc.com\\\/lt\\\/product\\\/pirkti-grynas-mdma-milteliai\\\/#primaryimage\"},\"image\":{\"@id\":\"https:\\\/\\\/medicinasinc.com\\\/lt\\\/product\\\/pirkti-grynas-mdma-milteliai\\\/#primaryimage\"},\"thumbnailUrl\":\"https:\\\/\\\/medicinasinc.com\\\/lt\\\/wp-content\\\/uploads\\\/sites\\\/9\\\/2022\\\/02\\\/Buy-pure-mdma-powder.jpg\",\"datePublished\":\"2022-02-22T05:01:35+00:00\",\"dateModified\":\"2022-03-20T12:09:22+00:00\",\"description\":\"Pirkite kokybi\u0161kus Mdma miltelius JK, Europoje, AU m\u016bs\u0173 Bestglobalmeds.com internetin\u0117je parduotuv\u0117je su greitu pristatymu visame pasaulyje! \u010cia rasite geriausius Mdma miltelius u\u017esakymui!\",\"breadcrumb\":{\"@id\":\"https:\\\/\\\/medicinasinc.com\\\/lt\\\/product\\\/pirkti-grynas-mdma-milteliai\\\/#breadcrumb\"},\"inLanguage\":\"en-US\",\"potentialAction\":[{\"@type\":\"ReadAction\",\"target\":[\"https:\\\/\\\/medicinasinc.com\\\/lt\\\/product\\\/pirkti-grynas-mdma-milteliai\\\/\"]}]},{\"@type\":\"ImageObject\",\"inLanguage\":\"en-US\",\"@id\":\"https:\\\/\\\/medicinasinc.com\\\/lt\\\/product\\\/pirkti-grynas-mdma-milteliai\\\/#primaryimage\",\"url\":\"https:\\\/\\\/medicinasinc.com\\\/lt\\\/wp-content\\\/uploads\\\/sites\\\/9\\\/2022\\\/02\\\/Buy-pure-mdma-powder.jpg\",\"contentUrl\":\"https:\\\/\\\/medicinasinc.com\\\/lt\\\/wp-content\\\/uploads\\\/sites\\\/9\\\/2022\\\/02\\\/Buy-pure-mdma-powder.jpg\",\"width\":1500,\"height\":1496},{\"@type\":\"BreadcrumbList\",\"@id\":\"https:\\\/\\\/medicinasinc.com\\\/lt\\\/product\\\/pirkti-grynas-mdma-milteliai\\\/#breadcrumb\",\"itemListElement\":[{\"@type\":\"ListItem\",\"position\":1,\"name\":\"Parduotuv\u0117\",\"item\":\"https:\\\/\\\/medicinasinc.com\\\/lt\\\/parduotuve\\\/\"},{\"@type\":\"ListItem\",\"position\":2,\"name\":\"Pirkite grynus mdma miltelius\"}]},{\"@type\":\"WebSite\",\"@id\":\"https:\\\/\\\/medicinasinc.com\\\/lt\\\/#website\",\"url\":\"https:\\\/\\\/medicinasinc.com\\\/lt\\\/\",\"name\":\"Medicinas Inc\",\"description\":\"Sveikatos medicinos klinika\",\"potentialAction\":[{\"@type\":\"SearchAction\",\"target\":{\"@type\":\"EntryPoint\",\"urlTemplate\":\"https:\\\/\\\/medicinasinc.com\\\/lt\\\/?s={search_term_string}\"},\"query-input\":{\"@type\":\"PropertyValueSpecification\",\"valueRequired\":true,\"valueName\":\"search_term_string\"}}],\"inLanguage\":\"en-US\"}]}<\/script>\n<!-- \/ Yoast SEO plugin. -->","yoast_head_json":{"title":"Pirkite grynus mdma miltelius \u2013 parduodami mdma milteliai \u2013 geriausi pasauliniai vaistai","description":"Pirkite kokybi\u0161kus Mdma miltelius JK, Europoje, AU m\u016bs\u0173 Bestglobalmeds.com internetin\u0117je parduotuv\u0117je su greitu pristatymu visame pasaulyje! \u010cia rasite geriausius Mdma miltelius u\u017esakymui!","robots":{"index":"index","follow":"follow","max-snippet":"max-snippet:-1","max-image-preview":"max-image-preview:large","max-video-preview":"max-video-preview:-1"},"canonical":"https:\/\/medicinasinc.com\/lt\/product\/pirkti-grynas-mdma-milteliai\/","og_locale":"en_US","og_type":"article","og_title":"Pirkite grynus mdma miltelius \u2013 parduodami mdma milteliai \u2013 geriausi pasauliniai vaistai","og_description":"Pirkite kokybi\u0161kus Mdma miltelius JK, Europoje, AU m\u016bs\u0173 Bestglobalmeds.com internetin\u0117je parduotuv\u0117je su greitu pristatymu visame pasaulyje! \u010cia rasite geriausius Mdma miltelius u\u017esakymui!","og_url":"https:\/\/medicinasinc.com\/lt\/product\/pirkti-grynas-mdma-milteliai\/","og_site_name":"Medicinas Inc","article_modified_time":"2022-03-20T12:09:22+00:00","og_image":[{"width":1500,"height":1496,"url":"https:\/\/medicinasinc.com\/lt\/wp-content\/uploads\/sites\/9\/2022\/02\/Buy-pure-mdma-powder.jpg","type":"image\/jpeg"}],"twitter_card":"summary_large_image","twitter_misc":{"Est. reading time":"1 minute"},"schema":{"@context":"https:\/\/schema.org","@graph":[{"@type":"WebPage","@id":"https:\/\/medicinasinc.com\/lt\/product\/pirkti-grynas-mdma-milteliai\/","url":"https:\/\/medicinasinc.com\/lt\/product\/pirkti-grynas-mdma-milteliai\/","name":"Pirkite grynus mdma miltelius \u2013 parduodami mdma milteliai \u2013 geriausi pasauliniai vaistai","isPartOf":{"@id":"https:\/\/medicinasinc.com\/lt\/#website"},"primaryImageOfPage":{"@id":"https:\/\/medicinasinc.com\/lt\/product\/pirkti-grynas-mdma-milteliai\/#primaryimage"},"image":{"@id":"https:\/\/medicinasinc.com\/lt\/product\/pirkti-grynas-mdma-milteliai\/#primaryimage"},"thumbnailUrl":"https:\/\/medicinasinc.com\/lt\/wp-content\/uploads\/sites\/9\/2022\/02\/Buy-pure-mdma-powder.jpg","datePublished":"2022-02-22T05:01:35+00:00","dateModified":"2022-03-20T12:09:22+00:00","description":"Pirkite kokybi\u0161kus Mdma miltelius JK, Europoje, AU m\u016bs\u0173 Bestglobalmeds.com internetin\u0117je parduotuv\u0117je su greitu pristatymu visame pasaulyje! \u010cia rasite geriausius Mdma miltelius u\u017esakymui!","breadcrumb":{"@id":"https:\/\/medicinasinc.com\/lt\/product\/pirkti-grynas-mdma-milteliai\/#breadcrumb"},"inLanguage":"en-US","potentialAction":[{"@type":"ReadAction","target":["https:\/\/medicinasinc.com\/lt\/product\/pirkti-grynas-mdma-milteliai\/"]}]},{"@type":"ImageObject","inLanguage":"en-US","@id":"https:\/\/medicinasinc.com\/lt\/product\/pirkti-grynas-mdma-milteliai\/#primaryimage","url":"https:\/\/medicinasinc.com\/lt\/wp-content\/uploads\/sites\/9\/2022\/02\/Buy-pure-mdma-powder.jpg","contentUrl":"https:\/\/medicinasinc.com\/lt\/wp-content\/uploads\/sites\/9\/2022\/02\/Buy-pure-mdma-powder.jpg","width":1500,"height":1496},{"@type":"BreadcrumbList","@id":"https:\/\/medicinasinc.com\/lt\/product\/pirkti-grynas-mdma-milteliai\/#breadcrumb","itemListElement":[{"@type":"ListItem","position":1,"name":"Parduotuv\u0117","item":"https:\/\/medicinasinc.com\/lt\/parduotuve\/"},{"@type":"ListItem","position":2,"name":"Pirkite grynus mdma miltelius"}]},{"@type":"WebSite","@id":"https:\/\/medicinasinc.com\/lt\/#website","url":"https:\/\/medicinasinc.com\/lt\/","name":"Medicinas Inc","description":"Sveikatos medicinos klinika","potentialAction":[{"@type":"SearchAction","target":{"@type":"EntryPoint","urlTemplate":"https:\/\/medicinasinc.com\/lt\/?s={search_term_string}"},"query-input":{"@type":"PropertyValueSpecification","valueRequired":true,"valueName":"search_term_string"}}],"inLanguage":"en-US"}]}},"_links":{"self":[{"href":"https:\/\/medicinasinc.com\/lt\/wp-json\/wp\/v2\/product\/5730","targetHints":{"allow":["GET"]}}],"collection":[{"href":"https:\/\/medicinasinc.com\/lt\/wp-json\/wp\/v2\/product"}],"about":[{"href":"https:\/\/medicinasinc.com\/lt\/wp-json\/wp\/v2\/types\/product"}],"replies":[{"embeddable":true,"href":"https:\/\/medicinasinc.com\/lt\/wp-json\/wp\/v2\/comments?post=5730"}],"wp:featuredmedia":[{"embeddable":true,"href":"https:\/\/medicinasinc.com\/lt\/wp-json\/wp\/v2\/media\/5740"}],"wp:attachment":[{"href":"https:\/\/medicinasinc.com\/lt\/wp-json\/wp\/v2\/media?parent=5730"}],"wp:term":[{"taxonomy":"product_brand","embeddable":true,"href":"https:\/\/medicinasinc.com\/lt\/wp-json\/wp\/v2\/product_brand?post=5730"},{"taxonomy":"product_cat","embeddable":true,"href":"https:\/\/medicinasinc.com\/lt\/wp-json\/wp\/v2\/product_cat?post=5730"},{"taxonomy":"product_tag","embeddable":true,"href":"https:\/\/medicinasinc.com\/lt\/wp-json\/wp\/v2\/product_tag?post=5730"}],"curies":[{"name":"wp","href":"https:\/\/api.w.org\/{rel}","templated":true}]}}