{"id":5729,"date":"2022-02-22T04:59:37","date_gmt":"2022-02-22T04:59:37","guid":{"rendered":"https:\/\/medicinasinc.com\/lt\/?post_type=product&#038;p=5729"},"modified":"2022-03-20T12:09:31","modified_gmt":"2022-03-20T12:09:31","slug":"pirkti-hidrokodonas-milteliai","status":"publish","type":"product","link":"https:\/\/medicinasinc.com\/lt\/product\/pirkti-hidrokodonas-milteliai\/","title":{"rendered":"Pirkite hidrokodono miltelius"},"content":{"rendered":"<p>Jei norite \u012fsigyti hidrokodono milteli\u0173 internetu, spustel\u0117kite \u010dia.<br \/> Internetu galite \u012fsigyti hidrokodono milteli\u0173 urmu u\u017e ger\u0105 kain\u0105 didmenin\u0117mis kainomis. Hidrokodonas, parduodamas Hysingla ir kitais pavadinimais, yra opioidas, kuris gali b\u016bti naudojamas ilgai trunkan\u010diam skausmui gydyti, jei kiti gydymo b\u016bdai neveikia. Kaip kosul\u012f slopinan\u010di\u0105 priemon\u0119 taip pat vartoja vyresni nei 18 met\u0173 \u017emon\u0117s. \u017dmon\u0117s j\u012f valgo. Acetaminofenas ir hidrokodonas paprastai parduodami kartu. Ibuprofenas ir hidrokodonas taip pat paprastai parduodami kartu. Pats jis yra ilgai veikian\u010dio pavidalo, kur\u012f galite nusipirkti.<\/p>\n<p>Yra dviej\u0173 tip\u0173 hidrokodono druska arba milteliai:<\/p>\n<p>Hidrokodonas yra pusiau sintetinis opioidas, gaunamas i\u0161 kodeino augalas. Hidrokodonas gali b\u016bti vartojamas per burn\u0105, siekiant suma\u017einti skausm\u0105 ir sustabdyti kosul\u012f, da\u017enai kartu su paracetamoliu arba ibuprofenu. Jungtin\u0117se Amerikos Valstijose yra daug hidrokodono recept\u0173.<\/p>\n","protected":false},"excerpt":{"rendered":"<p>Hidrokodono milteliai parduodami Europoje, Jungtin\u0117je Karalyst\u0117je ir Australijoje. Kodeinas naudojamas hidrokodono milteliams, pusiau sintetiniams opioidams, gaminti. Pigiausios hidrokodono milteli\u0173 kainos.<\/p>\n<p>Pirkite hidrokodono miltelius internetu i\u0161 patikimo \u0161altinio.<\/p>\n<p>Tai pusiau sintetinis opioidas, gautas i\u0161 kodeino. Hidrokodono milteliai<\/p>\n","protected":false},"featured_media":5738,"comment_status":"open","ping_status":"closed","template":"","meta":[],"product_brand":[],"product_cat":[2014],"product_tag":[3674,3675,3670,3671,3688,3689,3677,3687,3680,3685,3683,3686,3682,3676,3679,3684,3699,3698,3690,3691,3692,3693,3694,3695,3700,3697,3696,3681,3672,3673,3678],"class_list":{"0":"post-5729","1":"product","2":"type-product","3":"status-publish","4":"has-post-thumbnail","6":"product_cat-pirkti-tyrineti-chemikalai","7":"product_tag-gali-hidrokodonas-umuti-tave","8":"product_tag-ar-hidrokodonas-sukelia-viduri-ukietjim","9":"product_tag-buy-hydrocodone-acetaminophen","10":"product_tag-buy-hydrocodone-online-usa","11":"product_tag-hidrokodonas-vs-kratomas","12":"product_tag-hidrokodonas-prie-vikodin","13":"product_tag-hidrokodono-milteliai","14":"product_tag-hidrokodono-milteli-naudojimas","15":"product_tag-hidrokodono-milteliai-miiniams","16":"product_tag-hidrokodono-milteli-apvalga","17":"product_tag-hidrokodonas-milteliai-kaina","18":"product_tag-hidrokodono-milteli-pardavimas","19":"product_tag-hidrokodonas-milteli-usakymas","20":"product_tag-hydrocodone-hcl","21":"product_tag-hydrocodone-powder-effect","22":"product_tag-hydrocodone-powder-reddit","23":"product_tag-i-ko-susideda-hidrokodonas","24":"product_tag-kas-atsitiks-kai-niauksi-hidrokodon","25":"product_tag-kratom-and-hydrocodone","26":"product_tag-kratom-and-hydrocodone-combination","27":"product_tag-kratom-bali-compared-to-hydrocodone","28":"product_tag-kratom-palyginti-su-norco","29":"product_tag-kratom-vs-hidrokodono-stiprumas","30":"product_tag-kratomo-ir-hidrokodono-maiymas","31":"product_tag-kur-nusipirkti-hidrokodono-tabletes","32":"product_tag-aliavinis-hidrokodonas-milteliai","33":"product_tag-parduodami-gryni-hidrokodono-milteliai","34":"product_tag-parduodama-hidrokodono-milteliai","35":"product_tag-pirkti-hidrokodon-internetu-be-rx","36":"product_tag-pirkti-hidrokodonas-milteliai","37":"product_tag-hidrokodonas-milteliai-pirkti","39":"first","40":"instock","41":"shipping-taxable","42":"purchasable","43":"product-type-variable","44":"has-default-attributes"},"yoast_head":"<!-- This site is optimized with the Yoast SEO plugin v27.3 - https:\/\/yoast.com\/product\/yoast-seo-wordpress\/ -->\n<title>Pirkite hidrokodono miltelius \u2013 hidrokodono miltelius \u2013 geriausius pasaulinius vaistus<\/title>\n<meta name=\"description\" content=\"Pirkite kokybi\u0161kus hidrokodono miltelius, parduodamus Europoje, JK, AU internetu. Hidrokodono milteliai yra pusiau sintetinis opioidas, gautas i\u0161 kodeino. U\u017esisakykite hidrokodono miltelius geriausiomis kainomis\" \/>\n<meta name=\"robots\" content=\"index, follow, max-snippet:-1, max-image-preview:large, max-video-preview:-1\" \/>\n<link rel=\"canonical\" href=\"https:\/\/medicinasinc.com\/lt\/product\/pirkti-hidrokodonas-milteliai\/\" \/>\n<meta property=\"og:locale\" content=\"en_US\" \/>\n<meta property=\"og:type\" content=\"article\" \/>\n<meta property=\"og:title\" content=\"Pirkite hidrokodono miltelius \u2013 hidrokodono miltelius \u2013 geriausius pasaulinius vaistus\" \/>\n<meta property=\"og:description\" content=\"Pirkite kokybi\u0161kus hidrokodono miltelius, parduodamus Europoje, JK, AU internetu. Hidrokodono milteliai yra pusiau sintetinis opioidas, gautas i\u0161 kodeino. U\u017esisakykite hidrokodono miltelius geriausiomis kainomis\" \/>\n<meta property=\"og:url\" content=\"https:\/\/medicinasinc.com\/lt\/product\/pirkti-hidrokodonas-milteliai\/\" \/>\n<meta property=\"og:site_name\" content=\"Medicinas Inc\" \/>\n<meta property=\"article:modified_time\" content=\"2022-03-20T12:09:31+00:00\" \/>\n<meta property=\"og:image\" content=\"https:\/\/medicinasinc.com\/lt\/wp-content\/uploads\/sites\/9\/2022\/02\/Buy-Hydrocodone-Powder.jpg\" \/>\n\t<meta property=\"og:image:width\" content=\"650\" \/>\n\t<meta property=\"og:image:height\" content=\"390\" \/>\n\t<meta property=\"og:image:type\" content=\"image\/jpeg\" \/>\n<meta name=\"twitter:card\" content=\"summary_large_image\" \/>\n<meta name=\"twitter:label1\" content=\"Est. reading time\" \/>\n\t<meta name=\"twitter:data1\" content=\"1 minute\" \/>\n<script type=\"application\/ld+json\" class=\"yoast-schema-graph\">{\"@context\":\"https:\\\/\\\/schema.org\",\"@graph\":[{\"@type\":\"WebPage\",\"@id\":\"https:\\\/\\\/medicinasinc.com\\\/lt\\\/product\\\/pirkti-hidrokodonas-milteliai\\\/\",\"url\":\"https:\\\/\\\/medicinasinc.com\\\/lt\\\/product\\\/pirkti-hidrokodonas-milteliai\\\/\",\"name\":\"Pirkite hidrokodono miltelius \u2013 hidrokodono miltelius \u2013 geriausius pasaulinius vaistus\",\"isPartOf\":{\"@id\":\"https:\\\/\\\/medicinasinc.com\\\/lt\\\/#website\"},\"primaryImageOfPage\":{\"@id\":\"https:\\\/\\\/medicinasinc.com\\\/lt\\\/product\\\/pirkti-hidrokodonas-milteliai\\\/#primaryimage\"},\"image\":{\"@id\":\"https:\\\/\\\/medicinasinc.com\\\/lt\\\/product\\\/pirkti-hidrokodonas-milteliai\\\/#primaryimage\"},\"thumbnailUrl\":\"https:\\\/\\\/medicinasinc.com\\\/lt\\\/wp-content\\\/uploads\\\/sites\\\/9\\\/2022\\\/02\\\/Buy-Hydrocodone-Powder.jpg\",\"datePublished\":\"2022-02-22T04:59:37+00:00\",\"dateModified\":\"2022-03-20T12:09:31+00:00\",\"description\":\"Pirkite kokybi\u0161kus hidrokodono miltelius, parduodamus Europoje, JK, AU internetu. Hidrokodono milteliai yra pusiau sintetinis opioidas, gautas i\u0161 kodeino. U\u017esisakykite hidrokodono miltelius geriausiomis kainomis\",\"breadcrumb\":{\"@id\":\"https:\\\/\\\/medicinasinc.com\\\/lt\\\/product\\\/pirkti-hidrokodonas-milteliai\\\/#breadcrumb\"},\"inLanguage\":\"en-US\",\"potentialAction\":[{\"@type\":\"ReadAction\",\"target\":[\"https:\\\/\\\/medicinasinc.com\\\/lt\\\/product\\\/pirkti-hidrokodonas-milteliai\\\/\"]}]},{\"@type\":\"ImageObject\",\"inLanguage\":\"en-US\",\"@id\":\"https:\\\/\\\/medicinasinc.com\\\/lt\\\/product\\\/pirkti-hidrokodonas-milteliai\\\/#primaryimage\",\"url\":\"https:\\\/\\\/medicinasinc.com\\\/lt\\\/wp-content\\\/uploads\\\/sites\\\/9\\\/2022\\\/02\\\/Buy-Hydrocodone-Powder.jpg\",\"contentUrl\":\"https:\\\/\\\/medicinasinc.com\\\/lt\\\/wp-content\\\/uploads\\\/sites\\\/9\\\/2022\\\/02\\\/Buy-Hydrocodone-Powder.jpg\",\"width\":650,\"height\":390},{\"@type\":\"BreadcrumbList\",\"@id\":\"https:\\\/\\\/medicinasinc.com\\\/lt\\\/product\\\/pirkti-hidrokodonas-milteliai\\\/#breadcrumb\",\"itemListElement\":[{\"@type\":\"ListItem\",\"position\":1,\"name\":\"Parduotuv\u0117\",\"item\":\"https:\\\/\\\/medicinasinc.com\\\/lt\\\/parduotuve\\\/\"},{\"@type\":\"ListItem\",\"position\":2,\"name\":\"Pirkite hidrokodono miltelius\"}]},{\"@type\":\"WebSite\",\"@id\":\"https:\\\/\\\/medicinasinc.com\\\/lt\\\/#website\",\"url\":\"https:\\\/\\\/medicinasinc.com\\\/lt\\\/\",\"name\":\"Medicinas Inc\",\"description\":\"Sveikatos medicinos klinika\",\"potentialAction\":[{\"@type\":\"SearchAction\",\"target\":{\"@type\":\"EntryPoint\",\"urlTemplate\":\"https:\\\/\\\/medicinasinc.com\\\/lt\\\/?s={search_term_string}\"},\"query-input\":{\"@type\":\"PropertyValueSpecification\",\"valueRequired\":true,\"valueName\":\"search_term_string\"}}],\"inLanguage\":\"en-US\"}]}<\/script>\n<!-- \/ Yoast SEO plugin. -->","yoast_head_json":{"title":"Pirkite hidrokodono miltelius \u2013 hidrokodono miltelius \u2013 geriausius pasaulinius vaistus","description":"Pirkite kokybi\u0161kus hidrokodono miltelius, parduodamus Europoje, JK, AU internetu. Hidrokodono milteliai yra pusiau sintetinis opioidas, gautas i\u0161 kodeino. U\u017esisakykite hidrokodono miltelius geriausiomis kainomis","robots":{"index":"index","follow":"follow","max-snippet":"max-snippet:-1","max-image-preview":"max-image-preview:large","max-video-preview":"max-video-preview:-1"},"canonical":"https:\/\/medicinasinc.com\/lt\/product\/pirkti-hidrokodonas-milteliai\/","og_locale":"en_US","og_type":"article","og_title":"Pirkite hidrokodono miltelius \u2013 hidrokodono miltelius \u2013 geriausius pasaulinius vaistus","og_description":"Pirkite kokybi\u0161kus hidrokodono miltelius, parduodamus Europoje, JK, AU internetu. Hidrokodono milteliai yra pusiau sintetinis opioidas, gautas i\u0161 kodeino. U\u017esisakykite hidrokodono miltelius geriausiomis kainomis","og_url":"https:\/\/medicinasinc.com\/lt\/product\/pirkti-hidrokodonas-milteliai\/","og_site_name":"Medicinas Inc","article_modified_time":"2022-03-20T12:09:31+00:00","og_image":[{"width":650,"height":390,"url":"https:\/\/medicinasinc.com\/lt\/wp-content\/uploads\/sites\/9\/2022\/02\/Buy-Hydrocodone-Powder.jpg","type":"image\/jpeg"}],"twitter_card":"summary_large_image","twitter_misc":{"Est. reading time":"1 minute"},"schema":{"@context":"https:\/\/schema.org","@graph":[{"@type":"WebPage","@id":"https:\/\/medicinasinc.com\/lt\/product\/pirkti-hidrokodonas-milteliai\/","url":"https:\/\/medicinasinc.com\/lt\/product\/pirkti-hidrokodonas-milteliai\/","name":"Pirkite hidrokodono miltelius \u2013 hidrokodono miltelius \u2013 geriausius pasaulinius vaistus","isPartOf":{"@id":"https:\/\/medicinasinc.com\/lt\/#website"},"primaryImageOfPage":{"@id":"https:\/\/medicinasinc.com\/lt\/product\/pirkti-hidrokodonas-milteliai\/#primaryimage"},"image":{"@id":"https:\/\/medicinasinc.com\/lt\/product\/pirkti-hidrokodonas-milteliai\/#primaryimage"},"thumbnailUrl":"https:\/\/medicinasinc.com\/lt\/wp-content\/uploads\/sites\/9\/2022\/02\/Buy-Hydrocodone-Powder.jpg","datePublished":"2022-02-22T04:59:37+00:00","dateModified":"2022-03-20T12:09:31+00:00","description":"Pirkite kokybi\u0161kus hidrokodono miltelius, parduodamus Europoje, JK, AU internetu. Hidrokodono milteliai yra pusiau sintetinis opioidas, gautas i\u0161 kodeino. U\u017esisakykite hidrokodono miltelius geriausiomis kainomis","breadcrumb":{"@id":"https:\/\/medicinasinc.com\/lt\/product\/pirkti-hidrokodonas-milteliai\/#breadcrumb"},"inLanguage":"en-US","potentialAction":[{"@type":"ReadAction","target":["https:\/\/medicinasinc.com\/lt\/product\/pirkti-hidrokodonas-milteliai\/"]}]},{"@type":"ImageObject","inLanguage":"en-US","@id":"https:\/\/medicinasinc.com\/lt\/product\/pirkti-hidrokodonas-milteliai\/#primaryimage","url":"https:\/\/medicinasinc.com\/lt\/wp-content\/uploads\/sites\/9\/2022\/02\/Buy-Hydrocodone-Powder.jpg","contentUrl":"https:\/\/medicinasinc.com\/lt\/wp-content\/uploads\/sites\/9\/2022\/02\/Buy-Hydrocodone-Powder.jpg","width":650,"height":390},{"@type":"BreadcrumbList","@id":"https:\/\/medicinasinc.com\/lt\/product\/pirkti-hidrokodonas-milteliai\/#breadcrumb","itemListElement":[{"@type":"ListItem","position":1,"name":"Parduotuv\u0117","item":"https:\/\/medicinasinc.com\/lt\/parduotuve\/"},{"@type":"ListItem","position":2,"name":"Pirkite hidrokodono miltelius"}]},{"@type":"WebSite","@id":"https:\/\/medicinasinc.com\/lt\/#website","url":"https:\/\/medicinasinc.com\/lt\/","name":"Medicinas Inc","description":"Sveikatos medicinos klinika","potentialAction":[{"@type":"SearchAction","target":{"@type":"EntryPoint","urlTemplate":"https:\/\/medicinasinc.com\/lt\/?s={search_term_string}"},"query-input":{"@type":"PropertyValueSpecification","valueRequired":true,"valueName":"search_term_string"}}],"inLanguage":"en-US"}]}},"_links":{"self":[{"href":"https:\/\/medicinasinc.com\/lt\/wp-json\/wp\/v2\/product\/5729","targetHints":{"allow":["GET"]}}],"collection":[{"href":"https:\/\/medicinasinc.com\/lt\/wp-json\/wp\/v2\/product"}],"about":[{"href":"https:\/\/medicinasinc.com\/lt\/wp-json\/wp\/v2\/types\/product"}],"replies":[{"embeddable":true,"href":"https:\/\/medicinasinc.com\/lt\/wp-json\/wp\/v2\/comments?post=5729"}],"wp:featuredmedia":[{"embeddable":true,"href":"https:\/\/medicinasinc.com\/lt\/wp-json\/wp\/v2\/media\/5738"}],"wp:attachment":[{"href":"https:\/\/medicinasinc.com\/lt\/wp-json\/wp\/v2\/media?parent=5729"}],"wp:term":[{"taxonomy":"product_brand","embeddable":true,"href":"https:\/\/medicinasinc.com\/lt\/wp-json\/wp\/v2\/product_brand?post=5729"},{"taxonomy":"product_cat","embeddable":true,"href":"https:\/\/medicinasinc.com\/lt\/wp-json\/wp\/v2\/product_cat?post=5729"},{"taxonomy":"product_tag","embeddable":true,"href":"https:\/\/medicinasinc.com\/lt\/wp-json\/wp\/v2\/product_tag?post=5729"}],"curies":[{"name":"wp","href":"https:\/\/api.w.org\/{rel}","templated":true}]}}