{"id":5710,"date":"2022-02-22T04:39:11","date_gmt":"2022-02-22T04:39:11","guid":{"rendered":"https:\/\/medicinasinc.com\/lt\/?post_type=product&#038;p=5710"},"modified":"2022-03-20T12:09:40","modified_gmt":"2022-03-20T12:09:40","slug":"pirkti-mdma-kristalai","status":"publish","type":"product","link":"https:\/\/medicinasinc.com\/lt\/product\/pirkti-mdma-kristalai\/","title":{"rendered":"Pirkite mdma kristalus"},"content":{"rendered":"<p>KUR U\u017dSAKYTI MDMA MILTEL\u012e IR CRYSTAL INTERNETU<\/p>\n<p>CRYSTAL MDMA galima \u012fsigyti internete. Pirkti MDMA miltelius internetu paprasta ir patogu. 3,4-metilendioksimetamfetaminas, da\u017eniau vadinamas ekstaziu, yra stimuliatorius ir paprastai naudojamas pramogoms. Norint pasiekti norim\u0173 rezultat\u0173, poveikiai apima pasikeitusius jausmus ir energijos, empatijos ir malonumo padid\u0117jim\u0105. MDMA galima \u012fsigyti \u010dia pat m\u016bs\u0173 svetain\u0117je. I\u0161 prad\u017ei\u0173 MDMA da\u017eniausiai vartojo tie, kurie lankydavosi naktiniuose klubuose ir vis\u0105 nakt\u012f trunkan\u010dius \u0161oki\u0173 vakar\u0117lius (\u017einomus kaip \u201ereivas\u201c), ta\u010diau nuo to laiko narkotikas i\u0161plito \u012f platesn\u0119 auditorij\u0105 ir dabar vadinamas \u201eEcstasy\u201c arba \u201eMolly\u201c.<\/p>\n<p>Tai sintetinis narkotikas, turintis \u012ftakos nuotaikai ir suvokimui, 3,4-metilendioksimetamfetaminas (MDMA) (aplinkini\u0173 objekt\u0173 ir s\u0105lyg\u0173 suvokimas). Kaip stimuliatorius ir haliucinogenas, jis sukuria energijos, malonumo ir emocin\u0117s \u0161ilumos poj\u016b\u010dius, taip pat sumi\u0161usi\u0105 jutimo patirt\u012f.<\/p>\n<p>Kaip yra MDMA CYSTAL | Milteliai, kuriuos naudoja jo vartotojai?<\/p>\n<p>MDMA da\u017eniausiai naudojamas piliuli\u0173 arba kapsuli\u0173 pavidalu, nors j\u012f taip pat galima nuryti kaip skyst\u012f arba u\u017egerti kaip miltelius. \u012eprasta \u0161\u012f milteli\u0173 pavidalo MDMA (MDMA CRYSTAL) vadinti Molly, slengo terminu, apib\u016bdinan\u010diu tariamai \u201egryn\u0105\u201c kristalin\u0119 vaisto form\u0105. Kai kurie \u017emon\u0117s MDMA gali derinti su kitomis med\u017eiagomis, tokiomis kaip alkoholis ar marihuana.<\/p>\n<p>Koks MDMA poveikis smegenims?<\/p>\n<p>MDMA aktyvina tris smegen\u0173 molekules: <\/p>\n<p>Padid\u0117jusi energija ir aktyvumas yra du i\u0161 dopamino, kuris veikia kaip atlygis smegen\u0173 atlygio sistemoje, poveikis.<br \/> Tie, kurie turi \u0161irdies ir kraujagysli\u0173 sistemos problem\u0173, yra labiau pa\u017eeid\u017eiami norepinefrino poveikio. padidina \u0161irdies susitraukim\u0173 da\u017en\u012f ir kraujosp\u016bd\u012f.<br \/> Serotoninas turi daug funkcij\u0173, toki\u0173 kaip nuotaika, alkis ir miegas. Jis taip pat turi \u012ftakos seksualiniam susijaudinimui ir pasitik\u0117jimui, nes sukelia hormon\u0173 i\u0161siskyrim\u0105. \u017dmon\u0117s, vartojantys MDMA, prane\u0161a apie emocinio ry\u0161io jausm\u0105, pager\u0117jusi\u0105 nuotaik\u0105 ir empatij\u0105 d\u0117l vaisto serotonin\u0105 atpalaiduojan\u010dio poveikio. Pirkite Molly tabletes i\u0161 patikimos internetin\u0117s vaistin\u0117s.<\/p>\n<p>&nbsp;<\/p>\n<p>Kalbant apie kitus neigiamus padarinius sveikatai:<\/p>\n<p>skrand\u017eio skausmas ir m\u0117\u0161lungis<br \/> dant\u0173 grie\u017eimas. suk\u0117l\u0117 miglot\u0105 mano reg\u0117jim\u0105<br \/> \u0161altkr\u0117tis, prakaitavimas<\/p>\n","protected":false},"excerpt":{"rendered":"<p>\u012esigykite i\u0161 m\u016bs\u0173 parduodamus mdma kristalus JK ir Europoje. Pas mus perkantys \u017emon\u0117s gali b\u016bti tikri, kad gaus tai, u\u017e k\u0105 sumok\u0117s. Dabar nusipirkite 3,4-metil endioksimetamfetamin\u0105.<\/p>\n<p>Yra parduodami \u201eEcstasy\u201c \/ \u201eMolly\u201c kristalai (Ecstasy \/ Molly kristal\u0173 galite nusipirkti internetu). Yra daug viet\u0173, kur galite nusipirkti MDMA kristal\u0173 internetu. Metilono kristal\u0173 taip pat galite \u012fsigyti internetu.<\/p>\n","protected":false},"featured_media":5720,"comment_status":"open","ping_status":"closed","template":"","meta":[],"product_brand":[],"product_cat":[2014],"product_tag":[501,3647,506,3665,3666,3648,3664,3667,3669,3668,3649,3650,3655,3656,3652,3653,3659,3660,3661,3651,3657,3654,3662,3645,3658,3644,3646,3663,539],"class_list":{"0":"post-5710","1":"product","2":"type-product","3":"status-publish","4":"has-post-thumbnail","6":"product_cat-pirkti-tyrineti-chemikalai","7":"product_tag-buy-mdma-online","8":"product_tag-buy-mdma-powder","9":"product_tag-buy-pure-mdma-online","10":"product_tag-tags-buy-ecstasy-usa","11":"product_tag-geriausia-vieta-pirkti-mdma-crystal-online","12":"product_tag-how-to-buy-mdma-crystal-online","13":"product_tag-pirk-mdma-crystal-online","14":"product_tag-kur-galiu-pirkti-mdma","15":"product_tag-kur-gauti-mdma-usa","16":"product_tag-kur-pirkti-mdma-crystal-online","17":"product_tag-mail-order-mdma","18":"product_tag-mail-order-mdma-crystal","19":"product_tag-mdma-crystals-prices","20":"product_tag-mdma-crystals-reddit","21":"product_tag-mdma-crystal-parduodama-internete","22":"product_tag-mdma-kristal-efektas","23":"product_tag-mdma-milteliai","24":"product_tag-mdma-powder-crystals","25":"product_tag-mdma-powder-crystals-online","26":"product_tag-mdma-crystal-parduodamas","27":"product_tag-mdma-parduodama-usa","28":"product_tag-mdma-kristalai-parduodami","29":"product_tag-parduodama-mdma-milteliai","30":"product_tag-pirkti-mdma-crystal-online","31":"product_tag-mdma-online-buy","32":"product_tag-pirk-mdma-kristalas","33":"product_tag-pirkti-mdma-kristalai","34":"product_tag-order-mdma-crystal-online","35":"product_tag-usisakyti-mdma-internetu","37":"first","38":"instock","39":"shipping-taxable","40":"purchasable","41":"product-type-variable","42":"has-default-attributes"},"yoast_head":"<!-- This site is optimized with the Yoast SEO plugin v27.3 - https:\/\/yoast.com\/product\/yoast-seo-wordpress\/ -->\n<title>Pirkite Mdma kristalus \u2013 Mdma kristalus parduodame \u2013 geriausius pasaulinius vaistus<\/title>\n<meta name=\"description\" content=\"Pirkite mdma kristalus JK, Europoje. Mes si\u016blome patikimiausi\u0105 sandor\u012f ir parduodame labai prieinamomis kainomis. U\u017esisakykite 3,4-metilendioksimetamfetamin\u0105 dabar\" \/>\n<meta name=\"robots\" content=\"index, follow, max-snippet:-1, max-image-preview:large, max-video-preview:-1\" \/>\n<link rel=\"canonical\" href=\"https:\/\/medicinasinc.com\/lt\/product\/pirkti-mdma-kristalai\/\" \/>\n<meta property=\"og:locale\" content=\"en_US\" \/>\n<meta property=\"og:type\" content=\"article\" \/>\n<meta property=\"og:title\" content=\"Pirkite Mdma kristalus \u2013 Mdma kristalus parduodame \u2013 geriausius pasaulinius vaistus\" \/>\n<meta property=\"og:description\" content=\"Pirkite mdma kristalus JK, Europoje. Mes si\u016blome patikimiausi\u0105 sandor\u012f ir parduodame labai prieinamomis kainomis. U\u017esisakykite 3,4-metilendioksimetamfetamin\u0105 dabar\" \/>\n<meta property=\"og:url\" content=\"https:\/\/medicinasinc.com\/lt\/product\/pirkti-mdma-kristalai\/\" \/>\n<meta property=\"og:site_name\" content=\"Medicinas Inc\" \/>\n<meta property=\"article:modified_time\" content=\"2022-03-20T12:09:40+00:00\" \/>\n<meta property=\"og:image\" content=\"https:\/\/medicinasinc.com\/lt\/wp-content\/uploads\/sites\/9\/2022\/02\/Buy-mdma-crystals.jpg\" \/>\n\t<meta property=\"og:image:width\" content=\"600\" \/>\n\t<meta property=\"og:image:height\" content=\"600\" \/>\n\t<meta property=\"og:image:type\" content=\"image\/jpeg\" \/>\n<meta name=\"twitter:card\" content=\"summary_large_image\" \/>\n<meta name=\"twitter:label1\" content=\"Est. reading time\" \/>\n\t<meta name=\"twitter:data1\" content=\"2 minutes\" \/>\n<script type=\"application\/ld+json\" class=\"yoast-schema-graph\">{\"@context\":\"https:\\\/\\\/schema.org\",\"@graph\":[{\"@type\":\"WebPage\",\"@id\":\"https:\\\/\\\/medicinasinc.com\\\/lt\\\/product\\\/pirkti-mdma-kristalai\\\/\",\"url\":\"https:\\\/\\\/medicinasinc.com\\\/lt\\\/product\\\/pirkti-mdma-kristalai\\\/\",\"name\":\"Pirkite Mdma kristalus \u2013 Mdma kristalus parduodame \u2013 geriausius pasaulinius vaistus\",\"isPartOf\":{\"@id\":\"https:\\\/\\\/medicinasinc.com\\\/lt\\\/#website\"},\"primaryImageOfPage\":{\"@id\":\"https:\\\/\\\/medicinasinc.com\\\/lt\\\/product\\\/pirkti-mdma-kristalai\\\/#primaryimage\"},\"image\":{\"@id\":\"https:\\\/\\\/medicinasinc.com\\\/lt\\\/product\\\/pirkti-mdma-kristalai\\\/#primaryimage\"},\"thumbnailUrl\":\"https:\\\/\\\/medicinasinc.com\\\/lt\\\/wp-content\\\/uploads\\\/sites\\\/9\\\/2022\\\/02\\\/Buy-mdma-crystals.jpg\",\"datePublished\":\"2022-02-22T04:39:11+00:00\",\"dateModified\":\"2022-03-20T12:09:40+00:00\",\"description\":\"Pirkite mdma kristalus JK, Europoje. Mes si\u016blome patikimiausi\u0105 sandor\u012f ir parduodame labai prieinamomis kainomis. U\u017esisakykite 3,4-metilendioksimetamfetamin\u0105 dabar\",\"breadcrumb\":{\"@id\":\"https:\\\/\\\/medicinasinc.com\\\/lt\\\/product\\\/pirkti-mdma-kristalai\\\/#breadcrumb\"},\"inLanguage\":\"en-US\",\"potentialAction\":[{\"@type\":\"ReadAction\",\"target\":[\"https:\\\/\\\/medicinasinc.com\\\/lt\\\/product\\\/pirkti-mdma-kristalai\\\/\"]}]},{\"@type\":\"ImageObject\",\"inLanguage\":\"en-US\",\"@id\":\"https:\\\/\\\/medicinasinc.com\\\/lt\\\/product\\\/pirkti-mdma-kristalai\\\/#primaryimage\",\"url\":\"https:\\\/\\\/medicinasinc.com\\\/lt\\\/wp-content\\\/uploads\\\/sites\\\/9\\\/2022\\\/02\\\/Buy-mdma-crystals.jpg\",\"contentUrl\":\"https:\\\/\\\/medicinasinc.com\\\/lt\\\/wp-content\\\/uploads\\\/sites\\\/9\\\/2022\\\/02\\\/Buy-mdma-crystals.jpg\",\"width\":600,\"height\":600},{\"@type\":\"BreadcrumbList\",\"@id\":\"https:\\\/\\\/medicinasinc.com\\\/lt\\\/product\\\/pirkti-mdma-kristalai\\\/#breadcrumb\",\"itemListElement\":[{\"@type\":\"ListItem\",\"position\":1,\"name\":\"Parduotuv\u0117\",\"item\":\"https:\\\/\\\/medicinasinc.com\\\/lt\\\/parduotuve\\\/\"},{\"@type\":\"ListItem\",\"position\":2,\"name\":\"Pirkite mdma kristalus\"}]},{\"@type\":\"WebSite\",\"@id\":\"https:\\\/\\\/medicinasinc.com\\\/lt\\\/#website\",\"url\":\"https:\\\/\\\/medicinasinc.com\\\/lt\\\/\",\"name\":\"Medicinas Inc\",\"description\":\"Sveikatos medicinos klinika\",\"potentialAction\":[{\"@type\":\"SearchAction\",\"target\":{\"@type\":\"EntryPoint\",\"urlTemplate\":\"https:\\\/\\\/medicinasinc.com\\\/lt\\\/?s={search_term_string}\"},\"query-input\":{\"@type\":\"PropertyValueSpecification\",\"valueRequired\":true,\"valueName\":\"search_term_string\"}}],\"inLanguage\":\"en-US\"}]}<\/script>\n<!-- \/ Yoast SEO plugin. -->","yoast_head_json":{"title":"Pirkite Mdma kristalus \u2013 Mdma kristalus parduodame \u2013 geriausius pasaulinius vaistus","description":"Pirkite mdma kristalus JK, Europoje. Mes si\u016blome patikimiausi\u0105 sandor\u012f ir parduodame labai prieinamomis kainomis. U\u017esisakykite 3,4-metilendioksimetamfetamin\u0105 dabar","robots":{"index":"index","follow":"follow","max-snippet":"max-snippet:-1","max-image-preview":"max-image-preview:large","max-video-preview":"max-video-preview:-1"},"canonical":"https:\/\/medicinasinc.com\/lt\/product\/pirkti-mdma-kristalai\/","og_locale":"en_US","og_type":"article","og_title":"Pirkite Mdma kristalus \u2013 Mdma kristalus parduodame \u2013 geriausius pasaulinius vaistus","og_description":"Pirkite mdma kristalus JK, Europoje. Mes si\u016blome patikimiausi\u0105 sandor\u012f ir parduodame labai prieinamomis kainomis. U\u017esisakykite 3,4-metilendioksimetamfetamin\u0105 dabar","og_url":"https:\/\/medicinasinc.com\/lt\/product\/pirkti-mdma-kristalai\/","og_site_name":"Medicinas Inc","article_modified_time":"2022-03-20T12:09:40+00:00","og_image":[{"width":600,"height":600,"url":"https:\/\/medicinasinc.com\/lt\/wp-content\/uploads\/sites\/9\/2022\/02\/Buy-mdma-crystals.jpg","type":"image\/jpeg"}],"twitter_card":"summary_large_image","twitter_misc":{"Est. reading time":"2 minutes"},"schema":{"@context":"https:\/\/schema.org","@graph":[{"@type":"WebPage","@id":"https:\/\/medicinasinc.com\/lt\/product\/pirkti-mdma-kristalai\/","url":"https:\/\/medicinasinc.com\/lt\/product\/pirkti-mdma-kristalai\/","name":"Pirkite Mdma kristalus \u2013 Mdma kristalus parduodame \u2013 geriausius pasaulinius vaistus","isPartOf":{"@id":"https:\/\/medicinasinc.com\/lt\/#website"},"primaryImageOfPage":{"@id":"https:\/\/medicinasinc.com\/lt\/product\/pirkti-mdma-kristalai\/#primaryimage"},"image":{"@id":"https:\/\/medicinasinc.com\/lt\/product\/pirkti-mdma-kristalai\/#primaryimage"},"thumbnailUrl":"https:\/\/medicinasinc.com\/lt\/wp-content\/uploads\/sites\/9\/2022\/02\/Buy-mdma-crystals.jpg","datePublished":"2022-02-22T04:39:11+00:00","dateModified":"2022-03-20T12:09:40+00:00","description":"Pirkite mdma kristalus JK, Europoje. Mes si\u016blome patikimiausi\u0105 sandor\u012f ir parduodame labai prieinamomis kainomis. U\u017esisakykite 3,4-metilendioksimetamfetamin\u0105 dabar","breadcrumb":{"@id":"https:\/\/medicinasinc.com\/lt\/product\/pirkti-mdma-kristalai\/#breadcrumb"},"inLanguage":"en-US","potentialAction":[{"@type":"ReadAction","target":["https:\/\/medicinasinc.com\/lt\/product\/pirkti-mdma-kristalai\/"]}]},{"@type":"ImageObject","inLanguage":"en-US","@id":"https:\/\/medicinasinc.com\/lt\/product\/pirkti-mdma-kristalai\/#primaryimage","url":"https:\/\/medicinasinc.com\/lt\/wp-content\/uploads\/sites\/9\/2022\/02\/Buy-mdma-crystals.jpg","contentUrl":"https:\/\/medicinasinc.com\/lt\/wp-content\/uploads\/sites\/9\/2022\/02\/Buy-mdma-crystals.jpg","width":600,"height":600},{"@type":"BreadcrumbList","@id":"https:\/\/medicinasinc.com\/lt\/product\/pirkti-mdma-kristalai\/#breadcrumb","itemListElement":[{"@type":"ListItem","position":1,"name":"Parduotuv\u0117","item":"https:\/\/medicinasinc.com\/lt\/parduotuve\/"},{"@type":"ListItem","position":2,"name":"Pirkite mdma kristalus"}]},{"@type":"WebSite","@id":"https:\/\/medicinasinc.com\/lt\/#website","url":"https:\/\/medicinasinc.com\/lt\/","name":"Medicinas Inc","description":"Sveikatos medicinos klinika","potentialAction":[{"@type":"SearchAction","target":{"@type":"EntryPoint","urlTemplate":"https:\/\/medicinasinc.com\/lt\/?s={search_term_string}"},"query-input":{"@type":"PropertyValueSpecification","valueRequired":true,"valueName":"search_term_string"}}],"inLanguage":"en-US"}]}},"_links":{"self":[{"href":"https:\/\/medicinasinc.com\/lt\/wp-json\/wp\/v2\/product\/5710","targetHints":{"allow":["GET"]}}],"collection":[{"href":"https:\/\/medicinasinc.com\/lt\/wp-json\/wp\/v2\/product"}],"about":[{"href":"https:\/\/medicinasinc.com\/lt\/wp-json\/wp\/v2\/types\/product"}],"replies":[{"embeddable":true,"href":"https:\/\/medicinasinc.com\/lt\/wp-json\/wp\/v2\/comments?post=5710"}],"wp:featuredmedia":[{"embeddable":true,"href":"https:\/\/medicinasinc.com\/lt\/wp-json\/wp\/v2\/media\/5720"}],"wp:attachment":[{"href":"https:\/\/medicinasinc.com\/lt\/wp-json\/wp\/v2\/media?parent=5710"}],"wp:term":[{"taxonomy":"product_brand","embeddable":true,"href":"https:\/\/medicinasinc.com\/lt\/wp-json\/wp\/v2\/product_brand?post=5710"},{"taxonomy":"product_cat","embeddable":true,"href":"https:\/\/medicinasinc.com\/lt\/wp-json\/wp\/v2\/product_cat?post=5710"},{"taxonomy":"product_tag","embeddable":true,"href":"https:\/\/medicinasinc.com\/lt\/wp-json\/wp\/v2\/product_tag?post=5710"}],"curies":[{"name":"wp","href":"https:\/\/api.w.org\/{rel}","templated":true}]}}