{"id":5703,"date":"2022-02-22T04:29:46","date_gmt":"2022-02-22T04:29:46","guid":{"rendered":"https:\/\/medicinasinc.com\/lt\/?post_type=product&#038;p=5703"},"modified":"2022-03-20T12:09:49","modified_gmt":"2022-03-20T12:09:49","slug":"pirkti-dimetiltriptaminas-dmt","status":"publish","type":"product","link":"https:\/\/medicinasinc.com\/lt\/product\/pirkti-dimetiltriptaminas-dmt\/","title":{"rendered":"Pirkite dimetiltriptamino DMT"},"content":{"rendered":"<p>Yra daug viet\u0173, kur galima \u012fsigyti DMT milteli\u0173 internete.<\/p>\n<p>DMT egzistuoja jau seniai. Per daugel\u012f met\u0173 \u0161is vaistas buvo naudojamas daugybei \u012fvairi\u0173 dalyk\u0173, kol vyriausyb\u0117 j\u012f laik\u0117 narkotikais, kurie gali b\u016bti pavojingi, jei vartojami iki kra\u0161tutinumo. Galb\u016bt negal\u0117site nusipirkti DMT milteli\u0173 internetu, jei ne\u017einote, kaip tai padaryti. Galiausiai j\u016bs\u0173 sunkus darbas atsipirko ir pasiek\u0117te norim\u0173 rezultat\u0173. Bestglobalmeds yra svetain\u0117, kurioje galite \u012fsigyti DMT internetu u\u017e puiki\u0105 kain\u0105. Jame yra auk\u0161tos kokyb\u0117s ir grynas DMT.<\/p>\n<p>Atsakymas \u012f klausim\u0105 \u201eKas yra DMT milteliai?\u201c<\/p>\n<p>DMT (N, N-dimetiltriptaminas) yra nat\u016bralus psichodelinis triptaminas, kuris gali randama augaluose, gyv\u016bnuose ir \u017emon\u0117se. Tai priklauso psichodelini\u0173 vaist\u0173 grupei (med\u017eiag\u0173, kurios padeda geriau suvokti). Tokiu b\u016bdu gaminami ir Ch\u0430nga pagaminti DMT mi\u0161iniai. Jie gali b\u016bti pagaminti \u012f miltelius arba \u012f miltelius.<\/p>\n<p>Tai nat\u016braliai atsirandanti med\u017eiaga, kurios nedideliais kiekiais galima rasti \u017emogaus smegenyse, kur jos funkcija ne\u017einoma. DMT yra \u017einomas d\u0117l savo galios. Jei r\u016bkote, jo psichodelin\u0117 kelion\u0117 trunka tik 5\u201330 minu\u010di\u0173, ta\u010diau jos poveikis yra galingas ir ilgalaikis. Jausmas, kad jis ar ji buvo i\u0161si\u0173stas \u012f visi\u0161kai kit\u0105 viet\u0105, su garsais ir vaizdais, kurie ver\u010dia galvoti apie kaledoki\u0161kus dalykus,<\/p>\n<p>Ayahuasca alaus, gaminami naudojant DMT turin\u010di\u0105 med\u017eio \u017eiev\u0119 ir kitus augalus, kuriuose yra chemin\u0117 med\u017eiaga, vadinama MAOI (monoamino oksidaz\u0117s inhibitoriumi, tikrai sergantiems). D\u0117l MAOI DMT m\u016bs\u0173 k\u016bne i\u0161lieka daug ilgiau, o psichiatrin\u0117 patirtis pailg\u0117ja valandomis. DMT tradicin\u0117je medicinoje naudojamas ilg\u0105 laik\u0105.<\/p>\n<p>Per pastaruosius kelerius metus \u0161is g\u0117rimas i\u0161populiar\u0117jo d\u0117l savo gydom\u0173j\u0173 savybi\u0173, taip pat kaip vaistas nuo piktnaud\u017eiavimo med\u017eiagomis. Lyginant su Sbog\u00e1ne \u201e\u0161iurk\u0161\u010diu patriarchu\u201c, Ayahuasca gydymo \u201emylintis matriarchas\u201c buvo vadinamas \u201emylin\u010diu matriarchu\u201c. Tai padeda \u017emon\u0117ms sugriauti j\u0173 sukurtus gynybos mechanizmus, neleid\u017eian\u010dius jiems susisiekti su kitais.<\/p>\n<p>Ar \u017einote, kaip atrodo DMT?<br \/> Apib\u016bdinkite, kaip atrodo DMT.<br \/> KAI jis yra grynas, jis atrodo kaip balti kristalizuoti milteliai ar ka\u017ekas kita.<br \/> Be to, kai jis n\u0117ra grynas, jis atrodo kaip geltoni, oran\u017einiai arba rausvi milteliai arba skystis. Tai da\u017eniau pasitaiko, bet ne vienintelis b\u016bdas \u012f tai pa\u017evelgti.<br \/> I\u0161 rusvos\/raudonos vaista\u017eoli\u0173 mi\u0161inio, sumai\u0161yto su \u017eolel\u0117mis, gaunamas g\u0117rimas, vadinamas ayahuasca rusvu\/raudonuoju g\u0117rimu, kai jis yra ayahuasca dalis. g\u0117rimas.<br \/> DMT skonis ir kvapas kaip koks.<\/p>\n<p>N,N-dimetiltruptaminas turi labai stipr\u0173 kvap\u0105 ir skon\u012f, kur\u012f daugelis \u017emoni\u0173, \u012fskaitant m\u016bs\u0173 klientus, palygino su apdegusiu plastiku ir naujais batais.<\/p>\n<p>Kaip naudojamas DMT?<\/p>\n<p>Kai perkate DMT internetu, atminkite, kad j\u012f galima naudoti trimis pagrindiniais b\u016bdais: sumu\u0161tas, pakeistas ir suvyniotas.<\/p>\n<p>DMT yra r\u016bkomas.<\/p>\n<p>\u017dmon\u0117s kartais mai\u0161o DMT su \u017eolel\u0117mis, pavyzd\u017eiui, ayahuasca, kad pagamint\u0173 g\u0117rim\u0105, vadinam\u0105 ch\u00e1nga. Taip yra tod\u0117l, kad DMT yra pavojingas ir gali b\u016bti pavojingas r\u016bkant. Kiekviena changa partija skiriasi priklausomai nuo naudojam\u0173 \u017eoleli\u0173, tod\u0117l kiekvienos partijos stiprumas skiriasi.<\/p>\n<p>\u017dmon\u0117s yra apsvaig\u0119 nuo DMT<\/p>\n<p>Ch\u00e1cruna yra Piet\u0173 Amerikos \u017eol\u0117, kurioje yra DMT. tai. Kartais jis sumai\u0161omas su ay\u0430huassa augalu, kad b\u016bt\u0173 gaminamas \u0161amani\u0161kas aliejus.<\/p>\n<p>DMT suteikimas kam nors<\/p>\n<p>DMT gali b\u016bti paruo\u0161tas \u0161virk\u0161ti, o tai gali b\u016bti labai pavojinga. , taip pat.<\/p>\n<p>DMT \u0161nip\u0161tas<\/p>\n<p>Nor\u0117dami gauti DMT, galite j\u012f susmulkinti \u012f miltelius ir susmulkinti.<\/p>\n<p>Do\u0455\u0430g\u0435<\/p>\n<p>DMT: r\u016bk\u0117 15\u201360 mg (tik stiklin\u0117je pypk\u0117je), uost\u0117 20\u201350 mg ir i\u0161g\u0117r\u0117 30\u2013150 mg.<\/p>\n<p>Changa: viskas priklauso nuo to, kiek DMT yra akcijoje.<\/p>\n<p>Kol mi\u0161inyje bus pakankamai DMT.<\/p>\n<p>Kas atsitiks, jei vartosite DMT?<br \/> Kaip tai vertinate?<\/p>\n<p> DMT yra \u017einomas d\u0117l to, kad j\u012f vartojantiems \u017emon\u0117ms suteikia labai intensyv\u0173 \u201etrp\u201c \u2013 taip vadinama psichodelini\u0173 vaist\u0173 vartojimo patirtis.<\/p>\n<p>Kai vartojate DMT, pasaulis atrodo labai kitaip. Spalvos, garsai, objektai ir net laikas gali visk\u0105 atrodo labai skirtingai. Kai kurie \u017emon\u0117s, vartodami DMT, patiria i\u0161orini\u0173 poj\u016b\u010di\u0173.<\/p>\n<p>Tai gali priversti jus:<\/p>\n<p>pamatyti ir i\u0161girsti dalykus, kuri\u0173 n\u0117ra (hallusn\u0430t\u0435), o tai gali b\u016bti naudinga. arba bloga patirtis. Pajuskite, kaip laikas ir jud\u0117jimas greit\u0117ja arba sul\u0117t\u0117ja. Tai vadinama \u201evaizdiniais\u201c.<br \/> Kaip \u017emon\u0117s elgiasi?<\/p>\n<p>\u017dmon\u0117s gali elgtis taip, kaip nesitiki, kai jiems yra daug DMT, kaip ir vartojant bet kok\u012f haliucinogenin\u012f vaist\u0105.<\/p>\n<p> p&gt; <\/p>\n<p>Keli naudotojai sako, kad jau\u010diasi taip, lyg i\u0161gyvent\u0173 beveik mirt\u012f, tod\u0117l jie tampa labai tyl\u016bs ir d\u0117l to \u017evelgia \u012f vid\u0173.<\/p>\n<p>Kai kurie \u017emon\u0117s sako, kad gali tai padaryti. nejud\u0117kite, kol jie naudojasi DMT.<\/p>\n<p>Kada DMT pradeda daryti \u012ftak\u0105 jums?<\/p>\n<p>Viskas priklauso nuo to, kiek i\u0161g\u0117r\u0117te, kokio dyd\u017eio esate , ar valg\u0117te ir kokius kitus vaistus vartojote.<\/p>\n<p>\u0160is \u017eodis taip pat \u017einomas kaip \u201ek\u0441k\u201c.<\/p>\n<p>R\u016bkant DMT atsiranda labai greitai. Poveikis gali pasirodyti ilgai, kai tai yra ayahuasca ceremonijos dalis.<\/p>\n<p>Kiek laiko tai t\u0119s\u0117si?<\/p>\n<p>Kai vykstate DMT, galite labai susijaudinti kelion\u0117, bet jie taip pat trunka labai greitai, kartais vos kelias minutes. Kaip ayahuasca ceremonijos dalis, kelion\u0117 DMT gali trukti kelias valandas, ta\u010diau ji gali b\u016bti ir labai trumpa.<\/p>\n<p>D\u0117l \u0161i\u0173 prie\u017eas\u010di\u0173 septintajame de\u0161imtmetyje DMT buvo \u017einomas kaip \u201eBun\u0435s kelion\u0117\u201c. Jungtin\u0117s Valstijos. Vartodamas \u0161\u012f vaist\u0105, vartotojas gal\u0117jo patirti vis\u0105 nuodugnum\u0105 ir \u012fvairov\u0119, grei\u010diau nei vartojant kitus vaistus, pvz., LSD ar stebuklingus grybus.<\/p>\n<p>K\u0105 turi DMT?<br \/> Taip fizin\u0117 sveikata darbai:<\/p>\n<p>Daugelis Piet\u0173 Amerikos \u017emoni\u0173 savo gyvenimo b\u016bdu geria arba valgo g\u0117rimus arba maist\u0105, kuriame yra DMT. Geriausiai \u017einomas pavyzdys yra ayahuasca ceremonijos.<\/p>\n<p>Kai kurie \u017emon\u0117s mano, kad DMT yra dvasinis vaistas, kuris taip pat yra saugus, bet vis tiek yra cheminis haliucinogenas.<\/p>\n<p>Jis gali:<\/p>\n<p> p&gt; <\/p>\n<p>At\u0117jo laikas pasitikrinti savo kraujosp\u016bd\u012f.<br \/> Jei jau sergate \u0161irdies liga, d\u0117l pada\u017en\u0117jusio \u0161irdies susitraukim\u0173 da\u017enio galite susirgti ir nor\u0117ti i\u0161vykti. Taip yra tod\u0117l, kad j\u016bs\u0173 k\u016bnas gauna daug nuod\u0173.<\/p>\n<p>Jei vartojate DMT, tai gali tur\u0117ti daug skirting\u0173 ir kartais labai bauginan\u010di\u0173 padarini\u0173. \u0160is poveikis gali net nepasteb\u0117ti \u017emogaus galvoje.<\/p>\n<p>Gali b\u016bti labai painu ir baisu, jei \u017emogus ateina.<\/p>\n<p>Tai gali jums pad\u0117ti: jei vartojate tok\u012f vaist\u0105 kaip DMT. .<\/p>\n<p>Prisiminimai \u012fvyksta, kai kelion\u0117s dalis v\u0117l i\u0161gyvenama po pirmin\u0117s.<br \/> Atid\u017eiai steb\u0117kite \u017emog\u0173, kuris praeityje tur\u0117jo psichikos sveikatos problem\u0173. Tai gali sukelti problem\u0173 tiems, kurie ne\u017einojo, kad jiems gresia psichikos sveikatos sutrikimai.<br \/> Jei kelion\u0117 nepasiseks, naudotojas gali susi\u017ealoti. Taigi, jei esate prastos ar nerimo nuotaikos, galb\u016bt nenor\u0117site vartoti DMT.<br \/> Tai gali sukelti nemalon\u0173 ir emocin\u012f poveik\u012f, kuris gali t\u0119stis kelias dienas po vaisto vartojimo. \u0160is poveikis gali b\u016bti nemalonus arba emocinis.<\/p>\n<div class=\"product-next-previous\">\n<div class=\"product-prev\"><\/div><\/div>\n","protected":false},"excerpt":{"rendered":"<p>Pirkite Dimetiltriptamino DMT pardavimui JK, Europoje, AU. Mes si\u016blome patikimiausi\u0105 sandor\u012f ir parduodame labai prieinamomis kainomis. U\u017esisakykite DMT dabar geriausiomis kainomis. M\u016bs\u0173 dimetiltriptaminas yra vienas geriausi\u0173 i\u0161 patikimiausi\u0173 tiek\u0117j\u0173. Susisiekite dabar ir u\u017esisakykite savo grynos kokyb\u0117s dimetiltriptamino DMT pardavimui.<\/p>\n<p><em>Dmt<\/em>\u00a0yra galingas haliucinogeninis vaistas, randamas keliuose augaluose, kurie gali r\u016bkyti, \u0161narp\u0161ti arba mai\u0161yti su ayahuasca. U\u017esisakykite\u00a0<em>DMT<\/em>\u00a0internetu.<\/p>\n","protected":false},"featured_media":5713,"comment_status":"open","ping_status":"closed","template":"","meta":[],"product_brand":[],"product_cat":[2014,703],"product_tag":[3615,3619,3620,3621,3623,3627,3628,3629,3630,3624,3632,3626,3631,3634,3639,3636,3637,3638,3295,3643,3640,3642,3635,3616,3617,3622,3618,3625,3633,3641],"class_list":{"0":"post-5703","1":"product","2":"type-product","3":"status-publish","4":"has-post-thumbnail","6":"product_cat-pirkti-tyrineti-chemikalai","7":"product_cat-pirkti-psichodelinius-vaistus","8":"product_tag-best-place-to-buy-dimethyltryptamine","9":"product_tag-bu-dmt","10":"product_tag-bu-psycheclic-drug","11":"product_tag-bu-pur-dmthltrtmn-dmt-onln","12":"product_tag-cheap-psycheclic-drug","13":"product_tag-dimethyltryptamine-effect","14":"product_tag-dimethyltryptamine-for-sale","15":"product_tag-dimethyltryptamine-order","16":"product_tag-dimethyltryptamine-purchase","17":"product_tag-dimetiltriptaminai","18":"product_tag-dimetiltriptamino-apvalga","19":"product_tag-dimetiltriptamino-dozavimas-nioms-moterims","20":"product_tag-dimetiltriptaminas-redditas","21":"product_tag-dmt-efektas","22":"product_tag-dmt-pardavimai","23":"product_tag-dmt-reddit","24":"product_tag-dmt-review","25":"product_tag-dmt-sale","26":"product_tag-dmt-usakymas","27":"product_tag-kas-yra-dmt-milteliai","28":"product_tag-order-dimethyltryptamine","29":"product_tag-grynas-dmt-parduodamas","30":"product_tag-dmt-parduodamas","31":"product_tag-pirkti-dimetiltriptaminas","32":"product_tag-pirkti-dmt","33":"product_tag-bu-hl-vaistas-nl-d1n","34":"product_tag-pirkti-grynas-dmt","35":"product_tag-dimetiltriptaminas-pirkti","36":"product_tag-dmt-pirkti","37":"product_tag-usakymas-dmt","39":"first","40":"instock","41":"shipping-taxable","42":"purchasable","43":"product-type-variable","44":"has-default-attributes"},"yoast_head":"<!-- This site is optimized with the Yoast SEO plugin v27.3 - https:\/\/yoast.com\/product\/yoast-seo-wordpress\/ -->\n<title>Pirkite dimetiltriptamino DMT \u2013 Dmt pardavimui \u2013 geriausius pasaulinius vaistus<\/title>\n<meta name=\"description\" content=\"Pirkite Dimetiltriptamino DMT pardavimui JK, Europoje, AU. Mes si\u016blome patikimiausi\u0105 sandor\u012f ir parduodame labai prieinamomis kainomis. U\u017esisakykite DMT dabar geriausiomis kainomis\" \/>\n<meta name=\"robots\" content=\"index, follow, max-snippet:-1, max-image-preview:large, max-video-preview:-1\" \/>\n<link rel=\"canonical\" href=\"https:\/\/medicinasinc.com\/lt\/product\/pirkti-dimetiltriptaminas-dmt\/\" \/>\n<meta property=\"og:locale\" content=\"en_US\" \/>\n<meta property=\"og:type\" content=\"article\" \/>\n<meta property=\"og:title\" content=\"Pirkite dimetiltriptamino DMT \u2013 Dmt pardavimui \u2013 geriausius pasaulinius vaistus\" \/>\n<meta property=\"og:description\" content=\"Pirkite Dimetiltriptamino DMT pardavimui JK, Europoje, AU. Mes si\u016blome patikimiausi\u0105 sandor\u012f ir parduodame labai prieinamomis kainomis. U\u017esisakykite DMT dabar geriausiomis kainomis\" \/>\n<meta property=\"og:url\" content=\"https:\/\/medicinasinc.com\/lt\/product\/pirkti-dimetiltriptaminas-dmt\/\" \/>\n<meta property=\"og:site_name\" content=\"Medicinas Inc\" \/>\n<meta property=\"article:modified_time\" content=\"2022-03-20T12:09:49+00:00\" \/>\n<meta property=\"og:image\" content=\"https:\/\/medicinasinc.com\/lt\/wp-content\/uploads\/sites\/9\/2022\/02\/DMT-for-Sale.jpg\" \/>\n\t<meta property=\"og:image:width\" content=\"500\" \/>\n\t<meta property=\"og:image:height\" content=\"500\" \/>\n\t<meta property=\"og:image:type\" content=\"image\/jpeg\" \/>\n<meta name=\"twitter:card\" content=\"summary_large_image\" \/>\n<meta name=\"twitter:label1\" content=\"Est. reading time\" \/>\n\t<meta name=\"twitter:data1\" content=\"6 minutes\" \/>\n<script type=\"application\/ld+json\" class=\"yoast-schema-graph\">{\"@context\":\"https:\\\/\\\/schema.org\",\"@graph\":[{\"@type\":\"WebPage\",\"@id\":\"https:\\\/\\\/medicinasinc.com\\\/lt\\\/product\\\/pirkti-dimetiltriptaminas-dmt\\\/\",\"url\":\"https:\\\/\\\/medicinasinc.com\\\/lt\\\/product\\\/pirkti-dimetiltriptaminas-dmt\\\/\",\"name\":\"Pirkite dimetiltriptamino DMT \u2013 Dmt pardavimui \u2013 geriausius pasaulinius vaistus\",\"isPartOf\":{\"@id\":\"https:\\\/\\\/medicinasinc.com\\\/lt\\\/#website\"},\"primaryImageOfPage\":{\"@id\":\"https:\\\/\\\/medicinasinc.com\\\/lt\\\/product\\\/pirkti-dimetiltriptaminas-dmt\\\/#primaryimage\"},\"image\":{\"@id\":\"https:\\\/\\\/medicinasinc.com\\\/lt\\\/product\\\/pirkti-dimetiltriptaminas-dmt\\\/#primaryimage\"},\"thumbnailUrl\":\"https:\\\/\\\/medicinasinc.com\\\/lt\\\/wp-content\\\/uploads\\\/sites\\\/9\\\/2022\\\/02\\\/DMT-for-Sale.jpg\",\"datePublished\":\"2022-02-22T04:29:46+00:00\",\"dateModified\":\"2022-03-20T12:09:49+00:00\",\"description\":\"Pirkite Dimetiltriptamino DMT pardavimui JK, Europoje, AU. Mes si\u016blome patikimiausi\u0105 sandor\u012f ir parduodame labai prieinamomis kainomis. U\u017esisakykite DMT dabar geriausiomis kainomis\",\"breadcrumb\":{\"@id\":\"https:\\\/\\\/medicinasinc.com\\\/lt\\\/product\\\/pirkti-dimetiltriptaminas-dmt\\\/#breadcrumb\"},\"inLanguage\":\"en-US\",\"potentialAction\":[{\"@type\":\"ReadAction\",\"target\":[\"https:\\\/\\\/medicinasinc.com\\\/lt\\\/product\\\/pirkti-dimetiltriptaminas-dmt\\\/\"]}]},{\"@type\":\"ImageObject\",\"inLanguage\":\"en-US\",\"@id\":\"https:\\\/\\\/medicinasinc.com\\\/lt\\\/product\\\/pirkti-dimetiltriptaminas-dmt\\\/#primaryimage\",\"url\":\"https:\\\/\\\/medicinasinc.com\\\/lt\\\/wp-content\\\/uploads\\\/sites\\\/9\\\/2022\\\/02\\\/DMT-for-Sale.jpg\",\"contentUrl\":\"https:\\\/\\\/medicinasinc.com\\\/lt\\\/wp-content\\\/uploads\\\/sites\\\/9\\\/2022\\\/02\\\/DMT-for-Sale.jpg\",\"width\":500,\"height\":500},{\"@type\":\"BreadcrumbList\",\"@id\":\"https:\\\/\\\/medicinasinc.com\\\/lt\\\/product\\\/pirkti-dimetiltriptaminas-dmt\\\/#breadcrumb\",\"itemListElement\":[{\"@type\":\"ListItem\",\"position\":1,\"name\":\"Parduotuv\u0117\",\"item\":\"https:\\\/\\\/medicinasinc.com\\\/lt\\\/parduotuve\\\/\"},{\"@type\":\"ListItem\",\"position\":2,\"name\":\"Pirkite dimetiltriptamino DMT\"}]},{\"@type\":\"WebSite\",\"@id\":\"https:\\\/\\\/medicinasinc.com\\\/lt\\\/#website\",\"url\":\"https:\\\/\\\/medicinasinc.com\\\/lt\\\/\",\"name\":\"Medicinas Inc\",\"description\":\"Sveikatos medicinos klinika\",\"potentialAction\":[{\"@type\":\"SearchAction\",\"target\":{\"@type\":\"EntryPoint\",\"urlTemplate\":\"https:\\\/\\\/medicinasinc.com\\\/lt\\\/?s={search_term_string}\"},\"query-input\":{\"@type\":\"PropertyValueSpecification\",\"valueRequired\":true,\"valueName\":\"search_term_string\"}}],\"inLanguage\":\"en-US\"}]}<\/script>\n<!-- \/ Yoast SEO plugin. -->","yoast_head_json":{"title":"Pirkite dimetiltriptamino DMT \u2013 Dmt pardavimui \u2013 geriausius pasaulinius vaistus","description":"Pirkite Dimetiltriptamino DMT pardavimui JK, Europoje, AU. Mes si\u016blome patikimiausi\u0105 sandor\u012f ir parduodame labai prieinamomis kainomis. U\u017esisakykite DMT dabar geriausiomis kainomis","robots":{"index":"index","follow":"follow","max-snippet":"max-snippet:-1","max-image-preview":"max-image-preview:large","max-video-preview":"max-video-preview:-1"},"canonical":"https:\/\/medicinasinc.com\/lt\/product\/pirkti-dimetiltriptaminas-dmt\/","og_locale":"en_US","og_type":"article","og_title":"Pirkite dimetiltriptamino DMT \u2013 Dmt pardavimui \u2013 geriausius pasaulinius vaistus","og_description":"Pirkite Dimetiltriptamino DMT pardavimui JK, Europoje, AU. Mes si\u016blome patikimiausi\u0105 sandor\u012f ir parduodame labai prieinamomis kainomis. U\u017esisakykite DMT dabar geriausiomis kainomis","og_url":"https:\/\/medicinasinc.com\/lt\/product\/pirkti-dimetiltriptaminas-dmt\/","og_site_name":"Medicinas Inc","article_modified_time":"2022-03-20T12:09:49+00:00","og_image":[{"width":500,"height":500,"url":"https:\/\/medicinasinc.com\/lt\/wp-content\/uploads\/sites\/9\/2022\/02\/DMT-for-Sale.jpg","type":"image\/jpeg"}],"twitter_card":"summary_large_image","twitter_misc":{"Est. reading time":"6 minutes"},"schema":{"@context":"https:\/\/schema.org","@graph":[{"@type":"WebPage","@id":"https:\/\/medicinasinc.com\/lt\/product\/pirkti-dimetiltriptaminas-dmt\/","url":"https:\/\/medicinasinc.com\/lt\/product\/pirkti-dimetiltriptaminas-dmt\/","name":"Pirkite dimetiltriptamino DMT \u2013 Dmt pardavimui \u2013 geriausius pasaulinius vaistus","isPartOf":{"@id":"https:\/\/medicinasinc.com\/lt\/#website"},"primaryImageOfPage":{"@id":"https:\/\/medicinasinc.com\/lt\/product\/pirkti-dimetiltriptaminas-dmt\/#primaryimage"},"image":{"@id":"https:\/\/medicinasinc.com\/lt\/product\/pirkti-dimetiltriptaminas-dmt\/#primaryimage"},"thumbnailUrl":"https:\/\/medicinasinc.com\/lt\/wp-content\/uploads\/sites\/9\/2022\/02\/DMT-for-Sale.jpg","datePublished":"2022-02-22T04:29:46+00:00","dateModified":"2022-03-20T12:09:49+00:00","description":"Pirkite Dimetiltriptamino DMT pardavimui JK, Europoje, AU. Mes si\u016blome patikimiausi\u0105 sandor\u012f ir parduodame labai prieinamomis kainomis. U\u017esisakykite DMT dabar geriausiomis kainomis","breadcrumb":{"@id":"https:\/\/medicinasinc.com\/lt\/product\/pirkti-dimetiltriptaminas-dmt\/#breadcrumb"},"inLanguage":"en-US","potentialAction":[{"@type":"ReadAction","target":["https:\/\/medicinasinc.com\/lt\/product\/pirkti-dimetiltriptaminas-dmt\/"]}]},{"@type":"ImageObject","inLanguage":"en-US","@id":"https:\/\/medicinasinc.com\/lt\/product\/pirkti-dimetiltriptaminas-dmt\/#primaryimage","url":"https:\/\/medicinasinc.com\/lt\/wp-content\/uploads\/sites\/9\/2022\/02\/DMT-for-Sale.jpg","contentUrl":"https:\/\/medicinasinc.com\/lt\/wp-content\/uploads\/sites\/9\/2022\/02\/DMT-for-Sale.jpg","width":500,"height":500},{"@type":"BreadcrumbList","@id":"https:\/\/medicinasinc.com\/lt\/product\/pirkti-dimetiltriptaminas-dmt\/#breadcrumb","itemListElement":[{"@type":"ListItem","position":1,"name":"Parduotuv\u0117","item":"https:\/\/medicinasinc.com\/lt\/parduotuve\/"},{"@type":"ListItem","position":2,"name":"Pirkite dimetiltriptamino DMT"}]},{"@type":"WebSite","@id":"https:\/\/medicinasinc.com\/lt\/#website","url":"https:\/\/medicinasinc.com\/lt\/","name":"Medicinas Inc","description":"Sveikatos medicinos klinika","potentialAction":[{"@type":"SearchAction","target":{"@type":"EntryPoint","urlTemplate":"https:\/\/medicinasinc.com\/lt\/?s={search_term_string}"},"query-input":{"@type":"PropertyValueSpecification","valueRequired":true,"valueName":"search_term_string"}}],"inLanguage":"en-US"}]}},"_links":{"self":[{"href":"https:\/\/medicinasinc.com\/lt\/wp-json\/wp\/v2\/product\/5703","targetHints":{"allow":["GET"]}}],"collection":[{"href":"https:\/\/medicinasinc.com\/lt\/wp-json\/wp\/v2\/product"}],"about":[{"href":"https:\/\/medicinasinc.com\/lt\/wp-json\/wp\/v2\/types\/product"}],"replies":[{"embeddable":true,"href":"https:\/\/medicinasinc.com\/lt\/wp-json\/wp\/v2\/comments?post=5703"}],"wp:featuredmedia":[{"embeddable":true,"href":"https:\/\/medicinasinc.com\/lt\/wp-json\/wp\/v2\/media\/5713"}],"wp:attachment":[{"href":"https:\/\/medicinasinc.com\/lt\/wp-json\/wp\/v2\/media?parent=5703"}],"wp:term":[{"taxonomy":"product_brand","embeddable":true,"href":"https:\/\/medicinasinc.com\/lt\/wp-json\/wp\/v2\/product_brand?post=5703"},{"taxonomy":"product_cat","embeddable":true,"href":"https:\/\/medicinasinc.com\/lt\/wp-json\/wp\/v2\/product_cat?post=5703"},{"taxonomy":"product_tag","embeddable":true,"href":"https:\/\/medicinasinc.com\/lt\/wp-json\/wp\/v2\/product_tag?post=5703"}],"curies":[{"name":"wp","href":"https:\/\/api.w.org\/{rel}","templated":true}]}}