{"id":5696,"date":"2022-02-22T04:23:00","date_gmt":"2022-02-22T04:23:00","guid":{"rendered":"https:\/\/medicinasinc.com\/lt\/?post_type=product&#038;p=5696"},"modified":"2022-03-20T12:10:01","modified_gmt":"2022-03-20T12:10:01","slug":"pirkti-efenidinas-milteliai","status":"publish","type":"product","link":"https:\/\/medicinasinc.com\/lt\/product\/pirkti-efenidinas-milteliai\/","title":{"rendered":"Pirkite efenidino miltelius"},"content":{"rendered":"<p>Efenidino milteliai: pirkite efenidin\u0105 JK, Europoje, Azijoje, JAV, Australijoje, Kinijoje ir likusioje pasaulio dalyje i\u0161 efenidino milteli\u0173.<\/p>\n<p>Parduodamas Europos efenidinas, efenidino tiek\u0117jas, pardavimas. Efenidino didmenininkai gali si\u0173sti j\u012f \u012f Europ\u0105.<\/p>\n<p>Efenidinas, kuris taip pat \u017einomas kaip NEDPA ir EPE, yra disociacinis anestetikas, priklausantis diariletilamino grupei. Fizi\u0161kai efenidinas yra pana\u0161us \u012f diariletilaminus, tokius kaip difenidinas ir metoksfenidinas, kurie taip pat vadinami efenidinu. Sedacija, haliucinacijos, anestezija ir i\u0161orin\u0117s k\u016bno b\u016bsenos, vadinamos \u201edisociacine anestezija\u201c, yra keletas \u0161alutini\u0173 poveiki\u0173.<\/p>\n<p>I\u0161sami informacija apie \u0161\u012f element\u0105:<\/p>\n<p>oland\u0173, lietuvi\u0173 k. , ir amerikieti\u0161kas<br \/> Jo pavadinimas yra Ephenidine Powder.<br \/> EPE yra N-Etil-1,2-difeniletilamino IUPAC pavadinimas.<br \/> CAS numeris: 60951-19-1<br \/> C16H19N yra MF.<br \/> Daugiau nei 99,5 proc.<br \/> Taip atrodo:<br \/> Aliuminio folijos mai\u0161elis arba plastikinis mai\u0161elis: kaip supakuoti:<\/p>\n<p>Mok\u0117jimo s\u0105lygos:<\/p>\n<p> p&gt; <\/p>\n<p>Minimali u\u017esakymo suma: teirautis apie mok\u0117jimo s\u0105lygas: Bitcoin, Money Gram, banko pavedimas ir pan.<\/p>\n<p>Pristatymo ir pristatymo taisykl\u0117s:<\/p>\n<p>1. Prekes i\u0161si\u0173sime per 1 dien\u0105 po to, kai apmok\u0117site.<br \/> 2: Prekes i\u0161si\u0173sime UPS, DHL, TNT arba FEDEX. Mes parinksime geriausi\u0105 kurjer\u012f kiekvienai \u0161aliai ir surasime saugiausi\u0105 b\u016bd\u0105, kaip pristatyti prekes.<br \/> Pa\u0161tu i\u0161 EMS gauti u\u017etrunka ma\u017edaug nuo trij\u0173 iki penki\u0173 dien\u0173. DHL, UPS ir FedEx u\u017etrunka 4\u20135 dienas.<br \/> 4. Muitin\u0117s tokiose \u0161alyse kaip Rusija, Australija ir Kanada yra labai grie\u017eti, ta\u010diau galime u\u017etikrinti, kad pristatome 100 % laiko.<br \/> 5. Paprastai prekes tur\u0117tum\u0117te gauti per 4-5 dienas. Jei prek\u0117s buvo pamestos arba neatve\u017etos d\u0117l kit\u0173 prie\u017eas\u010di\u0173, atsi\u0173sime jas dar kart\u0105.<\/p>\n<p>Kaina: teiraukit\u0117s.<\/p>\n<p>Pastaba:<\/p>\n<p> Turime daug nuolatini\u0173 klient\u0173 visame pasaulyje ir tikim\u0117s su jumis dirbti ilg\u0105 laik\u0105. Nor\u0117dami gauti daugiau informacijos, nedvejodami susisiekite su mumis. Mes padarysime visk\u0105, kad patenkintume j\u016bs\u0173 poreikius. A\u010di\u016b!<\/p>\n","protected":false},"excerpt":{"rendered":"<div class=\"woocommerce-product-details__short-description\">\n<p>Bestglobalmeds.com si\u016blo didelio grynumo efenidino miltelius, skirtus parduoti JK, Europoje ir Australijoje, ir mes galime juos i\u0161si\u0173sti \u012f bet kuri\u0105 pasaulio viet\u0105. \u010cia galite nusipirkti geriausi\u0173 efenidino milteli\u0173, kuriuos galite u\u017esisakyti.<\/p>\n<p>\u012esigykite efenidino milteli\u0173 internetu ir \u012fsigykite juos u\u017e ger\u0105 kain\u0105. Vaistas, vadinamas efedrinu, yra disociatyvus anestetikas. Jis taip pat blokuoja NMDA receptorius, tod\u0117l suma\u017e\u0117ja tikimyb\u0117, kad vaistas veiks.<\/p>\n<p>Pirkite grynus, auk\u0161tos kokyb\u0117s efenidino miltelius internetu naudodami Bitcoin \u2013 galite tai padaryti.<\/p>\n<p>Apsipirkite. Jei norite \u012fsigyti legali\u0173 narkotik\u0173 internete, parduotuv\u0117je pirkite chemini\u0173 med\u017eiag\u0173, neapdorot\u0173 farmacini\u0173 milteli\u0173 ir kt.<\/p>\n<p>\u0160i \u012fmon\u0117 parduoda efenidino miltelius, tarpinius farmacinius produktus ir neapdorotus miltelius.<\/p>\n<p>Yra Parduodamos efenidino tablet\u0117s. Kinijos\u00a0efenidino\u00a0tiek\u0117jas. Didmeninis\u00a0efenidino\u00a0eksportuotojas<\/p>\n<p><em>Pirkite efenidino miltelius<\/em> didmenine prekyba internetu dabar. Efenidinas yra disociatyvus anestetikas ir veikia kaip NMDA antagonistas.<\/p>\n<p>&nbsp;<\/p>\n<\/p><\/div>\n","protected":false},"featured_media":5707,"comment_status":"open","ping_status":"closed","template":"","meta":[],"product_brand":[],"product_cat":[2014],"product_tag":[3591,3592,3593,3594,3595,3608,3596,3597,3599,3602,3603,3607,3600,3605,3606,3613,3614,3609,3610,3604,3601,3598,3611,3612],"class_list":{"0":"post-5696","1":"product","2":"type-product","3":"status-publish","4":"has-post-thumbnail","6":"product_cat-pirkti-tyrineti-chemikalai","7":"product_tag-anesthetic","8":"product_tag-buy-ephenidine-powder","9":"product_tag-buy-ephenidine-powder-europe","10":"product_tag-buy-ephenidine-powder-online","11":"product_tag-diariletilaminas","12":"product_tag-efenidinas-milteliai-didmenin-prekyba","13":"product_tag-disociatyvus","14":"product_tag-disociacinis-anestezinis","15":"product_tag-efenidinas","16":"product_tag-efenidinas-milteliai-kinija","17":"product_tag-efenidino-milteli-efektas","18":"product_tag-efenidino-milteli-tiekjas","19":"product_tag-ephenidine-powder-bulk","20":"product_tag-ephenidine-powder-order","21":"product_tag-ephenidine-powder-reddit","22":"product_tag-gryni-efenidino-milteliai","23":"product_tag-kas-yra-efenidino-milteliai","24":"product_tag-mdma-milteli-pirkimas","25":"product_tag-nedpa","26":"product_tag-efenidino-milteliai-parduodami","27":"product_tag-efenidinas-milteliai-pirkti","28":"product_tag-terminas","29":"product_tag-tvarka-efenidinas-milteliai","30":"product_tag-in-c5-besisakyti-efenidino-milteli-c5-b3-internetas","32":"first","33":"instock","34":"featured","35":"shipping-taxable","36":"purchasable","37":"product-type-variable","38":"has-default-attributes"},"yoast_head":"<!-- This site is optimized with the Yoast SEO plugin v27.3 - https:\/\/yoast.com\/product\/yoast-seo-wordpress\/ -->\n<title>Pirkite efenidino miltelius \u2013 efenidino miltelius internetu \u2013 geriausius pasaulinius vaistus<\/title>\n<meta name=\"description\" content=\"Pirkite didelio grynumo efenidino miltelius, skirtus parduoti JK, Europoje, AU m\u016bs\u0173 Bestglobalmeds.com internetin\u0117je parduotuv\u0117je su greitu pristatymu visame pasaulyje! \u010cia rasite geriausius efenidino miltelius u\u017esakymui!\" \/>\n<meta name=\"robots\" content=\"index, follow, max-snippet:-1, max-image-preview:large, max-video-preview:-1\" \/>\n<link rel=\"canonical\" href=\"https:\/\/medicinasinc.com\/lt\/product\/pirkti-efenidinas-milteliai\/\" \/>\n<meta property=\"og:locale\" content=\"en_US\" \/>\n<meta property=\"og:type\" content=\"article\" \/>\n<meta property=\"og:title\" content=\"Pirkite efenidino miltelius \u2013 efenidino miltelius internetu \u2013 geriausius pasaulinius vaistus\" \/>\n<meta property=\"og:description\" content=\"Pirkite didelio grynumo efenidino miltelius, skirtus parduoti JK, Europoje, AU m\u016bs\u0173 Bestglobalmeds.com internetin\u0117je parduotuv\u0117je su greitu pristatymu visame pasaulyje! \u010cia rasite geriausius efenidino miltelius u\u017esakymui!\" \/>\n<meta property=\"og:url\" content=\"https:\/\/medicinasinc.com\/lt\/product\/pirkti-efenidinas-milteliai\/\" \/>\n<meta property=\"og:site_name\" content=\"Medicinas Inc\" \/>\n<meta property=\"article:modified_time\" content=\"2022-03-20T12:10:01+00:00\" \/>\n<meta property=\"og:image\" content=\"https:\/\/medicinasinc.com\/lt\/wp-content\/uploads\/sites\/9\/2022\/02\/Buy-Ephenidine-Powder-1.jpg\" \/>\n\t<meta property=\"og:image:width\" content=\"1080\" \/>\n\t<meta property=\"og:image:height\" content=\"1166\" \/>\n\t<meta property=\"og:image:type\" content=\"image\/jpeg\" \/>\n<meta name=\"twitter:card\" content=\"summary_large_image\" \/>\n<meta name=\"twitter:label1\" content=\"Est. reading time\" \/>\n\t<meta name=\"twitter:data1\" content=\"2 minutes\" \/>\n<script type=\"application\/ld+json\" class=\"yoast-schema-graph\">{\"@context\":\"https:\\\/\\\/schema.org\",\"@graph\":[{\"@type\":\"WebPage\",\"@id\":\"https:\\\/\\\/medicinasinc.com\\\/lt\\\/product\\\/pirkti-efenidinas-milteliai\\\/\",\"url\":\"https:\\\/\\\/medicinasinc.com\\\/lt\\\/product\\\/pirkti-efenidinas-milteliai\\\/\",\"name\":\"Pirkite efenidino miltelius \u2013 efenidino miltelius internetu \u2013 geriausius pasaulinius vaistus\",\"isPartOf\":{\"@id\":\"https:\\\/\\\/medicinasinc.com\\\/lt\\\/#website\"},\"primaryImageOfPage\":{\"@id\":\"https:\\\/\\\/medicinasinc.com\\\/lt\\\/product\\\/pirkti-efenidinas-milteliai\\\/#primaryimage\"},\"image\":{\"@id\":\"https:\\\/\\\/medicinasinc.com\\\/lt\\\/product\\\/pirkti-efenidinas-milteliai\\\/#primaryimage\"},\"thumbnailUrl\":\"https:\\\/\\\/medicinasinc.com\\\/lt\\\/wp-content\\\/uploads\\\/sites\\\/9\\\/2022\\\/02\\\/Buy-Ephenidine-Powder-1.jpg\",\"datePublished\":\"2022-02-22T04:23:00+00:00\",\"dateModified\":\"2022-03-20T12:10:01+00:00\",\"description\":\"Pirkite didelio grynumo efenidino miltelius, skirtus parduoti JK, Europoje, AU m\u016bs\u0173 Bestglobalmeds.com internetin\u0117je parduotuv\u0117je su greitu pristatymu visame pasaulyje! \u010cia rasite geriausius efenidino miltelius u\u017esakymui!\",\"breadcrumb\":{\"@id\":\"https:\\\/\\\/medicinasinc.com\\\/lt\\\/product\\\/pirkti-efenidinas-milteliai\\\/#breadcrumb\"},\"inLanguage\":\"en-US\",\"potentialAction\":[{\"@type\":\"ReadAction\",\"target\":[\"https:\\\/\\\/medicinasinc.com\\\/lt\\\/product\\\/pirkti-efenidinas-milteliai\\\/\"]}]},{\"@type\":\"ImageObject\",\"inLanguage\":\"en-US\",\"@id\":\"https:\\\/\\\/medicinasinc.com\\\/lt\\\/product\\\/pirkti-efenidinas-milteliai\\\/#primaryimage\",\"url\":\"https:\\\/\\\/medicinasinc.com\\\/lt\\\/wp-content\\\/uploads\\\/sites\\\/9\\\/2022\\\/02\\\/Buy-Ephenidine-Powder-1.jpg\",\"contentUrl\":\"https:\\\/\\\/medicinasinc.com\\\/lt\\\/wp-content\\\/uploads\\\/sites\\\/9\\\/2022\\\/02\\\/Buy-Ephenidine-Powder-1.jpg\",\"width\":1080,\"height\":1166},{\"@type\":\"BreadcrumbList\",\"@id\":\"https:\\\/\\\/medicinasinc.com\\\/lt\\\/product\\\/pirkti-efenidinas-milteliai\\\/#breadcrumb\",\"itemListElement\":[{\"@type\":\"ListItem\",\"position\":1,\"name\":\"Parduotuv\u0117\",\"item\":\"https:\\\/\\\/medicinasinc.com\\\/lt\\\/parduotuve\\\/\"},{\"@type\":\"ListItem\",\"position\":2,\"name\":\"Pirkite efenidino miltelius\"}]},{\"@type\":\"WebSite\",\"@id\":\"https:\\\/\\\/medicinasinc.com\\\/lt\\\/#website\",\"url\":\"https:\\\/\\\/medicinasinc.com\\\/lt\\\/\",\"name\":\"Medicinas Inc\",\"description\":\"Sveikatos medicinos klinika\",\"potentialAction\":[{\"@type\":\"SearchAction\",\"target\":{\"@type\":\"EntryPoint\",\"urlTemplate\":\"https:\\\/\\\/medicinasinc.com\\\/lt\\\/?s={search_term_string}\"},\"query-input\":{\"@type\":\"PropertyValueSpecification\",\"valueRequired\":true,\"valueName\":\"search_term_string\"}}],\"inLanguage\":\"en-US\"}]}<\/script>\n<!-- \/ Yoast SEO plugin. -->","yoast_head_json":{"title":"Pirkite efenidino miltelius \u2013 efenidino miltelius internetu \u2013 geriausius pasaulinius vaistus","description":"Pirkite didelio grynumo efenidino miltelius, skirtus parduoti JK, Europoje, AU m\u016bs\u0173 Bestglobalmeds.com internetin\u0117je parduotuv\u0117je su greitu pristatymu visame pasaulyje! \u010cia rasite geriausius efenidino miltelius u\u017esakymui!","robots":{"index":"index","follow":"follow","max-snippet":"max-snippet:-1","max-image-preview":"max-image-preview:large","max-video-preview":"max-video-preview:-1"},"canonical":"https:\/\/medicinasinc.com\/lt\/product\/pirkti-efenidinas-milteliai\/","og_locale":"en_US","og_type":"article","og_title":"Pirkite efenidino miltelius \u2013 efenidino miltelius internetu \u2013 geriausius pasaulinius vaistus","og_description":"Pirkite didelio grynumo efenidino miltelius, skirtus parduoti JK, Europoje, AU m\u016bs\u0173 Bestglobalmeds.com internetin\u0117je parduotuv\u0117je su greitu pristatymu visame pasaulyje! \u010cia rasite geriausius efenidino miltelius u\u017esakymui!","og_url":"https:\/\/medicinasinc.com\/lt\/product\/pirkti-efenidinas-milteliai\/","og_site_name":"Medicinas Inc","article_modified_time":"2022-03-20T12:10:01+00:00","og_image":[{"width":1080,"height":1166,"url":"https:\/\/medicinasinc.com\/lt\/wp-content\/uploads\/sites\/9\/2022\/02\/Buy-Ephenidine-Powder-1.jpg","type":"image\/jpeg"}],"twitter_card":"summary_large_image","twitter_misc":{"Est. reading time":"2 minutes"},"schema":{"@context":"https:\/\/schema.org","@graph":[{"@type":"WebPage","@id":"https:\/\/medicinasinc.com\/lt\/product\/pirkti-efenidinas-milteliai\/","url":"https:\/\/medicinasinc.com\/lt\/product\/pirkti-efenidinas-milteliai\/","name":"Pirkite efenidino miltelius \u2013 efenidino miltelius internetu \u2013 geriausius pasaulinius vaistus","isPartOf":{"@id":"https:\/\/medicinasinc.com\/lt\/#website"},"primaryImageOfPage":{"@id":"https:\/\/medicinasinc.com\/lt\/product\/pirkti-efenidinas-milteliai\/#primaryimage"},"image":{"@id":"https:\/\/medicinasinc.com\/lt\/product\/pirkti-efenidinas-milteliai\/#primaryimage"},"thumbnailUrl":"https:\/\/medicinasinc.com\/lt\/wp-content\/uploads\/sites\/9\/2022\/02\/Buy-Ephenidine-Powder-1.jpg","datePublished":"2022-02-22T04:23:00+00:00","dateModified":"2022-03-20T12:10:01+00:00","description":"Pirkite didelio grynumo efenidino miltelius, skirtus parduoti JK, Europoje, AU m\u016bs\u0173 Bestglobalmeds.com internetin\u0117je parduotuv\u0117je su greitu pristatymu visame pasaulyje! \u010cia rasite geriausius efenidino miltelius u\u017esakymui!","breadcrumb":{"@id":"https:\/\/medicinasinc.com\/lt\/product\/pirkti-efenidinas-milteliai\/#breadcrumb"},"inLanguage":"en-US","potentialAction":[{"@type":"ReadAction","target":["https:\/\/medicinasinc.com\/lt\/product\/pirkti-efenidinas-milteliai\/"]}]},{"@type":"ImageObject","inLanguage":"en-US","@id":"https:\/\/medicinasinc.com\/lt\/product\/pirkti-efenidinas-milteliai\/#primaryimage","url":"https:\/\/medicinasinc.com\/lt\/wp-content\/uploads\/sites\/9\/2022\/02\/Buy-Ephenidine-Powder-1.jpg","contentUrl":"https:\/\/medicinasinc.com\/lt\/wp-content\/uploads\/sites\/9\/2022\/02\/Buy-Ephenidine-Powder-1.jpg","width":1080,"height":1166},{"@type":"BreadcrumbList","@id":"https:\/\/medicinasinc.com\/lt\/product\/pirkti-efenidinas-milteliai\/#breadcrumb","itemListElement":[{"@type":"ListItem","position":1,"name":"Parduotuv\u0117","item":"https:\/\/medicinasinc.com\/lt\/parduotuve\/"},{"@type":"ListItem","position":2,"name":"Pirkite efenidino miltelius"}]},{"@type":"WebSite","@id":"https:\/\/medicinasinc.com\/lt\/#website","url":"https:\/\/medicinasinc.com\/lt\/","name":"Medicinas Inc","description":"Sveikatos medicinos klinika","potentialAction":[{"@type":"SearchAction","target":{"@type":"EntryPoint","urlTemplate":"https:\/\/medicinasinc.com\/lt\/?s={search_term_string}"},"query-input":{"@type":"PropertyValueSpecification","valueRequired":true,"valueName":"search_term_string"}}],"inLanguage":"en-US"}]}},"_links":{"self":[{"href":"https:\/\/medicinasinc.com\/lt\/wp-json\/wp\/v2\/product\/5696","targetHints":{"allow":["GET"]}}],"collection":[{"href":"https:\/\/medicinasinc.com\/lt\/wp-json\/wp\/v2\/product"}],"about":[{"href":"https:\/\/medicinasinc.com\/lt\/wp-json\/wp\/v2\/types\/product"}],"replies":[{"embeddable":true,"href":"https:\/\/medicinasinc.com\/lt\/wp-json\/wp\/v2\/comments?post=5696"}],"wp:featuredmedia":[{"embeddable":true,"href":"https:\/\/medicinasinc.com\/lt\/wp-json\/wp\/v2\/media\/5707"}],"wp:attachment":[{"href":"https:\/\/medicinasinc.com\/lt\/wp-json\/wp\/v2\/media?parent=5696"}],"wp:term":[{"taxonomy":"product_brand","embeddable":true,"href":"https:\/\/medicinasinc.com\/lt\/wp-json\/wp\/v2\/product_brand?post=5696"},{"taxonomy":"product_cat","embeddable":true,"href":"https:\/\/medicinasinc.com\/lt\/wp-json\/wp\/v2\/product_cat?post=5696"},{"taxonomy":"product_tag","embeddable":true,"href":"https:\/\/medicinasinc.com\/lt\/wp-json\/wp\/v2\/product_tag?post=5696"}],"curies":[{"name":"wp","href":"https:\/\/api.w.org\/{rel}","templated":true}]}}