{"id":5686,"date":"2022-02-22T04:12:43","date_gmt":"2022-02-22T04:12:43","guid":{"rendered":"https:\/\/medicinasinc.com\/lt\/?post_type=product&#038;p=5686"},"modified":"2022-03-20T12:10:10","modified_gmt":"2022-03-20T12:10:10","slug":"pirkti-ald-52-milteliai","status":"publish","type":"product","link":"https:\/\/medicinasinc.com\/lt\/product\/pirkti-ald-52-milteliai\/","title":{"rendered":"Pirkite ALD-52 miltelius"},"content":{"rendered":"<p><a href=\"https:\/\/www.bestglobalmeds.com\/product\/research-chemicals\/buy-ald-52-powder\/\"><strong>ALD-52 milteliai<\/strong><\/a>. Didmenininkas ir gryn\u0173j\u0173 <em>ALD-52 milteli\u0173<\/em> u\u017e ma\u017eiausi\u0105 kain\u0105 ir \u012fvairi\u0173 &gt;99 % grynumo farmacini\u0173 \u017ealiav\u0173, mokslini\u0173 tyrim\u0173 chemini\u0173 med\u017eiag\u0173 ir generini\u0173 vaist\u0173 tiek\u0117jas. Saugi ir diskreti\u0161ka pakuot\u0117 su sekamu siuntimu.<\/p>\n<p>ALD-52, taip pat \u017einomas kaip 1-acetil-LSD, yra cheminis lizergin\u0117s r\u016bg\u0161ties dietilamido (LSD) analogas. Tai lizergamid\u0173 klas\u0117s psichodelin\u0117 med\u017eiaga, kuri sukelia \u012f LSD pana\u0161\u0173 psichodelin\u012f poveik\u012f.<\/p>\n<p class=\"h2_style\">Greita informacija<\/p>\n<p>Produkto pavadinimas: <a href=\"https:\/\/www.bestglobalmeds.com\/product\/research-chemicals\/buy-ald-52-powder\/\">ALD-52<\/a><br \/> Sinonimai: ALD-52, 1-acetil-LSD, 1A-LSD , 1A-LAD<br \/> CAS Nr.: 3270-02-8<br \/> Molekulin\u0117 formul\u0117: C22H27N3O2<br \/> IUPAC: (6aR,9R)-4-acetil-N,N-dietil-7-metil -4,6,6a,7,8,9-heksahidroindolo[4,3-fg]chinolin-9-karboksamidas<br \/> Molekulin\u0117 mas\u0117: 365,477 g\/mol<br \/> Grynumas: 99,6 %<br \/> I\u0161vaizda : Balti kristaliniai milteliai \/ beveik balti milteliai<\/p>\n<h2>ALD-52 milteli\u0173 tiek\u0117jas<\/h2>\n<p>Vienas i\u0161 pirmaujan\u010di\u0173 Europos farmacijos \u017ealiav\u0173 tiek\u0117j\u0173, esame \u017einomi d\u0117l i\u0161skirtinio produkt\u0173 asortimento ir m\u016bs\u0173 kokybi\u0161kos generini\u0173 vaist\u0173 pristatymo paslaugos. B\u016bdami ALD-52 milteli\u0173 didmenine prekyba, stengiam\u0117s tiekti rinkoje auk\u0161tos kokyb\u0117s ir ekonomi\u0161kus produktus.<\/p>\n<div class=\"product-next-previous\">\n<div class=\"product-prev\">\n<p> div&gt; <\/p><\/div>\n","protected":false},"excerpt":{"rendered":"<p>Geriausia vieta pirkti ALD-52 miltelius yra i\u0161 JK. Taip pat galite nusipirkti i\u0161 Europos, Australijos ir ES u\u017e pigi\u0105 kain\u0105. Pirkite ALD-52 miltelius 2022, ALD-52 miltelius per nakt\u012f, ALD-52 milteli\u0173 kain\u0105.<\/p>\n<p>Viena i\u0161 \u012fmoni\u0173, gaminan\u010di\u0173 ir parduodan\u010di\u0173 ALD-52.<\/p>\n<p>Internetin\u0117 parduotuv\u0117: pirkite ALD-52 internetu, ALD-52 parduodamas, ALD-52 pardav\u0117jas, ALD-52 milteliai, pirkite dabar<\/p>\n<p>ALD-52\u00a0reddit. Pristatymas nemokamas.<\/p>\n<p>Grynus miltelius su 10 mg ALD-52 galite parduoti internetu.<\/p>\n<p>&nbsp;<\/p>\n<p><strong>25 %<\/strong> &gt;\u00a0i\u0161jungta\u00a0<strong>40 mg\u00a0<\/strong>ir daugiau. Kupono kodas: bhobos2018z<\/p>\n<table class=\"table\">\n<tbody>\n<tr>\n<th><span style=\"font-weight: 400\">Min. u\u017esakymo kiekis:<\/span><\/th>\n<td>10 g<\/td>\n<\/tr>\n<tr>\n<th><span style=\"font-weight: 400\">Tiekimo galimyb\u0117s:<\/span><\/th>\n<td>100 kg per m\u0117nes\u012f<\/td>\n<\/tr>\n<tr>\n<th><span style=\"font-weight: 400\">Uostas:<\/span><\/th>\n<td>Var\u0161uva, Nyderlandai<\/td>\n<\/tr>\n<tr>\n<th><span style=\"font-weight: 400\">Mok\u0117jimo s\u0105lygos:<\/span><\/th>\n<td>Banko pavedimas, Bitcoin, WU\/MG, kita<\/td>\n<\/tr>\n<tr>\n<th><span style=\"font-weight: 400\">I\u0161sami pakuot\u0117s informacija:<\/span><\/th>\n<td>Pagal kliento pageidavim\u0105<\/td>\n<\/tr>\n<tr>\n<th><span style=\"font-weight: 400\">Pristatymo informacija:<\/span><\/th>\n<td>DPD, greitasis pristatymas, farmacijos kurjeris ES<\/td>\n<\/tr>\n<\/tbody>\n<\/table>\n","protected":false},"featured_media":5699,"comment_status":"open","ping_status":"closed","template":"","meta":[],"product_brand":[],"product_cat":[2014],"product_tag":[3574,3576,3582,3579,3580,3581,3577,3583,3585,3586,3588,3589,3590,3587,3575,3578,3584],"class_list":{"0":"post-5686","1":"product","2":"type-product","3":"status-publish","4":"has-post-thumbnail","6":"product_cat-pirkti-tyrineti-chemikalai","7":"product_tag-ald-52-dosage","8":"product_tag-ald-52-milteliai","9":"product_tag-ald-52-milteliai-didmenin-prekyba","10":"product_tag-ald-52-powder-order","11":"product_tag-ald-52-powder-reddit","12":"product_tag-ald-52-powder-supplier","13":"product_tag-ald-52-milteli-efektas","14":"product_tag-best-place-to-order-ald-52","15":"product_tag-buy-ald-52-powder","16":"product_tag-buy-ald-52-powder-online","17":"product_tag-grynas-ald-52-milteliai","18":"product_tag-pure-ald-52-powder-google","19":"product_tag-kas-yra-ald-52-milteliai","20":"product_tag-order-ald-52-powder","21":"product_tag-ald-52-parduodamas","22":"product_tag-ald-52-milteliai-parduodami","23":"product_tag-pirkti-ald-52","25":"first","26":"instock","27":"shipping-taxable","28":"purchasable","29":"product-type-simple"},"yoast_head":"<!-- This site is optimized with the Yoast SEO plugin v27.3 - https:\/\/yoast.com\/product\/yoast-seo-wordpress\/ -->\n<title>Pirkite ALD-52 miltelius \u2013 ALD-52 miltelius internetu \u2013 geriausius pasaulinius vaistus<\/title>\n<meta name=\"description\" content=\"Pirkti Pirkite ALD-52 miltelius pardavimui JK, Europoje, AU, ES, u\u017esisakykite pigiai\u00a0Pirkite ALD-52 miltelius\u00a02022, kur\u00a0pirkti\u00a0auk\u0161tos kokyb\u0117s miltelius\u00a0Pirkite ALD-52 miltelius per nakt\u012f,\u00a0ALD-52 milteli\u0173\u00a0kaina.\" \/>\n<meta name=\"robots\" content=\"index, follow, max-snippet:-1, max-image-preview:large, max-video-preview:-1\" \/>\n<link rel=\"canonical\" href=\"https:\/\/medicinasinc.com\/lt\/product\/pirkti-ald-52-milteliai\/\" \/>\n<meta property=\"og:locale\" content=\"en_US\" \/>\n<meta property=\"og:type\" content=\"article\" \/>\n<meta property=\"og:title\" content=\"Pirkite ALD-52 miltelius \u2013 ALD-52 miltelius internetu \u2013 geriausius pasaulinius vaistus\" \/>\n<meta property=\"og:description\" content=\"Pirkti Pirkite ALD-52 miltelius pardavimui JK, Europoje, AU, ES, u\u017esisakykite pigiai\u00a0Pirkite ALD-52 miltelius\u00a02022, kur\u00a0pirkti\u00a0auk\u0161tos kokyb\u0117s miltelius\u00a0Pirkite ALD-52 miltelius per nakt\u012f,\u00a0ALD-52 milteli\u0173\u00a0kaina.\" \/>\n<meta property=\"og:url\" content=\"https:\/\/medicinasinc.com\/lt\/product\/pirkti-ald-52-milteliai\/\" \/>\n<meta property=\"og:site_name\" content=\"Medicinas Inc\" \/>\n<meta property=\"article:modified_time\" content=\"2022-03-20T12:10:10+00:00\" \/>\n<meta property=\"og:image\" content=\"https:\/\/medicinasinc.com\/lt\/wp-content\/uploads\/sites\/9\/2022\/02\/Buy-ALD-52-Powder.jpg\" \/>\n\t<meta property=\"og:image:width\" content=\"1080\" \/>\n\t<meta property=\"og:image:height\" content=\"995\" \/>\n\t<meta property=\"og:image:type\" content=\"image\/jpeg\" \/>\n<meta name=\"twitter:card\" content=\"summary_large_image\" \/>\n<meta name=\"twitter:label1\" content=\"Est. reading time\" \/>\n\t<meta name=\"twitter:data1\" content=\"1 minute\" \/>\n<script type=\"application\/ld+json\" class=\"yoast-schema-graph\">{\"@context\":\"https:\\\/\\\/schema.org\",\"@graph\":[{\"@type\":\"WebPage\",\"@id\":\"https:\\\/\\\/medicinasinc.com\\\/lt\\\/product\\\/pirkti-ald-52-milteliai\\\/\",\"url\":\"https:\\\/\\\/medicinasinc.com\\\/lt\\\/product\\\/pirkti-ald-52-milteliai\\\/\",\"name\":\"Pirkite ALD-52 miltelius \u2013 ALD-52 miltelius internetu \u2013 geriausius pasaulinius vaistus\",\"isPartOf\":{\"@id\":\"https:\\\/\\\/medicinasinc.com\\\/lt\\\/#website\"},\"primaryImageOfPage\":{\"@id\":\"https:\\\/\\\/medicinasinc.com\\\/lt\\\/product\\\/pirkti-ald-52-milteliai\\\/#primaryimage\"},\"image\":{\"@id\":\"https:\\\/\\\/medicinasinc.com\\\/lt\\\/product\\\/pirkti-ald-52-milteliai\\\/#primaryimage\"},\"thumbnailUrl\":\"https:\\\/\\\/medicinasinc.com\\\/lt\\\/wp-content\\\/uploads\\\/sites\\\/9\\\/2022\\\/02\\\/Buy-ALD-52-Powder.jpg\",\"datePublished\":\"2022-02-22T04:12:43+00:00\",\"dateModified\":\"2022-03-20T12:10:10+00:00\",\"description\":\"Pirkti Pirkite ALD-52 miltelius pardavimui JK, Europoje, AU, ES, u\u017esisakykite pigiai\u00a0Pirkite ALD-52 miltelius\u00a02022, kur\u00a0pirkti\u00a0auk\u0161tos kokyb\u0117s miltelius\u00a0Pirkite ALD-52 miltelius per nakt\u012f,\u00a0ALD-52 milteli\u0173\u00a0kaina.\",\"breadcrumb\":{\"@id\":\"https:\\\/\\\/medicinasinc.com\\\/lt\\\/product\\\/pirkti-ald-52-milteliai\\\/#breadcrumb\"},\"inLanguage\":\"en-US\",\"potentialAction\":[{\"@type\":\"ReadAction\",\"target\":[\"https:\\\/\\\/medicinasinc.com\\\/lt\\\/product\\\/pirkti-ald-52-milteliai\\\/\"]}]},{\"@type\":\"ImageObject\",\"inLanguage\":\"en-US\",\"@id\":\"https:\\\/\\\/medicinasinc.com\\\/lt\\\/product\\\/pirkti-ald-52-milteliai\\\/#primaryimage\",\"url\":\"https:\\\/\\\/medicinasinc.com\\\/lt\\\/wp-content\\\/uploads\\\/sites\\\/9\\\/2022\\\/02\\\/Buy-ALD-52-Powder.jpg\",\"contentUrl\":\"https:\\\/\\\/medicinasinc.com\\\/lt\\\/wp-content\\\/uploads\\\/sites\\\/9\\\/2022\\\/02\\\/Buy-ALD-52-Powder.jpg\",\"width\":1080,\"height\":995},{\"@type\":\"BreadcrumbList\",\"@id\":\"https:\\\/\\\/medicinasinc.com\\\/lt\\\/product\\\/pirkti-ald-52-milteliai\\\/#breadcrumb\",\"itemListElement\":[{\"@type\":\"ListItem\",\"position\":1,\"name\":\"Parduotuv\u0117\",\"item\":\"https:\\\/\\\/medicinasinc.com\\\/lt\\\/parduotuve\\\/\"},{\"@type\":\"ListItem\",\"position\":2,\"name\":\"Pirkite ALD-52 miltelius\"}]},{\"@type\":\"WebSite\",\"@id\":\"https:\\\/\\\/medicinasinc.com\\\/lt\\\/#website\",\"url\":\"https:\\\/\\\/medicinasinc.com\\\/lt\\\/\",\"name\":\"Medicinas Inc\",\"description\":\"Sveikatos medicinos klinika\",\"potentialAction\":[{\"@type\":\"SearchAction\",\"target\":{\"@type\":\"EntryPoint\",\"urlTemplate\":\"https:\\\/\\\/medicinasinc.com\\\/lt\\\/?s={search_term_string}\"},\"query-input\":{\"@type\":\"PropertyValueSpecification\",\"valueRequired\":true,\"valueName\":\"search_term_string\"}}],\"inLanguage\":\"en-US\"}]}<\/script>\n<!-- \/ Yoast SEO plugin. -->","yoast_head_json":{"title":"Pirkite ALD-52 miltelius \u2013 ALD-52 miltelius internetu \u2013 geriausius pasaulinius vaistus","description":"Pirkti Pirkite ALD-52 miltelius pardavimui JK, Europoje, AU, ES, u\u017esisakykite pigiai\u00a0Pirkite ALD-52 miltelius\u00a02022, kur\u00a0pirkti\u00a0auk\u0161tos kokyb\u0117s miltelius\u00a0Pirkite ALD-52 miltelius per nakt\u012f,\u00a0ALD-52 milteli\u0173\u00a0kaina.","robots":{"index":"index","follow":"follow","max-snippet":"max-snippet:-1","max-image-preview":"max-image-preview:large","max-video-preview":"max-video-preview:-1"},"canonical":"https:\/\/medicinasinc.com\/lt\/product\/pirkti-ald-52-milteliai\/","og_locale":"en_US","og_type":"article","og_title":"Pirkite ALD-52 miltelius \u2013 ALD-52 miltelius internetu \u2013 geriausius pasaulinius vaistus","og_description":"Pirkti Pirkite ALD-52 miltelius pardavimui JK, Europoje, AU, ES, u\u017esisakykite pigiai\u00a0Pirkite ALD-52 miltelius\u00a02022, kur\u00a0pirkti\u00a0auk\u0161tos kokyb\u0117s miltelius\u00a0Pirkite ALD-52 miltelius per nakt\u012f,\u00a0ALD-52 milteli\u0173\u00a0kaina.","og_url":"https:\/\/medicinasinc.com\/lt\/product\/pirkti-ald-52-milteliai\/","og_site_name":"Medicinas Inc","article_modified_time":"2022-03-20T12:10:10+00:00","og_image":[{"width":1080,"height":995,"url":"https:\/\/medicinasinc.com\/lt\/wp-content\/uploads\/sites\/9\/2022\/02\/Buy-ALD-52-Powder.jpg","type":"image\/jpeg"}],"twitter_card":"summary_large_image","twitter_misc":{"Est. reading time":"1 minute"},"schema":{"@context":"https:\/\/schema.org","@graph":[{"@type":"WebPage","@id":"https:\/\/medicinasinc.com\/lt\/product\/pirkti-ald-52-milteliai\/","url":"https:\/\/medicinasinc.com\/lt\/product\/pirkti-ald-52-milteliai\/","name":"Pirkite ALD-52 miltelius \u2013 ALD-52 miltelius internetu \u2013 geriausius pasaulinius vaistus","isPartOf":{"@id":"https:\/\/medicinasinc.com\/lt\/#website"},"primaryImageOfPage":{"@id":"https:\/\/medicinasinc.com\/lt\/product\/pirkti-ald-52-milteliai\/#primaryimage"},"image":{"@id":"https:\/\/medicinasinc.com\/lt\/product\/pirkti-ald-52-milteliai\/#primaryimage"},"thumbnailUrl":"https:\/\/medicinasinc.com\/lt\/wp-content\/uploads\/sites\/9\/2022\/02\/Buy-ALD-52-Powder.jpg","datePublished":"2022-02-22T04:12:43+00:00","dateModified":"2022-03-20T12:10:10+00:00","description":"Pirkti Pirkite ALD-52 miltelius pardavimui JK, Europoje, AU, ES, u\u017esisakykite pigiai\u00a0Pirkite ALD-52 miltelius\u00a02022, kur\u00a0pirkti\u00a0auk\u0161tos kokyb\u0117s miltelius\u00a0Pirkite ALD-52 miltelius per nakt\u012f,\u00a0ALD-52 milteli\u0173\u00a0kaina.","breadcrumb":{"@id":"https:\/\/medicinasinc.com\/lt\/product\/pirkti-ald-52-milteliai\/#breadcrumb"},"inLanguage":"en-US","potentialAction":[{"@type":"ReadAction","target":["https:\/\/medicinasinc.com\/lt\/product\/pirkti-ald-52-milteliai\/"]}]},{"@type":"ImageObject","inLanguage":"en-US","@id":"https:\/\/medicinasinc.com\/lt\/product\/pirkti-ald-52-milteliai\/#primaryimage","url":"https:\/\/medicinasinc.com\/lt\/wp-content\/uploads\/sites\/9\/2022\/02\/Buy-ALD-52-Powder.jpg","contentUrl":"https:\/\/medicinasinc.com\/lt\/wp-content\/uploads\/sites\/9\/2022\/02\/Buy-ALD-52-Powder.jpg","width":1080,"height":995},{"@type":"BreadcrumbList","@id":"https:\/\/medicinasinc.com\/lt\/product\/pirkti-ald-52-milteliai\/#breadcrumb","itemListElement":[{"@type":"ListItem","position":1,"name":"Parduotuv\u0117","item":"https:\/\/medicinasinc.com\/lt\/parduotuve\/"},{"@type":"ListItem","position":2,"name":"Pirkite ALD-52 miltelius"}]},{"@type":"WebSite","@id":"https:\/\/medicinasinc.com\/lt\/#website","url":"https:\/\/medicinasinc.com\/lt\/","name":"Medicinas Inc","description":"Sveikatos medicinos klinika","potentialAction":[{"@type":"SearchAction","target":{"@type":"EntryPoint","urlTemplate":"https:\/\/medicinasinc.com\/lt\/?s={search_term_string}"},"query-input":{"@type":"PropertyValueSpecification","valueRequired":true,"valueName":"search_term_string"}}],"inLanguage":"en-US"}]}},"_links":{"self":[{"href":"https:\/\/medicinasinc.com\/lt\/wp-json\/wp\/v2\/product\/5686","targetHints":{"allow":["GET"]}}],"collection":[{"href":"https:\/\/medicinasinc.com\/lt\/wp-json\/wp\/v2\/product"}],"about":[{"href":"https:\/\/medicinasinc.com\/lt\/wp-json\/wp\/v2\/types\/product"}],"replies":[{"embeddable":true,"href":"https:\/\/medicinasinc.com\/lt\/wp-json\/wp\/v2\/comments?post=5686"}],"wp:featuredmedia":[{"embeddable":true,"href":"https:\/\/medicinasinc.com\/lt\/wp-json\/wp\/v2\/media\/5699"}],"wp:attachment":[{"href":"https:\/\/medicinasinc.com\/lt\/wp-json\/wp\/v2\/media?parent=5686"}],"wp:term":[{"taxonomy":"product_brand","embeddable":true,"href":"https:\/\/medicinasinc.com\/lt\/wp-json\/wp\/v2\/product_brand?post=5686"},{"taxonomy":"product_cat","embeddable":true,"href":"https:\/\/medicinasinc.com\/lt\/wp-json\/wp\/v2\/product_cat?post=5686"},{"taxonomy":"product_tag","embeddable":true,"href":"https:\/\/medicinasinc.com\/lt\/wp-json\/wp\/v2\/product_tag?post=5686"}],"curies":[{"name":"wp","href":"https:\/\/api.w.org\/{rel}","templated":true}]}}