{"id":5685,"date":"2022-02-22T04:11:15","date_gmt":"2022-02-22T04:11:15","guid":{"rendered":"https:\/\/medicinasinc.com\/lt\/?post_type=product&#038;p=5685"},"modified":"2022-03-20T12:10:19","modified_gmt":"2022-03-20T12:10:19","slug":"pirkite-issiurbkite-vonioje-druska","status":"publish","type":"product","link":"https:\/\/medicinasinc.com\/lt\/product\/pirkite-issiurbkite-vonioje-druska\/","title":{"rendered":"Pirkite Pump It vonios drusk\u0105"},"content":{"rendered":"<p>Pump-It Powder vonios druskas verta pirkti i\u0161 patikimo \u0161altinio. Prekiaujame geriausiais maudymosi produktais, pavyzd\u017eiui, vonios druskomis. Vonios druskos suteiks jums skland\u0173, jausming\u0105 voni\u0105, kuri\u0105 naudodami jausit\u0117s \u0161var\u016bs. Ta\u010diau m\u016bs\u0173 klientai gali b\u016bti tikri, kad gaus geriausius produktus rinkoje. Ta\u010diau mes taip pat parduodame ir perkame kitas koncentruotas vonios druskas geromis kainomis.<\/p>\n<p>M\u016bs\u0173 vonios druskos turi stipr\u0173 kvap\u0105.<\/p>\n<p>Pump-It Powder vonios druskos yra skirtos suteikti j\u016bs\u0173 maudymosi patirt\u012f. dar \u012fdomesnis, energingesnis ir eufori\u0161kesnis. Norint pasiekti didel\u012f skirtum\u0105, reikia tik nedidel\u0117s sumos. Ta\u010diau galite tiesiog \u012fpilti nedidel\u012f kiek\u012f \u012f kar\u0161t\u0105 voni\u0105, kad vanduo nat\u016braliai sumink\u0161t\u0117t\u0173 ir po to jausit\u0117s labai energingi ir laimingi. Ta\u010diau jis naudojamas atrodyti kaip nat\u016bralios Graikijos j\u016bros kar\u0161tosios versm\u0117s. I\u0161 prad\u017ei\u0173 naudokite Pump-It Powder saikingai, nes per daug vandens vonioje bus purvinas ir b\u016bsite nepatenkinti. Ta\u010diau jei Pump-It Powder naudosite teisingai, jis gali pad\u0117ti patekti \u012f vietas, kurios, j\u016bs\u0173 manymu, yra ne\u012fmanomos.<\/p>\n<p>Susijusios prek\u0117s:<br \/> Kai kurias originalias vonios druskas galite pamatyti toliau pateiktame s\u0105ra\u0161e. .<br \/> Tai 500 mg koncentruot\u0173 vonios drusk\u0173 i\u0161 Rave On.<br \/> A\u0161tuoniose Ballz vonios druskos yra 500 mg.<br \/> Auk\u0161\u010diausios kokyb\u0117s vonios druskos i\u0161 Holivudo yra 1 gramas.<br \/> 500 mg DIAMOND DUST<br \/> Viename valgomajame \u0161auk\u0161te yra 500 mg milteli\u0173.<br \/> Black Diamond Novelty Powder yra pagaminti i\u0161 Black Diamond.<br \/> Tai 500 mg Pump-it milteli\u0173 i\u0161 Eight Ballz.<br \/> 500 mg White Rush Bath Druskos<br \/> Ivory Wave Ultra vonios druskos yra 500 mg.<br \/> Ivory Wave 500 mg vonios druskos<br \/> \u0160iuo atveju pakuot\u0117je yra 500 mg Lady Bubbles vonios druskos.<br \/> Cloud. 9 vonios druskos turi 500 mg j\u0173.<br \/> \u0160iame buteliuke yra 500 mg Heavenly Soak Euphoric \u2013 naujovi\u0173 milteli\u0173.<br \/> Tai 500 mg Heavenly Soak \u2013 Energy \u2013 Pramogos milteli\u0173.<br \/> 500 mg Sky \u2013 Fun. Milteliai<br \/> Yra 500 mg naujovi\u0173 der in Molly&#8217;s Blend \u2013<\/p>\n<p>&nbsp;<\/p>\n<p>Vanilla Sky vonios druskos 500mg, Fizz koncentruotos vonios druskos 500mg, Bolivijos Ivory Wave Recharge vonios druskos 500mg, White Girl koncentruotos vonios druskos,Traquility 500mg Vonios druskos 500mg, X \u012fvertintos vonios druskos 500mg<br \/> Ivory Smooth 500mg vonios druskos<br \/> 50mg Blue Wave vonios druskos<br \/> Blue Silk yra 500mg vonios druskos.<br \/> \u0160iuo atveju 500mg Buvo naudojamos Bolivijos vonios druskos.<br \/> Vonios druskos i\u0161 G Pheonix<\/p>\n<p>&nbsp;<\/p>\n<p>\u0160iuo atveju jums reikia White Girl 500 mg koncentruotos vonios druskos.<br \/> 500 mg \u201eWhite Lady\u201c vonios druskos<br \/> \u201eBliss\u201c koncentruot\u0173 vonios drusk\u0173 kiekviename mai\u0161elyje yra 500 mg druskos.<br \/> \u201eSnow Leopard Bath Salts\u201c kiekviename mai\u0161elyje j\u0173 yra 500 mg.<br \/> 500 mg papildom\u0173 vonios drusk\u0173 i\u0161 Lunar. Banga. 500 mg koncentruotos vonios druskos i\u0161 White Horse.<br \/> 500 mg gaivinan\u010di\u0173 vonios drusk\u0173<br \/> 500 mg Cloud 10 vonios druskos<br \/> Blue Magic: 500 mg vonios drusk\u0173<br \/> Vonios druska, pavadinta Scarface, turi 500 mg <br \/> Taip pat daug daugiau \u017emoni\u0173.<\/p>\n","protected":false},"excerpt":{"rendered":"<p>M\u016bs\u0173 internetin\u0117je parduotuv\u0117je Bestglobalmeds.com galite nusipirkti Pump It vonios druskos JK, Europoje ir Australijoje, o mes j\u0105 i\u0161kart i\u0161si\u0173sime. \u010cia galite nusipirkti geriausios Pump It Vonios druskos!<\/p>\n<p>Pump It Up vonios drusk\u0105 galite saugiai pirkti i\u0161 \u201eGlobal medicinas Bath Salts\u201c. Parduodame koncentruotas K2 vonios druskas \u017eemomis kainomis internete.<\/p>\n<p>Pump It vonios drusk\u0105 galite \u012fsigyti u\u017e geriausi\u0105 kain\u0105 parduotuv\u0117je. Pa\u017eadame saug\u0173 ir patikim\u0105 pristatym\u0105 visame pasaulyje.<\/p>\n<p>Kur norite \u012fsigyti \u201ePump-It Powder\u201c vonios druskos&#8221;? \u201eBest Global Meds\u201c suteikia galimyb\u0119 internetu \u012fsigyti amped vonios drusk\u0173.<\/p>\n","protected":false},"featured_media":5697,"comment_status":"open","ping_status":"closed","template":"","meta":[],"product_brand":[],"product_cat":[2014],"product_tag":[3565,3566,3570,3568,3572,3573,3571,3569,3567],"class_list":{"0":"post-5685","1":"product","2":"type-product","3":"status-publish","4":"has-post-thumbnail","6":"product_cat-pirkti-tyrineti-chemikalai","7":"product_tag-buy-pump-it-bath-salt","8":"product_tag-buy-pump-it-powder-bath-salts","9":"product_tag-siurblys-vonia-druska-parduodamas","10":"product_tag-isiurbkite-voni-drusk-pirkkite","11":"product_tag-pump-it-bath-salt-pwder","12":"product_tag-pump-it-bath-salt-reddit","13":"product_tag-siurbkite-voni-c4-85-drusk-c4-85","14":"product_tag-siurblys-vonios-druskos-efektas","15":"product_tag-usisakyk-siurbk-tai-vonios-druska","17":"first","18":"instock","19":"featured","20":"shipping-taxable","21":"purchasable","22":"product-type-variable","23":"has-default-attributes"},"yoast_head":"<!-- This site is optimized with the Yoast SEO plugin v27.3 - https:\/\/yoast.com\/product\/yoast-seo-wordpress\/ -->\n<title>Pirkite Pump It Bath Salt \u2013 Pump It Bath Salt \u2013 geriausius pasaulinius vaistus<\/title>\n<meta name=\"description\" content=\"Pirkite Pump It Bath Salt pardavimui JK, Europoje, AU m\u016bs\u0173 Bestglobalmeds internetin\u0117je parduotuv\u0117je su greitu pristatymu visame pasaulyje! Geriausi\u0105 Pump It vonios drusk\u0105, kuri\u0105 galite u\u017esisakyti, rasite \u010dia!\" \/>\n<meta name=\"robots\" content=\"index, follow, max-snippet:-1, max-image-preview:large, max-video-preview:-1\" \/>\n<link rel=\"canonical\" href=\"https:\/\/medicinasinc.com\/lt\/product\/pirkite-issiurbkite-vonioje-druska\/\" \/>\n<meta property=\"og:locale\" content=\"en_US\" \/>\n<meta property=\"og:type\" content=\"article\" \/>\n<meta property=\"og:title\" content=\"Pirkite Pump It Bath Salt \u2013 Pump It Bath Salt \u2013 geriausius pasaulinius vaistus\" \/>\n<meta property=\"og:description\" content=\"Pirkite Pump It Bath Salt pardavimui JK, Europoje, AU m\u016bs\u0173 Bestglobalmeds internetin\u0117je parduotuv\u0117je su greitu pristatymu visame pasaulyje! Geriausi\u0105 Pump It vonios drusk\u0105, kuri\u0105 galite u\u017esisakyti, rasite \u010dia!\" \/>\n<meta property=\"og:url\" content=\"https:\/\/medicinasinc.com\/lt\/product\/pirkite-issiurbkite-vonioje-druska\/\" \/>\n<meta property=\"og:site_name\" content=\"Medicinas Inc\" \/>\n<meta property=\"article:modified_time\" content=\"2022-03-20T12:10:19+00:00\" \/>\n<meta property=\"og:image\" content=\"https:\/\/medicinasinc.com\/lt\/wp-content\/uploads\/sites\/9\/2022\/02\/Buy-Pump-It-Bath-Salt.jpg\" \/>\n\t<meta property=\"og:image:width\" content=\"600\" \/>\n\t<meta property=\"og:image:height\" content=\"600\" \/>\n\t<meta property=\"og:image:type\" content=\"image\/jpeg\" \/>\n<meta name=\"twitter:card\" content=\"summary_large_image\" \/>\n<meta name=\"twitter:label1\" content=\"Est. reading time\" \/>\n\t<meta name=\"twitter:data1\" content=\"3 minutes\" \/>\n<script type=\"application\/ld+json\" class=\"yoast-schema-graph\">{\"@context\":\"https:\\\/\\\/schema.org\",\"@graph\":[{\"@type\":\"WebPage\",\"@id\":\"https:\\\/\\\/medicinasinc.com\\\/lt\\\/product\\\/pirkite-issiurbkite-vonioje-druska\\\/\",\"url\":\"https:\\\/\\\/medicinasinc.com\\\/lt\\\/product\\\/pirkite-issiurbkite-vonioje-druska\\\/\",\"name\":\"Pirkite Pump It Bath Salt \u2013 Pump It Bath Salt \u2013 geriausius pasaulinius vaistus\",\"isPartOf\":{\"@id\":\"https:\\\/\\\/medicinasinc.com\\\/lt\\\/#website\"},\"primaryImageOfPage\":{\"@id\":\"https:\\\/\\\/medicinasinc.com\\\/lt\\\/product\\\/pirkite-issiurbkite-vonioje-druska\\\/#primaryimage\"},\"image\":{\"@id\":\"https:\\\/\\\/medicinasinc.com\\\/lt\\\/product\\\/pirkite-issiurbkite-vonioje-druska\\\/#primaryimage\"},\"thumbnailUrl\":\"https:\\\/\\\/medicinasinc.com\\\/lt\\\/wp-content\\\/uploads\\\/sites\\\/9\\\/2022\\\/02\\\/Buy-Pump-It-Bath-Salt.jpg\",\"datePublished\":\"2022-02-22T04:11:15+00:00\",\"dateModified\":\"2022-03-20T12:10:19+00:00\",\"description\":\"Pirkite Pump It Bath Salt pardavimui JK, Europoje, AU m\u016bs\u0173 Bestglobalmeds internetin\u0117je parduotuv\u0117je su greitu pristatymu visame pasaulyje! Geriausi\u0105 Pump It vonios drusk\u0105, kuri\u0105 galite u\u017esisakyti, rasite \u010dia!\",\"breadcrumb\":{\"@id\":\"https:\\\/\\\/medicinasinc.com\\\/lt\\\/product\\\/pirkite-issiurbkite-vonioje-druska\\\/#breadcrumb\"},\"inLanguage\":\"en-US\",\"potentialAction\":[{\"@type\":\"ReadAction\",\"target\":[\"https:\\\/\\\/medicinasinc.com\\\/lt\\\/product\\\/pirkite-issiurbkite-vonioje-druska\\\/\"]}]},{\"@type\":\"ImageObject\",\"inLanguage\":\"en-US\",\"@id\":\"https:\\\/\\\/medicinasinc.com\\\/lt\\\/product\\\/pirkite-issiurbkite-vonioje-druska\\\/#primaryimage\",\"url\":\"https:\\\/\\\/medicinasinc.com\\\/lt\\\/wp-content\\\/uploads\\\/sites\\\/9\\\/2022\\\/02\\\/Buy-Pump-It-Bath-Salt.jpg\",\"contentUrl\":\"https:\\\/\\\/medicinasinc.com\\\/lt\\\/wp-content\\\/uploads\\\/sites\\\/9\\\/2022\\\/02\\\/Buy-Pump-It-Bath-Salt.jpg\",\"width\":600,\"height\":600},{\"@type\":\"BreadcrumbList\",\"@id\":\"https:\\\/\\\/medicinasinc.com\\\/lt\\\/product\\\/pirkite-issiurbkite-vonioje-druska\\\/#breadcrumb\",\"itemListElement\":[{\"@type\":\"ListItem\",\"position\":1,\"name\":\"Parduotuv\u0117\",\"item\":\"https:\\\/\\\/medicinasinc.com\\\/lt\\\/parduotuve\\\/\"},{\"@type\":\"ListItem\",\"position\":2,\"name\":\"Pirkite Pump It vonios drusk\u0105\"}]},{\"@type\":\"WebSite\",\"@id\":\"https:\\\/\\\/medicinasinc.com\\\/lt\\\/#website\",\"url\":\"https:\\\/\\\/medicinasinc.com\\\/lt\\\/\",\"name\":\"Medicinas Inc\",\"description\":\"Sveikatos medicinos klinika\",\"potentialAction\":[{\"@type\":\"SearchAction\",\"target\":{\"@type\":\"EntryPoint\",\"urlTemplate\":\"https:\\\/\\\/medicinasinc.com\\\/lt\\\/?s={search_term_string}\"},\"query-input\":{\"@type\":\"PropertyValueSpecification\",\"valueRequired\":true,\"valueName\":\"search_term_string\"}}],\"inLanguage\":\"en-US\"}]}<\/script>\n<!-- \/ Yoast SEO plugin. -->","yoast_head_json":{"title":"Pirkite Pump It Bath Salt \u2013 Pump It Bath Salt \u2013 geriausius pasaulinius vaistus","description":"Pirkite Pump It Bath Salt pardavimui JK, Europoje, AU m\u016bs\u0173 Bestglobalmeds internetin\u0117je parduotuv\u0117je su greitu pristatymu visame pasaulyje! Geriausi\u0105 Pump It vonios drusk\u0105, kuri\u0105 galite u\u017esisakyti, rasite \u010dia!","robots":{"index":"index","follow":"follow","max-snippet":"max-snippet:-1","max-image-preview":"max-image-preview:large","max-video-preview":"max-video-preview:-1"},"canonical":"https:\/\/medicinasinc.com\/lt\/product\/pirkite-issiurbkite-vonioje-druska\/","og_locale":"en_US","og_type":"article","og_title":"Pirkite Pump It Bath Salt \u2013 Pump It Bath Salt \u2013 geriausius pasaulinius vaistus","og_description":"Pirkite Pump It Bath Salt pardavimui JK, Europoje, AU m\u016bs\u0173 Bestglobalmeds internetin\u0117je parduotuv\u0117je su greitu pristatymu visame pasaulyje! Geriausi\u0105 Pump It vonios drusk\u0105, kuri\u0105 galite u\u017esisakyti, rasite \u010dia!","og_url":"https:\/\/medicinasinc.com\/lt\/product\/pirkite-issiurbkite-vonioje-druska\/","og_site_name":"Medicinas Inc","article_modified_time":"2022-03-20T12:10:19+00:00","og_image":[{"width":600,"height":600,"url":"https:\/\/medicinasinc.com\/lt\/wp-content\/uploads\/sites\/9\/2022\/02\/Buy-Pump-It-Bath-Salt.jpg","type":"image\/jpeg"}],"twitter_card":"summary_large_image","twitter_misc":{"Est. reading time":"3 minutes"},"schema":{"@context":"https:\/\/schema.org","@graph":[{"@type":"WebPage","@id":"https:\/\/medicinasinc.com\/lt\/product\/pirkite-issiurbkite-vonioje-druska\/","url":"https:\/\/medicinasinc.com\/lt\/product\/pirkite-issiurbkite-vonioje-druska\/","name":"Pirkite Pump It Bath Salt \u2013 Pump It Bath Salt \u2013 geriausius pasaulinius vaistus","isPartOf":{"@id":"https:\/\/medicinasinc.com\/lt\/#website"},"primaryImageOfPage":{"@id":"https:\/\/medicinasinc.com\/lt\/product\/pirkite-issiurbkite-vonioje-druska\/#primaryimage"},"image":{"@id":"https:\/\/medicinasinc.com\/lt\/product\/pirkite-issiurbkite-vonioje-druska\/#primaryimage"},"thumbnailUrl":"https:\/\/medicinasinc.com\/lt\/wp-content\/uploads\/sites\/9\/2022\/02\/Buy-Pump-It-Bath-Salt.jpg","datePublished":"2022-02-22T04:11:15+00:00","dateModified":"2022-03-20T12:10:19+00:00","description":"Pirkite Pump It Bath Salt pardavimui JK, Europoje, AU m\u016bs\u0173 Bestglobalmeds internetin\u0117je parduotuv\u0117je su greitu pristatymu visame pasaulyje! Geriausi\u0105 Pump It vonios drusk\u0105, kuri\u0105 galite u\u017esisakyti, rasite \u010dia!","breadcrumb":{"@id":"https:\/\/medicinasinc.com\/lt\/product\/pirkite-issiurbkite-vonioje-druska\/#breadcrumb"},"inLanguage":"en-US","potentialAction":[{"@type":"ReadAction","target":["https:\/\/medicinasinc.com\/lt\/product\/pirkite-issiurbkite-vonioje-druska\/"]}]},{"@type":"ImageObject","inLanguage":"en-US","@id":"https:\/\/medicinasinc.com\/lt\/product\/pirkite-issiurbkite-vonioje-druska\/#primaryimage","url":"https:\/\/medicinasinc.com\/lt\/wp-content\/uploads\/sites\/9\/2022\/02\/Buy-Pump-It-Bath-Salt.jpg","contentUrl":"https:\/\/medicinasinc.com\/lt\/wp-content\/uploads\/sites\/9\/2022\/02\/Buy-Pump-It-Bath-Salt.jpg","width":600,"height":600},{"@type":"BreadcrumbList","@id":"https:\/\/medicinasinc.com\/lt\/product\/pirkite-issiurbkite-vonioje-druska\/#breadcrumb","itemListElement":[{"@type":"ListItem","position":1,"name":"Parduotuv\u0117","item":"https:\/\/medicinasinc.com\/lt\/parduotuve\/"},{"@type":"ListItem","position":2,"name":"Pirkite Pump It vonios drusk\u0105"}]},{"@type":"WebSite","@id":"https:\/\/medicinasinc.com\/lt\/#website","url":"https:\/\/medicinasinc.com\/lt\/","name":"Medicinas Inc","description":"Sveikatos medicinos klinika","potentialAction":[{"@type":"SearchAction","target":{"@type":"EntryPoint","urlTemplate":"https:\/\/medicinasinc.com\/lt\/?s={search_term_string}"},"query-input":{"@type":"PropertyValueSpecification","valueRequired":true,"valueName":"search_term_string"}}],"inLanguage":"en-US"}]}},"_links":{"self":[{"href":"https:\/\/medicinasinc.com\/lt\/wp-json\/wp\/v2\/product\/5685","targetHints":{"allow":["GET"]}}],"collection":[{"href":"https:\/\/medicinasinc.com\/lt\/wp-json\/wp\/v2\/product"}],"about":[{"href":"https:\/\/medicinasinc.com\/lt\/wp-json\/wp\/v2\/types\/product"}],"replies":[{"embeddable":true,"href":"https:\/\/medicinasinc.com\/lt\/wp-json\/wp\/v2\/comments?post=5685"}],"wp:featuredmedia":[{"embeddable":true,"href":"https:\/\/medicinasinc.com\/lt\/wp-json\/wp\/v2\/media\/5697"}],"wp:attachment":[{"href":"https:\/\/medicinasinc.com\/lt\/wp-json\/wp\/v2\/media?parent=5685"}],"wp:term":[{"taxonomy":"product_brand","embeddable":true,"href":"https:\/\/medicinasinc.com\/lt\/wp-json\/wp\/v2\/product_brand?post=5685"},{"taxonomy":"product_cat","embeddable":true,"href":"https:\/\/medicinasinc.com\/lt\/wp-json\/wp\/v2\/product_cat?post=5685"},{"taxonomy":"product_tag","embeddable":true,"href":"https:\/\/medicinasinc.com\/lt\/wp-json\/wp\/v2\/product_tag?post=5685"}],"curies":[{"name":"wp","href":"https:\/\/api.w.org\/{rel}","templated":true}]}}