{"id":5684,"date":"2022-02-22T04:10:18","date_gmt":"2022-02-22T04:10:18","guid":{"rendered":"https:\/\/medicinasinc.com\/lt\/?post_type=product&#038;p=5684"},"modified":"2022-03-20T12:10:27","modified_gmt":"2022-03-20T12:10:27","slug":"pirkti-mmb-2201-milteliai","status":"publish","type":"product","link":"https:\/\/medicinasinc.com\/lt\/product\/pirkti-mmb-2201-milteliai\/","title":{"rendered":"Pirkite MMB-2201 miltelius"},"content":{"rendered":"<p>MDMB-2201 vaistas yra auk\u0161\u010diausios klas\u0117s mokslini\u0173 tyrim\u0173 chemin\u0117 med\u017eiaga, kuri\u0105 galite \u012fsigyti internetu u\u017e priimtin\u0105 kain\u0105. Patikimas tiek\u0117jas bestglobalmed.com si\u016blo 5F-MDMB-2201 su nuolaida. MMB-2201, kaip sukurtas vaistas ir kaip veiklioji sintetini\u0173 kanapi\u0173 mi\u0161ini\u0173 sudedamoji dalis, yra stiprus indolo-3-karboksamido pagrindu pagamintas sintetinis kanabinoidas.<\/p>\n<p>Indol-3-karboksamido pagrindu pagamintas sintetinis kanabinoidas MMB-2201 ( taip pat \u017einomas kaip 5F-MMB-PICA, 5F-AMB-PICA ir I-AMB) buvo reklamuojamas kaip dizaineri\u0173 sukurtas vaistas ir sintetini\u0173 kanapi\u0173 mi\u0161ini\u0173 sudedamoji dalis. Pirm\u0105 kart\u0105 apie tai buvo prane\u0161ta Rusijoje ir Baltarusijoje 2014 m. sausio m\u0117n., o v\u0117liau jis buvo parduotas daugelyje kit\u0173 \u0161ali\u0173. \u0160is junginys yra 5F-AMB indolo branduolio atitikmuo. Sintetiniai kanapi\u0173 junginiai su N-1-metoksikarbonilo grupe, turin\u010dia indol-3-karboksamido \u0161erd\u012f arba indazol-3-karboksamido \u0161erd\u012f, taip pat izopropilo arba t-butilo pakaital\u0105, yra daug kenksmingesni nei senesni sintetiniai kanabinoidai junginiai<\/p>\n<p>Sintetinis kanabinoidas 5F-MDMB-2201 yra labai pana\u0161us \u012f MMB-2201 (indazolo \u0161eima). Tiek CB1, tiek CB2 receptoriams 5F-MDMB-2201 daro reik\u0161ming\u0105 poveik\u012f (agonizm\u0105).<\/p>\n<p>Metabolinis pavadinimas: metil-2-metil-1H-indol-3-karboksamido-dimetilbutanatas<\/p>\n<p>MMB-2201, kaip dizaineri\u0173 sukurtas vaistas ir veiklioji sintetini\u0173 kanapi\u0173 mi\u0161ini\u0173 sudedamoji dalis, yra indol-3-karboksamido pagrindu pagamintas sintetinis kanabinoidas.<\/p>\n<p>889493-21-2 CAS numeris<\/p>\n<p>C21H29FN2O3 yra chemin\u0117 formul\u0117.<\/p>\n<p>Ma\u017eiausias grynumas 99,7 proc.<\/p>\n<p>376,49 yra molekulin\u0117 mas\u0117<\/p>\n<p>Kristalai \/ milteliai i\u0161vaizda<\/p>\n<p> Indol-3-karboksamido pagrindu pagamintas sintetinis kanabinoidas MMB-2201 (taip pat \u017einomas kaip 5F-MMB-PICA, 5F-AMB-PICA ir I-AMB) yra sukurtas vaistas ir aktyvi sintetini\u0173 kanapi\u0173 mi\u0161ini\u0173 sudedamoji dalis. Nors i\u0161 prad\u017ei\u0173 apie j\u012f buvo prane\u0161ta Rusijoje ir Baltarusijoje \u0161i\u0173 met\u0173 saus\u012f, v\u0117liau jis buvo parduotas daugelyje kit\u0173 \u0161ali\u0173. \u0160iame junginyje yra 5F-indolo AMB branduolio atitikmuo. Nustatyta, kad naujesni sintetiniai kanapi\u0173 junginiai su indol-3-karboksamido arba indazol-3-karboksamido \u0161erdimi ir N-1-metoksikarbonilo grupe, sujungta su izopropilo arba t-butilo pakaitalu, yra daug kenksmingesni nei senesni sintetiniai kanabinoidiniai junginiai. &#8211;<\/p>\n<p>Sintetinis kanabinoidas 5F-MDMB-2201 yra labai pana\u0161us \u012f MMB-2201 (indazolo \u0161eima). Tiek CB1, tiek CB2 receptoriai yra labai antagonisti\u0161ki 5F-MDMB-2201.<\/p>\n<p>Metabolinis pavadinimas: metil-2-metil-1H-indol-3-karboksamido-dimetilbutanatas.<\/p>\n<p>Kaip dizaineri\u0173 sukurta medicina ir sintetini\u0173 kanapi\u0173 mi\u0161ini\u0173 veiklioji med\u017eiaga MMB-2201 yra sintetinis kanabinoidas indol-3-karboksamido pagrindu.<\/p>\n<p>889493-21-2 CAS numeris<\/p>\n<p>C21H29FN2O3 yra chemin\u0117 formul\u0117 .<\/p>\n<p>Ma\u017eiausias grynumas 99,7 proc.<\/p>\n<p>376,49 yra molekulin\u0117 mas\u0117<\/p>\n<p>Kristalai ir milteliai<\/p>\n","protected":false},"excerpt":{"rendered":"<p>Pirkite MMB-2201 miltelius JK, Europoje, AU. Mes si\u016blome patikimiausi\u0105 sandor\u012f ir parduodame labai prieinamomis kainomis. U\u017esisakykite MMB-2201 miltelius dabar geriausiomis kainomis<\/p>\n<p>Pirkite internetu MMB-2201 Pure Pure internetu. MMB-2201 milteliai taip pat yra: 5F-MMB-PICA, 5F-AMB-PICA arba I-AMB.<\/p>\n<p>5CAKB48 MMB022,\u00a0<em>MPHP2201<\/em>\u00a0didelio grynumo ir geltonos spalvos\u00a0<em>milteliai<\/em>\u00a0internetu &#8230; <em>Mmbfub<\/em>,\u00a0<em>Mphp2201<\/em>, 5f-mdmb-<em>2201<\/em>, 5feapb\/5feapb, Mmb022, 4-cdc, Fub144,\u00a0<em>Fub2201<\/em> &gt;.<\/p>\n<p><em>Pirkite<\/em>\u00a05F MDMB internetu &#8211; Galite u\u017esisakyti 5F-MDMB-<em>2201 milteli\u0173<\/em>\u00a0nepigia kaina i\u0161 &#8230; 5F MDMB\u00a0<em>2201<\/em>\u00a0Crystals taip pat \u017einomas kaip 5F-<em>MMB<\/em>-PICA, 5F-AMB-PICA ir I-AMB.<\/p>\n<p>&nbsp;<\/p>\n<p> p&gt;<\/p>\n","protected":false},"featured_media":5695,"comment_status":"open","ping_status":"closed","template":"","meta":[],"product_brand":[],"product_cat":[2596],"product_tag":[2600,2616,2603,2604,2601,2605,2606,2613,2612,2607,2608,2614,2611,2610,2615,2629,2631,2625,2620,2626,2627,2628,2609,2602,3563,3564,2619,2621,2622],"class_list":{"0":"post-5684","1":"product","2":"type-product","3":"status-publish","4":"has-post-thumbnail","6":"product_cat-parduodami-kanabinoidai","7":"product_tag-5f-mdmb-2201","8":"product_tag-5f-mdmb-2201-perira","9":"product_tag-5f-mdmb-2201-for-sale","10":"product_tag-5f-mdmb-2201-for-sale-online","11":"product_tag-5f-mdmb-2201-kanabinoidai","12":"product_tag-5f-mdmb-2201-milteliai","13":"product_tag-5f-mdmb-2201-milteliai-australija","14":"product_tag-5f-mdmb-2201-milteliai-usa","15":"product_tag-5f-mdmb-2201-milteliai-uk","16":"product_tag-5f-mdmb-2201-milteliai-kanada","17":"product_tag-5f-mdmb-2201-milteli-dozavimas","18":"product_tag-5f-mdmb-2201-milteli-pardavjas","19":"product_tag-5f-mdmb-2201-milteli-tiekjas","20":"product_tag-5f-mdmb-2201-powder-review","21":"product_tag-5f-mdmb-2201-reddit","22":"product_tag-pure-5f-mdmb-2201-milteliai","23":"product_tag-kur-nusipirkti-5f-mdmb-2201","24":"product_tag-mail-5f-mdmb-2201","25":"product_tag-pirkti-5f-mdmb-2201-kanabinoidai","26":"product_tag-order-5f-mdmb-2201","27":"product_tag-order-5f-mdmb-2201-online","28":"product_tag-order-5f-mdmb-2201-powder","29":"product_tag-5f-mdmb-2201-milteliai-parduodami","30":"product_tag-5f-mdmb-2201-kanabinoidai-parduodami","31":"product_tag-remove-term-5f-mdmb-2201-5f-mdmb-2201-effect","32":"product_tag-pardavimui-paalinti-term-5f-mdmb-2201-5f-mdmb-2201-milteliai","33":"product_tag-pirkti-5f-mdmb-2201","34":"product_tag-pirkti-5f-mdmb-2201-online","35":"product_tag-pirkti-5f-mdmb-2201-milteliai-internetu","37":"first","38":"instock","39":"shipping-taxable","40":"purchasable","41":"product-type-variable","42":"has-default-attributes"},"yoast_head":"<!-- This site is optimized with the Yoast SEO plugin v27.3 - https:\/\/yoast.com\/product\/yoast-seo-wordpress\/ -->\n<title>Pirkite MMB-2201 miltelius \u2013 MMB-2201 pardavimui \u2013 geriausius pasaulinius vaistus<\/title>\n<meta name=\"description\" content=\"Pirkite MMB-2201 miltelius JK, Europoje, AU. Mes si\u016blome patikimiausi\u0105 sandor\u012f ir parduodame labai prieinamomis kainomis. U\u017esisakykite MMB-2201 miltelius dabar geriausiomis kainomis\" \/>\n<meta name=\"robots\" content=\"index, follow, max-snippet:-1, max-image-preview:large, max-video-preview:-1\" \/>\n<link rel=\"canonical\" href=\"https:\/\/medicinasinc.com\/lt\/product\/pirkti-mmb-2201-milteliai\/\" \/>\n<meta property=\"og:locale\" content=\"en_US\" \/>\n<meta property=\"og:type\" content=\"article\" \/>\n<meta property=\"og:title\" content=\"Pirkite MMB-2201 miltelius \u2013 MMB-2201 pardavimui \u2013 geriausius pasaulinius vaistus\" \/>\n<meta property=\"og:description\" content=\"Pirkite MMB-2201 miltelius JK, Europoje, AU. Mes si\u016blome patikimiausi\u0105 sandor\u012f ir parduodame labai prieinamomis kainomis. U\u017esisakykite MMB-2201 miltelius dabar geriausiomis kainomis\" \/>\n<meta property=\"og:url\" content=\"https:\/\/medicinasinc.com\/lt\/product\/pirkti-mmb-2201-milteliai\/\" \/>\n<meta property=\"og:site_name\" content=\"Medicinas Inc\" \/>\n<meta property=\"article:modified_time\" content=\"2022-03-20T12:10:27+00:00\" \/>\n<meta property=\"og:image\" content=\"https:\/\/medicinasinc.com\/lt\/wp-content\/uploads\/sites\/9\/2022\/02\/Buy-MMB-2201-Powder.jpg\" \/>\n\t<meta property=\"og:image:width\" content=\"600\" \/>\n\t<meta property=\"og:image:height\" content=\"600\" \/>\n\t<meta property=\"og:image:type\" content=\"image\/jpeg\" \/>\n<meta name=\"twitter:card\" content=\"summary_large_image\" \/>\n<meta name=\"twitter:label1\" content=\"Est. reading time\" \/>\n\t<meta name=\"twitter:data1\" content=\"2 minutes\" \/>\n<script type=\"application\/ld+json\" class=\"yoast-schema-graph\">{\"@context\":\"https:\\\/\\\/schema.org\",\"@graph\":[{\"@type\":\"WebPage\",\"@id\":\"https:\\\/\\\/medicinasinc.com\\\/lt\\\/product\\\/pirkti-mmb-2201-milteliai\\\/\",\"url\":\"https:\\\/\\\/medicinasinc.com\\\/lt\\\/product\\\/pirkti-mmb-2201-milteliai\\\/\",\"name\":\"Pirkite MMB-2201 miltelius \u2013 MMB-2201 pardavimui \u2013 geriausius pasaulinius vaistus\",\"isPartOf\":{\"@id\":\"https:\\\/\\\/medicinasinc.com\\\/lt\\\/#website\"},\"primaryImageOfPage\":{\"@id\":\"https:\\\/\\\/medicinasinc.com\\\/lt\\\/product\\\/pirkti-mmb-2201-milteliai\\\/#primaryimage\"},\"image\":{\"@id\":\"https:\\\/\\\/medicinasinc.com\\\/lt\\\/product\\\/pirkti-mmb-2201-milteliai\\\/#primaryimage\"},\"thumbnailUrl\":\"https:\\\/\\\/medicinasinc.com\\\/lt\\\/wp-content\\\/uploads\\\/sites\\\/9\\\/2022\\\/02\\\/Buy-MMB-2201-Powder.jpg\",\"datePublished\":\"2022-02-22T04:10:18+00:00\",\"dateModified\":\"2022-03-20T12:10:27+00:00\",\"description\":\"Pirkite MMB-2201 miltelius JK, Europoje, AU. Mes si\u016blome patikimiausi\u0105 sandor\u012f ir parduodame labai prieinamomis kainomis. U\u017esisakykite MMB-2201 miltelius dabar geriausiomis kainomis\",\"breadcrumb\":{\"@id\":\"https:\\\/\\\/medicinasinc.com\\\/lt\\\/product\\\/pirkti-mmb-2201-milteliai\\\/#breadcrumb\"},\"inLanguage\":\"en-US\",\"potentialAction\":[{\"@type\":\"ReadAction\",\"target\":[\"https:\\\/\\\/medicinasinc.com\\\/lt\\\/product\\\/pirkti-mmb-2201-milteliai\\\/\"]}]},{\"@type\":\"ImageObject\",\"inLanguage\":\"en-US\",\"@id\":\"https:\\\/\\\/medicinasinc.com\\\/lt\\\/product\\\/pirkti-mmb-2201-milteliai\\\/#primaryimage\",\"url\":\"https:\\\/\\\/medicinasinc.com\\\/lt\\\/wp-content\\\/uploads\\\/sites\\\/9\\\/2022\\\/02\\\/Buy-MMB-2201-Powder.jpg\",\"contentUrl\":\"https:\\\/\\\/medicinasinc.com\\\/lt\\\/wp-content\\\/uploads\\\/sites\\\/9\\\/2022\\\/02\\\/Buy-MMB-2201-Powder.jpg\",\"width\":600,\"height\":600},{\"@type\":\"BreadcrumbList\",\"@id\":\"https:\\\/\\\/medicinasinc.com\\\/lt\\\/product\\\/pirkti-mmb-2201-milteliai\\\/#breadcrumb\",\"itemListElement\":[{\"@type\":\"ListItem\",\"position\":1,\"name\":\"Parduotuv\u0117\",\"item\":\"https:\\\/\\\/medicinasinc.com\\\/lt\\\/parduotuve\\\/\"},{\"@type\":\"ListItem\",\"position\":2,\"name\":\"Pirkite MMB-2201 miltelius\"}]},{\"@type\":\"WebSite\",\"@id\":\"https:\\\/\\\/medicinasinc.com\\\/lt\\\/#website\",\"url\":\"https:\\\/\\\/medicinasinc.com\\\/lt\\\/\",\"name\":\"Medicinas Inc\",\"description\":\"Sveikatos medicinos klinika\",\"potentialAction\":[{\"@type\":\"SearchAction\",\"target\":{\"@type\":\"EntryPoint\",\"urlTemplate\":\"https:\\\/\\\/medicinasinc.com\\\/lt\\\/?s={search_term_string}\"},\"query-input\":{\"@type\":\"PropertyValueSpecification\",\"valueRequired\":true,\"valueName\":\"search_term_string\"}}],\"inLanguage\":\"en-US\"}]}<\/script>\n<!-- \/ Yoast SEO plugin. -->","yoast_head_json":{"title":"Pirkite MMB-2201 miltelius \u2013 MMB-2201 pardavimui \u2013 geriausius pasaulinius vaistus","description":"Pirkite MMB-2201 miltelius JK, Europoje, AU. Mes si\u016blome patikimiausi\u0105 sandor\u012f ir parduodame labai prieinamomis kainomis. U\u017esisakykite MMB-2201 miltelius dabar geriausiomis kainomis","robots":{"index":"index","follow":"follow","max-snippet":"max-snippet:-1","max-image-preview":"max-image-preview:large","max-video-preview":"max-video-preview:-1"},"canonical":"https:\/\/medicinasinc.com\/lt\/product\/pirkti-mmb-2201-milteliai\/","og_locale":"en_US","og_type":"article","og_title":"Pirkite MMB-2201 miltelius \u2013 MMB-2201 pardavimui \u2013 geriausius pasaulinius vaistus","og_description":"Pirkite MMB-2201 miltelius JK, Europoje, AU. Mes si\u016blome patikimiausi\u0105 sandor\u012f ir parduodame labai prieinamomis kainomis. U\u017esisakykite MMB-2201 miltelius dabar geriausiomis kainomis","og_url":"https:\/\/medicinasinc.com\/lt\/product\/pirkti-mmb-2201-milteliai\/","og_site_name":"Medicinas Inc","article_modified_time":"2022-03-20T12:10:27+00:00","og_image":[{"width":600,"height":600,"url":"https:\/\/medicinasinc.com\/lt\/wp-content\/uploads\/sites\/9\/2022\/02\/Buy-MMB-2201-Powder.jpg","type":"image\/jpeg"}],"twitter_card":"summary_large_image","twitter_misc":{"Est. reading time":"2 minutes"},"schema":{"@context":"https:\/\/schema.org","@graph":[{"@type":"WebPage","@id":"https:\/\/medicinasinc.com\/lt\/product\/pirkti-mmb-2201-milteliai\/","url":"https:\/\/medicinasinc.com\/lt\/product\/pirkti-mmb-2201-milteliai\/","name":"Pirkite MMB-2201 miltelius \u2013 MMB-2201 pardavimui \u2013 geriausius pasaulinius vaistus","isPartOf":{"@id":"https:\/\/medicinasinc.com\/lt\/#website"},"primaryImageOfPage":{"@id":"https:\/\/medicinasinc.com\/lt\/product\/pirkti-mmb-2201-milteliai\/#primaryimage"},"image":{"@id":"https:\/\/medicinasinc.com\/lt\/product\/pirkti-mmb-2201-milteliai\/#primaryimage"},"thumbnailUrl":"https:\/\/medicinasinc.com\/lt\/wp-content\/uploads\/sites\/9\/2022\/02\/Buy-MMB-2201-Powder.jpg","datePublished":"2022-02-22T04:10:18+00:00","dateModified":"2022-03-20T12:10:27+00:00","description":"Pirkite MMB-2201 miltelius JK, Europoje, AU. Mes si\u016blome patikimiausi\u0105 sandor\u012f ir parduodame labai prieinamomis kainomis. U\u017esisakykite MMB-2201 miltelius dabar geriausiomis kainomis","breadcrumb":{"@id":"https:\/\/medicinasinc.com\/lt\/product\/pirkti-mmb-2201-milteliai\/#breadcrumb"},"inLanguage":"en-US","potentialAction":[{"@type":"ReadAction","target":["https:\/\/medicinasinc.com\/lt\/product\/pirkti-mmb-2201-milteliai\/"]}]},{"@type":"ImageObject","inLanguage":"en-US","@id":"https:\/\/medicinasinc.com\/lt\/product\/pirkti-mmb-2201-milteliai\/#primaryimage","url":"https:\/\/medicinasinc.com\/lt\/wp-content\/uploads\/sites\/9\/2022\/02\/Buy-MMB-2201-Powder.jpg","contentUrl":"https:\/\/medicinasinc.com\/lt\/wp-content\/uploads\/sites\/9\/2022\/02\/Buy-MMB-2201-Powder.jpg","width":600,"height":600},{"@type":"BreadcrumbList","@id":"https:\/\/medicinasinc.com\/lt\/product\/pirkti-mmb-2201-milteliai\/#breadcrumb","itemListElement":[{"@type":"ListItem","position":1,"name":"Parduotuv\u0117","item":"https:\/\/medicinasinc.com\/lt\/parduotuve\/"},{"@type":"ListItem","position":2,"name":"Pirkite MMB-2201 miltelius"}]},{"@type":"WebSite","@id":"https:\/\/medicinasinc.com\/lt\/#website","url":"https:\/\/medicinasinc.com\/lt\/","name":"Medicinas Inc","description":"Sveikatos medicinos klinika","potentialAction":[{"@type":"SearchAction","target":{"@type":"EntryPoint","urlTemplate":"https:\/\/medicinasinc.com\/lt\/?s={search_term_string}"},"query-input":{"@type":"PropertyValueSpecification","valueRequired":true,"valueName":"search_term_string"}}],"inLanguage":"en-US"}]}},"_links":{"self":[{"href":"https:\/\/medicinasinc.com\/lt\/wp-json\/wp\/v2\/product\/5684","targetHints":{"allow":["GET"]}}],"collection":[{"href":"https:\/\/medicinasinc.com\/lt\/wp-json\/wp\/v2\/product"}],"about":[{"href":"https:\/\/medicinasinc.com\/lt\/wp-json\/wp\/v2\/types\/product"}],"replies":[{"embeddable":true,"href":"https:\/\/medicinasinc.com\/lt\/wp-json\/wp\/v2\/comments?post=5684"}],"wp:featuredmedia":[{"embeddable":true,"href":"https:\/\/medicinasinc.com\/lt\/wp-json\/wp\/v2\/media\/5695"}],"wp:attachment":[{"href":"https:\/\/medicinasinc.com\/lt\/wp-json\/wp\/v2\/media?parent=5684"}],"wp:term":[{"taxonomy":"product_brand","embeddable":true,"href":"https:\/\/medicinasinc.com\/lt\/wp-json\/wp\/v2\/product_brand?post=5684"},{"taxonomy":"product_cat","embeddable":true,"href":"https:\/\/medicinasinc.com\/lt\/wp-json\/wp\/v2\/product_cat?post=5684"},{"taxonomy":"product_tag","embeddable":true,"href":"https:\/\/medicinasinc.com\/lt\/wp-json\/wp\/v2\/product_tag?post=5684"}],"curies":[{"name":"wp","href":"https:\/\/api.w.org\/{rel}","templated":true}]}}