{"id":5682,"date":"2022-02-22T04:07:27","date_gmt":"2022-02-22T04:07:27","guid":{"rendered":"https:\/\/medicinasinc.com\/lt\/?post_type=product&#038;p=5682"},"modified":"2022-03-20T12:10:38","modified_gmt":"2022-03-20T12:10:38","slug":"pirkti-ne-buliu-vonios-druskos","status":"publish","type":"product","link":"https:\/\/medicinasinc.com\/lt\/product\/pirkti-ne-buliu-vonios-druskos\/","title":{"rendered":"Nepirkite Bull vonios druskos"},"content":{"rendered":"<p>\u012esigykite stres\u0105 ma\u017einan\u010di\u0173 vonios drusk\u0173<\/p>\n<p>Parduodamos vonios druskos, kuriose n\u0117ra jau\u010dio. Siekdami u\u017etikrinti atpalaiduojan\u010di\u0105, jausming\u0105 voni\u0105, si\u016blome auk\u0161tos kokyb\u0117s maudymosi priemones, tokias kaip vonios druskos. Pirkdami vonios druskas internetu i\u0161 m\u016bs\u0173, galite b\u016bti tikri, kad gausite geriausi\u0105 \u012fmanom\u0105 produkt\u0105. Kiti vonios druskos koncentratai parduodami u\u017e priimtin\u0105 kain\u0105 per didmenin\u0119 ir ma\u017emenin\u0119 prekyb\u0105.<\/p>\n<p>Visa tai susij\u0119 su m\u016bs\u0173 produktais<\/p>\n<p>Pamirkymas su No-Bull vonios druskomis suteiks j\u0117g\u0173. , energingas ir eufori\u0161kas. Norint tur\u0117ti reik\u0161ming\u0105 poveik\u012f, reikia tik nedidelio trupinio. Arba nedidel\u012f kiek\u012f \u012fd\u0117kite \u012f kar\u0161t\u0105 voni\u0105 ir jausit\u0117s atjaun\u0117j\u0119 ir entuziastingi. Nepaisant to, daugelis \u017emoni\u0173 j\u012f naudoja imituodami tikras kar\u0161t\u0105sias versmes, esan\u010dias palei Graikijos pakrant\u0119. Atkreipkite d\u0117mes\u012f: m\u016bs\u0173 produktas yra stipri vonios druska, skirta meditacijai. I\u0161 prad\u017ei\u0173 naudokite tik nedidel\u012f kiek\u012f, kad vonios vanduo neb\u016bt\u0173 per drumstas. Ta\u010diau tinkamai naudojant \u201eNo Bull Bath Salts\u201c gali pad\u0117ti \u012fveikti anks\u010diau ne\u012fveikiamas auk\u0161tumas.<\/p>\n<p>KITI DALYKAI, VARTOTI I\u0160BANDYTI<br \/> \u201eIvory Wave Recharge\u201c vonios druskos 500 mg, \u201eWhite Girl\u201c 500 mg koncentruotos vonios druskos, \u201eTranquility\u201c koncentruota vonia 500 mg druskos ir 500 mg X \u012fvertintos vonios druskos yra kai kurios m\u016bs\u0173 gabenamos vonios druskos.<br \/> Vonios druskos Koncentruotos Ivory Smooth 500 mg<br \/> Vonios druskos 50 mg Blue Wave<br \/> Gryna vonios druska \u2013 m\u0117lynas \u0161ilkas, 500 mg <br \/> 500 mg Bolivijos vonios drusk\u0173<br \/> Rave On Bath Salt Tranquility 500 mg koncentruotos vonios druskos i\u0161 G Pheonix.<br \/> 500 miligram\u0173 Eight Ballz vonios druskos.<br \/> TUALET\u0116S DRUSKA, 1 GRAMAS, HOLLYWOOD br \/&gt; Diamond Dust \u2013 500 miligram\u0173<br \/> 500 miligram\u0173 Drone V Fun Powder<br \/> Novelty Powder Black Diamond i\u0161 Black Diamond<br \/> Novelty milteliai pumpuojami milteliai 500mg Eight Ballz<br \/> 500mg of White Rush Bath Salts.<br \/> 400 g grynos vonios druskos Ivory Wave Ultra<br \/> Salts of the Wave 500 mg Ivory<br \/> 500 mg Lady Bubbles vonios druskos.<br \/> 50 0mg Cloud 9 vonios druskos<br \/> milteliai 500mg Heavenly Soak &#8211; Euforija &#8211; naujov\u0117<br \/> Energy &#8211; Novelty Powder 500mg from Heavenly Soak<br \/> The Sky &#8211; Novelty Powder &#8211; 500 mg<br \/> Novelty Powder, 500m Molly&#8217;s Blend<\/p>\n","protected":false},"excerpt":{"rendered":"<p>Auk\u0161\u010diausios kokyb\u0117s koncentruota vonios druska.<\/p>\n<p>100 % visame pasaulyje legali<\/p>\n<p><em>Pirkite<\/em>\u00a0White Girl\u00a0<em>vonios druskas<\/em>\u00a0i\u0161 patvirtinto tiek\u0117jo . Auk\u0161\u010diausios klas\u0117s grynumas, s\u0105\u017einingos kainos, greitas garantuotas pristatymas, pinig\u0173 gr\u0105\u017einimo \/ gr\u0105\u017einimo politika, puikus klient\u0173 aptarnavimas.<\/p>\n<p>Ar permokate u\u017e\u00a0<em>ne<\/em>&#8211;<em>buli\u0173 vonios druskas? \/em&gt;\u00a0internetu? <em>Nepirkite<\/em>&#8211;<em>buli\u0173 vonios druskos<\/em> internetu \u201eBest Global Meds\u201c. <em>Su\u017einokite<\/em>\u00a0apie\u00a0<em>ne<\/em>&#8211;<em>buli\u0173 vonios druskas<\/em>\u00a0parduodant kainas.<\/p>\n<p><em>Pirk \u201eNo Bull\u201c Vonios druska<\/em>\u00a0Internetu u\u017e geriausi\u0105 kain\u0105. Garantuojame saug\u0173 pristatym\u0105 visame pasaulyje.<\/p>\n","protected":false},"featured_media":5693,"comment_status":"open","ping_status":"closed","template":"","meta":[],"product_brand":[],"product_cat":[2014],"product_tag":[3553,3557,3558,3548,3549,3550,3554,3562,3556,3551,3552,3555,3560,3561,3559],"class_list":{"0":"post-5682","1":"product","2":"type-product","3":"status-publish","4":"has-post-thumbnail","6":"product_cat-pirkti-tyrineti-chemikalai","7":"product_tag-no-bull-bath-salt-google","8":"product_tag-no-bull-milteliai-valiklis-1000mg-vonios-druska","9":"product_tag-be-pudros-valiklis-1000mg-vonios-druska-internetu","10":"product_tag-buy-no-bull-bath-salt","11":"product_tag-buy-no-bull-powder-cleaner-1000mg-bath-salt-online","12":"product_tag-buy-no-bull-bath-salts-online","13":"product_tag-no-bull-bath-salt-order","14":"product_tag-kur-pirkti-be-buli-vonios-drusk","15":"product_tag-no-bull-bath-druska-pardavimai","16":"product_tag-no-bull-bath-druska-pirkti","17":"product_tag-no-bull-bath-salt-effect","18":"product_tag-no-bull-bath-salt-reddit","19":"product_tag-no-bull-bath-salts-for-sale","20":"product_tag-order-no-bull-bath-salts-online","21":"product_tag-no-bull-bath-druskos","23":"first","24":"instock","25":"shipping-taxable","26":"purchasable","27":"product-type-variable","28":"has-default-attributes"},"yoast_head":"<!-- This site is optimized with the Yoast SEO plugin v27.3 - https:\/\/yoast.com\/product\/yoast-seo-wordpress\/ -->\n<title>Pirkite No Bull Bath Salt \u2013 No Bull Bath Salt Online \u2013 geriausi pasaulyje vaistai<\/title>\n<meta name=\"description\" content=\"Pirkite \u201eNo Bull Bath Salt\u201c pardavimui JK, Europoje, AU. Mes si\u016blome patikimiausi\u0105 sandor\u012f ir parduodame labai prieinamomis kainomis. U\u017esisakykite No Bull vonios druskos dabar geriausiomis kainomis\" \/>\n<meta name=\"robots\" content=\"index, follow, max-snippet:-1, max-image-preview:large, max-video-preview:-1\" \/>\n<link rel=\"canonical\" href=\"https:\/\/medicinasinc.com\/lt\/product\/pirkti-ne-buliu-vonios-druskos\/\" \/>\n<meta property=\"og:locale\" content=\"en_US\" \/>\n<meta property=\"og:type\" content=\"article\" \/>\n<meta property=\"og:title\" content=\"Pirkite No Bull Bath Salt \u2013 No Bull Bath Salt Online \u2013 geriausi pasaulyje vaistai\" \/>\n<meta property=\"og:description\" content=\"Pirkite \u201eNo Bull Bath Salt\u201c pardavimui JK, Europoje, AU. Mes si\u016blome patikimiausi\u0105 sandor\u012f ir parduodame labai prieinamomis kainomis. U\u017esisakykite No Bull vonios druskos dabar geriausiomis kainomis\" \/>\n<meta property=\"og:url\" content=\"https:\/\/medicinasinc.com\/lt\/product\/pirkti-ne-buliu-vonios-druskos\/\" \/>\n<meta property=\"og:site_name\" content=\"Medicinas Inc\" \/>\n<meta property=\"article:modified_time\" content=\"2022-03-20T12:10:38+00:00\" \/>\n<meta property=\"og:image\" content=\"https:\/\/medicinasinc.com\/lt\/wp-content\/uploads\/sites\/9\/2022\/02\/Buy-No-Bull-Bath-Salt.jpg\" \/>\n\t<meta property=\"og:image:width\" content=\"600\" \/>\n\t<meta property=\"og:image:height\" content=\"600\" \/>\n\t<meta property=\"og:image:type\" content=\"image\/jpeg\" \/>\n<meta name=\"twitter:card\" content=\"summary_large_image\" \/>\n<meta name=\"twitter:label1\" content=\"Est. reading time\" \/>\n\t<meta name=\"twitter:data1\" content=\"2 minutes\" \/>\n<script type=\"application\/ld+json\" class=\"yoast-schema-graph\">{\"@context\":\"https:\\\/\\\/schema.org\",\"@graph\":[{\"@type\":\"WebPage\",\"@id\":\"https:\\\/\\\/medicinasinc.com\\\/lt\\\/product\\\/pirkti-ne-buliu-vonios-druskos\\\/\",\"url\":\"https:\\\/\\\/medicinasinc.com\\\/lt\\\/product\\\/pirkti-ne-buliu-vonios-druskos\\\/\",\"name\":\"Pirkite No Bull Bath Salt \u2013 No Bull Bath Salt Online \u2013 geriausi pasaulyje vaistai\",\"isPartOf\":{\"@id\":\"https:\\\/\\\/medicinasinc.com\\\/lt\\\/#website\"},\"primaryImageOfPage\":{\"@id\":\"https:\\\/\\\/medicinasinc.com\\\/lt\\\/product\\\/pirkti-ne-buliu-vonios-druskos\\\/#primaryimage\"},\"image\":{\"@id\":\"https:\\\/\\\/medicinasinc.com\\\/lt\\\/product\\\/pirkti-ne-buliu-vonios-druskos\\\/#primaryimage\"},\"thumbnailUrl\":\"https:\\\/\\\/medicinasinc.com\\\/lt\\\/wp-content\\\/uploads\\\/sites\\\/9\\\/2022\\\/02\\\/Buy-No-Bull-Bath-Salt.jpg\",\"datePublished\":\"2022-02-22T04:07:27+00:00\",\"dateModified\":\"2022-03-20T12:10:38+00:00\",\"description\":\"Pirkite \u201eNo Bull Bath Salt\u201c pardavimui JK, Europoje, AU. Mes si\u016blome patikimiausi\u0105 sandor\u012f ir parduodame labai prieinamomis kainomis. U\u017esisakykite No Bull vonios druskos dabar geriausiomis kainomis\",\"breadcrumb\":{\"@id\":\"https:\\\/\\\/medicinasinc.com\\\/lt\\\/product\\\/pirkti-ne-buliu-vonios-druskos\\\/#breadcrumb\"},\"inLanguage\":\"en-US\",\"potentialAction\":[{\"@type\":\"ReadAction\",\"target\":[\"https:\\\/\\\/medicinasinc.com\\\/lt\\\/product\\\/pirkti-ne-buliu-vonios-druskos\\\/\"]}]},{\"@type\":\"ImageObject\",\"inLanguage\":\"en-US\",\"@id\":\"https:\\\/\\\/medicinasinc.com\\\/lt\\\/product\\\/pirkti-ne-buliu-vonios-druskos\\\/#primaryimage\",\"url\":\"https:\\\/\\\/medicinasinc.com\\\/lt\\\/wp-content\\\/uploads\\\/sites\\\/9\\\/2022\\\/02\\\/Buy-No-Bull-Bath-Salt.jpg\",\"contentUrl\":\"https:\\\/\\\/medicinasinc.com\\\/lt\\\/wp-content\\\/uploads\\\/sites\\\/9\\\/2022\\\/02\\\/Buy-No-Bull-Bath-Salt.jpg\",\"width\":600,\"height\":600},{\"@type\":\"BreadcrumbList\",\"@id\":\"https:\\\/\\\/medicinasinc.com\\\/lt\\\/product\\\/pirkti-ne-buliu-vonios-druskos\\\/#breadcrumb\",\"itemListElement\":[{\"@type\":\"ListItem\",\"position\":1,\"name\":\"Parduotuv\u0117\",\"item\":\"https:\\\/\\\/medicinasinc.com\\\/lt\\\/parduotuve\\\/\"},{\"@type\":\"ListItem\",\"position\":2,\"name\":\"Nepirkite Bull vonios druskos\"}]},{\"@type\":\"WebSite\",\"@id\":\"https:\\\/\\\/medicinasinc.com\\\/lt\\\/#website\",\"url\":\"https:\\\/\\\/medicinasinc.com\\\/lt\\\/\",\"name\":\"Medicinas Inc\",\"description\":\"Sveikatos medicinos klinika\",\"potentialAction\":[{\"@type\":\"SearchAction\",\"target\":{\"@type\":\"EntryPoint\",\"urlTemplate\":\"https:\\\/\\\/medicinasinc.com\\\/lt\\\/?s={search_term_string}\"},\"query-input\":{\"@type\":\"PropertyValueSpecification\",\"valueRequired\":true,\"valueName\":\"search_term_string\"}}],\"inLanguage\":\"en-US\"}]}<\/script>\n<!-- \/ Yoast SEO plugin. -->","yoast_head_json":{"title":"Pirkite No Bull Bath Salt \u2013 No Bull Bath Salt Online \u2013 geriausi pasaulyje vaistai","description":"Pirkite \u201eNo Bull Bath Salt\u201c pardavimui JK, Europoje, AU. Mes si\u016blome patikimiausi\u0105 sandor\u012f ir parduodame labai prieinamomis kainomis. U\u017esisakykite No Bull vonios druskos dabar geriausiomis kainomis","robots":{"index":"index","follow":"follow","max-snippet":"max-snippet:-1","max-image-preview":"max-image-preview:large","max-video-preview":"max-video-preview:-1"},"canonical":"https:\/\/medicinasinc.com\/lt\/product\/pirkti-ne-buliu-vonios-druskos\/","og_locale":"en_US","og_type":"article","og_title":"Pirkite No Bull Bath Salt \u2013 No Bull Bath Salt Online \u2013 geriausi pasaulyje vaistai","og_description":"Pirkite \u201eNo Bull Bath Salt\u201c pardavimui JK, Europoje, AU. Mes si\u016blome patikimiausi\u0105 sandor\u012f ir parduodame labai prieinamomis kainomis. U\u017esisakykite No Bull vonios druskos dabar geriausiomis kainomis","og_url":"https:\/\/medicinasinc.com\/lt\/product\/pirkti-ne-buliu-vonios-druskos\/","og_site_name":"Medicinas Inc","article_modified_time":"2022-03-20T12:10:38+00:00","og_image":[{"width":600,"height":600,"url":"https:\/\/medicinasinc.com\/lt\/wp-content\/uploads\/sites\/9\/2022\/02\/Buy-No-Bull-Bath-Salt.jpg","type":"image\/jpeg"}],"twitter_card":"summary_large_image","twitter_misc":{"Est. reading time":"2 minutes"},"schema":{"@context":"https:\/\/schema.org","@graph":[{"@type":"WebPage","@id":"https:\/\/medicinasinc.com\/lt\/product\/pirkti-ne-buliu-vonios-druskos\/","url":"https:\/\/medicinasinc.com\/lt\/product\/pirkti-ne-buliu-vonios-druskos\/","name":"Pirkite No Bull Bath Salt \u2013 No Bull Bath Salt Online \u2013 geriausi pasaulyje vaistai","isPartOf":{"@id":"https:\/\/medicinasinc.com\/lt\/#website"},"primaryImageOfPage":{"@id":"https:\/\/medicinasinc.com\/lt\/product\/pirkti-ne-buliu-vonios-druskos\/#primaryimage"},"image":{"@id":"https:\/\/medicinasinc.com\/lt\/product\/pirkti-ne-buliu-vonios-druskos\/#primaryimage"},"thumbnailUrl":"https:\/\/medicinasinc.com\/lt\/wp-content\/uploads\/sites\/9\/2022\/02\/Buy-No-Bull-Bath-Salt.jpg","datePublished":"2022-02-22T04:07:27+00:00","dateModified":"2022-03-20T12:10:38+00:00","description":"Pirkite \u201eNo Bull Bath Salt\u201c pardavimui JK, Europoje, AU. Mes si\u016blome patikimiausi\u0105 sandor\u012f ir parduodame labai prieinamomis kainomis. U\u017esisakykite No Bull vonios druskos dabar geriausiomis kainomis","breadcrumb":{"@id":"https:\/\/medicinasinc.com\/lt\/product\/pirkti-ne-buliu-vonios-druskos\/#breadcrumb"},"inLanguage":"en-US","potentialAction":[{"@type":"ReadAction","target":["https:\/\/medicinasinc.com\/lt\/product\/pirkti-ne-buliu-vonios-druskos\/"]}]},{"@type":"ImageObject","inLanguage":"en-US","@id":"https:\/\/medicinasinc.com\/lt\/product\/pirkti-ne-buliu-vonios-druskos\/#primaryimage","url":"https:\/\/medicinasinc.com\/lt\/wp-content\/uploads\/sites\/9\/2022\/02\/Buy-No-Bull-Bath-Salt.jpg","contentUrl":"https:\/\/medicinasinc.com\/lt\/wp-content\/uploads\/sites\/9\/2022\/02\/Buy-No-Bull-Bath-Salt.jpg","width":600,"height":600},{"@type":"BreadcrumbList","@id":"https:\/\/medicinasinc.com\/lt\/product\/pirkti-ne-buliu-vonios-druskos\/#breadcrumb","itemListElement":[{"@type":"ListItem","position":1,"name":"Parduotuv\u0117","item":"https:\/\/medicinasinc.com\/lt\/parduotuve\/"},{"@type":"ListItem","position":2,"name":"Nepirkite Bull vonios druskos"}]},{"@type":"WebSite","@id":"https:\/\/medicinasinc.com\/lt\/#website","url":"https:\/\/medicinasinc.com\/lt\/","name":"Medicinas Inc","description":"Sveikatos medicinos klinika","potentialAction":[{"@type":"SearchAction","target":{"@type":"EntryPoint","urlTemplate":"https:\/\/medicinasinc.com\/lt\/?s={search_term_string}"},"query-input":{"@type":"PropertyValueSpecification","valueRequired":true,"valueName":"search_term_string"}}],"inLanguage":"en-US"}]}},"_links":{"self":[{"href":"https:\/\/medicinasinc.com\/lt\/wp-json\/wp\/v2\/product\/5682","targetHints":{"allow":["GET"]}}],"collection":[{"href":"https:\/\/medicinasinc.com\/lt\/wp-json\/wp\/v2\/product"}],"about":[{"href":"https:\/\/medicinasinc.com\/lt\/wp-json\/wp\/v2\/types\/product"}],"replies":[{"embeddable":true,"href":"https:\/\/medicinasinc.com\/lt\/wp-json\/wp\/v2\/comments?post=5682"}],"wp:featuredmedia":[{"embeddable":true,"href":"https:\/\/medicinasinc.com\/lt\/wp-json\/wp\/v2\/media\/5693"}],"wp:attachment":[{"href":"https:\/\/medicinasinc.com\/lt\/wp-json\/wp\/v2\/media?parent=5682"}],"wp:term":[{"taxonomy":"product_brand","embeddable":true,"href":"https:\/\/medicinasinc.com\/lt\/wp-json\/wp\/v2\/product_brand?post=5682"},{"taxonomy":"product_cat","embeddable":true,"href":"https:\/\/medicinasinc.com\/lt\/wp-json\/wp\/v2\/product_cat?post=5682"},{"taxonomy":"product_tag","embeddable":true,"href":"https:\/\/medicinasinc.com\/lt\/wp-json\/wp\/v2\/product_tag?post=5682"}],"curies":[{"name":"wp","href":"https:\/\/api.w.org\/{rel}","templated":true}]}}