{"id":5677,"date":"2022-02-22T04:00:21","date_gmt":"2022-02-22T04:00:21","guid":{"rendered":"https:\/\/medicinasinc.com\/lt\/?post_type=product&#038;p=5677"},"modified":"2022-03-20T12:10:47","modified_gmt":"2022-03-20T12:10:47","slug":"pirk-metoksetaminas","status":"publish","type":"product","link":"https:\/\/medicinasinc.com\/lt\/product\/pirk-metoksetaminas\/","title":{"rendered":"Pirkite metoksetamin\u0105"},"content":{"rendered":"<p>Methoxetamin MXE parduodamas internete<\/p>\n<p>Ar \u017einote, kas tai yra?<\/p>\n<p>Disociatyvus haliucinogenas Methoxetamine MXE Online, sutrumpintai MXE, buvo parduodamas kaip dizaineri\u0173 sukurtas vaistas. Disociatyvai, tokie kaip ketaminas ir fenciklidinas (PCP), kurie buvo skirti medicinoje kaip anestetikai, buvo sukurti farmacijos rinkai. Metoksetamino galima nusipirkti internetu arba i\u0161 vietini\u0173 pardav\u0117j\u0173. Parduodami metoksetamino MXE milteliai, kuriuos galima \u012fsigyti u\u017e ma\u017e\u0105 kain\u0105 arba dideliais kiekiais u\u017e didesn\u0119 kain\u0105.<\/p>\n<p>Metoksetaminas (MXE), haliucinogenas ir anestetikas, veikiantis kaip NMDA receptori\u0173 antagonistas. , yra susij\u0119s su veterinariniu vaistu ketaminu. Teigiama, kad metoksetamino poveikis yra stipresnis ir ilgalaikis nei ketamino, tod\u0117l tai idealus pasirinkimas studentams, tyrin\u0117jantiems \u0161i\u0105 med\u017eiag\u0105. Metoksetamino i\u0161 BAC galima \u012fsigyti tik mokslini\u0173 tyrim\u0173 tikslais. MXE Metoksetaminas internetu be recepto<\/p>\n<p>Metoksetaminas yra populiarus narkotikas, tod\u0117l daugelis \u017emoni\u0173 ie\u0161ko b\u016bd\u0173, kaip j\u012f gauti nei\u0161einant i\u0161 nam\u0173. Tod\u0117l jiems reikalingos kuo paprastesn\u0117s mok\u0117jimo ir pristatymo galimyb\u0117s. Ta\u010diau jie daugiausia susir\u016bpin\u0119, kad likt\u0173 nepasteb\u0117ti. Ta\u010diau \u010dia galite anonimi\u0161kai ir saugiai nusipirkti metoksetamino atsi\u0173sdami pinigus kreditine kortele. Pinig\u0173 siuntimas naudojant \u201eWestern Union\u201c arba \u201eMoney Gram\u201c yra paprastas b\u016bdas tai padaryti. Ta\u010diau galime pa\u017evelgti \u012f diskreti\u0161kum\u0105. Tod\u0117l manome, kad Bitcoin yra ideali mok\u0117jimo priemon\u0117. Pirmyn ir pateikite u\u017esakym\u0105 dabar, tada atsi\u0173skite mums patvirtinim\u0105, kai baigsite.<\/p>\n<p>Methoxetamin MXE parduodamas internete<\/p>\n<p>Kaip patikimas mokslini\u0173 tyrim\u0173 chemini\u0173 med\u017eiag\u0173 ir vaist\u0173 tiek\u0117jas, m\u016bs\u0173 chemijos parduotuv\u0117 buvo i\u0161si\u0173sta \u012f beveik visas pasaulio \u0161alis. Klient\u0173 patogumui priimame ir bitkoin\u0173 bei dovan\u0173 korteles. \u017demiau pateikiamos kelios populiariausios prek\u0117s.<\/p>\n<p>Parduodami MXE milteliai<br \/> Pirkite 25 I-NBOMe internetu.<br \/> A-PVP kristalus galite \u012fsigyti<br \/> Galima \u012fsigyti Actavis prometazino su 32 uncij\u0173 kodeinu.<br \/> AB-PINACA galima \u012fsigyti internetu.<br \/> Adderall internetu be recepto<br \/> Pirkite AK-B48<br \/> Pirkite amfetamino miltelius.<br \/> Parduodami butilono kristalai<\/p>\n","protected":false},"excerpt":{"rendered":"<p>Pirkite metoksetamino MXE pardavimui JK, Europoje, AU. Mes si\u016blome patikimiausi\u0105 sandor\u012f ir parduodame labai prieinamomis kainomis. U\u017esisakykite Methoxetamine MXE dabar geriausiomis kainomis<\/p>\n<p>\u017dmon\u0117s gali nusipirkti Methoxetamine MXE pardavimui JK. Pas mus perkantys \u017emon\u0117s gali b\u016bti tikri, kad gaus tai, u\u017e k\u0105 sumok\u0117s. Metoksetamino MXE dabar galite \u012fsigyti geriausiomis kainomis.<\/p>\n<p>\u012esigykite metoksetamino internetu, u\u017esisakykite geriausi\u0105 MXE 99 procent\u0173 gryn\u0105 pristatym\u0105 per nakt\u012f ir su\u017einokite, kur galite nusipirkti metoksetamino su kredito kortele. MXE kaina.<\/p>\n<p>Metoksetaminas yra vaistas, naudojamas skausmui mal\u0161inti. Haliucinogenas, vadinamas Methoxetamin MXE, arba sutrumpintai MXE, buvo parduodamas kaip \u201edizainotinis vaistas\u201c.<\/p>\n","protected":false},"featured_media":5687,"comment_status":"open","ping_status":"closed","template":"","meta":[],"product_brand":[],"product_cat":[2014],"product_tag":[3525,3526,3527,3530,3531,3283,3524,3545,3546,3547,3534,3535,3537,3538,3539,3540,3541,3542,3543,3536,3533,3529,3532,3528,3544],"class_list":{"0":"post-5677","1":"product","2":"type-product","3":"status-publish","4":"has-post-thumbnail","6":"product_cat-pirkti-tyrineti-chemikalai","7":"product_tag-buy-methoxetamine","8":"product_tag-buy-methoxetamine-mxe-online","9":"product_tag-buy-methoxetamine-online","10":"product_tag-buy-mxe-research-chemical","11":"product_tag-buy-mxe-united-states","12":"product_tag-geriausia-vieta-pirkti-mxe","13":"product_tag-geriausias-mxe-pardavjas","14":"product_tag-pirkimas-metoksetaminas","15":"product_tag-kur-galiu-pirkti-mxe","16":"product_tag-kur-pirkti-mxe-online","17":"product_tag-metoksetaminas-internetas","18":"product_tag-mxe","19":"product_tag-mxe-buy-online","20":"product_tag-mxe-drug-for-sale","21":"product_tag-mxe-drug-info","22":"product_tag-mxe-for-sale","23":"product_tag-mxe-metoksetaminas","24":"product_tag-mxe-metoxetamin-erowid","25":"product_tag-mxe-pardavjas","26":"product_tag-mxe-pirkti","27":"product_tag-pardavimui-metoksetaminas","28":"product_tag-pirkti-mxe-online","29":"product_tag-pirkti-tyrinti-chemikalai-metoksetaminas","30":"product_tag-pirkti-mxe-1g","31":"product_tag-c5-internetinio-metoksetino","33":"first","34":"instock","35":"shipping-taxable","36":"purchasable","37":"product-type-variable","38":"has-default-attributes"},"yoast_head":"<!-- This site is optimized with the Yoast SEO plugin v27.3 - https:\/\/yoast.com\/product\/yoast-seo-wordpress\/ -->\n<title>Pirkite metoksetamin\u0105 \u2013 metoksetamin\u0105 \u2013 geriausius pasaulinius vaistus<\/title>\n<meta name=\"description\" content=\"Pirkite metoksetamino MXE pardavimui JK, Europoje, AU. Mes si\u016blome patikimiausi\u0105 sandor\u012f ir parduodame labai prieinamomis kainomis. U\u017esisakykite Methoxetamine MXE dabar geriausiomis kainomis\" \/>\n<meta name=\"robots\" content=\"index, follow, max-snippet:-1, max-image-preview:large, max-video-preview:-1\" \/>\n<link rel=\"canonical\" href=\"https:\/\/medicinasinc.com\/lt\/product\/pirk-metoksetaminas\/\" \/>\n<meta property=\"og:locale\" content=\"en_US\" \/>\n<meta property=\"og:type\" content=\"article\" \/>\n<meta property=\"og:title\" content=\"Pirkite metoksetamin\u0105 \u2013 metoksetamin\u0105 \u2013 geriausius pasaulinius vaistus\" \/>\n<meta property=\"og:description\" content=\"Pirkite metoksetamino MXE pardavimui JK, Europoje, AU. Mes si\u016blome patikimiausi\u0105 sandor\u012f ir parduodame labai prieinamomis kainomis. U\u017esisakykite Methoxetamine MXE dabar geriausiomis kainomis\" \/>\n<meta property=\"og:url\" content=\"https:\/\/medicinasinc.com\/lt\/product\/pirk-metoksetaminas\/\" \/>\n<meta property=\"og:site_name\" content=\"Medicinas Inc\" \/>\n<meta property=\"article:modified_time\" content=\"2022-03-20T12:10:47+00:00\" \/>\n<meta property=\"og:image\" content=\"https:\/\/medicinasinc.com\/lt\/wp-content\/uploads\/sites\/9\/2022\/02\/Buy-Methoxetamine.webp\" \/>\n\t<meta property=\"og:image:width\" content=\"750\" \/>\n\t<meta property=\"og:image:height\" content=\"461\" \/>\n\t<meta property=\"og:image:type\" content=\"image\/webp\" \/>\n<meta name=\"twitter:card\" content=\"summary_large_image\" \/>\n<meta name=\"twitter:label1\" content=\"Est. reading time\" \/>\n\t<meta name=\"twitter:data1\" content=\"2 minutes\" \/>\n<script type=\"application\/ld+json\" class=\"yoast-schema-graph\">{\"@context\":\"https:\\\/\\\/schema.org\",\"@graph\":[{\"@type\":\"WebPage\",\"@id\":\"https:\\\/\\\/medicinasinc.com\\\/lt\\\/product\\\/pirk-metoksetaminas\\\/\",\"url\":\"https:\\\/\\\/medicinasinc.com\\\/lt\\\/product\\\/pirk-metoksetaminas\\\/\",\"name\":\"Pirkite metoksetamin\u0105 \u2013 metoksetamin\u0105 \u2013 geriausius pasaulinius vaistus\",\"isPartOf\":{\"@id\":\"https:\\\/\\\/medicinasinc.com\\\/lt\\\/#website\"},\"primaryImageOfPage\":{\"@id\":\"https:\\\/\\\/medicinasinc.com\\\/lt\\\/product\\\/pirk-metoksetaminas\\\/#primaryimage\"},\"image\":{\"@id\":\"https:\\\/\\\/medicinasinc.com\\\/lt\\\/product\\\/pirk-metoksetaminas\\\/#primaryimage\"},\"thumbnailUrl\":\"https:\\\/\\\/medicinasinc.com\\\/lt\\\/wp-content\\\/uploads\\\/sites\\\/9\\\/2022\\\/02\\\/Buy-Methoxetamine.webp\",\"datePublished\":\"2022-02-22T04:00:21+00:00\",\"dateModified\":\"2022-03-20T12:10:47+00:00\",\"description\":\"Pirkite metoksetamino MXE pardavimui JK, Europoje, AU. Mes si\u016blome patikimiausi\u0105 sandor\u012f ir parduodame labai prieinamomis kainomis. U\u017esisakykite Methoxetamine MXE dabar geriausiomis kainomis\",\"breadcrumb\":{\"@id\":\"https:\\\/\\\/medicinasinc.com\\\/lt\\\/product\\\/pirk-metoksetaminas\\\/#breadcrumb\"},\"inLanguage\":\"en-US\",\"potentialAction\":[{\"@type\":\"ReadAction\",\"target\":[\"https:\\\/\\\/medicinasinc.com\\\/lt\\\/product\\\/pirk-metoksetaminas\\\/\"]}]},{\"@type\":\"ImageObject\",\"inLanguage\":\"en-US\",\"@id\":\"https:\\\/\\\/medicinasinc.com\\\/lt\\\/product\\\/pirk-metoksetaminas\\\/#primaryimage\",\"url\":\"https:\\\/\\\/medicinasinc.com\\\/lt\\\/wp-content\\\/uploads\\\/sites\\\/9\\\/2022\\\/02\\\/Buy-Methoxetamine.webp\",\"contentUrl\":\"https:\\\/\\\/medicinasinc.com\\\/lt\\\/wp-content\\\/uploads\\\/sites\\\/9\\\/2022\\\/02\\\/Buy-Methoxetamine.webp\",\"width\":750,\"height\":461},{\"@type\":\"BreadcrumbList\",\"@id\":\"https:\\\/\\\/medicinasinc.com\\\/lt\\\/product\\\/pirk-metoksetaminas\\\/#breadcrumb\",\"itemListElement\":[{\"@type\":\"ListItem\",\"position\":1,\"name\":\"Parduotuv\u0117\",\"item\":\"https:\\\/\\\/medicinasinc.com\\\/lt\\\/parduotuve\\\/\"},{\"@type\":\"ListItem\",\"position\":2,\"name\":\"Pirkite metoksetamin\u0105\"}]},{\"@type\":\"WebSite\",\"@id\":\"https:\\\/\\\/medicinasinc.com\\\/lt\\\/#website\",\"url\":\"https:\\\/\\\/medicinasinc.com\\\/lt\\\/\",\"name\":\"Medicinas Inc\",\"description\":\"Sveikatos medicinos klinika\",\"potentialAction\":[{\"@type\":\"SearchAction\",\"target\":{\"@type\":\"EntryPoint\",\"urlTemplate\":\"https:\\\/\\\/medicinasinc.com\\\/lt\\\/?s={search_term_string}\"},\"query-input\":{\"@type\":\"PropertyValueSpecification\",\"valueRequired\":true,\"valueName\":\"search_term_string\"}}],\"inLanguage\":\"en-US\"}]}<\/script>\n<!-- \/ Yoast SEO plugin. -->","yoast_head_json":{"title":"Pirkite metoksetamin\u0105 \u2013 metoksetamin\u0105 \u2013 geriausius pasaulinius vaistus","description":"Pirkite metoksetamino MXE pardavimui JK, Europoje, AU. Mes si\u016blome patikimiausi\u0105 sandor\u012f ir parduodame labai prieinamomis kainomis. U\u017esisakykite Methoxetamine MXE dabar geriausiomis kainomis","robots":{"index":"index","follow":"follow","max-snippet":"max-snippet:-1","max-image-preview":"max-image-preview:large","max-video-preview":"max-video-preview:-1"},"canonical":"https:\/\/medicinasinc.com\/lt\/product\/pirk-metoksetaminas\/","og_locale":"en_US","og_type":"article","og_title":"Pirkite metoksetamin\u0105 \u2013 metoksetamin\u0105 \u2013 geriausius pasaulinius vaistus","og_description":"Pirkite metoksetamino MXE pardavimui JK, Europoje, AU. Mes si\u016blome patikimiausi\u0105 sandor\u012f ir parduodame labai prieinamomis kainomis. U\u017esisakykite Methoxetamine MXE dabar geriausiomis kainomis","og_url":"https:\/\/medicinasinc.com\/lt\/product\/pirk-metoksetaminas\/","og_site_name":"Medicinas Inc","article_modified_time":"2022-03-20T12:10:47+00:00","og_image":[{"width":750,"height":461,"url":"https:\/\/medicinasinc.com\/lt\/wp-content\/uploads\/sites\/9\/2022\/02\/Buy-Methoxetamine.webp","type":"image\/webp"}],"twitter_card":"summary_large_image","twitter_misc":{"Est. reading time":"2 minutes"},"schema":{"@context":"https:\/\/schema.org","@graph":[{"@type":"WebPage","@id":"https:\/\/medicinasinc.com\/lt\/product\/pirk-metoksetaminas\/","url":"https:\/\/medicinasinc.com\/lt\/product\/pirk-metoksetaminas\/","name":"Pirkite metoksetamin\u0105 \u2013 metoksetamin\u0105 \u2013 geriausius pasaulinius vaistus","isPartOf":{"@id":"https:\/\/medicinasinc.com\/lt\/#website"},"primaryImageOfPage":{"@id":"https:\/\/medicinasinc.com\/lt\/product\/pirk-metoksetaminas\/#primaryimage"},"image":{"@id":"https:\/\/medicinasinc.com\/lt\/product\/pirk-metoksetaminas\/#primaryimage"},"thumbnailUrl":"https:\/\/medicinasinc.com\/lt\/wp-content\/uploads\/sites\/9\/2022\/02\/Buy-Methoxetamine.webp","datePublished":"2022-02-22T04:00:21+00:00","dateModified":"2022-03-20T12:10:47+00:00","description":"Pirkite metoksetamino MXE pardavimui JK, Europoje, AU. Mes si\u016blome patikimiausi\u0105 sandor\u012f ir parduodame labai prieinamomis kainomis. U\u017esisakykite Methoxetamine MXE dabar geriausiomis kainomis","breadcrumb":{"@id":"https:\/\/medicinasinc.com\/lt\/product\/pirk-metoksetaminas\/#breadcrumb"},"inLanguage":"en-US","potentialAction":[{"@type":"ReadAction","target":["https:\/\/medicinasinc.com\/lt\/product\/pirk-metoksetaminas\/"]}]},{"@type":"ImageObject","inLanguage":"en-US","@id":"https:\/\/medicinasinc.com\/lt\/product\/pirk-metoksetaminas\/#primaryimage","url":"https:\/\/medicinasinc.com\/lt\/wp-content\/uploads\/sites\/9\/2022\/02\/Buy-Methoxetamine.webp","contentUrl":"https:\/\/medicinasinc.com\/lt\/wp-content\/uploads\/sites\/9\/2022\/02\/Buy-Methoxetamine.webp","width":750,"height":461},{"@type":"BreadcrumbList","@id":"https:\/\/medicinasinc.com\/lt\/product\/pirk-metoksetaminas\/#breadcrumb","itemListElement":[{"@type":"ListItem","position":1,"name":"Parduotuv\u0117","item":"https:\/\/medicinasinc.com\/lt\/parduotuve\/"},{"@type":"ListItem","position":2,"name":"Pirkite metoksetamin\u0105"}]},{"@type":"WebSite","@id":"https:\/\/medicinasinc.com\/lt\/#website","url":"https:\/\/medicinasinc.com\/lt\/","name":"Medicinas Inc","description":"Sveikatos medicinos klinika","potentialAction":[{"@type":"SearchAction","target":{"@type":"EntryPoint","urlTemplate":"https:\/\/medicinasinc.com\/lt\/?s={search_term_string}"},"query-input":{"@type":"PropertyValueSpecification","valueRequired":true,"valueName":"search_term_string"}}],"inLanguage":"en-US"}]}},"_links":{"self":[{"href":"https:\/\/medicinasinc.com\/lt\/wp-json\/wp\/v2\/product\/5677","targetHints":{"allow":["GET"]}}],"collection":[{"href":"https:\/\/medicinasinc.com\/lt\/wp-json\/wp\/v2\/product"}],"about":[{"href":"https:\/\/medicinasinc.com\/lt\/wp-json\/wp\/v2\/types\/product"}],"replies":[{"embeddable":true,"href":"https:\/\/medicinasinc.com\/lt\/wp-json\/wp\/v2\/comments?post=5677"}],"wp:featuredmedia":[{"embeddable":true,"href":"https:\/\/medicinasinc.com\/lt\/wp-json\/wp\/v2\/media\/5687"}],"wp:attachment":[{"href":"https:\/\/medicinasinc.com\/lt\/wp-json\/wp\/v2\/media?parent=5677"}],"wp:term":[{"taxonomy":"product_brand","embeddable":true,"href":"https:\/\/medicinasinc.com\/lt\/wp-json\/wp\/v2\/product_brand?post=5677"},{"taxonomy":"product_cat","embeddable":true,"href":"https:\/\/medicinasinc.com\/lt\/wp-json\/wp\/v2\/product_cat?post=5677"},{"taxonomy":"product_tag","embeddable":true,"href":"https:\/\/medicinasinc.com\/lt\/wp-json\/wp\/v2\/product_tag?post=5677"}],"curies":[{"name":"wp","href":"https:\/\/api.w.org\/{rel}","templated":true}]}}