{"id":5673,"date":"2022-02-22T03:54:58","date_gmt":"2022-02-22T03:54:58","guid":{"rendered":"https:\/\/medicinasinc.com\/lt\/?post_type=product&#038;p=5673"},"modified":"2022-03-20T12:10:56","modified_gmt":"2022-03-20T12:10:56","slug":"pirkti-alprox-2mg-pills-xanax","status":"publish","type":"product","link":"https:\/\/medicinasinc.com\/lt\/product\/pirkti-alprox-2mg-pills-xanax\/","title":{"rendered":"Pirkite Alprox 2mg tabletes (Xanax)"},"content":{"rendered":"<p>\u017dmon\u0117s, norintys pigiai nusipirkti 2 mg XANAX internetu, tur\u0117t\u0173 j\u0173 ie\u0161koti. U\u017esisakykite XANAX 2mg i\u0161 Global Home Med u\u017e ma\u017e\u0105 kain\u0105 ir pristatykite j\u012f tiesiai \u012f j\u016bs\u0173 namus!<\/p>\n<p>Alprazolamo galima nusipirkti JK, tod\u0117l galite tai padaryti. Xanax prek\u0117s \u017eenklas, vadinamas Alprazolam, turi 2 mg narkotikas jame. JK yra veiksmingiau gerti \u0161io gero vaisto nuo nerimo 2 mg tablet\u0119.<\/p>\n<p>\u017dmon\u0117s, norintys \u012fsigyti Xanax, gali j\u012f nusipirkti internetu. Parduodami Xanax baton\u0117liai \u2013 pirkite xanax 2mg internetu \u2013 pirkite xanax 1mg internetu \u2013<\/p>\n<p>Nuo Xanax galite jaustis mieguisti ir nusiraminti, atsipalaidav\u0119 ir atsipalaiduoti.<\/p>\n<p>Pirkite Xanax 2Mg Jungtin\u0117 Karalyst\u0117. U\u017esisakykite \u201eXanax Overnight\u201c suprantamu b\u016bdu. \u012ekyrus Wilburn susprogdina savo pirkin\u012f Xanax Online Reddit sublimuojant\u012f pasi\u016blym\u0105.<\/p>\n<p>\u017dmon\u0117s gali nusipirkti pigi\u0173 Xanax be gydytojo pa\u017eymos. Pirkdami zoloft\u0105 internetu, galite j\u012f rasti geriausiose internetin\u0117se vaistin\u0117se. Taip pat galite nusipirkti pigi\u0173 xanax ir phentermine internetu. \u0160iame paveiksl\u0117lyje galite pamatyti bendrus Xanax 2mg baton\u0117lius, kurie atrodo kaip tikri.<\/p>\n<p>Nor\u0117dami gydyti panikos sutrikimus ir nerim\u0105, pirkite Xanax 2mg Alprazolam 0,5mg, 1mg arba 2mg Tablet. \u017dmon\u0117s, kurie bijo ir patiria stres\u0105, gali labai i\u0161sig\u0105sti ir patirti stres\u0105. Geriausia prad\u0117ti nuo ma\u017eo kiekio ir palaipsniui didinti. Nenutraukite \u0161io vaisto vartojimo i\u0161 karto, nes jis gali sukelti abstinencijos simptomus, pvz., traukulius, agresyv\u0173 elges\u012f, nery\u0161k\u0173 matym\u0105 ir kt., pavyzd\u017eiui, kai nustosite vartoti.<\/p>\n<p>Vartokite Alprazolam 0,5 MG tablet\u0119 su arba be jo. maisto, bet nieko nevalgykite prie\u0161 valgydami. Nevartokite daugiau, nei nurod\u0117 gydytojas. Jei pasirei\u0161k\u0117 blogas \u0161alutinis poveikis, kreipkit\u0117s \u012f gydytoj\u0105. Prie\u0161 nustodami vartoti vaist\u0105, b\u016btinai pasitarkite su gydytoju, nes d\u0117l to galite jaustis blogai.<\/p>\n<p>Jo veikimo b\u016bdas<br \/> \u0160is vaistas jungiasi prie chlorido kanal\u0173 ir leid\u017eia tek\u0117ti chloro jonams. D\u0117l to neurono membrana tampa stabilesn\u0117 ir hiperpoliarizuota, o tai neleid\u017eia l\u0105stelei labiau susijaudinti.<\/p>\n","protected":false},"excerpt":{"rendered":"<p>Pirkite Alprox xanax 2mg tabletes pardavimui JK, Europoje. pirkite Alprox internetu, pirkite xanax internetu, pirkite internetu alprox, perkate xanax, Alprox 2mg, kur galiu nusipirkti alprox internetu.<\/p>\n<p>Internetu galite \u012fsigyti Alprox 2mg tabletes u\u017e ma\u017e\u0105 kain\u0105 (Xanax). Tokiu atveju Alprox galite \u012fsigyti internetu. Taip pat galite \u012fsigyti internetu, \u012fsigyti Alprox internetu, \u012fsigyti xanax internetu ir su\u017einoti, i\u0161 kur jo galite gauti.<\/p>\n<p>Galite nusipirkti Alprazolam Xanax 2 mg table\u010di\u0173 i\u0161 m\u016bs\u0173 pasaulin\u0117s medicinos parduotuv\u0117s ir greitai jas pristatyti \u012f bet kuri\u0105 pasaulio \u0161al\u012f! \u010cia rasite geriausi\u0105 Alprazolam 2 MG tablet\u0119, kuri\u0105 galite nusipirkti.<\/p>\n<p>Pirkite Xanax 2 MG tablet\u0119 vartojama panikos sutrikimams ir nerimui gydyti, pvz., staigiai ekstremaliai baimei ir streso sukeltam stresui. Geriausia prad\u0117ti nuo ma\u017eo kiekio ir palaipsniui didinti. Nenutraukite \u0161io vaisto vartojimo i\u0161 karto, nes jei nustosite vartoti per greitai, jis gali sukelti abstinencijos simptomus, pvz., traukulius, agresyv\u0173 elges\u012f, nery\u0161k\u0173 matym\u0105 ir kt..<\/p>\n","protected":false},"featured_media":5683,"comment_status":"open","ping_status":"closed","template":"","meta":[],"product_brand":[],"product_cat":[1117],"product_tag":[3504,3505,3506,3502,1192,1182,1194,3508,3503,3523,1143,3511,1168,1189,1188,3507,3510,3512,3513,3514,3517,3515,3509,3516,3520,3518,3519,3522,3521],"class_list":{"0":"post-5673","1":"product","2":"type-product","3":"status-publish","4":"has-post-thumbnail","6":"product_cat-pirkite-skausmo-miego-ir-sekso-tabletes","7":"product_tag-buy-xanax-2-mg-uk","8":"product_tag-buy-xanax-2mg","9":"product_tag-buy-xanax-online","10":"product_tag-geriausia-parduotuv-xanax-2-mg-uk","11":"product_tag-geriausia-vieta-alprazolamui-pirkti-internetu","12":"product_tag-kaip-pirkti-alprazolam-internetu","13":"product_tag-kur-pirkti-alprazolam-internetu","14":"product_tag-kur-nusipirkti-xanax-2-mg-uk","15":"product_tag-pirkti-xanax-2-mg","16":"product_tag-xanax-baras-parduodamas","17":"product_tag-parduodamas-alprazolamas","18":"product_tag-xanax-2-mg-parduodamas","19":"product_tag-pirkti-alprazolam-internetu","20":"product_tag-purchase-alprazolam-online","21":"product_tag-u-c5-besisakyti-alprazolam-c4-85-internetas","22":"product_tag-order-xanax-2-mg-uk","23":"product_tag-xanax-2-mg-europe","24":"product_tag-xanax-2-mg-for-sale-uk","25":"product_tag-xanax-2-mg-google","26":"product_tag-xanax-2-mg-online-uk","27":"product_tag-xanax-2-mg-uk","28":"product_tag-xanax-2-mg-nia-moteris","29":"product_tag-xanax-2-mg-poveikis","30":"product_tag-xanax-2-mg-reddit","31":"product_tag-xanax-2mg-for-sale","32":"product_tag-xanax-2mg-pirkti","33":"product_tag-xanax-2mg-poveikis","34":"product_tag-xanax-2mg-reddit","35":"product_tag-xanax-2mg-usakymas","37":"first","38":"instock","39":"shipping-taxable","40":"purchasable","41":"product-type-variable","42":"has-default-attributes"},"yoast_head":"<!-- This site is optimized with the Yoast SEO plugin v27.3 - https:\/\/yoast.com\/product\/yoast-seo-wordpress\/ -->\n<title>Pirkite Alprox 2mg tabletes (Xanax) - Xanax 2 mg - Geriausi pasaulyje vaistai<\/title>\n<meta name=\"description\" content=\"Pirkite Alprox xanax 2mg tabletes parduoti JK, Europoje. pirkite Alprox internetu, pirkite xanax internetu, pirkite internetu alprox, pirkkite xanax, uzsisakykite Alprox 2mg, kur galiu nusipirkti alprox internetu.\" \/>\n<meta name=\"robots\" content=\"index, follow, max-snippet:-1, max-image-preview:large, max-video-preview:-1\" \/>\n<link rel=\"canonical\" href=\"https:\/\/medicinasinc.com\/lt\/product\/pirkti-alprox-2mg-pills-xanax\/\" \/>\n<meta property=\"og:locale\" content=\"en_US\" \/>\n<meta property=\"og:type\" content=\"article\" \/>\n<meta property=\"og:title\" content=\"Pirkite Alprox 2mg tabletes (Xanax) - Xanax 2 mg - Geriausi pasaulyje vaistai\" \/>\n<meta property=\"og:description\" content=\"Pirkite Alprox xanax 2mg tabletes parduoti JK, Europoje. pirkite Alprox internetu, pirkite xanax internetu, pirkite internetu alprox, pirkkite xanax, uzsisakykite Alprox 2mg, kur galiu nusipirkti alprox internetu.\" \/>\n<meta property=\"og:url\" content=\"https:\/\/medicinasinc.com\/lt\/product\/pirkti-alprox-2mg-pills-xanax\/\" \/>\n<meta property=\"og:site_name\" content=\"Medicinas Inc\" \/>\n<meta property=\"article:modified_time\" content=\"2022-03-20T12:10:56+00:00\" \/>\n<meta property=\"og:image\" content=\"https:\/\/medicinasinc.com\/lt\/wp-content\/uploads\/sites\/9\/2022\/02\/Buy-xanax-2-mg.jpg\" \/>\n\t<meta property=\"og:image:width\" content=\"400\" \/>\n\t<meta property=\"og:image:height\" content=\"350\" \/>\n\t<meta property=\"og:image:type\" content=\"image\/jpeg\" \/>\n<meta name=\"twitter:card\" content=\"summary_large_image\" \/>\n<meta name=\"twitter:label1\" content=\"Est. reading time\" \/>\n\t<meta name=\"twitter:data1\" content=\"2 minutes\" \/>\n<script type=\"application\/ld+json\" class=\"yoast-schema-graph\">{\"@context\":\"https:\\\/\\\/schema.org\",\"@graph\":[{\"@type\":\"WebPage\",\"@id\":\"https:\\\/\\\/medicinasinc.com\\\/lt\\\/product\\\/pirkti-alprox-2mg-pills-xanax\\\/\",\"url\":\"https:\\\/\\\/medicinasinc.com\\\/lt\\\/product\\\/pirkti-alprox-2mg-pills-xanax\\\/\",\"name\":\"Pirkite Alprox 2mg tabletes (Xanax) - Xanax 2 mg - Geriausi pasaulyje vaistai\",\"isPartOf\":{\"@id\":\"https:\\\/\\\/medicinasinc.com\\\/lt\\\/#website\"},\"primaryImageOfPage\":{\"@id\":\"https:\\\/\\\/medicinasinc.com\\\/lt\\\/product\\\/pirkti-alprox-2mg-pills-xanax\\\/#primaryimage\"},\"image\":{\"@id\":\"https:\\\/\\\/medicinasinc.com\\\/lt\\\/product\\\/pirkti-alprox-2mg-pills-xanax\\\/#primaryimage\"},\"thumbnailUrl\":\"https:\\\/\\\/medicinasinc.com\\\/lt\\\/wp-content\\\/uploads\\\/sites\\\/9\\\/2022\\\/02\\\/Buy-xanax-2-mg.jpg\",\"datePublished\":\"2022-02-22T03:54:58+00:00\",\"dateModified\":\"2022-03-20T12:10:56+00:00\",\"description\":\"Pirkite Alprox xanax 2mg tabletes parduoti JK, Europoje. pirkite Alprox internetu, pirkite xanax internetu, pirkite internetu alprox, pirkkite xanax, uzsisakykite Alprox 2mg, kur galiu nusipirkti alprox internetu.\",\"breadcrumb\":{\"@id\":\"https:\\\/\\\/medicinasinc.com\\\/lt\\\/product\\\/pirkti-alprox-2mg-pills-xanax\\\/#breadcrumb\"},\"inLanguage\":\"en-US\",\"potentialAction\":[{\"@type\":\"ReadAction\",\"target\":[\"https:\\\/\\\/medicinasinc.com\\\/lt\\\/product\\\/pirkti-alprox-2mg-pills-xanax\\\/\"]}]},{\"@type\":\"ImageObject\",\"inLanguage\":\"en-US\",\"@id\":\"https:\\\/\\\/medicinasinc.com\\\/lt\\\/product\\\/pirkti-alprox-2mg-pills-xanax\\\/#primaryimage\",\"url\":\"https:\\\/\\\/medicinasinc.com\\\/lt\\\/wp-content\\\/uploads\\\/sites\\\/9\\\/2022\\\/02\\\/Buy-xanax-2-mg.jpg\",\"contentUrl\":\"https:\\\/\\\/medicinasinc.com\\\/lt\\\/wp-content\\\/uploads\\\/sites\\\/9\\\/2022\\\/02\\\/Buy-xanax-2-mg.jpg\",\"width\":400,\"height\":350},{\"@type\":\"BreadcrumbList\",\"@id\":\"https:\\\/\\\/medicinasinc.com\\\/lt\\\/product\\\/pirkti-alprox-2mg-pills-xanax\\\/#breadcrumb\",\"itemListElement\":[{\"@type\":\"ListItem\",\"position\":1,\"name\":\"Parduotuv\u0117\",\"item\":\"https:\\\/\\\/medicinasinc.com\\\/lt\\\/parduotuve\\\/\"},{\"@type\":\"ListItem\",\"position\":2,\"name\":\"Pirkite Alprox 2mg tabletes (Xanax)\"}]},{\"@type\":\"WebSite\",\"@id\":\"https:\\\/\\\/medicinasinc.com\\\/lt\\\/#website\",\"url\":\"https:\\\/\\\/medicinasinc.com\\\/lt\\\/\",\"name\":\"Medicinas Inc\",\"description\":\"Sveikatos medicinos klinika\",\"potentialAction\":[{\"@type\":\"SearchAction\",\"target\":{\"@type\":\"EntryPoint\",\"urlTemplate\":\"https:\\\/\\\/medicinasinc.com\\\/lt\\\/?s={search_term_string}\"},\"query-input\":{\"@type\":\"PropertyValueSpecification\",\"valueRequired\":true,\"valueName\":\"search_term_string\"}}],\"inLanguage\":\"en-US\"}]}<\/script>\n<!-- \/ Yoast SEO plugin. -->","yoast_head_json":{"title":"Pirkite Alprox 2mg tabletes (Xanax) - Xanax 2 mg - Geriausi pasaulyje vaistai","description":"Pirkite Alprox xanax 2mg tabletes parduoti JK, Europoje. pirkite Alprox internetu, pirkite xanax internetu, pirkite internetu alprox, pirkkite xanax, uzsisakykite Alprox 2mg, kur galiu nusipirkti alprox internetu.","robots":{"index":"index","follow":"follow","max-snippet":"max-snippet:-1","max-image-preview":"max-image-preview:large","max-video-preview":"max-video-preview:-1"},"canonical":"https:\/\/medicinasinc.com\/lt\/product\/pirkti-alprox-2mg-pills-xanax\/","og_locale":"en_US","og_type":"article","og_title":"Pirkite Alprox 2mg tabletes (Xanax) - Xanax 2 mg - Geriausi pasaulyje vaistai","og_description":"Pirkite Alprox xanax 2mg tabletes parduoti JK, Europoje. pirkite Alprox internetu, pirkite xanax internetu, pirkite internetu alprox, pirkkite xanax, uzsisakykite Alprox 2mg, kur galiu nusipirkti alprox internetu.","og_url":"https:\/\/medicinasinc.com\/lt\/product\/pirkti-alprox-2mg-pills-xanax\/","og_site_name":"Medicinas Inc","article_modified_time":"2022-03-20T12:10:56+00:00","og_image":[{"width":400,"height":350,"url":"https:\/\/medicinasinc.com\/lt\/wp-content\/uploads\/sites\/9\/2022\/02\/Buy-xanax-2-mg.jpg","type":"image\/jpeg"}],"twitter_card":"summary_large_image","twitter_misc":{"Est. reading time":"2 minutes"},"schema":{"@context":"https:\/\/schema.org","@graph":[{"@type":"WebPage","@id":"https:\/\/medicinasinc.com\/lt\/product\/pirkti-alprox-2mg-pills-xanax\/","url":"https:\/\/medicinasinc.com\/lt\/product\/pirkti-alprox-2mg-pills-xanax\/","name":"Pirkite Alprox 2mg tabletes (Xanax) - Xanax 2 mg - Geriausi pasaulyje vaistai","isPartOf":{"@id":"https:\/\/medicinasinc.com\/lt\/#website"},"primaryImageOfPage":{"@id":"https:\/\/medicinasinc.com\/lt\/product\/pirkti-alprox-2mg-pills-xanax\/#primaryimage"},"image":{"@id":"https:\/\/medicinasinc.com\/lt\/product\/pirkti-alprox-2mg-pills-xanax\/#primaryimage"},"thumbnailUrl":"https:\/\/medicinasinc.com\/lt\/wp-content\/uploads\/sites\/9\/2022\/02\/Buy-xanax-2-mg.jpg","datePublished":"2022-02-22T03:54:58+00:00","dateModified":"2022-03-20T12:10:56+00:00","description":"Pirkite Alprox xanax 2mg tabletes parduoti JK, Europoje. pirkite Alprox internetu, pirkite xanax internetu, pirkite internetu alprox, pirkkite xanax, uzsisakykite Alprox 2mg, kur galiu nusipirkti alprox internetu.","breadcrumb":{"@id":"https:\/\/medicinasinc.com\/lt\/product\/pirkti-alprox-2mg-pills-xanax\/#breadcrumb"},"inLanguage":"en-US","potentialAction":[{"@type":"ReadAction","target":["https:\/\/medicinasinc.com\/lt\/product\/pirkti-alprox-2mg-pills-xanax\/"]}]},{"@type":"ImageObject","inLanguage":"en-US","@id":"https:\/\/medicinasinc.com\/lt\/product\/pirkti-alprox-2mg-pills-xanax\/#primaryimage","url":"https:\/\/medicinasinc.com\/lt\/wp-content\/uploads\/sites\/9\/2022\/02\/Buy-xanax-2-mg.jpg","contentUrl":"https:\/\/medicinasinc.com\/lt\/wp-content\/uploads\/sites\/9\/2022\/02\/Buy-xanax-2-mg.jpg","width":400,"height":350},{"@type":"BreadcrumbList","@id":"https:\/\/medicinasinc.com\/lt\/product\/pirkti-alprox-2mg-pills-xanax\/#breadcrumb","itemListElement":[{"@type":"ListItem","position":1,"name":"Parduotuv\u0117","item":"https:\/\/medicinasinc.com\/lt\/parduotuve\/"},{"@type":"ListItem","position":2,"name":"Pirkite Alprox 2mg tabletes (Xanax)"}]},{"@type":"WebSite","@id":"https:\/\/medicinasinc.com\/lt\/#website","url":"https:\/\/medicinasinc.com\/lt\/","name":"Medicinas Inc","description":"Sveikatos medicinos klinika","potentialAction":[{"@type":"SearchAction","target":{"@type":"EntryPoint","urlTemplate":"https:\/\/medicinasinc.com\/lt\/?s={search_term_string}"},"query-input":{"@type":"PropertyValueSpecification","valueRequired":true,"valueName":"search_term_string"}}],"inLanguage":"en-US"}]}},"_links":{"self":[{"href":"https:\/\/medicinasinc.com\/lt\/wp-json\/wp\/v2\/product\/5673","targetHints":{"allow":["GET"]}}],"collection":[{"href":"https:\/\/medicinasinc.com\/lt\/wp-json\/wp\/v2\/product"}],"about":[{"href":"https:\/\/medicinasinc.com\/lt\/wp-json\/wp\/v2\/types\/product"}],"replies":[{"embeddable":true,"href":"https:\/\/medicinasinc.com\/lt\/wp-json\/wp\/v2\/comments?post=5673"}],"wp:featuredmedia":[{"embeddable":true,"href":"https:\/\/medicinasinc.com\/lt\/wp-json\/wp\/v2\/media\/5683"}],"wp:attachment":[{"href":"https:\/\/medicinasinc.com\/lt\/wp-json\/wp\/v2\/media?parent=5673"}],"wp:term":[{"taxonomy":"product_brand","embeddable":true,"href":"https:\/\/medicinasinc.com\/lt\/wp-json\/wp\/v2\/product_brand?post=5673"},{"taxonomy":"product_cat","embeddable":true,"href":"https:\/\/medicinasinc.com\/lt\/wp-json\/wp\/v2\/product_cat?post=5673"},{"taxonomy":"product_tag","embeddable":true,"href":"https:\/\/medicinasinc.com\/lt\/wp-json\/wp\/v2\/product_tag?post=5673"}],"curies":[{"name":"wp","href":"https:\/\/api.w.org\/{rel}","templated":true}]}}