{"id":5667,"date":"2022-02-22T03:49:11","date_gmt":"2022-02-22T03:49:11","guid":{"rendered":"https:\/\/medicinasinc.com\/lt\/?post_type=product&#038;p=5667"},"modified":"2022-03-20T12:11:06","modified_gmt":"2022-03-20T12:11:06","slug":"pirkti-uola-ant-vonios-druskos","status":"publish","type":"product","link":"https:\/\/medicinasinc.com\/lt\/product\/pirkti-uola-ant-vonios-druskos\/","title":{"rendered":"Pirkite Rock On Bath Salt"},"content":{"rendered":"<p><strong>Tokiu atveju galite nusipirkti Rock On Bath druskos \u017einiatinklyje.<\/strong><\/p>\n<p>\u012esigykite Rock On Bath druskos JK, Europoje ir Australijoje u\u017e ger\u0105 kain\u0105. kaina. Pas mus perkantys \u017emon\u0117s gali b\u016bti tikri, kad gaus tai, u\u017e k\u0105 sumok\u0117s. \u0160i \u201eRock On Bath Salt\u201c dabar yra geriausia kaina.<\/p>\n","protected":false},"excerpt":{"rendered":"<div class=\"woocommerce-product-details__short-description\">\n<p><strong>Produkto kaina nurodyta u\u017e 10 gram\u0173<\/strong><\/p>\n<p>Pirkite Rock On Bath druskos, kad gal\u0117tum\u0117te parduoti JK, Europoje, AU. Mes si\u016blome patikimiausi\u0105 sandor\u012f ir parduodame labai prieinamomis kainomis. Rock On Bath Salt dabar geriausiomis kainomis<\/p>\n<\/p><\/div>\n","protected":false},"featured_media":5676,"comment_status":"open","ping_status":"closed","template":"","meta":[],"product_brand":[],"product_cat":[2014],"product_tag":[3474,3469,3468,3436,3437,3438,3439,3441,3443,3097,3444,3445,3450,3451,3452,3455,3457,3458,3501,3471,3473,3083,3442,3476,3496,3489,3472,3498,3499,3497,3477,3479,3482,3481,3485,3486,3487,3480,3095,3165,3495,3470,3453,3454,3456,3466,3467,3446,3448,3447,3449,3488,3475,3494,3478,3484,3483,3440,3434,3433,3435],"class_list":{"0":"post-5667","1":"product","2":"type-product","3":"status-publish","4":"has-post-thumbnail","6":"product_cat-pirkti-tyrineti-chemikalai","7":"product_tag-eight-ballz-bath-salt-parduodamas-internetu","8":"product_tag-ar-vis-tiek-galite-nusipirkti-vonios-drusk","9":"product_tag-ar-galite-nusipirkti-vonios-druskas-parduotuvse","10":"product_tag-bath-salts-for-sale-online","11":"product_tag-bath-salts-for-sale-online-with-credit-card","12":"product_tag-bath-salts-online-store","13":"product_tag-bath-salts-sales-online","14":"product_tag-best-bath-salts","15":"product_tag-buy-amped-novelty-powder-500mg","16":"product_tag-buy-bath-salts","17":"product_tag-buy-bath-salts-cod","18":"product_tag-buy-bath-salts-drug-online","19":"product_tag-buy-bath-salts-online-with-credit-cards","20":"product_tag-buy-bath-salts-with-paypal-online","21":"product_tag-buy-cheap-bath-salts-order-bath-salts-drug-online","22":"product_tag-buy-ivory-wave-for-sale-online","23":"product_tag-buy-mephedrone-bath-salts-online-with-credit-card","24":"product_tag-buy-pump-it-bath-salt-1000mg","25":"product_tag-buy-rock-on-bath-salt-online","26":"product_tag-debesis-9-vonios-druska","27":"product_tag-diskretiki-vonios-druskos-pardavjai-internetu","28":"product_tag-dramblio-kaulo-bangos-vonios-druskos","29":"product_tag-geriausios-kokybes-internetu-vonios-druskos","30":"product_tag-ivory-wave","31":"product_tag-k-daryk-vonios-druskos-daryk","32":"product_tag-kokybikos-vonios-druskos-parduodama-vaistas-internetu","33":"product_tag-koncentruotos-vonios-druskos","34":"product_tag-i-kur-galiu-gauti-vonios-drusk","35":"product_tag-kur-galiu-usisakyti-mdpv-bath-salts-online","36":"product_tag-kur-galiu-pirkti-vonios-druskos-internetu","37":"product_tag-legalios-vonios-druskos-parduodama-internetu","38":"product_tag-looking-to-buy-bath-salt-sonline","39":"product_tag-mefedronas","40":"product_tag-mefedrono-vonios-druskos-kur-pirkti","41":"product_tag-order-bath-salts-online-bath-salts-wholesale","42":"product_tag-order-bath-salts-online-cod","43":"product_tag-order-bath-salts-online-with-credit-card","44":"product_tag-parduodu-mefedron-vonios-druskas","45":"product_tag-vonios-druskos-pardavimas","46":"product_tag-mdpv-vonios-druskos-pardavimas","47":"product_tag-vanils-dangaus-vonios-druskos-parduodu","48":"product_tag-pigios-vonios-druskos","49":"product_tag-pirkti-eight-ballz-bath-salts-internetu","50":"product_tag-pirkti-dramblio-kaulo-bang-vonios-druskos-1000mg","51":"product_tag-pirkite-k2-vonios-druskos-internetu","52":"product_tag-pirkite-sekstacy-bath-salts-internetu","53":"product_tag-pirkite-sintetins-vonios-druskos-internetu","54":"product_tag-pirkite-vonios-druskos-internetu","55":"product_tag-pirkite-vonios-druskas-internetu-kur-galiu-nusipirkti-vonios-druskas-internetu","56":"product_tag-pirkti-vonios-druskos-internete-legal","57":"product_tag-pirkite-vonios-druskas-internetu-su-kreditine-kortele","58":"product_tag-purchase-bath-salts-online","59":"product_tag-raste-teis-c4-97t-c5-b3-vonios-drusk-c5-b3-tiek-c4-97j-c5-b3-internete","60":"product_tag-safest-online-store-to-buy-bath-salts","61":"product_tag-legit-bath-salts-suppliers-online","62":"product_tag-usisakyti-vonios-druskos-internetu","63":"product_tag-usisakyti-vonios-druskos-vaist-internete","64":"product_tag-vonios-druska","65":"product_tag-vonios-druskos-vaistas-parduodamas-internetu","66":"product_tag-vonios-druskos-vaistas","67":"product_tag-vonios-druskos-vaist-pardavimas-internetu","69":"first","70":"instock","71":"shipping-taxable","72":"purchasable","73":"product-type-variable"},"yoast_head":"<!-- This site is optimized with the Yoast SEO plugin v27.3 - https:\/\/yoast.com\/product\/yoast-seo-wordpress\/ -->\n<title>Pirkite \u201eRock On Bath Salt\u201c internetu \u2013 \u201eRock On Bath Salt\u201c \u2013 geriausi pasaulyje vaistai<\/title>\n<meta name=\"description\" content=\"Pirkite akmens ant vonios druskos JK, Europoje, AU. Mes si\u016blome patikimiausi\u0105 sandor\u012f ir parduodame labai prieinamomis kainomis. Rock On Bath Salt dabar geriausiomis kainomis\" \/>\n<meta name=\"robots\" content=\"index, follow, max-snippet:-1, max-image-preview:large, max-video-preview:-1\" \/>\n<link rel=\"canonical\" href=\"https:\/\/medicinasinc.com\/lt\/product\/pirkti-uola-ant-vonios-druskos\/\" \/>\n<meta property=\"og:locale\" content=\"en_US\" \/>\n<meta property=\"og:type\" content=\"article\" \/>\n<meta property=\"og:title\" content=\"Pirkite \u201eRock On Bath Salt\u201c internetu \u2013 \u201eRock On Bath Salt\u201c \u2013 geriausi pasaulyje vaistai\" \/>\n<meta property=\"og:description\" content=\"Pirkite akmens ant vonios druskos JK, Europoje, AU. Mes si\u016blome patikimiausi\u0105 sandor\u012f ir parduodame labai prieinamomis kainomis. Rock On Bath Salt dabar geriausiomis kainomis\" \/>\n<meta property=\"og:url\" content=\"https:\/\/medicinasinc.com\/lt\/product\/pirkti-uola-ant-vonios-druskos\/\" \/>\n<meta property=\"og:site_name\" content=\"Medicinas Inc\" \/>\n<meta property=\"article:modified_time\" content=\"2022-03-20T12:11:06+00:00\" \/>\n<meta property=\"og:image\" content=\"https:\/\/medicinasinc.com\/lt\/wp-content\/uploads\/sites\/9\/2022\/02\/Buy-Rock-On-Bath-Salt.jpeg\" \/>\n\t<meta property=\"og:image:width\" content=\"640\" \/>\n\t<meta property=\"og:image:height\" content=\"428\" \/>\n\t<meta property=\"og:image:type\" content=\"image\/jpeg\" \/>\n<meta name=\"twitter:card\" content=\"summary_large_image\" \/>\n<meta name=\"twitter:label1\" content=\"Est. reading time\" \/>\n\t<meta name=\"twitter:data1\" content=\"1 minute\" \/>\n<script type=\"application\/ld+json\" class=\"yoast-schema-graph\">{\"@context\":\"https:\\\/\\\/schema.org\",\"@graph\":[{\"@type\":\"WebPage\",\"@id\":\"https:\\\/\\\/medicinasinc.com\\\/lt\\\/product\\\/pirkti-uola-ant-vonios-druskos\\\/\",\"url\":\"https:\\\/\\\/medicinasinc.com\\\/lt\\\/product\\\/pirkti-uola-ant-vonios-druskos\\\/\",\"name\":\"Pirkite \u201eRock On Bath Salt\u201c internetu \u2013 \u201eRock On Bath Salt\u201c \u2013 geriausi pasaulyje vaistai\",\"isPartOf\":{\"@id\":\"https:\\\/\\\/medicinasinc.com\\\/lt\\\/#website\"},\"primaryImageOfPage\":{\"@id\":\"https:\\\/\\\/medicinasinc.com\\\/lt\\\/product\\\/pirkti-uola-ant-vonios-druskos\\\/#primaryimage\"},\"image\":{\"@id\":\"https:\\\/\\\/medicinasinc.com\\\/lt\\\/product\\\/pirkti-uola-ant-vonios-druskos\\\/#primaryimage\"},\"thumbnailUrl\":\"https:\\\/\\\/medicinasinc.com\\\/lt\\\/wp-content\\\/uploads\\\/sites\\\/9\\\/2022\\\/02\\\/Buy-Rock-On-Bath-Salt.jpeg\",\"datePublished\":\"2022-02-22T03:49:11+00:00\",\"dateModified\":\"2022-03-20T12:11:06+00:00\",\"description\":\"Pirkite akmens ant vonios druskos JK, Europoje, AU. Mes si\u016blome patikimiausi\u0105 sandor\u012f ir parduodame labai prieinamomis kainomis. Rock On Bath Salt dabar geriausiomis kainomis\",\"breadcrumb\":{\"@id\":\"https:\\\/\\\/medicinasinc.com\\\/lt\\\/product\\\/pirkti-uola-ant-vonios-druskos\\\/#breadcrumb\"},\"inLanguage\":\"en-US\",\"potentialAction\":[{\"@type\":\"ReadAction\",\"target\":[\"https:\\\/\\\/medicinasinc.com\\\/lt\\\/product\\\/pirkti-uola-ant-vonios-druskos\\\/\"]}]},{\"@type\":\"ImageObject\",\"inLanguage\":\"en-US\",\"@id\":\"https:\\\/\\\/medicinasinc.com\\\/lt\\\/product\\\/pirkti-uola-ant-vonios-druskos\\\/#primaryimage\",\"url\":\"https:\\\/\\\/medicinasinc.com\\\/lt\\\/wp-content\\\/uploads\\\/sites\\\/9\\\/2022\\\/02\\\/Buy-Rock-On-Bath-Salt.jpeg\",\"contentUrl\":\"https:\\\/\\\/medicinasinc.com\\\/lt\\\/wp-content\\\/uploads\\\/sites\\\/9\\\/2022\\\/02\\\/Buy-Rock-On-Bath-Salt.jpeg\",\"width\":640,\"height\":428},{\"@type\":\"BreadcrumbList\",\"@id\":\"https:\\\/\\\/medicinasinc.com\\\/lt\\\/product\\\/pirkti-uola-ant-vonios-druskos\\\/#breadcrumb\",\"itemListElement\":[{\"@type\":\"ListItem\",\"position\":1,\"name\":\"Parduotuv\u0117\",\"item\":\"https:\\\/\\\/medicinasinc.com\\\/lt\\\/parduotuve\\\/\"},{\"@type\":\"ListItem\",\"position\":2,\"name\":\"Pirkite Rock On Bath Salt\"}]},{\"@type\":\"WebSite\",\"@id\":\"https:\\\/\\\/medicinasinc.com\\\/lt\\\/#website\",\"url\":\"https:\\\/\\\/medicinasinc.com\\\/lt\\\/\",\"name\":\"Medicinas Inc\",\"description\":\"Sveikatos medicinos klinika\",\"potentialAction\":[{\"@type\":\"SearchAction\",\"target\":{\"@type\":\"EntryPoint\",\"urlTemplate\":\"https:\\\/\\\/medicinasinc.com\\\/lt\\\/?s={search_term_string}\"},\"query-input\":{\"@type\":\"PropertyValueSpecification\",\"valueRequired\":true,\"valueName\":\"search_term_string\"}}],\"inLanguage\":\"en-US\"}]}<\/script>\n<!-- \/ Yoast SEO plugin. -->","yoast_head_json":{"title":"Pirkite \u201eRock On Bath Salt\u201c internetu \u2013 \u201eRock On Bath Salt\u201c \u2013 geriausi pasaulyje vaistai","description":"Pirkite akmens ant vonios druskos JK, Europoje, AU. Mes si\u016blome patikimiausi\u0105 sandor\u012f ir parduodame labai prieinamomis kainomis. Rock On Bath Salt dabar geriausiomis kainomis","robots":{"index":"index","follow":"follow","max-snippet":"max-snippet:-1","max-image-preview":"max-image-preview:large","max-video-preview":"max-video-preview:-1"},"canonical":"https:\/\/medicinasinc.com\/lt\/product\/pirkti-uola-ant-vonios-druskos\/","og_locale":"en_US","og_type":"article","og_title":"Pirkite \u201eRock On Bath Salt\u201c internetu \u2013 \u201eRock On Bath Salt\u201c \u2013 geriausi pasaulyje vaistai","og_description":"Pirkite akmens ant vonios druskos JK, Europoje, AU. Mes si\u016blome patikimiausi\u0105 sandor\u012f ir parduodame labai prieinamomis kainomis. Rock On Bath Salt dabar geriausiomis kainomis","og_url":"https:\/\/medicinasinc.com\/lt\/product\/pirkti-uola-ant-vonios-druskos\/","og_site_name":"Medicinas Inc","article_modified_time":"2022-03-20T12:11:06+00:00","og_image":[{"width":640,"height":428,"url":"https:\/\/medicinasinc.com\/lt\/wp-content\/uploads\/sites\/9\/2022\/02\/Buy-Rock-On-Bath-Salt.jpeg","type":"image\/jpeg"}],"twitter_card":"summary_large_image","twitter_misc":{"Est. reading time":"1 minute"},"schema":{"@context":"https:\/\/schema.org","@graph":[{"@type":"WebPage","@id":"https:\/\/medicinasinc.com\/lt\/product\/pirkti-uola-ant-vonios-druskos\/","url":"https:\/\/medicinasinc.com\/lt\/product\/pirkti-uola-ant-vonios-druskos\/","name":"Pirkite \u201eRock On Bath Salt\u201c internetu \u2013 \u201eRock On Bath Salt\u201c \u2013 geriausi pasaulyje vaistai","isPartOf":{"@id":"https:\/\/medicinasinc.com\/lt\/#website"},"primaryImageOfPage":{"@id":"https:\/\/medicinasinc.com\/lt\/product\/pirkti-uola-ant-vonios-druskos\/#primaryimage"},"image":{"@id":"https:\/\/medicinasinc.com\/lt\/product\/pirkti-uola-ant-vonios-druskos\/#primaryimage"},"thumbnailUrl":"https:\/\/medicinasinc.com\/lt\/wp-content\/uploads\/sites\/9\/2022\/02\/Buy-Rock-On-Bath-Salt.jpeg","datePublished":"2022-02-22T03:49:11+00:00","dateModified":"2022-03-20T12:11:06+00:00","description":"Pirkite akmens ant vonios druskos JK, Europoje, AU. Mes si\u016blome patikimiausi\u0105 sandor\u012f ir parduodame labai prieinamomis kainomis. Rock On Bath Salt dabar geriausiomis kainomis","breadcrumb":{"@id":"https:\/\/medicinasinc.com\/lt\/product\/pirkti-uola-ant-vonios-druskos\/#breadcrumb"},"inLanguage":"en-US","potentialAction":[{"@type":"ReadAction","target":["https:\/\/medicinasinc.com\/lt\/product\/pirkti-uola-ant-vonios-druskos\/"]}]},{"@type":"ImageObject","inLanguage":"en-US","@id":"https:\/\/medicinasinc.com\/lt\/product\/pirkti-uola-ant-vonios-druskos\/#primaryimage","url":"https:\/\/medicinasinc.com\/lt\/wp-content\/uploads\/sites\/9\/2022\/02\/Buy-Rock-On-Bath-Salt.jpeg","contentUrl":"https:\/\/medicinasinc.com\/lt\/wp-content\/uploads\/sites\/9\/2022\/02\/Buy-Rock-On-Bath-Salt.jpeg","width":640,"height":428},{"@type":"BreadcrumbList","@id":"https:\/\/medicinasinc.com\/lt\/product\/pirkti-uola-ant-vonios-druskos\/#breadcrumb","itemListElement":[{"@type":"ListItem","position":1,"name":"Parduotuv\u0117","item":"https:\/\/medicinasinc.com\/lt\/parduotuve\/"},{"@type":"ListItem","position":2,"name":"Pirkite Rock On Bath Salt"}]},{"@type":"WebSite","@id":"https:\/\/medicinasinc.com\/lt\/#website","url":"https:\/\/medicinasinc.com\/lt\/","name":"Medicinas Inc","description":"Sveikatos medicinos klinika","potentialAction":[{"@type":"SearchAction","target":{"@type":"EntryPoint","urlTemplate":"https:\/\/medicinasinc.com\/lt\/?s={search_term_string}"},"query-input":{"@type":"PropertyValueSpecification","valueRequired":true,"valueName":"search_term_string"}}],"inLanguage":"en-US"}]}},"_links":{"self":[{"href":"https:\/\/medicinasinc.com\/lt\/wp-json\/wp\/v2\/product\/5667","targetHints":{"allow":["GET"]}}],"collection":[{"href":"https:\/\/medicinasinc.com\/lt\/wp-json\/wp\/v2\/product"}],"about":[{"href":"https:\/\/medicinasinc.com\/lt\/wp-json\/wp\/v2\/types\/product"}],"replies":[{"embeddable":true,"href":"https:\/\/medicinasinc.com\/lt\/wp-json\/wp\/v2\/comments?post=5667"}],"wp:featuredmedia":[{"embeddable":true,"href":"https:\/\/medicinasinc.com\/lt\/wp-json\/wp\/v2\/media\/5676"}],"wp:attachment":[{"href":"https:\/\/medicinasinc.com\/lt\/wp-json\/wp\/v2\/media?parent=5667"}],"wp:term":[{"taxonomy":"product_brand","embeddable":true,"href":"https:\/\/medicinasinc.com\/lt\/wp-json\/wp\/v2\/product_brand?post=5667"},{"taxonomy":"product_cat","embeddable":true,"href":"https:\/\/medicinasinc.com\/lt\/wp-json\/wp\/v2\/product_cat?post=5667"},{"taxonomy":"product_tag","embeddable":true,"href":"https:\/\/medicinasinc.com\/lt\/wp-json\/wp\/v2\/product_tag?post=5667"}],"curies":[{"name":"wp","href":"https:\/\/api.w.org\/{rel}","templated":true}]}}