{"id":5652,"date":"2022-02-22T03:24:25","date_gmt":"2022-02-22T03:24:25","guid":{"rendered":"https:\/\/medicinasinc.com\/lt\/?post_type=product&#038;p=5652"},"modified":"2022-03-20T12:11:26","modified_gmt":"2022-03-20T12:11:26","slug":"pirkti-greito-sidabro-vonios-druskos","status":"publish","type":"product","link":"https:\/\/medicinasinc.com\/lt\/product\/pirkti-greito-sidabro-vonios-druskos\/","title":{"rendered":"Pirkite Quicksilver vonios drusk\u0105"},"content":{"rendered":"<p><strong>Greita sidabrin\u0117 vonios druska galite nusipirkti internetu.<\/strong><\/p>\n<p>JK, Europoje ir Australijoje Quicksilver vonios druskos galite nusipirkti u\u017e didelius pinigus. Pas mus perkantys \u017emon\u0117s gali b\u016bti tikri, kad gaus tai, u\u017e k\u0105 sumok\u0117s. Dabar pats geriausias laikas pirkti Quicksilver vonios drusk\u0105 geriausiomis kainomis.<\/p>\n<div class=\"product-next-previous\">\n<div class=\"product-prev\"><\/div><\/div>\n","protected":false},"excerpt":{"rendered":"<div class=\"woocommerce-product-details__short-description\">\n<p>Geriausi\u0173 preki\u0173 \u017eenkl\u0173 koncentruota vonios druska. metilaminopropanas: metiopropaminas yra 1-tiofen-2-il-2-metilaminopropanas.<\/p>\n<p>U\u017e geriausi\u0105 kain\u0105 galite \u012fsigyti QuickSilver vonios druskos internetu. Pa\u017eadame saug\u0173 pristatym\u0105 visame pasaulyje.<\/p>\n<p>Pirkite 1000 mg QuickSilver vonios druskos internetu. Koncentruota geriausi\u0173 preki\u0173 \u017eenkl\u0173 vonios druska. 1-(tiofen-2-il)-2-metilaminopropanas vadinamas metiopropaminu.<\/p>\n<\/p><\/div>\n","protected":false},"featured_media":5662,"comment_status":"open","ping_status":"closed","template":"","meta":[],"product_brand":[],"product_cat":[2014],"product_tag":[3474,3493,3469,3468,3432,3436,3437,3438,3439,3441,3443,3097,3444,3445,3450,3451,3452,3455,3457,3458,3460,3461,3462,3463,3471,3473,3083,3442,3490,3492,3476,3496,3489,3472,3498,3499,3497,3477,3479,3482,3481,3485,3486,3487,3480,3491,3095,3165,3495,3470,3453,3464,3454,3456,3459,3466,3467,3446,3448,3447,3449,3465,3488,3475,3494,3478,3484,3483,3440,3434,3433,3435],"class_list":{"0":"post-5652","1":"product","2":"type-product","3":"status-publish","4":"has-post-thumbnail","6":"product_cat-pirkti-tyrineti-chemikalai","7":"product_tag-eight-ballz-bath-salt-parduodamas-internetu","8":"product_tag-greitas-sidabro-vonios-druskos-pardavjas-tyrimams-chemikalai","9":"product_tag-ar-vis-tiek-galite-nusipirkti-vonios-drusk","10":"product_tag-ar-galite-nusipirkti-vonios-druskas-parduotuvse","11":"product_tag-bath-salts","12":"product_tag-bath-salts-for-sale-online","13":"product_tag-bath-salts-for-sale-online-with-credit-card","14":"product_tag-bath-salts-online-store","15":"product_tag-bath-salts-sales-online","16":"product_tag-best-bath-salts","17":"product_tag-buy-amped-novelty-powder-500mg","18":"product_tag-buy-bath-salts","19":"product_tag-buy-bath-salts-cod","20":"product_tag-buy-bath-salts-drug-online","21":"product_tag-buy-bath-salts-online-with-credit-cards","22":"product_tag-buy-bath-salts-with-paypal-online","23":"product_tag-buy-cheap-bath-salts-order-bath-salts-drug-online","24":"product_tag-buy-ivory-wave-for-sale-online","25":"product_tag-buy-mephedrone-bath-salts-online-with-credit-card","26":"product_tag-buy-pump-it-bath-salt-1000mg","27":"product_tag-buy-quick-silver-bath-salt-online","28":"product_tag-buy-quick-silver-bath-salts-australia","29":"product_tag-buy-quick-silver-bath-salts-canada","30":"product_tag-buy-quick-silver-bath-salts-online","31":"product_tag-debesis-9-vonios-druska","32":"product_tag-diskretiki-vonios-druskos-pardavjai-internetu","33":"product_tag-dramblio-kaulo-bangos-vonios-druskos","34":"product_tag-geriausios-kokybes-internetu-vonios-druskos","35":"product_tag-greitos-sidabrins-vonios-druskos","36":"product_tag-greitos-sidabrins-vonios-druskos-internetu","37":"product_tag-ivory-wave","38":"product_tag-k-daryk-vonios-druskos-daryk","39":"product_tag-kokybikos-vonios-druskos-parduodama-vaistas-internetu","40":"product_tag-koncentruotos-vonios-druskos","41":"product_tag-i-kur-galiu-gauti-vonios-drusk","42":"product_tag-kur-galiu-usisakyti-mdpv-bath-salts-online","43":"product_tag-kur-galiu-pirkti-vonios-druskos-internetu","44":"product_tag-legalios-vonios-druskos-parduodama-internetu","45":"product_tag-looking-to-buy-bath-salt-sonline","46":"product_tag-mefedronas","47":"product_tag-mefedrono-vonios-druskos-kur-pirkti","48":"product_tag-order-bath-salts-online-bath-salts-wholesale","49":"product_tag-order-bath-salts-online-cod","50":"product_tag-order-bath-salts-online-with-credit-card","51":"product_tag-parduodu-mefedron-vonios-druskas","52":"product_tag-greitas-sidabras-vonios-druskos-parduodu","53":"product_tag-vonios-druskos-pardavimas","54":"product_tag-mdpv-vonios-druskos-pardavimas","55":"product_tag-vanils-dangaus-vonios-druskos-parduodu","56":"product_tag-pigios-vonios-druskos","57":"product_tag-pirkti-eight-ballz-bath-salts-internetu","58":"product_tag-pirkti-greitai-sidabro-bath-salts-usa","59":"product_tag-pirkti-dramblio-kaulo-bang-vonios-druskos-1000mg","60":"product_tag-pirkite-k2-vonios-druskos-internetu","61":"product_tag-pirkti-greitai-sidabr","62":"product_tag-pirkite-sekstacy-bath-salts-internetu","63":"product_tag-pirkite-sintetins-vonios-druskos-internetu","64":"product_tag-pirkite-vonios-druskos-internetu","65":"product_tag-pirkite-vonios-druskas-internetu-kur-galiu-nusipirkti-vonios-druskas-internetu","66":"product_tag-pirkti-vonios-druskos-internete-legal","67":"product_tag-pirkite-vonios-druskas-internetu-su-kreditine-kortele","68":"product_tag-pirkti-tyrinti-chemikalai-usakyti","69":"product_tag-purchase-bath-salts-online","70":"product_tag-raste-teis-c4-97t-c5-b3-vonios-drusk-c5-b3-tiek-c4-97j-c5-b3-internete","71":"product_tag-safest-online-store-to-buy-bath-salts","72":"product_tag-legit-bath-salts-suppliers-online","73":"product_tag-usisakyti-vonios-druskos-internetu","74":"product_tag-usisakyti-vonios-druskos-vaist-internete","75":"product_tag-vonios-druska","76":"product_tag-vonios-druskos-vaistas-parduodamas-internetu","77":"product_tag-vonios-druskos-vaistas","78":"product_tag-vonios-druskos-vaist-pardavimas-internetu","80":"first","81":"instock","82":"shipping-taxable","83":"purchasable","84":"product-type-variable","85":"has-default-attributes"},"yoast_head":"<!-- This site is optimized with the Yoast SEO plugin v27.3 - https:\/\/yoast.com\/product\/yoast-seo-wordpress\/ -->\n<title>Pirkite \u201eQuick Silver Bath Salt\u201c \u2013 \u201eQuick Silver Bath Salt\u201c \u2013 geriausius pasaulinius vaistus<\/title>\n<meta name=\"description\" content=\"Pirkite Quicksilver vonios drusk\u0105 JK, Europoje, AU. Mes si\u016blome patikimiausi\u0105 sandor\u012f ir parduodame labai prieinamomis kainomis. U\u017esisakykite Quicksilver vonios drusk\u0105 dabar geriausiomis kainomis\" \/>\n<meta name=\"robots\" content=\"index, follow, max-snippet:-1, max-image-preview:large, max-video-preview:-1\" \/>\n<link rel=\"canonical\" href=\"https:\/\/medicinasinc.com\/lt\/product\/pirkti-greito-sidabro-vonios-druskos\/\" \/>\n<meta property=\"og:locale\" content=\"en_US\" \/>\n<meta property=\"og:type\" content=\"article\" \/>\n<meta property=\"og:title\" content=\"Pirkite \u201eQuick Silver Bath Salt\u201c \u2013 \u201eQuick Silver Bath Salt\u201c \u2013 geriausius pasaulinius vaistus\" \/>\n<meta property=\"og:description\" content=\"Pirkite Quicksilver vonios drusk\u0105 JK, Europoje, AU. Mes si\u016blome patikimiausi\u0105 sandor\u012f ir parduodame labai prieinamomis kainomis. U\u017esisakykite Quicksilver vonios drusk\u0105 dabar geriausiomis kainomis\" \/>\n<meta property=\"og:url\" content=\"https:\/\/medicinasinc.com\/lt\/product\/pirkti-greito-sidabro-vonios-druskos\/\" \/>\n<meta property=\"og:site_name\" content=\"Medicinas Inc\" \/>\n<meta property=\"article:modified_time\" content=\"2022-03-20T12:11:26+00:00\" \/>\n<meta property=\"og:image\" content=\"https:\/\/medicinasinc.com\/lt\/wp-content\/uploads\/sites\/9\/2022\/02\/Buy-Quicksilver-Bath-Salt.jpg\" \/>\n\t<meta property=\"og:image:width\" content=\"600\" \/>\n\t<meta property=\"og:image:height\" content=\"599\" \/>\n\t<meta property=\"og:image:type\" content=\"image\/jpeg\" \/>\n<meta name=\"twitter:card\" content=\"summary_large_image\" \/>\n<meta name=\"twitter:label1\" content=\"Est. reading time\" \/>\n\t<meta name=\"twitter:data1\" content=\"1 minute\" \/>\n<script type=\"application\/ld+json\" class=\"yoast-schema-graph\">{\"@context\":\"https:\\\/\\\/schema.org\",\"@graph\":[{\"@type\":\"WebPage\",\"@id\":\"https:\\\/\\\/medicinasinc.com\\\/lt\\\/product\\\/pirkti-greito-sidabro-vonios-druskos\\\/\",\"url\":\"https:\\\/\\\/medicinasinc.com\\\/lt\\\/product\\\/pirkti-greito-sidabro-vonios-druskos\\\/\",\"name\":\"Pirkite \u201eQuick Silver Bath Salt\u201c \u2013 \u201eQuick Silver Bath Salt\u201c \u2013 geriausius pasaulinius vaistus\",\"isPartOf\":{\"@id\":\"https:\\\/\\\/medicinasinc.com\\\/lt\\\/#website\"},\"primaryImageOfPage\":{\"@id\":\"https:\\\/\\\/medicinasinc.com\\\/lt\\\/product\\\/pirkti-greito-sidabro-vonios-druskos\\\/#primaryimage\"},\"image\":{\"@id\":\"https:\\\/\\\/medicinasinc.com\\\/lt\\\/product\\\/pirkti-greito-sidabro-vonios-druskos\\\/#primaryimage\"},\"thumbnailUrl\":\"https:\\\/\\\/medicinasinc.com\\\/lt\\\/wp-content\\\/uploads\\\/sites\\\/9\\\/2022\\\/02\\\/Buy-Quicksilver-Bath-Salt.jpg\",\"datePublished\":\"2022-02-22T03:24:25+00:00\",\"dateModified\":\"2022-03-20T12:11:26+00:00\",\"description\":\"Pirkite Quicksilver vonios drusk\u0105 JK, Europoje, AU. Mes si\u016blome patikimiausi\u0105 sandor\u012f ir parduodame labai prieinamomis kainomis. U\u017esisakykite Quicksilver vonios drusk\u0105 dabar geriausiomis kainomis\",\"breadcrumb\":{\"@id\":\"https:\\\/\\\/medicinasinc.com\\\/lt\\\/product\\\/pirkti-greito-sidabro-vonios-druskos\\\/#breadcrumb\"},\"inLanguage\":\"en-US\",\"potentialAction\":[{\"@type\":\"ReadAction\",\"target\":[\"https:\\\/\\\/medicinasinc.com\\\/lt\\\/product\\\/pirkti-greito-sidabro-vonios-druskos\\\/\"]}]},{\"@type\":\"ImageObject\",\"inLanguage\":\"en-US\",\"@id\":\"https:\\\/\\\/medicinasinc.com\\\/lt\\\/product\\\/pirkti-greito-sidabro-vonios-druskos\\\/#primaryimage\",\"url\":\"https:\\\/\\\/medicinasinc.com\\\/lt\\\/wp-content\\\/uploads\\\/sites\\\/9\\\/2022\\\/02\\\/Buy-Quicksilver-Bath-Salt.jpg\",\"contentUrl\":\"https:\\\/\\\/medicinasinc.com\\\/lt\\\/wp-content\\\/uploads\\\/sites\\\/9\\\/2022\\\/02\\\/Buy-Quicksilver-Bath-Salt.jpg\",\"width\":600,\"height\":599},{\"@type\":\"BreadcrumbList\",\"@id\":\"https:\\\/\\\/medicinasinc.com\\\/lt\\\/product\\\/pirkti-greito-sidabro-vonios-druskos\\\/#breadcrumb\",\"itemListElement\":[{\"@type\":\"ListItem\",\"position\":1,\"name\":\"Parduotuv\u0117\",\"item\":\"https:\\\/\\\/medicinasinc.com\\\/lt\\\/parduotuve\\\/\"},{\"@type\":\"ListItem\",\"position\":2,\"name\":\"Pirkite Quicksilver vonios drusk\u0105\"}]},{\"@type\":\"WebSite\",\"@id\":\"https:\\\/\\\/medicinasinc.com\\\/lt\\\/#website\",\"url\":\"https:\\\/\\\/medicinasinc.com\\\/lt\\\/\",\"name\":\"Medicinas Inc\",\"description\":\"Sveikatos medicinos klinika\",\"potentialAction\":[{\"@type\":\"SearchAction\",\"target\":{\"@type\":\"EntryPoint\",\"urlTemplate\":\"https:\\\/\\\/medicinasinc.com\\\/lt\\\/?s={search_term_string}\"},\"query-input\":{\"@type\":\"PropertyValueSpecification\",\"valueRequired\":true,\"valueName\":\"search_term_string\"}}],\"inLanguage\":\"en-US\"}]}<\/script>\n<!-- \/ Yoast SEO plugin. -->","yoast_head_json":{"title":"Pirkite \u201eQuick Silver Bath Salt\u201c \u2013 \u201eQuick Silver Bath Salt\u201c \u2013 geriausius pasaulinius vaistus","description":"Pirkite Quicksilver vonios drusk\u0105 JK, Europoje, AU. Mes si\u016blome patikimiausi\u0105 sandor\u012f ir parduodame labai prieinamomis kainomis. U\u017esisakykite Quicksilver vonios drusk\u0105 dabar geriausiomis kainomis","robots":{"index":"index","follow":"follow","max-snippet":"max-snippet:-1","max-image-preview":"max-image-preview:large","max-video-preview":"max-video-preview:-1"},"canonical":"https:\/\/medicinasinc.com\/lt\/product\/pirkti-greito-sidabro-vonios-druskos\/","og_locale":"en_US","og_type":"article","og_title":"Pirkite \u201eQuick Silver Bath Salt\u201c \u2013 \u201eQuick Silver Bath Salt\u201c \u2013 geriausius pasaulinius vaistus","og_description":"Pirkite Quicksilver vonios drusk\u0105 JK, Europoje, AU. Mes si\u016blome patikimiausi\u0105 sandor\u012f ir parduodame labai prieinamomis kainomis. U\u017esisakykite Quicksilver vonios drusk\u0105 dabar geriausiomis kainomis","og_url":"https:\/\/medicinasinc.com\/lt\/product\/pirkti-greito-sidabro-vonios-druskos\/","og_site_name":"Medicinas Inc","article_modified_time":"2022-03-20T12:11:26+00:00","og_image":[{"width":600,"height":599,"url":"https:\/\/medicinasinc.com\/lt\/wp-content\/uploads\/sites\/9\/2022\/02\/Buy-Quicksilver-Bath-Salt.jpg","type":"image\/jpeg"}],"twitter_card":"summary_large_image","twitter_misc":{"Est. reading time":"1 minute"},"schema":{"@context":"https:\/\/schema.org","@graph":[{"@type":"WebPage","@id":"https:\/\/medicinasinc.com\/lt\/product\/pirkti-greito-sidabro-vonios-druskos\/","url":"https:\/\/medicinasinc.com\/lt\/product\/pirkti-greito-sidabro-vonios-druskos\/","name":"Pirkite \u201eQuick Silver Bath Salt\u201c \u2013 \u201eQuick Silver Bath Salt\u201c \u2013 geriausius pasaulinius vaistus","isPartOf":{"@id":"https:\/\/medicinasinc.com\/lt\/#website"},"primaryImageOfPage":{"@id":"https:\/\/medicinasinc.com\/lt\/product\/pirkti-greito-sidabro-vonios-druskos\/#primaryimage"},"image":{"@id":"https:\/\/medicinasinc.com\/lt\/product\/pirkti-greito-sidabro-vonios-druskos\/#primaryimage"},"thumbnailUrl":"https:\/\/medicinasinc.com\/lt\/wp-content\/uploads\/sites\/9\/2022\/02\/Buy-Quicksilver-Bath-Salt.jpg","datePublished":"2022-02-22T03:24:25+00:00","dateModified":"2022-03-20T12:11:26+00:00","description":"Pirkite Quicksilver vonios drusk\u0105 JK, Europoje, AU. Mes si\u016blome patikimiausi\u0105 sandor\u012f ir parduodame labai prieinamomis kainomis. U\u017esisakykite Quicksilver vonios drusk\u0105 dabar geriausiomis kainomis","breadcrumb":{"@id":"https:\/\/medicinasinc.com\/lt\/product\/pirkti-greito-sidabro-vonios-druskos\/#breadcrumb"},"inLanguage":"en-US","potentialAction":[{"@type":"ReadAction","target":["https:\/\/medicinasinc.com\/lt\/product\/pirkti-greito-sidabro-vonios-druskos\/"]}]},{"@type":"ImageObject","inLanguage":"en-US","@id":"https:\/\/medicinasinc.com\/lt\/product\/pirkti-greito-sidabro-vonios-druskos\/#primaryimage","url":"https:\/\/medicinasinc.com\/lt\/wp-content\/uploads\/sites\/9\/2022\/02\/Buy-Quicksilver-Bath-Salt.jpg","contentUrl":"https:\/\/medicinasinc.com\/lt\/wp-content\/uploads\/sites\/9\/2022\/02\/Buy-Quicksilver-Bath-Salt.jpg","width":600,"height":599},{"@type":"BreadcrumbList","@id":"https:\/\/medicinasinc.com\/lt\/product\/pirkti-greito-sidabro-vonios-druskos\/#breadcrumb","itemListElement":[{"@type":"ListItem","position":1,"name":"Parduotuv\u0117","item":"https:\/\/medicinasinc.com\/lt\/parduotuve\/"},{"@type":"ListItem","position":2,"name":"Pirkite Quicksilver vonios drusk\u0105"}]},{"@type":"WebSite","@id":"https:\/\/medicinasinc.com\/lt\/#website","url":"https:\/\/medicinasinc.com\/lt\/","name":"Medicinas Inc","description":"Sveikatos medicinos klinika","potentialAction":[{"@type":"SearchAction","target":{"@type":"EntryPoint","urlTemplate":"https:\/\/medicinasinc.com\/lt\/?s={search_term_string}"},"query-input":{"@type":"PropertyValueSpecification","valueRequired":true,"valueName":"search_term_string"}}],"inLanguage":"en-US"}]}},"_links":{"self":[{"href":"https:\/\/medicinasinc.com\/lt\/wp-json\/wp\/v2\/product\/5652","targetHints":{"allow":["GET"]}}],"collection":[{"href":"https:\/\/medicinasinc.com\/lt\/wp-json\/wp\/v2\/product"}],"about":[{"href":"https:\/\/medicinasinc.com\/lt\/wp-json\/wp\/v2\/types\/product"}],"replies":[{"embeddable":true,"href":"https:\/\/medicinasinc.com\/lt\/wp-json\/wp\/v2\/comments?post=5652"}],"wp:featuredmedia":[{"embeddable":true,"href":"https:\/\/medicinasinc.com\/lt\/wp-json\/wp\/v2\/media\/5662"}],"wp:attachment":[{"href":"https:\/\/medicinasinc.com\/lt\/wp-json\/wp\/v2\/media?parent=5652"}],"wp:term":[{"taxonomy":"product_brand","embeddable":true,"href":"https:\/\/medicinasinc.com\/lt\/wp-json\/wp\/v2\/product_brand?post=5652"},{"taxonomy":"product_cat","embeddable":true,"href":"https:\/\/medicinasinc.com\/lt\/wp-json\/wp\/v2\/product_cat?post=5652"},{"taxonomy":"product_tag","embeddable":true,"href":"https:\/\/medicinasinc.com\/lt\/wp-json\/wp\/v2\/product_tag?post=5652"}],"curies":[{"name":"wp","href":"https:\/\/api.w.org\/{rel}","templated":true}]}}