{"id":5651,"date":"2022-02-22T03:22:57","date_gmt":"2022-02-22T03:22:57","guid":{"rendered":"https:\/\/medicinasinc.com\/lt\/?post_type=product&#038;p=5651"},"modified":"2022-03-20T12:11:35","modified_gmt":"2022-03-20T12:11:35","slug":"pirkti-oksikodonas-milteliai","status":"publish","type":"product","link":"https:\/\/medicinasinc.com\/lt\/product\/pirkti-oksikodonas-milteliai\/","title":{"rendered":"Pirkite oksikodono miltelius"},"content":{"rendered":"<p>Auk\u0161tos kokyb\u0117s oksikodono miltelius galite \u012fsigyti i\u0161 tokios svetain\u0117s:<br \/> Parduodami oksikodono milteliai gali pad\u0117ti numal\u0161inti skausm\u0105 ir pasveikti.<\/p>\n<p>Oksikodonas priklauso vaist\u0173 grupei, vadinamai narkotiniai analgetikai. Jis vartojamas l\u0117tiniam skausmui gydyti, kuris yra labai blogas, kai kiti gydymo b\u016bdai neveikia pakankamai gerai. \u0160io vaisto receptin\u0117s formos yra skirtos pad\u0117ti \u017emon\u0117ms, kurie vis\u0105 dien\u0105 serga artritu, v\u0117\u017eiu ar kitomis fizin\u0117mis problemomis. Jo veikimo b\u016bdas yra pana\u0161us \u012f kit\u0173 opiat\u0173 veikim\u0105. Jis jungiasi prie smegen\u0173 receptori\u0173 ir kei\u010dia smegen\u0173 reakcij\u0105 \u012f skausm\u0105.<\/p>\n<p>Parduodami oksikodono milteliai yra galingas \u012fvairi\u0173 form\u0173 ir dyd\u017ei\u0173 skausm\u0105 mal\u0161inan\u010di\u0173 vaist\u0173 ingredientas. Paprastai jis skiriamas kartu su ibuprofenu ir aspirinu, bet galima duoti ir vien\u0105.<\/p>\n<p>Oksikodono miltelius galima nusipirkti internetu i\u0161 \u017einomiausios JAV parduotuv\u0117s.<\/p>\n<p>Bestgoalmeds. com\u00a0Shop yra \u012f vert\u0119 orientuota \u012fmon\u0117, jau daugiau nei 15 met\u0173 parduodanti geriausius vaistus. M\u016bs\u0173 parduotuv\u0117je galite \u012fsigyti oksikodono milteli\u0173, kuri\u0173 kokyb\u0117 buvo patikrinta licencijuotoje laboratorijoje. Nuo JAV iki Azijos aptarnaujame klientus i\u0161 viso pasaulio. M\u016bs\u0173 gaminius \u012fsigyti paprasta, nes jie yra legal\u016bs ir jums nereikia d\u0117l nieko jaudintis. Kalbant apie mus, visk\u0105 laikome priva\u010diai, nes vertiname j\u016bs\u0173 privatum\u0105. Jei turite klausim\u0173 ar r\u016bpes\u010di\u0173, susisiekite su mumis!<\/p>\n","protected":false},"excerpt":{"rendered":"<div class=\"woocommerce-product-details__short-description\">\n<p>Apsipirkite oksikodono milteli\u0173 JK ir Europoje adresu Bestglobalmeds.com, kur galite greitai j\u0173 gauti i\u0161 viso pasaulio. \u010cia galite nusipirkti geriausius oksikodono miltelius, kuriuos galite rasti.<\/p>\n<p>Internetu galite nusipirkti auk\u0161tos kokyb\u0117s oksikodono milteli\u0173 nuo vidutinio iki stipraus skausmo, kai jums reikia ilg\u0105 laik\u0105 be skausmo vis\u0105 dien\u0105 ir nakt\u012f laiko.<\/p>\n<p>Oksikodono miltelius galite \u012fsigyti internetu u\u017e geriausi\u0105 kain\u0105. USpharma Shop yra gerai \u017einoma internetin\u0117 vaistin\u0117, prekiaujanti legaliais vaistais. U\u017esisakykite internetu ir sutaupykite laiko ir pinig\u0173.<\/p>\n<p>Oksikodonas (masinis) yra 100 % milteliai. Oksikodonas yra bendrinis pavadinimas (masinis). Per\u017ei\u016br\u0117kite nemokam\u0105 kupon\u0105. \u0160iame skyriuje su\u017einosite, kaip naudoti, k\u0105 jis veikia, k\u0105 gali padaryti ir kaip to i\u0161vengti.<\/p>\n<p>Vienas i\u0161 daugelio persin\u0117se aguonose esan\u010di\u0173 alkaloid\u0173 vadinamas tebainu, o oksikodono milteliai yra pagamintas i\u0161 \u0161io alkaloido. Oksikodono milteliai yra balti, bekvapiai kristaliniai milteliai, pagaminti i\u0161 \u0161io alkaloido. Oksikodono hidrochloridas i\u0161tirpsta vandenyje (1 g 6\u20137 ml) ir \u0161iek tiek tirpsta alkoholyje, bet nelabai (oktanolio vandens pasiskirstymo koeficientas yra 0,7).<\/p>\n<p>Oksikodono hidrochloridas susideda i\u0161 4 , 5a-epoksi-14-hidroksi-3-metoksi-17-metilmorfinan-6-ono hidrochloridas, kuris yra cheminis pavadinimas.<\/p>\n<p>Pusiau sintetinis opioidinis analgetikas, vadinamas oksikodono milteliais, naudojamas vidutinio sunkumo ar stiprus skausmas. Oksikodono milteliai paprastai naudojami vidutinio sunkumo ar stipriam skausmui gydyti. Kai 1917 m. Vokietijoje buvo pagamintas oksikodonas, jis buvo vienas i\u0161 pusiau sintetini\u0173 opioid\u0173 grup\u0117s, kuri buvo sukurta siekiant pagerinti esamus opioidus.<\/p>\n<\/p><\/div>\n","protected":false},"featured_media":5660,"comment_status":"open","ping_status":"closed","template":"","meta":[],"product_brand":[],"product_cat":[2014],"product_tag":[3416,3415,3431,3420,3426,3429,3430,3419,3427,3428,3425,3423,3424,3421,3422,3418,3417],"class_list":{"0":"post-5651","1":"product","2":"type-product","3":"status-publish","4":"has-post-thumbnail","6":"product_cat-pirkti-tyrineti-chemikalai","7":"product_tag-buy-oxycodone-powder","8":"product_tag-geriausia-vieta-pirkti-oksikodono-milteliai","9":"product_tag-kur-nusipirkti-oksikodono-milteli","10":"product_tag-oksikodonas-milteliai-europa","11":"product_tag-oksikodonas-milteliai-internete","12":"product_tag-oksikodonas-milteliai-redditas","13":"product_tag-oksikodono-milteli-pardavimas","14":"product_tag-oksikodono-milteli-poveikis","15":"product_tag-oksikodonas-milteli-usakymas","16":"product_tag-oksikodonas-milteliai-usakymas-uk","17":"product_tag-oksikodonas-milteliai-usakymas-patu","18":"product_tag-oxycodone-powder-germany","19":"product_tag-oxycodone-powder-mail","20":"product_tag-parduodami-oksikodono-milteliai","21":"product_tag-oksikodono-milteliai-pardavimui-uk","22":"product_tag-oksikodonas-milteliai-pirkti","23":"product_tag-tvarka-oksikodonas-milteliai","25":"first","26":"instock","27":"shipping-taxable","28":"purchasable","29":"product-type-variable","30":"has-default-attributes"},"yoast_head":"<!-- This site is optimized with the Yoast SEO plugin v27.3 - https:\/\/yoast.com\/product\/yoast-seo-wordpress\/ -->\n<title>Pirkite oksikodono miltelius \u2013 oksikodono miltelius \u2013 geriausius pasaulinius vaistus<\/title>\n<meta name=\"description\" content=\"Pirkite oksikodono miltelius JK, Europoje m\u016bs\u0173 Bestglobalmeds.com internetin\u0117je parduotuv\u0117je su greitu pristatymu visame pasaulyje! Geriausius oksikodono miltelius u\u017esakymui rasite \u010dia!\" \/>\n<meta name=\"robots\" content=\"index, follow, max-snippet:-1, max-image-preview:large, max-video-preview:-1\" \/>\n<link rel=\"canonical\" href=\"https:\/\/medicinasinc.com\/lt\/product\/pirkti-oksikodonas-milteliai\/\" \/>\n<meta property=\"og:locale\" content=\"en_US\" \/>\n<meta property=\"og:type\" content=\"article\" \/>\n<meta property=\"og:title\" content=\"Pirkite oksikodono miltelius \u2013 oksikodono miltelius \u2013 geriausius pasaulinius vaistus\" \/>\n<meta property=\"og:description\" content=\"Pirkite oksikodono miltelius JK, Europoje m\u016bs\u0173 Bestglobalmeds.com internetin\u0117je parduotuv\u0117je su greitu pristatymu visame pasaulyje! Geriausius oksikodono miltelius u\u017esakymui rasite \u010dia!\" \/>\n<meta property=\"og:url\" content=\"https:\/\/medicinasinc.com\/lt\/product\/pirkti-oksikodonas-milteliai\/\" \/>\n<meta property=\"og:site_name\" content=\"Medicinas Inc\" \/>\n<meta property=\"article:modified_time\" content=\"2022-03-20T12:11:35+00:00\" \/>\n<meta property=\"og:image\" content=\"https:\/\/medicinasinc.com\/lt\/wp-content\/uploads\/sites\/9\/2022\/02\/Buy-oxycodone-powder.jpeg\" \/>\n\t<meta property=\"og:image:width\" content=\"510\" \/>\n\t<meta property=\"og:image:height\" content=\"389\" \/>\n\t<meta property=\"og:image:type\" content=\"image\/jpeg\" \/>\n<meta name=\"twitter:card\" content=\"summary_large_image\" \/>\n<meta name=\"twitter:label1\" content=\"Est. reading time\" \/>\n\t<meta name=\"twitter:data1\" content=\"2 minutes\" \/>\n<script type=\"application\/ld+json\" class=\"yoast-schema-graph\">{\"@context\":\"https:\\\/\\\/schema.org\",\"@graph\":[{\"@type\":\"WebPage\",\"@id\":\"https:\\\/\\\/medicinasinc.com\\\/lt\\\/product\\\/pirkti-oksikodonas-milteliai\\\/\",\"url\":\"https:\\\/\\\/medicinasinc.com\\\/lt\\\/product\\\/pirkti-oksikodonas-milteliai\\\/\",\"name\":\"Pirkite oksikodono miltelius \u2013 oksikodono miltelius \u2013 geriausius pasaulinius vaistus\",\"isPartOf\":{\"@id\":\"https:\\\/\\\/medicinasinc.com\\\/lt\\\/#website\"},\"primaryImageOfPage\":{\"@id\":\"https:\\\/\\\/medicinasinc.com\\\/lt\\\/product\\\/pirkti-oksikodonas-milteliai\\\/#primaryimage\"},\"image\":{\"@id\":\"https:\\\/\\\/medicinasinc.com\\\/lt\\\/product\\\/pirkti-oksikodonas-milteliai\\\/#primaryimage\"},\"thumbnailUrl\":\"https:\\\/\\\/medicinasinc.com\\\/lt\\\/wp-content\\\/uploads\\\/sites\\\/9\\\/2022\\\/02\\\/Buy-oxycodone-powder.jpeg\",\"datePublished\":\"2022-02-22T03:22:57+00:00\",\"dateModified\":\"2022-03-20T12:11:35+00:00\",\"description\":\"Pirkite oksikodono miltelius JK, Europoje m\u016bs\u0173 Bestglobalmeds.com internetin\u0117je parduotuv\u0117je su greitu pristatymu visame pasaulyje! Geriausius oksikodono miltelius u\u017esakymui rasite \u010dia!\",\"breadcrumb\":{\"@id\":\"https:\\\/\\\/medicinasinc.com\\\/lt\\\/product\\\/pirkti-oksikodonas-milteliai\\\/#breadcrumb\"},\"inLanguage\":\"en-US\",\"potentialAction\":[{\"@type\":\"ReadAction\",\"target\":[\"https:\\\/\\\/medicinasinc.com\\\/lt\\\/product\\\/pirkti-oksikodonas-milteliai\\\/\"]}]},{\"@type\":\"ImageObject\",\"inLanguage\":\"en-US\",\"@id\":\"https:\\\/\\\/medicinasinc.com\\\/lt\\\/product\\\/pirkti-oksikodonas-milteliai\\\/#primaryimage\",\"url\":\"https:\\\/\\\/medicinasinc.com\\\/lt\\\/wp-content\\\/uploads\\\/sites\\\/9\\\/2022\\\/02\\\/Buy-oxycodone-powder.jpeg\",\"contentUrl\":\"https:\\\/\\\/medicinasinc.com\\\/lt\\\/wp-content\\\/uploads\\\/sites\\\/9\\\/2022\\\/02\\\/Buy-oxycodone-powder.jpeg\",\"width\":510,\"height\":389},{\"@type\":\"BreadcrumbList\",\"@id\":\"https:\\\/\\\/medicinasinc.com\\\/lt\\\/product\\\/pirkti-oksikodonas-milteliai\\\/#breadcrumb\",\"itemListElement\":[{\"@type\":\"ListItem\",\"position\":1,\"name\":\"Parduotuv\u0117\",\"item\":\"https:\\\/\\\/medicinasinc.com\\\/lt\\\/parduotuve\\\/\"},{\"@type\":\"ListItem\",\"position\":2,\"name\":\"Pirkite oksikodono miltelius\"}]},{\"@type\":\"WebSite\",\"@id\":\"https:\\\/\\\/medicinasinc.com\\\/lt\\\/#website\",\"url\":\"https:\\\/\\\/medicinasinc.com\\\/lt\\\/\",\"name\":\"Medicinas Inc\",\"description\":\"Sveikatos medicinos klinika\",\"potentialAction\":[{\"@type\":\"SearchAction\",\"target\":{\"@type\":\"EntryPoint\",\"urlTemplate\":\"https:\\\/\\\/medicinasinc.com\\\/lt\\\/?s={search_term_string}\"},\"query-input\":{\"@type\":\"PropertyValueSpecification\",\"valueRequired\":true,\"valueName\":\"search_term_string\"}}],\"inLanguage\":\"en-US\"}]}<\/script>\n<!-- \/ Yoast SEO plugin. -->","yoast_head_json":{"title":"Pirkite oksikodono miltelius \u2013 oksikodono miltelius \u2013 geriausius pasaulinius vaistus","description":"Pirkite oksikodono miltelius JK, Europoje m\u016bs\u0173 Bestglobalmeds.com internetin\u0117je parduotuv\u0117je su greitu pristatymu visame pasaulyje! Geriausius oksikodono miltelius u\u017esakymui rasite \u010dia!","robots":{"index":"index","follow":"follow","max-snippet":"max-snippet:-1","max-image-preview":"max-image-preview:large","max-video-preview":"max-video-preview:-1"},"canonical":"https:\/\/medicinasinc.com\/lt\/product\/pirkti-oksikodonas-milteliai\/","og_locale":"en_US","og_type":"article","og_title":"Pirkite oksikodono miltelius \u2013 oksikodono miltelius \u2013 geriausius pasaulinius vaistus","og_description":"Pirkite oksikodono miltelius JK, Europoje m\u016bs\u0173 Bestglobalmeds.com internetin\u0117je parduotuv\u0117je su greitu pristatymu visame pasaulyje! Geriausius oksikodono miltelius u\u017esakymui rasite \u010dia!","og_url":"https:\/\/medicinasinc.com\/lt\/product\/pirkti-oksikodonas-milteliai\/","og_site_name":"Medicinas Inc","article_modified_time":"2022-03-20T12:11:35+00:00","og_image":[{"width":510,"height":389,"url":"https:\/\/medicinasinc.com\/lt\/wp-content\/uploads\/sites\/9\/2022\/02\/Buy-oxycodone-powder.jpeg","type":"image\/jpeg"}],"twitter_card":"summary_large_image","twitter_misc":{"Est. reading time":"2 minutes"},"schema":{"@context":"https:\/\/schema.org","@graph":[{"@type":"WebPage","@id":"https:\/\/medicinasinc.com\/lt\/product\/pirkti-oksikodonas-milteliai\/","url":"https:\/\/medicinasinc.com\/lt\/product\/pirkti-oksikodonas-milteliai\/","name":"Pirkite oksikodono miltelius \u2013 oksikodono miltelius \u2013 geriausius pasaulinius vaistus","isPartOf":{"@id":"https:\/\/medicinasinc.com\/lt\/#website"},"primaryImageOfPage":{"@id":"https:\/\/medicinasinc.com\/lt\/product\/pirkti-oksikodonas-milteliai\/#primaryimage"},"image":{"@id":"https:\/\/medicinasinc.com\/lt\/product\/pirkti-oksikodonas-milteliai\/#primaryimage"},"thumbnailUrl":"https:\/\/medicinasinc.com\/lt\/wp-content\/uploads\/sites\/9\/2022\/02\/Buy-oxycodone-powder.jpeg","datePublished":"2022-02-22T03:22:57+00:00","dateModified":"2022-03-20T12:11:35+00:00","description":"Pirkite oksikodono miltelius JK, Europoje m\u016bs\u0173 Bestglobalmeds.com internetin\u0117je parduotuv\u0117je su greitu pristatymu visame pasaulyje! Geriausius oksikodono miltelius u\u017esakymui rasite \u010dia!","breadcrumb":{"@id":"https:\/\/medicinasinc.com\/lt\/product\/pirkti-oksikodonas-milteliai\/#breadcrumb"},"inLanguage":"en-US","potentialAction":[{"@type":"ReadAction","target":["https:\/\/medicinasinc.com\/lt\/product\/pirkti-oksikodonas-milteliai\/"]}]},{"@type":"ImageObject","inLanguage":"en-US","@id":"https:\/\/medicinasinc.com\/lt\/product\/pirkti-oksikodonas-milteliai\/#primaryimage","url":"https:\/\/medicinasinc.com\/lt\/wp-content\/uploads\/sites\/9\/2022\/02\/Buy-oxycodone-powder.jpeg","contentUrl":"https:\/\/medicinasinc.com\/lt\/wp-content\/uploads\/sites\/9\/2022\/02\/Buy-oxycodone-powder.jpeg","width":510,"height":389},{"@type":"BreadcrumbList","@id":"https:\/\/medicinasinc.com\/lt\/product\/pirkti-oksikodonas-milteliai\/#breadcrumb","itemListElement":[{"@type":"ListItem","position":1,"name":"Parduotuv\u0117","item":"https:\/\/medicinasinc.com\/lt\/parduotuve\/"},{"@type":"ListItem","position":2,"name":"Pirkite oksikodono miltelius"}]},{"@type":"WebSite","@id":"https:\/\/medicinasinc.com\/lt\/#website","url":"https:\/\/medicinasinc.com\/lt\/","name":"Medicinas Inc","description":"Sveikatos medicinos klinika","potentialAction":[{"@type":"SearchAction","target":{"@type":"EntryPoint","urlTemplate":"https:\/\/medicinasinc.com\/lt\/?s={search_term_string}"},"query-input":{"@type":"PropertyValueSpecification","valueRequired":true,"valueName":"search_term_string"}}],"inLanguage":"en-US"}]}},"_links":{"self":[{"href":"https:\/\/medicinasinc.com\/lt\/wp-json\/wp\/v2\/product\/5651","targetHints":{"allow":["GET"]}}],"collection":[{"href":"https:\/\/medicinasinc.com\/lt\/wp-json\/wp\/v2\/product"}],"about":[{"href":"https:\/\/medicinasinc.com\/lt\/wp-json\/wp\/v2\/types\/product"}],"replies":[{"embeddable":true,"href":"https:\/\/medicinasinc.com\/lt\/wp-json\/wp\/v2\/comments?post=5651"}],"wp:featuredmedia":[{"embeddable":true,"href":"https:\/\/medicinasinc.com\/lt\/wp-json\/wp\/v2\/media\/5660"}],"wp:attachment":[{"href":"https:\/\/medicinasinc.com\/lt\/wp-json\/wp\/v2\/media?parent=5651"}],"wp:term":[{"taxonomy":"product_brand","embeddable":true,"href":"https:\/\/medicinasinc.com\/lt\/wp-json\/wp\/v2\/product_brand?post=5651"},{"taxonomy":"product_cat","embeddable":true,"href":"https:\/\/medicinasinc.com\/lt\/wp-json\/wp\/v2\/product_cat?post=5651"},{"taxonomy":"product_tag","embeddable":true,"href":"https:\/\/medicinasinc.com\/lt\/wp-json\/wp\/v2\/product_tag?post=5651"}],"curies":[{"name":"wp","href":"https:\/\/api.w.org\/{rel}","templated":true}]}}