{"id":5638,"date":"2022-02-22T03:11:29","date_gmt":"2022-02-22T03:11:29","guid":{"rendered":"https:\/\/medicinasinc.com\/lt\/?post_type=product&#038;p=5638"},"modified":"2022-03-20T12:11:43","modified_gmt":"2022-03-20T12:11:43","slug":"pirkti-sekstacy-vonios-druska","status":"publish","type":"product","link":"https:\/\/medicinasinc.com\/lt\/product\/pirkti-sekstacy-vonios-druska\/","title":{"rendered":"Pirkite Sextacy vonios drusk\u0105"},"content":{"rendered":"<p>Pirkite Sextacy vonios drusk\u0105 i\u0161 tokios internetin\u0117s parduotuv\u0117s:<br \/> Pirkite Sextacy vonios drusk\u0105, kuri\u0105 naudosite vonioje.<\/p>\n<p>Tai koncentruota vonios druska. Ta\u010diau vis tiek galite atsipalaiduoti ir leisti Sextacy trumpam atitraukti mintis nuo dalyk\u0173. Paimkite kar\u0161t\u0105 voni\u0105 ir supilkite turin\u012f. Tai nat\u016braliai sumink\u0161tins vanden\u012f, tod\u0117l jausit\u0117s labai ram\u016bs.<\/p>\n<p>Labai svarbu prad\u0117ti nuo labai ma\u017eo Sextacy vonios druskos kiekio, kad pamatytum\u0117te, kaip j\u016bs\u0173 k\u016bnas reaguoja. Kadangi Sextacy Ultimate yra toks stiprus, jums gali prireikti daugiau jo naudoti vonioje, kad visi\u0161kai atsipalaiduotum\u0117te.<\/p>\n<p>Sextacy yra labai svarbus dalykas.<\/p>\n<p>MP teste. , atsitiko \u0161tai kas:<\/p>\n<p>Jei \u201eIvory Wave\u201c jums nepakanka, tai yra stipresn\u0117 puikaus ir auk\u0161\u010diausios klas\u0117s produkto versija. Jis labai pana\u0161us \u012f Ivory Wave, ta\u010diau jame yra keletas papildom\u0173 ingredient\u0173, d\u0117l kuri\u0173 jis dar geresnis. Ta\u010diau tai labai stipriai supykdo ir vidury vonios jautiesi tarsi sapne. Jis bus labai stiprus, tod\u0117l j\u012f naudodami tur\u0117tum\u0117te b\u016bti atsarg\u016bs. Tai labai pagreitins j\u016bs\u0173 voni\u0105. Prad\u0117kite nuo labai ma\u017eai. Nuo 6 iki 9 valand\u0173 jis ateina ma\u017edaug per 10 minu\u010di\u0173 ir trunka tiek laiko. Ta\u010diau Sextacy vonios druska yra labai pana\u0161i \u012f Ivory Ultra, ta\u010diau ji vis tiek turi savo magi\u0161k\u0105 prisilietim\u0105 LOL. Ta\u010diau tai puikus produktas, tod\u0117l rekomenduo\u010diau j\u012f atsargiai ir sulaukti atsiliepim\u0173! B\u016btina tur\u0117ti!<\/p>\n<p>Natrio bikarbonatas, natrio chloridas, j\u016bros druska, mineralai ir kiti nat\u016braliai atsirandantys mikroelementai yra kai kurios sudedamosios dalys.<\/p>\n<p>Teis\u0117tumas: \u0161is produktas yra legalus kiekvienoje \u0161alyje, nes jis pagamintas i\u0161 \u017eoleli\u0173.<\/p>\n<p>\u0160iuo atveju jums reikia \u201eWhite Girl 500mg\u201c koncentruotos vonios druskos.<br \/> 500 mg \u201eWhite Lady\u201c vonios druskos<br \/> \u201eBliss\u201c koncentruotos vonios druskos turi Kiekviename mai\u0161elyje yra 500 mg druskos.<br \/> \u201eSnow Leopard Bath Salts\u201c j\u0173 yra 500 mg kiekviename mai\u0161elyje.<br \/> 500 mg papildom\u0173 vonios drusk\u0173 i\u0161 M\u0117nulio bangos. 500 mg koncentruotos vonios druskos i\u0161 White Horse.<br \/> 500 mg gaivinan\u010di\u0173 vonios drusk\u0173<br \/> 500 mg Cloud 10 vonios druskos<br \/> M\u0117lynoji magija: 500 mg vonios druskos<br \/> Vonios druska, pavadinta Scarface, turi 500 mg <br \/> Taip pat daug daugiau \u017emoni\u0173.<\/p>\n","protected":false},"excerpt":{"rendered":"<div class=\"woocommerce-product-details__short-description\">\n<p>Sextacy vonios drusk\u0105 lengva nusipirkti internetu i\u0161 m\u016bs\u0173 Bestglobalmeds.com parduotuv\u0117s ir greitai pristatyti j\u0105 \u012f namus Europoje ir JK. Geriausia vieta \u012fsigyti Sextacy vonios druskos yra \u010dia!<\/p>\n<p>Pirkite 50 pakeli\u0173 koncentruotos sextacy vonios druskos internetu. Koncentruota sextacy: 10 pakeli\u0173 po 10 Pirkite koncentruot\u0105 sextacy 20 pakeli\u0173 vonios druskos internete.<\/p>\n<p>Yra daug svetaini\u0173, kuriose galite nusipirkti daug vonios druskos u\u017e didelius pinigus.<\/p>\n<p>Internetu galite nusipirkti sextacy vonios drusk\u0173 i\u0161 Global Medicine. Parduodamos Sextacy vonios druskos kainas galite su\u017einoti perskait\u0119 \u0161\u012f tekst\u0105<\/p>\n<\/p><\/div>\n","protected":false},"featured_media":5650,"comment_status":"open","ping_status":"closed","template":"","meta":[],"product_brand":[],"product_cat":[2014],"product_tag":[3397,3396,3408,3401,3404,3398,3399,3405,3406,3407,3411,3412,3402,3403,3414,3409,3413,3410,3400],"class_list":{"0":"post-5638","1":"product","2":"type-product","3":"status-publish","4":"has-post-thumbnail","6":"product_cat-pirkti-tyrineti-chemikalai","7":"product_tag-geriausia-sekstacy-vonios-druska","8":"product_tag-geriausia-vieta-pirkti-sextacy-vonios-druska","9":"product_tag-sextacy-bath-salt-parduodamas","10":"product_tag-perparduoti-sekstacy-vonios-druska","11":"product_tag-sextacy-bath-salt-buy","12":"product_tag-pirkti-sekstacy-vonios-druska","13":"product_tag-pirkti-sekstacy-bath-sals-uk","14":"product_tag-sextacy-bath-salt-china","15":"product_tag-sextacy-bath-salt-effect","16":"product_tag-sextacy-bath-salt-europe","17":"product_tag-sextacy-bath-salt-reddit","18":"product_tag-sextacy-bath-salt-sale","19":"product_tag-sextacy-bath-druska","20":"product_tag-sextacy-bath-salt-alibaba","21":"product_tag-sextacy-bath-druska-didmenin-prekyba","22":"product_tag-sextacy-bath-salt-online","23":"product_tag-sextacy-vonios-druskos-tiekjas","24":"product_tag-sextacy-bath-salt-order","25":"product_tag-tvarka-sekstas-vonios-druska","27":"first","28":"instock","29":"shipping-taxable","30":"purchasable","31":"product-type-variable"},"yoast_head":"<!-- This site is optimized with the Yoast SEO plugin v27.3 - https:\/\/yoast.com\/product\/yoast-seo-wordpress\/ -->\n<title>Pirkite Sextacy vonios drusk\u0105 \u2013 Sextacy vonios drusk\u0105 \u2013 geriausius pasaulinius vaistus<\/title>\n<meta name=\"description\" content=\"Pirkite Sextacy vonios drusk\u0105 JK, Europoje m\u016bs\u0173 Bestglobalmeds.com internetin\u0117je parduotuv\u0117je su greitu pristatymu visame pasaulyje! U\u017esisak\u0119 geriausios Sextacy vonios druskos rasite!\" \/>\n<meta name=\"robots\" content=\"index, follow, max-snippet:-1, max-image-preview:large, max-video-preview:-1\" \/>\n<link rel=\"canonical\" href=\"https:\/\/medicinasinc.com\/lt\/product\/pirkti-sekstacy-vonios-druska\/\" \/>\n<meta property=\"og:locale\" content=\"en_US\" \/>\n<meta property=\"og:type\" content=\"article\" \/>\n<meta property=\"og:title\" content=\"Pirkite Sextacy vonios drusk\u0105 \u2013 Sextacy vonios drusk\u0105 \u2013 geriausius pasaulinius vaistus\" \/>\n<meta property=\"og:description\" content=\"Pirkite Sextacy vonios drusk\u0105 JK, Europoje m\u016bs\u0173 Bestglobalmeds.com internetin\u0117je parduotuv\u0117je su greitu pristatymu visame pasaulyje! U\u017esisak\u0119 geriausios Sextacy vonios druskos rasite!\" \/>\n<meta property=\"og:url\" content=\"https:\/\/medicinasinc.com\/lt\/product\/pirkti-sekstacy-vonios-druska\/\" \/>\n<meta property=\"og:site_name\" content=\"Medicinas Inc\" \/>\n<meta property=\"article:modified_time\" content=\"2022-03-20T12:11:43+00:00\" \/>\n<meta property=\"og:image\" content=\"https:\/\/medicinasinc.com\/lt\/wp-content\/uploads\/sites\/9\/2022\/02\/Buy-Sextacy-Bath-Salt.jpg\" \/>\n\t<meta property=\"og:image:width\" content=\"600\" \/>\n\t<meta property=\"og:image:height\" content=\"600\" \/>\n\t<meta property=\"og:image:type\" content=\"image\/jpeg\" \/>\n<meta name=\"twitter:card\" content=\"summary_large_image\" \/>\n<meta name=\"twitter:label1\" content=\"Est. reading time\" \/>\n\t<meta name=\"twitter:data1\" content=\"2 minutes\" \/>\n<script type=\"application\/ld+json\" class=\"yoast-schema-graph\">{\"@context\":\"https:\\\/\\\/schema.org\",\"@graph\":[{\"@type\":\"WebPage\",\"@id\":\"https:\\\/\\\/medicinasinc.com\\\/lt\\\/product\\\/pirkti-sekstacy-vonios-druska\\\/\",\"url\":\"https:\\\/\\\/medicinasinc.com\\\/lt\\\/product\\\/pirkti-sekstacy-vonios-druska\\\/\",\"name\":\"Pirkite Sextacy vonios drusk\u0105 \u2013 Sextacy vonios drusk\u0105 \u2013 geriausius pasaulinius vaistus\",\"isPartOf\":{\"@id\":\"https:\\\/\\\/medicinasinc.com\\\/lt\\\/#website\"},\"primaryImageOfPage\":{\"@id\":\"https:\\\/\\\/medicinasinc.com\\\/lt\\\/product\\\/pirkti-sekstacy-vonios-druska\\\/#primaryimage\"},\"image\":{\"@id\":\"https:\\\/\\\/medicinasinc.com\\\/lt\\\/product\\\/pirkti-sekstacy-vonios-druska\\\/#primaryimage\"},\"thumbnailUrl\":\"https:\\\/\\\/medicinasinc.com\\\/lt\\\/wp-content\\\/uploads\\\/sites\\\/9\\\/2022\\\/02\\\/Buy-Sextacy-Bath-Salt.jpg\",\"datePublished\":\"2022-02-22T03:11:29+00:00\",\"dateModified\":\"2022-03-20T12:11:43+00:00\",\"description\":\"Pirkite Sextacy vonios drusk\u0105 JK, Europoje m\u016bs\u0173 Bestglobalmeds.com internetin\u0117je parduotuv\u0117je su greitu pristatymu visame pasaulyje! U\u017esisak\u0119 geriausios Sextacy vonios druskos rasite!\",\"breadcrumb\":{\"@id\":\"https:\\\/\\\/medicinasinc.com\\\/lt\\\/product\\\/pirkti-sekstacy-vonios-druska\\\/#breadcrumb\"},\"inLanguage\":\"en-US\",\"potentialAction\":[{\"@type\":\"ReadAction\",\"target\":[\"https:\\\/\\\/medicinasinc.com\\\/lt\\\/product\\\/pirkti-sekstacy-vonios-druska\\\/\"]}]},{\"@type\":\"ImageObject\",\"inLanguage\":\"en-US\",\"@id\":\"https:\\\/\\\/medicinasinc.com\\\/lt\\\/product\\\/pirkti-sekstacy-vonios-druska\\\/#primaryimage\",\"url\":\"https:\\\/\\\/medicinasinc.com\\\/lt\\\/wp-content\\\/uploads\\\/sites\\\/9\\\/2022\\\/02\\\/Buy-Sextacy-Bath-Salt.jpg\",\"contentUrl\":\"https:\\\/\\\/medicinasinc.com\\\/lt\\\/wp-content\\\/uploads\\\/sites\\\/9\\\/2022\\\/02\\\/Buy-Sextacy-Bath-Salt.jpg\",\"width\":600,\"height\":600},{\"@type\":\"BreadcrumbList\",\"@id\":\"https:\\\/\\\/medicinasinc.com\\\/lt\\\/product\\\/pirkti-sekstacy-vonios-druska\\\/#breadcrumb\",\"itemListElement\":[{\"@type\":\"ListItem\",\"position\":1,\"name\":\"Parduotuv\u0117\",\"item\":\"https:\\\/\\\/medicinasinc.com\\\/lt\\\/parduotuve\\\/\"},{\"@type\":\"ListItem\",\"position\":2,\"name\":\"Pirkite Sextacy vonios drusk\u0105\"}]},{\"@type\":\"WebSite\",\"@id\":\"https:\\\/\\\/medicinasinc.com\\\/lt\\\/#website\",\"url\":\"https:\\\/\\\/medicinasinc.com\\\/lt\\\/\",\"name\":\"Medicinas Inc\",\"description\":\"Sveikatos medicinos klinika\",\"potentialAction\":[{\"@type\":\"SearchAction\",\"target\":{\"@type\":\"EntryPoint\",\"urlTemplate\":\"https:\\\/\\\/medicinasinc.com\\\/lt\\\/?s={search_term_string}\"},\"query-input\":{\"@type\":\"PropertyValueSpecification\",\"valueRequired\":true,\"valueName\":\"search_term_string\"}}],\"inLanguage\":\"en-US\"}]}<\/script>\n<!-- \/ Yoast SEO plugin. -->","yoast_head_json":{"title":"Pirkite Sextacy vonios drusk\u0105 \u2013 Sextacy vonios drusk\u0105 \u2013 geriausius pasaulinius vaistus","description":"Pirkite Sextacy vonios drusk\u0105 JK, Europoje m\u016bs\u0173 Bestglobalmeds.com internetin\u0117je parduotuv\u0117je su greitu pristatymu visame pasaulyje! U\u017esisak\u0119 geriausios Sextacy vonios druskos rasite!","robots":{"index":"index","follow":"follow","max-snippet":"max-snippet:-1","max-image-preview":"max-image-preview:large","max-video-preview":"max-video-preview:-1"},"canonical":"https:\/\/medicinasinc.com\/lt\/product\/pirkti-sekstacy-vonios-druska\/","og_locale":"en_US","og_type":"article","og_title":"Pirkite Sextacy vonios drusk\u0105 \u2013 Sextacy vonios drusk\u0105 \u2013 geriausius pasaulinius vaistus","og_description":"Pirkite Sextacy vonios drusk\u0105 JK, Europoje m\u016bs\u0173 Bestglobalmeds.com internetin\u0117je parduotuv\u0117je su greitu pristatymu visame pasaulyje! U\u017esisak\u0119 geriausios Sextacy vonios druskos rasite!","og_url":"https:\/\/medicinasinc.com\/lt\/product\/pirkti-sekstacy-vonios-druska\/","og_site_name":"Medicinas Inc","article_modified_time":"2022-03-20T12:11:43+00:00","og_image":[{"width":600,"height":600,"url":"https:\/\/medicinasinc.com\/lt\/wp-content\/uploads\/sites\/9\/2022\/02\/Buy-Sextacy-Bath-Salt.jpg","type":"image\/jpeg"}],"twitter_card":"summary_large_image","twitter_misc":{"Est. reading time":"2 minutes"},"schema":{"@context":"https:\/\/schema.org","@graph":[{"@type":"WebPage","@id":"https:\/\/medicinasinc.com\/lt\/product\/pirkti-sekstacy-vonios-druska\/","url":"https:\/\/medicinasinc.com\/lt\/product\/pirkti-sekstacy-vonios-druska\/","name":"Pirkite Sextacy vonios drusk\u0105 \u2013 Sextacy vonios drusk\u0105 \u2013 geriausius pasaulinius vaistus","isPartOf":{"@id":"https:\/\/medicinasinc.com\/lt\/#website"},"primaryImageOfPage":{"@id":"https:\/\/medicinasinc.com\/lt\/product\/pirkti-sekstacy-vonios-druska\/#primaryimage"},"image":{"@id":"https:\/\/medicinasinc.com\/lt\/product\/pirkti-sekstacy-vonios-druska\/#primaryimage"},"thumbnailUrl":"https:\/\/medicinasinc.com\/lt\/wp-content\/uploads\/sites\/9\/2022\/02\/Buy-Sextacy-Bath-Salt.jpg","datePublished":"2022-02-22T03:11:29+00:00","dateModified":"2022-03-20T12:11:43+00:00","description":"Pirkite Sextacy vonios drusk\u0105 JK, Europoje m\u016bs\u0173 Bestglobalmeds.com internetin\u0117je parduotuv\u0117je su greitu pristatymu visame pasaulyje! U\u017esisak\u0119 geriausios Sextacy vonios druskos rasite!","breadcrumb":{"@id":"https:\/\/medicinasinc.com\/lt\/product\/pirkti-sekstacy-vonios-druska\/#breadcrumb"},"inLanguage":"en-US","potentialAction":[{"@type":"ReadAction","target":["https:\/\/medicinasinc.com\/lt\/product\/pirkti-sekstacy-vonios-druska\/"]}]},{"@type":"ImageObject","inLanguage":"en-US","@id":"https:\/\/medicinasinc.com\/lt\/product\/pirkti-sekstacy-vonios-druska\/#primaryimage","url":"https:\/\/medicinasinc.com\/lt\/wp-content\/uploads\/sites\/9\/2022\/02\/Buy-Sextacy-Bath-Salt.jpg","contentUrl":"https:\/\/medicinasinc.com\/lt\/wp-content\/uploads\/sites\/9\/2022\/02\/Buy-Sextacy-Bath-Salt.jpg","width":600,"height":600},{"@type":"BreadcrumbList","@id":"https:\/\/medicinasinc.com\/lt\/product\/pirkti-sekstacy-vonios-druska\/#breadcrumb","itemListElement":[{"@type":"ListItem","position":1,"name":"Parduotuv\u0117","item":"https:\/\/medicinasinc.com\/lt\/parduotuve\/"},{"@type":"ListItem","position":2,"name":"Pirkite Sextacy vonios drusk\u0105"}]},{"@type":"WebSite","@id":"https:\/\/medicinasinc.com\/lt\/#website","url":"https:\/\/medicinasinc.com\/lt\/","name":"Medicinas Inc","description":"Sveikatos medicinos klinika","potentialAction":[{"@type":"SearchAction","target":{"@type":"EntryPoint","urlTemplate":"https:\/\/medicinasinc.com\/lt\/?s={search_term_string}"},"query-input":{"@type":"PropertyValueSpecification","valueRequired":true,"valueName":"search_term_string"}}],"inLanguage":"en-US"}]}},"_links":{"self":[{"href":"https:\/\/medicinasinc.com\/lt\/wp-json\/wp\/v2\/product\/5638","targetHints":{"allow":["GET"]}}],"collection":[{"href":"https:\/\/medicinasinc.com\/lt\/wp-json\/wp\/v2\/product"}],"about":[{"href":"https:\/\/medicinasinc.com\/lt\/wp-json\/wp\/v2\/types\/product"}],"replies":[{"embeddable":true,"href":"https:\/\/medicinasinc.com\/lt\/wp-json\/wp\/v2\/comments?post=5638"}],"wp:featuredmedia":[{"embeddable":true,"href":"https:\/\/medicinasinc.com\/lt\/wp-json\/wp\/v2\/media\/5650"}],"wp:attachment":[{"href":"https:\/\/medicinasinc.com\/lt\/wp-json\/wp\/v2\/media?parent=5638"}],"wp:term":[{"taxonomy":"product_brand","embeddable":true,"href":"https:\/\/medicinasinc.com\/lt\/wp-json\/wp\/v2\/product_brand?post=5638"},{"taxonomy":"product_cat","embeddable":true,"href":"https:\/\/medicinasinc.com\/lt\/wp-json\/wp\/v2\/product_cat?post=5638"},{"taxonomy":"product_tag","embeddable":true,"href":"https:\/\/medicinasinc.com\/lt\/wp-json\/wp\/v2\/product_tag?post=5638"}],"curies":[{"name":"wp","href":"https:\/\/api.w.org\/{rel}","templated":true}]}}